{"id":104246,"date":"2018-02-10T19:53:51","date_gmt":"2018-02-10T19:53:51","guid":{"rendered":"https:\/\/dutchhealthstore.com\/product\/happy-gum-drops-oil-swishing-serum\/"},"modified":"2026-03-30T16:17:23","modified_gmt":"2026-03-30T14:17:23","slug":"happy-gum-drops-oil-swishing-serum","status":"publish","type":"product","link":"https:\/\/dutchhealthstore.com\/fr\/product\/happy-gum-drops-oil-swishing-serum\/","title":{"rendered":"Happy Gum Drops + Oil Swishing Serum"},"content":{"rendered":"<p><img decoding=\"async\" class=\"size-full wp-image-69549 alignright\" src=\"https:\/\/dutchhealthstore.com\/wp-content\/uploads\/2019\/08\/NEW-Living-Libations-Logo.jpg\" alt=\"NEW - Living Libations - Logo\" width=\"175\" height=\"82\">L&rsquo;agitation avec de l&rsquo;huile est une ancienne pratique ayurv\u00e9dique utilis\u00e9e dans l&rsquo;Inde et l&rsquo;\u00c9gypte anciennes. L&rsquo;huile attire les impuret\u00e9s vers elle, r\u00e9tablissant ainsi l&rsquo;\u00e9quilibre de tout l&rsquo;environnement buccal. Lorsque l&rsquo;huile est lib\u00e9r\u00e9e, les toxines et les bact\u00e9ries responsables des odeurs s&rsquo;en vont avec elle!<\/p>\n<p>Notre Happy Gum Drops + Oil Swishing Serum est une combinaison puissante de plantes et de biotiques de longue date pour renforcer l&rsquo;\u00e9quilibre de votre bouche, y compris la cannelle stimulante, le clou de girofle soignant, l&rsquo;origan nettoyant, la menthe poivr\u00e9e purifiante, l&rsquo;huile de rose r\u00e9paratrice, l&rsquo;argousier apaisant, le thym tonifiant, le th\u00e9ier th\u00e9rapeutique et la CoQ10, tous sursatur\u00e9s en huile MCT de noix de coco nutraceutique.<\/p>\n<h3>Utiliser<\/h3>\n<p>L&rsquo;agitation est facile comme 1, 2, 3<\/p>\n<p>Proc\u00e9der aux \u00e9tapes d&rsquo;une autodentisterie r\u00e9ussie<br \/>\nAbreuvez vous les Happy Gum Drops + huile Swishing Serum pendant dix minutes, une fois par jour.<br \/>\nCracher<\/p>\n<h3 class=\"yikes-custom-woo-tab-title yikes-custom-woo-tab-title-natural-organic-ingredients\">Ingr\u00e9dients Naturels\/Biologiques<\/h3>\n<p><strong> huile coco <\/strong><em>(Cocos nicifera) &#8211; <\/em>La noix de coco biologique et non raffin\u00e9e contient natureldes triglyc\u00e9rides \u00e0 cha\u00eene moyenne (TCM) et des triglyc\u00e9rides \u00e0 cha\u00eene longue (TCL). Les TCM, dont l&rsquo;acide capro\u00efque, l&rsquo;acide caprylique et l&rsquo;acide caprique, pr\u00e9sentent des avantages incroyables pour la bouche, le corps et le cerveau. L&rsquo;huile MCT est puissante et efficace. Contrairement \u00e0 l&rsquo;huile de noix de coco enti\u00e8re, l&rsquo;huile MCT reste liquide \u00e0 temp\u00e9rature ambiante.<\/p>\n<p><strong>Seabuckthorn Berry<\/strong><em> (Hippophae rhamnoides<\/em> ) &#8211; L&rsquo;argousier est un apaisant s\u00e9rieux pour toutes les sensibilit\u00e9s buccales et les penchants pour les gencives tendres! Cet extrait supercritique riche et vital contient des niveaux parfaits d&rsquo;acides gras essentiels, notamment les om\u00e9gas 3, 6, 7 et 9. Avec plus de 190 compos\u00e9s bioactifs, l&rsquo;huile de baies d&rsquo;argousier infuse la bouche de vitamines b\u00e9n\u00e9fiques, de provitamines, de phytost\u00e9rols, de carot\u00e9no\u00efdes et d&rsquo;acides palmitol\u00e9iques ultra-rare.<\/p>\n<p><strong>Rose Otto<\/strong><em> (Rosa damascene)<\/em> &#8211; La pr\u00e9cieuse rose otto est un agent tonifiant efficace pour toute la cavit\u00e9 buccale. Il faut plus de 60 roses pour cr\u00e9er une seule goutte d&rsquo;huile de rose otto!<\/p>\n<p><strong>Menthe poivr\u00e9e<\/strong> <em>(Mentha piperita)<\/em> &#8211; L&rsquo;huile de menthe poivr\u00e9e pure est puissamment purifiante pour les dents, la langue, l&rsquo;haleine et les gencives. L&rsquo;ar\u00f4me synth\u00e9tique de menthe poivr\u00e9e du menthol n&rsquo;offre aucun avantage m\u00e9dicinal, c&rsquo;est pourquoi nous optons toujours pour de l&rsquo;huile de menthe poivr\u00e9e pure, fra\u00eechement distill\u00e9e, captur\u00e9e et soign\u00e9e par une famille de distillateurs fran\u00e7ais de quatri\u00e8me g\u00e9n\u00e9ration.<\/p>\n<p><strong>Thym linalool<\/strong><em> (Thymus officinalis linalool)<\/em> &#8211; Le thym linalool est un formidable agent tonifiant pour toute la bouche, avec une affinit\u00e9 douce pour les gencives. Il est m\u00e9dicalement b\u00e9n\u00e9fique comme le thym ordinaire, mais plus doux pour les tissus d\u00e9licats des gencives.<\/p>\n<p><strong> huilearbre \u00e0 th\u00e9<\/strong> <em>(Malaleuca alternifolia)<\/em> &#8211; L&rsquo;arbre \u00e0 th\u00e9 traditionnel regorge naturelde magnifiques auxiliaires buccaux. Les puissants compos\u00e9s v\u00e9g\u00e9taux de cin\u00e9ole et de propanol nettoient la bouche, \u00e9quilibrent les bact\u00e9ries et att\u00e9nuent l&rsquo;inflammation. L&rsquo;arbre \u00e0 th\u00e9 est r\u00e9put\u00e9 r\u00e9duire la plaque dentaire et la gingivite, et son r\u00f4le dans les soins de sant\u00e9 bucco-dentaire a \u00e9t\u00e9 largement \u00e9tudi\u00e9 par l&rsquo;Australian Dental Journal.<\/p>\n<p><strong>Cannelle<\/strong><em> (Cinnamomum verum)<\/em> &#8211; L&rsquo;huile d&rsquo;\u00e9corce de cannelle pure est chaleureusement antiseptique et antibact\u00e9rienne. Obtenue \u00e0 partir de l&rsquo;\u00e9corce d&rsquo;un arbre poussant dans les r\u00e9gions sauvages de Madagascar, cette huile nettoyante est purement puissante et transforme l&rsquo;essorage en une exp\u00e9rience stimulante!<\/p>\n<p><strong>Bourgeon de girofle<\/strong> <em>(Eugenia carophyllata)<\/em> &#8211; L&rsquo;huile de bourgeon de girofle est extraite des beaux bourgeons du giroflier et constitue une offrande de fleurs utilis\u00e9e pour adoucir l&rsquo;haleine depuis des milliers d&rsquo;ann\u00e9es. Le bourgeon de girofle a un indice ORAC extr\u00eamement \u00e9lev\u00e9, qui mesure sa capacit\u00e9 antioxydante. Les pouvoirs de purification orale du bourgeon de girofle sont attribu\u00e9s \u00e0 ses niveaux \u00e9lev\u00e9s de sesquiterp\u00e8nes, d&rsquo;esters et d&rsquo;eug\u00e9nol.<\/p>\n<p>Le <strong>coenzyme Q10<\/strong><em> (CoQ10)<\/em> est un antioxydant liposoluble dont la structure chimique est similaire \u00e0 celle de la vitamine K. Il apporte de la vitalit\u00e9 \u00e0 toutes les cellules de l&rsquo;organisme, et une carence a \u00e9t\u00e9 associ\u00e9e aux maladies parodontales.<\/p>\n<p><strong>Origan<\/strong> <em>(Origanum vulgare)<\/em> &#8211; Cet herculean-heal-all est originaire des rudes montagnes m\u00e9diterran\u00e9ennes. L&rsquo;huile d&rsquo;origan sauvage regorge de compos\u00e9s ph\u00e9noliques comme le carvacrol et le thymol. C&rsquo;est un antibiotique puissant qui maintient l&rsquo;\u00e9quilibre microbien et d\u00e9truit les bact\u00e9ries \u00e0 l&rsquo;origine de la plaque dentaire et des maladies des gencives.<\/p>\n<p><img fetchpriority=\"high\" decoding=\"async\" class=\"size-medium wp-image-68103 aligncenter\" src=\"https:\/\/dutchhealthstore.com\/wp-content\/uploads\/2018\/02\/Living-Libations-Organic-Logo-800x89.png\" alt=\"Living Libations - Organic Logo\" width=\"800\" height=\"89\" srcset=\"https:\/\/dutchhealthstore.com\/wp-content\/uploads\/2018\/02\/Living-Libations-Organic-Logo-800x89.png 800w, https:\/\/dutchhealthstore.com\/wp-content\/uploads\/2018\/02\/Living-Libations-Organic-Logo-510x57.png 510w, https:\/\/dutchhealthstore.com\/wp-content\/uploads\/2018\/02\/Living-Libations-Organic-Logo-768x85.png 768w, https:\/\/dutchhealthstore.com\/wp-content\/uploads\/2018\/02\/Living-Libations-Organic-Logo.png 1400w\" sizes=\"(max-width: 800px) 100vw, 800px\" \/><\/p>\n<p>&nbsp;<\/p>\n","protected":false},"excerpt":{"rendered":"<p>Emmenez votre sourire au spa avec Living Libations<strong> Happy Gum Drops + huile Swishing Serum <\/strong>et oignez votre \u00e9cologie orale avec une guirlande de plantes pures. Une alternative naturel au bain de bouche, chaque ingr\u00e9dient est s\u00e9lectionn\u00e9 pour \u00e9quilibrer, nettoyer, rafra\u00eechir et revigorer la bouche.<\/p>\n<p>L&rsquo;extraction d&rsquo;huile, \u00e9galement connue sous le nom d&rsquo;essorage, fait fureur, mais cette pratique ancienne \u00e9tait utilis\u00e9e par tous les sages ayurv\u00e9diques. Depuis des temps imm\u00e9moriaux, l&rsquo;huile est utilis\u00e9e pour obtenir des dents et des gencives saines sans brosse \u00e0 dents ni dentifrice! Il suffit d&rsquo;agiter une gicl\u00e9e de ces gouttes pr\u00eates \u00e0 l&#8217;emploi pendant dix minutes pour obtenir un nettoyage en profondeur et un r\u00e9gime de soins bucco-dentaires extra purifiant. Ce s\u00e9rum onctueux regorge de biotiques botaniques pr\u00eats \u00e0 renforcer et \u00e0 \u00e9quilibrer votre bouche.<\/p>\n","protected":false},"featured_media":119939,"comment_status":"open","ping_status":"closed","template":"","meta":[],"product_brand":[],"product_cat":[1037,2185,1211,1209,1030,3949,1010],"product_tag":[6034,6032],"class_list":{"0":"post-104246","1":"product","2":"type-product","3":"status-publish","4":"has-post-thumbnail","6":"product_cat-hygiene-dentaire","7":"product_cat-hygiene-dentaire-fr","8":"product_cat-living-libations-france","9":"product_cat-par-marques","10":"product_cat-par-produits","11":"product_cat-serums-dentaires","12":"product_cat-notre-boutique","13":"product_tag-oil-fr","14":"product_tag-serum-fr","15":"pa_bestsellers-goed-fr","16":"pa_brand-livinglibations-fr","17":"pa_dental-care-product-type-tooth-serum-fr","18":"pa_dental-care-product-type-gum-care-fr","19":"pa_size-50-ml-fr","20":"pa_size-100-ml-fr","22":"first","23":"instock","24":"taxable","25":"shipping-taxable","26":"purchasable","27":"product-type-variable"},"bundled_by":[],"bundle_stock_status":"instock","bundle_stock_quantity":null,"bundle_virtual":false,"bundle_layout":"","bundle_add_to_cart_form_location":"","bundle_editable_in_cart":false,"bundle_sold_individually_context":"","bundle_item_grouping":"","bundle_min_size":"","bundle_max_size":"","bundle_price":[],"bundled_items":[],"bundle_sell_ids":[],"atum_controlled":true,"out_stock_date":null,"out_stock_threshold":null,"inheritable":true,"stock_on_hold":1,"sold_today":0,"sales_last_days":3,"out_stock_days":0,"lost_sales":0,"update_date":"2026-04-09T07:23:38","atum_locations":[],"atum_stock_status":"instock","restock_status":false,"low_stock_amount":"","sales_update_date":"2026-04-09T07:23:38","calc_backorders":null,"group_of_quantity":0,"min_quantity":0,"max_quantity":"","exclude_order_quantity_value_rules":"no","exclude_category_quantity_rules":"no","combine_variations":"no","yoast_head":"<!-- This site is optimized with the Yoast SEO Premium plugin v26.5 (Yoast SEO v26.5) - https:\/\/yoast.com\/wordpress\/plugins\/seo\/ -->\n<title>Happy Gum Drops + Oil Swishing Serum - Living Libations<\/title>\n<meta name=\"description\" content=\"Emmenez votre sourire au spa avec Happy Gum Drops + Oil Swishing Serum et oignez votre \u00e9cologie buccale avec une guirlande de plantes pures.\" \/>\n<meta name=\"robots\" content=\"index, follow, max-snippet:-1, max-image-preview:large, max-video-preview:-1\" \/>\n<link rel=\"canonical\" href=\"https:\/\/dutchhealthstore.com\/fr\/product\/happy-gum-drops-oil-swishing-serum\/\" \/>\n<meta property=\"og:locale\" content=\"fr_FR\" \/>\n<meta property=\"og:type\" content=\"article\" \/>\n<meta property=\"og:title\" content=\"Happy Gum Drops + Oil Swishing Serum - Dutch Health Store\" \/>\n<meta property=\"og:description\" content=\"Emmenez votre sourire au spa avec Happy Gum Drops + Oil Swishing Serum et oignez votre \u00e9cologie buccale avec une guirlande de plantes pures.\" \/>\n<meta property=\"og:url\" content=\"https:\/\/dutchhealthstore.com\/fr\/product\/happy-gum-drops-oil-swishing-serum\/\" \/>\n<meta property=\"og:site_name\" content=\"Dutch Health Store\" \/>\n<meta property=\"article:publisher\" content=\"https:\/\/www.instagram.com\/dutchhealthstore\/\" \/>\n<meta property=\"article:modified_time\" content=\"2026-03-30T14:17:23+00:00\" \/>\n<meta property=\"og:image\" content=\"https:\/\/dutchhealthstore.com\/wp-content\/uploads\/2018\/02\/Happy-Gum-Drops-Oil-Swishing-Serum-Living-Libations-e1597911314856.png\" \/>\n\t<meta property=\"og:image:width\" content=\"500\" \/>\n\t<meta property=\"og:image:height\" content=\"500\" \/>\n\t<meta property=\"og:image:type\" content=\"image\/jpeg\" \/>\n<meta name=\"twitter:card\" content=\"summary_large_image\" \/>\n<meta name=\"twitter:label1\" content=\"Disponibilit\u00e9\" \/>\n\t<meta name=\"twitter:data1\" content=\"En stock\" \/>\n<script type=\"application\/ld+json\" class=\"yoast-schema-graph\">{\"@context\":\"https:\/\/schema.org\",\"@graph\":[{\"@type\":\"WebPage\",\"@id\":\"https:\/\/dutchhealthstore.com\/fr\/product\/happy-gum-drops-oil-swishing-serum\/\",\"url\":\"https:\/\/dutchhealthstore.com\/fr\/product\/happy-gum-drops-oil-swishing-serum\/\",\"name\":\"Happy Gum Drops + Oil Swishing Serum - Living Libations\",\"isPartOf\":{\"@id\":\"https:\/\/dutchhealthstore.com\/fr\/#website\"},\"primaryImageOfPage\":{\"@id\":\"https:\/\/dutchhealthstore.com\/fr\/product\/happy-gum-drops-oil-swishing-serum\/#primaryimage\"},\"image\":{\"@id\":\"https:\/\/dutchhealthstore.com\/fr\/product\/happy-gum-drops-oil-swishing-serum\/#primaryimage\"},\"thumbnailUrl\":\"https:\/\/dutchhealthstore.com\/wp-content\/uploads\/2018\/02\/Happy-Gum-Drops-Oil-Swishing-Serum-Living-Libations-e1597911314856.png\",\"datePublished\":\"2018-02-10T19:53:51+00:00\",\"dateModified\":\"2026-03-30T14:17:23+00:00\",\"description\":\"Emmenez votre sourire au spa avec Happy Gum Drops + Oil Swishing Serum et oignez votre \u00e9cologie buccale avec une guirlande de plantes pures.\",\"breadcrumb\":{\"@id\":\"https:\/\/dutchhealthstore.com\/fr\/product\/happy-gum-drops-oil-swishing-serum\/#breadcrumb\"},\"inLanguage\":\"fr-FR\",\"potentialAction\":[{\"@type\":\"ReadAction\",\"target\":[\"https:\/\/dutchhealthstore.com\/fr\/product\/happy-gum-drops-oil-swishing-serum\/\"]}]},{\"@type\":\"ImageObject\",\"inLanguage\":\"fr-FR\",\"@id\":\"https:\/\/dutchhealthstore.com\/fr\/product\/happy-gum-drops-oil-swishing-serum\/#primaryimage\",\"url\":\"https:\/\/dutchhealthstore.com\/wp-content\/uploads\/2018\/02\/Happy-Gum-Drops-Oil-Swishing-Serum-Living-Libations-e1597911314856.png\",\"contentUrl\":\"https:\/\/dutchhealthstore.com\/wp-content\/uploads\/2018\/02\/Happy-Gum-Drops-Oil-Swishing-Serum-Living-Libations-e1597911314856.png\",\"width\":500,\"height\":500,\"caption\":\"Happy Gum Drops + Oil Swishing Serum Living Libations\"},{\"@type\":\"BreadcrumbList\",\"@id\":\"https:\/\/dutchhealthstore.com\/fr\/product\/happy-gum-drops-oil-swishing-serum\/#breadcrumb\",\"itemListElement\":[{\"@type\":\"ListItem\",\"position\":1,\"name\":\"Home\",\"item\":\"https:\/\/dutchhealthstore.com\/fr\/\"},{\"@type\":\"ListItem\",\"position\":2,\"name\":\"Shop\",\"item\":\"https:\/\/dutchhealthstore.com\/fr\/shop\/\"},{\"@type\":\"ListItem\",\"position\":3,\"name\":\"Happy Gum Drops + Oil Swishing Serum\"}]},{\"@type\":\"WebSite\",\"@id\":\"https:\/\/dutchhealthstore.com\/fr\/#website\",\"url\":\"https:\/\/dutchhealthstore.com\/fr\/\",\"name\":\"Dutch Health Store\",\"description\":\"Enhance Your Beauty with Organic &amp; Natural Skincare\",\"publisher\":{\"@id\":\"https:\/\/dutchhealthstore.com\/fr\/#organization\"},\"potentialAction\":[{\"@type\":\"SearchAction\",\"target\":{\"@type\":\"EntryPoint\",\"urlTemplate\":\"https:\/\/dutchhealthstore.com\/fr\/?s={search_term_string}\"},\"query-input\":{\"@type\":\"PropertyValueSpecification\",\"valueRequired\":true,\"valueName\":\"search_term_string\"}}],\"inLanguage\":\"fr-FR\"},{\"@type\":\"Organization\",\"@id\":\"https:\/\/dutchhealthstore.com\/fr\/#organization\",\"name\":\"Dutch Health Store\",\"url\":\"https:\/\/dutchhealthstore.com\/fr\/\",\"logo\":{\"@type\":\"ImageObject\",\"inLanguage\":\"fr-FR\",\"@id\":\"https:\/\/dutchhealthstore.com\/fr\/#\/schema\/logo\/image\/\",\"url\":\"https:\/\/dutchhealthstore.com\/wp-content\/uploads\/2020\/08\/logo-dutchhealthstore-jpg-e1599484957574.jpg\",\"contentUrl\":\"https:\/\/dutchhealthstore.com\/wp-content\/uploads\/2020\/08\/logo-dutchhealthstore-jpg-e1599484957574.jpg\",\"width\":400,\"height\":62,\"caption\":\"Dutch Health Store\"},\"image\":{\"@id\":\"https:\/\/dutchhealthstore.com\/fr\/#\/schema\/logo\/image\/\"},\"sameAs\":[\"https:\/\/www.instagram.com\/dutchhealthstore\/\",\"https:\/\/www.facebook.com\/dutchhealthstore\"]}]}<\/script>\n<meta property=\"product:brand\" content=\"Living Libations\" \/>\n<meta property=\"og:availability\" content=\"instock\" \/>\n<meta property=\"product:availability\" content=\"instock\" \/>\n<meta property=\"product:condition\" content=\"new\" \/>\n<!-- \/ Yoast SEO Premium plugin. -->","yoast_head_json":{"title":"Happy Gum Drops + Oil Swishing Serum - Living Libations","description":"Emmenez votre sourire au spa avec Happy Gum Drops + Oil Swishing Serum et oignez votre \u00e9cologie buccale avec une guirlande de plantes pures.","robots":{"index":"index","follow":"follow","max-snippet":"max-snippet:-1","max-image-preview":"max-image-preview:large","max-video-preview":"max-video-preview:-1"},"canonical":"https:\/\/dutchhealthstore.com\/fr\/product\/happy-gum-drops-oil-swishing-serum\/","og_locale":"fr_FR","og_type":"article","og_title":"Happy Gum Drops + Oil Swishing Serum - Dutch Health Store","og_description":"Emmenez votre sourire au spa avec Happy Gum Drops + Oil Swishing Serum et oignez votre \u00e9cologie buccale avec une guirlande de plantes pures.","og_url":"https:\/\/dutchhealthstore.com\/fr\/product\/happy-gum-drops-oil-swishing-serum\/","og_site_name":"Dutch Health Store","article_publisher":"https:\/\/www.instagram.com\/dutchhealthstore\/","article_modified_time":"2026-03-30T14:17:23+00:00","og_image":[{"width":500,"height":500,"url":"https:\/\/dutchhealthstore.com\/wp-content\/uploads\/2018\/02\/Happy-Gum-Drops-Oil-Swishing-Serum-Living-Libations-e1597911314856.png","type":"image\/jpeg"}],"twitter_card":"summary_large_image","twitter_misc":{"Disponibilit\u00e9":"En stock"},"schema":{"@context":"https:\/\/schema.org","@graph":[{"@type":"WebPage","@id":"https:\/\/dutchhealthstore.com\/fr\/product\/happy-gum-drops-oil-swishing-serum\/","url":"https:\/\/dutchhealthstore.com\/fr\/product\/happy-gum-drops-oil-swishing-serum\/","name":"Happy Gum Drops + Oil Swishing Serum - Living Libations","isPartOf":{"@id":"https:\/\/dutchhealthstore.com\/fr\/#website"},"primaryImageOfPage":{"@id":"https:\/\/dutchhealthstore.com\/fr\/product\/happy-gum-drops-oil-swishing-serum\/#primaryimage"},"image":{"@id":"https:\/\/dutchhealthstore.com\/fr\/product\/happy-gum-drops-oil-swishing-serum\/#primaryimage"},"thumbnailUrl":"https:\/\/dutchhealthstore.com\/wp-content\/uploads\/2018\/02\/Happy-Gum-Drops-Oil-Swishing-Serum-Living-Libations-e1597911314856.png","datePublished":"2018-02-10T19:53:51+00:00","dateModified":"2026-03-30T14:17:23+00:00","description":"Emmenez votre sourire au spa avec Happy Gum Drops + Oil Swishing Serum et oignez votre \u00e9cologie buccale avec une guirlande de plantes pures.","breadcrumb":{"@id":"https:\/\/dutchhealthstore.com\/fr\/product\/happy-gum-drops-oil-swishing-serum\/#breadcrumb"},"inLanguage":"fr-FR","potentialAction":[{"@type":"ReadAction","target":["https:\/\/dutchhealthstore.com\/fr\/product\/happy-gum-drops-oil-swishing-serum\/"]}]},{"@type":"ImageObject","inLanguage":"fr-FR","@id":"https:\/\/dutchhealthstore.com\/fr\/product\/happy-gum-drops-oil-swishing-serum\/#primaryimage","url":"https:\/\/dutchhealthstore.com\/wp-content\/uploads\/2018\/02\/Happy-Gum-Drops-Oil-Swishing-Serum-Living-Libations-e1597911314856.png","contentUrl":"https:\/\/dutchhealthstore.com\/wp-content\/uploads\/2018\/02\/Happy-Gum-Drops-Oil-Swishing-Serum-Living-Libations-e1597911314856.png","width":500,"height":500,"caption":"Happy Gum Drops + Oil Swishing Serum Living Libations"},{"@type":"BreadcrumbList","@id":"https:\/\/dutchhealthstore.com\/fr\/product\/happy-gum-drops-oil-swishing-serum\/#breadcrumb","itemListElement":[{"@type":"ListItem","position":1,"name":"Home","item":"https:\/\/dutchhealthstore.com\/fr\/"},{"@type":"ListItem","position":2,"name":"Shop","item":"https:\/\/dutchhealthstore.com\/fr\/shop\/"},{"@type":"ListItem","position":3,"name":"Happy Gum Drops + Oil Swishing Serum"}]},{"@type":"WebSite","@id":"https:\/\/dutchhealthstore.com\/fr\/#website","url":"https:\/\/dutchhealthstore.com\/fr\/","name":"Dutch Health Store","description":"Enhance Your Beauty with Organic &amp; Natural Skincare","publisher":{"@id":"https:\/\/dutchhealthstore.com\/fr\/#organization"},"potentialAction":[{"@type":"SearchAction","target":{"@type":"EntryPoint","urlTemplate":"https:\/\/dutchhealthstore.com\/fr\/?s={search_term_string}"},"query-input":{"@type":"PropertyValueSpecification","valueRequired":true,"valueName":"search_term_string"}}],"inLanguage":"fr-FR"},{"@type":"Organization","@id":"https:\/\/dutchhealthstore.com\/fr\/#organization","name":"Dutch Health Store","url":"https:\/\/dutchhealthstore.com\/fr\/","logo":{"@type":"ImageObject","inLanguage":"fr-FR","@id":"https:\/\/dutchhealthstore.com\/fr\/#\/schema\/logo\/image\/","url":"https:\/\/dutchhealthstore.com\/wp-content\/uploads\/2020\/08\/logo-dutchhealthstore-jpg-e1599484957574.jpg","contentUrl":"https:\/\/dutchhealthstore.com\/wp-content\/uploads\/2020\/08\/logo-dutchhealthstore-jpg-e1599484957574.jpg","width":400,"height":62,"caption":"Dutch Health Store"},"image":{"@id":"https:\/\/dutchhealthstore.com\/fr\/#\/schema\/logo\/image\/"},"sameAs":["https:\/\/www.instagram.com\/dutchhealthstore\/","https:\/\/www.facebook.com\/dutchhealthstore"]}]},"product_brand":"Living Libations","og_availability":"instock","product_availability":"instock","product_condition":"new"},"_links":{"self":[{"href":"https:\/\/dutchhealthstore.com\/fr\/wp-json\/wp\/v2\/product\/104246","targetHints":{"allow":["GET"]}}],"collection":[{"href":"https:\/\/dutchhealthstore.com\/fr\/wp-json\/wp\/v2\/product"}],"about":[{"href":"https:\/\/dutchhealthstore.com\/fr\/wp-json\/wp\/v2\/types\/product"}],"replies":[{"embeddable":true,"href":"https:\/\/dutchhealthstore.com\/fr\/wp-json\/wp\/v2\/comments?post=104246"}],"wp:featuredmedia":[{"embeddable":true,"href":"https:\/\/dutchhealthstore.com\/fr\/wp-json\/wp\/v2\/media\/119939"}],"wp:attachment":[{"href":"https:\/\/dutchhealthstore.com\/fr\/wp-json\/wp\/v2\/media?parent=104246"}],"wp:term":[{"taxonomy":"product_brand","embeddable":true,"href":"https:\/\/dutchhealthstore.com\/fr\/wp-json\/wp\/v2\/product_brand?post=104246"},{"taxonomy":"product_cat","embeddable":true,"href":"https:\/\/dutchhealthstore.com\/fr\/wp-json\/wp\/v2\/product_cat?post=104246"},{"taxonomy":"product_tag","embeddable":true,"href":"https:\/\/dutchhealthstore.com\/fr\/wp-json\/wp\/v2\/product_tag?post=104246"}],"curies":[{"name":"wp","href":"https:\/\/api.w.org\/{rel}","templated":true}]}}