{"id":104221,"date":"2020-02-02T10:17:46","date_gmt":"2020-02-02T10:17:46","guid":{"rendered":"https:\/\/dutchhealthstore.com\/product\/mint-myrrh-oil-swishing-serum\/"},"modified":"2025-12-16T12:09:43","modified_gmt":"2025-12-16T11:09:43","slug":"mint-myrrh-oil-swishing-serum","status":"publish","type":"product","link":"https:\/\/dutchhealthstore.com\/fr\/product\/mint-myrrh-oil-swishing-serum\/","title":{"rendered":"Mint + Myrrh Oil Swishing Serum"},"content":{"rendered":"<p><strong><img decoding=\"async\" class=\"alignright size-full wp-image-37041\" src=\"https:\/\/dutchhealthstore.com\/wp-content\/uploads\/2018\/04\/Living_Libations-1.png\" alt=\"Organic &amp; Natural Beautyproducts - Living Libations\" width=\"175\" height=\"82\"><\/strong><\/p>\n<p><strong>Mint + Myrrh Oil Swishing Serum<\/strong> oint votre bouche d&rsquo;essences efficaces pour \u00e9liminer les toxines, rafra\u00eechir la cavit\u00e9 buccale et combattre les bact\u00e9ries responsables de la mauvaise haleine.<\/p>\n<p>L&rsquo;agitation avec de l&rsquo;huile est une ancienne pratique ayurv\u00e9dique utilis\u00e9e dans l&rsquo;Inde et l&rsquo;\u00c9gypte anciennes. Ce nettoyage en profondeur consiste \u00e0 faire tourner l&rsquo;huile botanique dans la bouche pendant dix minutes. L&rsquo;huile attire les impuret\u00e9s vers elle, r\u00e9tablissant ainsi l&rsquo;\u00e9quilibre de tout l&rsquo;environnement buccal. Lorsque l&rsquo;huile est lib\u00e9r\u00e9e, les toxines et les bact\u00e9ries responsables des odeurs s&rsquo;en vont avec elle!<\/p>\n<h3>Utiliser<\/h3>\n<p>L&rsquo;agitation est facile comme 1, 2, 3<\/p>\n<p>Proc\u00e9der aux \u00e9tapes d&rsquo;une autodentisterie r\u00e9ussie<br \/>\nPassez le <strong>Mint + Myrrh Oil Swishing Serum <\/strong>pendant dix minutes, une fois par jour.<br \/>\nCracher<\/p>\n<h3 class=\"yikes-custom-woo-tab-title yikes-custom-woo-tab-title-natural-organic-ingredients\">Ingr\u00e9dients Naturels\/Biologiques<\/h3>\n<p><strong> huile MCT de noix de coco<\/strong><em>(Cocos nucifeira)<\/em> &#8211; La noix de coco biologique et non raffin\u00e9e contient natureldes triglyc\u00e9rides \u00e0 cha\u00eene moyenne (MCT) et des triglyc\u00e9rides \u00e0 cha\u00eene longue (LCT). Les TCM, dont l&rsquo;acide capro\u00efque, l&rsquo;acide caprylique et l&rsquo;acide caprique, pr\u00e9sentent des avantages incroyables pour la bouche, le corps et le cerveau. L&rsquo;huile MCT est puissante et efficace. Contrairement \u00e0 l&rsquo;huile de noix de coco enti\u00e8re, l&rsquo;huile MCT reste liquide \u00e0 temp\u00e9rature ambiante.<\/p>\n<p><strong> huile Francinsence <\/strong><em>(Boswellia Carterii)<\/em> &#8211; Une perle liquide d&rsquo;huile d&rsquo;onction sainte provenant de l&rsquo;arbre de vie, notre encens provient du Somaliland o\u00f9 l&rsquo;on cultive des gommiers de la plus haute qualit\u00e9. Cette essence pr\u00e9cieuse est utilis\u00e9e pour favoriser des dents propres et une haleine fra\u00eeche depuis des milliers d&rsquo;ann\u00e9es dans les r\u00e9gions du Moyen-Orient. Il est courant pour les Arabes de m\u00e2cher la r\u00e9sine dans leur bouche. Ils connaissent sa capacit\u00e9 \u00e0 \u00e9liminer les bact\u00e9ries responsables de la mauvaise haleine et \u00e0 contribuer \u00e0 l&rsquo;\u00e9limination de la plaque dentaire.<\/p>\n<p><strong> huile myrrhe<\/strong> <em>(Commiphora Myrrha<\/em>) &#8211; La myrrhe est l&rsquo;une des plantes les plus anciennes du monde. Il a \u00e9t\u00e9 mentionn\u00e9 dans des textes \u00e9gyptiens, dont le papyrus Ebers, qui documente plus de huit cents formules. Les \u00c9gyptiens utilisaient de grandes quantit\u00e9s de myrrhe dans les rituels, les rem\u00e8des, les cosm\u00e9tiques et les embaumements. Selon l&rsquo;histoire orale, la myrrhe \u00e9tait utilis\u00e9e comme une essence apaisante et calmante pour la bouche.<\/p>\n<p><strong> huile menthe poivr\u00e9e <\/strong><em>(Mentha Piperita)<\/em> &#8211; Le go\u00fbt frais de la menthe poivr\u00e9e vous procure une haleine fra\u00eeche et durable. Notre menthe poivr\u00e9e est une v\u00e9ritable distillation des feuilles fra\u00eeches et provient d&rsquo;une famille de distillateurs de quatri\u00e8me g\u00e9n\u00e9ration en France. La menthe poivr\u00e9e dans le dentifrice commercial est menthol artificiel et offre seulement la saveur. La vraie menthe poivr\u00e9e est un ami potentiel et agr\u00e9able pour les soins de la bouche. Il inhibe \u00e9galement les bact\u00e9ries qui causent la mauvaise haleine.<\/p>\n<p><strong> huile thym doux <\/strong><em>(Thymus Officinalis Linalool)<\/em> &#8211; Le thym Linalool est \u00e9galement un puissant biotique botanique qui bannit les bact\u00e9ries responsables de la mauvaise haleine.<\/p>\n<p><strong> huile origan <\/strong><em>(Origanum Vulgare)<\/em> &#8211; Notre huile d&rsquo;origan sauvage est cultiv\u00e9e dans les montagnes qui bordent la M\u00e9diterran\u00e9e. Il contient deux compos\u00e9s ph\u00e9nols qui contribuent \u00e0 sa propri\u00e9t\u00e9 unique: le carvacrol \u00e0 des concentrations sup\u00e9rieures \u00e0 65% et le thymol \u00e0 une concentration de 3,4%. Il est consid\u00e9r\u00e9 comme une huile chaude et un excellent botanique biotique qui a rafra\u00eechi le souffle pendant des si\u00e8cles.<\/p>\n<p><strong>Co-enzyme Q10 <\/strong><em>(CoQ10)<\/em> &#8211; Il s&rsquo;agit d&rsquo;un antioxydant liposoluble dont la structure chimique est similaire \u00e0 celle de la vitamine K.<\/p>\n<p><strong> huile arbre \u00e0 th\u00e9<\/strong> (<em>Malaleuca Alternifolia<\/em>) &#8211; L&rsquo;arbre \u00e0 th\u00e9 traditionnel est une herbac\u00e9e hercul\u00e9enne \u00e0 tout faire. Il est naturellement emball\u00e9 avec des auxiliaires de bouche magnifiques. Des compos\u00e9s v\u00e9g\u00e9taux puissants de cin\u00e9ole et de propanol agissent pour rafra\u00eechir la bouche, emp\u00eacher la formation de tartre et bannir les bact\u00e9ries responsables de la mauvaise haleine. Distill\u00e9e \u00e0 la vapeur en Australie, l&rsquo;huile de Tea Tree \u00e9voque un ar\u00f4me tr\u00e8s propre.<\/p>\n<p><img fetchpriority=\"high\" decoding=\"async\" class=\"size-medium wp-image-68103 aligncenter\" src=\"https:\/\/dutchhealthstore.com\/wp-content\/uploads\/2018\/02\/Living-Libations-Organic-Logo-800x89.png\" alt=\"Living Libations - Organic Logo\" width=\"800\" height=\"89\" srcset=\"https:\/\/dutchhealthstore.com\/wp-content\/uploads\/2018\/02\/Living-Libations-Organic-Logo-800x89.png 800w, https:\/\/dutchhealthstore.com\/wp-content\/uploads\/2018\/02\/Living-Libations-Organic-Logo-510x57.png 510w, https:\/\/dutchhealthstore.com\/wp-content\/uploads\/2018\/02\/Living-Libations-Organic-Logo-768x85.png 768w, https:\/\/dutchhealthstore.com\/wp-content\/uploads\/2018\/02\/Living-Libations-Organic-Logo.png 1400w\" sizes=\"(max-width: 800px) 100vw, 800px\" \/><\/p>\n","protected":false},"excerpt":{"rendered":"<p><strong>Mint<\/strong> <strong>+<\/strong> <strong>Myrrh<\/strong> <strong>Oil Swishing Serum<\/strong> est un m\u00e9lange magistral de produits botaniques et biotiques de longue date, notamment de l&rsquo;encens fortifiant, de la myrrhe majestueuse, de l&rsquo;origan puissant, du thym tonifiant, du linalol, du thym tonifiant, de l&rsquo;arbre \u00e0 th\u00e9 th\u00e9rapeutique et du CoQ10, tous sursatur\u00e9s en huile de noix de coco MCT nutraceutique.<\/p>\n<p>L&rsquo;extraction d&rsquo;huile ou l&rsquo;essorage est une mode actuelle en mati\u00e8re de sant\u00e9, mais elle fait partie des routines de soins bucco-dentaires depuis les premiers jours des pratiques ayurv\u00e9diques et \u00e9gyptiennes de soins personnels. <strong>Mint<\/strong> <strong>+<\/strong> <strong>Myrrh<\/strong> <strong>Oil Swishing Serum<\/strong> regorge de substances biotiques botaniques parfaitement puissantes et v\u00e9ritablement douces pour maintenir l&rsquo;\u00e9quilibre de la bouche.<\/p>\n","protected":false},"featured_media":120026,"comment_status":"open","ping_status":"closed","template":"","meta":[],"product_brand":[],"product_cat":[2185,1037,1211,1209,1030,3949,1010],"product_tag":[4456,21805,21811,6034,21812],"class_list":{"0":"post-104221","1":"product","2":"type-product","3":"status-publish","4":"has-post-thumbnail","6":"product_cat-hygiene-dentaire-fr","7":"product_cat-hygiene-dentaire","8":"product_cat-living-libations-france","9":"product_cat-par-marques","10":"product_cat-par-produits","11":"product_cat-serums-dentaires","12":"product_cat-notre-boutique","13":"product_tag-dental-care-fr","14":"product_tag-gommes","15":"product_tag-natural-fr","16":"product_tag-oil-fr","17":"product_tag-rafraichissant","18":"pa_brand-livinglibations-fr","19":"pa_dental-care-product-type-tooth-serum-fr","20":"pa_gtin-7439657274299-fr-2","21":"pa_size-100-ml-fr","22":"pa_size-50-ml-fr","24":"first","25":"instock","26":"taxable","27":"shipping-taxable","28":"purchasable","29":"product-type-variable"},"bundled_by":[],"bundle_stock_status":"instock","bundle_stock_quantity":null,"bundle_virtual":false,"bundle_layout":"","bundle_add_to_cart_form_location":"","bundle_editable_in_cart":false,"bundle_sold_individually_context":"","bundle_item_grouping":"","bundle_min_size":"","bundle_max_size":"","bundle_price":[],"bundled_items":[],"bundle_sell_ids":[103713],"atum_controlled":true,"out_stock_date":null,"out_stock_threshold":null,"inheritable":true,"stock_on_hold":1,"sold_today":0,"sales_last_days":0,"out_stock_days":0,"lost_sales":0,"update_date":"2026-04-27T23:05:54","atum_locations":[],"atum_stock_status":"instock","restock_status":false,"low_stock_amount":"","sales_update_date":"2026-04-17T00:06:11","calc_backorders":null,"group_of_quantity":0,"min_quantity":0,"max_quantity":"","exclude_order_quantity_value_rules":"no","exclude_category_quantity_rules":"no","combine_variations":"no","yoast_head":"<!-- This site is optimized with the Yoast SEO Premium plugin v26.5 (Yoast SEO v26.5) - https:\/\/yoast.com\/wordpress\/plugins\/seo\/ -->\n<title>Mint + Myrrh Oil Swishing Serum | Living Libations<\/title>\n<meta name=\"description\" content=\"Mint + Myrrh Oil Swishing Serum regorge de substances biotiques botaniques parfaitement puissantes et v\u00e9ritablement douces.\" \/>\n<meta name=\"robots\" content=\"index, follow, max-snippet:-1, max-image-preview:large, max-video-preview:-1\" \/>\n<link rel=\"canonical\" href=\"https:\/\/dutchhealthstore.com\/fr\/product\/mint-myrrh-oil-swishing-serum\/\" \/>\n<meta property=\"og:locale\" content=\"fr_FR\" \/>\n<meta property=\"og:type\" content=\"article\" \/>\n<meta property=\"og:title\" content=\"Mint + Myrrh Oil Swishing Serum - Dutch Health Store\" \/>\n<meta property=\"og:description\" content=\"Mint + Myrrh Oil Swishing Serum regorge de substances biotiques botaniques parfaitement puissantes et v\u00e9ritablement douces.\" \/>\n<meta property=\"og:url\" content=\"https:\/\/dutchhealthstore.com\/fr\/product\/mint-myrrh-oil-swishing-serum\/\" \/>\n<meta property=\"og:site_name\" content=\"Dutch Health Store\" \/>\n<meta property=\"article:publisher\" content=\"https:\/\/www.instagram.com\/dutchhealthstore\/\" \/>\n<meta property=\"article:modified_time\" content=\"2025-12-16T11:09:43+00:00\" \/>\n<meta property=\"og:image\" content=\"https:\/\/dutchhealthstore.com\/wp-content\/uploads\/2020\/02\/Mint-Myrrh-Oil-Swishing-Serum-Living-Libations-e1597919171798.png\" \/>\n\t<meta property=\"og:image:width\" content=\"500\" \/>\n\t<meta property=\"og:image:height\" content=\"500\" \/>\n\t<meta property=\"og:image:type\" content=\"image\/jpeg\" \/>\n<meta name=\"twitter:card\" content=\"summary_large_image\" \/>\n<meta name=\"twitter:label1\" content=\"Disponibilit\u00e9\" \/>\n\t<meta name=\"twitter:data1\" content=\"En stock\" \/>\n<script type=\"application\/ld+json\" class=\"yoast-schema-graph\">{\"@context\":\"https:\/\/schema.org\",\"@graph\":[{\"@type\":\"WebPage\",\"@id\":\"https:\/\/dutchhealthstore.com\/fr\/product\/mint-myrrh-oil-swishing-serum\/\",\"url\":\"https:\/\/dutchhealthstore.com\/fr\/product\/mint-myrrh-oil-swishing-serum\/\",\"name\":\"Mint + Myrrh Oil Swishing Serum | Living Libations\",\"isPartOf\":{\"@id\":\"https:\/\/dutchhealthstore.com\/fr\/#website\"},\"primaryImageOfPage\":{\"@id\":\"https:\/\/dutchhealthstore.com\/fr\/product\/mint-myrrh-oil-swishing-serum\/#primaryimage\"},\"image\":{\"@id\":\"https:\/\/dutchhealthstore.com\/fr\/product\/mint-myrrh-oil-swishing-serum\/#primaryimage\"},\"thumbnailUrl\":\"https:\/\/dutchhealthstore.com\/wp-content\/uploads\/2020\/02\/Mint-Myrrh-Oil-Swishing-Serum-Living-Libations-e1597919171798.png\",\"datePublished\":\"2020-02-02T10:17:46+00:00\",\"dateModified\":\"2025-12-16T11:09:43+00:00\",\"description\":\"Mint + Myrrh Oil Swishing Serum regorge de substances biotiques botaniques parfaitement puissantes et v\u00e9ritablement douces.\",\"breadcrumb\":{\"@id\":\"https:\/\/dutchhealthstore.com\/fr\/product\/mint-myrrh-oil-swishing-serum\/#breadcrumb\"},\"inLanguage\":\"fr-FR\",\"potentialAction\":[{\"@type\":\"ReadAction\",\"target\":[\"https:\/\/dutchhealthstore.com\/fr\/product\/mint-myrrh-oil-swishing-serum\/\"]}]},{\"@type\":\"ImageObject\",\"inLanguage\":\"fr-FR\",\"@id\":\"https:\/\/dutchhealthstore.com\/fr\/product\/mint-myrrh-oil-swishing-serum\/#primaryimage\",\"url\":\"https:\/\/dutchhealthstore.com\/wp-content\/uploads\/2020\/02\/Mint-Myrrh-Oil-Swishing-Serum-Living-Libations-e1597919171798.png\",\"contentUrl\":\"https:\/\/dutchhealthstore.com\/wp-content\/uploads\/2020\/02\/Mint-Myrrh-Oil-Swishing-Serum-Living-Libations-e1597919171798.png\",\"width\":500,\"height\":500,\"caption\":\"Mint + Myrrh Oil Swishing Serum Living Libations\"},{\"@type\":\"BreadcrumbList\",\"@id\":\"https:\/\/dutchhealthstore.com\/fr\/product\/mint-myrrh-oil-swishing-serum\/#breadcrumb\",\"itemListElement\":[{\"@type\":\"ListItem\",\"position\":1,\"name\":\"Home\",\"item\":\"https:\/\/dutchhealthstore.com\/fr\/\"},{\"@type\":\"ListItem\",\"position\":2,\"name\":\"Shop\",\"item\":\"https:\/\/dutchhealthstore.com\/fr\/shop\/\"},{\"@type\":\"ListItem\",\"position\":3,\"name\":\"Mint + Myrrh Oil Swishing Serum\"}]},{\"@type\":\"WebSite\",\"@id\":\"https:\/\/dutchhealthstore.com\/fr\/#website\",\"url\":\"https:\/\/dutchhealthstore.com\/fr\/\",\"name\":\"Dutch Health Store\",\"description\":\"Enhance Your Beauty with Organic &amp; Natural Skincare\",\"publisher\":{\"@id\":\"https:\/\/dutchhealthstore.com\/fr\/#organization\"},\"potentialAction\":[{\"@type\":\"SearchAction\",\"target\":{\"@type\":\"EntryPoint\",\"urlTemplate\":\"https:\/\/dutchhealthstore.com\/fr\/?s={search_term_string}\"},\"query-input\":{\"@type\":\"PropertyValueSpecification\",\"valueRequired\":true,\"valueName\":\"search_term_string\"}}],\"inLanguage\":\"fr-FR\"},{\"@type\":\"Organization\",\"@id\":\"https:\/\/dutchhealthstore.com\/fr\/#organization\",\"name\":\"Dutch Health Store\",\"url\":\"https:\/\/dutchhealthstore.com\/fr\/\",\"logo\":{\"@type\":\"ImageObject\",\"inLanguage\":\"fr-FR\",\"@id\":\"https:\/\/dutchhealthstore.com\/fr\/#\/schema\/logo\/image\/\",\"url\":\"https:\/\/dutchhealthstore.com\/wp-content\/uploads\/2020\/08\/logo-dutchhealthstore-jpg-e1599484957574.jpg\",\"contentUrl\":\"https:\/\/dutchhealthstore.com\/wp-content\/uploads\/2020\/08\/logo-dutchhealthstore-jpg-e1599484957574.jpg\",\"width\":400,\"height\":62,\"caption\":\"Dutch Health Store\"},\"image\":{\"@id\":\"https:\/\/dutchhealthstore.com\/fr\/#\/schema\/logo\/image\/\"},\"sameAs\":[\"https:\/\/www.instagram.com\/dutchhealthstore\/\",\"https:\/\/www.facebook.com\/dutchhealthstore\"]}]}<\/script>\n<meta property=\"product:brand\" content=\"Living Libations\" \/>\n<meta property=\"og:availability\" content=\"instock\" \/>\n<meta property=\"product:availability\" content=\"instock\" \/>\n<meta property=\"product:condition\" content=\"new\" \/>\n<!-- \/ Yoast SEO Premium plugin. -->","yoast_head_json":{"title":"Mint + Myrrh Oil Swishing Serum | Living Libations","description":"Mint + Myrrh Oil Swishing Serum regorge de substances biotiques botaniques parfaitement puissantes et v\u00e9ritablement douces.","robots":{"index":"index","follow":"follow","max-snippet":"max-snippet:-1","max-image-preview":"max-image-preview:large","max-video-preview":"max-video-preview:-1"},"canonical":"https:\/\/dutchhealthstore.com\/fr\/product\/mint-myrrh-oil-swishing-serum\/","og_locale":"fr_FR","og_type":"article","og_title":"Mint + Myrrh Oil Swishing Serum - Dutch Health Store","og_description":"Mint + Myrrh Oil Swishing Serum regorge de substances biotiques botaniques parfaitement puissantes et v\u00e9ritablement douces.","og_url":"https:\/\/dutchhealthstore.com\/fr\/product\/mint-myrrh-oil-swishing-serum\/","og_site_name":"Dutch Health Store","article_publisher":"https:\/\/www.instagram.com\/dutchhealthstore\/","article_modified_time":"2025-12-16T11:09:43+00:00","og_image":[{"width":500,"height":500,"url":"https:\/\/dutchhealthstore.com\/wp-content\/uploads\/2020\/02\/Mint-Myrrh-Oil-Swishing-Serum-Living-Libations-e1597919171798.png","type":"image\/jpeg"}],"twitter_card":"summary_large_image","twitter_misc":{"Disponibilit\u00e9":"En stock"},"schema":{"@context":"https:\/\/schema.org","@graph":[{"@type":"WebPage","@id":"https:\/\/dutchhealthstore.com\/fr\/product\/mint-myrrh-oil-swishing-serum\/","url":"https:\/\/dutchhealthstore.com\/fr\/product\/mint-myrrh-oil-swishing-serum\/","name":"Mint + Myrrh Oil Swishing Serum | Living Libations","isPartOf":{"@id":"https:\/\/dutchhealthstore.com\/fr\/#website"},"primaryImageOfPage":{"@id":"https:\/\/dutchhealthstore.com\/fr\/product\/mint-myrrh-oil-swishing-serum\/#primaryimage"},"image":{"@id":"https:\/\/dutchhealthstore.com\/fr\/product\/mint-myrrh-oil-swishing-serum\/#primaryimage"},"thumbnailUrl":"https:\/\/dutchhealthstore.com\/wp-content\/uploads\/2020\/02\/Mint-Myrrh-Oil-Swishing-Serum-Living-Libations-e1597919171798.png","datePublished":"2020-02-02T10:17:46+00:00","dateModified":"2025-12-16T11:09:43+00:00","description":"Mint + Myrrh Oil Swishing Serum regorge de substances biotiques botaniques parfaitement puissantes et v\u00e9ritablement douces.","breadcrumb":{"@id":"https:\/\/dutchhealthstore.com\/fr\/product\/mint-myrrh-oil-swishing-serum\/#breadcrumb"},"inLanguage":"fr-FR","potentialAction":[{"@type":"ReadAction","target":["https:\/\/dutchhealthstore.com\/fr\/product\/mint-myrrh-oil-swishing-serum\/"]}]},{"@type":"ImageObject","inLanguage":"fr-FR","@id":"https:\/\/dutchhealthstore.com\/fr\/product\/mint-myrrh-oil-swishing-serum\/#primaryimage","url":"https:\/\/dutchhealthstore.com\/wp-content\/uploads\/2020\/02\/Mint-Myrrh-Oil-Swishing-Serum-Living-Libations-e1597919171798.png","contentUrl":"https:\/\/dutchhealthstore.com\/wp-content\/uploads\/2020\/02\/Mint-Myrrh-Oil-Swishing-Serum-Living-Libations-e1597919171798.png","width":500,"height":500,"caption":"Mint + Myrrh Oil Swishing Serum Living Libations"},{"@type":"BreadcrumbList","@id":"https:\/\/dutchhealthstore.com\/fr\/product\/mint-myrrh-oil-swishing-serum\/#breadcrumb","itemListElement":[{"@type":"ListItem","position":1,"name":"Home","item":"https:\/\/dutchhealthstore.com\/fr\/"},{"@type":"ListItem","position":2,"name":"Shop","item":"https:\/\/dutchhealthstore.com\/fr\/shop\/"},{"@type":"ListItem","position":3,"name":"Mint + Myrrh Oil Swishing Serum"}]},{"@type":"WebSite","@id":"https:\/\/dutchhealthstore.com\/fr\/#website","url":"https:\/\/dutchhealthstore.com\/fr\/","name":"Dutch Health Store","description":"Enhance Your Beauty with Organic &amp; Natural Skincare","publisher":{"@id":"https:\/\/dutchhealthstore.com\/fr\/#organization"},"potentialAction":[{"@type":"SearchAction","target":{"@type":"EntryPoint","urlTemplate":"https:\/\/dutchhealthstore.com\/fr\/?s={search_term_string}"},"query-input":{"@type":"PropertyValueSpecification","valueRequired":true,"valueName":"search_term_string"}}],"inLanguage":"fr-FR"},{"@type":"Organization","@id":"https:\/\/dutchhealthstore.com\/fr\/#organization","name":"Dutch Health Store","url":"https:\/\/dutchhealthstore.com\/fr\/","logo":{"@type":"ImageObject","inLanguage":"fr-FR","@id":"https:\/\/dutchhealthstore.com\/fr\/#\/schema\/logo\/image\/","url":"https:\/\/dutchhealthstore.com\/wp-content\/uploads\/2020\/08\/logo-dutchhealthstore-jpg-e1599484957574.jpg","contentUrl":"https:\/\/dutchhealthstore.com\/wp-content\/uploads\/2020\/08\/logo-dutchhealthstore-jpg-e1599484957574.jpg","width":400,"height":62,"caption":"Dutch Health Store"},"image":{"@id":"https:\/\/dutchhealthstore.com\/fr\/#\/schema\/logo\/image\/"},"sameAs":["https:\/\/www.instagram.com\/dutchhealthstore\/","https:\/\/www.facebook.com\/dutchhealthstore"]}]},"product_brand":"Living Libations","og_availability":"instock","product_availability":"instock","product_condition":"new"},"_links":{"self":[{"href":"https:\/\/dutchhealthstore.com\/fr\/wp-json\/wp\/v2\/product\/104221","targetHints":{"allow":["GET"]}}],"collection":[{"href":"https:\/\/dutchhealthstore.com\/fr\/wp-json\/wp\/v2\/product"}],"about":[{"href":"https:\/\/dutchhealthstore.com\/fr\/wp-json\/wp\/v2\/types\/product"}],"replies":[{"embeddable":true,"href":"https:\/\/dutchhealthstore.com\/fr\/wp-json\/wp\/v2\/comments?post=104221"}],"wp:featuredmedia":[{"embeddable":true,"href":"https:\/\/dutchhealthstore.com\/fr\/wp-json\/wp\/v2\/media\/120026"}],"wp:attachment":[{"href":"https:\/\/dutchhealthstore.com\/fr\/wp-json\/wp\/v2\/media?parent=104221"}],"wp:term":[{"taxonomy":"product_brand","embeddable":true,"href":"https:\/\/dutchhealthstore.com\/fr\/wp-json\/wp\/v2\/product_brand?post=104221"},{"taxonomy":"product_cat","embeddable":true,"href":"https:\/\/dutchhealthstore.com\/fr\/wp-json\/wp\/v2\/product_cat?post=104221"},{"taxonomy":"product_tag","embeddable":true,"href":"https:\/\/dutchhealthstore.com\/fr\/wp-json\/wp\/v2\/product_tag?post=104221"}],"curies":[{"name":"wp","href":"https:\/\/api.w.org\/{rel}","templated":true}]}}