{"id":103937,"date":"2020-01-27T11:01:09","date_gmt":"2020-01-27T11:01:09","guid":{"rendered":"https:\/\/dutchhealthstore.com\/product\/wintergreen-clean-activated-charcoal-toothpaste\/"},"modified":"2026-03-20T16:54:37","modified_gmt":"2026-03-20T15:54:37","slug":"dentifrice-au-charbon-de-bois-active-au-vert-dhiver","status":"publish","type":"product","link":"https:\/\/dutchhealthstore.com\/fr\/product\/dentifrice-au-charbon-de-bois-active-au-vert-dhiver\/","title":{"rendered":"Wintergreen Clean &#8211; Activated Charcoal Toothpaste"},"content":{"rendered":"<p><img decoding=\"async\" class=\"alignright size-full wp-image-37041\" src=\"https:\/\/dutchhealthstore.com\/wp-content\/uploads\/2018\/04\/Living_Libations-1.png\" alt=\"Organic &amp; Natural Beautyproducts - Living Libations\" width=\"175\" height=\"82\">Libations vivantes <b><strong>Wintergreen <\/strong><\/b><b><strong>Clean<\/strong><\/b><b><strong>&#8211; <\/strong><\/b><b><strong>Activated<\/strong><\/b><b><strong>Charcoal<\/strong><\/b><b><strong>Toothpaste<\/strong><\/b>polit vos dents avec la puret\u00e9, rafra\u00eechit votre haleine avec la propret\u00e9 de la gaulth\u00e9rie, et r\u00e9v\u00e8le l&rsquo;\u00e9clat de vos blancs nacr\u00e9s avec le noir du charbon actif.<\/p>\n<p>Comment une p\u00e2te noire peut-elle r\u00e9v\u00e9ler des dents blanches et brillantes? Il agit comme un aimant, se liant \u00e0 la plaque dentaire, aux taches de surface et aux toxines buccales. Un rin\u00e7age rapide fait appara\u00eetre des dents \u00e9clatantes et un sourire brillant.<\/p>\n<h3>Utiliser<\/h3>\n<p>Utilisez comme vous le feriez avec du dentifrice. Appliquez une petite perle sur une brosse \u00e0 dents s\u00e8che et brossez. Combinez avec <strong>Happy Gum Drops<\/strong>, <strong>Yogi Tooth Serum<\/strong> ou <strong>Mint + Myrrh Serum<\/strong> pour un coup de pouce. Suivez les 8 \u00e9tapes d&rsquo;une <strong>auto-dentisterie r\u00e9ussie<\/strong>.<\/p>\n<h3 class=\"yikes-custom-woo-tab-title yikes-custom-woo-tab-title-natural-organic-ingredients\">Ingr\u00e9dients Naturels\/Biologiques<\/h3>\n<p><strong>Charbon actif &#8211; <\/strong>Ce charbon nettoyant agit comme un aimant pour \u00e9liminer les toxines de la bouche et les taches superficielles des dents. Cette poudre noire d\u00e9niche vos blancs nacr\u00e9s en purifiant les agents pathog\u00e8nes et en effa\u00e7ant les taches de surface.<\/p>\n<p><strong>Bicarbonate de sodium<\/strong><em>(bicarbonate de soude<\/em>) &#8211; Les dents se d\u00e9veloppent lorsqu&rsquo;elles baignent dans une mer de salive douce, et le bicarbonate de soude tamponne et neutralise les acides alimentaires. En plus d&rsquo;\u00eatre un produit de nettoyage efficace, le bicarbonate de soude est doux. Il est nettement moins abrasif que les agents nettoyants \u00e0 base de craie et de silice utilis\u00e9s dans les dentifricecommerciaux, et l&rsquo;alcalinit\u00e9 naturel du bicarbonate de soude neutralise l&rsquo;acidit\u00e9 des bact\u00e9ries.<\/p>\n<p><strong> huile noix de coco vierge<\/strong><em>(Cocos nucifera<\/em>) &#8211; Cette huile diversifi\u00e9e est une huile de support soignante et un coconspirateur biotique botanique qui \u00e9quilibre l&rsquo;\u00e9cologie orale. Cette huile optimale apaise les tissus buccaux et \u00e9limine en douceur les bact\u00e9ries \u00e0 l&rsquo;origine de la mauvaise haleine.<\/p>\n<p><strong> huile olive saponifi\u00e9e <\/strong><em>(Olea europaea<\/em>) &#8211; Notre huile d&rsquo;olive biologique saponifi\u00e9e capture toutes les propri\u00e9t\u00e9s nourrissantes et hydratantes de l&rsquo;huile d&rsquo;olive tout en am\u00e9liorant la capacit\u00e9 de l&rsquo;huile \u00e0 \u00e9liminer la plaque dentaire. La saponification est une r\u00e9action chimique qui se produit lorsque l&rsquo;huile est trait\u00e9e avec une solution fortement alcaline.<\/p>\n<p><strong> huile p\u00e9tales de rose<\/strong><em>(Rosa centifolia<\/em>) &#8211; Les p\u00e9tales de rose ravissantes sont r\u00e9colt\u00e9es dans les champs de rose otto biologiques de notre distillateur dans la Vall\u00e9e des Roses en Bulgarie et press\u00e9es en une poudre rose de p\u00e9tales. Cette poudre fantastiquement parfum\u00e9e et tonifiante donne un pouvoir floral nourrissant \u00e0 notre dentifrice.<\/p>\n<p><strong>Rosemary huile <\/strong><em>(Rosmarinus officinalis<\/em>) &#8211; Rousing Rosemary est un tonique herbac\u00e9 revivre-vivre-vivre avec un ar\u00f4me rafra\u00eechissant et p\u00e9n\u00e9trant. Pensez au romarin comme \u00e0 l&rsquo;ami courageux qui stimule la l\u00e9thargie pour la sortir de sa stagnation. L&rsquo;extrait supercritique de romarin est une distillation surpuissante, hautement concentr\u00e9e et remplie de compos\u00e9s bioactifs, dont l&rsquo;acide carnosique, le camphre et le rosmaridiph\u00e9nol. Il sert de conservateur naturel tout en offrant tous les avantages du romarin pour un environnement buccal optimal.<\/p>\n<p><strong>Wintergreen huile<\/strong><em>(Gaultheria fragrantissima<\/em>) &#8211; La merveilleuse essence de Wintergreen \u00e9veille les sens avec une explosion de menthe rafra\u00eechissante et de fra\u00eecheur des sommets enneig\u00e9s. Distill\u00e9e \u00e0 la vapeur d&rsquo;eau \u00e0 partir des baies et des feuilles rouge vif de la gaulth\u00e9rie sauvage, qui prosp\u00e8re m\u00eame dans les temp\u00e9ratures les plus froides, cette huile est porteuse d&rsquo;une essence de long\u00e9vit\u00e9 et de force d&rsquo;\u00e2me.<\/p>\n<p><strong> huile menthe verte <\/strong><em>(Mentha spicata<\/em>) &#8211; Sprightly La menthe verte est la cousine plus douce et plus discr\u00e8te de la menthe poivr\u00e9e. La menthe verte fra\u00eeche et parfum\u00e9e apaise les sens avec des murmures de magnificence menthol\u00e9e! Les Grecs anciens choisissaient la menthe verte pour parfumer l&rsquo;eau de leur bain, tandis que les populations m\u00e9di\u00e9vales utilisaient cette herbe pour rafra\u00eechir leur haleine et nettoyer leurs dents. Comme sa cousine, la menthe verte inhibe \u00e9galement les bact\u00e9ries \u00e0 l&rsquo;origine de la mauvaise haleine.<\/p>\n<p style=\"text-align: left;\"><strong>Voir notre clip YouTube sur ce produit:<\/strong><\/p>\n<p><iframe title=\"Natural Oral Care Teeth Brushing Tips\" width=\"1020\" height=\"574\" src=\"https:\/\/www.youtube.com\/embed\/UQSs88ESuzA?feature=oembed\" frameborder=\"0\" allow=\"accelerometer; autoplay; encrypted-media; gyroscope; picture-in-picture\" allowfullscreen><\/iframe><\/p>\n<p><img fetchpriority=\"high\" decoding=\"async\" class=\"size-medium wp-image-68099 aligncenter\" src=\"https:\/\/dutchhealthstore.com\/wp-content\/uploads\/2018\/02\/Logo-Living-Libations-New-2019-800x88.png\" alt=\"Logo Living Libations New 2019\" width=\"800\" height=\"88\" srcset=\"https:\/\/dutchhealthstore.com\/wp-content\/uploads\/2018\/02\/Logo-Living-Libations-New-2019-800x88.png 800w, https:\/\/dutchhealthstore.com\/wp-content\/uploads\/2018\/02\/Logo-Living-Libations-New-2019-510x56.png 510w, https:\/\/dutchhealthstore.com\/wp-content\/uploads\/2018\/02\/Logo-Living-Libations-New-2019-768x85.png 768w, https:\/\/dutchhealthstore.com\/wp-content\/uploads\/2018\/02\/Logo-Living-Libations-New-2019.png 905w\" sizes=\"(max-width: 800px) 100vw, 800px\" \/><\/p>\n","protected":false},"excerpt":{"rendered":"<p>Libations vivantes <b><strong>Wintergreen <\/strong><\/b><b><strong>Clean<\/strong><\/b><b><strong>&#8211; <\/strong><\/b><b><strong>Activated<\/strong><\/b><b><strong>Charcoal<\/strong><\/b><b><strong>Toothpaste<\/strong><\/b>polit vos dents avec la puret\u00e9, rafra\u00eechit votre haleine avec la propret\u00e9 de la gaulth\u00e9rie, et r\u00e9v\u00e8le l&rsquo;\u00e9clat de vos blancs nacr\u00e9s avec le noir du charbon actif.<\/p>\n<p>Comment une p\u00e2te noire peut-elle r\u00e9v\u00e9ler des dents blanches et brillantes? Il agit comme un aimant, se liant \u00e0 la plaque dentaire, aux taches de surface et aux toxines buccales. Un rin\u00e7age rapide fait appara\u00eetre des dents polies et un sourire \u00e9clatant.<\/p>\n","protected":false},"featured_media":278098,"comment_status":"open","ping_status":"closed","template":"","meta":[],"product_brand":[],"product_cat":[2186,2185,1037,1211,1209,1030,1010],"product_tag":[4456,21642],"class_list":{"0":"post-103937","1":"product","2":"type-product","3":"status-publish","4":"has-post-thumbnail","6":"product_cat-dentifrices","7":"product_cat-hygiene-dentaire-fr","8":"product_cat-hygiene-dentaire","9":"product_cat-living-libations-france","10":"product_cat-par-marques","11":"product_cat-par-produits","12":"product_cat-notre-boutique","13":"product_tag-dental-care-fr","14":"product_tag-toothpaste-fr","15":"pa_brand-livinglibations-fr","16":"pa_dental-care-product-type-toothpaste-fr","17":"pa_gtin-7439657274237-fr-2","18":"pa_size-15-ml-fr","19":"pa_size-25-ml-fr","20":"pa_size-30-ml-fr","22":"first","23":"instock","24":"taxable","25":"shipping-taxable","26":"purchasable","27":"product-type-variable"},"bundled_by":[],"bundle_stock_status":"instock","bundle_stock_quantity":null,"bundle_virtual":false,"bundle_layout":"","bundle_add_to_cart_form_location":"","bundle_editable_in_cart":false,"bundle_sold_individually_context":"","bundle_item_grouping":"","bundle_min_size":"","bundle_max_size":"","bundle_price":[],"bundled_items":[],"bundle_sell_ids":[239215],"atum_controlled":true,"out_stock_date":null,"out_stock_threshold":null,"inheritable":true,"stock_on_hold":8,"sold_today":1,"sales_last_days":1,"out_stock_days":0,"lost_sales":0,"update_date":"2026-04-10T19:18:39","atum_locations":[],"atum_stock_status":"instock","restock_status":false,"low_stock_amount":"","sales_update_date":"2026-04-01T12:52:59","calc_backorders":null,"group_of_quantity":0,"min_quantity":0,"max_quantity":"","exclude_order_quantity_value_rules":"no","exclude_category_quantity_rules":"no","combine_variations":"no","yoast_head":"<!-- This site is optimized with the Yoast SEO Premium plugin v26.5 (Yoast SEO v26.5) - https:\/\/yoast.com\/wordpress\/plugins\/seo\/ -->\n<title>Wintergreen Clean - Activated Charcoal Toothpaste | Living Libations<\/title>\n<meta name=\"description\" content=\"Wintergreen Clean - Activated Charcoal Toothpaste polit vos dents avec puret\u00e9 et rafra\u00eechit votre haleine avec la propret\u00e9 du wintergreen.\" \/>\n<meta name=\"robots\" content=\"index, follow, max-snippet:-1, max-image-preview:large, max-video-preview:-1\" \/>\n<link rel=\"canonical\" href=\"https:\/\/dutchhealthstore.com\/fr\/product\/dentifrice-au-charbon-de-bois-active-au-vert-dhiver\/\" \/>\n<meta property=\"og:locale\" content=\"fr_FR\" \/>\n<meta property=\"og:type\" content=\"article\" \/>\n<meta property=\"og:title\" content=\"Wintergreen Clean - Activated Charcoal Toothpaste - Dutch Health Store\" \/>\n<meta property=\"og:description\" content=\"Wintergreen Clean - Activated Charcoal Toothpaste polit vos dents avec puret\u00e9 et rafra\u00eechit votre haleine avec la propret\u00e9 du wintergreen.\" \/>\n<meta property=\"og:url\" content=\"https:\/\/dutchhealthstore.com\/fr\/product\/dentifrice-au-charbon-de-bois-active-au-vert-dhiver\/\" \/>\n<meta property=\"og:site_name\" content=\"Dutch Health Store\" \/>\n<meta property=\"article:publisher\" content=\"https:\/\/www.instagram.com\/dutchhealthstore\/\" \/>\n<meta property=\"article:modified_time\" content=\"2026-03-20T15:54:37+00:00\" \/>\n<meta property=\"og:image\" content=\"https:\/\/dutchhealthstore.com\/wp-content\/uploads\/2020\/01\/living-libations-wintergreen-clean-30ml-500.jpg\" \/>\n\t<meta property=\"og:image:width\" content=\"500\" \/>\n\t<meta property=\"og:image:height\" content=\"500\" \/>\n\t<meta property=\"og:image:type\" content=\"image\/jpeg\" \/>\n<meta name=\"twitter:card\" content=\"summary_large_image\" \/>\n<meta name=\"twitter:label1\" content=\"Disponibilit\u00e9\" \/>\n\t<meta name=\"twitter:data1\" content=\"En stock\" \/>\n<script type=\"application\/ld+json\" class=\"yoast-schema-graph\">{\"@context\":\"https:\/\/schema.org\",\"@graph\":[{\"@type\":\"WebPage\",\"@id\":\"https:\/\/dutchhealthstore.com\/fr\/product\/dentifrice-au-charbon-de-bois-active-au-vert-dhiver\/\",\"url\":\"https:\/\/dutchhealthstore.com\/fr\/product\/dentifrice-au-charbon-de-bois-active-au-vert-dhiver\/\",\"name\":\"Wintergreen Clean - Activated Charcoal Toothpaste | Living Libations\",\"isPartOf\":{\"@id\":\"https:\/\/dutchhealthstore.com\/fr\/#website\"},\"primaryImageOfPage\":{\"@id\":\"https:\/\/dutchhealthstore.com\/fr\/product\/dentifrice-au-charbon-de-bois-active-au-vert-dhiver\/#primaryimage\"},\"image\":{\"@id\":\"https:\/\/dutchhealthstore.com\/fr\/product\/dentifrice-au-charbon-de-bois-active-au-vert-dhiver\/#primaryimage\"},\"thumbnailUrl\":\"https:\/\/dutchhealthstore.com\/wp-content\/uploads\/2020\/01\/living-libations-wintergreen-clean-30ml-500.jpg\",\"datePublished\":\"2020-01-27T11:01:09+00:00\",\"dateModified\":\"2026-03-20T15:54:37+00:00\",\"description\":\"Wintergreen Clean - Activated Charcoal Toothpaste polit vos dents avec puret\u00e9 et rafra\u00eechit votre haleine avec la propret\u00e9 du wintergreen.\",\"breadcrumb\":{\"@id\":\"https:\/\/dutchhealthstore.com\/fr\/product\/dentifrice-au-charbon-de-bois-active-au-vert-dhiver\/#breadcrumb\"},\"inLanguage\":\"fr-FR\",\"potentialAction\":[{\"@type\":\"ReadAction\",\"target\":[\"https:\/\/dutchhealthstore.com\/fr\/product\/dentifrice-au-charbon-de-bois-active-au-vert-dhiver\/\"]}]},{\"@type\":\"ImageObject\",\"inLanguage\":\"fr-FR\",\"@id\":\"https:\/\/dutchhealthstore.com\/fr\/product\/dentifrice-au-charbon-de-bois-active-au-vert-dhiver\/#primaryimage\",\"url\":\"https:\/\/dutchhealthstore.com\/wp-content\/uploads\/2020\/01\/living-libations-wintergreen-clean-30ml-500.jpg\",\"contentUrl\":\"https:\/\/dutchhealthstore.com\/wp-content\/uploads\/2020\/01\/living-libations-wintergreen-clean-30ml-500.jpg\",\"width\":500,\"height\":500,\"caption\":\"living-libations-wintergreen-clean-30ml-500\"},{\"@type\":\"BreadcrumbList\",\"@id\":\"https:\/\/dutchhealthstore.com\/fr\/product\/dentifrice-au-charbon-de-bois-active-au-vert-dhiver\/#breadcrumb\",\"itemListElement\":[{\"@type\":\"ListItem\",\"position\":1,\"name\":\"Home\",\"item\":\"https:\/\/dutchhealthstore.com\/fr\/\"},{\"@type\":\"ListItem\",\"position\":2,\"name\":\"Shop\",\"item\":\"https:\/\/dutchhealthstore.com\/fr\/shop\/\"},{\"@type\":\"ListItem\",\"position\":3,\"name\":\"Wintergreen Clean &#8211; Activated Charcoal Toothpaste\"}]},{\"@type\":\"WebSite\",\"@id\":\"https:\/\/dutchhealthstore.com\/fr\/#website\",\"url\":\"https:\/\/dutchhealthstore.com\/fr\/\",\"name\":\"Dutch Health Store\",\"description\":\"Enhance Your Beauty with Organic &amp; Natural Skincare\",\"publisher\":{\"@id\":\"https:\/\/dutchhealthstore.com\/fr\/#organization\"},\"potentialAction\":[{\"@type\":\"SearchAction\",\"target\":{\"@type\":\"EntryPoint\",\"urlTemplate\":\"https:\/\/dutchhealthstore.com\/fr\/?s={search_term_string}\"},\"query-input\":{\"@type\":\"PropertyValueSpecification\",\"valueRequired\":true,\"valueName\":\"search_term_string\"}}],\"inLanguage\":\"fr-FR\"},{\"@type\":\"Organization\",\"@id\":\"https:\/\/dutchhealthstore.com\/fr\/#organization\",\"name\":\"Dutch Health Store\",\"url\":\"https:\/\/dutchhealthstore.com\/fr\/\",\"logo\":{\"@type\":\"ImageObject\",\"inLanguage\":\"fr-FR\",\"@id\":\"https:\/\/dutchhealthstore.com\/fr\/#\/schema\/logo\/image\/\",\"url\":\"https:\/\/dutchhealthstore.com\/wp-content\/uploads\/2020\/08\/logo-dutchhealthstore-jpg-e1599484957574.jpg\",\"contentUrl\":\"https:\/\/dutchhealthstore.com\/wp-content\/uploads\/2020\/08\/logo-dutchhealthstore-jpg-e1599484957574.jpg\",\"width\":400,\"height\":62,\"caption\":\"Dutch Health Store\"},\"image\":{\"@id\":\"https:\/\/dutchhealthstore.com\/fr\/#\/schema\/logo\/image\/\"},\"sameAs\":[\"https:\/\/www.instagram.com\/dutchhealthstore\/\",\"https:\/\/www.facebook.com\/dutchhealthstore\"]}]}<\/script>\n<meta property=\"product:brand\" content=\"Living Libations\" \/>\n<meta property=\"og:availability\" content=\"instock\" \/>\n<meta property=\"product:availability\" content=\"instock\" \/>\n<meta property=\"product:condition\" content=\"new\" \/>\n<!-- \/ Yoast SEO Premium plugin. -->","yoast_head_json":{"title":"Wintergreen Clean - Activated Charcoal Toothpaste | Living Libations","description":"Wintergreen Clean - Activated Charcoal Toothpaste polit vos dents avec puret\u00e9 et rafra\u00eechit votre haleine avec la propret\u00e9 du wintergreen.","robots":{"index":"index","follow":"follow","max-snippet":"max-snippet:-1","max-image-preview":"max-image-preview:large","max-video-preview":"max-video-preview:-1"},"canonical":"https:\/\/dutchhealthstore.com\/fr\/product\/dentifrice-au-charbon-de-bois-active-au-vert-dhiver\/","og_locale":"fr_FR","og_type":"article","og_title":"Wintergreen Clean - Activated Charcoal Toothpaste - Dutch Health Store","og_description":"Wintergreen Clean - Activated Charcoal Toothpaste polit vos dents avec puret\u00e9 et rafra\u00eechit votre haleine avec la propret\u00e9 du wintergreen.","og_url":"https:\/\/dutchhealthstore.com\/fr\/product\/dentifrice-au-charbon-de-bois-active-au-vert-dhiver\/","og_site_name":"Dutch Health Store","article_publisher":"https:\/\/www.instagram.com\/dutchhealthstore\/","article_modified_time":"2026-03-20T15:54:37+00:00","og_image":[{"width":500,"height":500,"url":"https:\/\/dutchhealthstore.com\/wp-content\/uploads\/2020\/01\/living-libations-wintergreen-clean-30ml-500.jpg","type":"image\/jpeg"}],"twitter_card":"summary_large_image","twitter_misc":{"Disponibilit\u00e9":"En stock"},"schema":{"@context":"https:\/\/schema.org","@graph":[{"@type":"WebPage","@id":"https:\/\/dutchhealthstore.com\/fr\/product\/dentifrice-au-charbon-de-bois-active-au-vert-dhiver\/","url":"https:\/\/dutchhealthstore.com\/fr\/product\/dentifrice-au-charbon-de-bois-active-au-vert-dhiver\/","name":"Wintergreen Clean - Activated Charcoal Toothpaste | Living Libations","isPartOf":{"@id":"https:\/\/dutchhealthstore.com\/fr\/#website"},"primaryImageOfPage":{"@id":"https:\/\/dutchhealthstore.com\/fr\/product\/dentifrice-au-charbon-de-bois-active-au-vert-dhiver\/#primaryimage"},"image":{"@id":"https:\/\/dutchhealthstore.com\/fr\/product\/dentifrice-au-charbon-de-bois-active-au-vert-dhiver\/#primaryimage"},"thumbnailUrl":"https:\/\/dutchhealthstore.com\/wp-content\/uploads\/2020\/01\/living-libations-wintergreen-clean-30ml-500.jpg","datePublished":"2020-01-27T11:01:09+00:00","dateModified":"2026-03-20T15:54:37+00:00","description":"Wintergreen Clean - Activated Charcoal Toothpaste polit vos dents avec puret\u00e9 et rafra\u00eechit votre haleine avec la propret\u00e9 du wintergreen.","breadcrumb":{"@id":"https:\/\/dutchhealthstore.com\/fr\/product\/dentifrice-au-charbon-de-bois-active-au-vert-dhiver\/#breadcrumb"},"inLanguage":"fr-FR","potentialAction":[{"@type":"ReadAction","target":["https:\/\/dutchhealthstore.com\/fr\/product\/dentifrice-au-charbon-de-bois-active-au-vert-dhiver\/"]}]},{"@type":"ImageObject","inLanguage":"fr-FR","@id":"https:\/\/dutchhealthstore.com\/fr\/product\/dentifrice-au-charbon-de-bois-active-au-vert-dhiver\/#primaryimage","url":"https:\/\/dutchhealthstore.com\/wp-content\/uploads\/2020\/01\/living-libations-wintergreen-clean-30ml-500.jpg","contentUrl":"https:\/\/dutchhealthstore.com\/wp-content\/uploads\/2020\/01\/living-libations-wintergreen-clean-30ml-500.jpg","width":500,"height":500,"caption":"living-libations-wintergreen-clean-30ml-500"},{"@type":"BreadcrumbList","@id":"https:\/\/dutchhealthstore.com\/fr\/product\/dentifrice-au-charbon-de-bois-active-au-vert-dhiver\/#breadcrumb","itemListElement":[{"@type":"ListItem","position":1,"name":"Home","item":"https:\/\/dutchhealthstore.com\/fr\/"},{"@type":"ListItem","position":2,"name":"Shop","item":"https:\/\/dutchhealthstore.com\/fr\/shop\/"},{"@type":"ListItem","position":3,"name":"Wintergreen Clean &#8211; Activated Charcoal Toothpaste"}]},{"@type":"WebSite","@id":"https:\/\/dutchhealthstore.com\/fr\/#website","url":"https:\/\/dutchhealthstore.com\/fr\/","name":"Dutch Health Store","description":"Enhance Your Beauty with Organic &amp; Natural Skincare","publisher":{"@id":"https:\/\/dutchhealthstore.com\/fr\/#organization"},"potentialAction":[{"@type":"SearchAction","target":{"@type":"EntryPoint","urlTemplate":"https:\/\/dutchhealthstore.com\/fr\/?s={search_term_string}"},"query-input":{"@type":"PropertyValueSpecification","valueRequired":true,"valueName":"search_term_string"}}],"inLanguage":"fr-FR"},{"@type":"Organization","@id":"https:\/\/dutchhealthstore.com\/fr\/#organization","name":"Dutch Health Store","url":"https:\/\/dutchhealthstore.com\/fr\/","logo":{"@type":"ImageObject","inLanguage":"fr-FR","@id":"https:\/\/dutchhealthstore.com\/fr\/#\/schema\/logo\/image\/","url":"https:\/\/dutchhealthstore.com\/wp-content\/uploads\/2020\/08\/logo-dutchhealthstore-jpg-e1599484957574.jpg","contentUrl":"https:\/\/dutchhealthstore.com\/wp-content\/uploads\/2020\/08\/logo-dutchhealthstore-jpg-e1599484957574.jpg","width":400,"height":62,"caption":"Dutch Health Store"},"image":{"@id":"https:\/\/dutchhealthstore.com\/fr\/#\/schema\/logo\/image\/"},"sameAs":["https:\/\/www.instagram.com\/dutchhealthstore\/","https:\/\/www.facebook.com\/dutchhealthstore"]}]},"product_brand":"Living Libations","og_availability":"instock","product_availability":"instock","product_condition":"new"},"_links":{"self":[{"href":"https:\/\/dutchhealthstore.com\/fr\/wp-json\/wp\/v2\/product\/103937","targetHints":{"allow":["GET"]}}],"collection":[{"href":"https:\/\/dutchhealthstore.com\/fr\/wp-json\/wp\/v2\/product"}],"about":[{"href":"https:\/\/dutchhealthstore.com\/fr\/wp-json\/wp\/v2\/types\/product"}],"replies":[{"embeddable":true,"href":"https:\/\/dutchhealthstore.com\/fr\/wp-json\/wp\/v2\/comments?post=103937"}],"wp:featuredmedia":[{"embeddable":true,"href":"https:\/\/dutchhealthstore.com\/fr\/wp-json\/wp\/v2\/media\/278098"}],"wp:attachment":[{"href":"https:\/\/dutchhealthstore.com\/fr\/wp-json\/wp\/v2\/media?parent=103937"}],"wp:term":[{"taxonomy":"product_brand","embeddable":true,"href":"https:\/\/dutchhealthstore.com\/fr\/wp-json\/wp\/v2\/product_brand?post=103937"},{"taxonomy":"product_cat","embeddable":true,"href":"https:\/\/dutchhealthstore.com\/fr\/wp-json\/wp\/v2\/product_cat?post=103937"},{"taxonomy":"product_tag","embeddable":true,"href":"https:\/\/dutchhealthstore.com\/fr\/wp-json\/wp\/v2\/product_tag?post=103937"}],"curies":[{"name":"wp","href":"https:\/\/api.w.org\/{rel}","templated":true}]}}