{"id":103713,"date":"2018-02-09T16:54:52","date_gmt":"2018-02-09T16:54:52","guid":{"rendered":"https:\/\/dutchhealthstore.com\/product\/copper-tongue-scraper\/"},"modified":"2026-04-04T17:52:40","modified_gmt":"2026-04-04T15:52:40","slug":"copper-tongue-scraper","status":"publish","type":"product","link":"https:\/\/dutchhealthstore.com\/fr\/product\/copper-tongue-scraper\/","title":{"rendered":"Copper Tongue Scraper"},"content":{"rendered":"<p style=\"font-weight: 400;\">Vous pouvez r\u00e9tablir la sant\u00e9 de votre langue, de vos dents et de votre bouche gr\u00e2ce \u00e0 quelques raclages rapides, tout en pr\u00e9servant les organes internes directement concern\u00e9s par la sant\u00e9 de la langue.<br \/>\nTraitement ayurv\u00e9dique traditionnel pour la sant\u00e9 bucco-dentaire, le raclage de la langue d\u00e9barrasse la bouche des germes et des accumulations qui contribuent \u00e0 une \u00e9cologie bucco-dentaire malsaine. La proc\u00e9dure visant \u00e0 nettoyer la surface de la langue des bact\u00e9ries, des champignons et des cellules cutan\u00e9es mortes est indolore.<\/p>\n<p style=\"font-weight: 400;\">Le raclage de la langue est une activit\u00e9 simple et rapide qui est b\u00e9n\u00e9fique \u00e0 la fois pour votre sant\u00e9 et pour l&rsquo;\u00e9cologie de votre bouche. Avec l&rsquo;aide de notre <strong>racleur de langue en cuivre<\/strong>, vous pouvez transformer votre langue en un lit de papilles gustatives excit\u00e9es et exemptes de toxines.<\/p>\n<p style=\"text-align: center;\"><i><em>\u00ab\u00a0The tongue is the mirror to all the organs of the body.\u00a0\u00bb<br \/>\n<\/em><\/i>\u223c Deepak Chopra<\/p>\n<p style=\"font-weight: 400;\">La mauvaise haleine est \u00e9limin\u00e9e, les caries sont \u00e9vit\u00e9es, le fonctionnement des organes internes est am\u00e9lior\u00e9 et la digestion est facilit\u00e9e par le raclage de la langue. Une technique rapide et efficace pour am\u00e9liorer votre sens du go\u00fbt, suivre votre sant\u00e9 interne et vous d\u00e9barrasser de la plaque parodontale consiste \u00e0 incorporer cette pratique dans votre routine r\u00e9guli\u00e8re de soins bucco-dentaires.<\/p>\n<p style=\"font-weight: 400; text-align: center;\"><i><em>With copper magic wand in hand<br \/>\n<\/em><\/i><i><em>Embrace the day and take a stand<br \/>\n<\/em><\/i><i><em>Remove toxins in one fell swoop<br \/>\n<\/em><\/i><i><em>By scraping away the gobblety-goop!<\/em><\/i><\/p>\n<p style=\"font-weight: 400;\"><strong>Une baguette merveilleuse pour la bouche la plus pure qui soit est notre racleur de langue en cuivre !<\/strong><\/p>\n<p>La langue est l&rsquo;un des organes du corps les plus souvent n\u00e9glig\u00e9s. Il arrive que le brossage, l&rsquo;utilisation du fil dentaire et m\u00eame les bains de bouche ne suffisent pas \u00e0 \u00e9liminer les bact\u00e9ries dangereuses ou l&rsquo;accumulation de la langue. Vous pouvez r\u00e9tablir la sant\u00e9 de votre langue, de vos dents et de votre bouche gr\u00e2ce \u00e0 quelques grattages rapides, tout en pr\u00e9servant les organes int\u00e9rieurs qui sont directement concern\u00e9s par la sant\u00e9 de la langue.<\/p>\n<p>Traitement ayurv\u00e9dique traditionnel pour la sant\u00e9 bucco-dentaire, le raclage de la langue d\u00e9barrasse la bouche des germes et des accumulations qui contribuent \u00e0 une \u00e9cologie bucco-dentaire malsaine. La proc\u00e9dure visant \u00e0 nettoyer la surface de la langue des bact\u00e9ries, des champignons et des cellules cutan\u00e9es mortes est indolore.<\/p>\n<p style=\"font-weight: 400;\">Ce <strong>gratte-langue en cuivre<\/strong> est le meilleur ami de vos papilles gustatives ! Il \u00e9limine le film odieux qui s&rsquo;accumule sur la langue et alimente la mauvaise haleine. Il am\u00e9liore \u00e9galement la sensibilit\u00e9 et le fonctionnement des papilles gustatives. Chaque bourgeon gustatif peut recevoir des signaux de saveur puissants de la part des aliments lorsqu&rsquo;on les laisse fonctionner \u00e0 leur maximum, ce qui peut r\u00e9duire le besoin de sel et de sucre suppl\u00e9mentaires pour donner de la saveur. Selon la tradition ayurv\u00e9dique, une sensibilit\u00e9 accrue des papilles gustatives favorise la perte de poids, car elle incite les gens \u00e0 savourer chaque bouch\u00e9e de nourriture et \u00e0 en appr\u00e9cier la qualit\u00e9 plut\u00f4t que la quantit\u00e9.<\/p>\n<p style=\"font-weight: 400;\">Le syst\u00e8me immunitaire peut \u00e9galement b\u00e9n\u00e9ficier du raclage de la langue. Selon la tradition ayurv\u00e9dique, chaque partie de la langue repr\u00e9sente un organe interne diff\u00e9rent. Chacun de ces organes est r\u00e9veill\u00e9 et r\u00e9g\u00e9n\u00e9r\u00e9 par le raclage de la langue enti\u00e8re, ce qui a divers effets positifs sur le corps, notamment une am\u00e9lioration de la digestion et des selles.<\/p>\n<h3 style=\"font-weight: 400;\">Cuivre essentiel<\/h3>\n<p>Le cuivre permet depuis longtemps de lutter contre les bact\u00e9ries, les champignons et autres micro-organismes, car il est naturelantimicrobien. Il a \u00e9t\u00e9 utilis\u00e9 pour emp\u00eacher les algues de se d\u00e9velopper au-dessus et au-dessous du pont des voiliers. Plus r\u00e9cemment, il a \u00e9t\u00e9 d\u00e9montr\u00e9 que le cuivre est efficace contre le virus du staphylocoque, qui est \u00e0 l&rsquo;origine du SARM.<\/p>\n<p>Selon la th\u00e9orie ayurv\u00e9dique, le cuivre est le m\u00e9tal qui repr\u00e9sente le dosha Kapha.<\/p>\n<h3 style=\"font-weight: 400;\">Comment gratter la langue<\/h3>\n<ol>\n<li style=\"font-weight: 400;\">Pour les changements, <strong>v\u00e9rifiez votre langue<\/strong>. Examinez votre langue dans le miroir avant de la gratter. Prenez note de la couleur de votre langue et de la texture de toute accumulation ou pellicule. Lorsque vous vous grattez la langue, regardez-la bien pour garder un \u0153il sur sa sant\u00e9<\/li>\n<li style=\"font-weight: 400;\"><strong>Grattez de l&rsquo;avant vers l&rsquo;arri\u00e8re<\/strong>. La plupart des germes qui se rassemblent sur la langue pr\u00e9f\u00e8rent la zone chaude et sombre pr\u00e8s de l&rsquo;arri\u00e8re. Grattez doucement la surface de la langue, en allant de l&rsquo;arri\u00e8re vers l&rsquo;avant.<\/li>\n<li style=\"font-weight: 400;\"><strong>Entre chaque grattage, rincez<\/strong>. Pour \u00e9liminer l&rsquo;accumulation de r\u00e9sidus, rincez le grattoir \u00e0 l&rsquo;eau chaude.<\/li>\n<li style=\"font-weight: 400;\"> <strong> R\u00e9p\u00e9tez sept \u00e0 dix fois<\/strong>. Vous d\u00e9couvrirez peut-\u00eatre que plusieurs petits raclages avec le grattoir sont plus efficaces qu&rsquo;un seul grand raclage pour \u00e9liminer les accumulations.<\/li>\n<li style=\"font-weight: 400;\"><strong>Laver.<\/strong>  Apr\u00e8s chaque utilisation, lavez le gratte-langue en cuivre avec du savon et de l&rsquo;eau chaude. Chaque mois, nettoyez le grattoir avec l&rsquo;un de ces nettoyants naturel:<\/li>\n<\/ol>\n<ul>\n<li>1 cuill\u00e8re \u00e0 soupe de bicarbonate de soude pour 1 cuill\u00e8re \u00e0 soupe de jus de citron. Avec vos doigts ou un chiffon sec, frottez le m\u00e9lange sur votre grattoir. Rincez ensuite \u00e0 l&rsquo;eau.<\/li>\n<li>Versez du sel sur votre gratte-langue apr\u00e8s y avoir ajout\u00e9 quelques gouttes de vinaigre ou de jus de citron. Avant utilisation, rincer \u00e0 l&rsquo;eau et s\u00e9cher en tapotant.<\/li>\n<li>Chaque fois que vous vous brossez les dents, grattez votre langue avec un gratte-langue en cuivre pour un effet optimal. Vous pouvez facilement d\u00e9tecter les changements dans votre langue en l&rsquo;examinant deux fois par jour pour d\u00e9tecter les infections et les d\u00e9s\u00e9quilibres, qui se manifestent souvent par une langue d\u00e9color\u00e9e, couverte de mucus ou \u00e0 l&rsquo;aspect flou.<\/li>\n<\/ul>\n<p style=\"font-weight: 400;\"><strong>\u26a0\ufe0f Avis d&rsquo;hygi\u00e8ne<\/strong><br \/>\nIl s&rsquo;agit d&rsquo;un produit hygi\u00e9nique. Pour des raisons de sant\u00e9 et de s\u00e9curit\u00e9, les retours ne sont accept\u00e9s que si le sceau d&rsquo;hygi\u00e8ne d&rsquo;origine est intact et non ouvert. Une fois le sceau bris\u00e9, l&rsquo;article est consid\u00e9r\u00e9 comme usag\u00e9 et ne peut \u00eatre retourn\u00e9.  <\/p>\n","protected":false},"excerpt":{"rendered":"<p>Le racleur de langue en cuivre est une baguette magique pour une langue plus propre que jamais !<br \/>\nLa langue est l&rsquo;un des organes du corps les plus souvent n\u00e9glig\u00e9s. Il arrive que le brossage, l&rsquo;utilisation du fil dentaire et m\u00eame les bains de bouche ne suffisent pas \u00e0 \u00e9liminer les bact\u00e9ries dangereuses ou l&rsquo;accumulation de la langue.<\/p>\n","protected":false},"featured_media":228607,"comment_status":"open","ping_status":"closed","template":"","meta":[],"product_brand":[],"product_cat":[1134,3784,16018,1037,2185,1211,1209,1030,1010],"product_tag":[4456,21438],"class_list":{"0":"post-103713","1":"product","2":"type-product","3":"status-publish","4":"has-post-thumbnail","6":"product_cat-accessoires-visage","7":"product_cat-accessoires-fr","8":"product_cat-dutch-health-store-fr","9":"product_cat-hygiene-dentaire","10":"product_cat-hygiene-dentaire-fr","11":"product_cat-living-libations-france","12":"product_cat-par-marques","13":"product_cat-par-produits","14":"product_cat-notre-boutique","15":"product_tag-dental-care-fr","16":"product_tag-outils","17":"pa_brand-dutch-health-store-fr","18":"pa_dental-care-product-type-other-tools-fr","19":"pa_dental-care-product-type-scrapers-floss-fr","20":"pa_gtin-6096410917902-fr","22":"first","23":"instock","24":"taxable","25":"shipping-taxable","26":"purchasable","27":"product-type-simple"},"bundled_by":[],"bundle_stock_status":"instock","bundle_stock_quantity":3,"bundle_virtual":false,"bundle_layout":"","bundle_add_to_cart_form_location":"","bundle_editable_in_cart":false,"bundle_sold_individually_context":"","bundle_item_grouping":"","bundle_min_size":"","bundle_max_size":"","bundle_price":[],"bundled_items":[],"bundle_sell_ids":[],"atum_controlled":true,"out_stock_date":null,"out_stock_threshold":null,"inheritable":false,"stock_on_hold":7,"sold_today":0,"sales_last_days":1,"out_stock_days":0,"lost_sales":0,"update_date":"2026-04-13T07:44:37","atum_locations":[],"atum_stock_status":"instock","restock_status":false,"low_stock_amount":0,"sales_update_date":"2026-04-13T07:44:37","calc_backorders":null,"group_of_quantity":0,"min_quantity":0,"max_quantity":"","exclude_order_quantity_value_rules":"no","exclude_category_quantity_rules":"no","combine_variations":"no","yoast_head":"<!-- This site is optimized with the Yoast SEO Premium plugin v26.5 (Yoast SEO v26.5) - https:\/\/yoast.com\/wordpress\/plugins\/seo\/ -->\n<title>Copper Tongue Scraper | Dutch Health Store<\/title>\n<meta name=\"description\" content=\"Le Copper Tongue Scraper est une baguette magique pour une bouche plus propre que jamais !\" \/>\n<meta name=\"robots\" content=\"index, follow, max-snippet:-1, max-image-preview:large, max-video-preview:-1\" \/>\n<link rel=\"canonical\" href=\"https:\/\/dutchhealthstore.com\/fr\/product\/copper-tongue-scraper\/\" \/>\n<meta property=\"og:locale\" content=\"fr_FR\" \/>\n<meta property=\"og:type\" content=\"article\" \/>\n<meta property=\"og:title\" content=\"Copper Tongue Scraper - Dutch Health Store\" \/>\n<meta property=\"og:description\" content=\"Le Copper Tongue Scraper est une baguette magique pour une bouche plus propre que jamais !\" \/>\n<meta property=\"og:url\" content=\"https:\/\/dutchhealthstore.com\/fr\/product\/copper-tongue-scraper\/\" \/>\n<meta property=\"og:site_name\" content=\"Dutch Health Store\" \/>\n<meta property=\"article:publisher\" content=\"https:\/\/www.instagram.com\/dutchhealthstore\/\" \/>\n<meta property=\"article:modified_time\" content=\"2026-04-04T15:52:40+00:00\" \/>\n<meta property=\"og:image\" content=\"https:\/\/dutchhealthstore.com\/wp-content\/uploads\/2022\/12\/schraper05-hoofdfotodenkik.jpg\" \/>\n\t<meta property=\"og:image:width\" content=\"510\" \/>\n\t<meta property=\"og:image:height\" content=\"510\" \/>\n\t<meta property=\"og:image:type\" content=\"image\/jpeg\" \/>\n<meta name=\"twitter:card\" content=\"summary_large_image\" \/>\n<meta name=\"twitter:label1\" content=\"Prix\" \/>\n\t<meta name=\"twitter:data1\" content=\"&euro;7,00\" \/>\n\t<meta name=\"twitter:label2\" content=\"Disponibilit\u00e9\" \/>\n\t<meta name=\"twitter:data2\" content=\"En stock\" \/>\n<script type=\"application\/ld+json\" class=\"yoast-schema-graph\">{\"@context\":\"https:\/\/schema.org\",\"@graph\":[{\"@type\":\"WebPage\",\"@id\":\"https:\/\/dutchhealthstore.com\/fr\/product\/copper-tongue-scraper\/\",\"url\":\"https:\/\/dutchhealthstore.com\/fr\/product\/copper-tongue-scraper\/\",\"name\":\"Copper Tongue Scraper | Dutch Health Store\",\"isPartOf\":{\"@id\":\"https:\/\/dutchhealthstore.com\/fr\/#website\"},\"primaryImageOfPage\":{\"@id\":\"https:\/\/dutchhealthstore.com\/fr\/product\/copper-tongue-scraper\/#primaryimage\"},\"image\":{\"@id\":\"https:\/\/dutchhealthstore.com\/fr\/product\/copper-tongue-scraper\/#primaryimage\"},\"thumbnailUrl\":\"https:\/\/dutchhealthstore.com\/wp-content\/uploads\/2022\/12\/schraper05-hoofdfotodenkik.jpg\",\"datePublished\":\"2018-02-09T16:54:52+00:00\",\"dateModified\":\"2026-04-04T15:52:40+00:00\",\"description\":\"Le Copper Tongue Scraper est une baguette magique pour une bouche plus propre que jamais !\",\"breadcrumb\":{\"@id\":\"https:\/\/dutchhealthstore.com\/fr\/product\/copper-tongue-scraper\/#breadcrumb\"},\"inLanguage\":\"fr-FR\",\"potentialAction\":[{\"@type\":\"ReadAction\",\"target\":[\"https:\/\/dutchhealthstore.com\/fr\/product\/copper-tongue-scraper\/\"]}]},{\"@type\":\"ImageObject\",\"inLanguage\":\"fr-FR\",\"@id\":\"https:\/\/dutchhealthstore.com\/fr\/product\/copper-tongue-scraper\/#primaryimage\",\"url\":\"https:\/\/dutchhealthstore.com\/wp-content\/uploads\/2022\/12\/schraper05-hoofdfotodenkik.jpg\",\"contentUrl\":\"https:\/\/dutchhealthstore.com\/wp-content\/uploads\/2022\/12\/schraper05-hoofdfotodenkik.jpg\",\"width\":510,\"height\":510,\"caption\":\"coppertonguescraper\"},{\"@type\":\"BreadcrumbList\",\"@id\":\"https:\/\/dutchhealthstore.com\/fr\/product\/copper-tongue-scraper\/#breadcrumb\",\"itemListElement\":[{\"@type\":\"ListItem\",\"position\":1,\"name\":\"Home\",\"item\":\"https:\/\/dutchhealthstore.com\/fr\/\"},{\"@type\":\"ListItem\",\"position\":2,\"name\":\"Shop\",\"item\":\"https:\/\/dutchhealthstore.com\/fr\/shop\/\"},{\"@type\":\"ListItem\",\"position\":3,\"name\":\"Copper Tongue Scraper\"}]},{\"@type\":\"WebSite\",\"@id\":\"https:\/\/dutchhealthstore.com\/fr\/#website\",\"url\":\"https:\/\/dutchhealthstore.com\/fr\/\",\"name\":\"Dutch Health Store\",\"description\":\"Enhance Your Beauty with Organic &amp; Natural Skincare\",\"publisher\":{\"@id\":\"https:\/\/dutchhealthstore.com\/fr\/#organization\"},\"potentialAction\":[{\"@type\":\"SearchAction\",\"target\":{\"@type\":\"EntryPoint\",\"urlTemplate\":\"https:\/\/dutchhealthstore.com\/fr\/?s={search_term_string}\"},\"query-input\":{\"@type\":\"PropertyValueSpecification\",\"valueRequired\":true,\"valueName\":\"search_term_string\"}}],\"inLanguage\":\"fr-FR\"},{\"@type\":\"Organization\",\"@id\":\"https:\/\/dutchhealthstore.com\/fr\/#organization\",\"name\":\"Dutch Health Store\",\"url\":\"https:\/\/dutchhealthstore.com\/fr\/\",\"logo\":{\"@type\":\"ImageObject\",\"inLanguage\":\"fr-FR\",\"@id\":\"https:\/\/dutchhealthstore.com\/fr\/#\/schema\/logo\/image\/\",\"url\":\"https:\/\/dutchhealthstore.com\/wp-content\/uploads\/2020\/08\/logo-dutchhealthstore-jpg-e1599484957574.jpg\",\"contentUrl\":\"https:\/\/dutchhealthstore.com\/wp-content\/uploads\/2020\/08\/logo-dutchhealthstore-jpg-e1599484957574.jpg\",\"width\":400,\"height\":62,\"caption\":\"Dutch Health Store\"},\"image\":{\"@id\":\"https:\/\/dutchhealthstore.com\/fr\/#\/schema\/logo\/image\/\"},\"sameAs\":[\"https:\/\/www.instagram.com\/dutchhealthstore\/\",\"https:\/\/www.facebook.com\/dutchhealthstore\"]}]}<\/script>\n<meta property=\"product:brand\" content=\"Dutch Health Store\" \/>\n<meta property=\"product:price:amount\" content=\"7.00\" \/>\n<meta property=\"product:price:currency\" content=\"EUR\" \/>\n<meta property=\"og:availability\" content=\"instock\" \/>\n<meta property=\"product:availability\" content=\"instock\" \/>\n<meta property=\"product:condition\" content=\"new\" \/>\n<!-- \/ Yoast SEO Premium plugin. -->","yoast_head_json":{"title":"Copper Tongue Scraper | Dutch Health Store","description":"Le Copper Tongue Scraper est une baguette magique pour une bouche plus propre que jamais !","robots":{"index":"index","follow":"follow","max-snippet":"max-snippet:-1","max-image-preview":"max-image-preview:large","max-video-preview":"max-video-preview:-1"},"canonical":"https:\/\/dutchhealthstore.com\/fr\/product\/copper-tongue-scraper\/","og_locale":"fr_FR","og_type":"article","og_title":"Copper Tongue Scraper - Dutch Health Store","og_description":"Le Copper Tongue Scraper est une baguette magique pour une bouche plus propre que jamais !","og_url":"https:\/\/dutchhealthstore.com\/fr\/product\/copper-tongue-scraper\/","og_site_name":"Dutch Health Store","article_publisher":"https:\/\/www.instagram.com\/dutchhealthstore\/","article_modified_time":"2026-04-04T15:52:40+00:00","og_image":[{"width":510,"height":510,"url":"https:\/\/dutchhealthstore.com\/wp-content\/uploads\/2022\/12\/schraper05-hoofdfotodenkik.jpg","type":"image\/jpeg"}],"twitter_card":"summary_large_image","twitter_misc":{"Prix":"&euro;7,00","Disponibilit\u00e9":"En stock"},"schema":{"@context":"https:\/\/schema.org","@graph":[{"@type":"WebPage","@id":"https:\/\/dutchhealthstore.com\/fr\/product\/copper-tongue-scraper\/","url":"https:\/\/dutchhealthstore.com\/fr\/product\/copper-tongue-scraper\/","name":"Copper Tongue Scraper | Dutch Health Store","isPartOf":{"@id":"https:\/\/dutchhealthstore.com\/fr\/#website"},"primaryImageOfPage":{"@id":"https:\/\/dutchhealthstore.com\/fr\/product\/copper-tongue-scraper\/#primaryimage"},"image":{"@id":"https:\/\/dutchhealthstore.com\/fr\/product\/copper-tongue-scraper\/#primaryimage"},"thumbnailUrl":"https:\/\/dutchhealthstore.com\/wp-content\/uploads\/2022\/12\/schraper05-hoofdfotodenkik.jpg","datePublished":"2018-02-09T16:54:52+00:00","dateModified":"2026-04-04T15:52:40+00:00","description":"Le Copper Tongue Scraper est une baguette magique pour une bouche plus propre que jamais !","breadcrumb":{"@id":"https:\/\/dutchhealthstore.com\/fr\/product\/copper-tongue-scraper\/#breadcrumb"},"inLanguage":"fr-FR","potentialAction":[{"@type":"ReadAction","target":["https:\/\/dutchhealthstore.com\/fr\/product\/copper-tongue-scraper\/"]}]},{"@type":"ImageObject","inLanguage":"fr-FR","@id":"https:\/\/dutchhealthstore.com\/fr\/product\/copper-tongue-scraper\/#primaryimage","url":"https:\/\/dutchhealthstore.com\/wp-content\/uploads\/2022\/12\/schraper05-hoofdfotodenkik.jpg","contentUrl":"https:\/\/dutchhealthstore.com\/wp-content\/uploads\/2022\/12\/schraper05-hoofdfotodenkik.jpg","width":510,"height":510,"caption":"coppertonguescraper"},{"@type":"BreadcrumbList","@id":"https:\/\/dutchhealthstore.com\/fr\/product\/copper-tongue-scraper\/#breadcrumb","itemListElement":[{"@type":"ListItem","position":1,"name":"Home","item":"https:\/\/dutchhealthstore.com\/fr\/"},{"@type":"ListItem","position":2,"name":"Shop","item":"https:\/\/dutchhealthstore.com\/fr\/shop\/"},{"@type":"ListItem","position":3,"name":"Copper Tongue Scraper"}]},{"@type":"WebSite","@id":"https:\/\/dutchhealthstore.com\/fr\/#website","url":"https:\/\/dutchhealthstore.com\/fr\/","name":"Dutch Health Store","description":"Enhance Your Beauty with Organic &amp; Natural Skincare","publisher":{"@id":"https:\/\/dutchhealthstore.com\/fr\/#organization"},"potentialAction":[{"@type":"SearchAction","target":{"@type":"EntryPoint","urlTemplate":"https:\/\/dutchhealthstore.com\/fr\/?s={search_term_string}"},"query-input":{"@type":"PropertyValueSpecification","valueRequired":true,"valueName":"search_term_string"}}],"inLanguage":"fr-FR"},{"@type":"Organization","@id":"https:\/\/dutchhealthstore.com\/fr\/#organization","name":"Dutch Health Store","url":"https:\/\/dutchhealthstore.com\/fr\/","logo":{"@type":"ImageObject","inLanguage":"fr-FR","@id":"https:\/\/dutchhealthstore.com\/fr\/#\/schema\/logo\/image\/","url":"https:\/\/dutchhealthstore.com\/wp-content\/uploads\/2020\/08\/logo-dutchhealthstore-jpg-e1599484957574.jpg","contentUrl":"https:\/\/dutchhealthstore.com\/wp-content\/uploads\/2020\/08\/logo-dutchhealthstore-jpg-e1599484957574.jpg","width":400,"height":62,"caption":"Dutch Health Store"},"image":{"@id":"https:\/\/dutchhealthstore.com\/fr\/#\/schema\/logo\/image\/"},"sameAs":["https:\/\/www.instagram.com\/dutchhealthstore\/","https:\/\/www.facebook.com\/dutchhealthstore"]}]},"product_brand":"Dutch Health Store","product_price_amount":"7.00","product_price_currency":"EUR","og_availability":"instock","product_availability":"instock","product_condition":"new"},"_links":{"self":[{"href":"https:\/\/dutchhealthstore.com\/fr\/wp-json\/wp\/v2\/product\/103713","targetHints":{"allow":["GET"]}}],"collection":[{"href":"https:\/\/dutchhealthstore.com\/fr\/wp-json\/wp\/v2\/product"}],"about":[{"href":"https:\/\/dutchhealthstore.com\/fr\/wp-json\/wp\/v2\/types\/product"}],"replies":[{"embeddable":true,"href":"https:\/\/dutchhealthstore.com\/fr\/wp-json\/wp\/v2\/comments?post=103713"}],"wp:featuredmedia":[{"embeddable":true,"href":"https:\/\/dutchhealthstore.com\/fr\/wp-json\/wp\/v2\/media\/228607"}],"wp:attachment":[{"href":"https:\/\/dutchhealthstore.com\/fr\/wp-json\/wp\/v2\/media?parent=103713"}],"wp:term":[{"taxonomy":"product_brand","embeddable":true,"href":"https:\/\/dutchhealthstore.com\/fr\/wp-json\/wp\/v2\/product_brand?post=103713"},{"taxonomy":"product_cat","embeddable":true,"href":"https:\/\/dutchhealthstore.com\/fr\/wp-json\/wp\/v2\/product_cat?post=103713"},{"taxonomy":"product_tag","embeddable":true,"href":"https:\/\/dutchhealthstore.com\/fr\/wp-json\/wp\/v2\/product_tag?post=103713"}],"curies":[{"name":"wp","href":"https:\/\/api.w.org\/{rel}","templated":true}]}}