{"id":103658,"date":"2018-11-24T15:19:14","date_gmt":"2018-11-24T15:19:14","guid":{"rendered":"https:\/\/dutchhealthstore.com\/product\/petal-perfume-jasmine-julep\/"},"modified":"2026-01-22T16:03:47","modified_gmt":"2026-01-22T15:03:47","slug":"petal-perfume-jasmine-julep","status":"publish","type":"product","link":"https:\/\/dutchhealthstore.com\/fr\/product\/petal-perfume-jasmine-julep\/","title":{"rendered":"Petal Perfume &#8211; Jasmine Julep"},"content":{"rendered":"<h3><img decoding=\"async\" class=\"size-full wp-image-37041 alignright\" src=\"https:\/\/dutchhealthstore.com\/wp-content\/uploads\/2018\/04\/Living_Libations-1.png\" alt=\"Organic &amp; Natural Beautyproducts - Living Libations\" width=\"175\" height=\"82\"><\/h3>\n<h3>L&rsquo;exp\u00e9rience olfactive<\/h3>\n<p>Jasmine Julep est une fragrance sensuelle et florale dont les s\u00e9pales sulfureux du Jasmin Sambac sont mis en synergie avec l&rsquo;all\u00e9gresse euphorique de l&rsquo;Ylang, tandis que l&rsquo;Orange sanguine et la Bergamote harmonisent des notes joyeuses et citronn\u00e9es de soleil. Le duvet sec ensorcelle son charme en transportant les braises mielleuses et florales de la s\u00e9duction joyeuse du Jasmin.<\/p>\n<h3>Comment utiliser<\/h3>\n<p>Pour une fantaisie florale compl\u00e8te, vaporisez sur la poitrine, le cou, les cheveux ou les points de pulsation. Spritz pour inhaler l&rsquo;euphorie et les exaltations d&rsquo;une journ\u00e9e b\u00e9ate.<\/p>\n<h3 class=\"yikes-custom-woo-tab-title yikes-custom-woo-tab-title-natural-organic-ingredients\">Ingr\u00e9dients naturels\/biologiques<\/h3>\n<p><strong>Jasmin Sambac <\/strong><em>(Jasminum sambac)<\/em> &#8211; Juicy Jasmine est fabriqu\u00e9 \u00e0 l&rsquo;\u00e9tat sauvage en Inde, puis\u00e9 dans les profondeurs parfum\u00e9es des fleurs de Jasmin Sambac \u00e0 floraison nocturne. Contrairement au jasmin grandiflorum, qui ouvre ses p\u00e9tales \u00e0 l&rsquo;aube, le jasmin Sambac communie avec le myst\u00e8re de la lune et des \u00e9toiles, capturant l&rsquo;essence parfum\u00e9e des nuits chaudes sans fin.<\/p>\n<p><strong>Bergamote<\/strong><em> (Citrus bergamia)<\/em> &#8211; La bergamote bienveillante est distill\u00e9e \u00e0 partir de la d\u00e9licate \u00e9corce d&rsquo;agrumes presque m\u00fbrs provenant de fruits cultiv\u00e9s sous le soleil hivernal de l&rsquo;Italie. Dot\u00e9e de tous les bienfaits des agrumes combin\u00e9s aux citrons et aux oranges, l&rsquo;huile de bergamote est cultiv\u00e9e pour ses bienfaits sur la peau et pour son parfum frais-foug\u00e8re, d&rsquo;agrumes ensoleill\u00e9s, presque floral, semblable au freesia.<\/p>\n<p><strong>Orange sanguine <\/strong><em>(Citrus sinensis) &#8211; <\/em>L&rsquo;ar\u00f4me ensoleill\u00e9 d&rsquo;agrumes de l&rsquo;orange sanguine harmonise les sentiments d\u00e9sordonn\u00e9s et efface les soucis. Inspirez la joie et expirez la gratitude.<\/p>\n<p class=\"page-title product-title\"><strong><span class=\"base\" data-ui-id=\"page-title-wrapper\">Ylang<\/span><\/strong><span class=\"base\" data-ui-id=\"page-title-wrapper\"><em> (Cananga odorata genuina)<\/em><\/span><span class=\"base\" data-ui-id=\"page-title-wrapper\"> &#8211; Notre distillation sup\u00e9rieure de l&rsquo;Ylang est super pour les soins de la peau car elle est opulente en esters et pr\u00eate \u00e0 s&rsquo;attaquer \u00e0 la peau qui se sent mal et \u00e0 la ramener \u00e0 la beaut\u00e9. C&rsquo;est aussi un philtre d&rsquo;amour sublimement doux et un tonique relaxant qui peut apaiser les sentiments d&rsquo;inqui\u00e9tude et de stress. L&rsquo;ar\u00f4me capiteux et doux est durable et inspirant, \u00e9voquant des bouff\u00e9es de splendeur fantaisiste et sensuelle. L&rsquo;ylang temp\u00e8re les sens, vous permettant de voir ce qui est vrai pour vous dans l&rsquo;instant.<\/span><strong><span class=\"base\" data-ui-id=\"page-title-wrapper\"><br \/>\n<\/span><\/strong><\/p>\n<p><strong>Alcool biodynamique biologique<\/strong> &#8211; L&rsquo;alcool biodynamique biologique sert de support parfait, permettant \u00e0 chaque plante d&rsquo;infuser sans effort les mains tout en laissant la peau et les surfaces parfaitement propres. Cet alcool biologique et biodynamique est de la plus haute qualit\u00e9 et est triplement filtr\u00e9 pour plus de puret\u00e9. Produit \u00e0 partir de raisins certifi\u00e9s biologiques, il est test\u00e9 de mani\u00e8re ind\u00e9pendante afin de garantir qu&rsquo;il r\u00e9pond aux normes de l&rsquo;United States Pharmacopeia (USP) en mati\u00e8re d&rsquo;alcool pur, biologique et de qualit\u00e9 pharmaceutique.<\/p>\n<p style=\"text-align: center;\"><em>\u00ab\u00a0Meanwhile, spring came, and with it the outpourings of Nature. <\/em><br \/>\n<em>The hills were soon splashed with wild flowers; the grass became an altogether new and richer shade of green; <\/em><br \/>\n<em>and the air became scented with fresh and surprising smells &#8212; of jasmine, honeysuckle, and lavender.\u00a0\u00bb<\/em><br \/>\n\u223c Dalai Lama<\/p>\n<p><img fetchpriority=\"high\" decoding=\"async\" class=\"aligncenter size-full wp-image-31577\" src=\"https:\/\/dutchhealthstore.com\/wp-content\/uploads\/2018\/03\/organic_big.png\" alt=\"Organic and Natural - Living Libations\" width=\"623\" height=\"103\" srcset=\"https:\/\/dutchhealthstore.com\/wp-content\/uploads\/2018\/03\/organic_big.png 623w, https:\/\/dutchhealthstore.com\/wp-content\/uploads\/2018\/03\/organic_big-510x84.png 510w, https:\/\/dutchhealthstore.com\/wp-content\/uploads\/2018\/03\/organic_big-600x99.png 600w, https:\/\/dutchhealthstore.com\/wp-content\/uploads\/2018\/03\/organic_big-350x58.png 350w\" sizes=\"(max-width: 623px) 100vw, 623px\" \/><\/p>\n","protected":false},"excerpt":{"rendered":"<p>Sentez-vous jubilatoire en inhalant la joyeuse fantaisie florale de Jasmine Julep. Faites entrer le printemps dans votre vie et l&rsquo;euphorie dans votre c\u0153ur avec ce bouquet de Jasmin Sambac, Ylang, Orange sanguine et Bergamote. Parfumez vos poignets, ornez vos cheveux et oignez vos points de pulsation avec cette ambroisie ambiante.<\/p>\n<p>&nbsp;<\/p>\n","protected":false},"featured_media":47645,"comment_status":"open","ping_status":"closed","template":"","meta":[],"product_brand":[],"product_cat":[1211,1209,1030,6817,6697,1010],"product_tag":[6739],"class_list":{"0":"post-103658","1":"product","2":"type-product","3":"status-publish","4":"has-post-thumbnail","6":"product_cat-living-libations-france","7":"product_cat-par-marques","8":"product_cat-par-produits","9":"product_cat-perfumes-fr","10":"product_cat-fragrances-fr","11":"product_cat-notre-boutique","12":"product_tag-perfume-fr","13":"pa_brand-livinglibations-fr","14":"pa_fragrances-product-type-perfumes-fr","15":"pa_fragrances-product-type-for-her-fr-2","16":"pa_size-30-ml-fr","17":"pa_size-5-ml-fr","19":"first","20":"instock","21":"taxable","22":"shipping-taxable","23":"purchasable","24":"product-type-variable"},"bundled_by":[],"bundle_stock_status":"instock","bundle_stock_quantity":null,"bundle_virtual":false,"bundle_layout":"","bundle_add_to_cart_form_location":"","bundle_editable_in_cart":false,"bundle_sold_individually_context":"","bundle_item_grouping":"","bundle_min_size":"","bundle_max_size":"","bundle_price":[],"bundled_items":[],"bundle_sell_ids":[283878],"atum_controlled":true,"out_stock_date":null,"out_stock_threshold":null,"inheritable":true,"stock_on_hold":1,"sold_today":0,"sales_last_days":0,"out_stock_days":0,"lost_sales":0,"update_date":"2026-04-27T00:12:59","atum_locations":[],"atum_stock_status":"instock","restock_status":false,"low_stock_amount":"","sales_update_date":"2026-04-27T00:12:59","calc_backorders":null,"group_of_quantity":0,"min_quantity":0,"max_quantity":"","exclude_order_quantity_value_rules":"no","exclude_category_quantity_rules":"no","combine_variations":"no","yoast_head":"<!-- This site is optimized with the Yoast SEO Premium plugin v26.5 (Yoast SEO v26.5) - https:\/\/yoast.com\/wordpress\/plugins\/seo\/ -->\n<title>Petal Perfume Jasmine Julep | Living Libations<\/title>\n<meta name=\"description\" content=\"Jasmine Julep est une fragrance sensuelle et florale qui met en valeur les s\u00e9pales sulfureux du Jasmin Sambac, en synergie avec la joie euphorique de l&#039;Ylang.\" \/>\n<meta name=\"robots\" content=\"index, follow, max-snippet:-1, max-image-preview:large, max-video-preview:-1\" \/>\n<link rel=\"canonical\" href=\"https:\/\/dutchhealthstore.com\/fr\/product\/petal-perfume-jasmine-julep\/\" \/>\n<meta property=\"og:locale\" content=\"fr_FR\" \/>\n<meta property=\"og:type\" content=\"article\" \/>\n<meta property=\"og:title\" content=\"Petal Perfume - Jasmine Julep - Dutch Health Store\" \/>\n<meta property=\"og:description\" content=\"Jasmine Julep est une fragrance sensuelle et florale qui met en valeur les s\u00e9pales sulfureux du Jasmin Sambac, en synergie avec la joie euphorique de l&#039;Ylang.\" \/>\n<meta property=\"og:url\" content=\"https:\/\/dutchhealthstore.com\/fr\/product\/petal-perfume-jasmine-julep\/\" \/>\n<meta property=\"og:site_name\" content=\"Dutch Health Store\" \/>\n<meta property=\"article:publisher\" content=\"https:\/\/www.instagram.com\/dutchhealthstore\/\" \/>\n<meta property=\"article:modified_time\" content=\"2026-01-22T15:03:47+00:00\" \/>\n<meta property=\"og:image\" content=\"https:\/\/dutchhealthstore.com\/wp-content\/uploads\/2018\/11\/Living-Libations-Petal-Perfume-Jasmine-Julep-002.jpg\" \/>\n\t<meta property=\"og:image:width\" content=\"1000\" \/>\n\t<meta property=\"og:image:height\" content=\"1000\" \/>\n\t<meta property=\"og:image:type\" content=\"image\/jpeg\" \/>\n<meta name=\"twitter:card\" content=\"summary_large_image\" \/>\n<meta name=\"twitter:label1\" content=\"Disponibilit\u00e9\" \/>\n\t<meta name=\"twitter:data1\" content=\"En stock\" \/>\n<script type=\"application\/ld+json\" class=\"yoast-schema-graph\">{\"@context\":\"https:\/\/schema.org\",\"@graph\":[{\"@type\":\"WebPage\",\"@id\":\"https:\/\/dutchhealthstore.com\/fr\/product\/petal-perfume-jasmine-julep\/\",\"url\":\"https:\/\/dutchhealthstore.com\/fr\/product\/petal-perfume-jasmine-julep\/\",\"name\":\"Petal Perfume Jasmine Julep | Living Libations\",\"isPartOf\":{\"@id\":\"https:\/\/dutchhealthstore.com\/fr\/#website\"},\"primaryImageOfPage\":{\"@id\":\"https:\/\/dutchhealthstore.com\/fr\/product\/petal-perfume-jasmine-julep\/#primaryimage\"},\"image\":{\"@id\":\"https:\/\/dutchhealthstore.com\/fr\/product\/petal-perfume-jasmine-julep\/#primaryimage\"},\"thumbnailUrl\":\"https:\/\/dutchhealthstore.com\/wp-content\/uploads\/2018\/11\/Living-Libations-Petal-Perfume-Jasmine-Julep-002.jpg\",\"datePublished\":\"2018-11-24T15:19:14+00:00\",\"dateModified\":\"2026-01-22T15:03:47+00:00\",\"description\":\"Jasmine Julep est une fragrance sensuelle et florale qui met en valeur les s\u00e9pales sulfureux du Jasmin Sambac, en synergie avec la joie euphorique de l'Ylang.\",\"breadcrumb\":{\"@id\":\"https:\/\/dutchhealthstore.com\/fr\/product\/petal-perfume-jasmine-julep\/#breadcrumb\"},\"inLanguage\":\"fr-FR\",\"potentialAction\":[{\"@type\":\"ReadAction\",\"target\":[\"https:\/\/dutchhealthstore.com\/fr\/product\/petal-perfume-jasmine-julep\/\"]}]},{\"@type\":\"ImageObject\",\"inLanguage\":\"fr-FR\",\"@id\":\"https:\/\/dutchhealthstore.com\/fr\/product\/petal-perfume-jasmine-julep\/#primaryimage\",\"url\":\"https:\/\/dutchhealthstore.com\/wp-content\/uploads\/2018\/11\/Living-Libations-Petal-Perfume-Jasmine-Julep-002.jpg\",\"contentUrl\":\"https:\/\/dutchhealthstore.com\/wp-content\/uploads\/2018\/11\/Living-Libations-Petal-Perfume-Jasmine-Julep-002.jpg\",\"width\":1000,\"height\":1000,\"caption\":\"Living Libations - Petal Perfume Jasmine Julep\"},{\"@type\":\"BreadcrumbList\",\"@id\":\"https:\/\/dutchhealthstore.com\/fr\/product\/petal-perfume-jasmine-julep\/#breadcrumb\",\"itemListElement\":[{\"@type\":\"ListItem\",\"position\":1,\"name\":\"Home\",\"item\":\"https:\/\/dutchhealthstore.com\/fr\/\"},{\"@type\":\"ListItem\",\"position\":2,\"name\":\"Shop\",\"item\":\"https:\/\/dutchhealthstore.com\/fr\/shop\/\"},{\"@type\":\"ListItem\",\"position\":3,\"name\":\"Petal Perfume &#8211; Jasmine Julep\"}]},{\"@type\":\"WebSite\",\"@id\":\"https:\/\/dutchhealthstore.com\/fr\/#website\",\"url\":\"https:\/\/dutchhealthstore.com\/fr\/\",\"name\":\"Dutch Health Store\",\"description\":\"Enhance Your Beauty with Organic &amp; Natural Skincare\",\"publisher\":{\"@id\":\"https:\/\/dutchhealthstore.com\/fr\/#organization\"},\"potentialAction\":[{\"@type\":\"SearchAction\",\"target\":{\"@type\":\"EntryPoint\",\"urlTemplate\":\"https:\/\/dutchhealthstore.com\/fr\/?s={search_term_string}\"},\"query-input\":{\"@type\":\"PropertyValueSpecification\",\"valueRequired\":true,\"valueName\":\"search_term_string\"}}],\"inLanguage\":\"fr-FR\"},{\"@type\":\"Organization\",\"@id\":\"https:\/\/dutchhealthstore.com\/fr\/#organization\",\"name\":\"Dutch Health Store\",\"url\":\"https:\/\/dutchhealthstore.com\/fr\/\",\"logo\":{\"@type\":\"ImageObject\",\"inLanguage\":\"fr-FR\",\"@id\":\"https:\/\/dutchhealthstore.com\/fr\/#\/schema\/logo\/image\/\",\"url\":\"https:\/\/dutchhealthstore.com\/wp-content\/uploads\/2020\/08\/logo-dutchhealthstore-jpg-e1599484957574.jpg\",\"contentUrl\":\"https:\/\/dutchhealthstore.com\/wp-content\/uploads\/2020\/08\/logo-dutchhealthstore-jpg-e1599484957574.jpg\",\"width\":400,\"height\":62,\"caption\":\"Dutch Health Store\"},\"image\":{\"@id\":\"https:\/\/dutchhealthstore.com\/fr\/#\/schema\/logo\/image\/\"},\"sameAs\":[\"https:\/\/www.instagram.com\/dutchhealthstore\/\",\"https:\/\/www.facebook.com\/dutchhealthstore\"]}]}<\/script>\n<meta property=\"product:brand\" content=\"Living Libations\" \/>\n<meta property=\"og:availability\" content=\"instock\" \/>\n<meta property=\"product:availability\" content=\"instock\" \/>\n<meta property=\"product:condition\" content=\"new\" \/>\n<!-- \/ Yoast SEO Premium plugin. -->","yoast_head_json":{"title":"Petal Perfume Jasmine Julep | Living Libations","description":"Jasmine Julep est une fragrance sensuelle et florale qui met en valeur les s\u00e9pales sulfureux du Jasmin Sambac, en synergie avec la joie euphorique de l'Ylang.","robots":{"index":"index","follow":"follow","max-snippet":"max-snippet:-1","max-image-preview":"max-image-preview:large","max-video-preview":"max-video-preview:-1"},"canonical":"https:\/\/dutchhealthstore.com\/fr\/product\/petal-perfume-jasmine-julep\/","og_locale":"fr_FR","og_type":"article","og_title":"Petal Perfume - Jasmine Julep - Dutch Health Store","og_description":"Jasmine Julep est une fragrance sensuelle et florale qui met en valeur les s\u00e9pales sulfureux du Jasmin Sambac, en synergie avec la joie euphorique de l'Ylang.","og_url":"https:\/\/dutchhealthstore.com\/fr\/product\/petal-perfume-jasmine-julep\/","og_site_name":"Dutch Health Store","article_publisher":"https:\/\/www.instagram.com\/dutchhealthstore\/","article_modified_time":"2026-01-22T15:03:47+00:00","og_image":[{"width":1000,"height":1000,"url":"https:\/\/dutchhealthstore.com\/wp-content\/uploads\/2018\/11\/Living-Libations-Petal-Perfume-Jasmine-Julep-002.jpg","type":"image\/jpeg"}],"twitter_card":"summary_large_image","twitter_misc":{"Disponibilit\u00e9":"En stock"},"schema":{"@context":"https:\/\/schema.org","@graph":[{"@type":"WebPage","@id":"https:\/\/dutchhealthstore.com\/fr\/product\/petal-perfume-jasmine-julep\/","url":"https:\/\/dutchhealthstore.com\/fr\/product\/petal-perfume-jasmine-julep\/","name":"Petal Perfume Jasmine Julep | Living Libations","isPartOf":{"@id":"https:\/\/dutchhealthstore.com\/fr\/#website"},"primaryImageOfPage":{"@id":"https:\/\/dutchhealthstore.com\/fr\/product\/petal-perfume-jasmine-julep\/#primaryimage"},"image":{"@id":"https:\/\/dutchhealthstore.com\/fr\/product\/petal-perfume-jasmine-julep\/#primaryimage"},"thumbnailUrl":"https:\/\/dutchhealthstore.com\/wp-content\/uploads\/2018\/11\/Living-Libations-Petal-Perfume-Jasmine-Julep-002.jpg","datePublished":"2018-11-24T15:19:14+00:00","dateModified":"2026-01-22T15:03:47+00:00","description":"Jasmine Julep est une fragrance sensuelle et florale qui met en valeur les s\u00e9pales sulfureux du Jasmin Sambac, en synergie avec la joie euphorique de l'Ylang.","breadcrumb":{"@id":"https:\/\/dutchhealthstore.com\/fr\/product\/petal-perfume-jasmine-julep\/#breadcrumb"},"inLanguage":"fr-FR","potentialAction":[{"@type":"ReadAction","target":["https:\/\/dutchhealthstore.com\/fr\/product\/petal-perfume-jasmine-julep\/"]}]},{"@type":"ImageObject","inLanguage":"fr-FR","@id":"https:\/\/dutchhealthstore.com\/fr\/product\/petal-perfume-jasmine-julep\/#primaryimage","url":"https:\/\/dutchhealthstore.com\/wp-content\/uploads\/2018\/11\/Living-Libations-Petal-Perfume-Jasmine-Julep-002.jpg","contentUrl":"https:\/\/dutchhealthstore.com\/wp-content\/uploads\/2018\/11\/Living-Libations-Petal-Perfume-Jasmine-Julep-002.jpg","width":1000,"height":1000,"caption":"Living Libations - Petal Perfume Jasmine Julep"},{"@type":"BreadcrumbList","@id":"https:\/\/dutchhealthstore.com\/fr\/product\/petal-perfume-jasmine-julep\/#breadcrumb","itemListElement":[{"@type":"ListItem","position":1,"name":"Home","item":"https:\/\/dutchhealthstore.com\/fr\/"},{"@type":"ListItem","position":2,"name":"Shop","item":"https:\/\/dutchhealthstore.com\/fr\/shop\/"},{"@type":"ListItem","position":3,"name":"Petal Perfume &#8211; Jasmine Julep"}]},{"@type":"WebSite","@id":"https:\/\/dutchhealthstore.com\/fr\/#website","url":"https:\/\/dutchhealthstore.com\/fr\/","name":"Dutch Health Store","description":"Enhance Your Beauty with Organic &amp; Natural Skincare","publisher":{"@id":"https:\/\/dutchhealthstore.com\/fr\/#organization"},"potentialAction":[{"@type":"SearchAction","target":{"@type":"EntryPoint","urlTemplate":"https:\/\/dutchhealthstore.com\/fr\/?s={search_term_string}"},"query-input":{"@type":"PropertyValueSpecification","valueRequired":true,"valueName":"search_term_string"}}],"inLanguage":"fr-FR"},{"@type":"Organization","@id":"https:\/\/dutchhealthstore.com\/fr\/#organization","name":"Dutch Health Store","url":"https:\/\/dutchhealthstore.com\/fr\/","logo":{"@type":"ImageObject","inLanguage":"fr-FR","@id":"https:\/\/dutchhealthstore.com\/fr\/#\/schema\/logo\/image\/","url":"https:\/\/dutchhealthstore.com\/wp-content\/uploads\/2020\/08\/logo-dutchhealthstore-jpg-e1599484957574.jpg","contentUrl":"https:\/\/dutchhealthstore.com\/wp-content\/uploads\/2020\/08\/logo-dutchhealthstore-jpg-e1599484957574.jpg","width":400,"height":62,"caption":"Dutch Health Store"},"image":{"@id":"https:\/\/dutchhealthstore.com\/fr\/#\/schema\/logo\/image\/"},"sameAs":["https:\/\/www.instagram.com\/dutchhealthstore\/","https:\/\/www.facebook.com\/dutchhealthstore"]}]},"product_brand":"Living Libations","og_availability":"instock","product_availability":"instock","product_condition":"new"},"_links":{"self":[{"href":"https:\/\/dutchhealthstore.com\/fr\/wp-json\/wp\/v2\/product\/103658","targetHints":{"allow":["GET"]}}],"collection":[{"href":"https:\/\/dutchhealthstore.com\/fr\/wp-json\/wp\/v2\/product"}],"about":[{"href":"https:\/\/dutchhealthstore.com\/fr\/wp-json\/wp\/v2\/types\/product"}],"replies":[{"embeddable":true,"href":"https:\/\/dutchhealthstore.com\/fr\/wp-json\/wp\/v2\/comments?post=103658"}],"wp:featuredmedia":[{"embeddable":true,"href":"https:\/\/dutchhealthstore.com\/fr\/wp-json\/wp\/v2\/media\/47645"}],"wp:attachment":[{"href":"https:\/\/dutchhealthstore.com\/fr\/wp-json\/wp\/v2\/media?parent=103658"}],"wp:term":[{"taxonomy":"product_brand","embeddable":true,"href":"https:\/\/dutchhealthstore.com\/fr\/wp-json\/wp\/v2\/product_brand?post=103658"},{"taxonomy":"product_cat","embeddable":true,"href":"https:\/\/dutchhealthstore.com\/fr\/wp-json\/wp\/v2\/product_cat?post=103658"},{"taxonomy":"product_tag","embeddable":true,"href":"https:\/\/dutchhealthstore.com\/fr\/wp-json\/wp\/v2\/product_tag?post=103658"}],"curies":[{"name":"wp","href":"https:\/\/api.w.org\/{rel}","templated":true}]}}