{"id":103605,"date":"2020-05-28T09:37:59","date_gmt":"2020-05-28T09:37:59","guid":{"rendered":"https:\/\/dutchhealthstore.com\/product\/petal-perfume-fire-lily\/"},"modified":"2025-09-26T08:43:42","modified_gmt":"2025-09-26T06:43:42","slug":"petal-perfume-fire-lily","status":"publish","type":"product","link":"https:\/\/dutchhealthstore.com\/fr\/product\/petal-perfume-fire-lily\/","title":{"rendered":"Petal Perfume &#8211; Fire Lily"},"content":{"rendered":"<p><img decoding=\"async\" class=\"size-full wp-image-69549 alignright\" src=\"https:\/\/dutchhealthstore.com\/wp-content\/uploads\/2019\/08\/NEW-Living-Libations-Logo.jpg\" alt=\"NEW - Living Libations - Logo\" width=\"175\" height=\"82\">Les fleurs de n\u00e9roli s&rsquo;\u00e9panouissent dans ce parfum aux p\u00e9tales gorg\u00e9s de soleil. Le feu et la terre dansent dans une balance de bergamote, tandis que les essences douces de vanille et de camomille du Cap tourbillonnent sous un vaste ciel d&rsquo;\u00e9t\u00e9. La mandarine petit grain compl\u00e8te le bouquet, sa riche saveur rafra\u00eechissant les journ\u00e9es enflamm\u00e9es.<\/p>\n<h3>Essence de parfum<\/h3>\n<p>Si la musique est la nourriture de l&rsquo;amour, jouez. Comme Fire Lily Petal Perfume \u00e9clate sa chanson parfum\u00e9e, que chaque note parfum\u00e9e soit longue, car ce parfum fleurit dans la symphonie de la douce lumi\u00e8re du soleil d&rsquo;\u00e9t\u00e9.<\/p>\n<p>\u00c0 l&rsquo;inhalation, les fleurs de n\u00e9roli vous entourent d&rsquo;une \u00e9treinte effervescente qui, avec la base tenace de la vanille douce et sulfureuse et la gr\u00e2ce ensoleill\u00e9e de la bergamote bienveillante, vous transporte dans un endroit heureux. L\u00e9ger et libre, vivant dans la joie, Fire Lily enflamme l&rsquo;h\u00e9ro\u00efne qui sommeille en vous avec un casting d\u00e9licieusement \u00e9blouissant d&rsquo;\u00e9toiles parfum\u00e9es: N\u00e9roli tunisien, bergamote italienne, petit grain de mandarine corse, camomille du Cap provenant des champs ensoleill\u00e9s d&rsquo;Afrique du Sud et vanille des vignes de Madagascar.<\/p>\n<p>Fra\u00eeche, pure et myst\u00e9rieusement discr\u00e8te, chaque fleur s&rsquo;\u00e9panouit dans un sch\u00e9ma olfactif parfait. De hautes notes florales invitant \u00e0 la vanille et \u00e0 l&rsquo;absolue de fleur d&rsquo;oranger unissent la m\u00e9lodie. Alors que le lys de feu s&rsquo;accroche, les fleurs de miel de la vanille s&rsquo;attardent tandis que la bergamote fra\u00eeche chante une chanson b\u00e9ate.<\/p>\n<p>Fire Lily s&rsquo;accroche \u00e0 votre peau comme une f\u00e9e espi\u00e8gle, vous entra\u00eenant dans une chute libre parfum\u00e9e. Apr\u00e8s tous ces vols, vous avez m\u00e9rit\u00e9 de vous reposer dans un lit de p\u00e9tales sous un doux soleil d&rsquo;\u00e9t\u00e9.<\/p>\n<h3>Comment utiliser<\/h3>\n<p>Pour les r\u00e9sultats les plus doux et les plus ensoleill\u00e9s, vaporisez sur les cheveux, le cou, les v\u00eatements ou les points de pulsation. Profitez-en au cr\u00e9puscule ou \u00e0 la lumi\u00e8re du jour.<\/p>\n<p style=\"text-align: center;\"><em>\u00ab\u00a0Ce parfum raffin\u00e9 de Nadine Artemis, Fire Lily, \u00e9voque les grands espaces, un parfum frais et propre qui annonce la saison du printemps, et pourtant, comme un v\u00eatement royal richement cousu de fils fins, c&rsquo;est l&rsquo;union de deux \u00e9l\u00e9ments, la terre et le feu. Pocahontas rencontre Anais Nin. Nadine Artemis est v\u00e9ritablement la Coco Chanel des temps modernes, une parfumeuse extraordinaire\u00a0\u00bb.<\/em><br \/>\n~ Lindsay Willcocks<\/p>\n<p><strong>Taille: 5 ml et 30 ml<\/strong><\/p>\n<h3 class=\"yikes-custom-woo-tab-title yikes-custom-woo-tab-title-natural-organic-ingredients\">Ingr\u00e9dients Naturels\/Biologiques<\/h3>\n<p><strong>Alcool biodynamique biologique<\/strong> &#8211; L&rsquo;alcool biodynamique biologique sert de support \u00e0 nos petal perfumes et \u00e0 nos forest colognes, permettant \u00e0 chaque plante d&rsquo;infuser sans effort la peau avec des merveilles aromatiques. Cet alcool biologique et biodynamique est de la plus haute qualit\u00e9 et est triplement filtr\u00e9 pour plus de puret\u00e9. Produit \u00e0 partir de vins biologiques certifi\u00e9s provenant du monde entier, l&rsquo;alcool de raisin biologique se situe entre 190 et 200 degr\u00e9s. Il est test\u00e9 de mani\u00e8re ind\u00e9pendante afin de s&rsquo;assurer qu&rsquo;il r\u00e9pond aux normes de l&rsquo;United States Pharmacopeia (USP) en mati\u00e8re d&rsquo;alcool pur, organique et de qualit\u00e9 pharmaceutique.<\/p>\n<p><strong>Fleurs de n\u00e9roli<\/strong><em> (Citrus aurantium)<\/em> &#8211; De gracieux bosquets d&rsquo;orangers font fleurir les fleurs de cet ar\u00f4me ambrosien. L&rsquo;huile essentielle distill\u00e9e, le n\u00e9roli, est l\u00e9g\u00e8re et charmante et la distillation absolue est un r\u00eave aromatique luxueux de fleurs capiteuses et de verts nuanc\u00e9s. Pour cr\u00e9er cette essence exquise, 880 livres de fleurs sont r\u00e9colt\u00e9es pour produire une livre d&rsquo;huile. Lorsqu&rsquo;il est distill\u00e9 \u00e0 la perfection, l&rsquo;absolu offre une exp\u00e9rience bien plus riche et myst\u00e9rieuse que le n\u00e9roli distill\u00e9 \u00e0 la vapeur pour les nez avertis. Cette senteur mielleuse et sulfureuse est appliqu\u00e9e avec amour par les parfumeurs naturel et les amateurs de fleurs depuis des si\u00e8cles. Il est sans complexe, exotique et s\u00e9rieusement sexy.<\/p>\n<p><strong>Gousse de vanille<\/strong> <em>(Vanilla planifolia)<\/em> &#8211; La vanille chaude et riche enveloppe les sens dans une \u00e9treinte douce et sensuelle. La vanille velout\u00e9e fait fondre les tensions et donne envie de jouer, de jouer, de jouer&#8230;<\/p>\n<p><strong>Fleurs de camomille du Cap<\/strong><em> (Eriocephalus punctulatus)<\/em> &#8211; S&rsquo;impr\u00e9gner de cette fleur de beaut\u00e9 est une exp\u00e9rience d\u00e9licieuse. Living Libations Cape Chamomile \u00e9met des mol\u00e9cules de confort et de soin hypnotiques. Fleurs moelleuses est une huile distill\u00e9e \u00e0 la vapeur \u00e0 partir de champs de fleurs cultiv\u00e9es en Afrique du Sud, capturant un ar\u00f4me unique qui est un floral \u00e9th\u00e9r\u00e9, semblable \u00e0 celui des baies.<\/p>\n<p><strong>Mandarine Petitgrain<\/strong> <em>(Citrus deliciosa)<\/em> &#8211; Merry Mandarin Petitgrain \u00e9clate d&rsquo;un parfum frais et fruit\u00e9 et de la saveur douce et excitante des fleurs d&rsquo;oranger avec des chuchotements de prune. Distill\u00e9e \u00e0 la vapeur \u00e0 partir des feuilles et des jeunes fruits minuscules du mandarinier, l&rsquo;huile qui en r\u00e9sulte est aussi relaxante et apaisante que l&rsquo;huile essentielle huile mandarine, mais avec des niveaux \u00e9lev\u00e9s d&rsquo;esters calmants.<\/p>\n<p><strong>Bergamote<\/strong> <em>(Citrus bergamia)<\/em> &#8211; La bergamote bienveillante est fabriqu\u00e9e \u00e0 partir des d\u00e9licates pelures de l&rsquo;\u00e9corce presque m\u00fbre du fruit qui pousse sous le soleil hivernal de l&rsquo;Italie. Dot\u00e9e de tous les bienfaits des agrumes combin\u00e9s aux citrons et aux oranges, l&rsquo;huile de bergamote est cultiv\u00e9e pour ses bienfaits sur la peau et pour son parfum frais-foug\u00e8re, d&rsquo;agrumes ensoleill\u00e9s, presque floral, semblable au freesia.<\/p>\n<p><img fetchpriority=\"high\" decoding=\"async\" class=\"size-medium wp-image-68103 aligncenter\" src=\"https:\/\/dutchhealthstore.com\/wp-content\/uploads\/2018\/02\/Living-Libations-Organic-Logo-800x89.png\" alt=\"Living Libations - Organic Logo\" width=\"800\" height=\"89\" srcset=\"https:\/\/dutchhealthstore.com\/wp-content\/uploads\/2018\/02\/Living-Libations-Organic-Logo-800x89.png 800w, https:\/\/dutchhealthstore.com\/wp-content\/uploads\/2018\/02\/Living-Libations-Organic-Logo-510x57.png 510w, https:\/\/dutchhealthstore.com\/wp-content\/uploads\/2018\/02\/Living-Libations-Organic-Logo-768x85.png 768w, https:\/\/dutchhealthstore.com\/wp-content\/uploads\/2018\/02\/Living-Libations-Organic-Logo.png 1400w\" sizes=\"(max-width: 800px) 100vw, 800px\" \/><\/p>\n","protected":false},"excerpt":{"rendered":"<p>Les fleurs de n\u00e9roli s&rsquo;\u00e9panouissent dans ce parfum sulfureux et ensoleill\u00e9. Dans <strong>Fire Lily Petal Perfume<\/strong>, le soleil et les fleurs dansent dans une danse bergamote, tandis que l&rsquo;opulente vanille amplifie les tourbillons de la camomille du Cap sous un ciel d&rsquo;\u00e9t\u00e9. La mandarine Petitgrain anime le bouquet, sa riche saveur rafra\u00eechissant les notes d\u00e9sirables en jeu.<\/p>\n<p>&nbsp;<\/p>\n","protected":false},"featured_media":103697,"comment_status":"open","ping_status":"closed","template":"","meta":[],"product_brand":[],"product_cat":[1211,1209,1030,6817,6697,1010],"product_tag":[6739],"class_list":{"0":"post-103605","1":"product","2":"type-product","3":"status-publish","4":"has-post-thumbnail","6":"product_cat-living-libations-france","7":"product_cat-par-marques","8":"product_cat-par-produits","9":"product_cat-perfumes-fr","10":"product_cat-fragrances-fr","11":"product_cat-notre-boutique","12":"product_tag-perfume-fr","13":"pa_brand-livinglibations-fr","14":"pa_fragrances-product-type-perfumes-fr","15":"pa_fragrances-product-type-for-her-fr-2","16":"pa_gtin-7439657370311-fr","17":"pa_size-5-ml-fr","18":"pa_size-30-ml-fr","20":"first","21":"instock","22":"taxable","23":"shipping-taxable","24":"purchasable","25":"product-type-variable"},"bundled_by":[],"bundle_stock_status":"instock","bundle_stock_quantity":null,"bundle_virtual":false,"bundle_layout":"","bundle_add_to_cart_form_location":"","bundle_editable_in_cart":false,"bundle_sold_individually_context":"","bundle_item_grouping":"","bundle_min_size":"","bundle_max_size":"","bundle_price":[],"bundled_items":[],"bundle_sell_ids":[],"atum_controlled":true,"out_stock_date":null,"out_stock_threshold":null,"inheritable":true,"stock_on_hold":1,"sold_today":0,"sales_last_days":0,"out_stock_days":0,"lost_sales":0,"update_date":"2026-04-13T00:04:06","atum_locations":[],"atum_stock_status":"instock","restock_status":false,"low_stock_amount":"","sales_update_date":"2026-04-13T00:04:06","calc_backorders":null,"group_of_quantity":0,"min_quantity":0,"max_quantity":"","exclude_order_quantity_value_rules":"no","exclude_category_quantity_rules":"no","combine_variations":"no","yoast_head":"<!-- This site is optimized with the Yoast SEO Premium plugin v26.5 (Yoast SEO v26.5) - https:\/\/yoast.com\/wordpress\/plugins\/seo\/ -->\n<title>Petal Perfume - Fire Lily | Living Libations<\/title>\n<meta name=\"description\" content=\"Dans Fire Lily Petal Perfume, le soleil et les fleurs dansent dans une danse bergamote, tandis que l&#039;opulente vanille amplifie les tourbillons de la camomille du Cap sous un ciel d&#039;\u00e9t\u00e9.\" \/>\n<meta name=\"robots\" content=\"index, follow, max-snippet:-1, max-image-preview:large, max-video-preview:-1\" \/>\n<link rel=\"canonical\" href=\"https:\/\/dutchhealthstore.com\/fr\/product\/petal-perfume-fire-lily\/\" \/>\n<meta property=\"og:locale\" content=\"fr_FR\" \/>\n<meta property=\"og:type\" content=\"article\" \/>\n<meta property=\"og:title\" content=\"Petal Perfume - Fire Lily - Dutch Health Store\" \/>\n<meta property=\"og:description\" content=\"Dans Fire Lily Petal Perfume, le soleil et les fleurs dansent dans une danse bergamote, tandis que l&#039;opulente vanille amplifie les tourbillons de la camomille du Cap sous un ciel d&#039;\u00e9t\u00e9.\" \/>\n<meta property=\"og:url\" content=\"https:\/\/dutchhealthstore.com\/fr\/product\/petal-perfume-fire-lily\/\" \/>\n<meta property=\"og:site_name\" content=\"Dutch Health Store\" \/>\n<meta property=\"article:publisher\" content=\"https:\/\/www.instagram.com\/dutchhealthstore\/\" \/>\n<meta property=\"article:modified_time\" content=\"2025-09-26T06:43:42+00:00\" \/>\n<meta property=\"og:image\" content=\"https:\/\/dutchhealthstore.com\/wp-content\/uploads\/2020\/05\/Living-libations-Petal-Perfume-Fire-Lily-30-ml-1.jpg\" \/>\n\t<meta property=\"og:image:width\" content=\"500\" \/>\n\t<meta property=\"og:image:height\" content=\"500\" \/>\n\t<meta property=\"og:image:type\" content=\"image\/jpeg\" \/>\n<meta name=\"twitter:card\" content=\"summary_large_image\" \/>\n<meta name=\"twitter:label1\" content=\"Disponibilit\u00e9\" \/>\n\t<meta name=\"twitter:data1\" content=\"En stock\" \/>\n<script type=\"application\/ld+json\" class=\"yoast-schema-graph\">{\"@context\":\"https:\/\/schema.org\",\"@graph\":[{\"@type\":\"WebPage\",\"@id\":\"https:\/\/dutchhealthstore.com\/fr\/product\/petal-perfume-fire-lily\/\",\"url\":\"https:\/\/dutchhealthstore.com\/fr\/product\/petal-perfume-fire-lily\/\",\"name\":\"Petal Perfume - Fire Lily | Living Libations\",\"isPartOf\":{\"@id\":\"https:\/\/dutchhealthstore.com\/fr\/#website\"},\"primaryImageOfPage\":{\"@id\":\"https:\/\/dutchhealthstore.com\/fr\/product\/petal-perfume-fire-lily\/#primaryimage\"},\"image\":{\"@id\":\"https:\/\/dutchhealthstore.com\/fr\/product\/petal-perfume-fire-lily\/#primaryimage\"},\"thumbnailUrl\":\"https:\/\/dutchhealthstore.com\/wp-content\/uploads\/2020\/05\/Living-libations-Petal-Perfume-Fire-Lily-30-ml-1.jpg\",\"datePublished\":\"2020-05-28T09:37:59+00:00\",\"dateModified\":\"2025-09-26T06:43:42+00:00\",\"description\":\"Dans Fire Lily Petal Perfume, le soleil et les fleurs dansent dans une danse bergamote, tandis que l'opulente vanille amplifie les tourbillons de la camomille du Cap sous un ciel d'\u00e9t\u00e9.\",\"breadcrumb\":{\"@id\":\"https:\/\/dutchhealthstore.com\/fr\/product\/petal-perfume-fire-lily\/#breadcrumb\"},\"inLanguage\":\"fr-FR\",\"potentialAction\":[{\"@type\":\"ReadAction\",\"target\":[\"https:\/\/dutchhealthstore.com\/fr\/product\/petal-perfume-fire-lily\/\"]}]},{\"@type\":\"ImageObject\",\"inLanguage\":\"fr-FR\",\"@id\":\"https:\/\/dutchhealthstore.com\/fr\/product\/petal-perfume-fire-lily\/#primaryimage\",\"url\":\"https:\/\/dutchhealthstore.com\/wp-content\/uploads\/2020\/05\/Living-libations-Petal-Perfume-Fire-Lily-30-ml-1.jpg\",\"contentUrl\":\"https:\/\/dutchhealthstore.com\/wp-content\/uploads\/2020\/05\/Living-libations-Petal-Perfume-Fire-Lily-30-ml-1.jpg\",\"width\":500,\"height\":500,\"caption\":\"Living libations - Petal Perfume - Fire Lily 30 ml\"},{\"@type\":\"BreadcrumbList\",\"@id\":\"https:\/\/dutchhealthstore.com\/fr\/product\/petal-perfume-fire-lily\/#breadcrumb\",\"itemListElement\":[{\"@type\":\"ListItem\",\"position\":1,\"name\":\"Home\",\"item\":\"https:\/\/dutchhealthstore.com\/fr\/\"},{\"@type\":\"ListItem\",\"position\":2,\"name\":\"Shop\",\"item\":\"https:\/\/dutchhealthstore.com\/fr\/shop\/\"},{\"@type\":\"ListItem\",\"position\":3,\"name\":\"Petal Perfume &#8211; Fire Lily\"}]},{\"@type\":\"WebSite\",\"@id\":\"https:\/\/dutchhealthstore.com\/fr\/#website\",\"url\":\"https:\/\/dutchhealthstore.com\/fr\/\",\"name\":\"Dutch Health Store\",\"description\":\"Enhance Your Beauty with Organic &amp; Natural Skincare\",\"publisher\":{\"@id\":\"https:\/\/dutchhealthstore.com\/fr\/#organization\"},\"potentialAction\":[{\"@type\":\"SearchAction\",\"target\":{\"@type\":\"EntryPoint\",\"urlTemplate\":\"https:\/\/dutchhealthstore.com\/fr\/?s={search_term_string}\"},\"query-input\":{\"@type\":\"PropertyValueSpecification\",\"valueRequired\":true,\"valueName\":\"search_term_string\"}}],\"inLanguage\":\"fr-FR\"},{\"@type\":\"Organization\",\"@id\":\"https:\/\/dutchhealthstore.com\/fr\/#organization\",\"name\":\"Dutch Health Store\",\"url\":\"https:\/\/dutchhealthstore.com\/fr\/\",\"logo\":{\"@type\":\"ImageObject\",\"inLanguage\":\"fr-FR\",\"@id\":\"https:\/\/dutchhealthstore.com\/fr\/#\/schema\/logo\/image\/\",\"url\":\"https:\/\/dutchhealthstore.com\/wp-content\/uploads\/2020\/08\/logo-dutchhealthstore-jpg-e1599484957574.jpg\",\"contentUrl\":\"https:\/\/dutchhealthstore.com\/wp-content\/uploads\/2020\/08\/logo-dutchhealthstore-jpg-e1599484957574.jpg\",\"width\":400,\"height\":62,\"caption\":\"Dutch Health Store\"},\"image\":{\"@id\":\"https:\/\/dutchhealthstore.com\/fr\/#\/schema\/logo\/image\/\"},\"sameAs\":[\"https:\/\/www.instagram.com\/dutchhealthstore\/\",\"https:\/\/www.facebook.com\/dutchhealthstore\"]}]}<\/script>\n<meta property=\"product:brand\" content=\"Living Libations\" \/>\n<meta property=\"og:availability\" content=\"instock\" \/>\n<meta property=\"product:availability\" content=\"instock\" \/>\n<meta property=\"product:condition\" content=\"new\" \/>\n<!-- \/ Yoast SEO Premium plugin. -->","yoast_head_json":{"title":"Petal Perfume - Fire Lily | Living Libations","description":"Dans Fire Lily Petal Perfume, le soleil et les fleurs dansent dans une danse bergamote, tandis que l'opulente vanille amplifie les tourbillons de la camomille du Cap sous un ciel d'\u00e9t\u00e9.","robots":{"index":"index","follow":"follow","max-snippet":"max-snippet:-1","max-image-preview":"max-image-preview:large","max-video-preview":"max-video-preview:-1"},"canonical":"https:\/\/dutchhealthstore.com\/fr\/product\/petal-perfume-fire-lily\/","og_locale":"fr_FR","og_type":"article","og_title":"Petal Perfume - Fire Lily - Dutch Health Store","og_description":"Dans Fire Lily Petal Perfume, le soleil et les fleurs dansent dans une danse bergamote, tandis que l'opulente vanille amplifie les tourbillons de la camomille du Cap sous un ciel d'\u00e9t\u00e9.","og_url":"https:\/\/dutchhealthstore.com\/fr\/product\/petal-perfume-fire-lily\/","og_site_name":"Dutch Health Store","article_publisher":"https:\/\/www.instagram.com\/dutchhealthstore\/","article_modified_time":"2025-09-26T06:43:42+00:00","og_image":[{"width":500,"height":500,"url":"https:\/\/dutchhealthstore.com\/wp-content\/uploads\/2020\/05\/Living-libations-Petal-Perfume-Fire-Lily-30-ml-1.jpg","type":"image\/jpeg"}],"twitter_card":"summary_large_image","twitter_misc":{"Disponibilit\u00e9":"En stock"},"schema":{"@context":"https:\/\/schema.org","@graph":[{"@type":"WebPage","@id":"https:\/\/dutchhealthstore.com\/fr\/product\/petal-perfume-fire-lily\/","url":"https:\/\/dutchhealthstore.com\/fr\/product\/petal-perfume-fire-lily\/","name":"Petal Perfume - Fire Lily | Living Libations","isPartOf":{"@id":"https:\/\/dutchhealthstore.com\/fr\/#website"},"primaryImageOfPage":{"@id":"https:\/\/dutchhealthstore.com\/fr\/product\/petal-perfume-fire-lily\/#primaryimage"},"image":{"@id":"https:\/\/dutchhealthstore.com\/fr\/product\/petal-perfume-fire-lily\/#primaryimage"},"thumbnailUrl":"https:\/\/dutchhealthstore.com\/wp-content\/uploads\/2020\/05\/Living-libations-Petal-Perfume-Fire-Lily-30-ml-1.jpg","datePublished":"2020-05-28T09:37:59+00:00","dateModified":"2025-09-26T06:43:42+00:00","description":"Dans Fire Lily Petal Perfume, le soleil et les fleurs dansent dans une danse bergamote, tandis que l'opulente vanille amplifie les tourbillons de la camomille du Cap sous un ciel d'\u00e9t\u00e9.","breadcrumb":{"@id":"https:\/\/dutchhealthstore.com\/fr\/product\/petal-perfume-fire-lily\/#breadcrumb"},"inLanguage":"fr-FR","potentialAction":[{"@type":"ReadAction","target":["https:\/\/dutchhealthstore.com\/fr\/product\/petal-perfume-fire-lily\/"]}]},{"@type":"ImageObject","inLanguage":"fr-FR","@id":"https:\/\/dutchhealthstore.com\/fr\/product\/petal-perfume-fire-lily\/#primaryimage","url":"https:\/\/dutchhealthstore.com\/wp-content\/uploads\/2020\/05\/Living-libations-Petal-Perfume-Fire-Lily-30-ml-1.jpg","contentUrl":"https:\/\/dutchhealthstore.com\/wp-content\/uploads\/2020\/05\/Living-libations-Petal-Perfume-Fire-Lily-30-ml-1.jpg","width":500,"height":500,"caption":"Living libations - Petal Perfume - Fire Lily 30 ml"},{"@type":"BreadcrumbList","@id":"https:\/\/dutchhealthstore.com\/fr\/product\/petal-perfume-fire-lily\/#breadcrumb","itemListElement":[{"@type":"ListItem","position":1,"name":"Home","item":"https:\/\/dutchhealthstore.com\/fr\/"},{"@type":"ListItem","position":2,"name":"Shop","item":"https:\/\/dutchhealthstore.com\/fr\/shop\/"},{"@type":"ListItem","position":3,"name":"Petal Perfume &#8211; Fire Lily"}]},{"@type":"WebSite","@id":"https:\/\/dutchhealthstore.com\/fr\/#website","url":"https:\/\/dutchhealthstore.com\/fr\/","name":"Dutch Health Store","description":"Enhance Your Beauty with Organic &amp; Natural Skincare","publisher":{"@id":"https:\/\/dutchhealthstore.com\/fr\/#organization"},"potentialAction":[{"@type":"SearchAction","target":{"@type":"EntryPoint","urlTemplate":"https:\/\/dutchhealthstore.com\/fr\/?s={search_term_string}"},"query-input":{"@type":"PropertyValueSpecification","valueRequired":true,"valueName":"search_term_string"}}],"inLanguage":"fr-FR"},{"@type":"Organization","@id":"https:\/\/dutchhealthstore.com\/fr\/#organization","name":"Dutch Health Store","url":"https:\/\/dutchhealthstore.com\/fr\/","logo":{"@type":"ImageObject","inLanguage":"fr-FR","@id":"https:\/\/dutchhealthstore.com\/fr\/#\/schema\/logo\/image\/","url":"https:\/\/dutchhealthstore.com\/wp-content\/uploads\/2020\/08\/logo-dutchhealthstore-jpg-e1599484957574.jpg","contentUrl":"https:\/\/dutchhealthstore.com\/wp-content\/uploads\/2020\/08\/logo-dutchhealthstore-jpg-e1599484957574.jpg","width":400,"height":62,"caption":"Dutch Health Store"},"image":{"@id":"https:\/\/dutchhealthstore.com\/fr\/#\/schema\/logo\/image\/"},"sameAs":["https:\/\/www.instagram.com\/dutchhealthstore\/","https:\/\/www.facebook.com\/dutchhealthstore"]}]},"product_brand":"Living Libations","og_availability":"instock","product_availability":"instock","product_condition":"new"},"_links":{"self":[{"href":"https:\/\/dutchhealthstore.com\/fr\/wp-json\/wp\/v2\/product\/103605","targetHints":{"allow":["GET"]}}],"collection":[{"href":"https:\/\/dutchhealthstore.com\/fr\/wp-json\/wp\/v2\/product"}],"about":[{"href":"https:\/\/dutchhealthstore.com\/fr\/wp-json\/wp\/v2\/types\/product"}],"replies":[{"embeddable":true,"href":"https:\/\/dutchhealthstore.com\/fr\/wp-json\/wp\/v2\/comments?post=103605"}],"wp:featuredmedia":[{"embeddable":true,"href":"https:\/\/dutchhealthstore.com\/fr\/wp-json\/wp\/v2\/media\/103697"}],"wp:attachment":[{"href":"https:\/\/dutchhealthstore.com\/fr\/wp-json\/wp\/v2\/media?parent=103605"}],"wp:term":[{"taxonomy":"product_brand","embeddable":true,"href":"https:\/\/dutchhealthstore.com\/fr\/wp-json\/wp\/v2\/product_brand?post=103605"},{"taxonomy":"product_cat","embeddable":true,"href":"https:\/\/dutchhealthstore.com\/fr\/wp-json\/wp\/v2\/product_cat?post=103605"},{"taxonomy":"product_tag","embeddable":true,"href":"https:\/\/dutchhealthstore.com\/fr\/wp-json\/wp\/v2\/product_tag?post=103605"}],"curies":[{"name":"wp","href":"https:\/\/api.w.org\/{rel}","templated":true}]}}