{"id":103582,"date":"2020-05-26T08:51:53","date_gmt":"2020-05-26T08:51:53","guid":{"rendered":"https:\/\/dutchhealthstore.com\/product\/petal-perfume-lavish-abundance\/"},"modified":"2026-02-21T19:56:42","modified_gmt":"2026-02-21T18:56:42","slug":"petal-perfume-lavish-abundance","status":"publish","type":"product","link":"https:\/\/dutchhealthstore.com\/fr\/product\/petal-perfume-lavish-abundance\/","title":{"rendered":"Petal Perfume &#8211; Lavish Abundance"},"content":{"rendered":"<p><img decoding=\"async\" class=\"size-full wp-image-69549 alignright\" src=\"https:\/\/dutchhealthstore.com\/wp-content\/uploads\/2019\/08\/NEW-Living-Libations-Logo.jpg\" alt=\"NEW - Living Libations - Logo\" width=\"175\" height=\"82\">Ce parfum est n\u00e9 pour inspirer.<\/p>\n<p>Respirez, laissez vous aller et profitez de l&rsquo;\u00e9clat du parfum port\u00e9 par la d\u00e9esse Isis elle-m\u00eame. La somptueuse lavande se trouve au chevet de Jasmine tandis que la d\u00e9licieuse vanille pr\u00e9pare un chemin vers la puret\u00e9. Des agrumes exquis \u00e9clairent l&rsquo;auditeur dans une histoire odorante aux profondeurs \u00e9rog\u00e8nes infinies&#8230; pour aboutir \u00e0 un bouquet somptueux qui vous tient compagnie comme une brise chaude un jour de printemps tandis que votre c\u0153ur bat la chamade.<\/p>\n<p>Plongez dans la l\u00e9g\u00e8ret\u00e9 et le rire en c\u00e9l\u00e9brant votre abondance.<\/p>\n<h3>Comment utiliser<\/h3>\n<p>Pour des r\u00e9sultats plus aromatiques, vaporisez sur la poitrine, le cou ou les points de pulsation. Les effets somptueux et stimulants de ce parfum sont parfaits pour faire de votre espace un lieu o\u00f9 vous pouvez vous sentir au mieux de votre forme ou pour vous calmer et vous d\u00e9tendre apr\u00e8s une longue journ\u00e9e.<\/p>\n<p><strong>Taille: 5 ml et 30 ml<\/strong><\/p>\n<h3 class=\"yikes-custom-woo-tab-title yikes-custom-woo-tab-title-natural-organic-ingredients\">Natural\/Organic Ingredients<\/h3>\n<p><strong>Vanille<\/strong> <em>(vanilla planifolia)<\/em> &#8211; La vanille velout\u00e9e est un inspirateur de d\u00e9sir tristement c\u00e9l\u00e8bre. Sa douce \u00e9treinte de chaleur mielleuse fait fondre les tensions tout en se d\u00e9tendant dans le jeu.<\/p>\n<p><strong>Jasmin Sambac<\/strong> <em>(Jasminium sambac)<\/em> &#8211; Jasmin juteux est fabriqu\u00e9 \u00e0 l&rsquo;\u00e9tat sauvage en Inde, puis\u00e9 dans les profondeurs parfum\u00e9es des fleurs de jasmin sambac \u00e0 floraison nocturne. Contrairement au jasmin grandiflorum, qui ouvre ses p\u00e9tales \u00e0 l&rsquo;aube, le jasmin Sambac communie avec le myst\u00e8re de la lune et des \u00e9toiles, capturant l&rsquo;essence parfum\u00e9e des nuits chaudes sans fin.<\/p>\n<p><strong>Lavande <\/strong><em><strong>(<\/strong>Lavendula angustifolia)<\/em> &#8211; La belle lavande allume le lilas dans ce parfum avec une fusion florale de notes d&rsquo;am\u00e9thyste qui percolent un paradis paisible.<\/p>\n<p><strong>Citron<\/strong><em> (Citrus limon)<\/em> &#8211; L&rsquo;essence de citron vivifiante rehausse la floraison de ce parfum et offre des avantages infinis pour l&rsquo;esprit, le corps et l&rsquo;\u00e2me. Il s&rsquo;agit d&rsquo;un zeste joyeux et revigorant qui fait ressortir le meilleur du gard\u00e9nia et du jasmin. Le citron apporte de la l\u00e9g\u00e8ret\u00e9 dans un monde de grande abondance.<\/p>\n<p><strong>Alcool biologique biodynamique<\/strong> &#8211; Notre alcool de raisin neutre, biologique, cultiv\u00e9 de mani\u00e8re biodynamique, d&rsquo;une teneur de 190 degr\u00e9s, est filtr\u00e9 en trois \u00e9tapes pour garantir le plus haut niveau de puret\u00e9. De plus, il est test\u00e9 par un laboratoire ind\u00e9pendant pour garantir que cet alcool biologique est de qualit\u00e9 pharmaceutique et r\u00e9pond aux normes de la pharmacop\u00e9e am\u00e9ricaine.<\/p>\n<p><img fetchpriority=\"high\" decoding=\"async\" class=\"size-medium wp-image-68103 aligncenter\" src=\"https:\/\/dutchhealthstore.com\/wp-content\/uploads\/2018\/02\/Living-Libations-Organic-Logo-800x89.png\" alt=\"Living Libations - Organic Logo\" width=\"800\" height=\"89\" srcset=\"https:\/\/dutchhealthstore.com\/wp-content\/uploads\/2018\/02\/Living-Libations-Organic-Logo-800x89.png 800w, https:\/\/dutchhealthstore.com\/wp-content\/uploads\/2018\/02\/Living-Libations-Organic-Logo-510x57.png 510w, https:\/\/dutchhealthstore.com\/wp-content\/uploads\/2018\/02\/Living-Libations-Organic-Logo-768x85.png 768w, https:\/\/dutchhealthstore.com\/wp-content\/uploads\/2018\/02\/Living-Libations-Organic-Logo.png 1400w\" sizes=\"(max-width: 800px) 100vw, 800px\" \/><\/p>\n","protected":false},"excerpt":{"rendered":"<p>Le parfum <strong>Lavish <\/strong><strong>Abundance<\/strong> Levity Petal est un sublime tonique pour le sourire, dont l&rsquo;ar\u00f4me luxuriant dissimule son impact stimulant. La vanille, le jasmin sauvage, la lavande et le citron se r\u00e9unissent dans un m\u00e9lange exquis qui a \u00e9t\u00e9 qualifi\u00e9 de \u00ab\u00a0<em>chef-d&rsquo;\u0153uvre po\u00e9tique dans une bouteille\u00a0\u00bb.<\/em>\u00a0\u00bb<\/p>\n<p>&nbsp;<\/p>\n","protected":false},"featured_media":284312,"comment_status":"open","ping_status":"closed","template":"","meta":[],"product_brand":[],"product_cat":[1211,1209,1030,6817,6697,1010],"product_tag":[21668,21811,21820,6739],"class_list":{"0":"post-103582","1":"product","2":"type-product","3":"status-publish","4":"has-post-thumbnail","6":"product_cat-living-libations-france","7":"product_cat-par-marques","8":"product_cat-par-produits","9":"product_cat-perfumes-fr","10":"product_cat-fragrances-fr","11":"product_cat-notre-boutique","12":"product_tag-arome","13":"product_tag-natural-fr","14":"product_tag-parfum-fr","15":"product_tag-perfume-fr","16":"pa_brand-livinglibations-fr","17":"pa_fragrances-product-type-perfumes-fr","18":"pa_fragrances-product-type-for-her-fr-2","19":"pa_gtin-7439657369346-fr","20":"pa_size-30-ml-fr","21":"pa_size-5-ml-fr","23":"first","24":"instock","25":"taxable","26":"shipping-taxable","27":"purchasable","28":"product-type-variable"},"bundled_by":[],"bundle_stock_status":"instock","bundle_stock_quantity":null,"bundle_virtual":false,"bundle_layout":"","bundle_add_to_cart_form_location":"","bundle_editable_in_cart":false,"bundle_sold_individually_context":"","bundle_item_grouping":"","bundle_min_size":"","bundle_max_size":"","bundle_price":[],"bundled_items":[],"bundle_sell_ids":[],"atum_controlled":true,"out_stock_date":null,"out_stock_threshold":null,"inheritable":true,"stock_on_hold":2,"sold_today":0,"sales_last_days":0,"out_stock_days":0,"lost_sales":0,"update_date":"2026-04-13T00:04:05","atum_locations":[],"atum_stock_status":"instock","restock_status":false,"low_stock_amount":"","sales_update_date":"2026-04-13T00:04:05","calc_backorders":null,"group_of_quantity":0,"min_quantity":0,"max_quantity":"","exclude_order_quantity_value_rules":"no","exclude_category_quantity_rules":"no","combine_variations":"no","yoast_head":"<!-- This site is optimized with the Yoast SEO Premium plugin v26.5 (Yoast SEO v26.5) - https:\/\/yoast.com\/wordpress\/plugins\/seo\/ -->\n<title>Petal Perfume - Lavish Abundance | Living Libations<\/title>\n<meta name=\"description\" content=\"Lavish Abundance Levity Petal Perfume est un sublime tonique pour le sourire, dont l&#039;ar\u00f4me luxuriant dissimule son impact stimulant.\" \/>\n<meta name=\"robots\" content=\"index, follow, max-snippet:-1, max-image-preview:large, max-video-preview:-1\" \/>\n<link rel=\"canonical\" href=\"https:\/\/dutchhealthstore.com\/fr\/product\/petal-perfume-lavish-abundance\/\" \/>\n<meta property=\"og:locale\" content=\"fr_FR\" \/>\n<meta property=\"og:type\" content=\"article\" \/>\n<meta property=\"og:title\" content=\"Petal Perfume - Lavish Abundance - Dutch Health Store\" \/>\n<meta property=\"og:description\" content=\"Lavish Abundance Levity Petal Perfume est un sublime tonique pour le sourire, dont l&#039;ar\u00f4me luxuriant dissimule son impact stimulant.\" \/>\n<meta property=\"og:url\" content=\"https:\/\/dutchhealthstore.com\/fr\/product\/petal-perfume-lavish-abundance\/\" \/>\n<meta property=\"og:site_name\" content=\"Dutch Health Store\" \/>\n<meta property=\"article:publisher\" content=\"https:\/\/www.instagram.com\/dutchhealthstore\/\" \/>\n<meta property=\"article:modified_time\" content=\"2026-02-21T18:56:42+00:00\" \/>\n<meta property=\"og:image\" content=\"https:\/\/dutchhealthstore.com\/wp-content\/uploads\/2020\/05\/ll-petal-perfume-lavish-30ml.jpg\" \/>\n\t<meta property=\"og:image:width\" content=\"526\" \/>\n\t<meta property=\"og:image:height\" content=\"526\" \/>\n\t<meta property=\"og:image:type\" content=\"image\/jpeg\" \/>\n<meta name=\"twitter:card\" content=\"summary_large_image\" \/>\n<meta name=\"twitter:label1\" content=\"Disponibilit\u00e9\" \/>\n\t<meta name=\"twitter:data1\" content=\"En stock\" \/>\n<script type=\"application\/ld+json\" class=\"yoast-schema-graph\">{\"@context\":\"https:\/\/schema.org\",\"@graph\":[{\"@type\":\"WebPage\",\"@id\":\"https:\/\/dutchhealthstore.com\/fr\/product\/petal-perfume-lavish-abundance\/\",\"url\":\"https:\/\/dutchhealthstore.com\/fr\/product\/petal-perfume-lavish-abundance\/\",\"name\":\"Petal Perfume - Lavish Abundance | Living Libations\",\"isPartOf\":{\"@id\":\"https:\/\/dutchhealthstore.com\/fr\/#website\"},\"primaryImageOfPage\":{\"@id\":\"https:\/\/dutchhealthstore.com\/fr\/product\/petal-perfume-lavish-abundance\/#primaryimage\"},\"image\":{\"@id\":\"https:\/\/dutchhealthstore.com\/fr\/product\/petal-perfume-lavish-abundance\/#primaryimage\"},\"thumbnailUrl\":\"https:\/\/dutchhealthstore.com\/wp-content\/uploads\/2020\/05\/ll-petal-perfume-lavish-30ml.jpg\",\"datePublished\":\"2020-05-26T08:51:53+00:00\",\"dateModified\":\"2026-02-21T18:56:42+00:00\",\"description\":\"Lavish Abundance Levity Petal Perfume est un sublime tonique pour le sourire, dont l'ar\u00f4me luxuriant dissimule son impact stimulant.\",\"breadcrumb\":{\"@id\":\"https:\/\/dutchhealthstore.com\/fr\/product\/petal-perfume-lavish-abundance\/#breadcrumb\"},\"inLanguage\":\"fr-FR\",\"potentialAction\":[{\"@type\":\"ReadAction\",\"target\":[\"https:\/\/dutchhealthstore.com\/fr\/product\/petal-perfume-lavish-abundance\/\"]}]},{\"@type\":\"ImageObject\",\"inLanguage\":\"fr-FR\",\"@id\":\"https:\/\/dutchhealthstore.com\/fr\/product\/petal-perfume-lavish-abundance\/#primaryimage\",\"url\":\"https:\/\/dutchhealthstore.com\/wp-content\/uploads\/2020\/05\/ll-petal-perfume-lavish-30ml.jpg\",\"contentUrl\":\"https:\/\/dutchhealthstore.com\/wp-content\/uploads\/2020\/05\/ll-petal-perfume-lavish-30ml.jpg\",\"width\":526,\"height\":526,\"caption\":\"ll-petal-perfume-lavish-30ml\"},{\"@type\":\"BreadcrumbList\",\"@id\":\"https:\/\/dutchhealthstore.com\/fr\/product\/petal-perfume-lavish-abundance\/#breadcrumb\",\"itemListElement\":[{\"@type\":\"ListItem\",\"position\":1,\"name\":\"Home\",\"item\":\"https:\/\/dutchhealthstore.com\/fr\/\"},{\"@type\":\"ListItem\",\"position\":2,\"name\":\"Shop\",\"item\":\"https:\/\/dutchhealthstore.com\/fr\/shop\/\"},{\"@type\":\"ListItem\",\"position\":3,\"name\":\"Petal Perfume &#8211; Lavish Abundance\"}]},{\"@type\":\"WebSite\",\"@id\":\"https:\/\/dutchhealthstore.com\/fr\/#website\",\"url\":\"https:\/\/dutchhealthstore.com\/fr\/\",\"name\":\"Dutch Health Store\",\"description\":\"Enhance Your Beauty with Organic &amp; Natural Skincare\",\"publisher\":{\"@id\":\"https:\/\/dutchhealthstore.com\/fr\/#organization\"},\"potentialAction\":[{\"@type\":\"SearchAction\",\"target\":{\"@type\":\"EntryPoint\",\"urlTemplate\":\"https:\/\/dutchhealthstore.com\/fr\/?s={search_term_string}\"},\"query-input\":{\"@type\":\"PropertyValueSpecification\",\"valueRequired\":true,\"valueName\":\"search_term_string\"}}],\"inLanguage\":\"fr-FR\"},{\"@type\":\"Organization\",\"@id\":\"https:\/\/dutchhealthstore.com\/fr\/#organization\",\"name\":\"Dutch Health Store\",\"url\":\"https:\/\/dutchhealthstore.com\/fr\/\",\"logo\":{\"@type\":\"ImageObject\",\"inLanguage\":\"fr-FR\",\"@id\":\"https:\/\/dutchhealthstore.com\/fr\/#\/schema\/logo\/image\/\",\"url\":\"https:\/\/dutchhealthstore.com\/wp-content\/uploads\/2020\/08\/logo-dutchhealthstore-jpg-e1599484957574.jpg\",\"contentUrl\":\"https:\/\/dutchhealthstore.com\/wp-content\/uploads\/2020\/08\/logo-dutchhealthstore-jpg-e1599484957574.jpg\",\"width\":400,\"height\":62,\"caption\":\"Dutch Health Store\"},\"image\":{\"@id\":\"https:\/\/dutchhealthstore.com\/fr\/#\/schema\/logo\/image\/\"},\"sameAs\":[\"https:\/\/www.instagram.com\/dutchhealthstore\/\",\"https:\/\/www.facebook.com\/dutchhealthstore\"]}]}<\/script>\n<meta property=\"product:brand\" content=\"Living Libations\" \/>\n<meta property=\"og:availability\" content=\"instock\" \/>\n<meta property=\"product:availability\" content=\"instock\" \/>\n<meta property=\"product:condition\" content=\"new\" \/>\n<!-- \/ Yoast SEO Premium plugin. -->","yoast_head_json":{"title":"Petal Perfume - Lavish Abundance | Living Libations","description":"Lavish Abundance Levity Petal Perfume est un sublime tonique pour le sourire, dont l'ar\u00f4me luxuriant dissimule son impact stimulant.","robots":{"index":"index","follow":"follow","max-snippet":"max-snippet:-1","max-image-preview":"max-image-preview:large","max-video-preview":"max-video-preview:-1"},"canonical":"https:\/\/dutchhealthstore.com\/fr\/product\/petal-perfume-lavish-abundance\/","og_locale":"fr_FR","og_type":"article","og_title":"Petal Perfume - Lavish Abundance - Dutch Health Store","og_description":"Lavish Abundance Levity Petal Perfume est un sublime tonique pour le sourire, dont l'ar\u00f4me luxuriant dissimule son impact stimulant.","og_url":"https:\/\/dutchhealthstore.com\/fr\/product\/petal-perfume-lavish-abundance\/","og_site_name":"Dutch Health Store","article_publisher":"https:\/\/www.instagram.com\/dutchhealthstore\/","article_modified_time":"2026-02-21T18:56:42+00:00","og_image":[{"width":526,"height":526,"url":"https:\/\/dutchhealthstore.com\/wp-content\/uploads\/2020\/05\/ll-petal-perfume-lavish-30ml.jpg","type":"image\/jpeg"}],"twitter_card":"summary_large_image","twitter_misc":{"Disponibilit\u00e9":"En stock"},"schema":{"@context":"https:\/\/schema.org","@graph":[{"@type":"WebPage","@id":"https:\/\/dutchhealthstore.com\/fr\/product\/petal-perfume-lavish-abundance\/","url":"https:\/\/dutchhealthstore.com\/fr\/product\/petal-perfume-lavish-abundance\/","name":"Petal Perfume - Lavish Abundance | Living Libations","isPartOf":{"@id":"https:\/\/dutchhealthstore.com\/fr\/#website"},"primaryImageOfPage":{"@id":"https:\/\/dutchhealthstore.com\/fr\/product\/petal-perfume-lavish-abundance\/#primaryimage"},"image":{"@id":"https:\/\/dutchhealthstore.com\/fr\/product\/petal-perfume-lavish-abundance\/#primaryimage"},"thumbnailUrl":"https:\/\/dutchhealthstore.com\/wp-content\/uploads\/2020\/05\/ll-petal-perfume-lavish-30ml.jpg","datePublished":"2020-05-26T08:51:53+00:00","dateModified":"2026-02-21T18:56:42+00:00","description":"Lavish Abundance Levity Petal Perfume est un sublime tonique pour le sourire, dont l'ar\u00f4me luxuriant dissimule son impact stimulant.","breadcrumb":{"@id":"https:\/\/dutchhealthstore.com\/fr\/product\/petal-perfume-lavish-abundance\/#breadcrumb"},"inLanguage":"fr-FR","potentialAction":[{"@type":"ReadAction","target":["https:\/\/dutchhealthstore.com\/fr\/product\/petal-perfume-lavish-abundance\/"]}]},{"@type":"ImageObject","inLanguage":"fr-FR","@id":"https:\/\/dutchhealthstore.com\/fr\/product\/petal-perfume-lavish-abundance\/#primaryimage","url":"https:\/\/dutchhealthstore.com\/wp-content\/uploads\/2020\/05\/ll-petal-perfume-lavish-30ml.jpg","contentUrl":"https:\/\/dutchhealthstore.com\/wp-content\/uploads\/2020\/05\/ll-petal-perfume-lavish-30ml.jpg","width":526,"height":526,"caption":"ll-petal-perfume-lavish-30ml"},{"@type":"BreadcrumbList","@id":"https:\/\/dutchhealthstore.com\/fr\/product\/petal-perfume-lavish-abundance\/#breadcrumb","itemListElement":[{"@type":"ListItem","position":1,"name":"Home","item":"https:\/\/dutchhealthstore.com\/fr\/"},{"@type":"ListItem","position":2,"name":"Shop","item":"https:\/\/dutchhealthstore.com\/fr\/shop\/"},{"@type":"ListItem","position":3,"name":"Petal Perfume &#8211; Lavish Abundance"}]},{"@type":"WebSite","@id":"https:\/\/dutchhealthstore.com\/fr\/#website","url":"https:\/\/dutchhealthstore.com\/fr\/","name":"Dutch Health Store","description":"Enhance Your Beauty with Organic &amp; Natural Skincare","publisher":{"@id":"https:\/\/dutchhealthstore.com\/fr\/#organization"},"potentialAction":[{"@type":"SearchAction","target":{"@type":"EntryPoint","urlTemplate":"https:\/\/dutchhealthstore.com\/fr\/?s={search_term_string}"},"query-input":{"@type":"PropertyValueSpecification","valueRequired":true,"valueName":"search_term_string"}}],"inLanguage":"fr-FR"},{"@type":"Organization","@id":"https:\/\/dutchhealthstore.com\/fr\/#organization","name":"Dutch Health Store","url":"https:\/\/dutchhealthstore.com\/fr\/","logo":{"@type":"ImageObject","inLanguage":"fr-FR","@id":"https:\/\/dutchhealthstore.com\/fr\/#\/schema\/logo\/image\/","url":"https:\/\/dutchhealthstore.com\/wp-content\/uploads\/2020\/08\/logo-dutchhealthstore-jpg-e1599484957574.jpg","contentUrl":"https:\/\/dutchhealthstore.com\/wp-content\/uploads\/2020\/08\/logo-dutchhealthstore-jpg-e1599484957574.jpg","width":400,"height":62,"caption":"Dutch Health Store"},"image":{"@id":"https:\/\/dutchhealthstore.com\/fr\/#\/schema\/logo\/image\/"},"sameAs":["https:\/\/www.instagram.com\/dutchhealthstore\/","https:\/\/www.facebook.com\/dutchhealthstore"]}]},"product_brand":"Living Libations","og_availability":"instock","product_availability":"instock","product_condition":"new"},"_links":{"self":[{"href":"https:\/\/dutchhealthstore.com\/fr\/wp-json\/wp\/v2\/product\/103582","targetHints":{"allow":["GET"]}}],"collection":[{"href":"https:\/\/dutchhealthstore.com\/fr\/wp-json\/wp\/v2\/product"}],"about":[{"href":"https:\/\/dutchhealthstore.com\/fr\/wp-json\/wp\/v2\/types\/product"}],"replies":[{"embeddable":true,"href":"https:\/\/dutchhealthstore.com\/fr\/wp-json\/wp\/v2\/comments?post=103582"}],"wp:featuredmedia":[{"embeddable":true,"href":"https:\/\/dutchhealthstore.com\/fr\/wp-json\/wp\/v2\/media\/284312"}],"wp:attachment":[{"href":"https:\/\/dutchhealthstore.com\/fr\/wp-json\/wp\/v2\/media?parent=103582"}],"wp:term":[{"taxonomy":"product_brand","embeddable":true,"href":"https:\/\/dutchhealthstore.com\/fr\/wp-json\/wp\/v2\/product_brand?post=103582"},{"taxonomy":"product_cat","embeddable":true,"href":"https:\/\/dutchhealthstore.com\/fr\/wp-json\/wp\/v2\/product_cat?post=103582"},{"taxonomy":"product_tag","embeddable":true,"href":"https:\/\/dutchhealthstore.com\/fr\/wp-json\/wp\/v2\/product_tag?post=103582"}],"curies":[{"name":"wp","href":"https:\/\/api.w.org\/{rel}","templated":true}]}}