{"id":103541,"date":"2020-05-26T11:41:45","date_gmt":"2020-05-26T11:41:45","guid":{"rendered":"https:\/\/dutchhealthstore.com\/product\/petal-perfume-being-free-is-lots-of-fun\/"},"modified":"2026-03-24T09:35:03","modified_gmt":"2026-03-24T08:35:03","slug":"petal-perfume-being-free-is-lots-of-fun","status":"publish","type":"product","link":"https:\/\/dutchhealthstore.com\/fr\/product\/petal-perfume-being-free-is-lots-of-fun\/","title":{"rendered":"Petal Perfume &#8211; Being Free is Lots of Fun"},"content":{"rendered":"<p><img decoding=\"async\" class=\"size-full wp-image-69549 alignright\" src=\"https:\/\/dutchhealthstore.com\/wp-content\/uploads\/2019\/08\/NEW-Living-Libations-Logo.jpg\" alt=\"NEW - Living Libations - Logo\" width=\"175\" height=\"82\"><\/p>\n<p>Que la libert\u00e9 r\u00e8gne! D\u00e9clenchez le soleil int\u00e9rieur \u00e0 chaque inhalation de cette beaut\u00e9 botanique \u00e9panouie. Frais et floral avec des teintes d&rsquo;agrumes ensoleill\u00e9es, le parfum de p\u00e9tales Living <strong>Libations Being Free is Lots of Fun<\/strong> invoque la joie vibrante de chacun!<\/p>\n<p>Une tapisserie anim\u00e9e de fruits et de fleurs fr\u00e9mit sous les rayons du soleil, chuchotant une heureuse v\u00e9rit\u00e9: <strong>Being Free is Lots of Fun<\/strong>! Le jasmin parfum\u00e9 offre son essence euphorique aux agrumes stimulants et aux racines d&rsquo;iris relaxantes. La vanille et l&rsquo;ylang restent de m\u00e8che et le citron fait couler des gouttes p\u00e9tillantes de ros\u00e9e joyeuse, impr\u00e9gn\u00e9e de soleil effervescent.<\/p>\n<p>Tournez et dansez sous le soleil de l&rsquo;\u00e9t\u00e9 en remerciant la libert\u00e9 de s&rsquo;amuser!<\/p>\n<h3>Comment utiliser<\/h3>\n<p>Pour des r\u00e9sultats plus aromatiques, vaporisez sur le visage, le cou et les points de pulsation. Une vaporisation de ce parfum sur les v\u00eatements ou dans votre espace peut rendre les journ\u00e9es ordinaires p\u00e9tillantes de libert\u00e9 et de jeu!<\/p>\n<p><strong>Taille: 5 ml et 30 ml<\/strong><\/p>\n<h3 class=\"yikes-custom-woo-tab-title yikes-custom-woo-tab-title-natural-organic-ingredients\">Ingr\u00e9dients Naturels\/Biologiques<\/h3>\n<p><strong>Fleurs de tilleul<\/strong> <em>(tilia vulgaris)<\/em> &#8211; Belles fleurs de tilleul parfum floral doux, l\u00e9g\u00e8rement vert de l&rsquo;odeur de foin est une r\u00e9miniscence d&rsquo;une journ\u00e9e pastorale de juin. Sur le plan \u00e9motionnel, le tilleul encourage l&#8217;empathie, approfondit la compr\u00e9hension entre les amoureux et lib\u00e8re l&rsquo;esprit \u00e9go\u00efste, permettant l&rsquo;\u00e9mergence d&rsquo;une plus grande clart\u00e9.<\/p>\n<p><strong>Jasmin Sambac<\/strong><em> (Jasminum sambac)<\/em> &#8211; Jasmin juteux est fabriqu\u00e9 \u00e0 l&rsquo;\u00e9tat sauvage en Inde, puis\u00e9 dans les profondeurs parfum\u00e9es des fleurs de jasmin sambac \u00e0 floraison nocturne. Contrairement au jasmin grandiflorum, qui ouvre ses p\u00e9tales \u00e0 l&rsquo;aube, le jasmin Sambac communie avec le myst\u00e8re de la lune et des \u00e9toiles, capturant l&rsquo;essence parfum\u00e9e des nuits chaudes sans fin.<\/p>\n<p><strong>Ylang<\/strong> <em>(Cananga odorata)<\/em> &#8211; L&rsquo;ylang euphorique est une essence amoureuse dont le nom se traduit par \u00ab\u00a0Fleur des Fleurs\u00a0\u00bb. Pendant que les autres dorment, ces fleurs envo\u00fbtantes exhalent leur parfum exotique \u00e0 travers les brises tropicales. L&rsquo;ylang doux et sulfureux inspire les sens en chassant la n\u00e9gativit\u00e9 avec ses p\u00e9tales de positivit\u00e9 parfum\u00e9e.<\/p>\n<p><strong>Citron<\/strong> <em>(Citrus limon)<\/em> &#8211; L&rsquo;essence de citron vivifiante rehausse la floraison de ce parfum et offre des avantages infinis pour l&rsquo;esprit, le corps et l&rsquo;\u00e2me. Il s&rsquo;agit d&rsquo;un zeste joyeux et revigorant qui fait ressortir le meilleur du gard\u00e9nia et du jasmin.<\/p>\n<p><strong>Pamplemousse<\/strong><em> (Citrus paradisi)<\/em> &#8211; Le pamplemousse vivifie les sens avec des notes d&rsquo;agrumes ensoleill\u00e9es qui inspirent une clart\u00e9 joyeuse et ravivent l&rsquo;esprit pour aller de l&rsquo;avant.<\/p>\n<p><strong>Orris Root<\/strong><em> (Iris germanica florentina)<\/em> &#8211; Cette huile de racine opulente de la plante Iris cr\u00e9e est une extraction supercritique \u00e9paisse et cr\u00e9meuse qui capture un ar\u00f4me de notes de caramel luxuriant et racinaire accentu\u00e9 par des v\u00eapres de violette. L&rsquo;huile d&rsquo;orris met en synergie l&rsquo;ancienne r\u00e9v\u00e9rence de cette fleur consid\u00e9r\u00e9e comme royale avec le bouquet d\u00e9cadent de ses racines les plus profondes et les plus riches.<\/p>\n<p><strong>Vanille<\/strong> <em>(Vanilla planifolia)<\/em> &#8211; La vanille velout\u00e9e est un inspirateur de d\u00e9sir bien connu. Sa douce \u00e9treinte de chaleur mielleuse fait fondre les tensions tout en se d\u00e9tendant dans le jeu.<\/p>\n<p><strong>Alcool biodynamique biologique<\/strong> &#8211; L&rsquo;alcool biodynamique biologique sert de support \u00e0 nos parfums de p\u00e9tales et \u00e0 nos eaux de Cologne de for\u00eat, permettant \u00e0 chaque plante d&rsquo;infuser sans effort la peau avec des merveilles aromatiques. Cet alcool biologique et biodynamique est de la plus haute qualit\u00e9 et est triplement filtr\u00e9 pour plus de puret\u00e9. Produit \u00e0 partir de raisins certifi\u00e9s biologiques, il est test\u00e9 de mani\u00e8re ind\u00e9pendante afin de garantir qu&rsquo;il r\u00e9pond aux normes de l&rsquo;United States Pharmacopeia (USP) en mati\u00e8re d&rsquo;alcool pur, biologique et de qualit\u00e9 pharmaceutique.<\/p>\n<p><img fetchpriority=\"high\" decoding=\"async\" class=\"size-medium wp-image-68103 aligncenter\" src=\"https:\/\/dutchhealthstore.com\/wp-content\/uploads\/2018\/02\/Living-Libations-Organic-Logo-800x89.png\" alt=\"Living Libations - Organic Logo\" width=\"800\" height=\"89\" srcset=\"https:\/\/dutchhealthstore.com\/wp-content\/uploads\/2018\/02\/Living-Libations-Organic-Logo-800x89.png 800w, https:\/\/dutchhealthstore.com\/wp-content\/uploads\/2018\/02\/Living-Libations-Organic-Logo-510x57.png 510w, https:\/\/dutchhealthstore.com\/wp-content\/uploads\/2018\/02\/Living-Libations-Organic-Logo-768x85.png 768w, https:\/\/dutchhealthstore.com\/wp-content\/uploads\/2018\/02\/Living-Libations-Organic-Logo.png 1400w\" sizes=\"(max-width: 800px) 100vw, 800px\" \/><\/p>\n","protected":false},"excerpt":{"rendered":"<p>Que la libert\u00e9 r\u00e8gne! D\u00e9clenchez le soleil int\u00e9rieur \u00e0 chaque inhalation de cette beaut\u00e9 botanique \u00e9panouie.<br \/>\nFrais et floral avec des nuances d&rsquo;agrumes ensoleill\u00e9es, <b>Being<\/b><b> <\/b><b>Free <\/b><b>is <\/b><b>Lots<\/b><b> of <\/b><b>Fun<\/b> petal perfume invoque une joie vibrante chez tout le monde!<\/p>\n<p>Une tapisserie anim\u00e9e de fruits et de fleurs fr\u00e9mit sous les rayons du soleil, chuchotant une heureuse v\u00e9rit\u00e9: \u00eatre libre, c&rsquo;est tr\u00e8s amusant!<\/p>\n<p>&nbsp;<\/p>\n","protected":false},"featured_media":284399,"comment_status":"open","ping_status":"closed","template":"","meta":[],"product_brand":[],"product_cat":[1211,1209,1030,6817,6697,1010],"product_tag":[6739],"class_list":{"0":"post-103541","1":"product","2":"type-product","3":"status-publish","4":"has-post-thumbnail","6":"product_cat-living-libations-france","7":"product_cat-par-marques","8":"product_cat-par-produits","9":"product_cat-perfumes-fr","10":"product_cat-fragrances-fr","11":"product_cat-notre-boutique","12":"product_tag-perfume-fr","13":"pa_brand-livinglibations-fr","14":"pa_fragrances-product-type-perfumes-fr","15":"pa_fragrances-product-type-for-her-fr-2","16":"pa_gtin-7439657369360-fr","17":"pa_size-30-ml-fr","18":"pa_size-5-ml-fr","20":"first","21":"instock","22":"taxable","23":"shipping-taxable","24":"purchasable","25":"product-type-variable"},"bundled_by":[],"bundle_stock_status":"instock","bundle_stock_quantity":null,"bundle_virtual":false,"bundle_layout":"","bundle_add_to_cart_form_location":"","bundle_editable_in_cart":false,"bundle_sold_individually_context":"","bundle_item_grouping":"","bundle_min_size":"","bundle_max_size":"","bundle_price":[],"bundled_items":[],"bundle_sell_ids":[],"atum_controlled":true,"out_stock_date":null,"out_stock_threshold":null,"inheritable":true,"stock_on_hold":1,"sold_today":0,"sales_last_days":0,"out_stock_days":0,"lost_sales":0,"update_date":"2026-04-14T10:20:11","atum_locations":[],"atum_stock_status":"instock","restock_status":false,"low_stock_amount":"","sales_update_date":"2026-04-14T10:20:11","calc_backorders":null,"group_of_quantity":0,"min_quantity":0,"max_quantity":"","exclude_order_quantity_value_rules":"no","exclude_category_quantity_rules":"no","combine_variations":"no","yoast_head":"<!-- This site is optimized with the Yoast SEO Premium plugin v26.5 (Yoast SEO v26.5) - https:\/\/yoast.com\/wordpress\/plugins\/seo\/ -->\n<title>Petal Perfume - Being Free is Lots of Fun | Living libations<\/title>\n<meta name=\"description\" content=\"Frais et floral avec des teintes d&#039;agrumes ensoleill\u00e9es, le parfum p\u00e9tale Being Free is Lots of Fun invoque la joie vibrante de chacun!\" \/>\n<meta name=\"robots\" content=\"index, follow, max-snippet:-1, max-image-preview:large, max-video-preview:-1\" \/>\n<link rel=\"canonical\" href=\"https:\/\/dutchhealthstore.com\/fr\/product\/petal-perfume-being-free-is-lots-of-fun\/\" \/>\n<meta property=\"og:locale\" content=\"fr_FR\" \/>\n<meta property=\"og:type\" content=\"article\" \/>\n<meta property=\"og:title\" content=\"Petal Perfume - Being Free is Lots of Fun - Dutch Health Store\" \/>\n<meta property=\"og:description\" content=\"Frais et floral avec des teintes d&#039;agrumes ensoleill\u00e9es, le parfum p\u00e9tale Being Free is Lots of Fun invoque la joie vibrante de chacun!\" \/>\n<meta property=\"og:url\" content=\"https:\/\/dutchhealthstore.com\/fr\/product\/petal-perfume-being-free-is-lots-of-fun\/\" \/>\n<meta property=\"og:site_name\" content=\"Dutch Health Store\" \/>\n<meta property=\"article:publisher\" content=\"https:\/\/www.instagram.com\/dutchhealthstore\/\" \/>\n<meta property=\"article:modified_time\" content=\"2026-03-24T08:35:03+00:00\" \/>\n<meta property=\"og:image\" content=\"https:\/\/dutchhealthstore.com\/wp-content\/uploads\/2020\/05\/ll-petal-perfume-being-free-30ml.jpg\" \/>\n\t<meta property=\"og:image:width\" content=\"526\" \/>\n\t<meta property=\"og:image:height\" content=\"526\" \/>\n\t<meta property=\"og:image:type\" content=\"image\/jpeg\" \/>\n<meta name=\"twitter:card\" content=\"summary_large_image\" \/>\n<meta name=\"twitter:label1\" content=\"Disponibilit\u00e9\" \/>\n\t<meta name=\"twitter:data1\" content=\"En stock\" \/>\n<script type=\"application\/ld+json\" class=\"yoast-schema-graph\">{\"@context\":\"https:\/\/schema.org\",\"@graph\":[{\"@type\":\"WebPage\",\"@id\":\"https:\/\/dutchhealthstore.com\/fr\/product\/petal-perfume-being-free-is-lots-of-fun\/\",\"url\":\"https:\/\/dutchhealthstore.com\/fr\/product\/petal-perfume-being-free-is-lots-of-fun\/\",\"name\":\"Petal Perfume - Being Free is Lots of Fun | Living libations\",\"isPartOf\":{\"@id\":\"https:\/\/dutchhealthstore.com\/fr\/#website\"},\"primaryImageOfPage\":{\"@id\":\"https:\/\/dutchhealthstore.com\/fr\/product\/petal-perfume-being-free-is-lots-of-fun\/#primaryimage\"},\"image\":{\"@id\":\"https:\/\/dutchhealthstore.com\/fr\/product\/petal-perfume-being-free-is-lots-of-fun\/#primaryimage\"},\"thumbnailUrl\":\"https:\/\/dutchhealthstore.com\/wp-content\/uploads\/2020\/05\/ll-petal-perfume-being-free-30ml.jpg\",\"datePublished\":\"2020-05-26T11:41:45+00:00\",\"dateModified\":\"2026-03-24T08:35:03+00:00\",\"description\":\"Frais et floral avec des teintes d'agrumes ensoleill\u00e9es, le parfum p\u00e9tale Being Free is Lots of Fun invoque la joie vibrante de chacun!\",\"breadcrumb\":{\"@id\":\"https:\/\/dutchhealthstore.com\/fr\/product\/petal-perfume-being-free-is-lots-of-fun\/#breadcrumb\"},\"inLanguage\":\"fr-FR\",\"potentialAction\":[{\"@type\":\"ReadAction\",\"target\":[\"https:\/\/dutchhealthstore.com\/fr\/product\/petal-perfume-being-free-is-lots-of-fun\/\"]}]},{\"@type\":\"ImageObject\",\"inLanguage\":\"fr-FR\",\"@id\":\"https:\/\/dutchhealthstore.com\/fr\/product\/petal-perfume-being-free-is-lots-of-fun\/#primaryimage\",\"url\":\"https:\/\/dutchhealthstore.com\/wp-content\/uploads\/2020\/05\/ll-petal-perfume-being-free-30ml.jpg\",\"contentUrl\":\"https:\/\/dutchhealthstore.com\/wp-content\/uploads\/2020\/05\/ll-petal-perfume-being-free-30ml.jpg\",\"width\":526,\"height\":526,\"caption\":\"ll-petal-perfume-being-free-30ml\"},{\"@type\":\"BreadcrumbList\",\"@id\":\"https:\/\/dutchhealthstore.com\/fr\/product\/petal-perfume-being-free-is-lots-of-fun\/#breadcrumb\",\"itemListElement\":[{\"@type\":\"ListItem\",\"position\":1,\"name\":\"Home\",\"item\":\"https:\/\/dutchhealthstore.com\/fr\/\"},{\"@type\":\"ListItem\",\"position\":2,\"name\":\"Shop\",\"item\":\"https:\/\/dutchhealthstore.com\/fr\/shop\/\"},{\"@type\":\"ListItem\",\"position\":3,\"name\":\"Petal Perfume &#8211; Being Free is Lots of Fun\"}]},{\"@type\":\"WebSite\",\"@id\":\"https:\/\/dutchhealthstore.com\/fr\/#website\",\"url\":\"https:\/\/dutchhealthstore.com\/fr\/\",\"name\":\"Dutch Health Store\",\"description\":\"Enhance Your Beauty with Organic &amp; Natural Skincare\",\"publisher\":{\"@id\":\"https:\/\/dutchhealthstore.com\/fr\/#organization\"},\"potentialAction\":[{\"@type\":\"SearchAction\",\"target\":{\"@type\":\"EntryPoint\",\"urlTemplate\":\"https:\/\/dutchhealthstore.com\/fr\/?s={search_term_string}\"},\"query-input\":{\"@type\":\"PropertyValueSpecification\",\"valueRequired\":true,\"valueName\":\"search_term_string\"}}],\"inLanguage\":\"fr-FR\"},{\"@type\":\"Organization\",\"@id\":\"https:\/\/dutchhealthstore.com\/fr\/#organization\",\"name\":\"Dutch Health Store\",\"url\":\"https:\/\/dutchhealthstore.com\/fr\/\",\"logo\":{\"@type\":\"ImageObject\",\"inLanguage\":\"fr-FR\",\"@id\":\"https:\/\/dutchhealthstore.com\/fr\/#\/schema\/logo\/image\/\",\"url\":\"https:\/\/dutchhealthstore.com\/wp-content\/uploads\/2020\/08\/logo-dutchhealthstore-jpg-e1599484957574.jpg\",\"contentUrl\":\"https:\/\/dutchhealthstore.com\/wp-content\/uploads\/2020\/08\/logo-dutchhealthstore-jpg-e1599484957574.jpg\",\"width\":400,\"height\":62,\"caption\":\"Dutch Health Store\"},\"image\":{\"@id\":\"https:\/\/dutchhealthstore.com\/fr\/#\/schema\/logo\/image\/\"},\"sameAs\":[\"https:\/\/www.instagram.com\/dutchhealthstore\/\",\"https:\/\/www.facebook.com\/dutchhealthstore\"]}]}<\/script>\n<meta property=\"product:brand\" content=\"Living Libations\" \/>\n<meta property=\"og:availability\" content=\"instock\" \/>\n<meta property=\"product:availability\" content=\"instock\" \/>\n<meta property=\"product:condition\" content=\"new\" \/>\n<!-- \/ Yoast SEO Premium plugin. -->","yoast_head_json":{"title":"Petal Perfume - Being Free is Lots of Fun | Living libations","description":"Frais et floral avec des teintes d'agrumes ensoleill\u00e9es, le parfum p\u00e9tale Being Free is Lots of Fun invoque la joie vibrante de chacun!","robots":{"index":"index","follow":"follow","max-snippet":"max-snippet:-1","max-image-preview":"max-image-preview:large","max-video-preview":"max-video-preview:-1"},"canonical":"https:\/\/dutchhealthstore.com\/fr\/product\/petal-perfume-being-free-is-lots-of-fun\/","og_locale":"fr_FR","og_type":"article","og_title":"Petal Perfume - Being Free is Lots of Fun - Dutch Health Store","og_description":"Frais et floral avec des teintes d'agrumes ensoleill\u00e9es, le parfum p\u00e9tale Being Free is Lots of Fun invoque la joie vibrante de chacun!","og_url":"https:\/\/dutchhealthstore.com\/fr\/product\/petal-perfume-being-free-is-lots-of-fun\/","og_site_name":"Dutch Health Store","article_publisher":"https:\/\/www.instagram.com\/dutchhealthstore\/","article_modified_time":"2026-03-24T08:35:03+00:00","og_image":[{"width":526,"height":526,"url":"https:\/\/dutchhealthstore.com\/wp-content\/uploads\/2020\/05\/ll-petal-perfume-being-free-30ml.jpg","type":"image\/jpeg"}],"twitter_card":"summary_large_image","twitter_misc":{"Disponibilit\u00e9":"En stock"},"schema":{"@context":"https:\/\/schema.org","@graph":[{"@type":"WebPage","@id":"https:\/\/dutchhealthstore.com\/fr\/product\/petal-perfume-being-free-is-lots-of-fun\/","url":"https:\/\/dutchhealthstore.com\/fr\/product\/petal-perfume-being-free-is-lots-of-fun\/","name":"Petal Perfume - Being Free is Lots of Fun | Living libations","isPartOf":{"@id":"https:\/\/dutchhealthstore.com\/fr\/#website"},"primaryImageOfPage":{"@id":"https:\/\/dutchhealthstore.com\/fr\/product\/petal-perfume-being-free-is-lots-of-fun\/#primaryimage"},"image":{"@id":"https:\/\/dutchhealthstore.com\/fr\/product\/petal-perfume-being-free-is-lots-of-fun\/#primaryimage"},"thumbnailUrl":"https:\/\/dutchhealthstore.com\/wp-content\/uploads\/2020\/05\/ll-petal-perfume-being-free-30ml.jpg","datePublished":"2020-05-26T11:41:45+00:00","dateModified":"2026-03-24T08:35:03+00:00","description":"Frais et floral avec des teintes d'agrumes ensoleill\u00e9es, le parfum p\u00e9tale Being Free is Lots of Fun invoque la joie vibrante de chacun!","breadcrumb":{"@id":"https:\/\/dutchhealthstore.com\/fr\/product\/petal-perfume-being-free-is-lots-of-fun\/#breadcrumb"},"inLanguage":"fr-FR","potentialAction":[{"@type":"ReadAction","target":["https:\/\/dutchhealthstore.com\/fr\/product\/petal-perfume-being-free-is-lots-of-fun\/"]}]},{"@type":"ImageObject","inLanguage":"fr-FR","@id":"https:\/\/dutchhealthstore.com\/fr\/product\/petal-perfume-being-free-is-lots-of-fun\/#primaryimage","url":"https:\/\/dutchhealthstore.com\/wp-content\/uploads\/2020\/05\/ll-petal-perfume-being-free-30ml.jpg","contentUrl":"https:\/\/dutchhealthstore.com\/wp-content\/uploads\/2020\/05\/ll-petal-perfume-being-free-30ml.jpg","width":526,"height":526,"caption":"ll-petal-perfume-being-free-30ml"},{"@type":"BreadcrumbList","@id":"https:\/\/dutchhealthstore.com\/fr\/product\/petal-perfume-being-free-is-lots-of-fun\/#breadcrumb","itemListElement":[{"@type":"ListItem","position":1,"name":"Home","item":"https:\/\/dutchhealthstore.com\/fr\/"},{"@type":"ListItem","position":2,"name":"Shop","item":"https:\/\/dutchhealthstore.com\/fr\/shop\/"},{"@type":"ListItem","position":3,"name":"Petal Perfume &#8211; Being Free is Lots of Fun"}]},{"@type":"WebSite","@id":"https:\/\/dutchhealthstore.com\/fr\/#website","url":"https:\/\/dutchhealthstore.com\/fr\/","name":"Dutch Health Store","description":"Enhance Your Beauty with Organic &amp; Natural Skincare","publisher":{"@id":"https:\/\/dutchhealthstore.com\/fr\/#organization"},"potentialAction":[{"@type":"SearchAction","target":{"@type":"EntryPoint","urlTemplate":"https:\/\/dutchhealthstore.com\/fr\/?s={search_term_string}"},"query-input":{"@type":"PropertyValueSpecification","valueRequired":true,"valueName":"search_term_string"}}],"inLanguage":"fr-FR"},{"@type":"Organization","@id":"https:\/\/dutchhealthstore.com\/fr\/#organization","name":"Dutch Health Store","url":"https:\/\/dutchhealthstore.com\/fr\/","logo":{"@type":"ImageObject","inLanguage":"fr-FR","@id":"https:\/\/dutchhealthstore.com\/fr\/#\/schema\/logo\/image\/","url":"https:\/\/dutchhealthstore.com\/wp-content\/uploads\/2020\/08\/logo-dutchhealthstore-jpg-e1599484957574.jpg","contentUrl":"https:\/\/dutchhealthstore.com\/wp-content\/uploads\/2020\/08\/logo-dutchhealthstore-jpg-e1599484957574.jpg","width":400,"height":62,"caption":"Dutch Health Store"},"image":{"@id":"https:\/\/dutchhealthstore.com\/fr\/#\/schema\/logo\/image\/"},"sameAs":["https:\/\/www.instagram.com\/dutchhealthstore\/","https:\/\/www.facebook.com\/dutchhealthstore"]}]},"product_brand":"Living Libations","og_availability":"instock","product_availability":"instock","product_condition":"new"},"_links":{"self":[{"href":"https:\/\/dutchhealthstore.com\/fr\/wp-json\/wp\/v2\/product\/103541","targetHints":{"allow":["GET"]}}],"collection":[{"href":"https:\/\/dutchhealthstore.com\/fr\/wp-json\/wp\/v2\/product"}],"about":[{"href":"https:\/\/dutchhealthstore.com\/fr\/wp-json\/wp\/v2\/types\/product"}],"replies":[{"embeddable":true,"href":"https:\/\/dutchhealthstore.com\/fr\/wp-json\/wp\/v2\/comments?post=103541"}],"wp:featuredmedia":[{"embeddable":true,"href":"https:\/\/dutchhealthstore.com\/fr\/wp-json\/wp\/v2\/media\/284399"}],"wp:attachment":[{"href":"https:\/\/dutchhealthstore.com\/fr\/wp-json\/wp\/v2\/media?parent=103541"}],"wp:term":[{"taxonomy":"product_brand","embeddable":true,"href":"https:\/\/dutchhealthstore.com\/fr\/wp-json\/wp\/v2\/product_brand?post=103541"},{"taxonomy":"product_cat","embeddable":true,"href":"https:\/\/dutchhealthstore.com\/fr\/wp-json\/wp\/v2\/product_cat?post=103541"},{"taxonomy":"product_tag","embeddable":true,"href":"https:\/\/dutchhealthstore.com\/fr\/wp-json\/wp\/v2\/product_tag?post=103541"}],"curies":[{"name":"wp","href":"https:\/\/api.w.org\/{rel}","templated":true}]}}