{"id":103523,"date":"2020-05-26T12:58:31","date_gmt":"2020-05-26T12:58:31","guid":{"rendered":"https:\/\/dutchhealthstore.com\/product\/petal-perfume-fawn-lily\/"},"modified":"2025-11-23T13:09:53","modified_gmt":"2025-11-23T12:09:53","slug":"petal-perfume-fawn-lily","status":"publish","type":"product","link":"https:\/\/dutchhealthstore.com\/fr\/product\/petal-perfume-fawn-lily\/","title":{"rendered":"Petal Perfume &#8211; Fawn Lily"},"content":{"rendered":"<p><img decoding=\"async\" class=\"size-full wp-image-69549 alignright\" src=\"https:\/\/dutchhealthstore.com\/wp-content\/uploads\/2019\/08\/NEW-Living-Libations-Logo.jpg\" alt=\"NEW - Living Libations - Logo\" width=\"175\" height=\"82\"><\/p>\n<p>Avec le bouquet floral \u00e9th\u00e9r\u00e9 de p\u00e9tales de tub\u00e9reuse, de fleurs de tilleul, de bourgeons de camomille du Cap, de fleurs de n\u00e9roli, de fleurs d&rsquo;ylang et de fleurs de sureau, oignez le paysage de votre \u00eatre de  <strong>Fawn Lily Petal Perfume.<\/strong>  Cette grappe de fleurs ang\u00e9liques est envelopp\u00e9e d&rsquo;une cuiller\u00e9e de gousses de vanille vives et mouchet\u00e9e d&rsquo;\u00e9clats sporadiques d&rsquo;orange sanguine. L&rsquo;impression est un parfum agr\u00e9able qui couvre le corps comme une guirlande parfum\u00e9e faite de fleurs pures. Des sph\u00e8res c\u00e9lestes d&rsquo;une beaut\u00e9 infinie envahissent vos sens lorsque ce parfum s&rsquo;\u00e9panouit sur votre corps, offrant des cadeaux \u00e0 chaque bouff\u00e9e.<\/p>\n<p>Le parfum <strong>Fawn Lily Petal<\/strong> vous ram\u00e8nera aux premiers rayons de l&rsquo;aube qui descendent du ciel et entourent chaque p\u00e9tale et brin d&rsquo;herbe inestimable d&rsquo;une d\u00e9licate robe de lumi\u00e8re translucide. Les bosquets d&rsquo;agrumes s&rsquo;\u00e9veillent au glorieux parfum du n\u00e9roli, tandis que l&rsquo;odeur du lever de soleil chartreux s&rsquo;\u00e9l\u00e8ve en spirale, chaque rayon s&rsquo;enroulant profond\u00e9ment dans le nectaire de chaque fleur. Les baies de sureau respirent un conte de f\u00e9es m\u00e9di\u00e9val brumeux, tandis que la tub\u00e9reuse attise les flammes du c\u0153ur. Tandis que l&rsquo;orange sanguine enchante le jardin de cet \u00e9l\u00e9gant parfum, les vapeurs de n\u00e9roli dansent au gr\u00e9 du vent.<\/p>\n<h3>Comment utiliser<\/h3>\n<p>Appliquez un pschitt de jour ou de nuit sur vos v\u00eatements, votre cou, vos cheveux ou sur les points de pression. Ce parfum sophistiqu\u00e9 est une merveilleuse fa\u00e7on de parfumer les espaces et peut \u00eatre emport\u00e9 partout avec soi pour une am\u00e9lioration constante de l&rsquo;humeur !<\/p>\n<p><strong>Taille : 5 ml, 30 ml et 50 ml<\/strong><\/p>\n<h3 class=\"yikes-custom-woo-tab-title yikes-custom-woo-tab-title-natural-organic-ingredients\">Ingr\u00e9dients Naturels\/Biologiques<\/h3>\n<p><strong>P\u00e9tales de Tub\u00e9reuse<\/strong> <em>(Polianthes tuberosa)<\/em> &#8211; Tub\u00e9reuse all\u00e9chante est l&rsquo;une des essences les plus rares et les plus recherch\u00e9es au monde pour son ar\u00f4me capiteux de miel-fleuri qui d\u00e9gage \u00e9galement un souffle frais de balsamique-chypre. Nomm\u00e9e d&rsquo;apr\u00e8s la forme tubulaire des racines de la tub\u00e9reuse, l&rsquo;absolue de tub\u00e9reuse est connue dans la l\u00e9gende des Indes orientales comme la \u00ab\u00a0ma\u00eetresse de la nuit\u00a0\u00bb en raison de ses puissantes propri\u00e9t\u00e9s de philtre d&rsquo;amour. Cette huile produit un parfum floral sulfureux et euphorique qui est utilis\u00e9 dans certains des parfums les plus exquis du monde. Les Hawa\u00efens continuent d&rsquo;utiliser la tub\u00e9reuse pour ajouter des fleurs odorantes aux leis hawa\u00efens traditionnels.<\/p>\n<p><strong>Fleurs de tilleul<\/strong><em> (Tilia vulgaris)<\/em> &#8211; Belles fleurs de tilleul parfum floral doux, l\u00e9g\u00e8rement vert de l&rsquo;odeur de foin est une r\u00e9miniscence d&rsquo;une journ\u00e9e pastorale de juin.<\/p>\n<p><strong>Fleurs de camomille du Cap<\/strong> <em>(Eriocephalus punctulatus)<\/em> &#8211; S&rsquo;impr\u00e9gner de cette fleur de beaut\u00e9 est une exp\u00e9rience d\u00e9licieuse. Living Libations Cape Chamomile \u00e9met des mol\u00e9cules de confort et de soin hypnotiques. Fleurs moelleuses est une huile distill\u00e9e \u00e0 la vapeur \u00e0 partir de champs de fleurs cultiv\u00e9es en Afrique du Sud, capturant un ar\u00f4me unique qui est un floral \u00e9th\u00e9r\u00e9, semblable \u00e0 celui des baies.<\/p>\n<p><strong>Fleurs de n\u00e9roli<\/strong> <em>(Citrus aurantium)<\/em> &#8211; De gracieux bosquets d&rsquo;orangers font fleurir les fleurs de cet ar\u00f4me ambrosien. L&rsquo;huile essentielle distill\u00e9e, le n\u00e9roli, est l\u00e9g\u00e8re et charmante et la distillation absolue est un r\u00eave aromatique luxueux de fleurs capiteuses et de verts nuanc\u00e9s. Pour cr\u00e9er cette essence exquise, 880 livres de fleurs sont r\u00e9colt\u00e9es pour produire une livre d&rsquo;huile. Lorsqu&rsquo;il est distill\u00e9 \u00e0 la perfection, l&rsquo;absolu offre une exp\u00e9rience bien plus riche et myst\u00e9rieuse que le n\u00e9roli distill\u00e9 \u00e0 la vapeur pour les nez avertis. Cette senteur mielleuse et sulfureuse est appliqu\u00e9e avec amour par les parfumeurs naturel et les amateurs de fleurs depuis des si\u00e8cles. C&rsquo;est effront\u00e9, exotique, et s\u00e9rieusement sexy.<\/p>\n<p><strong>Ylang<\/strong> <em>(Cananga odorata)<\/em> &#8211; L&rsquo;ylang euphorique est une essence amoureuse dont le nom se traduit par \u00ab\u00a0Fleur des Fleurs\u00a0\u00bb. Pendant que les autres dorment, ces fleurs envo\u00fbtantes exhalent leur parfum exotique \u00e0 travers les brises tropicales. L&rsquo;ylang doux et sulfureux inspire les sens en chassant la n\u00e9gativit\u00e9 avec ses p\u00e9tales de positivit\u00e9 parfum\u00e9e.<\/p>\n<p><strong>Fleur de sureau<\/strong><em> (Sambucus nigra)<\/em> &#8211; L&rsquo;\u00e9l\u00e9gante fleur de sureau conf\u00e8re \u00e0 ce parfum des notes de cerise verte satur\u00e9es de l&rsquo;odeur soyeuse du chocolat noir.<\/p>\n<p><strong>Orange sanguine<\/strong> <em>(Citrus sinensis)<\/em> &#8211; L&rsquo;ar\u00f4me ensoleill\u00e9 d&rsquo;agrumes de l&rsquo;orange sanguine harmonise les sentiments d\u00e9sordonn\u00e9s et efface les soucis. Inspirez la joie et expirez la gratitude.<\/p>\n<p><strong>Gousse de vanille<\/strong> <em>(Vanilla planifolia)<\/em> &#8211; La vanille chaude et riche enveloppe les sens dans une \u00e9treinte douce et sensuelle. La vanille velout\u00e9e fait fondre les tensions et donne envie de jouer, de jouer, de jouer&#8230;<\/p>\n<p><strong>Alcool biodynamique biologique<\/strong> &#8211; L&rsquo;alcool biodynamique biologique sert de support \u00e0 nos petal perfumes et \u00e0 nos forest colognes, permettant \u00e0 chaque plante d&rsquo;infuser sans effort la peau avec des merveilles aromatiques. Cet alcool biologique et biodynamique est de la plus haute qualit\u00e9 et est triplement filtr\u00e9 pour plus de puret\u00e9. Produit \u00e0 partir de raisins certifi\u00e9s biologiques, il est test\u00e9 de mani\u00e8re ind\u00e9pendante afin de garantir qu&rsquo;il r\u00e9pond aux normes de l&rsquo;United States Pharmacopeia (USP) en mati\u00e8re d&rsquo;alcool pur, biologique et de qualit\u00e9 pharmaceutique.<\/p>\n<p><img fetchpriority=\"high\" decoding=\"async\" class=\"size-medium wp-image-68103 aligncenter\" src=\"https:\/\/dutchhealthstore.com\/wp-content\/uploads\/2018\/02\/Living-Libations-Organic-Logo-800x89.png\" alt=\"Living Libations - Organic Logo\" width=\"800\" height=\"89\" srcset=\"https:\/\/dutchhealthstore.com\/wp-content\/uploads\/2018\/02\/Living-Libations-Organic-Logo-800x89.png 800w, https:\/\/dutchhealthstore.com\/wp-content\/uploads\/2018\/02\/Living-Libations-Organic-Logo-510x57.png 510w, https:\/\/dutchhealthstore.com\/wp-content\/uploads\/2018\/02\/Living-Libations-Organic-Logo-768x85.png 768w, https:\/\/dutchhealthstore.com\/wp-content\/uploads\/2018\/02\/Living-Libations-Organic-Logo.png 1400w\" sizes=\"(max-width: 800px) 100vw, 800px\" \/><\/p>\n<p>&nbsp;<\/p>\n","protected":false},"excerpt":{"rendered":"<p>Oignez le paysage de votre corps avec iving Libations Fawn Lily petal perfume, un m\u00e9lange floral distinct de p\u00e9tales de tub\u00e9reuse, de fleurs de tilleul, de bourgeons de camomille du Cap, de fleurs de n\u00e9roli, de fleurs d&rsquo;ylang et de fleurs de sureau.<\/p>\n<p>Ce bouquet ang\u00e9lique est parsem\u00e9 d&rsquo;\u00e9clats intermittents d&rsquo;orange sanguine et envelopp\u00e9 d&rsquo;une bonne dose de gousses de vanille vibrante.<\/p>\n","protected":false},"featured_media":284266,"comment_status":"open","ping_status":"closed","template":"","meta":[],"product_brand":[],"product_cat":[1211,1209,1030,6817,6697,1010],"product_tag":[6739],"class_list":{"0":"post-103523","1":"product","2":"type-product","3":"status-publish","4":"has-post-thumbnail","6":"product_cat-living-libations-france","7":"product_cat-par-marques","8":"product_cat-par-produits","9":"product_cat-perfumes-fr","10":"product_cat-fragrances-fr","11":"product_cat-notre-boutique","12":"product_tag-perfume-fr","13":"pa_brand-livinglibations-fr","14":"pa_fragrances-product-type-perfumes-fr","15":"pa_fragrances-product-type-for-her-fr-2","16":"pa_gtin-7439657369377-fr","17":"pa_size-30-ml-fr","18":"pa_size-5-ml-fr","19":"pa_size-50-ml-fr","21":"first","22":"instock","23":"taxable","24":"shipping-taxable","25":"purchasable","26":"product-type-variable"},"bundled_by":[],"bundle_stock_status":"instock","bundle_stock_quantity":null,"bundle_virtual":false,"bundle_layout":"","bundle_add_to_cart_form_location":"","bundle_editable_in_cart":false,"bundle_sold_individually_context":"","bundle_item_grouping":"","bundle_min_size":"","bundle_max_size":"","bundle_price":[],"bundled_items":[],"bundle_sell_ids":[167004],"atum_controlled":true,"out_stock_date":null,"out_stock_threshold":null,"inheritable":true,"stock_on_hold":0,"sold_today":0,"sales_last_days":0,"out_stock_days":0,"lost_sales":0,"update_date":"2026-05-04T12:55:01","atum_locations":[],"atum_stock_status":"instock","restock_status":false,"low_stock_amount":"","sales_update_date":"2026-05-04T12:55:01","calc_backorders":null,"group_of_quantity":0,"min_quantity":0,"max_quantity":"","exclude_order_quantity_value_rules":"no","exclude_category_quantity_rules":"no","combine_variations":"no","yoast_head":"<!-- This site is optimized with the Yoast SEO Premium plugin v26.5 (Yoast SEO v26.5) - https:\/\/yoast.com\/wordpress\/plugins\/seo\/ -->\n<title>Petal Perfume - Fawn Lily | Living Libations<\/title>\n<meta name=\"description\" content=\"Ce bouquet ang\u00e9lique est parsem\u00e9 d&#039;\u00e9clats intermittents d&#039;orange sanguine et envelopp\u00e9 d&#039;une bonne dose de gousses de vanille vibrante.\" \/>\n<meta name=\"robots\" content=\"index, follow, max-snippet:-1, max-image-preview:large, max-video-preview:-1\" \/>\n<link rel=\"canonical\" href=\"https:\/\/dutchhealthstore.com\/fr\/product\/petal-perfume-fawn-lily\/\" \/>\n<meta property=\"og:locale\" content=\"fr_FR\" \/>\n<meta property=\"og:type\" content=\"article\" \/>\n<meta property=\"og:title\" content=\"Petal Perfume - Fawn Lily - Dutch Health Store\" \/>\n<meta property=\"og:description\" content=\"Ce bouquet ang\u00e9lique est parsem\u00e9 d&#039;\u00e9clats intermittents d&#039;orange sanguine et envelopp\u00e9 d&#039;une bonne dose de gousses de vanille vibrante.\" \/>\n<meta property=\"og:url\" content=\"https:\/\/dutchhealthstore.com\/fr\/product\/petal-perfume-fawn-lily\/\" \/>\n<meta property=\"og:site_name\" content=\"Dutch Health Store\" \/>\n<meta property=\"article:publisher\" content=\"https:\/\/www.instagram.com\/dutchhealthstore\/\" \/>\n<meta property=\"article:modified_time\" content=\"2025-11-23T12:09:53+00:00\" \/>\n<meta property=\"og:image\" content=\"https:\/\/dutchhealthstore.com\/wp-content\/uploads\/2020\/05\/ll-fawn-lily-new.jpg\" \/>\n\t<meta property=\"og:image:width\" content=\"526\" \/>\n\t<meta property=\"og:image:height\" content=\"526\" \/>\n\t<meta property=\"og:image:type\" content=\"image\/jpeg\" \/>\n<meta name=\"twitter:card\" content=\"summary_large_image\" \/>\n<meta name=\"twitter:label1\" content=\"Disponibilit\u00e9\" \/>\n\t<meta name=\"twitter:data1\" content=\"En stock\" \/>\n<script type=\"application\/ld+json\" class=\"yoast-schema-graph\">{\"@context\":\"https:\/\/schema.org\",\"@graph\":[{\"@type\":\"WebPage\",\"@id\":\"https:\/\/dutchhealthstore.com\/fr\/product\/petal-perfume-fawn-lily\/\",\"url\":\"https:\/\/dutchhealthstore.com\/fr\/product\/petal-perfume-fawn-lily\/\",\"name\":\"Petal Perfume - Fawn Lily | Living Libations\",\"isPartOf\":{\"@id\":\"https:\/\/dutchhealthstore.com\/fr\/#website\"},\"primaryImageOfPage\":{\"@id\":\"https:\/\/dutchhealthstore.com\/fr\/product\/petal-perfume-fawn-lily\/#primaryimage\"},\"image\":{\"@id\":\"https:\/\/dutchhealthstore.com\/fr\/product\/petal-perfume-fawn-lily\/#primaryimage\"},\"thumbnailUrl\":\"https:\/\/dutchhealthstore.com\/wp-content\/uploads\/2020\/05\/ll-fawn-lily-new.jpg\",\"datePublished\":\"2020-05-26T12:58:31+00:00\",\"dateModified\":\"2025-11-23T12:09:53+00:00\",\"description\":\"Ce bouquet ang\u00e9lique est parsem\u00e9 d'\u00e9clats intermittents d'orange sanguine et envelopp\u00e9 d'une bonne dose de gousses de vanille vibrante.\",\"breadcrumb\":{\"@id\":\"https:\/\/dutchhealthstore.com\/fr\/product\/petal-perfume-fawn-lily\/#breadcrumb\"},\"inLanguage\":\"fr-FR\",\"potentialAction\":[{\"@type\":\"ReadAction\",\"target\":[\"https:\/\/dutchhealthstore.com\/fr\/product\/petal-perfume-fawn-lily\/\"]}]},{\"@type\":\"ImageObject\",\"inLanguage\":\"fr-FR\",\"@id\":\"https:\/\/dutchhealthstore.com\/fr\/product\/petal-perfume-fawn-lily\/#primaryimage\",\"url\":\"https:\/\/dutchhealthstore.com\/wp-content\/uploads\/2020\/05\/ll-fawn-lily-new.jpg\",\"contentUrl\":\"https:\/\/dutchhealthstore.com\/wp-content\/uploads\/2020\/05\/ll-fawn-lily-new.jpg\",\"width\":526,\"height\":526,\"caption\":\"ll-fawn-lily-new\"},{\"@type\":\"BreadcrumbList\",\"@id\":\"https:\/\/dutchhealthstore.com\/fr\/product\/petal-perfume-fawn-lily\/#breadcrumb\",\"itemListElement\":[{\"@type\":\"ListItem\",\"position\":1,\"name\":\"Home\",\"item\":\"https:\/\/dutchhealthstore.com\/fr\/\"},{\"@type\":\"ListItem\",\"position\":2,\"name\":\"Shop\",\"item\":\"https:\/\/dutchhealthstore.com\/fr\/shop\/\"},{\"@type\":\"ListItem\",\"position\":3,\"name\":\"Petal Perfume &#8211; Fawn Lily\"}]},{\"@type\":\"WebSite\",\"@id\":\"https:\/\/dutchhealthstore.com\/fr\/#website\",\"url\":\"https:\/\/dutchhealthstore.com\/fr\/\",\"name\":\"Dutch Health Store\",\"description\":\"Enhance Your Beauty with Organic &amp; Natural Skincare\",\"publisher\":{\"@id\":\"https:\/\/dutchhealthstore.com\/fr\/#organization\"},\"potentialAction\":[{\"@type\":\"SearchAction\",\"target\":{\"@type\":\"EntryPoint\",\"urlTemplate\":\"https:\/\/dutchhealthstore.com\/fr\/?s={search_term_string}\"},\"query-input\":{\"@type\":\"PropertyValueSpecification\",\"valueRequired\":true,\"valueName\":\"search_term_string\"}}],\"inLanguage\":\"fr-FR\"},{\"@type\":\"Organization\",\"@id\":\"https:\/\/dutchhealthstore.com\/fr\/#organization\",\"name\":\"Dutch Health Store\",\"url\":\"https:\/\/dutchhealthstore.com\/fr\/\",\"logo\":{\"@type\":\"ImageObject\",\"inLanguage\":\"fr-FR\",\"@id\":\"https:\/\/dutchhealthstore.com\/fr\/#\/schema\/logo\/image\/\",\"url\":\"https:\/\/dutchhealthstore.com\/wp-content\/uploads\/2020\/08\/logo-dutchhealthstore-jpg-e1599484957574.jpg\",\"contentUrl\":\"https:\/\/dutchhealthstore.com\/wp-content\/uploads\/2020\/08\/logo-dutchhealthstore-jpg-e1599484957574.jpg\",\"width\":400,\"height\":62,\"caption\":\"Dutch Health Store\"},\"image\":{\"@id\":\"https:\/\/dutchhealthstore.com\/fr\/#\/schema\/logo\/image\/\"},\"sameAs\":[\"https:\/\/www.instagram.com\/dutchhealthstore\/\",\"https:\/\/www.facebook.com\/dutchhealthstore\"]}]}<\/script>\n<meta property=\"product:brand\" content=\"Living Libations\" \/>\n<meta property=\"og:availability\" content=\"instock\" \/>\n<meta property=\"product:availability\" content=\"instock\" \/>\n<meta property=\"product:condition\" content=\"new\" \/>\n<!-- \/ Yoast SEO Premium plugin. -->","yoast_head_json":{"title":"Petal Perfume - Fawn Lily | Living Libations","description":"Ce bouquet ang\u00e9lique est parsem\u00e9 d'\u00e9clats intermittents d'orange sanguine et envelopp\u00e9 d'une bonne dose de gousses de vanille vibrante.","robots":{"index":"index","follow":"follow","max-snippet":"max-snippet:-1","max-image-preview":"max-image-preview:large","max-video-preview":"max-video-preview:-1"},"canonical":"https:\/\/dutchhealthstore.com\/fr\/product\/petal-perfume-fawn-lily\/","og_locale":"fr_FR","og_type":"article","og_title":"Petal Perfume - Fawn Lily - Dutch Health Store","og_description":"Ce bouquet ang\u00e9lique est parsem\u00e9 d'\u00e9clats intermittents d'orange sanguine et envelopp\u00e9 d'une bonne dose de gousses de vanille vibrante.","og_url":"https:\/\/dutchhealthstore.com\/fr\/product\/petal-perfume-fawn-lily\/","og_site_name":"Dutch Health Store","article_publisher":"https:\/\/www.instagram.com\/dutchhealthstore\/","article_modified_time":"2025-11-23T12:09:53+00:00","og_image":[{"width":526,"height":526,"url":"https:\/\/dutchhealthstore.com\/wp-content\/uploads\/2020\/05\/ll-fawn-lily-new.jpg","type":"image\/jpeg"}],"twitter_card":"summary_large_image","twitter_misc":{"Disponibilit\u00e9":"En stock"},"schema":{"@context":"https:\/\/schema.org","@graph":[{"@type":"WebPage","@id":"https:\/\/dutchhealthstore.com\/fr\/product\/petal-perfume-fawn-lily\/","url":"https:\/\/dutchhealthstore.com\/fr\/product\/petal-perfume-fawn-lily\/","name":"Petal Perfume - Fawn Lily | Living Libations","isPartOf":{"@id":"https:\/\/dutchhealthstore.com\/fr\/#website"},"primaryImageOfPage":{"@id":"https:\/\/dutchhealthstore.com\/fr\/product\/petal-perfume-fawn-lily\/#primaryimage"},"image":{"@id":"https:\/\/dutchhealthstore.com\/fr\/product\/petal-perfume-fawn-lily\/#primaryimage"},"thumbnailUrl":"https:\/\/dutchhealthstore.com\/wp-content\/uploads\/2020\/05\/ll-fawn-lily-new.jpg","datePublished":"2020-05-26T12:58:31+00:00","dateModified":"2025-11-23T12:09:53+00:00","description":"Ce bouquet ang\u00e9lique est parsem\u00e9 d'\u00e9clats intermittents d'orange sanguine et envelopp\u00e9 d'une bonne dose de gousses de vanille vibrante.","breadcrumb":{"@id":"https:\/\/dutchhealthstore.com\/fr\/product\/petal-perfume-fawn-lily\/#breadcrumb"},"inLanguage":"fr-FR","potentialAction":[{"@type":"ReadAction","target":["https:\/\/dutchhealthstore.com\/fr\/product\/petal-perfume-fawn-lily\/"]}]},{"@type":"ImageObject","inLanguage":"fr-FR","@id":"https:\/\/dutchhealthstore.com\/fr\/product\/petal-perfume-fawn-lily\/#primaryimage","url":"https:\/\/dutchhealthstore.com\/wp-content\/uploads\/2020\/05\/ll-fawn-lily-new.jpg","contentUrl":"https:\/\/dutchhealthstore.com\/wp-content\/uploads\/2020\/05\/ll-fawn-lily-new.jpg","width":526,"height":526,"caption":"ll-fawn-lily-new"},{"@type":"BreadcrumbList","@id":"https:\/\/dutchhealthstore.com\/fr\/product\/petal-perfume-fawn-lily\/#breadcrumb","itemListElement":[{"@type":"ListItem","position":1,"name":"Home","item":"https:\/\/dutchhealthstore.com\/fr\/"},{"@type":"ListItem","position":2,"name":"Shop","item":"https:\/\/dutchhealthstore.com\/fr\/shop\/"},{"@type":"ListItem","position":3,"name":"Petal Perfume &#8211; Fawn Lily"}]},{"@type":"WebSite","@id":"https:\/\/dutchhealthstore.com\/fr\/#website","url":"https:\/\/dutchhealthstore.com\/fr\/","name":"Dutch Health Store","description":"Enhance Your Beauty with Organic &amp; Natural Skincare","publisher":{"@id":"https:\/\/dutchhealthstore.com\/fr\/#organization"},"potentialAction":[{"@type":"SearchAction","target":{"@type":"EntryPoint","urlTemplate":"https:\/\/dutchhealthstore.com\/fr\/?s={search_term_string}"},"query-input":{"@type":"PropertyValueSpecification","valueRequired":true,"valueName":"search_term_string"}}],"inLanguage":"fr-FR"},{"@type":"Organization","@id":"https:\/\/dutchhealthstore.com\/fr\/#organization","name":"Dutch Health Store","url":"https:\/\/dutchhealthstore.com\/fr\/","logo":{"@type":"ImageObject","inLanguage":"fr-FR","@id":"https:\/\/dutchhealthstore.com\/fr\/#\/schema\/logo\/image\/","url":"https:\/\/dutchhealthstore.com\/wp-content\/uploads\/2020\/08\/logo-dutchhealthstore-jpg-e1599484957574.jpg","contentUrl":"https:\/\/dutchhealthstore.com\/wp-content\/uploads\/2020\/08\/logo-dutchhealthstore-jpg-e1599484957574.jpg","width":400,"height":62,"caption":"Dutch Health Store"},"image":{"@id":"https:\/\/dutchhealthstore.com\/fr\/#\/schema\/logo\/image\/"},"sameAs":["https:\/\/www.instagram.com\/dutchhealthstore\/","https:\/\/www.facebook.com\/dutchhealthstore"]}]},"product_brand":"Living Libations","og_availability":"instock","product_availability":"instock","product_condition":"new"},"_links":{"self":[{"href":"https:\/\/dutchhealthstore.com\/fr\/wp-json\/wp\/v2\/product\/103523","targetHints":{"allow":["GET"]}}],"collection":[{"href":"https:\/\/dutchhealthstore.com\/fr\/wp-json\/wp\/v2\/product"}],"about":[{"href":"https:\/\/dutchhealthstore.com\/fr\/wp-json\/wp\/v2\/types\/product"}],"replies":[{"embeddable":true,"href":"https:\/\/dutchhealthstore.com\/fr\/wp-json\/wp\/v2\/comments?post=103523"}],"wp:featuredmedia":[{"embeddable":true,"href":"https:\/\/dutchhealthstore.com\/fr\/wp-json\/wp\/v2\/media\/284266"}],"wp:attachment":[{"href":"https:\/\/dutchhealthstore.com\/fr\/wp-json\/wp\/v2\/media?parent=103523"}],"wp:term":[{"taxonomy":"product_brand","embeddable":true,"href":"https:\/\/dutchhealthstore.com\/fr\/wp-json\/wp\/v2\/product_brand?post=103523"},{"taxonomy":"product_cat","embeddable":true,"href":"https:\/\/dutchhealthstore.com\/fr\/wp-json\/wp\/v2\/product_cat?post=103523"},{"taxonomy":"product_tag","embeddable":true,"href":"https:\/\/dutchhealthstore.com\/fr\/wp-json\/wp\/v2\/product_tag?post=103523"}],"curies":[{"name":"wp","href":"https:\/\/api.w.org\/{rel}","templated":true}]}}