{"id":103472,"date":"2020-05-25T08:04:43","date_gmt":"2020-05-25T06:04:43","guid":{"rendered":"https:\/\/dutchhealthstore.com\/product\/white-cognac-essential-oil-2\/"},"modified":"2025-08-14T15:07:39","modified_gmt":"2025-08-14T13:07:39","slug":"white-cognac-essential-oil-2","status":"publish","type":"product","link":"https:\/\/dutchhealthstore.com\/fr\/product\/white-cognac-essential-oil-2\/","title":{"rendered":"White Cognac Essential Oil"},"content":{"rendered":"<div class=\"product-short-description\">\n<p><img decoding=\"async\" class=\"size-full wp-image-69549 alignright\" src=\"https:\/\/dutchhealthstore.com\/wp-content\/uploads\/2019\/08\/NEW-Living-Libations-Logo.jpg\" alt=\"NEW - Living Libations - Logo\" width=\"175\" height=\"82\"><\/p>\n<p><strong>Nom botanique :<\/strong> Vitis vinifera<br \/>\n<strong>Famille botanique :<\/strong> Vitaceae<br \/>\n<strong>M\u00e9thode d&rsquo;extraction :<\/strong> Distillation \u00e0 la vapeur<br \/>\n<strong>Partie de la plante distill\u00e9e :<\/strong> Lie (raisins ferment\u00e9s)<br \/>\n<strong>Pays d&rsquo;origine :<\/strong> France<br \/>\n<strong>M\u00e9thode de culture :<\/strong> Culture biologique<br \/>\n<strong>Composition :<\/strong> 100% Vitis vinifera<br \/>\n<strong>Consistance :<\/strong> liquide mobile<\/p>\n<h3><span style=\"font-size: 20.16px; color: #333333;\">Description de l&rsquo;odeur<\/span><\/h3>\n<div class=\"vc_row wpb_row vc_row-fluid\">\n<div class=\"wpb_column vc_column_container vc_col-sm-12\">\n<div class=\"vc_column-inner \">\n<div class=\"wpb_wrapper\">\n<div class=\"wpb_text_column wpb_content_element \">\n<div class=\"wpb_wrapper\">\n<p><b><\/b>Notes fruit\u00e9es acidul\u00e9es et muscat\u00e9es avec un bouquet chaud de brandy.<\/p>\n<\/div>\n<\/div>\n<div class=\"wpb_text_column wpb_content_element \">\n<div class=\"wpb_wrapper\">\n<h3>Se m\u00e9lange bien avec<\/h3>\n<p>Coriandre, Ylang, V\u00e9tiver, Citron, Bergamote, Cardamome, Lavande, Feuille et fleur de Magnolia, Vanille, N\u00e9roli, Osmanthus, Rose, Menthe poivr\u00e9e, Tabac, Douglas Fir, Champaca, Romarin, Silver Fir, Vanille et Absolu de fleur d&rsquo;oranger.<\/p>\n<\/div>\n<\/div>\n<div class=\"wpb_text_column wpb_content_element \">\n<div class=\"wpb_wrapper\">\n<h3>Utilisations<\/h3>\n<p>Parfait en parfumerie o\u00f9 ses notes de fond vertes, uniques et tenaces, laissent place \u00e0 un arc champenois herbac\u00e9 diffus qui soul\u00e8ve les autres notes. Le cr\u00e9ateur Tom Ford utilise de l&rsquo;essence de cognac dans le parfum Champaca Absolute de sa marque priv\u00e9e.<\/p>\n<a href=\"https:\/\/dutchhealthstore.com\/wp-content\/uploads\/2020\/05\/ANALYSIS-White-Cognac-Essential-Oil-Living-Libations.pdf%20\" class=\"button primary is-primary is-small\"  >\n\t\t<span>ANALYSE DES HUILES ESSENTIELLES &gt;<\/span>\n\t<\/a>\n\n<\/div>\n<p>Le processus de distillation \u00e0 la vapeur \u00e9limine l&rsquo;alcool et capture l&rsquo;esprit aromatique de cette essence fruit\u00e9e et euphorique.<br \/>\nLe cognac ajoute du charisme aux eaux de Cologne et aux parfums en les impr\u00e9gnant de notes fruit\u00e9es de muscat qui apportent de la l\u00e9g\u00e8ret\u00e9 aux sapins, aux fleurs et aux racines.<\/p>\n<p><strong>Taille : 5 ml et 15 ml<\/strong><\/p>\n<h3>Ingr\u00e9dients biologiques<\/h3>\n<p>100% huile essentielle de cognac blanc (Vitis vinifera).<\/p>\n<div class=\"wpb_wrapper\">\n<p style=\"text-align: center;\"><em>\u00ab\u00a0Je m\u00e9dite, je fais du yoga et j&rsquo;ai beaucoup d&rsquo;amis qui sont des gu\u00e9risseurs&#8230; Et si rien de tout cela ne fonctionne, je passe par une barre de chocolat et une bouteille de cognac.\u00a0\u00bb<br \/>\n~ Susan Strasberg<\/em><\/p>\n<p><img fetchpriority=\"high\" decoding=\"async\" class=\"size-medium wp-image-68103 aligncenter\" src=\"https:\/\/dutchhealthstore.com\/wp-content\/uploads\/2018\/02\/Living-Libations-Organic-Logo-800x89.png\" alt=\"Living Libations - Organic Logo\" width=\"800\" height=\"89\" srcset=\"https:\/\/dutchhealthstore.com\/wp-content\/uploads\/2018\/02\/Living-Libations-Organic-Logo-800x89.png 800w, https:\/\/dutchhealthstore.com\/wp-content\/uploads\/2018\/02\/Living-Libations-Organic-Logo-510x57.png 510w, https:\/\/dutchhealthstore.com\/wp-content\/uploads\/2018\/02\/Living-Libations-Organic-Logo-768x85.png 768w, https:\/\/dutchhealthstore.com\/wp-content\/uploads\/2018\/02\/Living-Libations-Organic-Logo.png 1400w\" sizes=\"(max-width: 800px) 100vw, 800px\" \/><\/p>\n<\/div>\n<\/div>\n<\/div>\n<\/div>\n<\/div>\n<\/div>\n<div class=\"vc_row wpb_row vc_row-fluid\">\n<div class=\"wpb_column vc_column_container vc_col-sm-12\">\n<div class=\"vc_column-inner \">\n<div class=\"wpb_wrapper\">\n<div class=\"wpb_text_column wpb_content_element \">\n<div class=\"wpb_wrapper\"><\/div>\n<\/div>\n<\/div>\n<\/div>\n<\/div>\n<\/div>\n<p>&nbsp;<\/p>\n<\/div>\n","protected":false},"excerpt":{"rendered":"<p>Faites tourner cette essence sous votre nez et soyez transport\u00e9 dans les salons langoureux et les caf\u00e9s parisiens.<br \/>\n<strong>Cognac essential oil<\/strong> captivante de Living Libations est distill\u00e9e \u00e0 partir de la \u00ab\u00a0lie\u00a0\u00bb, c&rsquo;est-\u00e0-dire le pr\u00e9cipit\u00e9 de vin des f\u00fbts de ch\u00eane apr\u00e8s que le Cognac a \u00e9t\u00e9 correctement vieilli.<\/p>\n","protected":false},"featured_media":117502,"comment_status":"open","ping_status":"closed","template":"","meta":[],"product_brand":[],"product_cat":[6734,1507,1211,1209,3757,6733],"product_tag":[4495],"class_list":{"0":"post-103472","1":"product","2":"type-product","3":"status-publish","4":"has-post-thumbnail","6":"product_cat-essential-oils","7":"product_cat-plantes-huiles-essentielles-living-libations","8":"product_cat-living-libations-france","9":"product_cat-par-marques","10":"product_cat-plantes-huiles-essentielles","11":"product_cat-wellness-fr-2","12":"product_tag-essential-oil-fr","13":"pa_brand-livinglibations-fr","14":"pa_essential-oils-product-type-essential-oils-fr","15":"pa_size-15-ml-fr","16":"pa_size-5-ml-fr","18":"first","19":"instock","20":"taxable","21":"shipping-taxable","22":"purchasable","23":"product-type-variable"},"bundled_by":[],"bundle_stock_status":"instock","bundle_stock_quantity":null,"bundle_virtual":false,"bundle_layout":"","bundle_add_to_cart_form_location":"","bundle_editable_in_cart":false,"bundle_sold_individually_context":"","bundle_item_grouping":"","bundle_min_size":"","bundle_max_size":"","bundle_price":[],"bundled_items":[],"bundle_sell_ids":[],"atum_controlled":true,"out_stock_date":null,"out_stock_threshold":null,"inheritable":true,"stock_on_hold":0,"sold_today":0,"sales_last_days":0,"out_stock_days":0,"lost_sales":0,"update_date":"2026-04-15T00:04:04","atum_locations":[],"atum_stock_status":"instock","restock_status":false,"low_stock_amount":"","sales_update_date":"2026-04-15T00:04:04","calc_backorders":null,"group_of_quantity":0,"min_quantity":0,"max_quantity":"","exclude_order_quantity_value_rules":"no","exclude_category_quantity_rules":"no","combine_variations":"no","yoast_head":"<!-- This site is optimized with the Yoast SEO Premium plugin v26.5 (Yoast SEO v26.5) - https:\/\/yoast.com\/wordpress\/plugins\/seo\/ -->\n<title>White Cognac Essential Oil | Living Libations<\/title>\n<meta name=\"description\" content=\"Cognac essential oil captivante de Living Libations est distill\u00e9e \u00e0 partir de la &quot;lie&quot;, c&#039;est-\u00e0-dire le pr\u00e9cipit\u00e9 de vin des f\u00fbts de ch\u00eane apr\u00e8s que le Cognac a \u00e9t\u00e9 correctement vieilli.\" \/>\n<meta name=\"robots\" content=\"index, follow, max-snippet:-1, max-image-preview:large, max-video-preview:-1\" \/>\n<link rel=\"canonical\" href=\"https:\/\/dutchhealthstore.com\/fr\/product\/white-cognac-essential-oil-2\/\" \/>\n<meta property=\"og:locale\" content=\"fr_FR\" \/>\n<meta property=\"og:type\" content=\"article\" \/>\n<meta property=\"og:title\" content=\"White Cognac Essential Oil - Dutch Health Store\" \/>\n<meta property=\"og:description\" content=\"Cognac essential oil captivante de Living Libations est distill\u00e9e \u00e0 partir de la &quot;lie&quot;, c&#039;est-\u00e0-dire le pr\u00e9cipit\u00e9 de vin des f\u00fbts de ch\u00eane apr\u00e8s que le Cognac a \u00e9t\u00e9 correctement vieilli.\" \/>\n<meta property=\"og:url\" content=\"https:\/\/dutchhealthstore.com\/fr\/product\/white-cognac-essential-oil-2\/\" \/>\n<meta property=\"og:site_name\" content=\"Dutch Health Store\" \/>\n<meta property=\"article:publisher\" content=\"https:\/\/www.instagram.com\/dutchhealthstore\/\" \/>\n<meta property=\"article:modified_time\" content=\"2025-08-14T13:07:39+00:00\" \/>\n<meta property=\"og:image\" content=\"https:\/\/dutchhealthstore.com\/wp-content\/uploads\/2020\/05\/Living-Libations-White-Cognac-Essential-Oil-e1596446461674.png\" \/>\n\t<meta property=\"og:image:width\" content=\"500\" \/>\n\t<meta property=\"og:image:height\" content=\"500\" \/>\n\t<meta property=\"og:image:type\" content=\"image\/jpeg\" \/>\n<meta name=\"twitter:card\" content=\"summary_large_image\" \/>\n<meta name=\"twitter:label1\" content=\"Disponibilit\u00e9\" \/>\n\t<meta name=\"twitter:data1\" content=\"En stock\" \/>\n<script type=\"application\/ld+json\" class=\"yoast-schema-graph\">{\"@context\":\"https:\/\/schema.org\",\"@graph\":[{\"@type\":\"WebPage\",\"@id\":\"https:\/\/dutchhealthstore.com\/fr\/product\/white-cognac-essential-oil-2\/\",\"url\":\"https:\/\/dutchhealthstore.com\/fr\/product\/white-cognac-essential-oil-2\/\",\"name\":\"White Cognac Essential Oil | Living Libations\",\"isPartOf\":{\"@id\":\"https:\/\/dutchhealthstore.com\/fr\/#website\"},\"primaryImageOfPage\":{\"@id\":\"https:\/\/dutchhealthstore.com\/fr\/product\/white-cognac-essential-oil-2\/#primaryimage\"},\"image\":{\"@id\":\"https:\/\/dutchhealthstore.com\/fr\/product\/white-cognac-essential-oil-2\/#primaryimage\"},\"thumbnailUrl\":\"https:\/\/dutchhealthstore.com\/wp-content\/uploads\/2020\/05\/Living-Libations-White-Cognac-Essential-Oil-e1596446461674.png\",\"datePublished\":\"2020-05-25T06:04:43+00:00\",\"dateModified\":\"2025-08-14T13:07:39+00:00\",\"description\":\"Cognac essential oil captivante de Living Libations est distill\u00e9e \u00e0 partir de la \\\"lie\\\", c'est-\u00e0-dire le pr\u00e9cipit\u00e9 de vin des f\u00fbts de ch\u00eane apr\u00e8s que le Cognac a \u00e9t\u00e9 correctement vieilli.\",\"breadcrumb\":{\"@id\":\"https:\/\/dutchhealthstore.com\/fr\/product\/white-cognac-essential-oil-2\/#breadcrumb\"},\"inLanguage\":\"fr-FR\",\"potentialAction\":[{\"@type\":\"ReadAction\",\"target\":[\"https:\/\/dutchhealthstore.com\/fr\/product\/white-cognac-essential-oil-2\/\"]}]},{\"@type\":\"ImageObject\",\"inLanguage\":\"fr-FR\",\"@id\":\"https:\/\/dutchhealthstore.com\/fr\/product\/white-cognac-essential-oil-2\/#primaryimage\",\"url\":\"https:\/\/dutchhealthstore.com\/wp-content\/uploads\/2020\/05\/Living-Libations-White-Cognac-Essential-Oil-e1596446461674.png\",\"contentUrl\":\"https:\/\/dutchhealthstore.com\/wp-content\/uploads\/2020\/05\/Living-Libations-White-Cognac-Essential-Oil-e1596446461674.png\",\"width\":500,\"height\":500,\"caption\":\"Living Libations White Cognac Essential Oil\"},{\"@type\":\"BreadcrumbList\",\"@id\":\"https:\/\/dutchhealthstore.com\/fr\/product\/white-cognac-essential-oil-2\/#breadcrumb\",\"itemListElement\":[{\"@type\":\"ListItem\",\"position\":1,\"name\":\"Home\",\"item\":\"https:\/\/dutchhealthstore.com\/fr\/\"},{\"@type\":\"ListItem\",\"position\":2,\"name\":\"Shop\",\"item\":\"https:\/\/dutchhealthstore.com\/fr\/shop\/\"},{\"@type\":\"ListItem\",\"position\":3,\"name\":\"White Cognac Essential Oil\"}]},{\"@type\":\"WebSite\",\"@id\":\"https:\/\/dutchhealthstore.com\/fr\/#website\",\"url\":\"https:\/\/dutchhealthstore.com\/fr\/\",\"name\":\"Dutch Health Store\",\"description\":\"Enhance Your Beauty with Organic &amp; Natural Skincare\",\"publisher\":{\"@id\":\"https:\/\/dutchhealthstore.com\/fr\/#organization\"},\"potentialAction\":[{\"@type\":\"SearchAction\",\"target\":{\"@type\":\"EntryPoint\",\"urlTemplate\":\"https:\/\/dutchhealthstore.com\/fr\/?s={search_term_string}\"},\"query-input\":{\"@type\":\"PropertyValueSpecification\",\"valueRequired\":true,\"valueName\":\"search_term_string\"}}],\"inLanguage\":\"fr-FR\"},{\"@type\":\"Organization\",\"@id\":\"https:\/\/dutchhealthstore.com\/fr\/#organization\",\"name\":\"Dutch Health Store\",\"url\":\"https:\/\/dutchhealthstore.com\/fr\/\",\"logo\":{\"@type\":\"ImageObject\",\"inLanguage\":\"fr-FR\",\"@id\":\"https:\/\/dutchhealthstore.com\/fr\/#\/schema\/logo\/image\/\",\"url\":\"https:\/\/dutchhealthstore.com\/wp-content\/uploads\/2020\/08\/logo-dutchhealthstore-jpg-e1599484957574.jpg\",\"contentUrl\":\"https:\/\/dutchhealthstore.com\/wp-content\/uploads\/2020\/08\/logo-dutchhealthstore-jpg-e1599484957574.jpg\",\"width\":400,\"height\":62,\"caption\":\"Dutch Health Store\"},\"image\":{\"@id\":\"https:\/\/dutchhealthstore.com\/fr\/#\/schema\/logo\/image\/\"},\"sameAs\":[\"https:\/\/www.instagram.com\/dutchhealthstore\/\",\"https:\/\/www.facebook.com\/dutchhealthstore\"]}]}<\/script>\n<meta property=\"product:brand\" content=\"Living Libations\" \/>\n<meta property=\"og:availability\" content=\"instock\" \/>\n<meta property=\"product:availability\" content=\"instock\" \/>\n<meta property=\"product:condition\" content=\"new\" \/>\n<!-- \/ Yoast SEO Premium plugin. -->","yoast_head_json":{"title":"White Cognac Essential Oil | Living Libations","description":"Cognac essential oil captivante de Living Libations est distill\u00e9e \u00e0 partir de la \"lie\", c'est-\u00e0-dire le pr\u00e9cipit\u00e9 de vin des f\u00fbts de ch\u00eane apr\u00e8s que le Cognac a \u00e9t\u00e9 correctement vieilli.","robots":{"index":"index","follow":"follow","max-snippet":"max-snippet:-1","max-image-preview":"max-image-preview:large","max-video-preview":"max-video-preview:-1"},"canonical":"https:\/\/dutchhealthstore.com\/fr\/product\/white-cognac-essential-oil-2\/","og_locale":"fr_FR","og_type":"article","og_title":"White Cognac Essential Oil - Dutch Health Store","og_description":"Cognac essential oil captivante de Living Libations est distill\u00e9e \u00e0 partir de la \"lie\", c'est-\u00e0-dire le pr\u00e9cipit\u00e9 de vin des f\u00fbts de ch\u00eane apr\u00e8s que le Cognac a \u00e9t\u00e9 correctement vieilli.","og_url":"https:\/\/dutchhealthstore.com\/fr\/product\/white-cognac-essential-oil-2\/","og_site_name":"Dutch Health Store","article_publisher":"https:\/\/www.instagram.com\/dutchhealthstore\/","article_modified_time":"2025-08-14T13:07:39+00:00","og_image":[{"width":500,"height":500,"url":"https:\/\/dutchhealthstore.com\/wp-content\/uploads\/2020\/05\/Living-Libations-White-Cognac-Essential-Oil-e1596446461674.png","type":"image\/jpeg"}],"twitter_card":"summary_large_image","twitter_misc":{"Disponibilit\u00e9":"En stock"},"schema":{"@context":"https:\/\/schema.org","@graph":[{"@type":"WebPage","@id":"https:\/\/dutchhealthstore.com\/fr\/product\/white-cognac-essential-oil-2\/","url":"https:\/\/dutchhealthstore.com\/fr\/product\/white-cognac-essential-oil-2\/","name":"White Cognac Essential Oil | Living Libations","isPartOf":{"@id":"https:\/\/dutchhealthstore.com\/fr\/#website"},"primaryImageOfPage":{"@id":"https:\/\/dutchhealthstore.com\/fr\/product\/white-cognac-essential-oil-2\/#primaryimage"},"image":{"@id":"https:\/\/dutchhealthstore.com\/fr\/product\/white-cognac-essential-oil-2\/#primaryimage"},"thumbnailUrl":"https:\/\/dutchhealthstore.com\/wp-content\/uploads\/2020\/05\/Living-Libations-White-Cognac-Essential-Oil-e1596446461674.png","datePublished":"2020-05-25T06:04:43+00:00","dateModified":"2025-08-14T13:07:39+00:00","description":"Cognac essential oil captivante de Living Libations est distill\u00e9e \u00e0 partir de la \"lie\", c'est-\u00e0-dire le pr\u00e9cipit\u00e9 de vin des f\u00fbts de ch\u00eane apr\u00e8s que le Cognac a \u00e9t\u00e9 correctement vieilli.","breadcrumb":{"@id":"https:\/\/dutchhealthstore.com\/fr\/product\/white-cognac-essential-oil-2\/#breadcrumb"},"inLanguage":"fr-FR","potentialAction":[{"@type":"ReadAction","target":["https:\/\/dutchhealthstore.com\/fr\/product\/white-cognac-essential-oil-2\/"]}]},{"@type":"ImageObject","inLanguage":"fr-FR","@id":"https:\/\/dutchhealthstore.com\/fr\/product\/white-cognac-essential-oil-2\/#primaryimage","url":"https:\/\/dutchhealthstore.com\/wp-content\/uploads\/2020\/05\/Living-Libations-White-Cognac-Essential-Oil-e1596446461674.png","contentUrl":"https:\/\/dutchhealthstore.com\/wp-content\/uploads\/2020\/05\/Living-Libations-White-Cognac-Essential-Oil-e1596446461674.png","width":500,"height":500,"caption":"Living Libations White Cognac Essential Oil"},{"@type":"BreadcrumbList","@id":"https:\/\/dutchhealthstore.com\/fr\/product\/white-cognac-essential-oil-2\/#breadcrumb","itemListElement":[{"@type":"ListItem","position":1,"name":"Home","item":"https:\/\/dutchhealthstore.com\/fr\/"},{"@type":"ListItem","position":2,"name":"Shop","item":"https:\/\/dutchhealthstore.com\/fr\/shop\/"},{"@type":"ListItem","position":3,"name":"White Cognac Essential Oil"}]},{"@type":"WebSite","@id":"https:\/\/dutchhealthstore.com\/fr\/#website","url":"https:\/\/dutchhealthstore.com\/fr\/","name":"Dutch Health Store","description":"Enhance Your Beauty with Organic &amp; Natural Skincare","publisher":{"@id":"https:\/\/dutchhealthstore.com\/fr\/#organization"},"potentialAction":[{"@type":"SearchAction","target":{"@type":"EntryPoint","urlTemplate":"https:\/\/dutchhealthstore.com\/fr\/?s={search_term_string}"},"query-input":{"@type":"PropertyValueSpecification","valueRequired":true,"valueName":"search_term_string"}}],"inLanguage":"fr-FR"},{"@type":"Organization","@id":"https:\/\/dutchhealthstore.com\/fr\/#organization","name":"Dutch Health Store","url":"https:\/\/dutchhealthstore.com\/fr\/","logo":{"@type":"ImageObject","inLanguage":"fr-FR","@id":"https:\/\/dutchhealthstore.com\/fr\/#\/schema\/logo\/image\/","url":"https:\/\/dutchhealthstore.com\/wp-content\/uploads\/2020\/08\/logo-dutchhealthstore-jpg-e1599484957574.jpg","contentUrl":"https:\/\/dutchhealthstore.com\/wp-content\/uploads\/2020\/08\/logo-dutchhealthstore-jpg-e1599484957574.jpg","width":400,"height":62,"caption":"Dutch Health Store"},"image":{"@id":"https:\/\/dutchhealthstore.com\/fr\/#\/schema\/logo\/image\/"},"sameAs":["https:\/\/www.instagram.com\/dutchhealthstore\/","https:\/\/www.facebook.com\/dutchhealthstore"]}]},"product_brand":"Living Libations","og_availability":"instock","product_availability":"instock","product_condition":"new"},"_links":{"self":[{"href":"https:\/\/dutchhealthstore.com\/fr\/wp-json\/wp\/v2\/product\/103472","targetHints":{"allow":["GET"]}}],"collection":[{"href":"https:\/\/dutchhealthstore.com\/fr\/wp-json\/wp\/v2\/product"}],"about":[{"href":"https:\/\/dutchhealthstore.com\/fr\/wp-json\/wp\/v2\/types\/product"}],"replies":[{"embeddable":true,"href":"https:\/\/dutchhealthstore.com\/fr\/wp-json\/wp\/v2\/comments?post=103472"}],"wp:featuredmedia":[{"embeddable":true,"href":"https:\/\/dutchhealthstore.com\/fr\/wp-json\/wp\/v2\/media\/117502"}],"wp:attachment":[{"href":"https:\/\/dutchhealthstore.com\/fr\/wp-json\/wp\/v2\/media?parent=103472"}],"wp:term":[{"taxonomy":"product_brand","embeddable":true,"href":"https:\/\/dutchhealthstore.com\/fr\/wp-json\/wp\/v2\/product_brand?post=103472"},{"taxonomy":"product_cat","embeddable":true,"href":"https:\/\/dutchhealthstore.com\/fr\/wp-json\/wp\/v2\/product_cat?post=103472"},{"taxonomy":"product_tag","embeddable":true,"href":"https:\/\/dutchhealthstore.com\/fr\/wp-json\/wp\/v2\/product_tag?post=103472"}],"curies":[{"name":"wp","href":"https:\/\/api.w.org\/{rel}","templated":true}]}}