{"id":103365,"date":"2020-05-26T07:35:26","date_gmt":"2020-05-26T07:35:26","guid":{"rendered":"https:\/\/dutchhealthstore.com\/product\/petal-perfume-night-flight-to-venus\/"},"modified":"2025-10-28T11:00:44","modified_gmt":"2025-10-28T10:00:44","slug":"petal-perfume-night-flight-to-venus","status":"publish","type":"product","link":"https:\/\/dutchhealthstore.com\/fr\/product\/petal-perfume-night-flight-to-venus\/","title":{"rendered":"Petal Perfume &#8211; Night Flight To Venus"},"content":{"rendered":"<p><img decoding=\"async\" class=\"size-full wp-image-69549 alignright\" src=\"https:\/\/dutchhealthstore.com\/wp-content\/uploads\/2019\/08\/NEW-Living-Libations-Logo.jpg\" alt=\"NEW - Living Libations - Logo\" width=\"175\" height=\"82\"><\/p>\n<p>Votre vol de nuit hypnotique vous attend juste au-del\u00e0 de la lune montante avec le <strong>Night Flight to Venus Petal Perfume<\/strong>. Apr\u00e8s autant de mondes que d&rsquo;atomes dans un champ d&rsquo;\u00e9toiles, se trouve un monde appel\u00e9 All Illuminating Flowers Blooming, o\u00f9 les ornements aromatiques sont mis en tourbillon pour cr\u00e9er un parfum paradisiaque en pleine floraison c\u00e9leste. Baignez-vous dans l&rsquo;ar\u00f4me d&rsquo;une nuit d&rsquo;\u00e9t\u00e9 \u00e9touffante o\u00f9 la vanille mielleuse flotte dans l&rsquo;air pour se m\u00ealer aux fleurs hypnotiques du jasmin nocturne fusionn\u00e9es avec le parfum capiteux du foin chauff\u00e9 par une journ\u00e9e d&rsquo;\u00e9t\u00e9 \u00e9ternelle.<\/p>\n<p>Avec V\u00e9nus, \u00e9blouissante du cr\u00e9puscule \u00e0 l&rsquo;aube, ce parfum vous transporte au royaume o\u00f9 les couchers de soleil \u00e9ternels et le velours de la nuit communient. C&rsquo;est ici, dans cette sph\u00e8re c\u00e9leste de lumi\u00e8res scintillantes, que nous nous \u00e9levons au sens de la noblesse qui r\u00e9side en nous, gracieux et omniscient. En inhalant ce parfum, vous r\u00e9v\u00e9lez les joyaux juteux de la beaut\u00e9 et de la souverainet\u00e9 \u00e0 la conscience florale de votre esprit.<\/p>\n<p>Night Flight to Venus est une invitation \u00e0 la pollinisation cosmique.<\/p>\n<h3>Utiliser<\/h3>\n<p>Fixez votre regard sur les \u00e9toiles des nuits d&rsquo;\u00e9t\u00e9; un pschitt rapide sur la poitrine, le cou, les cheveux, ou n&rsquo;importe o\u00f9, vous enverra vers une f\u00e9licit\u00e9 c\u00e9leste.<\/p>\n<p><strong>Taille: 5 ml et 30 ml<\/strong><\/p>\n<h3 class=\"yikes-custom-woo-tab-title yikes-custom-woo-tab-title-natural-organic-ingredients\">Ingr\u00e9dients naturels\/biologiques<\/h3>\n<p><strong>Fleurs de Noroli<\/strong> <em>(Citrus aurantium)<\/em> &#8211; De gracieux bosquets d&rsquo;orangers fleurissent les fleurs de cet ar\u00f4me ambrosien. L&rsquo;huile essentielle distill\u00e9e, le n\u00e9roli, est l\u00e9g\u00e8re et charmante et la distillation absolue est un r\u00eave aromatique luxueux de fleurs capiteuses et de verts nuanc\u00e9s. Pour cr\u00e9er cette essence exquise, 880 livres de fleurs sont r\u00e9colt\u00e9es pour produire une livre d&rsquo;huile. Lorsqu&rsquo;il est distill\u00e9 \u00e0 la perfection, l&rsquo;absolu offre une exp\u00e9rience bien plus riche et myst\u00e9rieuse que le n\u00e9roli distill\u00e9 \u00e0 la vapeur pour les nez avertis. Cette senteur mielleuse et sulfureuse est appliqu\u00e9e avec amour par les parfumeurs naturel et les amateurs de fleurs depuis des si\u00e8cles. Il est sans complexe, exotique et s\u00e9rieusement sexy!<\/p>\n<p><strong>Jasmin Sambac<\/strong><em> (Jasminum Sambac)<\/em> &#8211; Jasmine juteux est fabriqu\u00e9 \u00e0 l&rsquo;\u00e9tat sauvage en Inde, puis\u00e9 dans les profondeurs parfum\u00e9es des fleurs de jasmin sambac \u00e0 floraison nocturne. Contrairement au jasmin grandiflorum, qui ouvre ses p\u00e9tales \u00e0 l&rsquo;aube, le jasmin Sambac communie avec le myst\u00e8re de la lune et des \u00e9toiles, capturant l&rsquo;essence parfum\u00e9e des nuits chaudes sans fin.<\/p>\n<p><strong>Vanille<\/strong> <em>(Vanilla planifolia)<\/em> &#8211; La vanille velout\u00e9e est un inspirateur de d\u00e9sir bien connu. Sa douce \u00e9treinte de chaleur mielleuse fait fondre les tensions tout en se relaxant dans le jeu!<\/p>\n<p><strong>Hay<\/strong><em> (Hierochloe alpina)<\/em> &#8211; L&rsquo;essence harmonieuse de Hay capture l&rsquo;ar\u00f4me countrifi\u00e9 d&rsquo;une douce journ\u00e9e d&rsquo;\u00e9t\u00e9. Distill\u00e9e \u00e0 la vapeur \u00e0 partir de foin de la campagne fran\u00e7aise, cette huile aromatique offre de fascinantes vrilles d&rsquo;abricot sec et d&rsquo;ambre miell\u00e9. Rappelant l&rsquo;herbe douce, les notes de t\u00eate tranquilles donnent un sentiment de ralentissement du temps, alors qu&rsquo;une douce journ\u00e9e d&rsquo;\u00e9t\u00e9 fait place \u00e0 un cr\u00e9puscule \u00e9tincelant.<\/p>\n<p><strong>Mandarine<\/strong><em> (Citrus reticulata<\/em> ) &#8211; Cette essence radieuse et piquante chante une chanson apaisante en infusant Night Flight d&rsquo;un \u00e9clat discret de r\u00eave mandarine.<\/p>\n<p><strong>\u00c9corce de massoia<\/strong><em> (Cryptocarya massoia<\/em>) &#8211; Le massoia majestueux se m\u00eale au foin pour cr\u00e9er une note de caramel au beurre d\u00e9lectable qui adoucit le voyage le long de votre vol de nuit. De l\u00e9g\u00e8res traces de noix de coco font de l&rsquo;\u00e9corce de massoia une note de fond passionnante et inattendue dans ce m\u00e9lange.<\/p>\n<p><strong>Orange sanguine<\/strong> <em>(Citrus sinensis)<\/em> &#8211; L&rsquo;ar\u00f4me ensoleill\u00e9 d&rsquo;agrumes de l&rsquo;orange sanguine harmonise les sentiments d\u00e9sordonn\u00e9s et efface les soucis. Inspirez la joie et expirez la gratitude.<\/p>\n<p><strong>Yuzu<\/strong><em> (Citrus junos)<\/em> &#8211; Yummy Yuzu est une explosion d&rsquo;agrumes ensoleill\u00e9e au parfum sucr\u00e9! Calmante et insouciante, cette huile apporte le rire et la joie de vivre en libert\u00e9. Avec un zeste semblable \u00e0 celui du pamplemousse ou de la mandarine, le fruit du yuzu est largement utilis\u00e9 dans les cr\u00e9ations culinaires et les bains de vapeur. Ce cirque d&rsquo;agrumes fantastiquement aromatique aux accents floraux illumine la nuit dans notre parfum Venus.<\/p>\n<p><strong>Alcool biodynamique biologique<\/strong> &#8211; L&rsquo;alcool biodynamique biologique sert de support \u00e0 nos petal perfumes et \u00e0 nos forest colognes, permettant \u00e0 chaque plante d&rsquo;infuser sans effort la peau avec des merveilles aromatiques. Cet alcool biologique et biodynamique est de la plus haute qualit\u00e9 et est triplement filtr\u00e9 pour plus de puret\u00e9. Produit \u00e0 partir de raisins certifi\u00e9s biologiques, il est test\u00e9 de mani\u00e8re ind\u00e9pendante afin de garantir qu&rsquo;il r\u00e9pond aux normes de l&rsquo;United States Pharmacopeia (USP) en mati\u00e8re d&rsquo;alcool pur, biologique et de qualit\u00e9 pharmaceutique.<\/p>\n<p><img fetchpriority=\"high\" decoding=\"async\" class=\"size-medium wp-image-68103 aligncenter\" src=\"https:\/\/dutchhealthstore.com\/wp-content\/uploads\/2018\/02\/Living-Libations-Organic-Logo-800x89.png\" alt=\"Living Libations - Organic Logo\" width=\"800\" height=\"89\" srcset=\"https:\/\/dutchhealthstore.com\/wp-content\/uploads\/2018\/02\/Living-Libations-Organic-Logo-800x89.png 800w, https:\/\/dutchhealthstore.com\/wp-content\/uploads\/2018\/02\/Living-Libations-Organic-Logo-510x57.png 510w, https:\/\/dutchhealthstore.com\/wp-content\/uploads\/2018\/02\/Living-Libations-Organic-Logo-768x85.png 768w, https:\/\/dutchhealthstore.com\/wp-content\/uploads\/2018\/02\/Living-Libations-Organic-Logo.png 1400w\" sizes=\"(max-width: 800px) 100vw, 800px\" \/><\/p>\n","protected":false},"excerpt":{"rendered":"<p>Votre vol de nuit hypnotique vous attend juste apr\u00e8s la lune montante.<br \/>\nApr\u00e8s autant de mondes que d&rsquo;atomes dans un champ d&rsquo;\u00e9toiles, il y a un monde appel\u00e9 All Illuminating Flowers Blooming, o\u00f9 les ornements aromatiques de n\u00e9roli, de jasmin, de vanille, de foin, de mandarine, d&rsquo;\u00e9corce de massoia et d&rsquo;orange sanguine sont m\u00e9lang\u00e9s pour cr\u00e9er un parfum de p\u00e9tales en pleine floraison c\u00e9leste.<\/p>\n<p>&nbsp;<\/p>\n","protected":false},"featured_media":284340,"comment_status":"open","ping_status":"closed","template":"","meta":[],"product_brand":[],"product_cat":[1211,1209,1030,6817,6697,1010],"product_tag":[6739],"class_list":{"0":"post-103365","1":"product","2":"type-product","3":"status-publish","4":"has-post-thumbnail","6":"product_cat-living-libations-france","7":"product_cat-par-marques","8":"product_cat-par-produits","9":"product_cat-perfumes-fr","10":"product_cat-fragrances-fr","11":"product_cat-notre-boutique","12":"product_tag-perfume-fr","13":"pa_brand-livinglibations-fr","14":"pa_fragrances-product-type-perfumes-fr","15":"pa_fragrances-product-type-for-her-fr-2","16":"pa_gtin-7439657369339-fr","17":"pa_size-30-ml-fr","18":"pa_size-5-ml-fr","20":"first","21":"instock","22":"taxable","23":"shipping-taxable","24":"purchasable","25":"product-type-variable"},"bundled_by":[],"bundle_stock_status":"instock","bundle_stock_quantity":null,"bundle_virtual":false,"bundle_layout":"","bundle_add_to_cart_form_location":"","bundle_editable_in_cart":false,"bundle_sold_individually_context":"","bundle_item_grouping":"","bundle_min_size":"","bundle_max_size":"","bundle_price":[],"bundled_items":[],"bundle_sell_ids":[],"atum_controlled":true,"out_stock_date":null,"out_stock_threshold":null,"inheritable":true,"stock_on_hold":0,"sold_today":0,"sales_last_days":1,"out_stock_days":0,"lost_sales":0,"update_date":"2026-04-13T00:04:01","atum_locations":[],"atum_stock_status":"instock","restock_status":false,"low_stock_amount":"","sales_update_date":"2026-04-13T00:04:01","calc_backorders":null,"group_of_quantity":0,"min_quantity":0,"max_quantity":"","exclude_order_quantity_value_rules":"no","exclude_category_quantity_rules":"no","combine_variations":"no","yoast_head":"<!-- This site is optimized with the Yoast SEO Premium plugin v26.5 (Yoast SEO v26.5) - https:\/\/yoast.com\/wordpress\/plugins\/seo\/ -->\n<title>Petal Perfume - Night Flight to Venus | Living Libations<\/title>\n<meta name=\"description\" content=\"Night Flight to Venus est un parfum organique \u00e0 base de p\u00e9tales qui baigne dans l&#039;ar\u00f4me d&#039;une nuit d&#039;\u00e9t\u00e9 \u00e9touffante captur\u00e9e dans un flacon.\" \/>\n<meta name=\"robots\" content=\"index, follow, max-snippet:-1, max-image-preview:large, max-video-preview:-1\" \/>\n<link rel=\"canonical\" href=\"https:\/\/dutchhealthstore.com\/fr\/product\/petal-perfume-night-flight-to-venus\/\" \/>\n<meta property=\"og:locale\" content=\"fr_FR\" \/>\n<meta property=\"og:type\" content=\"article\" \/>\n<meta property=\"og:title\" content=\"Petal Perfume - Night Flight To Venus - Dutch Health Store\" \/>\n<meta property=\"og:description\" content=\"Night Flight to Venus est un parfum organique \u00e0 base de p\u00e9tales qui baigne dans l&#039;ar\u00f4me d&#039;une nuit d&#039;\u00e9t\u00e9 \u00e9touffante captur\u00e9e dans un flacon.\" \/>\n<meta property=\"og:url\" content=\"https:\/\/dutchhealthstore.com\/fr\/product\/petal-perfume-night-flight-to-venus\/\" \/>\n<meta property=\"og:site_name\" content=\"Dutch Health Store\" \/>\n<meta property=\"article:publisher\" content=\"https:\/\/www.instagram.com\/dutchhealthstore\/\" \/>\n<meta property=\"article:modified_time\" content=\"2025-10-28T10:00:44+00:00\" \/>\n<meta property=\"og:image\" content=\"https:\/\/dutchhealthstore.com\/wp-content\/uploads\/2018\/02\/Petal-Perfume-Night-Flight-to-Venus-Organic-and-Natural-Living-Libations.jpg\" \/>\n\t<meta property=\"og:image:width\" content=\"1000\" \/>\n\t<meta property=\"og:image:height\" content=\"1000\" \/>\n\t<meta property=\"og:image:type\" content=\"image\/jpeg\" \/>\n<meta name=\"twitter:card\" content=\"summary_large_image\" \/>\n<meta name=\"twitter:label1\" content=\"Disponibilit\u00e9\" \/>\n\t<meta name=\"twitter:data1\" content=\"En stock\" \/>\n<script type=\"application\/ld+json\" class=\"yoast-schema-graph\">{\"@context\":\"https:\/\/schema.org\",\"@graph\":[{\"@type\":\"WebPage\",\"@id\":\"https:\/\/dutchhealthstore.com\/fr\/product\/petal-perfume-night-flight-to-venus\/\",\"url\":\"https:\/\/dutchhealthstore.com\/fr\/product\/petal-perfume-night-flight-to-venus\/\",\"name\":\"Petal Perfume - Night Flight to Venus | Living Libations\",\"isPartOf\":{\"@id\":\"https:\/\/dutchhealthstore.com\/fr\/#website\"},\"primaryImageOfPage\":{\"@id\":\"https:\/\/dutchhealthstore.com\/fr\/product\/petal-perfume-night-flight-to-venus\/#primaryimage\"},\"image\":{\"@id\":\"https:\/\/dutchhealthstore.com\/fr\/product\/petal-perfume-night-flight-to-venus\/#primaryimage\"},\"thumbnailUrl\":\"https:\/\/dutchhealthstore.com\/wp-content\/uploads\/2020\/05\/ll-petal-perfume-night-flight-30ml.jpg\",\"datePublished\":\"2020-05-26T07:35:26+00:00\",\"dateModified\":\"2025-10-28T10:00:44+00:00\",\"description\":\"Night Flight to Venus est un parfum organique \u00e0 base de p\u00e9tales qui baigne dans l'ar\u00f4me d'une nuit d'\u00e9t\u00e9 \u00e9touffante captur\u00e9e dans un flacon.\",\"breadcrumb\":{\"@id\":\"https:\/\/dutchhealthstore.com\/fr\/product\/petal-perfume-night-flight-to-venus\/#breadcrumb\"},\"inLanguage\":\"fr-FR\",\"potentialAction\":[{\"@type\":\"ReadAction\",\"target\":[\"https:\/\/dutchhealthstore.com\/fr\/product\/petal-perfume-night-flight-to-venus\/\"]}]},{\"@type\":\"ImageObject\",\"inLanguage\":\"fr-FR\",\"@id\":\"https:\/\/dutchhealthstore.com\/fr\/product\/petal-perfume-night-flight-to-venus\/#primaryimage\",\"url\":\"https:\/\/dutchhealthstore.com\/wp-content\/uploads\/2020\/05\/ll-petal-perfume-night-flight-30ml.jpg\",\"contentUrl\":\"https:\/\/dutchhealthstore.com\/wp-content\/uploads\/2020\/05\/ll-petal-perfume-night-flight-30ml.jpg\",\"width\":526,\"height\":526,\"caption\":\"ll-petal-perfume-night-flight-30ml\"},{\"@type\":\"BreadcrumbList\",\"@id\":\"https:\/\/dutchhealthstore.com\/fr\/product\/petal-perfume-night-flight-to-venus\/#breadcrumb\",\"itemListElement\":[{\"@type\":\"ListItem\",\"position\":1,\"name\":\"Home\",\"item\":\"https:\/\/dutchhealthstore.com\/fr\/\"},{\"@type\":\"ListItem\",\"position\":2,\"name\":\"Shop\",\"item\":\"https:\/\/dutchhealthstore.com\/fr\/shop\/\"},{\"@type\":\"ListItem\",\"position\":3,\"name\":\"Petal Perfume &#8211; Night Flight To Venus\"}]},{\"@type\":\"WebSite\",\"@id\":\"https:\/\/dutchhealthstore.com\/fr\/#website\",\"url\":\"https:\/\/dutchhealthstore.com\/fr\/\",\"name\":\"Dutch Health Store\",\"description\":\"Enhance Your Beauty with Organic &amp; Natural Skincare\",\"publisher\":{\"@id\":\"https:\/\/dutchhealthstore.com\/fr\/#organization\"},\"potentialAction\":[{\"@type\":\"SearchAction\",\"target\":{\"@type\":\"EntryPoint\",\"urlTemplate\":\"https:\/\/dutchhealthstore.com\/fr\/?s={search_term_string}\"},\"query-input\":{\"@type\":\"PropertyValueSpecification\",\"valueRequired\":true,\"valueName\":\"search_term_string\"}}],\"inLanguage\":\"fr-FR\"},{\"@type\":\"Organization\",\"@id\":\"https:\/\/dutchhealthstore.com\/fr\/#organization\",\"name\":\"Dutch Health Store\",\"url\":\"https:\/\/dutchhealthstore.com\/fr\/\",\"logo\":{\"@type\":\"ImageObject\",\"inLanguage\":\"fr-FR\",\"@id\":\"https:\/\/dutchhealthstore.com\/fr\/#\/schema\/logo\/image\/\",\"url\":\"https:\/\/dutchhealthstore.com\/wp-content\/uploads\/2020\/08\/logo-dutchhealthstore-jpg-e1599484957574.jpg\",\"contentUrl\":\"https:\/\/dutchhealthstore.com\/wp-content\/uploads\/2020\/08\/logo-dutchhealthstore-jpg-e1599484957574.jpg\",\"width\":400,\"height\":62,\"caption\":\"Dutch Health Store\"},\"image\":{\"@id\":\"https:\/\/dutchhealthstore.com\/fr\/#\/schema\/logo\/image\/\"},\"sameAs\":[\"https:\/\/www.instagram.com\/dutchhealthstore\/\",\"https:\/\/www.facebook.com\/dutchhealthstore\"]}]}<\/script>\n<meta property=\"product:brand\" content=\"Living Libations\" \/>\n<meta property=\"og:availability\" content=\"instock\" \/>\n<meta property=\"product:availability\" content=\"instock\" \/>\n<meta property=\"product:condition\" content=\"new\" \/>\n<!-- \/ Yoast SEO Premium plugin. -->","yoast_head_json":{"title":"Petal Perfume - Night Flight to Venus | Living Libations","description":"Night Flight to Venus est un parfum organique \u00e0 base de p\u00e9tales qui baigne dans l'ar\u00f4me d'une nuit d'\u00e9t\u00e9 \u00e9touffante captur\u00e9e dans un flacon.","robots":{"index":"index","follow":"follow","max-snippet":"max-snippet:-1","max-image-preview":"max-image-preview:large","max-video-preview":"max-video-preview:-1"},"canonical":"https:\/\/dutchhealthstore.com\/fr\/product\/petal-perfume-night-flight-to-venus\/","og_locale":"fr_FR","og_type":"article","og_title":"Petal Perfume - Night Flight To Venus - Dutch Health Store","og_description":"Night Flight to Venus est un parfum organique \u00e0 base de p\u00e9tales qui baigne dans l'ar\u00f4me d'une nuit d'\u00e9t\u00e9 \u00e9touffante captur\u00e9e dans un flacon.","og_url":"https:\/\/dutchhealthstore.com\/fr\/product\/petal-perfume-night-flight-to-venus\/","og_site_name":"Dutch Health Store","article_publisher":"https:\/\/www.instagram.com\/dutchhealthstore\/","article_modified_time":"2025-10-28T10:00:44+00:00","og_image":[{"width":1000,"height":1000,"url":"https:\/\/dutchhealthstore.com\/wp-content\/uploads\/2018\/02\/Petal-Perfume-Night-Flight-to-Venus-Organic-and-Natural-Living-Libations.jpg","type":"image\/jpeg"}],"twitter_card":"summary_large_image","twitter_misc":{"Disponibilit\u00e9":"En stock"},"schema":{"@context":"https:\/\/schema.org","@graph":[{"@type":"WebPage","@id":"https:\/\/dutchhealthstore.com\/fr\/product\/petal-perfume-night-flight-to-venus\/","url":"https:\/\/dutchhealthstore.com\/fr\/product\/petal-perfume-night-flight-to-venus\/","name":"Petal Perfume - Night Flight to Venus | Living Libations","isPartOf":{"@id":"https:\/\/dutchhealthstore.com\/fr\/#website"},"primaryImageOfPage":{"@id":"https:\/\/dutchhealthstore.com\/fr\/product\/petal-perfume-night-flight-to-venus\/#primaryimage"},"image":{"@id":"https:\/\/dutchhealthstore.com\/fr\/product\/petal-perfume-night-flight-to-venus\/#primaryimage"},"thumbnailUrl":"https:\/\/dutchhealthstore.com\/wp-content\/uploads\/2020\/05\/ll-petal-perfume-night-flight-30ml.jpg","datePublished":"2020-05-26T07:35:26+00:00","dateModified":"2025-10-28T10:00:44+00:00","description":"Night Flight to Venus est un parfum organique \u00e0 base de p\u00e9tales qui baigne dans l'ar\u00f4me d'une nuit d'\u00e9t\u00e9 \u00e9touffante captur\u00e9e dans un flacon.","breadcrumb":{"@id":"https:\/\/dutchhealthstore.com\/fr\/product\/petal-perfume-night-flight-to-venus\/#breadcrumb"},"inLanguage":"fr-FR","potentialAction":[{"@type":"ReadAction","target":["https:\/\/dutchhealthstore.com\/fr\/product\/petal-perfume-night-flight-to-venus\/"]}]},{"@type":"ImageObject","inLanguage":"fr-FR","@id":"https:\/\/dutchhealthstore.com\/fr\/product\/petal-perfume-night-flight-to-venus\/#primaryimage","url":"https:\/\/dutchhealthstore.com\/wp-content\/uploads\/2020\/05\/ll-petal-perfume-night-flight-30ml.jpg","contentUrl":"https:\/\/dutchhealthstore.com\/wp-content\/uploads\/2020\/05\/ll-petal-perfume-night-flight-30ml.jpg","width":526,"height":526,"caption":"ll-petal-perfume-night-flight-30ml"},{"@type":"BreadcrumbList","@id":"https:\/\/dutchhealthstore.com\/fr\/product\/petal-perfume-night-flight-to-venus\/#breadcrumb","itemListElement":[{"@type":"ListItem","position":1,"name":"Home","item":"https:\/\/dutchhealthstore.com\/fr\/"},{"@type":"ListItem","position":2,"name":"Shop","item":"https:\/\/dutchhealthstore.com\/fr\/shop\/"},{"@type":"ListItem","position":3,"name":"Petal Perfume &#8211; Night Flight To Venus"}]},{"@type":"WebSite","@id":"https:\/\/dutchhealthstore.com\/fr\/#website","url":"https:\/\/dutchhealthstore.com\/fr\/","name":"Dutch Health Store","description":"Enhance Your Beauty with Organic &amp; Natural Skincare","publisher":{"@id":"https:\/\/dutchhealthstore.com\/fr\/#organization"},"potentialAction":[{"@type":"SearchAction","target":{"@type":"EntryPoint","urlTemplate":"https:\/\/dutchhealthstore.com\/fr\/?s={search_term_string}"},"query-input":{"@type":"PropertyValueSpecification","valueRequired":true,"valueName":"search_term_string"}}],"inLanguage":"fr-FR"},{"@type":"Organization","@id":"https:\/\/dutchhealthstore.com\/fr\/#organization","name":"Dutch Health Store","url":"https:\/\/dutchhealthstore.com\/fr\/","logo":{"@type":"ImageObject","inLanguage":"fr-FR","@id":"https:\/\/dutchhealthstore.com\/fr\/#\/schema\/logo\/image\/","url":"https:\/\/dutchhealthstore.com\/wp-content\/uploads\/2020\/08\/logo-dutchhealthstore-jpg-e1599484957574.jpg","contentUrl":"https:\/\/dutchhealthstore.com\/wp-content\/uploads\/2020\/08\/logo-dutchhealthstore-jpg-e1599484957574.jpg","width":400,"height":62,"caption":"Dutch Health Store"},"image":{"@id":"https:\/\/dutchhealthstore.com\/fr\/#\/schema\/logo\/image\/"},"sameAs":["https:\/\/www.instagram.com\/dutchhealthstore\/","https:\/\/www.facebook.com\/dutchhealthstore"]}]},"product_brand":"Living Libations","og_availability":"instock","product_availability":"instock","product_condition":"new"},"_links":{"self":[{"href":"https:\/\/dutchhealthstore.com\/fr\/wp-json\/wp\/v2\/product\/103365","targetHints":{"allow":["GET"]}}],"collection":[{"href":"https:\/\/dutchhealthstore.com\/fr\/wp-json\/wp\/v2\/product"}],"about":[{"href":"https:\/\/dutchhealthstore.com\/fr\/wp-json\/wp\/v2\/types\/product"}],"replies":[{"embeddable":true,"href":"https:\/\/dutchhealthstore.com\/fr\/wp-json\/wp\/v2\/comments?post=103365"}],"wp:featuredmedia":[{"embeddable":true,"href":"https:\/\/dutchhealthstore.com\/fr\/wp-json\/wp\/v2\/media\/284340"}],"wp:attachment":[{"href":"https:\/\/dutchhealthstore.com\/fr\/wp-json\/wp\/v2\/media?parent=103365"}],"wp:term":[{"taxonomy":"product_brand","embeddable":true,"href":"https:\/\/dutchhealthstore.com\/fr\/wp-json\/wp\/v2\/product_brand?post=103365"},{"taxonomy":"product_cat","embeddable":true,"href":"https:\/\/dutchhealthstore.com\/fr\/wp-json\/wp\/v2\/product_cat?post=103365"},{"taxonomy":"product_tag","embeddable":true,"href":"https:\/\/dutchhealthstore.com\/fr\/wp-json\/wp\/v2\/product_tag?post=103365"}],"curies":[{"name":"wp","href":"https:\/\/api.w.org\/{rel}","templated":true}]}}