{"id":103295,"date":"2020-05-25T09:30:54","date_gmt":"2020-05-25T09:30:54","guid":{"rendered":"https:\/\/dutchhealthstore.com\/product\/petal-perfume-moccasin-flower\/"},"modified":"2025-08-28T15:49:40","modified_gmt":"2025-08-28T13:49:40","slug":"petal-perfume-moccasin-flower","status":"publish","type":"product","link":"https:\/\/dutchhealthstore.com\/fr\/product\/petal-perfume-moccasin-flower\/","title":{"rendered":"Petal Perfume &#8211; Moccasin Flower"},"content":{"rendered":"<h3><img decoding=\"async\" class=\"size-full wp-image-69549 alignright\" src=\"https:\/\/dutchhealthstore.com\/wp-content\/uploads\/2019\/08\/NEW-Living-Libations-Logo.jpg\" alt=\"NEW - Living Libations - Logo\" width=\"175\" height=\"82\">Description de l&rsquo;odeur<\/h3>\n<p>Ce parfum de p\u00e9tales est un rayon d&rsquo;aube pommel\u00e9 d\u00e9livrant les notes ambr\u00e9es du ciste balsamique qui rencontrent l&rsquo;ar\u00f4me du sol forestier bois\u00e9 du v\u00e9tiver. Ces notes ambr\u00e9es, fra\u00eeches et moussues, inondent les fleurs d&rsquo;Ylang et de Jasmin diss\u00e9min\u00e9es ici et l\u00e0, p\u00e9tillant de sensualit\u00e9 et rappelant les vents chauds r\u00e9sineux.<\/p>\n<p>Le plaisir de ce d\u00e9licieux bijou de parfum r\u00e9side dans l&rsquo;authenticit\u00e9 avec laquelle il r\u00e9v\u00e8le les belles qualit\u00e9s de l&rsquo;ylang m\u00eal\u00e9es au jasmin sauvage, qui, d&rsquo;abord discr\u00e8tement, puis sans complexe au contact de la peau, vous donne envie de vous retourner et de faire ce que vous \u00e9tiez en train de faire, une fois de plus&#8230;<\/p>\n<p>Lib\u00e9rez la joie qui est en vous et laissez vos mocassins courir librement, alors que vous vous aventurez avec joie!<\/p>\n<h3>Utiliser<\/h3>\n<p>Vaporisez sur la poitrine, le cou ou les points de pulsation. Optez pour ce parfum afin d&rsquo;avoir un regard neuf sur la journ\u00e9e et de r\u00e9veiller l&rsquo;aventurier qui sommeille en vous. Infusez votre espace pour un ar\u00f4me de brise chaude toute la journ\u00e9e.<\/p>\n<p><strong>Taille : 5 ml, 30 ml et 50 ml<\/strong><\/p>\n<h3 class=\"yikes-custom-woo-tab-title yikes-custom-woo-tab-title-natural-organic-ingredients\">Natural\/Organic Ingredients<\/h3>\n<p><strong>Ciste<\/strong> <em>(Cistus ladaniferus)<\/em> &#8211; Replenishing Le ciste n&rsquo;est ni un rocher ni une rose; c&rsquo;est une fleur sauvage m\u00e9diterran\u00e9enne qui ressemble aux roses sauvages. Les notes ambr\u00e9es r\u00e9sineuses du ciste \u00e9veillent les sens dans une offrande herbac\u00e9e et radieusement chaude. Calmant et \u00e9levant, le ciste intensifie les \u00e9motions, faisant de chaque vue, odeur, son et caresse une invitation \u00e0 plonger plus profond\u00e9ment dans le moment pr\u00e9sent.<\/p>\n<p><strong>Ylang<\/strong><em> ( Cananga odorata)<\/em> &#8211; L&rsquo;ylang euphorique est une essence amoureuse dont le nom se traduit par \u00ab\u00a0Fleur des Fleurs\u00a0\u00bb. Pendant que les autres dorment, ces fleurs envo\u00fbtantes exhalent leur parfum exotique \u00e0 travers les brises tropicales. L&rsquo;ylang doux et sulfureux inspire les sens en chassant la n\u00e9gativit\u00e9 avec ses p\u00e9tales de positivit\u00e9 parfum\u00e9e.<\/p>\n<p><strong>V\u00e9tiver<\/strong> <em>( Vetiveria zizanioides)<\/em> &#8211; V\u00e9tiver verdoyant est un aromate cors\u00e9 et terreux connu pour son pouvoir de renouvellement. Le parfum cors\u00e9 du v\u00e9tiver entoure l&rsquo;\u00e9nergie et enveloppe le corps d&rsquo;une ardeur terrestre.<\/p>\n<p><strong>Sapin d&rsquo;argent<\/strong><em> (Abies alba<\/em> ) &#8211; Le sapin d&rsquo;argent infuse la fleur de mocassin avec des notes bois\u00e9es de conif\u00e8re p\u00e9tillant. Piquant et enjou\u00e9, le sapin argent\u00e9 \u00e9l\u00e8ve l&rsquo;esprit tout en renfor\u00e7ant le mental. Cette essence offre un sentiment de s\u00e9curit\u00e9, de motivation et d&rsquo;inspiration.<\/p>\n<p><strong>Jasmin Sambac<\/strong> <em>(Jasminum sambac)<\/em> &#8211; Jasmin juteux est fabriqu\u00e9 \u00e0 l&rsquo;\u00e9tat sauvage en Inde, puis\u00e9 dans les profondeurs parfum\u00e9es des fleurs de jasmin sambac \u00e0 floraison nocturne. Contrairement au jasmin grandiflorum, qui ouvre ses p\u00e9tales \u00e0 l&rsquo;aube, le jasmin Sambac communie avec le myst\u00e8re de la lune et des \u00e9toiles, capturant l&rsquo;essence parfum\u00e9e des nuits chaudes sans fin.<\/p>\n<p><strong>Orange sanguine<\/strong><em> (Citrus sinensis)<\/em> &#8211; L&rsquo;ar\u00f4me ensoleill\u00e9 d&rsquo;agrumes de l&rsquo;orange sanguine harmonise les sentiments d\u00e9sordonn\u00e9s et efface les soucis. Inspirez la joie et expirez la gratitude.<\/p>\n<p><strong>Alcool biodynamique biologique<\/strong> &#8211; L&rsquo;alcool biodynamique biologique sert de support \u00e0 nos petal perfumes et \u00e0 nos forest colognes, permettant \u00e0 chaque plante d&rsquo;infuser sans effort la peau avec des merveilles aromatiques. Cet alcool biologique et biodynamique est de la plus haute qualit\u00e9 et est triplement filtr\u00e9 pour plus de puret\u00e9. Produit \u00e0 partir de raisins certifi\u00e9s biologiques, il est test\u00e9 de mani\u00e8re ind\u00e9pendante afin de garantir qu&rsquo;il r\u00e9pond aux normes de l&rsquo;United States Pharmacopeia (USP) en mati\u00e8re d&rsquo;alcool pur, biologique et de qualit\u00e9 pharmaceutique.<\/p>\n<p style=\"text-align: center;\">\u00ab\u00a0En sortant ce matin sous le soleil<\/p>\n<p style=\"text-align: center;\">Chevauchant les vagues de diamant, mon petit ch\u00e9ri<\/p>\n<p style=\"text-align: center;\">Le vent chaud la caresse<\/p>\n<p style=\"text-align: center;\">Son amant, semble-t-il.<\/p>\n<p style=\"text-align: center;\">~ Heart, <strong>Dreamboat Annie<\/strong><\/p>\n<p><img fetchpriority=\"high\" decoding=\"async\" class=\"size-medium wp-image-68103 aligncenter\" src=\"https:\/\/dutchhealthstore.com\/wp-content\/uploads\/2018\/02\/Living-Libations-Organic-Logo-800x89.png\" alt=\"Living Libations - Organic Logo\" width=\"800\" height=\"89\" srcset=\"https:\/\/dutchhealthstore.com\/wp-content\/uploads\/2018\/02\/Living-Libations-Organic-Logo-800x89.png 800w, https:\/\/dutchhealthstore.com\/wp-content\/uploads\/2018\/02\/Living-Libations-Organic-Logo-510x57.png 510w, https:\/\/dutchhealthstore.com\/wp-content\/uploads\/2018\/02\/Living-Libations-Organic-Logo-768x85.png 768w, https:\/\/dutchhealthstore.com\/wp-content\/uploads\/2018\/02\/Living-Libations-Organic-Logo.png 1400w\" sizes=\"(max-width: 800px) 100vw, 800px\" \/><\/p>\n<p>&nbsp;<\/p>\n","protected":false},"excerpt":{"rendered":"<p><strong>Moccasin Flower<\/strong> est un parfum Skippy Wood Nymph qui fait \u00e9clore un bouquet d&rsquo;aventure pour votre carquois.<br \/>\nPlongez dans les notes ambr\u00e9es de la terre fra\u00eeche et parfum\u00e9e et songez \u00e0 la richesse verdoyante du monde naturel, tandis que les fleurs douces et sensuelles p\u00e9tillent de notes de nectar qui vous caressent comme le vent chaud.<\/p>\n<p>Ce riche cordial de ciste, d&rsquo;ylang, de v\u00e9tiver, de sapin argent\u00e9, de jasmin et d&rsquo;un soup\u00e7on d&rsquo;orange, ajoutera du printemps \u00e0 vos pas et de la joie \u00e0 votre promenade sur terre.<\/p>\n","protected":false},"featured_media":284317,"comment_status":"open","ping_status":"closed","template":"","meta":[],"product_brand":[],"product_cat":[1211,1209,1030,6817,6697,1010],"product_tag":[21668,21811,21820,6739],"class_list":{"0":"post-103295","1":"product","2":"type-product","3":"status-publish","4":"has-post-thumbnail","6":"product_cat-living-libations-france","7":"product_cat-par-marques","8":"product_cat-par-produits","9":"product_cat-perfumes-fr","10":"product_cat-fragrances-fr","11":"product_cat-notre-boutique","12":"product_tag-arome","13":"product_tag-natural-fr","14":"product_tag-parfum-fr","15":"product_tag-perfume-fr","16":"pa_brand-livinglibations-fr","17":"pa_fragrances-product-type-perfumes-fr","18":"pa_fragrances-product-type-for-her-fr-2","19":"pa_gtin-7439657368394-fr","20":"pa_size-30-ml-fr","21":"pa_size-5-ml-fr","22":"pa_size-50-ml-fr","24":"first","25":"instock","26":"taxable","27":"shipping-taxable","28":"purchasable","29":"product-type-variable"},"bundled_by":[],"bundle_stock_status":"instock","bundle_stock_quantity":null,"bundle_virtual":false,"bundle_layout":"","bundle_add_to_cart_form_location":"","bundle_editable_in_cart":false,"bundle_sold_individually_context":"","bundle_item_grouping":"","bundle_min_size":"","bundle_max_size":"","bundle_price":[],"bundled_items":[],"bundle_sell_ids":[],"atum_controlled":true,"out_stock_date":null,"out_stock_threshold":null,"inheritable":true,"stock_on_hold":1,"sold_today":0,"sales_last_days":0,"out_stock_days":0,"lost_sales":0,"update_date":"2026-04-13T00:03:59","atum_locations":[],"atum_stock_status":"instock","restock_status":false,"low_stock_amount":"","sales_update_date":"2026-04-13T00:03:59","calc_backorders":null,"group_of_quantity":0,"min_quantity":0,"max_quantity":"","exclude_order_quantity_value_rules":"no","exclude_category_quantity_rules":"no","combine_variations":"no","yoast_head":"<!-- This site is optimized with the Yoast SEO Premium plugin v26.5 (Yoast SEO v26.5) - https:\/\/yoast.com\/wordpress\/plugins\/seo\/ -->\n<title>Petal Perfume - Moccasin Flower | Living Libations<\/title>\n<meta name=\"description\" content=\"Living Libations Moccasin Flower est un parfum de nymphe des bois qui fait \u00e9clore un bouquet d&#039;aventure pour votre carquois.\" \/>\n<meta name=\"robots\" content=\"index, follow, max-snippet:-1, max-image-preview:large, max-video-preview:-1\" \/>\n<link rel=\"canonical\" href=\"https:\/\/dutchhealthstore.com\/fr\/product\/petal-perfume-moccasin-flower\/\" \/>\n<meta property=\"og:locale\" content=\"fr_FR\" \/>\n<meta property=\"og:type\" content=\"article\" \/>\n<meta property=\"og:title\" content=\"Petal Perfume - Moccasin Flower - Dutch Health Store\" \/>\n<meta property=\"og:description\" content=\"Living Libations Moccasin Flower est un parfum de nymphe des bois qui fait \u00e9clore un bouquet d&#039;aventure pour votre carquois.\" \/>\n<meta property=\"og:url\" content=\"https:\/\/dutchhealthstore.com\/fr\/product\/petal-perfume-moccasin-flower\/\" \/>\n<meta property=\"og:site_name\" content=\"Dutch Health Store\" \/>\n<meta property=\"article:publisher\" content=\"https:\/\/www.instagram.com\/dutchhealthstore\/\" \/>\n<meta property=\"article:modified_time\" content=\"2025-08-28T13:49:40+00:00\" \/>\n<meta property=\"og:image\" content=\"https:\/\/dutchhealthstore.com\/wp-content\/uploads\/2020\/05\/ll-petal-perfume-moccasin-30ml.jpg\" \/>\n\t<meta property=\"og:image:width\" content=\"526\" \/>\n\t<meta property=\"og:image:height\" content=\"526\" \/>\n\t<meta property=\"og:image:type\" content=\"image\/jpeg\" \/>\n<meta name=\"twitter:card\" content=\"summary_large_image\" \/>\n<meta name=\"twitter:label1\" content=\"Disponibilit\u00e9\" \/>\n\t<meta name=\"twitter:data1\" content=\"En stock\" \/>\n<script type=\"application\/ld+json\" class=\"yoast-schema-graph\">{\"@context\":\"https:\/\/schema.org\",\"@graph\":[{\"@type\":\"WebPage\",\"@id\":\"https:\/\/dutchhealthstore.com\/fr\/product\/petal-perfume-moccasin-flower\/\",\"url\":\"https:\/\/dutchhealthstore.com\/fr\/product\/petal-perfume-moccasin-flower\/\",\"name\":\"Petal Perfume - Moccasin Flower | Living Libations\",\"isPartOf\":{\"@id\":\"https:\/\/dutchhealthstore.com\/fr\/#website\"},\"primaryImageOfPage\":{\"@id\":\"https:\/\/dutchhealthstore.com\/fr\/product\/petal-perfume-moccasin-flower\/#primaryimage\"},\"image\":{\"@id\":\"https:\/\/dutchhealthstore.com\/fr\/product\/petal-perfume-moccasin-flower\/#primaryimage\"},\"thumbnailUrl\":\"https:\/\/dutchhealthstore.com\/wp-content\/uploads\/2020\/05\/ll-petal-perfume-moccasin-30ml.jpg\",\"datePublished\":\"2020-05-25T09:30:54+00:00\",\"dateModified\":\"2025-08-28T13:49:40+00:00\",\"description\":\"Living Libations Moccasin Flower est un parfum de nymphe des bois qui fait \u00e9clore un bouquet d'aventure pour votre carquois.\",\"breadcrumb\":{\"@id\":\"https:\/\/dutchhealthstore.com\/fr\/product\/petal-perfume-moccasin-flower\/#breadcrumb\"},\"inLanguage\":\"fr-FR\",\"potentialAction\":[{\"@type\":\"ReadAction\",\"target\":[\"https:\/\/dutchhealthstore.com\/fr\/product\/petal-perfume-moccasin-flower\/\"]}]},{\"@type\":\"ImageObject\",\"inLanguage\":\"fr-FR\",\"@id\":\"https:\/\/dutchhealthstore.com\/fr\/product\/petal-perfume-moccasin-flower\/#primaryimage\",\"url\":\"https:\/\/dutchhealthstore.com\/wp-content\/uploads\/2020\/05\/ll-petal-perfume-moccasin-30ml.jpg\",\"contentUrl\":\"https:\/\/dutchhealthstore.com\/wp-content\/uploads\/2020\/05\/ll-petal-perfume-moccasin-30ml.jpg\",\"width\":526,\"height\":526,\"caption\":\"ll-petal-perfume-moccasin-30ml\"},{\"@type\":\"BreadcrumbList\",\"@id\":\"https:\/\/dutchhealthstore.com\/fr\/product\/petal-perfume-moccasin-flower\/#breadcrumb\",\"itemListElement\":[{\"@type\":\"ListItem\",\"position\":1,\"name\":\"Home\",\"item\":\"https:\/\/dutchhealthstore.com\/fr\/\"},{\"@type\":\"ListItem\",\"position\":2,\"name\":\"Shop\",\"item\":\"https:\/\/dutchhealthstore.com\/fr\/shop\/\"},{\"@type\":\"ListItem\",\"position\":3,\"name\":\"Petal Perfume &#8211; Moccasin Flower\"}]},{\"@type\":\"WebSite\",\"@id\":\"https:\/\/dutchhealthstore.com\/fr\/#website\",\"url\":\"https:\/\/dutchhealthstore.com\/fr\/\",\"name\":\"Dutch Health Store\",\"description\":\"Enhance Your Beauty with Organic &amp; Natural Skincare\",\"publisher\":{\"@id\":\"https:\/\/dutchhealthstore.com\/fr\/#organization\"},\"potentialAction\":[{\"@type\":\"SearchAction\",\"target\":{\"@type\":\"EntryPoint\",\"urlTemplate\":\"https:\/\/dutchhealthstore.com\/fr\/?s={search_term_string}\"},\"query-input\":{\"@type\":\"PropertyValueSpecification\",\"valueRequired\":true,\"valueName\":\"search_term_string\"}}],\"inLanguage\":\"fr-FR\"},{\"@type\":\"Organization\",\"@id\":\"https:\/\/dutchhealthstore.com\/fr\/#organization\",\"name\":\"Dutch Health Store\",\"url\":\"https:\/\/dutchhealthstore.com\/fr\/\",\"logo\":{\"@type\":\"ImageObject\",\"inLanguage\":\"fr-FR\",\"@id\":\"https:\/\/dutchhealthstore.com\/fr\/#\/schema\/logo\/image\/\",\"url\":\"https:\/\/dutchhealthstore.com\/wp-content\/uploads\/2020\/08\/logo-dutchhealthstore-jpg-e1599484957574.jpg\",\"contentUrl\":\"https:\/\/dutchhealthstore.com\/wp-content\/uploads\/2020\/08\/logo-dutchhealthstore-jpg-e1599484957574.jpg\",\"width\":400,\"height\":62,\"caption\":\"Dutch Health Store\"},\"image\":{\"@id\":\"https:\/\/dutchhealthstore.com\/fr\/#\/schema\/logo\/image\/\"},\"sameAs\":[\"https:\/\/www.instagram.com\/dutchhealthstore\/\",\"https:\/\/www.facebook.com\/dutchhealthstore\"]}]}<\/script>\n<meta property=\"product:brand\" content=\"Living Libations\" \/>\n<meta property=\"og:availability\" content=\"instock\" \/>\n<meta property=\"product:availability\" content=\"instock\" \/>\n<meta property=\"product:condition\" content=\"new\" \/>\n<!-- \/ Yoast SEO Premium plugin. -->","yoast_head_json":{"title":"Petal Perfume - Moccasin Flower | Living Libations","description":"Living Libations Moccasin Flower est un parfum de nymphe des bois qui fait \u00e9clore un bouquet d'aventure pour votre carquois.","robots":{"index":"index","follow":"follow","max-snippet":"max-snippet:-1","max-image-preview":"max-image-preview:large","max-video-preview":"max-video-preview:-1"},"canonical":"https:\/\/dutchhealthstore.com\/fr\/product\/petal-perfume-moccasin-flower\/","og_locale":"fr_FR","og_type":"article","og_title":"Petal Perfume - Moccasin Flower - Dutch Health Store","og_description":"Living Libations Moccasin Flower est un parfum de nymphe des bois qui fait \u00e9clore un bouquet d'aventure pour votre carquois.","og_url":"https:\/\/dutchhealthstore.com\/fr\/product\/petal-perfume-moccasin-flower\/","og_site_name":"Dutch Health Store","article_publisher":"https:\/\/www.instagram.com\/dutchhealthstore\/","article_modified_time":"2025-08-28T13:49:40+00:00","og_image":[{"width":526,"height":526,"url":"https:\/\/dutchhealthstore.com\/wp-content\/uploads\/2020\/05\/ll-petal-perfume-moccasin-30ml.jpg","type":"image\/jpeg"}],"twitter_card":"summary_large_image","twitter_misc":{"Disponibilit\u00e9":"En stock"},"schema":{"@context":"https:\/\/schema.org","@graph":[{"@type":"WebPage","@id":"https:\/\/dutchhealthstore.com\/fr\/product\/petal-perfume-moccasin-flower\/","url":"https:\/\/dutchhealthstore.com\/fr\/product\/petal-perfume-moccasin-flower\/","name":"Petal Perfume - Moccasin Flower | Living Libations","isPartOf":{"@id":"https:\/\/dutchhealthstore.com\/fr\/#website"},"primaryImageOfPage":{"@id":"https:\/\/dutchhealthstore.com\/fr\/product\/petal-perfume-moccasin-flower\/#primaryimage"},"image":{"@id":"https:\/\/dutchhealthstore.com\/fr\/product\/petal-perfume-moccasin-flower\/#primaryimage"},"thumbnailUrl":"https:\/\/dutchhealthstore.com\/wp-content\/uploads\/2020\/05\/ll-petal-perfume-moccasin-30ml.jpg","datePublished":"2020-05-25T09:30:54+00:00","dateModified":"2025-08-28T13:49:40+00:00","description":"Living Libations Moccasin Flower est un parfum de nymphe des bois qui fait \u00e9clore un bouquet d'aventure pour votre carquois.","breadcrumb":{"@id":"https:\/\/dutchhealthstore.com\/fr\/product\/petal-perfume-moccasin-flower\/#breadcrumb"},"inLanguage":"fr-FR","potentialAction":[{"@type":"ReadAction","target":["https:\/\/dutchhealthstore.com\/fr\/product\/petal-perfume-moccasin-flower\/"]}]},{"@type":"ImageObject","inLanguage":"fr-FR","@id":"https:\/\/dutchhealthstore.com\/fr\/product\/petal-perfume-moccasin-flower\/#primaryimage","url":"https:\/\/dutchhealthstore.com\/wp-content\/uploads\/2020\/05\/ll-petal-perfume-moccasin-30ml.jpg","contentUrl":"https:\/\/dutchhealthstore.com\/wp-content\/uploads\/2020\/05\/ll-petal-perfume-moccasin-30ml.jpg","width":526,"height":526,"caption":"ll-petal-perfume-moccasin-30ml"},{"@type":"BreadcrumbList","@id":"https:\/\/dutchhealthstore.com\/fr\/product\/petal-perfume-moccasin-flower\/#breadcrumb","itemListElement":[{"@type":"ListItem","position":1,"name":"Home","item":"https:\/\/dutchhealthstore.com\/fr\/"},{"@type":"ListItem","position":2,"name":"Shop","item":"https:\/\/dutchhealthstore.com\/fr\/shop\/"},{"@type":"ListItem","position":3,"name":"Petal Perfume &#8211; Moccasin Flower"}]},{"@type":"WebSite","@id":"https:\/\/dutchhealthstore.com\/fr\/#website","url":"https:\/\/dutchhealthstore.com\/fr\/","name":"Dutch Health Store","description":"Enhance Your Beauty with Organic &amp; Natural Skincare","publisher":{"@id":"https:\/\/dutchhealthstore.com\/fr\/#organization"},"potentialAction":[{"@type":"SearchAction","target":{"@type":"EntryPoint","urlTemplate":"https:\/\/dutchhealthstore.com\/fr\/?s={search_term_string}"},"query-input":{"@type":"PropertyValueSpecification","valueRequired":true,"valueName":"search_term_string"}}],"inLanguage":"fr-FR"},{"@type":"Organization","@id":"https:\/\/dutchhealthstore.com\/fr\/#organization","name":"Dutch Health Store","url":"https:\/\/dutchhealthstore.com\/fr\/","logo":{"@type":"ImageObject","inLanguage":"fr-FR","@id":"https:\/\/dutchhealthstore.com\/fr\/#\/schema\/logo\/image\/","url":"https:\/\/dutchhealthstore.com\/wp-content\/uploads\/2020\/08\/logo-dutchhealthstore-jpg-e1599484957574.jpg","contentUrl":"https:\/\/dutchhealthstore.com\/wp-content\/uploads\/2020\/08\/logo-dutchhealthstore-jpg-e1599484957574.jpg","width":400,"height":62,"caption":"Dutch Health Store"},"image":{"@id":"https:\/\/dutchhealthstore.com\/fr\/#\/schema\/logo\/image\/"},"sameAs":["https:\/\/www.instagram.com\/dutchhealthstore\/","https:\/\/www.facebook.com\/dutchhealthstore"]}]},"product_brand":"Living Libations","og_availability":"instock","product_availability":"instock","product_condition":"new"},"_links":{"self":[{"href":"https:\/\/dutchhealthstore.com\/fr\/wp-json\/wp\/v2\/product\/103295","targetHints":{"allow":["GET"]}}],"collection":[{"href":"https:\/\/dutchhealthstore.com\/fr\/wp-json\/wp\/v2\/product"}],"about":[{"href":"https:\/\/dutchhealthstore.com\/fr\/wp-json\/wp\/v2\/types\/product"}],"replies":[{"embeddable":true,"href":"https:\/\/dutchhealthstore.com\/fr\/wp-json\/wp\/v2\/comments?post=103295"}],"wp:featuredmedia":[{"embeddable":true,"href":"https:\/\/dutchhealthstore.com\/fr\/wp-json\/wp\/v2\/media\/284317"}],"wp:attachment":[{"href":"https:\/\/dutchhealthstore.com\/fr\/wp-json\/wp\/v2\/media?parent=103295"}],"wp:term":[{"taxonomy":"product_brand","embeddable":true,"href":"https:\/\/dutchhealthstore.com\/fr\/wp-json\/wp\/v2\/product_brand?post=103295"},{"taxonomy":"product_cat","embeddable":true,"href":"https:\/\/dutchhealthstore.com\/fr\/wp-json\/wp\/v2\/product_cat?post=103295"},{"taxonomy":"product_tag","embeddable":true,"href":"https:\/\/dutchhealthstore.com\/fr\/wp-json\/wp\/v2\/product_tag?post=103295"}],"curies":[{"name":"wp","href":"https:\/\/api.w.org\/{rel}","templated":true}]}}