{"id":103293,"date":"2020-05-25T07:11:35","date_gmt":"2020-05-25T05:11:35","guid":{"rendered":"https:\/\/dutchhealthstore.com\/product\/lemon-petitgrain-essential-oil\/"},"modified":"2025-12-23T09:30:22","modified_gmt":"2025-12-23T08:30:22","slug":"lemon-petitgrain-essential-oil","status":"publish","type":"product","link":"https:\/\/dutchhealthstore.com\/fr\/product\/lemon-petitgrain-essential-oil\/","title":{"rendered":"Petitgrain, Lemon Essential Oil"},"content":{"rendered":"<p style=\"text-align: left;\"><img decoding=\"async\" class=\"size-full wp-image-69549 alignright\" src=\"https:\/\/dutchhealthstore.com\/wp-content\/uploads\/2019\/08\/NEW-Living-Libations-Logo.jpg\" alt=\"NEW - Living Libations - Logo\" width=\"175\" height=\"82\"><\/p>\n<p><strong>Nom botanique :<\/strong> Citrus liomon petitgrain<br \/>\n<strong>M\u00e9thode d&rsquo;extraction :<\/strong> Distill\u00e9 \u00e0 la vapeur<br \/>\n<strong>Partie de la plante distill\u00e9e :<\/strong> Feuilles et petits fruits<br \/>\n<strong>Pays d&rsquo;origine :<\/strong> Italie<br \/>\n<strong>M\u00e9thode de culture :<\/strong> Organique<br \/>\n<strong>Coh\u00e9rence :<\/strong> Mince<\/p>\n<h3>Description de l&rsquo;odeur<\/h3>\n<p>Un citron doux et succulent avec des notes fra\u00eeches de feuilles vertes.<\/p>\n<h3>Se marie bien avec<\/h3>\n<p>Bergamote, lavande, ylang, g\u00e9ranium, encens, palmarosa, bois de rose, bois de santal, n\u00e9roli, absolue de fleur d&rsquo;oranger, jasmin, jonquille, rose otto, origan et marjolaine.<\/p>\n<a href=\"https:\/\/dutchhealthstore.com\/wp-content\/uploads\/2020\/01\/ESSENTIAL-OIL-ANALYSIS-Lemon-Petitgrain-Essential-Oil-Living-Libations.pdf\" class=\"button primary is-primary is-small\"  >\n\t\t<span>ANALYSE DES HUILES ESSENTIELLES &gt;<\/span>\n\t<\/a>\n\n<h3>Utilisations<\/h3>\n<p>Le caract\u00e8re joyeux de cette d\u00e9licieuse distillation est un atout pour tout bain, soin du corps ou m\u00e9lange aromatique. Perfectionnez les parfums avec les panaches joyeux du petitgrain, accentuez les eaux de Cologne avec le staccato des notes d&rsquo;agrumes astringentes du petitgrain. M\u00e9langez \u00e0 des s\u00e9rums de soins pour l&rsquo;acn\u00e9, les cicatrices et les vergetures. Diffusez pour infuser votre maison de bonheur et inhalez \u00e0 partir de notre pipe de sel pour une bouff\u00e9e d&rsquo;\u00e9merveillement instantan\u00e9e.<\/p>\n<p style=\"text-align: left;\"><strong>Lemon Petitgrain<\/strong> Essential Oil biologique est un r\u00eave de citron vert et ensoleill\u00e9, rempli de puissance v\u00e9g\u00e9tale effervescente ! Cette essence rare de petitgrain est distill\u00e9e \u00e0 la vapeur \u00e0 partir des feuilles et des rameaux de citronniers italiens et constitue un puissant botanique-biotique. Douce et succulente avec des notes parfum\u00e9es de vert, l&rsquo;huile &#8211; comme toutes les huiles de petitgrain &#8211; est captur\u00e9e \u00e0 partir des feuilles et des rameaux de la plante. Bien qu&rsquo;ils poussent s\u00e9par\u00e9ment du fruit, le feuillage conserve l&rsquo;essence et les bienfaits m\u00e9dicaux des agrumes frais. Lemon Petitgrain conf\u00e8re des notes douces et vertes d&rsquo;agrumes aux parfums naturel. Sur le plan \u00e9motionnel, il est utilis\u00e9 pour surmonter la tristesse, le chagrin et renforcer les relations \u00e9troites.<\/p>\n<p>La teneur en n\u00e9roli du Lemon Petitgrain est abondante (presque autant de n\u00e9roli que dans l&rsquo;huile essentielle huile n\u00e9roli), ce qui en fait le plus bel ar\u00f4me de toutes les distillations de petitgrain. Cette d\u00e9licatesse aromatique apporte une l\u00e9g\u00e8ret\u00e9 \u00e9motionnelle et spirituelle. C&rsquo;est un ar\u00f4me optimal pour gu\u00e9rir les \u00e9motions profond\u00e9ment enfouies qui veulent \u00eatre r\u00e9v\u00e9l\u00e9es au grand jour.<\/p>\n<p><strong>Taille : 5 ml<\/strong><\/p>\n<h3>Ingr\u00e9dients biologiques<\/h3>\n<p>100% d&rsquo;huile essentielle de petitgrain de citron (Citrus liomon petitgrain).<\/p>\n<p style=\"text-align: center;\"><em>\u00ab\u00a0L&rsquo;esprit du petitgrain s&rsquo;incarne dans une force douce, encourageant les r\u00e9solutions et les r\u00e9sultats positifs dans les moments difficiles. Il nous permet de voir devant nous et de forger un lien avec notre v\u00e9rit\u00e9 int\u00e9rieure. Il nous aide \u00e0 comprendre que la force r\u00e9side dans notre v\u00e9rit\u00e9 personnelle.\u00a0\u00bb<\/em><br \/>\n~ Valerie Ann Worwood, <strong>Aromatherapy for the Soul<\/strong><\/p>\n<p><img fetchpriority=\"high\" decoding=\"async\" class=\"size-medium wp-image-68103 aligncenter\" src=\"https:\/\/dutchhealthstore.com\/wp-content\/uploads\/2018\/02\/Living-Libations-Organic-Logo-800x89.png\" alt=\"Living Libations - Organic Logo\" width=\"800\" height=\"89\" srcset=\"https:\/\/dutchhealthstore.com\/wp-content\/uploads\/2018\/02\/Living-Libations-Organic-Logo-800x89.png 800w, https:\/\/dutchhealthstore.com\/wp-content\/uploads\/2018\/02\/Living-Libations-Organic-Logo-510x57.png 510w, https:\/\/dutchhealthstore.com\/wp-content\/uploads\/2018\/02\/Living-Libations-Organic-Logo-768x85.png 768w, https:\/\/dutchhealthstore.com\/wp-content\/uploads\/2018\/02\/Living-Libations-Organic-Logo.png 1400w\" sizes=\"(max-width: 800px) 100vw, 800px\" \/><\/p>\n","protected":false},"excerpt":{"rendered":"<p><strong>Lemon Petitgrain oil<\/strong> est un \u00e9l\u00e9ment de base des soins de la peau et des r\u00e9gimes de beaut\u00e9. Elle peut \u00eatre utilis\u00e9e pour tonifier et nettoyer la peau, \u00e9quilibrer les bact\u00e9ries qui causent les \u00e9ruptions cutan\u00e9es et comme un puissant astringent.<br \/>\nL&rsquo;ar\u00f4me doux d&rsquo;agrumes verts du Lemon Petitgrain en fait un compl\u00e9ment parfait aux parfums naturel, aux s\u00e9rums, aux nettoyants et aux gommages corporels.<\/p>\n","protected":false},"featured_media":102923,"comment_status":"open","ping_status":"closed","template":"","meta":[],"product_brand":[],"product_cat":[1507,6734,1211,1209,3757,6733],"product_tag":[4495],"class_list":{"0":"post-103293","1":"product","2":"type-product","3":"status-publish","4":"has-post-thumbnail","6":"product_cat-plantes-huiles-essentielles-living-libations","7":"product_cat-essential-oils","8":"product_cat-living-libations-france","9":"product_cat-par-marques","10":"product_cat-plantes-huiles-essentielles","11":"product_cat-wellness-fr-2","12":"product_tag-essential-oil-fr","13":"pa_brand-livinglibations-fr","14":"pa_essential-oils-product-type-essential-oils-fr","15":"pa_size-5-ml-fr","17":"first","18":"instock","19":"taxable","20":"shipping-taxable","21":"purchasable","22":"product-type-simple"},"bundled_by":[],"bundle_stock_status":"instock","bundle_stock_quantity":2,"bundle_virtual":false,"bundle_layout":"","bundle_add_to_cart_form_location":"","bundle_editable_in_cart":false,"bundle_sold_individually_context":"","bundle_item_grouping":"","bundle_min_size":"","bundle_max_size":"","bundle_price":[],"bundled_items":[],"bundle_sell_ids":[],"atum_controlled":true,"out_stock_date":null,"out_stock_threshold":null,"inheritable":false,"stock_on_hold":0,"sold_today":0,"sales_last_days":0,"out_stock_days":0,"lost_sales":0,"update_date":"2026-04-09T11:39:57","atum_locations":[],"atum_stock_status":"instock","restock_status":false,"low_stock_amount":"","sales_update_date":"2026-04-09T11:39:57","calc_backorders":null,"group_of_quantity":0,"min_quantity":0,"max_quantity":"","exclude_order_quantity_value_rules":"no","exclude_category_quantity_rules":"no","combine_variations":"no","yoast_head":"<!-- This site is optimized with the Yoast SEO Premium plugin v26.5 (Yoast SEO v26.5) - https:\/\/yoast.com\/wordpress\/plugins\/seo\/ -->\n<title>Lemon Petitgrain Essential Oil | Living Libations<\/title>\n<meta name=\"description\" content=\"Le caract\u00e8re joyeux de cette d\u00e9licieuse distillation est un atout pour tout bain, soin du corps ou m\u00e9lange aromatique.\" \/>\n<meta name=\"robots\" content=\"index, follow, max-snippet:-1, max-image-preview:large, max-video-preview:-1\" \/>\n<link rel=\"canonical\" href=\"https:\/\/dutchhealthstore.com\/fr\/product\/lemon-petitgrain-essential-oil\/\" \/>\n<meta property=\"og:locale\" content=\"fr_FR\" \/>\n<meta property=\"og:type\" content=\"article\" \/>\n<meta property=\"og:title\" content=\"Petitgrain, Lemon Essential Oil - Dutch Health Store\" \/>\n<meta property=\"og:description\" content=\"Le caract\u00e8re joyeux de cette d\u00e9licieuse distillation est un atout pour tout bain, soin du corps ou m\u00e9lange aromatique.\" \/>\n<meta property=\"og:url\" content=\"https:\/\/dutchhealthstore.com\/fr\/product\/lemon-petitgrain-essential-oil\/\" \/>\n<meta property=\"og:site_name\" content=\"Dutch Health Store\" \/>\n<meta property=\"article:publisher\" content=\"https:\/\/www.instagram.com\/dutchhealthstore\/\" \/>\n<meta property=\"article:modified_time\" content=\"2025-12-23T08:30:22+00:00\" \/>\n<meta property=\"og:image\" content=\"https:\/\/dutchhealthstore.com\/wp-content\/uploads\/2020\/05\/living-Libations-Lemon-Petitgrain-Essential-Oil.jpg\" \/>\n\t<meta property=\"og:image:width\" content=\"500\" \/>\n\t<meta property=\"og:image:height\" content=\"500\" \/>\n\t<meta property=\"og:image:type\" content=\"image\/jpeg\" \/>\n<meta name=\"twitter:card\" content=\"summary_large_image\" \/>\n<meta name=\"twitter:label1\" content=\"Prix\" \/>\n\t<meta name=\"twitter:data1\" content=\"&euro;25,00\" \/>\n\t<meta name=\"twitter:label2\" content=\"Disponibilit\u00e9\" \/>\n\t<meta name=\"twitter:data2\" content=\"En stock\" \/>\n<script type=\"application\/ld+json\" class=\"yoast-schema-graph\">{\"@context\":\"https:\/\/schema.org\",\"@graph\":[{\"@type\":\"WebPage\",\"@id\":\"https:\/\/dutchhealthstore.com\/fr\/product\/lemon-petitgrain-essential-oil\/\",\"url\":\"https:\/\/dutchhealthstore.com\/fr\/product\/lemon-petitgrain-essential-oil\/\",\"name\":\"Lemon Petitgrain Essential Oil | Living Libations\",\"isPartOf\":{\"@id\":\"https:\/\/dutchhealthstore.com\/fr\/#website\"},\"primaryImageOfPage\":{\"@id\":\"https:\/\/dutchhealthstore.com\/fr\/product\/lemon-petitgrain-essential-oil\/#primaryimage\"},\"image\":{\"@id\":\"https:\/\/dutchhealthstore.com\/fr\/product\/lemon-petitgrain-essential-oil\/#primaryimage\"},\"thumbnailUrl\":\"https:\/\/dutchhealthstore.com\/wp-content\/uploads\/2020\/05\/living-Libations-Lemon-Petitgrain-Essential-Oil.jpg\",\"datePublished\":\"2020-05-25T05:11:35+00:00\",\"dateModified\":\"2025-12-23T08:30:22+00:00\",\"description\":\"Le caract\u00e8re joyeux de cette d\u00e9licieuse distillation est un atout pour tout bain, soin du corps ou m\u00e9lange aromatique.\",\"breadcrumb\":{\"@id\":\"https:\/\/dutchhealthstore.com\/fr\/product\/lemon-petitgrain-essential-oil\/#breadcrumb\"},\"inLanguage\":\"fr-FR\",\"potentialAction\":[{\"@type\":\"ReadAction\",\"target\":[\"https:\/\/dutchhealthstore.com\/fr\/product\/lemon-petitgrain-essential-oil\/\"]}]},{\"@type\":\"ImageObject\",\"inLanguage\":\"fr-FR\",\"@id\":\"https:\/\/dutchhealthstore.com\/fr\/product\/lemon-petitgrain-essential-oil\/#primaryimage\",\"url\":\"https:\/\/dutchhealthstore.com\/wp-content\/uploads\/2020\/05\/living-Libations-Lemon-Petitgrain-Essential-Oil.jpg\",\"contentUrl\":\"https:\/\/dutchhealthstore.com\/wp-content\/uploads\/2020\/05\/living-Libations-Lemon-Petitgrain-Essential-Oil.jpg\",\"width\":500,\"height\":500},{\"@type\":\"BreadcrumbList\",\"@id\":\"https:\/\/dutchhealthstore.com\/fr\/product\/lemon-petitgrain-essential-oil\/#breadcrumb\",\"itemListElement\":[{\"@type\":\"ListItem\",\"position\":1,\"name\":\"Home\",\"item\":\"https:\/\/dutchhealthstore.com\/fr\/\"},{\"@type\":\"ListItem\",\"position\":2,\"name\":\"Shop\",\"item\":\"https:\/\/dutchhealthstore.com\/fr\/shop\/\"},{\"@type\":\"ListItem\",\"position\":3,\"name\":\"Petitgrain, Lemon Essential Oil\"}]},{\"@type\":\"WebSite\",\"@id\":\"https:\/\/dutchhealthstore.com\/fr\/#website\",\"url\":\"https:\/\/dutchhealthstore.com\/fr\/\",\"name\":\"Dutch Health Store\",\"description\":\"Enhance Your Beauty with Organic &amp; Natural Skincare\",\"publisher\":{\"@id\":\"https:\/\/dutchhealthstore.com\/fr\/#organization\"},\"potentialAction\":[{\"@type\":\"SearchAction\",\"target\":{\"@type\":\"EntryPoint\",\"urlTemplate\":\"https:\/\/dutchhealthstore.com\/fr\/?s={search_term_string}\"},\"query-input\":{\"@type\":\"PropertyValueSpecification\",\"valueRequired\":true,\"valueName\":\"search_term_string\"}}],\"inLanguage\":\"fr-FR\"},{\"@type\":\"Organization\",\"@id\":\"https:\/\/dutchhealthstore.com\/fr\/#organization\",\"name\":\"Dutch Health Store\",\"url\":\"https:\/\/dutchhealthstore.com\/fr\/\",\"logo\":{\"@type\":\"ImageObject\",\"inLanguage\":\"fr-FR\",\"@id\":\"https:\/\/dutchhealthstore.com\/fr\/#\/schema\/logo\/image\/\",\"url\":\"https:\/\/dutchhealthstore.com\/wp-content\/uploads\/2020\/08\/logo-dutchhealthstore-jpg-e1599484957574.jpg\",\"contentUrl\":\"https:\/\/dutchhealthstore.com\/wp-content\/uploads\/2020\/08\/logo-dutchhealthstore-jpg-e1599484957574.jpg\",\"width\":400,\"height\":62,\"caption\":\"Dutch Health Store\"},\"image\":{\"@id\":\"https:\/\/dutchhealthstore.com\/fr\/#\/schema\/logo\/image\/\"},\"sameAs\":[\"https:\/\/www.instagram.com\/dutchhealthstore\/\",\"https:\/\/www.facebook.com\/dutchhealthstore\"]}]}<\/script>\n<meta property=\"product:brand\" content=\"Living Libations\" \/>\n<meta property=\"product:price:amount\" content=\"25.00\" \/>\n<meta property=\"product:price:currency\" content=\"EUR\" \/>\n<meta property=\"og:availability\" content=\"instock\" \/>\n<meta property=\"product:availability\" content=\"instock\" \/>\n<meta property=\"product:condition\" content=\"new\" \/>\n<!-- \/ Yoast SEO Premium plugin. -->","yoast_head_json":{"title":"Lemon Petitgrain Essential Oil | Living Libations","description":"Le caract\u00e8re joyeux de cette d\u00e9licieuse distillation est un atout pour tout bain, soin du corps ou m\u00e9lange aromatique.","robots":{"index":"index","follow":"follow","max-snippet":"max-snippet:-1","max-image-preview":"max-image-preview:large","max-video-preview":"max-video-preview:-1"},"canonical":"https:\/\/dutchhealthstore.com\/fr\/product\/lemon-petitgrain-essential-oil\/","og_locale":"fr_FR","og_type":"article","og_title":"Petitgrain, Lemon Essential Oil - Dutch Health Store","og_description":"Le caract\u00e8re joyeux de cette d\u00e9licieuse distillation est un atout pour tout bain, soin du corps ou m\u00e9lange aromatique.","og_url":"https:\/\/dutchhealthstore.com\/fr\/product\/lemon-petitgrain-essential-oil\/","og_site_name":"Dutch Health Store","article_publisher":"https:\/\/www.instagram.com\/dutchhealthstore\/","article_modified_time":"2025-12-23T08:30:22+00:00","og_image":[{"width":500,"height":500,"url":"https:\/\/dutchhealthstore.com\/wp-content\/uploads\/2020\/05\/living-Libations-Lemon-Petitgrain-Essential-Oil.jpg","type":"image\/jpeg"}],"twitter_card":"summary_large_image","twitter_misc":{"Prix":"&euro;25,00","Disponibilit\u00e9":"En stock"},"schema":{"@context":"https:\/\/schema.org","@graph":[{"@type":"WebPage","@id":"https:\/\/dutchhealthstore.com\/fr\/product\/lemon-petitgrain-essential-oil\/","url":"https:\/\/dutchhealthstore.com\/fr\/product\/lemon-petitgrain-essential-oil\/","name":"Lemon Petitgrain Essential Oil | Living Libations","isPartOf":{"@id":"https:\/\/dutchhealthstore.com\/fr\/#website"},"primaryImageOfPage":{"@id":"https:\/\/dutchhealthstore.com\/fr\/product\/lemon-petitgrain-essential-oil\/#primaryimage"},"image":{"@id":"https:\/\/dutchhealthstore.com\/fr\/product\/lemon-petitgrain-essential-oil\/#primaryimage"},"thumbnailUrl":"https:\/\/dutchhealthstore.com\/wp-content\/uploads\/2020\/05\/living-Libations-Lemon-Petitgrain-Essential-Oil.jpg","datePublished":"2020-05-25T05:11:35+00:00","dateModified":"2025-12-23T08:30:22+00:00","description":"Le caract\u00e8re joyeux de cette d\u00e9licieuse distillation est un atout pour tout bain, soin du corps ou m\u00e9lange aromatique.","breadcrumb":{"@id":"https:\/\/dutchhealthstore.com\/fr\/product\/lemon-petitgrain-essential-oil\/#breadcrumb"},"inLanguage":"fr-FR","potentialAction":[{"@type":"ReadAction","target":["https:\/\/dutchhealthstore.com\/fr\/product\/lemon-petitgrain-essential-oil\/"]}]},{"@type":"ImageObject","inLanguage":"fr-FR","@id":"https:\/\/dutchhealthstore.com\/fr\/product\/lemon-petitgrain-essential-oil\/#primaryimage","url":"https:\/\/dutchhealthstore.com\/wp-content\/uploads\/2020\/05\/living-Libations-Lemon-Petitgrain-Essential-Oil.jpg","contentUrl":"https:\/\/dutchhealthstore.com\/wp-content\/uploads\/2020\/05\/living-Libations-Lemon-Petitgrain-Essential-Oil.jpg","width":500,"height":500},{"@type":"BreadcrumbList","@id":"https:\/\/dutchhealthstore.com\/fr\/product\/lemon-petitgrain-essential-oil\/#breadcrumb","itemListElement":[{"@type":"ListItem","position":1,"name":"Home","item":"https:\/\/dutchhealthstore.com\/fr\/"},{"@type":"ListItem","position":2,"name":"Shop","item":"https:\/\/dutchhealthstore.com\/fr\/shop\/"},{"@type":"ListItem","position":3,"name":"Petitgrain, Lemon Essential Oil"}]},{"@type":"WebSite","@id":"https:\/\/dutchhealthstore.com\/fr\/#website","url":"https:\/\/dutchhealthstore.com\/fr\/","name":"Dutch Health Store","description":"Enhance Your Beauty with Organic &amp; Natural Skincare","publisher":{"@id":"https:\/\/dutchhealthstore.com\/fr\/#organization"},"potentialAction":[{"@type":"SearchAction","target":{"@type":"EntryPoint","urlTemplate":"https:\/\/dutchhealthstore.com\/fr\/?s={search_term_string}"},"query-input":{"@type":"PropertyValueSpecification","valueRequired":true,"valueName":"search_term_string"}}],"inLanguage":"fr-FR"},{"@type":"Organization","@id":"https:\/\/dutchhealthstore.com\/fr\/#organization","name":"Dutch Health Store","url":"https:\/\/dutchhealthstore.com\/fr\/","logo":{"@type":"ImageObject","inLanguage":"fr-FR","@id":"https:\/\/dutchhealthstore.com\/fr\/#\/schema\/logo\/image\/","url":"https:\/\/dutchhealthstore.com\/wp-content\/uploads\/2020\/08\/logo-dutchhealthstore-jpg-e1599484957574.jpg","contentUrl":"https:\/\/dutchhealthstore.com\/wp-content\/uploads\/2020\/08\/logo-dutchhealthstore-jpg-e1599484957574.jpg","width":400,"height":62,"caption":"Dutch Health Store"},"image":{"@id":"https:\/\/dutchhealthstore.com\/fr\/#\/schema\/logo\/image\/"},"sameAs":["https:\/\/www.instagram.com\/dutchhealthstore\/","https:\/\/www.facebook.com\/dutchhealthstore"]}]},"product_brand":"Living Libations","product_price_amount":"25.00","product_price_currency":"EUR","og_availability":"instock","product_availability":"instock","product_condition":"new"},"_links":{"self":[{"href":"https:\/\/dutchhealthstore.com\/fr\/wp-json\/wp\/v2\/product\/103293","targetHints":{"allow":["GET"]}}],"collection":[{"href":"https:\/\/dutchhealthstore.com\/fr\/wp-json\/wp\/v2\/product"}],"about":[{"href":"https:\/\/dutchhealthstore.com\/fr\/wp-json\/wp\/v2\/types\/product"}],"replies":[{"embeddable":true,"href":"https:\/\/dutchhealthstore.com\/fr\/wp-json\/wp\/v2\/comments?post=103293"}],"wp:featuredmedia":[{"embeddable":true,"href":"https:\/\/dutchhealthstore.com\/fr\/wp-json\/wp\/v2\/media\/102923"}],"wp:attachment":[{"href":"https:\/\/dutchhealthstore.com\/fr\/wp-json\/wp\/v2\/media?parent=103293"}],"wp:term":[{"taxonomy":"product_brand","embeddable":true,"href":"https:\/\/dutchhealthstore.com\/fr\/wp-json\/wp\/v2\/product_brand?post=103293"},{"taxonomy":"product_cat","embeddable":true,"href":"https:\/\/dutchhealthstore.com\/fr\/wp-json\/wp\/v2\/product_cat?post=103293"},{"taxonomy":"product_tag","embeddable":true,"href":"https:\/\/dutchhealthstore.com\/fr\/wp-json\/wp\/v2\/product_tag?post=103293"}],"curies":[{"name":"wp","href":"https:\/\/api.w.org\/{rel}","templated":true}]}}