{"id":103215,"date":"2020-05-19T08:37:39","date_gmt":"2020-05-19T06:37:39","guid":{"rendered":"https:\/\/dutchhealthstore.com\/product\/yogi-tooth-serum\/"},"modified":"2026-04-04T17:52:50","modified_gmt":"2026-04-04T15:52:50","slug":"yogi-tooth-serum","status":"publish","type":"product","link":"https:\/\/dutchhealthstore.com\/fr\/product\/yogi-tooth-serum\/","title":{"rendered":"Yogi Tooth Serum"},"content":{"rendered":"<p><img decoding=\"async\" class=\"alignright size-full wp-image-69549\" src=\"https:\/\/dutchhealthstore.com\/wp-content\/uploads\/2019\/08\/NEW-Living-Libations-Logo.jpg\" alt=\"NEW - Living Libations - Logo\" width=\"175\" height=\"82\"><\/p>\n<p>Living Libations Yogi Tooth Serum est une puissante combinaison de plantes puissantes qui garderont votre bouche extr\u00eamement fra\u00eeche et propre. Ces anciennes plantes v\u00e9diques sont les agents secrets des yogis pour les soins bucco-dentaires.<\/p>\n<p>Le neem, l&rsquo;essence centrale du s\u00e9rum dentaire Yogi, est \u00ab\u00a0arista\u00a0\u00bb en sanskrit, un mot qui signifie: parfait, complet et imp\u00e9rissable. Le neem, v\u00e9ritable herbe am\u00e8re, est utilis\u00e9 en Inde et dans d&rsquo;autres pays d&rsquo;Asie du Sud-Est depuis des milliers d&rsquo;ann\u00e9es dans l&rsquo;agriculture, la conservation des aliments et les soins bucco-dentaires et corporels. Le neem alcalinise la bouche et bannit les bact\u00e9ries responsables de la mauvaise haleine.<\/p>\n<p>Les huiles essentielles et les extraits supercritiques sont la cl\u00e9 de nos formules Living Libations. Elles sont tr\u00e8s concentr\u00e9es et, pour certaines de nos plantes, il faut une plante enti\u00e8re pour cr\u00e9er une seule goutte d&rsquo;huile. Des \u00e9l\u00e9ments, comme le mastic dans le s\u00e9rum dentaire Yogi, aident \u00e0 apaiser les gencives et la langue. Le clou de girofle et la cannelle ont des propri\u00e9t\u00e9s impressionnantes pour \u00e9liminer les bact\u00e9ries responsables de la mauvaise haleine.<\/p>\n<h3>Utiliser<\/h3>\n<p>\u00c0 \u00e9viter pendant la grossesse. Ajoutez une goutte \u00e0 la brosse \u00e0 dents, au dentifrice ou au rince-bouche. Ce s\u00e9rum peut \u00e9galement \u00eatre mass\u00e9 sur les gencives ou simplement glisser une goutte sur le fil dentaire pour nettoyer les petits espaces entre les dents. Yogi Tooth Serum est excellent \u00e0 utiliser avec notre Neem Enamelizer et notre Truth Tooth Polish. Suivez les autres \u00e9tapes du programme \u00ab\u00a0Successful Oral Care\u00a0\u00bb.<\/p>\n<h3 class=\"yikes-custom-woo-tab-title yikes-custom-woo-tab-title-natural-organic-ingredients\">Ingr\u00e9dients naturels\/biologiques<\/h3>\n<p><strong>huile margousier<\/strong> <em>(Asadirachta indica)<\/em> &#8211; En sanskrit, le mot margousier est \u00ab\u00a0arista\u00a0\u00bb, ce qui signifie \u00ab\u00a0parfait, complet et imp\u00e9rissable\u00a0\u00bb. Utilis\u00e9 depuis des milliers d&rsquo;ann\u00e9es dans les pratiques ayurv\u00e9diques, le margousier et votre brosse \u00e0 dents ont des pouvoirs jumeaux merveilleux pour votre bouche. Cette merveille \u00e0 base de plantes et de cire \u00e9limine la plaque et le tartre, polit les dents et laisse votre sourire brillant, propre et blanc.<\/p>\n<p><b>Mastic <\/b><em>(Pistachia Ientiscus)<\/em> &#8211; Le mastic est un type de r\u00e9sine similaire \u00e0 l&rsquo;encens qui provient de la s\u00e8ve interne du lentisque et qui est utile pour apaiser les gencives, la langue et la peau de la bouche. Il est utilis\u00e9 depuis longtemps pour les soins bucco-dentaires dans la Gr\u00e8ce antique et, avec le brossage, il aide \u00e0 \u00e9liminer la plaque dentaire. Le mastic contient du pin\u00e8ne, de la verb\u00e9none, du terpin\u00e9ol, du linalol, du myrc\u00e8ne, du pin\u00e8ne, du limon\u00e8ne et du caryophyll\u00e8ne. Comme toutes les huiles essentielles, l&rsquo;efficacit\u00e9 de l&rsquo;huile mastic est due \u00e0 l&rsquo;action synergique de tous ses composants.<\/p>\n<p><b>Cardamome <\/b><em>(Elettaria cardamomum) &#8211; <\/em>La cardamome charismatique \u00e9blouit le souffle, tonifie la peau et est une huile optimale pour les soins buccaux.<\/p>\n<p><strong>Cinnamon Bark<\/strong> <em>(Cinnamonum ceylanicum)<\/em> &#8211; Notre v\u00e9ritable huile \u00e9corce de cannelle de Madagascar est un puissant nettoyant de plaque et un rafra\u00eechisseur d&rsquo;haleine. Il s&rsquo;agit d&rsquo;une \u00e9pice classique, et son go\u00fbt est \u00e9galement agr\u00e9able!<\/p>\n<p><strong>Cayenne<\/strong> <em>(Capsicum frutescens)<\/em> &#8211; Un soup\u00e7on de Cayenne convaincant br\u00fble la mauvaise haleine. Cet extrait supercritique super \u00e9pic\u00e9 purifie la plaque dentaire gr\u00e2ce \u00e0 sa puissance piquante.<\/p>\n<p><strong> Bourgeon de<\/strong> <strong>girofle<\/strong> <em>(Eugenia carophyllata)<\/em> &#8211; L&rsquo;huile de girofle rafra\u00eechit l&rsquo;haleine et constitue un choix optimal pour les soins bucco-dentaires depuis les temps anciens. Ses composants botaniques, l&rsquo;eug\u00e9nol, les esters et les sesquiterp\u00e8nes, s&rsquo;associent pour cr\u00e9er une centrale \u00e9lectrique pour une bouche propre et fra\u00eeche.<\/p>\n<p><strong> huile jojoba<\/strong> <em>(Simmondsia chinensis)<\/em> &#8211; Le jojoba est connu pour ses incroyables bienfaits pour la peau, et c&rsquo;est aussi un acteur majeur des soins bucco-dentaires naturel. Les lipides affectueux du jojoba apaisent facilement les tissus buccaux.<\/p>\n<p><img fetchpriority=\"high\" decoding=\"async\" class=\"size-medium wp-image-68103 aligncenter\" src=\"https:\/\/dutchhealthstore.com\/wp-content\/uploads\/2018\/02\/Living-Libations-Organic-Logo-800x89.png\" alt=\"Living Libations - Organic Logo\" width=\"800\" height=\"89\" srcset=\"https:\/\/dutchhealthstore.com\/wp-content\/uploads\/2018\/02\/Living-Libations-Organic-Logo-800x89.png 800w, https:\/\/dutchhealthstore.com\/wp-content\/uploads\/2018\/02\/Living-Libations-Organic-Logo-510x57.png 510w, https:\/\/dutchhealthstore.com\/wp-content\/uploads\/2018\/02\/Living-Libations-Organic-Logo-768x85.png 768w, https:\/\/dutchhealthstore.com\/wp-content\/uploads\/2018\/02\/Living-Libations-Organic-Logo.png 1400w\" sizes=\"(max-width: 800px) 100vw, 800px\" \/><\/p>\n","protected":false},"excerpt":{"rendered":"<p>Le neem, l&rsquo;essence centrale du <strong>s\u00e9rum dentaire Yogi<\/strong>, est \u00ab\u00a0arista\u00a0\u00bb en sanskrit, un mot qui signifie: parfait, complet et imp\u00e9rissable. Le neem, v\u00e9ritable herbe am\u00e8re, est utilis\u00e9 en Inde et dans d&rsquo;autres pays d&rsquo;Asie du Sud-Est depuis des milliers d&rsquo;ann\u00e9es dans l&rsquo;agriculture, la conservation des aliments et les soins bucco-dentaires et corporels. Le neem alcalinise la bouche et bannit les bact\u00e9ries responsables de la mauvaise haleine.<\/p>\n","protected":false},"featured_media":101886,"comment_status":"open","ping_status":"closed","template":"","meta":[],"product_brand":[],"product_cat":[1037,2185,1211,1209,1030,3949,1010],"product_tag":[4456,21805,21811,21812,6032],"class_list":{"0":"post-103215","1":"product","2":"type-product","3":"status-publish","4":"has-post-thumbnail","6":"product_cat-hygiene-dentaire","7":"product_cat-hygiene-dentaire-fr","8":"product_cat-living-libations-france","9":"product_cat-par-marques","10":"product_cat-par-produits","11":"product_cat-serums-dentaires","12":"product_cat-notre-boutique","13":"product_tag-dental-care-fr","14":"product_tag-gommes","15":"product_tag-natural-fr","16":"product_tag-rafraichissant","17":"product_tag-serum-fr","18":"pa_bestsellers-goed-fr","19":"pa_brand-livinglibations-fr","20":"pa_dental-care-product-type-tooth-serum-fr","21":"pa_dental-care-product-type-gum-care-fr","22":"pa_gtin-7439657368325-fr","23":"pa_size-5-ml-fr","24":"pa_size-15-ml-fr","25":"pa_size-30-ml-fr","27":"first","28":"instock","29":"taxable","30":"shipping-taxable","31":"purchasable","32":"product-type-variable","33":"has-default-attributes"},"bundled_by":[],"bundle_stock_status":"instock","bundle_stock_quantity":null,"bundle_virtual":false,"bundle_layout":"","bundle_add_to_cart_form_location":"","bundle_editable_in_cart":false,"bundle_sold_individually_context":"","bundle_item_grouping":"","bundle_min_size":"","bundle_max_size":"","bundle_price":[],"bundled_items":[],"bundle_sell_ids":[],"atum_controlled":true,"out_stock_date":null,"out_stock_threshold":null,"inheritable":true,"stock_on_hold":3,"sold_today":0,"sales_last_days":4,"out_stock_days":0,"lost_sales":0,"update_date":"2026-04-08T12:46:19","atum_locations":[],"atum_stock_status":"instock","restock_status":false,"low_stock_amount":"","sales_update_date":"2026-04-07T13:48:54","calc_backorders":null,"group_of_quantity":0,"min_quantity":0,"max_quantity":"","exclude_order_quantity_value_rules":"no","exclude_category_quantity_rules":"no","combine_variations":"no","yoast_head":"<!-- This site is optimized with the Yoast SEO Premium plugin v26.5 (Yoast SEO v26.5) - https:\/\/yoast.com\/wordpress\/plugins\/seo\/ -->\n<title>Yogi Tooth Serum | Living Libations<\/title>\n<meta name=\"description\" content=\"Living Libations Yogi Tooth Serum est une puissante combinaison de plantes puissantes qui garderont votre bouche extr\u00eamement fra\u00eeche et propre.\" \/>\n<meta name=\"robots\" content=\"index, follow, max-snippet:-1, max-image-preview:large, max-video-preview:-1\" \/>\n<link rel=\"canonical\" href=\"https:\/\/dutchhealthstore.com\/fr\/product\/yogi-tooth-serum\/\" \/>\n<meta property=\"og:locale\" content=\"fr_FR\" \/>\n<meta property=\"og:type\" content=\"article\" \/>\n<meta property=\"og:title\" content=\"Yogi Tooth Serum - Dutch Health Store\" \/>\n<meta property=\"og:description\" content=\"Living Libations Yogi Tooth Serum est une puissante combinaison de plantes puissantes qui garderont votre bouche extr\u00eamement fra\u00eeche et propre.\" \/>\n<meta property=\"og:url\" content=\"https:\/\/dutchhealthstore.com\/fr\/product\/yogi-tooth-serum\/\" \/>\n<meta property=\"og:site_name\" content=\"Dutch Health Store\" \/>\n<meta property=\"article:publisher\" content=\"https:\/\/www.instagram.com\/dutchhealthstore\/\" \/>\n<meta property=\"article:modified_time\" content=\"2026-04-04T15:52:50+00:00\" \/>\n<meta property=\"og:image\" content=\"https:\/\/dutchhealthstore.com\/wp-content\/uploads\/2020\/05\/Living-Libatios-Yogi-Tooth-Serum-1.jpg\" \/>\n\t<meta property=\"og:image:width\" content=\"700\" \/>\n\t<meta property=\"og:image:height\" content=\"700\" \/>\n\t<meta property=\"og:image:type\" content=\"image\/jpeg\" \/>\n<meta name=\"twitter:card\" content=\"summary_large_image\" \/>\n<meta name=\"twitter:label1\" content=\"Disponibilit\u00e9\" \/>\n\t<meta name=\"twitter:data1\" content=\"En stock\" \/>\n<script type=\"application\/ld+json\" class=\"yoast-schema-graph\">{\"@context\":\"https:\/\/schema.org\",\"@graph\":[{\"@type\":\"WebPage\",\"@id\":\"https:\/\/dutchhealthstore.com\/fr\/product\/yogi-tooth-serum\/\",\"url\":\"https:\/\/dutchhealthstore.com\/fr\/product\/yogi-tooth-serum\/\",\"name\":\"Yogi Tooth Serum | Living Libations\",\"isPartOf\":{\"@id\":\"https:\/\/dutchhealthstore.com\/fr\/#website\"},\"primaryImageOfPage\":{\"@id\":\"https:\/\/dutchhealthstore.com\/fr\/product\/yogi-tooth-serum\/#primaryimage\"},\"image\":{\"@id\":\"https:\/\/dutchhealthstore.com\/fr\/product\/yogi-tooth-serum\/#primaryimage\"},\"thumbnailUrl\":\"https:\/\/dutchhealthstore.com\/wp-content\/uploads\/2020\/05\/Living-Libatios-Yogi-Tooth-Serum-1.jpg\",\"datePublished\":\"2020-05-19T06:37:39+00:00\",\"dateModified\":\"2026-04-04T15:52:50+00:00\",\"description\":\"Living Libations Yogi Tooth Serum est une puissante combinaison de plantes puissantes qui garderont votre bouche extr\u00eamement fra\u00eeche et propre.\",\"breadcrumb\":{\"@id\":\"https:\/\/dutchhealthstore.com\/fr\/product\/yogi-tooth-serum\/#breadcrumb\"},\"inLanguage\":\"fr-FR\",\"potentialAction\":[{\"@type\":\"ReadAction\",\"target\":[\"https:\/\/dutchhealthstore.com\/fr\/product\/yogi-tooth-serum\/\"]}]},{\"@type\":\"ImageObject\",\"inLanguage\":\"fr-FR\",\"@id\":\"https:\/\/dutchhealthstore.com\/fr\/product\/yogi-tooth-serum\/#primaryimage\",\"url\":\"https:\/\/dutchhealthstore.com\/wp-content\/uploads\/2020\/05\/Living-Libatios-Yogi-Tooth-Serum-1.jpg\",\"contentUrl\":\"https:\/\/dutchhealthstore.com\/wp-content\/uploads\/2020\/05\/Living-Libatios-Yogi-Tooth-Serum-1.jpg\",\"width\":700,\"height\":700,\"caption\":\"Living Libatios - Yogi Tooth Serum 1\"},{\"@type\":\"BreadcrumbList\",\"@id\":\"https:\/\/dutchhealthstore.com\/fr\/product\/yogi-tooth-serum\/#breadcrumb\",\"itemListElement\":[{\"@type\":\"ListItem\",\"position\":1,\"name\":\"Home\",\"item\":\"https:\/\/dutchhealthstore.com\/fr\/\"},{\"@type\":\"ListItem\",\"position\":2,\"name\":\"Shop\",\"item\":\"https:\/\/dutchhealthstore.com\/fr\/shop\/\"},{\"@type\":\"ListItem\",\"position\":3,\"name\":\"Yogi Tooth Serum\"}]},{\"@type\":\"WebSite\",\"@id\":\"https:\/\/dutchhealthstore.com\/fr\/#website\",\"url\":\"https:\/\/dutchhealthstore.com\/fr\/\",\"name\":\"Dutch Health Store\",\"description\":\"Enhance Your Beauty with Organic &amp; Natural Skincare\",\"publisher\":{\"@id\":\"https:\/\/dutchhealthstore.com\/fr\/#organization\"},\"potentialAction\":[{\"@type\":\"SearchAction\",\"target\":{\"@type\":\"EntryPoint\",\"urlTemplate\":\"https:\/\/dutchhealthstore.com\/fr\/?s={search_term_string}\"},\"query-input\":{\"@type\":\"PropertyValueSpecification\",\"valueRequired\":true,\"valueName\":\"search_term_string\"}}],\"inLanguage\":\"fr-FR\"},{\"@type\":\"Organization\",\"@id\":\"https:\/\/dutchhealthstore.com\/fr\/#organization\",\"name\":\"Dutch Health Store\",\"url\":\"https:\/\/dutchhealthstore.com\/fr\/\",\"logo\":{\"@type\":\"ImageObject\",\"inLanguage\":\"fr-FR\",\"@id\":\"https:\/\/dutchhealthstore.com\/fr\/#\/schema\/logo\/image\/\",\"url\":\"https:\/\/dutchhealthstore.com\/wp-content\/uploads\/2020\/08\/logo-dutchhealthstore-jpg-e1599484957574.jpg\",\"contentUrl\":\"https:\/\/dutchhealthstore.com\/wp-content\/uploads\/2020\/08\/logo-dutchhealthstore-jpg-e1599484957574.jpg\",\"width\":400,\"height\":62,\"caption\":\"Dutch Health Store\"},\"image\":{\"@id\":\"https:\/\/dutchhealthstore.com\/fr\/#\/schema\/logo\/image\/\"},\"sameAs\":[\"https:\/\/www.instagram.com\/dutchhealthstore\/\",\"https:\/\/www.facebook.com\/dutchhealthstore\"]}]}<\/script>\n<meta property=\"product:brand\" content=\"Living Libations\" \/>\n<meta property=\"og:availability\" content=\"instock\" \/>\n<meta property=\"product:availability\" content=\"instock\" \/>\n<meta property=\"product:condition\" content=\"new\" \/>\n<!-- \/ Yoast SEO Premium plugin. -->","yoast_head_json":{"title":"Yogi Tooth Serum | Living Libations","description":"Living Libations Yogi Tooth Serum est une puissante combinaison de plantes puissantes qui garderont votre bouche extr\u00eamement fra\u00eeche et propre.","robots":{"index":"index","follow":"follow","max-snippet":"max-snippet:-1","max-image-preview":"max-image-preview:large","max-video-preview":"max-video-preview:-1"},"canonical":"https:\/\/dutchhealthstore.com\/fr\/product\/yogi-tooth-serum\/","og_locale":"fr_FR","og_type":"article","og_title":"Yogi Tooth Serum - Dutch Health Store","og_description":"Living Libations Yogi Tooth Serum est une puissante combinaison de plantes puissantes qui garderont votre bouche extr\u00eamement fra\u00eeche et propre.","og_url":"https:\/\/dutchhealthstore.com\/fr\/product\/yogi-tooth-serum\/","og_site_name":"Dutch Health Store","article_publisher":"https:\/\/www.instagram.com\/dutchhealthstore\/","article_modified_time":"2026-04-04T15:52:50+00:00","og_image":[{"width":700,"height":700,"url":"https:\/\/dutchhealthstore.com\/wp-content\/uploads\/2020\/05\/Living-Libatios-Yogi-Tooth-Serum-1.jpg","type":"image\/jpeg"}],"twitter_card":"summary_large_image","twitter_misc":{"Disponibilit\u00e9":"En stock"},"schema":{"@context":"https:\/\/schema.org","@graph":[{"@type":"WebPage","@id":"https:\/\/dutchhealthstore.com\/fr\/product\/yogi-tooth-serum\/","url":"https:\/\/dutchhealthstore.com\/fr\/product\/yogi-tooth-serum\/","name":"Yogi Tooth Serum | Living Libations","isPartOf":{"@id":"https:\/\/dutchhealthstore.com\/fr\/#website"},"primaryImageOfPage":{"@id":"https:\/\/dutchhealthstore.com\/fr\/product\/yogi-tooth-serum\/#primaryimage"},"image":{"@id":"https:\/\/dutchhealthstore.com\/fr\/product\/yogi-tooth-serum\/#primaryimage"},"thumbnailUrl":"https:\/\/dutchhealthstore.com\/wp-content\/uploads\/2020\/05\/Living-Libatios-Yogi-Tooth-Serum-1.jpg","datePublished":"2020-05-19T06:37:39+00:00","dateModified":"2026-04-04T15:52:50+00:00","description":"Living Libations Yogi Tooth Serum est une puissante combinaison de plantes puissantes qui garderont votre bouche extr\u00eamement fra\u00eeche et propre.","breadcrumb":{"@id":"https:\/\/dutchhealthstore.com\/fr\/product\/yogi-tooth-serum\/#breadcrumb"},"inLanguage":"fr-FR","potentialAction":[{"@type":"ReadAction","target":["https:\/\/dutchhealthstore.com\/fr\/product\/yogi-tooth-serum\/"]}]},{"@type":"ImageObject","inLanguage":"fr-FR","@id":"https:\/\/dutchhealthstore.com\/fr\/product\/yogi-tooth-serum\/#primaryimage","url":"https:\/\/dutchhealthstore.com\/wp-content\/uploads\/2020\/05\/Living-Libatios-Yogi-Tooth-Serum-1.jpg","contentUrl":"https:\/\/dutchhealthstore.com\/wp-content\/uploads\/2020\/05\/Living-Libatios-Yogi-Tooth-Serum-1.jpg","width":700,"height":700,"caption":"Living Libatios - Yogi Tooth Serum 1"},{"@type":"BreadcrumbList","@id":"https:\/\/dutchhealthstore.com\/fr\/product\/yogi-tooth-serum\/#breadcrumb","itemListElement":[{"@type":"ListItem","position":1,"name":"Home","item":"https:\/\/dutchhealthstore.com\/fr\/"},{"@type":"ListItem","position":2,"name":"Shop","item":"https:\/\/dutchhealthstore.com\/fr\/shop\/"},{"@type":"ListItem","position":3,"name":"Yogi Tooth Serum"}]},{"@type":"WebSite","@id":"https:\/\/dutchhealthstore.com\/fr\/#website","url":"https:\/\/dutchhealthstore.com\/fr\/","name":"Dutch Health Store","description":"Enhance Your Beauty with Organic &amp; Natural Skincare","publisher":{"@id":"https:\/\/dutchhealthstore.com\/fr\/#organization"},"potentialAction":[{"@type":"SearchAction","target":{"@type":"EntryPoint","urlTemplate":"https:\/\/dutchhealthstore.com\/fr\/?s={search_term_string}"},"query-input":{"@type":"PropertyValueSpecification","valueRequired":true,"valueName":"search_term_string"}}],"inLanguage":"fr-FR"},{"@type":"Organization","@id":"https:\/\/dutchhealthstore.com\/fr\/#organization","name":"Dutch Health Store","url":"https:\/\/dutchhealthstore.com\/fr\/","logo":{"@type":"ImageObject","inLanguage":"fr-FR","@id":"https:\/\/dutchhealthstore.com\/fr\/#\/schema\/logo\/image\/","url":"https:\/\/dutchhealthstore.com\/wp-content\/uploads\/2020\/08\/logo-dutchhealthstore-jpg-e1599484957574.jpg","contentUrl":"https:\/\/dutchhealthstore.com\/wp-content\/uploads\/2020\/08\/logo-dutchhealthstore-jpg-e1599484957574.jpg","width":400,"height":62,"caption":"Dutch Health Store"},"image":{"@id":"https:\/\/dutchhealthstore.com\/fr\/#\/schema\/logo\/image\/"},"sameAs":["https:\/\/www.instagram.com\/dutchhealthstore\/","https:\/\/www.facebook.com\/dutchhealthstore"]}]},"product_brand":"Living Libations","og_availability":"instock","product_availability":"instock","product_condition":"new"},"_links":{"self":[{"href":"https:\/\/dutchhealthstore.com\/fr\/wp-json\/wp\/v2\/product\/103215","targetHints":{"allow":["GET"]}}],"collection":[{"href":"https:\/\/dutchhealthstore.com\/fr\/wp-json\/wp\/v2\/product"}],"about":[{"href":"https:\/\/dutchhealthstore.com\/fr\/wp-json\/wp\/v2\/types\/product"}],"replies":[{"embeddable":true,"href":"https:\/\/dutchhealthstore.com\/fr\/wp-json\/wp\/v2\/comments?post=103215"}],"wp:featuredmedia":[{"embeddable":true,"href":"https:\/\/dutchhealthstore.com\/fr\/wp-json\/wp\/v2\/media\/101886"}],"wp:attachment":[{"href":"https:\/\/dutchhealthstore.com\/fr\/wp-json\/wp\/v2\/media?parent=103215"}],"wp:term":[{"taxonomy":"product_brand","embeddable":true,"href":"https:\/\/dutchhealthstore.com\/fr\/wp-json\/wp\/v2\/product_brand?post=103215"},{"taxonomy":"product_cat","embeddable":true,"href":"https:\/\/dutchhealthstore.com\/fr\/wp-json\/wp\/v2\/product_cat?post=103215"},{"taxonomy":"product_tag","embeddable":true,"href":"https:\/\/dutchhealthstore.com\/fr\/wp-json\/wp\/v2\/product_tag?post=103215"}],"curies":[{"name":"wp","href":"https:\/\/api.w.org\/{rel}","templated":true}]}}