{"id":103202,"date":"2020-05-19T11:57:12","date_gmt":"2020-05-19T09:57:12","guid":{"rendered":"https:\/\/dutchhealthstore.com\/product\/moon-swoon-lip-shimmer\/"},"modified":"2025-08-11T16:05:34","modified_gmt":"2025-08-11T14:05:34","slug":"moon-swoon-lip-shimmer","status":"publish","type":"product","link":"https:\/\/dutchhealthstore.com\/fr\/product\/moon-swoon-lip-shimmer\/","title":{"rendered":"Moon Swoon Shimmer"},"content":{"rendered":"<p><img decoding=\"async\" class=\"size-full wp-image-69549 alignright\" src=\"https:\/\/dutchhealthstore.com\/wp-content\/uploads\/2019\/08\/NEW-Living-Libations-Logo.jpg\" alt=\"NEW - Living Libations - Logo\" width=\"175\" height=\"82\">Living Libations <strong>Moon Swoon<\/strong> <strong>Shimmer<\/strong> est un baume iris\u00e9 et l\u00e9ger pour des l\u00e8vres pulpeuses, des joues de ch\u00e9rubin et des sourcils magnifiques. Entrez dans la lumi\u00e8re \u00e9tincelante de la lune avec style en peignant votre moue dans un blanc transparent des ann\u00e9es 60 m\u00e9lang\u00e9 \u00e0 un majestueux clair de lune.<\/p>\n<p>Des pierres pr\u00e9cieuses \u00e9cras\u00e9es de mica magnifique, des plantes \u00e9clatantes et du jojoba juteux r\u00e9g\u00e9n\u00e8rent les l\u00e8vres s\u00e8ches tout en aidant la peau \u00e0 chanter. Transparent et chatoyant, Moon Swoon Shimmer enveloppe les l\u00e8vres et les joues d&rsquo;une \u00e9treinte respirante, permettant \u00e0 votre peau saine de briller.<\/p>\n<p><strong>Taille : 6 ml<\/strong><\/p>\n<h3 class=\"yikes-custom-woo-tab-title yikes-custom-woo-tab-title-natural-organic-ingredients\">Ingr\u00e9dients naturels\/biologiques<\/h3>\n<p><strong>Jojoba<\/strong> <em>(Simmondsia chinensis)<\/em> &#8211; Le jojoba apporte aux l\u00e8vres une double dose de pouvoir hydratant. Cette essence biologique contient toutes les formes de vitamine E, l&rsquo;\u00e9mollient le plus efficace de la nature. De plus, la composition du jojoba est presque identique \u00e0 celle du s\u00e9bum naturel de la peau, ce qui permet une absorption facile et une r\u00e9tention de l&rsquo;humidit\u00e9.<\/p>\n<p><strong>Cire d&rsquo;abeille<\/strong><em> (Cera alba)<\/em> &#8211; La cire d&rsquo;abeille descend sur la peau en une couche poreuse de protection qui aide les l\u00e8vres \u00e0 retenir l&rsquo;humidit\u00e9.<\/p>\n<p><strong>Jasmine Grandiforum<\/strong> <em>(Jasminum grandiflorum)<\/em> &#8211; Juicy Jasmine hydrate les l\u00e8vres tout en inspirant des \u00e9lans d&rsquo;amour et d&rsquo;affection. Ce fameux aphrodisiaque est une victoire paradisiaque pour les l\u00e8vres dess\u00e9ch\u00e9es et la peau assoiff\u00e9e.<\/p>\n<p><strong>Vanilla<\/strong> <em>(planifolia)<\/em> &#8211; D\u00e9riv\u00e9 des orchid\u00e9es les plus profondes du plant de vanille de Madagascar, cet extrait supercritique regorge d&rsquo;antioxydants et de compos\u00e9s nourrissants. Le doux parfum de la vanille est consid\u00e9r\u00e9 comme un hommage de M\u00e8re Nature au lait maternel; une berceuse saccharine apaisante pour tous ceux qui entrent dans le clair de lune.<\/p>\n<p><strong>Lavande<\/strong> <em>(Lavandula augustifoila)<\/em> &#8211; La lavande est intens\u00e9ment apaisante et calmante, tant pour la peau que pour l&rsquo;esprit. Ses pouvoirs de gu\u00e9rison en font un choix populaire pour le traitement des coupures, des br\u00fblures et de la peau qui a besoin d&rsquo;un s\u00e9rieux coup de pouce.<\/p>\n<p><strong>Citron<\/strong><em> ( Citrus limon)<\/em> &#8211; Notre huile essentielle de citron press\u00e9e \u00e0 froid revitalise et d\u00e9toxifie la peau tout en remontant le moral. L&rsquo;huile de citron rafra\u00eechit la peau, favorise le bien-\u00eatre et donne \u00e0 vos l\u00e8vres Moon Swoon un sourire complice.<\/p>\n<p><strong>Mica<\/strong> <em>(min\u00e9raux phyllosilicat\u00e9s)<\/em> &#8211; Le magnifique mica est la pi\u00e8ce de r\u00e9sistance de ce baume \u00e0 couper le souffle! Le mica est compos\u00e9 de couches de pierres pr\u00e9cieuses broy\u00e9es qui sont riches en couleurs iris\u00e9es naturel. Associ\u00e9 \u00e0 des plantes, le mica danse avec la lumi\u00e8re du soleil et de la lune, refl\u00e9tant votre \u00e9clat int\u00e9rieur dans le monde ext\u00e9rieur. Le mica cristallis\u00e9 refl\u00e8te tous les types de lumi\u00e8re naturel et int\u00e9rieure, garantissant ainsi que les l\u00e8vres, les joues et les sourcils brillent de mille feux. *Le mica n&rsquo;est pas d\u00e9riv\u00e9 de la mati\u00e8re vivante et est donc un compos\u00e9 inorganique, qui n&rsquo;entre pas dans le champ d&rsquo;application de la certification biologique.<\/p>\n<p style=\"text-align: center;\"><em> \u00ab\u00a0La lune vit dans la doublure de votre peau.\u00a0\u00bb<\/em><br \/>\n<strong>~ Pablo Neruda<\/strong><\/p>\n<p><img fetchpriority=\"high\" decoding=\"async\" class=\"size-medium wp-image-68103 aligncenter\" src=\"https:\/\/dutchhealthstore.com\/wp-content\/uploads\/2018\/02\/Living-Libations-Organic-Logo-800x89.png\" alt=\"Living Libations - Organic Logo\" width=\"800\" height=\"89\" srcset=\"https:\/\/dutchhealthstore.com\/wp-content\/uploads\/2018\/02\/Living-Libations-Organic-Logo-800x89.png 800w, https:\/\/dutchhealthstore.com\/wp-content\/uploads\/2018\/02\/Living-Libations-Organic-Logo-510x57.png 510w, https:\/\/dutchhealthstore.com\/wp-content\/uploads\/2018\/02\/Living-Libations-Organic-Logo-768x85.png 768w, https:\/\/dutchhealthstore.com\/wp-content\/uploads\/2018\/02\/Living-Libations-Organic-Logo.png 1400w\" sizes=\"(max-width: 800px) 100vw, 800px\" \/><\/p>\n","protected":false},"excerpt":{"rendered":"<p>Oindre les sourcils, les l\u00e8vres et les joues de l&rsquo;\u00e9clat iris\u00e9 du clair de lune. Notre <strong>Moon <\/strong><strong>Swoon <\/strong> <strong>Shimmer<\/strong> enflamme la nuit dans un blanc pur des ann\u00e9es soixante, inspirant \u00e0 votre visage des perles de gr\u00e2ce illumin\u00e9es.<\/p>\n<p>Donnez \u00e0 votre bouche de d\u00e9esse un coup de projecteur avec un baume enti\u00e8rement naturel et biologique tiss\u00e9 \u00e0 partir des essences de clair de lune les plus \u00e9tincelantes de M\u00e8re Nature, dont le jojoba biologique, la cire d&rsquo;abeille heureuse, le jasmin, la vanille, la lavande, le citron et des infusions min\u00e9rales de mica scintillant.<\/p>\n","protected":false},"featured_media":102060,"comment_status":"open","ping_status":"closed","template":"","meta":[],"product_brand":[],"product_cat":[5979,1211,1036,4047,1209,1030,1010,14733,5905,4046,5902,2985],"product_tag":[6314,21276,6247,21811],"class_list":{"0":"post-103202","1":"product","2":"type-product","3":"status-publish","4":"has-post-thumbnail","6":"product_cat-lips-fr-3","7":"product_cat-living-libations-france","8":"product_cat-maquillage","9":"product_cat-maquillage-fr-2","10":"product_cat-par-marques","11":"product_cat-par-produits","12":"product_cat-notre-boutique","13":"product_cat-soins-de-la-peau","14":"product_cat-lip-care","15":"product_cat-soins-des-levres","16":"product_cat-eye-lip-care-fr-2","17":"product_cat-visage-fr","18":"product_tag-glow-fr","19":"product_tag-lip-care","20":"product_tag-make-up-fr","21":"product_tag-natural-fr","22":"pa_brand-livinglibations-fr","23":"pa_gtin-7439657368332-fr","24":"pa_make-up-productype-cheeks-fr","25":"pa_make-up-productype-lips-fr","26":"pa_make-up-productype-eyes-fr","27":"pa_size-6-ml-fr","28":"pa_skincare-type-lips-eye-care-fr","30":"first","31":"instock","32":"taxable","33":"shipping-taxable","34":"purchasable","35":"product-type-simple"},"bundled_by":[],"bundle_stock_status":"instock","bundle_stock_quantity":10,"bundle_virtual":false,"bundle_layout":"","bundle_add_to_cart_form_location":"","bundle_editable_in_cart":false,"bundle_sold_individually_context":"","bundle_item_grouping":"","bundle_min_size":"","bundle_max_size":"","bundle_price":[],"bundled_items":[],"bundle_sell_ids":[107821],"atum_controlled":true,"out_stock_date":null,"out_stock_threshold":null,"inheritable":false,"stock_on_hold":0,"sold_today":0,"sales_last_days":0,"out_stock_days":0,"lost_sales":0,"update_date":"2026-05-01T00:14:49","atum_locations":[],"atum_stock_status":"instock","restock_status":false,"low_stock_amount":"","sales_update_date":"2026-05-01T00:14:49","calc_backorders":null,"group_of_quantity":0,"min_quantity":0,"max_quantity":"","exclude_order_quantity_value_rules":"no","exclude_category_quantity_rules":"no","combine_variations":"no","yoast_head":"<!-- This site is optimized with the Yoast SEO Premium plugin v26.5 (Yoast SEO v26.5) - https:\/\/yoast.com\/wordpress\/plugins\/seo\/ -->\n<title>Moon Swoon Lip Shimmer | Living Libations<\/title>\n<meta name=\"description\" content=\"Oindre les sourcils, les l\u00e8vres et les joues de l&#039;\u00e9clat iris\u00e9 du clair de lune. Notre Moon Swoon Shimmer enflamme la nuit dans un blanc pur des ann\u00e9es soixante, inspirant \u00e0 votre visage des perles de gr\u00e2ce illumin\u00e9es.\" \/>\n<meta name=\"robots\" content=\"index, follow, max-snippet:-1, max-image-preview:large, max-video-preview:-1\" \/>\n<link rel=\"canonical\" href=\"https:\/\/dutchhealthstore.com\/fr\/product\/moon-swoon-lip-shimmer\/\" \/>\n<meta property=\"og:locale\" content=\"fr_FR\" \/>\n<meta property=\"og:type\" content=\"article\" \/>\n<meta property=\"og:title\" content=\"Moon Swoon Shimmer - Dutch Health Store\" \/>\n<meta property=\"og:description\" content=\"Oindre les sourcils, les l\u00e8vres et les joues de l&#039;\u00e9clat iris\u00e9 du clair de lune. Notre Moon Swoon Shimmer enflamme la nuit dans un blanc pur des ann\u00e9es soixante, inspirant \u00e0 votre visage des perles de gr\u00e2ce illumin\u00e9es.\" \/>\n<meta property=\"og:url\" content=\"https:\/\/dutchhealthstore.com\/fr\/product\/moon-swoon-lip-shimmer\/\" \/>\n<meta property=\"og:site_name\" content=\"Dutch Health Store\" \/>\n<meta property=\"article:publisher\" content=\"https:\/\/www.instagram.com\/dutchhealthstore\/\" \/>\n<meta property=\"article:modified_time\" content=\"2025-08-11T14:05:34+00:00\" \/>\n<meta property=\"og:image\" content=\"https:\/\/dutchhealthstore.com\/wp-content\/uploads\/2020\/05\/living-Libations-Moon-Swoon-Lip-Shimmer.jpg\" \/>\n\t<meta property=\"og:image:width\" content=\"637\" \/>\n\t<meta property=\"og:image:height\" content=\"637\" \/>\n\t<meta property=\"og:image:type\" content=\"image\/jpeg\" \/>\n<meta name=\"twitter:card\" content=\"summary_large_image\" \/>\n<meta name=\"twitter:label1\" content=\"Prix\" \/>\n\t<meta name=\"twitter:data1\" content=\"&euro;33,00\" \/>\n\t<meta name=\"twitter:label2\" content=\"Disponibilit\u00e9\" \/>\n\t<meta name=\"twitter:data2\" content=\"En stock\" \/>\n<script type=\"application\/ld+json\" class=\"yoast-schema-graph\">{\"@context\":\"https:\/\/schema.org\",\"@graph\":[{\"@type\":\"WebPage\",\"@id\":\"https:\/\/dutchhealthstore.com\/fr\/product\/moon-swoon-lip-shimmer\/\",\"url\":\"https:\/\/dutchhealthstore.com\/fr\/product\/moon-swoon-lip-shimmer\/\",\"name\":\"Moon Swoon Lip Shimmer | Living Libations\",\"isPartOf\":{\"@id\":\"https:\/\/dutchhealthstore.com\/fr\/#website\"},\"primaryImageOfPage\":{\"@id\":\"https:\/\/dutchhealthstore.com\/fr\/product\/moon-swoon-lip-shimmer\/#primaryimage\"},\"image\":{\"@id\":\"https:\/\/dutchhealthstore.com\/fr\/product\/moon-swoon-lip-shimmer\/#primaryimage\"},\"thumbnailUrl\":\"https:\/\/dutchhealthstore.com\/wp-content\/uploads\/2020\/05\/living-Libations-Moon-Swoon-Lip-Shimmer.jpg\",\"datePublished\":\"2020-05-19T09:57:12+00:00\",\"dateModified\":\"2025-08-11T14:05:34+00:00\",\"description\":\"Oindre les sourcils, les l\u00e8vres et les joues de l'\u00e9clat iris\u00e9 du clair de lune. Notre Moon Swoon Shimmer enflamme la nuit dans un blanc pur des ann\u00e9es soixante, inspirant \u00e0 votre visage des perles de gr\u00e2ce illumin\u00e9es.\",\"breadcrumb\":{\"@id\":\"https:\/\/dutchhealthstore.com\/fr\/product\/moon-swoon-lip-shimmer\/#breadcrumb\"},\"inLanguage\":\"fr-FR\",\"potentialAction\":[{\"@type\":\"ReadAction\",\"target\":[\"https:\/\/dutchhealthstore.com\/fr\/product\/moon-swoon-lip-shimmer\/\"]}]},{\"@type\":\"ImageObject\",\"inLanguage\":\"fr-FR\",\"@id\":\"https:\/\/dutchhealthstore.com\/fr\/product\/moon-swoon-lip-shimmer\/#primaryimage\",\"url\":\"https:\/\/dutchhealthstore.com\/wp-content\/uploads\/2020\/05\/living-Libations-Moon-Swoon-Lip-Shimmer.jpg\",\"contentUrl\":\"https:\/\/dutchhealthstore.com\/wp-content\/uploads\/2020\/05\/living-Libations-Moon-Swoon-Lip-Shimmer.jpg\",\"width\":637,\"height\":637},{\"@type\":\"BreadcrumbList\",\"@id\":\"https:\/\/dutchhealthstore.com\/fr\/product\/moon-swoon-lip-shimmer\/#breadcrumb\",\"itemListElement\":[{\"@type\":\"ListItem\",\"position\":1,\"name\":\"Home\",\"item\":\"https:\/\/dutchhealthstore.com\/fr\/\"},{\"@type\":\"ListItem\",\"position\":2,\"name\":\"Shop\",\"item\":\"https:\/\/dutchhealthstore.com\/fr\/shop\/\"},{\"@type\":\"ListItem\",\"position\":3,\"name\":\"Moon Swoon Shimmer\"}]},{\"@type\":\"WebSite\",\"@id\":\"https:\/\/dutchhealthstore.com\/fr\/#website\",\"url\":\"https:\/\/dutchhealthstore.com\/fr\/\",\"name\":\"Dutch Health Store\",\"description\":\"Enhance Your Beauty with Organic &amp; Natural Skincare\",\"publisher\":{\"@id\":\"https:\/\/dutchhealthstore.com\/fr\/#organization\"},\"potentialAction\":[{\"@type\":\"SearchAction\",\"target\":{\"@type\":\"EntryPoint\",\"urlTemplate\":\"https:\/\/dutchhealthstore.com\/fr\/?s={search_term_string}\"},\"query-input\":{\"@type\":\"PropertyValueSpecification\",\"valueRequired\":true,\"valueName\":\"search_term_string\"}}],\"inLanguage\":\"fr-FR\"},{\"@type\":\"Organization\",\"@id\":\"https:\/\/dutchhealthstore.com\/fr\/#organization\",\"name\":\"Dutch Health Store\",\"url\":\"https:\/\/dutchhealthstore.com\/fr\/\",\"logo\":{\"@type\":\"ImageObject\",\"inLanguage\":\"fr-FR\",\"@id\":\"https:\/\/dutchhealthstore.com\/fr\/#\/schema\/logo\/image\/\",\"url\":\"https:\/\/dutchhealthstore.com\/wp-content\/uploads\/2020\/08\/logo-dutchhealthstore-jpg-e1599484957574.jpg\",\"contentUrl\":\"https:\/\/dutchhealthstore.com\/wp-content\/uploads\/2020\/08\/logo-dutchhealthstore-jpg-e1599484957574.jpg\",\"width\":400,\"height\":62,\"caption\":\"Dutch Health Store\"},\"image\":{\"@id\":\"https:\/\/dutchhealthstore.com\/fr\/#\/schema\/logo\/image\/\"},\"sameAs\":[\"https:\/\/www.instagram.com\/dutchhealthstore\/\",\"https:\/\/www.facebook.com\/dutchhealthstore\"]}]}<\/script>\n<meta property=\"product:brand\" content=\"Living Libations\" \/>\n<meta property=\"product:price:amount\" content=\"33.00\" \/>\n<meta property=\"product:price:currency\" content=\"EUR\" \/>\n<meta property=\"og:availability\" content=\"instock\" \/>\n<meta property=\"product:availability\" content=\"instock\" \/>\n<meta property=\"product:condition\" content=\"new\" \/>\n<!-- \/ Yoast SEO Premium plugin. -->","yoast_head_json":{"title":"Moon Swoon Lip Shimmer | Living Libations","description":"Oindre les sourcils, les l\u00e8vres et les joues de l'\u00e9clat iris\u00e9 du clair de lune. Notre Moon Swoon Shimmer enflamme la nuit dans un blanc pur des ann\u00e9es soixante, inspirant \u00e0 votre visage des perles de gr\u00e2ce illumin\u00e9es.","robots":{"index":"index","follow":"follow","max-snippet":"max-snippet:-1","max-image-preview":"max-image-preview:large","max-video-preview":"max-video-preview:-1"},"canonical":"https:\/\/dutchhealthstore.com\/fr\/product\/moon-swoon-lip-shimmer\/","og_locale":"fr_FR","og_type":"article","og_title":"Moon Swoon Shimmer - Dutch Health Store","og_description":"Oindre les sourcils, les l\u00e8vres et les joues de l'\u00e9clat iris\u00e9 du clair de lune. Notre Moon Swoon Shimmer enflamme la nuit dans un blanc pur des ann\u00e9es soixante, inspirant \u00e0 votre visage des perles de gr\u00e2ce illumin\u00e9es.","og_url":"https:\/\/dutchhealthstore.com\/fr\/product\/moon-swoon-lip-shimmer\/","og_site_name":"Dutch Health Store","article_publisher":"https:\/\/www.instagram.com\/dutchhealthstore\/","article_modified_time":"2025-08-11T14:05:34+00:00","og_image":[{"width":637,"height":637,"url":"https:\/\/dutchhealthstore.com\/wp-content\/uploads\/2020\/05\/living-Libations-Moon-Swoon-Lip-Shimmer.jpg","type":"image\/jpeg"}],"twitter_card":"summary_large_image","twitter_misc":{"Prix":"&euro;33,00","Disponibilit\u00e9":"En stock"},"schema":{"@context":"https:\/\/schema.org","@graph":[{"@type":"WebPage","@id":"https:\/\/dutchhealthstore.com\/fr\/product\/moon-swoon-lip-shimmer\/","url":"https:\/\/dutchhealthstore.com\/fr\/product\/moon-swoon-lip-shimmer\/","name":"Moon Swoon Lip Shimmer | Living Libations","isPartOf":{"@id":"https:\/\/dutchhealthstore.com\/fr\/#website"},"primaryImageOfPage":{"@id":"https:\/\/dutchhealthstore.com\/fr\/product\/moon-swoon-lip-shimmer\/#primaryimage"},"image":{"@id":"https:\/\/dutchhealthstore.com\/fr\/product\/moon-swoon-lip-shimmer\/#primaryimage"},"thumbnailUrl":"https:\/\/dutchhealthstore.com\/wp-content\/uploads\/2020\/05\/living-Libations-Moon-Swoon-Lip-Shimmer.jpg","datePublished":"2020-05-19T09:57:12+00:00","dateModified":"2025-08-11T14:05:34+00:00","description":"Oindre les sourcils, les l\u00e8vres et les joues de l'\u00e9clat iris\u00e9 du clair de lune. Notre Moon Swoon Shimmer enflamme la nuit dans un blanc pur des ann\u00e9es soixante, inspirant \u00e0 votre visage des perles de gr\u00e2ce illumin\u00e9es.","breadcrumb":{"@id":"https:\/\/dutchhealthstore.com\/fr\/product\/moon-swoon-lip-shimmer\/#breadcrumb"},"inLanguage":"fr-FR","potentialAction":[{"@type":"ReadAction","target":["https:\/\/dutchhealthstore.com\/fr\/product\/moon-swoon-lip-shimmer\/"]}]},{"@type":"ImageObject","inLanguage":"fr-FR","@id":"https:\/\/dutchhealthstore.com\/fr\/product\/moon-swoon-lip-shimmer\/#primaryimage","url":"https:\/\/dutchhealthstore.com\/wp-content\/uploads\/2020\/05\/living-Libations-Moon-Swoon-Lip-Shimmer.jpg","contentUrl":"https:\/\/dutchhealthstore.com\/wp-content\/uploads\/2020\/05\/living-Libations-Moon-Swoon-Lip-Shimmer.jpg","width":637,"height":637},{"@type":"BreadcrumbList","@id":"https:\/\/dutchhealthstore.com\/fr\/product\/moon-swoon-lip-shimmer\/#breadcrumb","itemListElement":[{"@type":"ListItem","position":1,"name":"Home","item":"https:\/\/dutchhealthstore.com\/fr\/"},{"@type":"ListItem","position":2,"name":"Shop","item":"https:\/\/dutchhealthstore.com\/fr\/shop\/"},{"@type":"ListItem","position":3,"name":"Moon Swoon Shimmer"}]},{"@type":"WebSite","@id":"https:\/\/dutchhealthstore.com\/fr\/#website","url":"https:\/\/dutchhealthstore.com\/fr\/","name":"Dutch Health Store","description":"Enhance Your Beauty with Organic &amp; Natural Skincare","publisher":{"@id":"https:\/\/dutchhealthstore.com\/fr\/#organization"},"potentialAction":[{"@type":"SearchAction","target":{"@type":"EntryPoint","urlTemplate":"https:\/\/dutchhealthstore.com\/fr\/?s={search_term_string}"},"query-input":{"@type":"PropertyValueSpecification","valueRequired":true,"valueName":"search_term_string"}}],"inLanguage":"fr-FR"},{"@type":"Organization","@id":"https:\/\/dutchhealthstore.com\/fr\/#organization","name":"Dutch Health Store","url":"https:\/\/dutchhealthstore.com\/fr\/","logo":{"@type":"ImageObject","inLanguage":"fr-FR","@id":"https:\/\/dutchhealthstore.com\/fr\/#\/schema\/logo\/image\/","url":"https:\/\/dutchhealthstore.com\/wp-content\/uploads\/2020\/08\/logo-dutchhealthstore-jpg-e1599484957574.jpg","contentUrl":"https:\/\/dutchhealthstore.com\/wp-content\/uploads\/2020\/08\/logo-dutchhealthstore-jpg-e1599484957574.jpg","width":400,"height":62,"caption":"Dutch Health Store"},"image":{"@id":"https:\/\/dutchhealthstore.com\/fr\/#\/schema\/logo\/image\/"},"sameAs":["https:\/\/www.instagram.com\/dutchhealthstore\/","https:\/\/www.facebook.com\/dutchhealthstore"]}]},"product_brand":"Living Libations","product_price_amount":"33.00","product_price_currency":"EUR","og_availability":"instock","product_availability":"instock","product_condition":"new"},"_links":{"self":[{"href":"https:\/\/dutchhealthstore.com\/fr\/wp-json\/wp\/v2\/product\/103202","targetHints":{"allow":["GET"]}}],"collection":[{"href":"https:\/\/dutchhealthstore.com\/fr\/wp-json\/wp\/v2\/product"}],"about":[{"href":"https:\/\/dutchhealthstore.com\/fr\/wp-json\/wp\/v2\/types\/product"}],"replies":[{"embeddable":true,"href":"https:\/\/dutchhealthstore.com\/fr\/wp-json\/wp\/v2\/comments?post=103202"}],"wp:featuredmedia":[{"embeddable":true,"href":"https:\/\/dutchhealthstore.com\/fr\/wp-json\/wp\/v2\/media\/102060"}],"wp:attachment":[{"href":"https:\/\/dutchhealthstore.com\/fr\/wp-json\/wp\/v2\/media?parent=103202"}],"wp:term":[{"taxonomy":"product_brand","embeddable":true,"href":"https:\/\/dutchhealthstore.com\/fr\/wp-json\/wp\/v2\/product_brand?post=103202"},{"taxonomy":"product_cat","embeddable":true,"href":"https:\/\/dutchhealthstore.com\/fr\/wp-json\/wp\/v2\/product_cat?post=103202"},{"taxonomy":"product_tag","embeddable":true,"href":"https:\/\/dutchhealthstore.com\/fr\/wp-json\/wp\/v2\/product_tag?post=103202"}],"curies":[{"name":"wp","href":"https:\/\/api.w.org\/{rel}","templated":true}]}}