{"id":75296,"date":"2019-05-02T04:06:28","date_gmt":"2019-05-02T02:06:28","guid":{"rendered":"https:\/\/dutchhealthstore.com\/product\/tonic-gold-m-herbal-coffee-medicinal-mushroom-elixir-immune-boosting-antioxidant\/"},"modified":"2025-11-21T22:14:13","modified_gmt":"2025-11-21T21:14:13","slug":"tonic-gold-m-herbal-coffee-medicinal-mushroom-elixir-immune-boosting-antioxidant","status":"publish","type":"product","link":"https:\/\/dutchhealthstore.com\/de\/product\/tonic-gold-m-herbal-coffee-medicinal-mushroom-elixir-immune-boosting-antioxidant\/","title":{"rendered":"Tonic Gold M &#8211; Herbal Coffee &#8211; Medicinal Mushroom Elixir &#8211; Immune Boosting Antioxidant"},"content":{"rendered":"<p><img decoding=\"async\" class=\"size-full wp-image-56271 alignright\" src=\"https:\/\/dutchhealthstore.com\/wp-content\/uploads\/2019\/05\/logo-navi-organics-5.jpg\" alt=\"logo navi organics 5\" width=\"200\" height=\"207\" srcset=\"https:\/\/dutchhealthstore.com\/wp-content\/uploads\/2019\/05\/logo-navi-organics-5.jpg 200w, https:\/\/dutchhealthstore.com\/wp-content\/uploads\/2019\/05\/logo-navi-organics-5-32x32.jpg 32w\" sizes=\"(max-width: 200px) 100vw, 200px\" \/>Wir freuen uns sehr, Ihnen das zweite <strong>Tonic Herbal Elixir Powder<\/strong> vorstellen zu k\u00f6nnen.<\/p>\n<p>Dieses Elixier wurde aus der Basisformel der urspr\u00fcnglichen Tonic Gold-Mischung entwickelt und mit Heilpilzextrakten angereichert. Alle in dieser Mischung verwendeten Pilzextrakte werden nur aus den Fruchtk\u00f6rpern hergestellt, und wo es vorteilhaft ist, doppelte Extraktionen durchzuf\u00fchren, wurden diese auch durchgef\u00fchrt.<\/p>\n<h3>Wegbeschreibung:<\/h3>\n<p>1g (oder 1\/4 &#8211; 1\/2) Teel\u00f6ffel (je nach gew\u00fcnschter Geschmacksst\u00e4rke) in Tasse.<\/p>\n<p>Hei\u00dfes Wasser hinzuf\u00fcgen und umr\u00fchren.<\/p>\n<p>Sie k\u00f6nnen auch verschiedene Arten von Milch hinzuf\u00fcgen, um einen Kaffee mit Milch und Sahne zu erhalten.<br \/>\nUnser bisheriger Favorit ist Kokosmilch!<\/p>\n<h3><strong>Gr\u00f6\u00dfe: 80 gr<\/strong><\/h3>\n<h3>Zutaten:<\/h3>\n<p>Diese Zutaten werden zu einem wohlschmeckenden, immunst\u00e4rkenden und antioxidativen Hei\u00dfgetr\u00e4nk vermischt, das zu jeder Tageszeit genossen werden kann.<\/p>\n<ul>\n<li>Shitake Mushroom Extract<\/li>\n<li>Cordyceps Militaris Mushroom Extract<\/li>\n<li>Maitake Mushroom Extract 10:1<\/li>\n<li>Reishi Mushroom Extract 10:1 (zweifach extrahiert)<\/li>\n<li>Chaga Mushroom Extract 10:1 (zweifach extrahiert)<\/li>\n<li>Lions Mane Mushroom Extract 10:1<\/li>\n<li>Turkey Tail Mushroom Extract 10:1<\/li>\n<li>Meshima Mushroom Extract 10:1<\/li>\n<li>Moringa Oleifera Leaf Extract 10:1<\/li>\n<li>Prepared He Shou Wu Extract 10:1<\/li>\n<\/ul>\n<p>Ohne Zusatz von F\u00fcllstoffen oder Konservierungsmitteln.<\/p>\n<h3>Unsere Beschaffungspolitik<\/h3>\n<p>Im Laufe der Jahre haben wir auf unserer Suche nach den vitalsten und lebensspendenden Lebensmitteln und Kr\u00e4utern (eine Leidenschaft, aus der Na&#8217;vi Organics entstanden ist) viele verschiedene Lebensmittel, Kr\u00e4uter und Extrakte aus der ganzen Welt ausprobiert.<\/p>\n<p>Wir sind stolz darauf, dass 99% unserer Produkte direkt von den Erzeugern oder Herstellern bezogen werden und nicht von Drittanbietern. Auf diese Weise ist sichergestellt, dass unsere Ware immer so frisch wie m\u00f6glich ist, und wir wissen auch, dass wir die Erzeuger direkt bezahlen und sicherstellen, dass sie das bekommen, was sie f\u00fcr ihre Produkte w\u00fcnschen. Der Aufbau langj\u00e4hriger Beziehungen zu unseren Lieferanten ist uns ebenfalls sehr wichtig &#8211; wir freuen uns \u00fcber die Freundschaften, die wir mit einigen unserer Erzeuger aufgebaut haben, und \u00fcber die Freude, die uns diese Art der Zusammenarbeit bereitet.<\/p>\n<p>Wir haben nach Herstellern gesucht, die ihre Produkte mit Leidenschaft herstellen, und viele der Produkte, die wir f\u00fchren, gibt es nur bei uns im Vereinigten K\u00f6nigreich.<\/p>\n<h4>Chinesische Beschaffung<\/h4>\n<p>Bis vor ein paar Jahren (2015) bezogen wir keine Produkte aus China, da wir Schwierigkeiten hatten, Lieferanten zu finden, die sich wirklich f\u00fcr eine gleichbleibend hohe Qualit\u00e4t von nicht kontaminierten Tonic-Kr\u00e4utern einsetzen. Wir setzten unsere Suche fort, denn wir wussten, dass das wertvolle Wissen der Traditionellen Chinesischen Medizin in China nicht zu \u00fcbertreffen ist, wenn man es richtig beachtet. Aufgrund ihrer langj\u00e4hrigen Erfahrung mit der Verwendung und dem Studium ihrer traditionellen Kr\u00e4uter wissen sie genau, was erforderlich ist, um die besten funktionellen pflanzlichen Heilmittel herzustellen. Kr\u00e4uterkundige sind in der chinesischen Kultur hoch angesehen. Zu wissen, wo und wann man erntet und wie man Heilkr\u00e4uter genau verarbeitet, ist eine sehr angesehene Kunst.<\/p>\n<p>2015 hatten wir das gro\u00dfe Gl\u00fcck, einen wunderbaren Produzenten in China zu finden, mit dem wir zusammenarbeiten konnten. Sie verfolgen eine sehr strenge Beschaffungspolitik und verf\u00fcgen \u00fcber ein leidenschaftliches, tiefgehendes Wissen \u00fcber die traditionelle chinesische Medizin. Nachdem wir ihre Produkte probiert und sie kennen gelernt hatten, waren wir von ihrem Engagement f\u00fcr eine saubere Beschaffung, hohe Qualit\u00e4t und die Liebe zum Detail bei der Verarbeitung \u00fcberzeugt. Mit dieser neuen Partnerschaft haben wir begonnen, ein ausgew\u00e4hltes Sortiment an Tonic-Kr\u00e4utern anzubieten.<\/p>\n<p>Seit wir uns entschieden haben, einige in China hergestellte Produkte in unser Sortiment aufzunehmen, erhalten wir verst\u00e4ndlicherweise E-Mails von Kunden, die ihre Besorgnis \u00fcber m\u00f6gliche Umweltverschmutzungen zum Ausdruck bringen. Als Reaktion darauf liegen f\u00fcr alle unsere in China hergestellten Produkte auf Anfrage Analysezertifikate vor, und wir haben in einem PDF-Dokument ein paar Worte zusammengestellt, die direkt auf diese Bedenken eingehen. Bitte klicken Sie auf den untenstehenden Link, um das vollst\u00e4ndige Dokument zu lesen:<\/p>\n<p><a title=\"Chinesische Beschaffungspolitik - Na'vi Organics\" href=\"https:\/\/cdn.shopify.com\/s\/files\/1\/1345\/0641\/files\/Chinese_Sourcing_Policy_Na_vi_Organics.pdf?8089518323479107043\" target=\"_blank\" rel=\"noopener noreferrer\">Chinesische Beschaffungspolitik &#8211; Na&#8217;vi Organics<\/a><\/p>\n<h3>Produkt-Analysen<\/h3>\n<p>Bitte klicken Sie auf den unten stehenden Link, um das Produktanalysezertifikat zu lesen.<\/p>\n<p><a href=\"https:\/\/dutchhealthstore.com\/wp-content\/uploads\/2019\/05\/Navi-Organics-Tonic-Gold-Herbal-Coffee-.pdf\" target=\"_blank\" rel=\"noopener noreferrer\"><img decoding=\"async\" class=\"alignleft wp-image-56302 size-full\" src=\"https:\/\/dutchhealthstore.com\/wp-content\/uploads\/2019\/05\/logo-pdf-navi-organics.jpg\" alt=\"logo pdf navi organics\" width=\"100\" height=\"104\"><\/a><\/p>\n","protected":false},"excerpt":{"rendered":"<p>Wir freuen uns sehr, Ihnen das zweite<strong> Tonic Herbal Elixir Powder<\/strong> vorstellen zu k\u00f6nnen.<\/p>\n<p>Dieses Elixier wurde aus der Basisformel der urspr\u00fcnglichen Tonic Gold-Mischung entwickelt und mit Heilpilzextrakten angereichert.<br \/>\nAlle in dieser Mischung verwendeten Pilzextrakte werden nur aus den Fruchtk\u00f6rpern hergestellt, und wo es vorteilhaft ist, doppelte Extraktionen durchzuf\u00fchren, wurden diese auch durchgef\u00fchrt.<\/p>\n","protected":false},"featured_media":56057,"comment_status":"open","ping_status":"closed","template":"","meta":[],"product_brand":[],"product_cat":[8473,10913,8983,1210,4618,8472,511,8789,4619],"product_tag":[4623,4624],"class_list":{"0":"post-75296","1":"product","2":"type-product","3":"status-publish","4":"has-post-thumbnail","6":"product_cat-health-de-2","7":"product_cat-immunity-colds-de","8":"product_cat-herbal-blends-de-2","9":"product_cat-marken","10":"product_cat-navi-organics-de","11":"product_cat-nutrition-de","12":"product_cat-produkte","13":"product_cat-superfoods-herbals-de-2","14":"product_cat-tonic-herbs-de-2","15":"product_tag-elixir-de","16":"product_tag-organic-de","17":"pa_brand-naviorganics-de","18":"pa_health-productype-immunity-colds-de","19":"pa_herbals-product-type-krautermischungen","20":"pa_remedies-cold-flu-de","21":"pa_size-80-g-de","23":"first","24":"outofstock","25":"taxable","26":"shipping-taxable","27":"purchasable","28":"product-type-simple"},"bundled_by":[],"bundle_stock_status":"outofstock","bundle_stock_quantity":0,"bundle_virtual":false,"bundle_layout":"","bundle_add_to_cart_form_location":"","bundle_editable_in_cart":false,"bundle_sold_individually_context":"","bundle_item_grouping":"","bundle_min_size":"","bundle_max_size":"","bundle_price":[],"bundled_items":[],"bundle_sell_ids":[],"atum_controlled":true,"out_stock_date":"2026-03-27 17:02:17","out_stock_threshold":null,"inheritable":false,"stock_on_hold":1,"sold_today":0,"sales_last_days":0,"out_stock_days":10,"lost_sales":0,"update_date":"2026-04-07T01:47:00","atum_locations":[],"atum_stock_status":"outofstock","restock_status":false,"low_stock_amount":"","sales_update_date":"2026-04-07T01:47:00","calc_backorders":null,"group_of_quantity":0,"min_quantity":0,"max_quantity":"","exclude_order_quantity_value_rules":"no","exclude_category_quantity_rules":"no","combine_variations":"no","yoast_head":"<!-- This site is optimized with the Yoast SEO Premium plugin v26.5 (Yoast SEO v26.5) - https:\/\/yoast.com\/wordpress\/plugins\/seo\/ -->\n<title>Tonic Gold M - Herbal Coffee - Medicinal Mushroom Elixir | Na\u00b4vi Organics<\/title>\n<meta name=\"description\" content=\"Dieses Elixier hat sich aus der Basisformel unserer urspr\u00fcnglichen Tonic Gold-Mischung entwickelt, der Heilpilzextrakte hinzugef\u00fcgt wurden.\" \/>\n<meta name=\"robots\" content=\"index, follow, max-snippet:-1, max-image-preview:large, max-video-preview:-1\" \/>\n<link rel=\"canonical\" href=\"https:\/\/dutchhealthstore.com\/de\/product\/tonic-gold-m-herbal-coffee-medicinal-mushroom-elixir-immune-boosting-antioxidant\/\" \/>\n<meta property=\"og:locale\" content=\"de_DE\" \/>\n<meta property=\"og:type\" content=\"article\" \/>\n<meta property=\"og:title\" content=\"Tonic Gold M - Herbal Coffee - Medicinal Mushroom Elixir - Immune Boosting Antioxidant - Dutch Health Store\" \/>\n<meta property=\"og:description\" content=\"Dieses Elixier hat sich aus der Basisformel unserer urspr\u00fcnglichen Tonic Gold-Mischung entwickelt, der Heilpilzextrakte hinzugef\u00fcgt wurden.\" \/>\n<meta property=\"og:url\" content=\"https:\/\/dutchhealthstore.com\/de\/product\/tonic-gold-m-herbal-coffee-medicinal-mushroom-elixir-immune-boosting-antioxidant\/\" \/>\n<meta property=\"og:site_name\" content=\"Dutch Health Store\" \/>\n<meta property=\"article:publisher\" content=\"https:\/\/www.instagram.com\/dutchhealthstore\/\" \/>\n<meta property=\"article:modified_time\" content=\"2025-11-21T21:14:13+00:00\" \/>\n<meta property=\"og:image\" content=\"https:\/\/dutchhealthstore.com\/wp-content\/uploads\/2019\/05\/Navi-Organics-Tonic-Gold-M-1-Herbal-Coffee-Medicinal-Mushroom-Elixir-Immune-Boosting-Antioxidant.jpg\" \/>\n\t<meta property=\"og:image:width\" content=\"510\" \/>\n\t<meta property=\"og:image:height\" content=\"600\" \/>\n\t<meta property=\"og:image:type\" content=\"image\/jpeg\" \/>\n<meta name=\"twitter:card\" content=\"summary_large_image\" \/>\n<meta name=\"twitter:label1\" content=\"Preis\" \/>\n\t<meta name=\"twitter:data1\" content=\"&euro;34,00\" \/>\n\t<meta name=\"twitter:label2\" content=\"Verf\u00fcgbarkeit\" \/>\n\t<meta name=\"twitter:data2\" content=\"ausverkauft\" \/>\n<script type=\"application\/ld+json\" class=\"yoast-schema-graph\">{\"@context\":\"https:\/\/schema.org\",\"@graph\":[{\"@type\":\"WebPage\",\"@id\":\"https:\/\/dutchhealthstore.com\/de\/product\/tonic-gold-m-herbal-coffee-medicinal-mushroom-elixir-immune-boosting-antioxidant\/\",\"url\":\"https:\/\/dutchhealthstore.com\/de\/product\/tonic-gold-m-herbal-coffee-medicinal-mushroom-elixir-immune-boosting-antioxidant\/\",\"name\":\"Tonic Gold M - Herbal Coffee - Medicinal Mushroom Elixir | Na\u00b4vi Organics\",\"isPartOf\":{\"@id\":\"https:\/\/dutchhealthstore.com\/de\/#website\"},\"primaryImageOfPage\":{\"@id\":\"https:\/\/dutchhealthstore.com\/de\/product\/tonic-gold-m-herbal-coffee-medicinal-mushroom-elixir-immune-boosting-antioxidant\/#primaryimage\"},\"image\":{\"@id\":\"https:\/\/dutchhealthstore.com\/de\/product\/tonic-gold-m-herbal-coffee-medicinal-mushroom-elixir-immune-boosting-antioxidant\/#primaryimage\"},\"thumbnailUrl\":\"https:\/\/dutchhealthstore.com\/wp-content\/uploads\/2019\/05\/Navi-Organics-Tonic-Gold-M-1-Herbal-Coffee-Medicinal-Mushroom-Elixir-Immune-Boosting-Antioxidant.jpg\",\"datePublished\":\"2019-05-02T02:06:28+00:00\",\"dateModified\":\"2025-11-21T21:14:13+00:00\",\"description\":\"Dieses Elixier hat sich aus der Basisformel unserer urspr\u00fcnglichen Tonic Gold-Mischung entwickelt, der Heilpilzextrakte hinzugef\u00fcgt wurden.\",\"breadcrumb\":{\"@id\":\"https:\/\/dutchhealthstore.com\/de\/product\/tonic-gold-m-herbal-coffee-medicinal-mushroom-elixir-immune-boosting-antioxidant\/#breadcrumb\"},\"inLanguage\":\"de\",\"potentialAction\":[{\"@type\":\"ReadAction\",\"target\":[\"https:\/\/dutchhealthstore.com\/de\/product\/tonic-gold-m-herbal-coffee-medicinal-mushroom-elixir-immune-boosting-antioxidant\/\"]}]},{\"@type\":\"ImageObject\",\"inLanguage\":\"de\",\"@id\":\"https:\/\/dutchhealthstore.com\/de\/product\/tonic-gold-m-herbal-coffee-medicinal-mushroom-elixir-immune-boosting-antioxidant\/#primaryimage\",\"url\":\"https:\/\/dutchhealthstore.com\/wp-content\/uploads\/2019\/05\/Navi-Organics-Tonic-Gold-M-1-Herbal-Coffee-Medicinal-Mushroom-Elixir-Immune-Boosting-Antioxidant.jpg\",\"contentUrl\":\"https:\/\/dutchhealthstore.com\/wp-content\/uploads\/2019\/05\/Navi-Organics-Tonic-Gold-M-1-Herbal-Coffee-Medicinal-Mushroom-Elixir-Immune-Boosting-Antioxidant.jpg\",\"width\":510,\"height\":600,\"caption\":\"Na\u00b4Vi Organics - Tonic Gold M - 1 Herbal Coffee - Medicinal Mushroom Elixir - Immune Boosting Antioxidant\"},{\"@type\":\"BreadcrumbList\",\"@id\":\"https:\/\/dutchhealthstore.com\/de\/product\/tonic-gold-m-herbal-coffee-medicinal-mushroom-elixir-immune-boosting-antioxidant\/#breadcrumb\",\"itemListElement\":[{\"@type\":\"ListItem\",\"position\":1,\"name\":\"Home\",\"item\":\"https:\/\/dutchhealthstore.com\/de\/\"},{\"@type\":\"ListItem\",\"position\":2,\"name\":\"Shop\",\"item\":\"https:\/\/dutchhealthstore.com\/de\/shop-2\/\"},{\"@type\":\"ListItem\",\"position\":3,\"name\":\"Tonic Gold M &#8211; Herbal Coffee &#8211; Medicinal Mushroom Elixir &#8211; Immune Boosting Antioxidant\"}]},{\"@type\":\"WebSite\",\"@id\":\"https:\/\/dutchhealthstore.com\/de\/#website\",\"url\":\"https:\/\/dutchhealthstore.com\/de\/\",\"name\":\"Dutch Health Store\",\"description\":\"Enhance Your Beauty with Organic &amp; Natural Skincare\",\"publisher\":{\"@id\":\"https:\/\/dutchhealthstore.com\/de\/#organization\"},\"potentialAction\":[{\"@type\":\"SearchAction\",\"target\":{\"@type\":\"EntryPoint\",\"urlTemplate\":\"https:\/\/dutchhealthstore.com\/de\/?s={search_term_string}\"},\"query-input\":{\"@type\":\"PropertyValueSpecification\",\"valueRequired\":true,\"valueName\":\"search_term_string\"}}],\"inLanguage\":\"de\"},{\"@type\":\"Organization\",\"@id\":\"https:\/\/dutchhealthstore.com\/de\/#organization\",\"name\":\"Dutch Health Store\",\"url\":\"https:\/\/dutchhealthstore.com\/de\/\",\"logo\":{\"@type\":\"ImageObject\",\"inLanguage\":\"de\",\"@id\":\"https:\/\/dutchhealthstore.com\/de\/#\/schema\/logo\/image\/\",\"url\":\"https:\/\/dutchhealthstore.com\/wp-content\/uploads\/2020\/08\/logo-dutchhealthstore-jpg-e1599484957574.jpg\",\"contentUrl\":\"https:\/\/dutchhealthstore.com\/wp-content\/uploads\/2020\/08\/logo-dutchhealthstore-jpg-e1599484957574.jpg\",\"width\":400,\"height\":62,\"caption\":\"Dutch Health Store\"},\"image\":{\"@id\":\"https:\/\/dutchhealthstore.com\/de\/#\/schema\/logo\/image\/\"},\"sameAs\":[\"https:\/\/www.instagram.com\/dutchhealthstore\/\",\"https:\/\/www.facebook.com\/dutchhealthstore\"]}]}<\/script>\n<meta property=\"product:brand\" content=\"Na\u00b4Vi Organics\" \/>\n<meta property=\"product:price:amount\" content=\"34.00\" \/>\n<meta property=\"product:price:currency\" content=\"EUR\" \/>\n<meta property=\"og:availability\" content=\"out of stock\" \/>\n<meta property=\"product:availability\" content=\"out of stock\" \/>\n<meta property=\"product:condition\" content=\"new\" \/>\n<!-- \/ Yoast SEO Premium plugin. -->","yoast_head_json":{"title":"Tonic Gold M - Herbal Coffee - Medicinal Mushroom Elixir | Na\u00b4vi Organics","description":"Dieses Elixier hat sich aus der Basisformel unserer urspr\u00fcnglichen Tonic Gold-Mischung entwickelt, der Heilpilzextrakte hinzugef\u00fcgt wurden.","robots":{"index":"index","follow":"follow","max-snippet":"max-snippet:-1","max-image-preview":"max-image-preview:large","max-video-preview":"max-video-preview:-1"},"canonical":"https:\/\/dutchhealthstore.com\/de\/product\/tonic-gold-m-herbal-coffee-medicinal-mushroom-elixir-immune-boosting-antioxidant\/","og_locale":"de_DE","og_type":"article","og_title":"Tonic Gold M - Herbal Coffee - Medicinal Mushroom Elixir - Immune Boosting Antioxidant - Dutch Health Store","og_description":"Dieses Elixier hat sich aus der Basisformel unserer urspr\u00fcnglichen Tonic Gold-Mischung entwickelt, der Heilpilzextrakte hinzugef\u00fcgt wurden.","og_url":"https:\/\/dutchhealthstore.com\/de\/product\/tonic-gold-m-herbal-coffee-medicinal-mushroom-elixir-immune-boosting-antioxidant\/","og_site_name":"Dutch Health Store","article_publisher":"https:\/\/www.instagram.com\/dutchhealthstore\/","article_modified_time":"2025-11-21T21:14:13+00:00","og_image":[{"width":510,"height":600,"url":"https:\/\/dutchhealthstore.com\/wp-content\/uploads\/2019\/05\/Navi-Organics-Tonic-Gold-M-1-Herbal-Coffee-Medicinal-Mushroom-Elixir-Immune-Boosting-Antioxidant.jpg","type":"image\/jpeg"}],"twitter_card":"summary_large_image","twitter_misc":{"Preis":"&euro;34,00","Verf\u00fcgbarkeit":"ausverkauft"},"schema":{"@context":"https:\/\/schema.org","@graph":[{"@type":"WebPage","@id":"https:\/\/dutchhealthstore.com\/de\/product\/tonic-gold-m-herbal-coffee-medicinal-mushroom-elixir-immune-boosting-antioxidant\/","url":"https:\/\/dutchhealthstore.com\/de\/product\/tonic-gold-m-herbal-coffee-medicinal-mushroom-elixir-immune-boosting-antioxidant\/","name":"Tonic Gold M - Herbal Coffee - Medicinal Mushroom Elixir | Na\u00b4vi Organics","isPartOf":{"@id":"https:\/\/dutchhealthstore.com\/de\/#website"},"primaryImageOfPage":{"@id":"https:\/\/dutchhealthstore.com\/de\/product\/tonic-gold-m-herbal-coffee-medicinal-mushroom-elixir-immune-boosting-antioxidant\/#primaryimage"},"image":{"@id":"https:\/\/dutchhealthstore.com\/de\/product\/tonic-gold-m-herbal-coffee-medicinal-mushroom-elixir-immune-boosting-antioxidant\/#primaryimage"},"thumbnailUrl":"https:\/\/dutchhealthstore.com\/wp-content\/uploads\/2019\/05\/Navi-Organics-Tonic-Gold-M-1-Herbal-Coffee-Medicinal-Mushroom-Elixir-Immune-Boosting-Antioxidant.jpg","datePublished":"2019-05-02T02:06:28+00:00","dateModified":"2025-11-21T21:14:13+00:00","description":"Dieses Elixier hat sich aus der Basisformel unserer urspr\u00fcnglichen Tonic Gold-Mischung entwickelt, der Heilpilzextrakte hinzugef\u00fcgt wurden.","breadcrumb":{"@id":"https:\/\/dutchhealthstore.com\/de\/product\/tonic-gold-m-herbal-coffee-medicinal-mushroom-elixir-immune-boosting-antioxidant\/#breadcrumb"},"inLanguage":"de","potentialAction":[{"@type":"ReadAction","target":["https:\/\/dutchhealthstore.com\/de\/product\/tonic-gold-m-herbal-coffee-medicinal-mushroom-elixir-immune-boosting-antioxidant\/"]}]},{"@type":"ImageObject","inLanguage":"de","@id":"https:\/\/dutchhealthstore.com\/de\/product\/tonic-gold-m-herbal-coffee-medicinal-mushroom-elixir-immune-boosting-antioxidant\/#primaryimage","url":"https:\/\/dutchhealthstore.com\/wp-content\/uploads\/2019\/05\/Navi-Organics-Tonic-Gold-M-1-Herbal-Coffee-Medicinal-Mushroom-Elixir-Immune-Boosting-Antioxidant.jpg","contentUrl":"https:\/\/dutchhealthstore.com\/wp-content\/uploads\/2019\/05\/Navi-Organics-Tonic-Gold-M-1-Herbal-Coffee-Medicinal-Mushroom-Elixir-Immune-Boosting-Antioxidant.jpg","width":510,"height":600,"caption":"Na\u00b4Vi Organics - Tonic Gold M - 1 Herbal Coffee - Medicinal Mushroom Elixir - Immune Boosting Antioxidant"},{"@type":"BreadcrumbList","@id":"https:\/\/dutchhealthstore.com\/de\/product\/tonic-gold-m-herbal-coffee-medicinal-mushroom-elixir-immune-boosting-antioxidant\/#breadcrumb","itemListElement":[{"@type":"ListItem","position":1,"name":"Home","item":"https:\/\/dutchhealthstore.com\/de\/"},{"@type":"ListItem","position":2,"name":"Shop","item":"https:\/\/dutchhealthstore.com\/de\/shop-2\/"},{"@type":"ListItem","position":3,"name":"Tonic Gold M &#8211; Herbal Coffee &#8211; Medicinal Mushroom Elixir &#8211; Immune Boosting Antioxidant"}]},{"@type":"WebSite","@id":"https:\/\/dutchhealthstore.com\/de\/#website","url":"https:\/\/dutchhealthstore.com\/de\/","name":"Dutch Health Store","description":"Enhance Your Beauty with Organic &amp; Natural Skincare","publisher":{"@id":"https:\/\/dutchhealthstore.com\/de\/#organization"},"potentialAction":[{"@type":"SearchAction","target":{"@type":"EntryPoint","urlTemplate":"https:\/\/dutchhealthstore.com\/de\/?s={search_term_string}"},"query-input":{"@type":"PropertyValueSpecification","valueRequired":true,"valueName":"search_term_string"}}],"inLanguage":"de"},{"@type":"Organization","@id":"https:\/\/dutchhealthstore.com\/de\/#organization","name":"Dutch Health Store","url":"https:\/\/dutchhealthstore.com\/de\/","logo":{"@type":"ImageObject","inLanguage":"de","@id":"https:\/\/dutchhealthstore.com\/de\/#\/schema\/logo\/image\/","url":"https:\/\/dutchhealthstore.com\/wp-content\/uploads\/2020\/08\/logo-dutchhealthstore-jpg-e1599484957574.jpg","contentUrl":"https:\/\/dutchhealthstore.com\/wp-content\/uploads\/2020\/08\/logo-dutchhealthstore-jpg-e1599484957574.jpg","width":400,"height":62,"caption":"Dutch Health Store"},"image":{"@id":"https:\/\/dutchhealthstore.com\/de\/#\/schema\/logo\/image\/"},"sameAs":["https:\/\/www.instagram.com\/dutchhealthstore\/","https:\/\/www.facebook.com\/dutchhealthstore"]}]},"product_brand":"Na\u00b4Vi Organics","product_price_amount":"34.00","product_price_currency":"EUR","og_availability":"out of stock","product_availability":"out of stock","product_condition":"new"},"_links":{"self":[{"href":"https:\/\/dutchhealthstore.com\/de\/wp-json\/wp\/v2\/product\/75296","targetHints":{"allow":["GET"]}}],"collection":[{"href":"https:\/\/dutchhealthstore.com\/de\/wp-json\/wp\/v2\/product"}],"about":[{"href":"https:\/\/dutchhealthstore.com\/de\/wp-json\/wp\/v2\/types\/product"}],"replies":[{"embeddable":true,"href":"https:\/\/dutchhealthstore.com\/de\/wp-json\/wp\/v2\/comments?post=75296"}],"wp:featuredmedia":[{"embeddable":true,"href":"https:\/\/dutchhealthstore.com\/de\/wp-json\/wp\/v2\/media\/56057"}],"wp:attachment":[{"href":"https:\/\/dutchhealthstore.com\/de\/wp-json\/wp\/v2\/media?parent=75296"}],"wp:term":[{"taxonomy":"product_brand","embeddable":true,"href":"https:\/\/dutchhealthstore.com\/de\/wp-json\/wp\/v2\/product_brand?post=75296"},{"taxonomy":"product_cat","embeddable":true,"href":"https:\/\/dutchhealthstore.com\/de\/wp-json\/wp\/v2\/product_cat?post=75296"},{"taxonomy":"product_tag","embeddable":true,"href":"https:\/\/dutchhealthstore.com\/de\/wp-json\/wp\/v2\/product_tag?post=75296"}],"curies":[{"name":"wp","href":"https:\/\/api.w.org\/{rel}","templated":true}]}}