{"id":66705,"date":"2018-02-10T20:08:46","date_gmt":"2018-02-10T19:08:46","guid":{"rendered":"https:\/\/dutchhealthstore.com\/product\/frankincense-serrata-essential-oil\/"},"modified":"2026-02-22T17:41:44","modified_gmt":"2026-02-22T16:41:44","slug":"frankincense-serrata-essential-oil","status":"publish","type":"product","link":"https:\/\/dutchhealthstore.com\/de\/product\/frankincense-serrata-essential-oil\/","title":{"rendered":"Frankincense Serrata Essential Oil"},"content":{"rendered":"<p><img decoding=\"async\" class=\"alignright size-full wp-image-37041\" src=\"https:\/\/dutchhealthstore.com\/wp-content\/uploads\/2018\/04\/Living_Libations-1.png\" alt=\"Organic &amp; Natural Beautyproducts - Living Libations\" width=\"175\" height=\"82\"><strong>Botanischer Name:<\/strong> Boswellia serrata<br \/>\n<strong>Botanische Familie:<\/strong> Burseraceae<br \/>\n<strong>Extraktionsverfahren:<\/strong> Hydro-destilliert<br \/>\n<strong>Teil der Pflanze Destilliert:<\/strong> Harz<br \/>\n<strong>Herkunftsland:<\/strong> Indien<br \/>\n<strong>Anbaumethode:<\/strong> Bio<br \/>\n<strong>Zusammensetzung:<\/strong> 100% Boswellia serrata<br \/>\n<strong>Konsistenz:<\/strong> D\u00fcnn<\/p>\n<h3>Beschreibung des Duftes<\/h3>\n<p>S\u00fc\u00dfes, harzig-koniferenartiges Bouquet mit einem luftigen, balsamischen Unterton.<\/p>\n<h3>Gut mischbar mit<\/h3>\n<p>Grapefruit, Rose Otto, Ylang, Tannen, Fichte, Sanddorn, Strohblume und Kamille.<\/p>\n<h3>Verwendet<\/h3>\n<p>Beruhigt Bef\u00fcrchtungen, k\u00fchlt Spannungen und vertreibt Sorgen. Ein Superheld der Hautpflege. Tupfen Sie sie auf feine Linien, Narben und Anzeichen vorzeitiger Hautalterung auf, um zus\u00e4tzliche Feuchtigkeit zu erhalten. Sorgt f\u00fcr frischen Atem. Hervorragend f\u00fcr die Mundpflege geeignet. G\u00f6ttlich in Diffusoren. Eine klassische Badesch\u00f6nheit. Fantastisch in Salzpfeifen. Achtsam in der Mediation.<\/p>\n<p>Frankincense Serrata Essential Oil wird hydrodestilliert und aus dem Saft des indischen Weihrauchbaums gewonnen. Dieses heilige Elixier singt mit einer Leichtigkeit, die Lichtjahre von unserem somalischen Weihrauch entfernt ist. W\u00e4hrend unser traditioneller Weihrauch reichhaltig und tiefgr\u00fcndig ist, ist Weihrauch Serrata leicht und komplex. Es tanzt mit mittleren Noten von Zitrusfr\u00fcchten und Blumen und bietet Pflege f\u00fcr Haut und K\u00f6rper.<\/p>\n<p>Wie Boswellia carterii und Boswellia sacra ist auch Boswellia serrata ein heiliges, spirituelles Chrisam. W\u00e4hrend das \u00e4therische \u00d6l von Boswellia Carterii Widerst\u00e4nde abbaut und die Haut heiligt, ist das Frankincense Serrata Essential besonders geeignet, um R\u00f6tungen, Hitze, trockene Haut, feine Linien und Schwellungen zu lindern.<\/p>\n<p>Weihrauch Serrata ist eine Inspiration, eine Beschw\u00f6rung, ein unvergleichliches Kraftpaket f\u00fcr die Haut, die zus\u00e4tzliche St\u00e4rke und Pflege braucht!<\/p>\n<h3>Organic Ingredients<\/h3>\n<p>\u00c4therisches \u00d6l aus 100% Weihrauch (Boswellia serrata).<\/p>\n<p style=\"text-align: center;\"><em>&#8222;Die Liebe ist weiser als die Philosophie, obwohl sie weise ist, und m\u00e4chtiger als die Macht,<br \/>\nobwohl er m\u00e4chtig ist. Flammenfarbig sind seine Fl\u00fcgel, und farbig wie die Flammen ist sein K\u00f6rper.<br \/>\nSeine Lippen sind s\u00fc\u00df wie Honig, und sein Atem ist wie Weihrauch.&#8220;<br \/>\n<\/em>\u223c Oscar Wilde, <strong>The Nightingale and the Rose<\/strong><\/p>\n<p style=\"text-align: center;\"><em>&#8222;In einer Studie, die 2011 in der Zeitschrift Cancer ver\u00f6ffentlicht wurde, untersuchten \u00e4gyptische Forscher die F\u00e4higkeit von Boswellia<br \/>\nzur Verringerung von Hirn\u00f6demen im Zusammenhang mit Strahlenbehandlungen bei Hirntumoren.<br \/>\nDie Forscher kamen zu dem Schluss, dass BS (indischer Weihrauch) f\u00fcr Patienten, die eine Hirnbestrahlung erhalten, m\u00f6glicherweise steroidsparend sein k\u00f6nnte&#8220;.<\/em><br \/>\n~ Myrna Chandler Goldstein und Mark A. Goldstein M.D., <strong>Healthy Herbs<\/strong><\/p>\n<p>&nbsp;<\/p>\n<p><img fetchpriority=\"high\" decoding=\"async\" class=\"size-full wp-image-31577 aligncenter\" src=\"https:\/\/dutchhealthstore.com\/wp-content\/uploads\/2018\/03\/organic_big.png\" alt=\"Organic and Natural - Living Libations\" width=\"623\" height=\"103\" srcset=\"https:\/\/dutchhealthstore.com\/wp-content\/uploads\/2018\/03\/organic_big.png 623w, https:\/\/dutchhealthstore.com\/wp-content\/uploads\/2018\/03\/organic_big-510x84.png 510w, https:\/\/dutchhealthstore.com\/wp-content\/uploads\/2018\/03\/organic_big-600x99.png 600w, https:\/\/dutchhealthstore.com\/wp-content\/uploads\/2018\/03\/organic_big-350x58.png 350w\" sizes=\"(max-width: 623px) 100vw, 623px\" \/><\/p>\n","protected":false},"excerpt":{"rendered":"<p>Makelloses <strong>Frankincense Serrata Essential Oil<\/strong> hat seit Tausenden von Jahren eine ehrw\u00fcrdige Position im Herzen der ayurvedischen Pflege inne. Dieser Weihrauch hat eine direkte Verbindung zu den heiligen S\u00e4ften des fr\u00fchen Indiens. Weihrauch Serrata kann zur Salbung des K\u00f6rpers w\u00e4hrend des Gebets und der Meditation verwendet werden, obwohl sein Hauptnutzen in der K\u00f6rper- und Hautpflege liegt.<\/p>\n","protected":false},"featured_media":113406,"comment_status":"open","ping_status":"closed","template":"","meta":[],"product_brand":[],"product_cat":[1508,1546,6737,1493,1210,511,6736],"product_tag":[1547],"class_list":{"0":"post-66705","1":"product","2":"type-product","3":"status-publish","4":"has-post-thumbnail","6":"product_cat-aetherische-oele-living-libations","7":"product_cat-essential-oils-living-libations-de","8":"product_cat-essential-oils-de-2","9":"product_cat-living-libations-deutschland","10":"product_cat-marken","11":"product_cat-produkte","12":"product_cat-wellness-de","13":"product_tag-essential-oil-de","14":"pa_bestsellers-goed-de","15":"pa_brand-livinglibations-de","16":"pa_essential-oils-product-type-essential-oils-de","17":"pa_size-15-ml-de-2","18":"pa_size-5-ml-de","20":"first","21":"instock","22":"taxable","23":"shipping-taxable","24":"purchasable","25":"product-type-variable"},"bundled_by":[],"bundle_stock_status":"instock","bundle_stock_quantity":null,"bundle_virtual":false,"bundle_layout":"","bundle_add_to_cart_form_location":"","bundle_editable_in_cart":false,"bundle_sold_individually_context":"","bundle_item_grouping":"","bundle_min_size":"","bundle_max_size":"","bundle_price":[],"bundled_items":[],"bundle_sell_ids":[],"atum_controlled":true,"out_stock_date":null,"out_stock_threshold":null,"inheritable":true,"stock_on_hold":0,"sold_today":0,"sales_last_days":0,"out_stock_days":0,"lost_sales":0,"update_date":"2026-04-25T00:12:59","atum_locations":[],"atum_stock_status":"instock","restock_status":false,"low_stock_amount":"","sales_update_date":"2026-04-25T00:12:59","calc_backorders":null,"group_of_quantity":0,"min_quantity":0,"max_quantity":"","exclude_order_quantity_value_rules":"no","exclude_category_quantity_rules":"no","combine_variations":"no","yoast_head":"<!-- This site is optimized with the Yoast SEO Premium plugin v26.5 (Yoast SEO v26.5) - https:\/\/yoast.com\/wordpress\/plugins\/seo\/ -->\n<title>Frankincense Serrata Essential Oil | Living Libations<\/title>\n<meta name=\"description\" content=\"Frankincense Serrata Essential Oil ist besonders geeignet, um R\u00f6tungen, Hitze, trockene Haut, feine Linien und Schwellungen zu lindern.\" \/>\n<meta name=\"robots\" content=\"index, follow, max-snippet:-1, max-image-preview:large, max-video-preview:-1\" \/>\n<link rel=\"canonical\" href=\"https:\/\/dutchhealthstore.com\/de\/product\/frankincense-serrata-essential-oil\/\" \/>\n<meta property=\"og:locale\" content=\"de_DE\" \/>\n<meta property=\"og:type\" content=\"article\" \/>\n<meta property=\"og:title\" content=\"Frankincense Serrata Essential Oil - Dutch Health Store\" \/>\n<meta property=\"og:description\" content=\"Frankincense Serrata Essential Oil ist besonders geeignet, um R\u00f6tungen, Hitze, trockene Haut, feine Linien und Schwellungen zu lindern.\" \/>\n<meta property=\"og:url\" content=\"https:\/\/dutchhealthstore.com\/de\/product\/frankincense-serrata-essential-oil\/\" \/>\n<meta property=\"og:site_name\" content=\"Dutch Health Store\" \/>\n<meta property=\"article:publisher\" content=\"https:\/\/www.instagram.com\/dutchhealthstore\/\" \/>\n<meta property=\"article:modified_time\" content=\"2026-02-22T16:41:44+00:00\" \/>\n<meta property=\"og:image\" content=\"https:\/\/dutchhealthstore.com\/wp-content\/uploads\/2018\/02\/Living-Libations-Frankincense-Serrata-Essential-Oil-e1594648611117.png\" \/>\n\t<meta property=\"og:image:width\" content=\"500\" \/>\n\t<meta property=\"og:image:height\" content=\"500\" \/>\n\t<meta property=\"og:image:type\" content=\"image\/jpeg\" \/>\n<meta name=\"twitter:card\" content=\"summary_large_image\" \/>\n<meta name=\"twitter:label1\" content=\"Verf\u00fcgbarkeit\" \/>\n\t<meta name=\"twitter:data1\" content=\"Auf Lager\" \/>\n<script type=\"application\/ld+json\" class=\"yoast-schema-graph\">{\"@context\":\"https:\/\/schema.org\",\"@graph\":[{\"@type\":\"WebPage\",\"@id\":\"https:\/\/dutchhealthstore.com\/de\/product\/frankincense-serrata-essential-oil\/\",\"url\":\"https:\/\/dutchhealthstore.com\/de\/product\/frankincense-serrata-essential-oil\/\",\"name\":\"Frankincense Serrata Essential Oil | Living Libations\",\"isPartOf\":{\"@id\":\"https:\/\/dutchhealthstore.com\/de\/#website\"},\"primaryImageOfPage\":{\"@id\":\"https:\/\/dutchhealthstore.com\/de\/product\/frankincense-serrata-essential-oil\/#primaryimage\"},\"image\":{\"@id\":\"https:\/\/dutchhealthstore.com\/de\/product\/frankincense-serrata-essential-oil\/#primaryimage\"},\"thumbnailUrl\":\"https:\/\/dutchhealthstore.com\/wp-content\/uploads\/2018\/02\/Living-Libations-Frankincense-Serrata-Essential-Oil-e1594648611117.png\",\"datePublished\":\"2018-02-10T19:08:46+00:00\",\"dateModified\":\"2026-02-22T16:41:44+00:00\",\"description\":\"Frankincense Serrata Essential Oil ist besonders geeignet, um R\u00f6tungen, Hitze, trockene Haut, feine Linien und Schwellungen zu lindern.\",\"breadcrumb\":{\"@id\":\"https:\/\/dutchhealthstore.com\/de\/product\/frankincense-serrata-essential-oil\/#breadcrumb\"},\"inLanguage\":\"de\",\"potentialAction\":[{\"@type\":\"ReadAction\",\"target\":[\"https:\/\/dutchhealthstore.com\/de\/product\/frankincense-serrata-essential-oil\/\"]}]},{\"@type\":\"ImageObject\",\"inLanguage\":\"de\",\"@id\":\"https:\/\/dutchhealthstore.com\/de\/product\/frankincense-serrata-essential-oil\/#primaryimage\",\"url\":\"https:\/\/dutchhealthstore.com\/wp-content\/uploads\/2018\/02\/Living-Libations-Frankincense-Serrata-Essential-Oil-e1594648611117.png\",\"contentUrl\":\"https:\/\/dutchhealthstore.com\/wp-content\/uploads\/2018\/02\/Living-Libations-Frankincense-Serrata-Essential-Oil-e1594648611117.png\",\"width\":500,\"height\":500,\"caption\":\"Living Libations Frankincense Serrata Essential Oil\"},{\"@type\":\"BreadcrumbList\",\"@id\":\"https:\/\/dutchhealthstore.com\/de\/product\/frankincense-serrata-essential-oil\/#breadcrumb\",\"itemListElement\":[{\"@type\":\"ListItem\",\"position\":1,\"name\":\"Home\",\"item\":\"https:\/\/dutchhealthstore.com\/de\/\"},{\"@type\":\"ListItem\",\"position\":2,\"name\":\"Shop\",\"item\":\"https:\/\/dutchhealthstore.com\/de\/shop-2\/\"},{\"@type\":\"ListItem\",\"position\":3,\"name\":\"Frankincense Serrata Essential Oil\"}]},{\"@type\":\"WebSite\",\"@id\":\"https:\/\/dutchhealthstore.com\/de\/#website\",\"url\":\"https:\/\/dutchhealthstore.com\/de\/\",\"name\":\"Dutch Health Store\",\"description\":\"Enhance Your Beauty with Organic &amp; Natural Skincare\",\"publisher\":{\"@id\":\"https:\/\/dutchhealthstore.com\/de\/#organization\"},\"potentialAction\":[{\"@type\":\"SearchAction\",\"target\":{\"@type\":\"EntryPoint\",\"urlTemplate\":\"https:\/\/dutchhealthstore.com\/de\/?s={search_term_string}\"},\"query-input\":{\"@type\":\"PropertyValueSpecification\",\"valueRequired\":true,\"valueName\":\"search_term_string\"}}],\"inLanguage\":\"de\"},{\"@type\":\"Organization\",\"@id\":\"https:\/\/dutchhealthstore.com\/de\/#organization\",\"name\":\"Dutch Health Store\",\"url\":\"https:\/\/dutchhealthstore.com\/de\/\",\"logo\":{\"@type\":\"ImageObject\",\"inLanguage\":\"de\",\"@id\":\"https:\/\/dutchhealthstore.com\/de\/#\/schema\/logo\/image\/\",\"url\":\"https:\/\/dutchhealthstore.com\/wp-content\/uploads\/2020\/08\/logo-dutchhealthstore-jpg-e1599484957574.jpg\",\"contentUrl\":\"https:\/\/dutchhealthstore.com\/wp-content\/uploads\/2020\/08\/logo-dutchhealthstore-jpg-e1599484957574.jpg\",\"width\":400,\"height\":62,\"caption\":\"Dutch Health Store\"},\"image\":{\"@id\":\"https:\/\/dutchhealthstore.com\/de\/#\/schema\/logo\/image\/\"},\"sameAs\":[\"https:\/\/www.instagram.com\/dutchhealthstore\/\",\"https:\/\/www.facebook.com\/dutchhealthstore\"]}]}<\/script>\n<meta property=\"product:brand\" content=\"Living Libations\" \/>\n<meta property=\"og:availability\" content=\"instock\" \/>\n<meta property=\"product:availability\" content=\"instock\" \/>\n<meta property=\"product:condition\" content=\"new\" \/>\n<!-- \/ Yoast SEO Premium plugin. -->","yoast_head_json":{"title":"Frankincense Serrata Essential Oil | Living Libations","description":"Frankincense Serrata Essential Oil ist besonders geeignet, um R\u00f6tungen, Hitze, trockene Haut, feine Linien und Schwellungen zu lindern.","robots":{"index":"index","follow":"follow","max-snippet":"max-snippet:-1","max-image-preview":"max-image-preview:large","max-video-preview":"max-video-preview:-1"},"canonical":"https:\/\/dutchhealthstore.com\/de\/product\/frankincense-serrata-essential-oil\/","og_locale":"de_DE","og_type":"article","og_title":"Frankincense Serrata Essential Oil - Dutch Health Store","og_description":"Frankincense Serrata Essential Oil ist besonders geeignet, um R\u00f6tungen, Hitze, trockene Haut, feine Linien und Schwellungen zu lindern.","og_url":"https:\/\/dutchhealthstore.com\/de\/product\/frankincense-serrata-essential-oil\/","og_site_name":"Dutch Health Store","article_publisher":"https:\/\/www.instagram.com\/dutchhealthstore\/","article_modified_time":"2026-02-22T16:41:44+00:00","og_image":[{"width":500,"height":500,"url":"https:\/\/dutchhealthstore.com\/wp-content\/uploads\/2018\/02\/Living-Libations-Frankincense-Serrata-Essential-Oil-e1594648611117.png","type":"image\/jpeg"}],"twitter_card":"summary_large_image","twitter_misc":{"Verf\u00fcgbarkeit":"Auf Lager"},"schema":{"@context":"https:\/\/schema.org","@graph":[{"@type":"WebPage","@id":"https:\/\/dutchhealthstore.com\/de\/product\/frankincense-serrata-essential-oil\/","url":"https:\/\/dutchhealthstore.com\/de\/product\/frankincense-serrata-essential-oil\/","name":"Frankincense Serrata Essential Oil | Living Libations","isPartOf":{"@id":"https:\/\/dutchhealthstore.com\/de\/#website"},"primaryImageOfPage":{"@id":"https:\/\/dutchhealthstore.com\/de\/product\/frankincense-serrata-essential-oil\/#primaryimage"},"image":{"@id":"https:\/\/dutchhealthstore.com\/de\/product\/frankincense-serrata-essential-oil\/#primaryimage"},"thumbnailUrl":"https:\/\/dutchhealthstore.com\/wp-content\/uploads\/2018\/02\/Living-Libations-Frankincense-Serrata-Essential-Oil-e1594648611117.png","datePublished":"2018-02-10T19:08:46+00:00","dateModified":"2026-02-22T16:41:44+00:00","description":"Frankincense Serrata Essential Oil ist besonders geeignet, um R\u00f6tungen, Hitze, trockene Haut, feine Linien und Schwellungen zu lindern.","breadcrumb":{"@id":"https:\/\/dutchhealthstore.com\/de\/product\/frankincense-serrata-essential-oil\/#breadcrumb"},"inLanguage":"de","potentialAction":[{"@type":"ReadAction","target":["https:\/\/dutchhealthstore.com\/de\/product\/frankincense-serrata-essential-oil\/"]}]},{"@type":"ImageObject","inLanguage":"de","@id":"https:\/\/dutchhealthstore.com\/de\/product\/frankincense-serrata-essential-oil\/#primaryimage","url":"https:\/\/dutchhealthstore.com\/wp-content\/uploads\/2018\/02\/Living-Libations-Frankincense-Serrata-Essential-Oil-e1594648611117.png","contentUrl":"https:\/\/dutchhealthstore.com\/wp-content\/uploads\/2018\/02\/Living-Libations-Frankincense-Serrata-Essential-Oil-e1594648611117.png","width":500,"height":500,"caption":"Living Libations Frankincense Serrata Essential Oil"},{"@type":"BreadcrumbList","@id":"https:\/\/dutchhealthstore.com\/de\/product\/frankincense-serrata-essential-oil\/#breadcrumb","itemListElement":[{"@type":"ListItem","position":1,"name":"Home","item":"https:\/\/dutchhealthstore.com\/de\/"},{"@type":"ListItem","position":2,"name":"Shop","item":"https:\/\/dutchhealthstore.com\/de\/shop-2\/"},{"@type":"ListItem","position":3,"name":"Frankincense Serrata Essential Oil"}]},{"@type":"WebSite","@id":"https:\/\/dutchhealthstore.com\/de\/#website","url":"https:\/\/dutchhealthstore.com\/de\/","name":"Dutch Health Store","description":"Enhance Your Beauty with Organic &amp; Natural Skincare","publisher":{"@id":"https:\/\/dutchhealthstore.com\/de\/#organization"},"potentialAction":[{"@type":"SearchAction","target":{"@type":"EntryPoint","urlTemplate":"https:\/\/dutchhealthstore.com\/de\/?s={search_term_string}"},"query-input":{"@type":"PropertyValueSpecification","valueRequired":true,"valueName":"search_term_string"}}],"inLanguage":"de"},{"@type":"Organization","@id":"https:\/\/dutchhealthstore.com\/de\/#organization","name":"Dutch Health Store","url":"https:\/\/dutchhealthstore.com\/de\/","logo":{"@type":"ImageObject","inLanguage":"de","@id":"https:\/\/dutchhealthstore.com\/de\/#\/schema\/logo\/image\/","url":"https:\/\/dutchhealthstore.com\/wp-content\/uploads\/2020\/08\/logo-dutchhealthstore-jpg-e1599484957574.jpg","contentUrl":"https:\/\/dutchhealthstore.com\/wp-content\/uploads\/2020\/08\/logo-dutchhealthstore-jpg-e1599484957574.jpg","width":400,"height":62,"caption":"Dutch Health Store"},"image":{"@id":"https:\/\/dutchhealthstore.com\/de\/#\/schema\/logo\/image\/"},"sameAs":["https:\/\/www.instagram.com\/dutchhealthstore\/","https:\/\/www.facebook.com\/dutchhealthstore"]}]},"product_brand":"Living Libations","og_availability":"instock","product_availability":"instock","product_condition":"new"},"_links":{"self":[{"href":"https:\/\/dutchhealthstore.com\/de\/wp-json\/wp\/v2\/product\/66705","targetHints":{"allow":["GET"]}}],"collection":[{"href":"https:\/\/dutchhealthstore.com\/de\/wp-json\/wp\/v2\/product"}],"about":[{"href":"https:\/\/dutchhealthstore.com\/de\/wp-json\/wp\/v2\/types\/product"}],"replies":[{"embeddable":true,"href":"https:\/\/dutchhealthstore.com\/de\/wp-json\/wp\/v2\/comments?post=66705"}],"wp:featuredmedia":[{"embeddable":true,"href":"https:\/\/dutchhealthstore.com\/de\/wp-json\/wp\/v2\/media\/113406"}],"wp:attachment":[{"href":"https:\/\/dutchhealthstore.com\/de\/wp-json\/wp\/v2\/media?parent=66705"}],"wp:term":[{"taxonomy":"product_brand","embeddable":true,"href":"https:\/\/dutchhealthstore.com\/de\/wp-json\/wp\/v2\/product_brand?post=66705"},{"taxonomy":"product_cat","embeddable":true,"href":"https:\/\/dutchhealthstore.com\/de\/wp-json\/wp\/v2\/product_cat?post=66705"},{"taxonomy":"product_tag","embeddable":true,"href":"https:\/\/dutchhealthstore.com\/de\/wp-json\/wp\/v2\/product_tag?post=66705"}],"curies":[{"name":"wp","href":"https:\/\/api.w.org\/{rel}","templated":true}]}}