{"id":66701,"date":"2018-02-10T21:08:51","date_gmt":"2018-02-10T20:08:51","guid":{"rendered":"https:\/\/dutchhealthstore.com\/product\/frankincense-sacred-essential-oil\/"},"modified":"2025-11-23T12:58:17","modified_gmt":"2025-11-23T11:58:17","slug":"frankincense-sacred-essential-oil","status":"publish","type":"product","link":"https:\/\/dutchhealthstore.com\/de\/product\/frankincense-sacred-essential-oil\/","title":{"rendered":"Frankincense, Sacred Essential Oil"},"content":{"rendered":"<p><strong><img decoding=\"async\" class=\"size-full wp-image-37041 alignright\" src=\"https:\/\/dutchhealthstore.com\/wp-content\/uploads\/2018\/04\/Living_Libations-1.png\" alt=\"Organic &amp; Natural Beautyproducts - Living Libations\" width=\"175\" height=\"82\">Botanischer Name:<\/strong> Boswellia sacra<br \/>\n<strong>Botanische Familie:<\/strong> Burseraceae<br \/>\n<strong>Extraktionsverfahren:<\/strong> Hydrodestilliert in Glasampullen<br \/>\n<strong>Teil der Pflanze Destilliert:<\/strong> Harz<br \/>\n<strong>Herkunftsland:<\/strong> Oman<br \/>\n<strong>Anbaumethode:<\/strong> Wildwachsend<\/p>\n<h3>Beschreibung des Duftes<\/h3>\n<p>Vollmundig, holzig, harzige W\u00e4rme, die tief in die Erde reicht, w\u00e4hrend sie mit einem Zitrusgefl\u00fcster in den wilden Himmel winkt.<\/p>\n<h3>Gut mischbar mit<\/h3>\n<p>Rose, Neroli, Sandelholz, Bergamotte, Kamille, Zistrose, Zypresse, Myrrhe, Strohblume, Palmarosa, Wei\u00dftanne, Palo Santo, Zeder und Salbei.<\/p>\n<a href=\"https:\/\/dutchhealthstore.com\/wp-content\/uploads\/2018\/02\/ANALYSIS-Frankincense-Sacred-Living-Libations-.pdf\" class=\"button primary is-primary is-small\"  >\n\t\t<span>ANALYSE DER \u00c4THERISCHEN \u00d6LE &gt;<\/span>\n\t<\/a>\n\n<h3>Verwendet<\/h3>\n<p>Super f\u00fcr die Hautpflege in jeder Hinsicht &#8211; beruhigt, lindert R\u00f6tungen und mildert das Erscheinungsbild von Narben, Flecken und feinen Linien. Eine wahre Badesch\u00f6nheit. Verteilen Sie es in der Luft f\u00fcr ein heiliges, gl\u00fcckliches Zuhause. So gut in einer Salzpfeife. Unverzichtbar f\u00fcr Flugreisen &#8211; verwenden Sie es mit unseren Aromamasken, Salzpfeifen oder als Balsam. Unverd\u00fcnnt oder verd\u00fcnnt auf die Haut auftragen. Cool in der Parf\u00fcmerie und gro\u00dfartig in der Meditation.<\/p>\n<p>Das \u00e4therische \u00d6l des Heiligen Weihrauchs wird ausschlie\u00dflich in Oman angebaut und exklusiv f\u00fcr uns in Glasgef\u00e4\u00dfen aus dem Saft einer uralten Weihrauchbaumart in der s\u00fcdlichen Dhofar-Region hydrodestilliert. Diese Region der Welt wird seit der Antike f\u00fcr die beste Weihrauchqualit\u00e4t der Welt verehrt und ist der einzige Ort auf der Erde, an dem diese Art von Weihrauch w\u00e4chst. Zwar ist jeder Weihrauch heilig, aber Weihrauch sacra wird aus Hainen destilliert, die eine f\u00fcnftausendj\u00e4hrige Geschichte haben, und diese Weihrauchart gilt als wertvoller und spirituell bedeutsamer als jede andere Form. Es wird gesagt, dass er in einer hohen Schwingungsfrequenz schwingt, was ihn zur optimalen Wahl f\u00fcr Meditation und Gebet macht. Heiliger Weihrauch ist herrlich erdend und \u00e4u\u00dferst beruhigend und soll die Weihrauchsorte sein, die die drei Weisen geschenkt bekamen.<\/p>\n<p>Da es nur in einem Teil der Welt w\u00e4chst, reisten H\u00e4ndler Tausende von Kilometern, um das kostbare Harz von Boswellia sacra zu erhalten, das zu einem bestimmten Zeitpunkt in der Geschichte als wertvoller als Gold angesehen wurde. Noch heute gilt im Oman der Anbau von heiligem Weihrauch auf dem eigenen Land als Zeichen des Segens und des Gl\u00fccks.<\/p>\n<p>Vor kurzem hat die Regierung von Oman ihre Weihrauchreserven f\u00fcr den Rest der Welt zur Destillation freigegeben. Das \u00e4therische \u00d6l, das aus diesen arabischen B\u00e4umen gewonnen wird, ist ein direkter Nachkomme des Weihrauch\u00f6ls, das in alten Texten erw\u00e4hnt wird.<\/p>\n<p>Die heilige Natur dieser Weihrauchart macht ihn zum perfekten Begleiter f\u00fcr die spirituelle Arbeit. Es wird gesagt, dass es die Trennung zwischen Ego und Geist verst\u00e4rkt und es dem Ego erm\u00f6glicht, sich zu befreien und dem Geist mehr K\u00f6rperlichkeit zu verleihen. Heiliger Weihrauch vertreibt Unsicherheiten und st\u00e4rkt das Selbstwertgef\u00fchl. Es erleichtert die Zentrierung w\u00e4hrend Meditation, Yoga und spirituellem Studium.<\/p>\n<p>Weihrauch Sacra hat durchaus positive Auswirkungen auf die Hautpflege und wird h\u00e4ufig bei reifer Haut verwendet, um sie besonders geschmeidig zu machen und Narben, feine Linien und den Hautton zu gl\u00e4tten.<\/p>\n<h3>Organic Ingredients<\/h3>\n<p>100% heiliges \u00e4therisches Weihrauch\u00f6l (Boswellia sacra).<\/p>\n<p style=\"text-align: center;\"><em>&#8222;Mit der Weisheit der Jahrhunderte wartet [frankincense]\n auf das, was von ihm verlangt wird, und kann alles tun, was von ihm verlangt wird.&#8220;<br \/>\n ~<\/em> Valerie Ann Worwood, <strong>Aromatherapy for the Soul<\/strong><\/p>\n<p><img fetchpriority=\"high\" decoding=\"async\" class=\"aligncenter size-large wp-image-11209\" src=\"https:\/\/dutchhealthstore.com\/wp-content\/uploads\/2015\/12\/organic-1.jpg\" alt=\"organic\" width=\"608\" height=\"85\"><\/p>\n","protected":false},"excerpt":{"rendered":"<p>Sublime <strong>Sacred Frankincense Essential Oil<\/strong> ist ein wunderbares Geschenk der alten Maggi. Diese Weihrauchsorte wird ausschlie\u00dflich in Oman angebaut und hat ihre Wurzeln in der \u00fcber f\u00fcnf Jahrtausende alten Geschichte der Menschheit. Die Quintessenz f\u00fcr die Kultivierung von Ehrfurcht ist Weihrauch.<br \/>\nDieses feine, duftende \u00d6l, das seit Tausenden von Jahren in spirituellen Zeremonien gesalbt und eingeatmet wird, beruhigt die Nerven, vertieft die Atmung w\u00e4hrend der Meditation und steigert die Intuition f\u00fcr unsere innere F\u00fchrung.<br \/>\nWeihrauch, der die Weisheit der Jahrhunderte in sich birgt, ist eine beeindruckende Essenz f\u00fcr die Hautpflege.<\/p>\n","protected":false},"featured_media":48590,"comment_status":"open","ping_status":"closed","template":"","meta":[],"product_brand":[],"product_cat":[1508,1546,6737,1493,1210,6736],"product_tag":[1547],"class_list":{"0":"post-66701","1":"product","2":"type-product","3":"status-publish","4":"has-post-thumbnail","6":"product_cat-aetherische-oele-living-libations","7":"product_cat-essential-oils-living-libations-de","8":"product_cat-essential-oils-de-2","9":"product_cat-living-libations-deutschland","10":"product_cat-marken","11":"product_cat-wellness-de","12":"product_tag-essential-oil-de","13":"pa_bestsellers-goed-de","14":"pa_brand-livinglibations-de","15":"pa_essential-oils-product-type-essential-oils-de","16":"pa_size-5-ml-de","17":"pa_size-15-ml-de-2","18":"pa_size-30-ml-de","20":"first","21":"instock","22":"taxable","23":"shipping-taxable","24":"purchasable","25":"product-type-variable"},"bundled_by":[],"bundle_stock_status":"instock","bundle_stock_quantity":null,"bundle_virtual":false,"bundle_layout":"","bundle_add_to_cart_form_location":"","bundle_editable_in_cart":false,"bundle_sold_individually_context":"","bundle_item_grouping":"","bundle_min_size":"","bundle_max_size":"","bundle_price":[],"bundled_items":[],"bundle_sell_ids":[],"atum_controlled":true,"out_stock_date":null,"out_stock_threshold":null,"inheritable":true,"stock_on_hold":0,"sold_today":0,"sales_last_days":0,"out_stock_days":0,"lost_sales":0,"update_date":"2026-04-08T01:46:58","atum_locations":[],"atum_stock_status":"instock","restock_status":false,"low_stock_amount":"","sales_update_date":"2026-04-08T01:46:58","calc_backorders":null,"group_of_quantity":0,"min_quantity":0,"max_quantity":"","exclude_order_quantity_value_rules":"no","exclude_category_quantity_rules":"no","combine_variations":"no","yoast_head":"<!-- This site is optimized with the Yoast SEO Premium plugin v26.5 (Yoast SEO v26.5) - https:\/\/yoast.com\/wordpress\/plugins\/seo\/ -->\n<title>Frankincense, Sacred Essential Oil | Living Libations<\/title>\n<meta name=\"description\" content=\"Dieses feine, duftende \u00d6l schmiegt sich an die Nerven, vertieft die Atmung w\u00e4hrend der Meditation und steigert die Intuition unserer inneren F\u00fchrung.\" \/>\n<meta name=\"robots\" content=\"index, follow, max-snippet:-1, max-image-preview:large, max-video-preview:-1\" \/>\n<link rel=\"canonical\" href=\"https:\/\/dutchhealthstore.com\/de\/product\/frankincense-sacred-essential-oil\/\" \/>\n<meta property=\"og:locale\" content=\"de_DE\" \/>\n<meta property=\"og:type\" content=\"article\" \/>\n<meta property=\"og:title\" content=\"Frankincense, Sacred Essential Oil - Dutch Health Store\" \/>\n<meta property=\"og:description\" content=\"Dieses feine, duftende \u00d6l schmiegt sich an die Nerven, vertieft die Atmung w\u00e4hrend der Meditation und steigert die Intuition unserer inneren F\u00fchrung.\" \/>\n<meta property=\"og:url\" content=\"https:\/\/dutchhealthstore.com\/de\/product\/frankincense-sacred-essential-oil\/\" \/>\n<meta property=\"og:site_name\" content=\"Dutch Health Store\" \/>\n<meta property=\"article:publisher\" content=\"https:\/\/www.instagram.com\/dutchhealthstore\/\" \/>\n<meta property=\"article:modified_time\" content=\"2025-11-23T11:58:17+00:00\" \/>\n<meta property=\"og:image\" content=\"https:\/\/dutchhealthstore.com\/wp-content\/uploads\/2018\/02\/Living-Libations-Sacred-Frankincense-Essential-Oil.jpg\" \/>\n\t<meta property=\"og:image:width\" content=\"529\" \/>\n\t<meta property=\"og:image:height\" content=\"528\" \/>\n\t<meta property=\"og:image:type\" content=\"image\/jpeg\" \/>\n<meta name=\"twitter:card\" content=\"summary_large_image\" \/>\n<meta name=\"twitter:label1\" content=\"Verf\u00fcgbarkeit\" \/>\n\t<meta name=\"twitter:data1\" content=\"Auf Lager\" \/>\n<script type=\"application\/ld+json\" class=\"yoast-schema-graph\">{\"@context\":\"https:\/\/schema.org\",\"@graph\":[{\"@type\":\"WebPage\",\"@id\":\"https:\/\/dutchhealthstore.com\/de\/product\/frankincense-sacred-essential-oil\/\",\"url\":\"https:\/\/dutchhealthstore.com\/de\/product\/frankincense-sacred-essential-oil\/\",\"name\":\"Frankincense, Sacred Essential Oil | Living Libations\",\"isPartOf\":{\"@id\":\"https:\/\/dutchhealthstore.com\/de\/#website\"},\"primaryImageOfPage\":{\"@id\":\"https:\/\/dutchhealthstore.com\/de\/product\/frankincense-sacred-essential-oil\/#primaryimage\"},\"image\":{\"@id\":\"https:\/\/dutchhealthstore.com\/de\/product\/frankincense-sacred-essential-oil\/#primaryimage\"},\"thumbnailUrl\":\"https:\/\/dutchhealthstore.com\/wp-content\/uploads\/2018\/02\/Living-Libations-Sacred-Frankincense-Essential-Oil.jpg\",\"datePublished\":\"2018-02-10T20:08:51+00:00\",\"dateModified\":\"2025-11-23T11:58:17+00:00\",\"description\":\"Dieses feine, duftende \u00d6l schmiegt sich an die Nerven, vertieft die Atmung w\u00e4hrend der Meditation und steigert die Intuition unserer inneren F\u00fchrung.\",\"breadcrumb\":{\"@id\":\"https:\/\/dutchhealthstore.com\/de\/product\/frankincense-sacred-essential-oil\/#breadcrumb\"},\"inLanguage\":\"de\",\"potentialAction\":[{\"@type\":\"ReadAction\",\"target\":[\"https:\/\/dutchhealthstore.com\/de\/product\/frankincense-sacred-essential-oil\/\"]}]},{\"@type\":\"ImageObject\",\"inLanguage\":\"de\",\"@id\":\"https:\/\/dutchhealthstore.com\/de\/product\/frankincense-sacred-essential-oil\/#primaryimage\",\"url\":\"https:\/\/dutchhealthstore.com\/wp-content\/uploads\/2018\/02\/Living-Libations-Sacred-Frankincense-Essential-Oil.jpg\",\"contentUrl\":\"https:\/\/dutchhealthstore.com\/wp-content\/uploads\/2018\/02\/Living-Libations-Sacred-Frankincense-Essential-Oil.jpg\",\"width\":529,\"height\":528,\"caption\":\"Living Libations - Sacred Frankincense Essential Oil\"},{\"@type\":\"BreadcrumbList\",\"@id\":\"https:\/\/dutchhealthstore.com\/de\/product\/frankincense-sacred-essential-oil\/#breadcrumb\",\"itemListElement\":[{\"@type\":\"ListItem\",\"position\":1,\"name\":\"Home\",\"item\":\"https:\/\/dutchhealthstore.com\/de\/\"},{\"@type\":\"ListItem\",\"position\":2,\"name\":\"Shop\",\"item\":\"https:\/\/dutchhealthstore.com\/de\/shop-2\/\"},{\"@type\":\"ListItem\",\"position\":3,\"name\":\"Frankincense, Sacred Essential Oil\"}]},{\"@type\":\"WebSite\",\"@id\":\"https:\/\/dutchhealthstore.com\/de\/#website\",\"url\":\"https:\/\/dutchhealthstore.com\/de\/\",\"name\":\"Dutch Health Store\",\"description\":\"Enhance Your Beauty with Organic &amp; Natural Skincare\",\"publisher\":{\"@id\":\"https:\/\/dutchhealthstore.com\/de\/#organization\"},\"potentialAction\":[{\"@type\":\"SearchAction\",\"target\":{\"@type\":\"EntryPoint\",\"urlTemplate\":\"https:\/\/dutchhealthstore.com\/de\/?s={search_term_string}\"},\"query-input\":{\"@type\":\"PropertyValueSpecification\",\"valueRequired\":true,\"valueName\":\"search_term_string\"}}],\"inLanguage\":\"de\"},{\"@type\":\"Organization\",\"@id\":\"https:\/\/dutchhealthstore.com\/de\/#organization\",\"name\":\"Dutch Health Store\",\"url\":\"https:\/\/dutchhealthstore.com\/de\/\",\"logo\":{\"@type\":\"ImageObject\",\"inLanguage\":\"de\",\"@id\":\"https:\/\/dutchhealthstore.com\/de\/#\/schema\/logo\/image\/\",\"url\":\"https:\/\/dutchhealthstore.com\/wp-content\/uploads\/2020\/08\/logo-dutchhealthstore-jpg-e1599484957574.jpg\",\"contentUrl\":\"https:\/\/dutchhealthstore.com\/wp-content\/uploads\/2020\/08\/logo-dutchhealthstore-jpg-e1599484957574.jpg\",\"width\":400,\"height\":62,\"caption\":\"Dutch Health Store\"},\"image\":{\"@id\":\"https:\/\/dutchhealthstore.com\/de\/#\/schema\/logo\/image\/\"},\"sameAs\":[\"https:\/\/www.instagram.com\/dutchhealthstore\/\",\"https:\/\/www.facebook.com\/dutchhealthstore\"]}]}<\/script>\n<meta property=\"product:brand\" content=\"Living Libations\" \/>\n<meta property=\"og:availability\" content=\"instock\" \/>\n<meta property=\"product:availability\" content=\"instock\" \/>\n<meta property=\"product:condition\" content=\"new\" \/>\n<!-- \/ Yoast SEO Premium plugin. -->","yoast_head_json":{"title":"Frankincense, Sacred Essential Oil | Living Libations","description":"Dieses feine, duftende \u00d6l schmiegt sich an die Nerven, vertieft die Atmung w\u00e4hrend der Meditation und steigert die Intuition unserer inneren F\u00fchrung.","robots":{"index":"index","follow":"follow","max-snippet":"max-snippet:-1","max-image-preview":"max-image-preview:large","max-video-preview":"max-video-preview:-1"},"canonical":"https:\/\/dutchhealthstore.com\/de\/product\/frankincense-sacred-essential-oil\/","og_locale":"de_DE","og_type":"article","og_title":"Frankincense, Sacred Essential Oil - Dutch Health Store","og_description":"Dieses feine, duftende \u00d6l schmiegt sich an die Nerven, vertieft die Atmung w\u00e4hrend der Meditation und steigert die Intuition unserer inneren F\u00fchrung.","og_url":"https:\/\/dutchhealthstore.com\/de\/product\/frankincense-sacred-essential-oil\/","og_site_name":"Dutch Health Store","article_publisher":"https:\/\/www.instagram.com\/dutchhealthstore\/","article_modified_time":"2025-11-23T11:58:17+00:00","og_image":[{"width":529,"height":528,"url":"https:\/\/dutchhealthstore.com\/wp-content\/uploads\/2018\/02\/Living-Libations-Sacred-Frankincense-Essential-Oil.jpg","type":"image\/jpeg"}],"twitter_card":"summary_large_image","twitter_misc":{"Verf\u00fcgbarkeit":"Auf Lager"},"schema":{"@context":"https:\/\/schema.org","@graph":[{"@type":"WebPage","@id":"https:\/\/dutchhealthstore.com\/de\/product\/frankincense-sacred-essential-oil\/","url":"https:\/\/dutchhealthstore.com\/de\/product\/frankincense-sacred-essential-oil\/","name":"Frankincense, Sacred Essential Oil | Living Libations","isPartOf":{"@id":"https:\/\/dutchhealthstore.com\/de\/#website"},"primaryImageOfPage":{"@id":"https:\/\/dutchhealthstore.com\/de\/product\/frankincense-sacred-essential-oil\/#primaryimage"},"image":{"@id":"https:\/\/dutchhealthstore.com\/de\/product\/frankincense-sacred-essential-oil\/#primaryimage"},"thumbnailUrl":"https:\/\/dutchhealthstore.com\/wp-content\/uploads\/2018\/02\/Living-Libations-Sacred-Frankincense-Essential-Oil.jpg","datePublished":"2018-02-10T20:08:51+00:00","dateModified":"2025-11-23T11:58:17+00:00","description":"Dieses feine, duftende \u00d6l schmiegt sich an die Nerven, vertieft die Atmung w\u00e4hrend der Meditation und steigert die Intuition unserer inneren F\u00fchrung.","breadcrumb":{"@id":"https:\/\/dutchhealthstore.com\/de\/product\/frankincense-sacred-essential-oil\/#breadcrumb"},"inLanguage":"de","potentialAction":[{"@type":"ReadAction","target":["https:\/\/dutchhealthstore.com\/de\/product\/frankincense-sacred-essential-oil\/"]}]},{"@type":"ImageObject","inLanguage":"de","@id":"https:\/\/dutchhealthstore.com\/de\/product\/frankincense-sacred-essential-oil\/#primaryimage","url":"https:\/\/dutchhealthstore.com\/wp-content\/uploads\/2018\/02\/Living-Libations-Sacred-Frankincense-Essential-Oil.jpg","contentUrl":"https:\/\/dutchhealthstore.com\/wp-content\/uploads\/2018\/02\/Living-Libations-Sacred-Frankincense-Essential-Oil.jpg","width":529,"height":528,"caption":"Living Libations - Sacred Frankincense Essential Oil"},{"@type":"BreadcrumbList","@id":"https:\/\/dutchhealthstore.com\/de\/product\/frankincense-sacred-essential-oil\/#breadcrumb","itemListElement":[{"@type":"ListItem","position":1,"name":"Home","item":"https:\/\/dutchhealthstore.com\/de\/"},{"@type":"ListItem","position":2,"name":"Shop","item":"https:\/\/dutchhealthstore.com\/de\/shop-2\/"},{"@type":"ListItem","position":3,"name":"Frankincense, Sacred Essential Oil"}]},{"@type":"WebSite","@id":"https:\/\/dutchhealthstore.com\/de\/#website","url":"https:\/\/dutchhealthstore.com\/de\/","name":"Dutch Health Store","description":"Enhance Your Beauty with Organic &amp; Natural Skincare","publisher":{"@id":"https:\/\/dutchhealthstore.com\/de\/#organization"},"potentialAction":[{"@type":"SearchAction","target":{"@type":"EntryPoint","urlTemplate":"https:\/\/dutchhealthstore.com\/de\/?s={search_term_string}"},"query-input":{"@type":"PropertyValueSpecification","valueRequired":true,"valueName":"search_term_string"}}],"inLanguage":"de"},{"@type":"Organization","@id":"https:\/\/dutchhealthstore.com\/de\/#organization","name":"Dutch Health Store","url":"https:\/\/dutchhealthstore.com\/de\/","logo":{"@type":"ImageObject","inLanguage":"de","@id":"https:\/\/dutchhealthstore.com\/de\/#\/schema\/logo\/image\/","url":"https:\/\/dutchhealthstore.com\/wp-content\/uploads\/2020\/08\/logo-dutchhealthstore-jpg-e1599484957574.jpg","contentUrl":"https:\/\/dutchhealthstore.com\/wp-content\/uploads\/2020\/08\/logo-dutchhealthstore-jpg-e1599484957574.jpg","width":400,"height":62,"caption":"Dutch Health Store"},"image":{"@id":"https:\/\/dutchhealthstore.com\/de\/#\/schema\/logo\/image\/"},"sameAs":["https:\/\/www.instagram.com\/dutchhealthstore\/","https:\/\/www.facebook.com\/dutchhealthstore"]}]},"product_brand":"Living Libations","og_availability":"instock","product_availability":"instock","product_condition":"new"},"_links":{"self":[{"href":"https:\/\/dutchhealthstore.com\/de\/wp-json\/wp\/v2\/product\/66701","targetHints":{"allow":["GET"]}}],"collection":[{"href":"https:\/\/dutchhealthstore.com\/de\/wp-json\/wp\/v2\/product"}],"about":[{"href":"https:\/\/dutchhealthstore.com\/de\/wp-json\/wp\/v2\/types\/product"}],"replies":[{"embeddable":true,"href":"https:\/\/dutchhealthstore.com\/de\/wp-json\/wp\/v2\/comments?post=66701"}],"wp:featuredmedia":[{"embeddable":true,"href":"https:\/\/dutchhealthstore.com\/de\/wp-json\/wp\/v2\/media\/48590"}],"wp:attachment":[{"href":"https:\/\/dutchhealthstore.com\/de\/wp-json\/wp\/v2\/media?parent=66701"}],"wp:term":[{"taxonomy":"product_brand","embeddable":true,"href":"https:\/\/dutchhealthstore.com\/de\/wp-json\/wp\/v2\/product_brand?post=66701"},{"taxonomy":"product_cat","embeddable":true,"href":"https:\/\/dutchhealthstore.com\/de\/wp-json\/wp\/v2\/product_cat?post=66701"},{"taxonomy":"product_tag","embeddable":true,"href":"https:\/\/dutchhealthstore.com\/de\/wp-json\/wp\/v2\/product_tag?post=66701"}],"curies":[{"name":"wp","href":"https:\/\/api.w.org\/{rel}","templated":true}]}}