{"id":66693,"date":"2018-02-10T20:12:10","date_gmt":"2018-02-10T19:12:10","guid":{"rendered":"https:\/\/dutchhealthstore.com\/product\/vetiver-essential-oil\/"},"modified":"2025-07-17T09:34:51","modified_gmt":"2025-07-17T07:34:51","slug":"vetiver-essential-oil","status":"publish","type":"product","link":"https:\/\/dutchhealthstore.com\/de\/product\/vetiver-essential-oil\/","title":{"rendered":"Vetiver Essential Oil"},"content":{"rendered":"<p style=\"font-weight: 400;\"><b><strong><img decoding=\"async\" class=\"alignright size-full wp-image-37041\" src=\"https:\/\/dutchhealthstore.com\/wp-content\/uploads\/2018\/04\/Living_Libations-1.png\" alt=\"Organic &amp; Natural Beautyproducts - Living Libations\" width=\"175\" height=\"82\"><\/strong><\/b><\/p>\n<p><strong>Botanischer Name:<\/strong> Vetiveria zizanioides<br \/>\n<strong>Botanische Familie:<\/strong> Poaceae<br \/>\n<strong>Extraktionsverfahren:<\/strong> Dampfdestilliert<br \/>\n<strong>Teil der Pflanze Destilliert:<\/strong> Wurzel<br \/>\n<strong>Herkunftsland:<\/strong> Madagaskar<br \/>\n<strong>Anbaumethode:<\/strong> Bio<br \/>\n<strong>Zusammensetzung:<\/strong> 100% Vetiveria zizanioides<br \/>\n<strong>Konsistenz:<\/strong> Dickfl\u00fcssig<\/p>\n<h3>Beschreibung des Duftes<\/h3>\n<p>Tiefe warme Erde mit dichten, wurzeligen Noten von Holz und krautigem Humus.<\/p>\n<h3>In Living Libations<\/h3>\n<p>Vetiver Poetic Pits, Seabuckthorn Best Skin Ever, Sacred Sage Smudge, Radiant Earth Poetic Pits und Forest Cologne.<\/p>\n<h3>Gut mischbar mit<\/h3>\n<p>Spikenard, Patchouli, Rose, Jasmin, Grapefruit, Ravensara, Bergamotte, Weihrauch, Palo Santo, Douglasie, Schwarzfichte, Kiefer, Oregano, Inula, Mastix, Zypresse und Wacholder.<\/p>\n<h3>Verwendet<\/h3>\n<p>Diffundiert zur Stabilisierung, Erdung und Beruhigung. In Hautseren wirkt es revitalisierend, auff\u00fcllend und feuchtigkeitsspendend. Es ist eine wunderbare Erg\u00e4nzung zu einem Allzweck-Serum, das die Haut reinigt und mit Feuchtigkeit versorgt. Eine hartn\u00e4ckige Basisnote, die f\u00fcr erdige Parfums, fesselnde K\u00f6lnisch Wasser und elegante Deodorants unerl\u00e4sslich ist.<\/p>\n<h3>Profi-Tipp<\/h3>\n<p>Vetiver ist ein sehr z\u00e4hfl\u00fcssiges \u00e4therisches \u00d6l, dick wie Melasse, und manchmal ist der einfachste Weg, an das \u00d6l heranzukommen, den Einzeltropfeneinsatz zu \u00f6ffnen und langsam einen Tropfen frei herauszusch\u00fctten.<\/p>\n<p>Unser \u00e4therisches Vetiver-\u00d6l wird aus der robusten Wurzel der Vetiver-Pflanze dampfdestilliert und in Madagaskar im Rahmen eines speziellen Projekts biologisch geerntet, das Vetiver anbaut, um die Erosion des Mutterbodens zu verhindern. Die Haut gedeiht mit dem erfrischenden Gr\u00fcn von Vetiver und die Sinne werden beim Einatmen dieses erdigen Exsudats belebt.<\/p>\n<h3>Organic Ingredients<\/h3>\n<p>100% \u00e4therisches \u00d6l von Vetiver (Vetiveria zizanioides).<\/p>\n<p>Der vollmundige Duft von Vetiver bindet Energie und umh\u00fcllt den K\u00f6rper mit erdiger Leidenschaft.<\/p>\n<p style=\"text-align: center;\"><em>&#8222;Es gibt nur sehr wenige Mittel, ob aromatisch oder nicht, die eine so tiefgreifende, st\u00e4rkende Wirkung haben wie Vetiver.<\/em><br \/>\n~ Peter Homes, <strong>Aromatica<\/strong><\/p>\n<p style=\"text-align: center;\"><em>&#8222;In dem Moment, in dem man etwas, und sei es nur ein Grashalm, genau betrachtet, wird es zu einer geheimnisvollen, ehrfurchtgebietenden, unbeschreiblich sch\u00f6nen Welt.&#8220;<\/em><br \/>\n~ Henry Miller<\/p>\n<p style=\"text-align: center;\"><em>&#8222;Vetiver n\u00e4hrt Menschen, die kalte F\u00fc\u00dfe haben oder mit dem Kopf in den Wolken sind. Wenn wir den Kontakt zum Boden unter uns, zur Realit\u00e4t, verlieren, zahlen wir den Preis eines geschw\u00e4chten Immunsystems. Wenn wir mit der Erde in Kontakt sind, atmen wir frische Luft, genie\u00dfen die Magie eines offenen Feuers und sp\u00fcren, wie der Wind durch unser Haar weht.&#8220;<\/em><br \/>\n~ Susanne Fischer-Rizzi, <strong>The Complete Aromatherapy Handbook<\/strong><\/p>\n<p><img fetchpriority=\"high\" decoding=\"async\" class=\"aligncenter size-full wp-image-31577\" src=\"https:\/\/dutchhealthstore.com\/wp-content\/uploads\/2018\/03\/organic_big.png\" alt=\"\" width=\"623\" height=\"103\" srcset=\"https:\/\/dutchhealthstore.com\/wp-content\/uploads\/2018\/03\/organic_big.png 623w, https:\/\/dutchhealthstore.com\/wp-content\/uploads\/2018\/03\/organic_big-510x84.png 510w, https:\/\/dutchhealthstore.com\/wp-content\/uploads\/2018\/03\/organic_big-600x99.png 600w, https:\/\/dutchhealthstore.com\/wp-content\/uploads\/2018\/03\/organic_big-350x58.png 350w\" sizes=\"(max-width: 623px) 100vw, 623px\" \/><\/p>\n","protected":false},"excerpt":{"rendered":"<p>Vivacious <b>Vetiver<\/b> wird aus den stechenden Wurzeln eines sehr aromatischen tropischen Grases destilliert.<br \/>\nDie G\u00fcte dieses \u00d6ls ist erdend und beruhigend f\u00fcr Haut und Geist. Es salbt die Wurzeln jeder Hautschicht, so wie der Regen das Gras salbt.<br \/>\nVetiver ist ein hervorragender Feuchtigkeitsspender, der der Haut hilft, ihre jugendliche F\u00fclle zu bewahren, w\u00e4hrend er m\u00fcdes Gewebe beruhigt, das Erscheinungsbild von Narben und Dehnungsstreifen mildert und die Talgproduktion ausgleicht.<br \/>\nAdaptagenic in der Natur, Vetiver \u00d6l st\u00e4rkt, stimuliert neigt dazu, den Garten der Haut auszugleichen.<\/p>\n","protected":false},"featured_media":117472,"comment_status":"open","ping_status":"closed","template":"","meta":[],"product_brand":[],"product_cat":[6737,1508,1546,1493,1210,511,6736],"product_tag":[1547],"class_list":{"0":"post-66693","1":"product","2":"type-product","3":"status-publish","4":"has-post-thumbnail","6":"product_cat-essential-oils-de-2","7":"product_cat-aetherische-oele-living-libations","8":"product_cat-essential-oils-living-libations-de","9":"product_cat-living-libations-deutschland","10":"product_cat-marken","11":"product_cat-produkte","12":"product_cat-wellness-de","13":"product_tag-essential-oil-de","14":"pa_brand-livinglibations-de","15":"pa_essential-oils-product-type-essential-oils-de","16":"pa_size-5-ml-de","17":"pa_size-15-ml-de-2","18":"pa_size-30-ml-de","20":"first","21":"instock","22":"taxable","23":"shipping-taxable","24":"purchasable","25":"product-type-variable"},"bundled_by":[],"bundle_stock_status":"instock","bundle_stock_quantity":null,"bundle_virtual":false,"bundle_layout":"","bundle_add_to_cart_form_location":"","bundle_editable_in_cart":false,"bundle_sold_individually_context":"","bundle_item_grouping":"","bundle_min_size":"","bundle_max_size":"","bundle_price":[],"bundled_items":[],"bundle_sell_ids":[],"atum_controlled":true,"out_stock_date":null,"out_stock_threshold":null,"inheritable":true,"stock_on_hold":0,"sold_today":0,"sales_last_days":0,"out_stock_days":0,"lost_sales":0,"update_date":"2026-04-04T01:46:02","atum_locations":[],"atum_stock_status":"instock","restock_status":false,"low_stock_amount":"","sales_update_date":"2026-04-04T01:46:02","calc_backorders":null,"group_of_quantity":0,"min_quantity":0,"max_quantity":"","exclude_order_quantity_value_rules":"no","exclude_category_quantity_rules":"no","combine_variations":"no","yoast_head":"<!-- This site is optimized with the Yoast SEO Premium plugin v26.5 (Yoast SEO v26.5) - https:\/\/yoast.com\/wordpress\/plugins\/seo\/ -->\n<title>Vetiver Essential Oil | Living Libations<\/title>\n<meta name=\"description\" content=\"Die G\u00fcte dieses \u00d6ls ist erdend und beruhigend f\u00fcr Haut und Geist. Es salbt die Wurzeln jeder Hautschicht, so wie der Regen das Gras salbt.\" \/>\n<meta name=\"robots\" content=\"index, follow, max-snippet:-1, max-image-preview:large, max-video-preview:-1\" \/>\n<link rel=\"canonical\" href=\"https:\/\/dutchhealthstore.com\/de\/product\/vetiver-essential-oil\/\" \/>\n<meta property=\"og:locale\" content=\"de_DE\" \/>\n<meta property=\"og:type\" content=\"article\" \/>\n<meta property=\"og:title\" content=\"Vetiver Essential Oil - Dutch Health Store\" \/>\n<meta property=\"og:description\" content=\"Die G\u00fcte dieses \u00d6ls ist erdend und beruhigend f\u00fcr Haut und Geist. Es salbt die Wurzeln jeder Hautschicht, so wie der Regen das Gras salbt.\" \/>\n<meta property=\"og:url\" content=\"https:\/\/dutchhealthstore.com\/de\/product\/vetiver-essential-oil\/\" \/>\n<meta property=\"og:site_name\" content=\"Dutch Health Store\" \/>\n<meta property=\"article:publisher\" content=\"https:\/\/www.instagram.com\/dutchhealthstore\/\" \/>\n<meta property=\"article:modified_time\" content=\"2025-07-17T07:34:51+00:00\" \/>\n<meta property=\"og:image\" content=\"https:\/\/dutchhealthstore.com\/wp-content\/uploads\/2018\/02\/Living-Libations-Vetiver-Essential-Oil-e1596443489970.jpg\" \/>\n\t<meta property=\"og:image:width\" content=\"500\" \/>\n\t<meta property=\"og:image:height\" content=\"500\" \/>\n\t<meta property=\"og:image:type\" content=\"image\/jpeg\" \/>\n<meta name=\"twitter:card\" content=\"summary_large_image\" \/>\n<meta name=\"twitter:label1\" content=\"Verf\u00fcgbarkeit\" \/>\n\t<meta name=\"twitter:data1\" content=\"Auf Lager\" \/>\n<script type=\"application\/ld+json\" class=\"yoast-schema-graph\">{\"@context\":\"https:\/\/schema.org\",\"@graph\":[{\"@type\":\"WebPage\",\"@id\":\"https:\/\/dutchhealthstore.com\/de\/product\/vetiver-essential-oil\/\",\"url\":\"https:\/\/dutchhealthstore.com\/de\/product\/vetiver-essential-oil\/\",\"name\":\"Vetiver Essential Oil | Living Libations\",\"isPartOf\":{\"@id\":\"https:\/\/dutchhealthstore.com\/de\/#website\"},\"primaryImageOfPage\":{\"@id\":\"https:\/\/dutchhealthstore.com\/de\/product\/vetiver-essential-oil\/#primaryimage\"},\"image\":{\"@id\":\"https:\/\/dutchhealthstore.com\/de\/product\/vetiver-essential-oil\/#primaryimage\"},\"thumbnailUrl\":\"https:\/\/dutchhealthstore.com\/wp-content\/uploads\/2018\/02\/Living-Libations-Vetiver-Essential-Oil-e1596443489970.jpg\",\"datePublished\":\"2018-02-10T19:12:10+00:00\",\"dateModified\":\"2025-07-17T07:34:51+00:00\",\"description\":\"Die G\u00fcte dieses \u00d6ls ist erdend und beruhigend f\u00fcr Haut und Geist. Es salbt die Wurzeln jeder Hautschicht, so wie der Regen das Gras salbt.\",\"breadcrumb\":{\"@id\":\"https:\/\/dutchhealthstore.com\/de\/product\/vetiver-essential-oil\/#breadcrumb\"},\"inLanguage\":\"de\",\"potentialAction\":[{\"@type\":\"ReadAction\",\"target\":[\"https:\/\/dutchhealthstore.com\/de\/product\/vetiver-essential-oil\/\"]}]},{\"@type\":\"ImageObject\",\"inLanguage\":\"de\",\"@id\":\"https:\/\/dutchhealthstore.com\/de\/product\/vetiver-essential-oil\/#primaryimage\",\"url\":\"https:\/\/dutchhealthstore.com\/wp-content\/uploads\/2018\/02\/Living-Libations-Vetiver-Essential-Oil-e1596443489970.jpg\",\"contentUrl\":\"https:\/\/dutchhealthstore.com\/wp-content\/uploads\/2018\/02\/Living-Libations-Vetiver-Essential-Oil-e1596443489970.jpg\",\"width\":500,\"height\":500,\"caption\":\"Living Libations Vetiver Essential Oil\"},{\"@type\":\"BreadcrumbList\",\"@id\":\"https:\/\/dutchhealthstore.com\/de\/product\/vetiver-essential-oil\/#breadcrumb\",\"itemListElement\":[{\"@type\":\"ListItem\",\"position\":1,\"name\":\"Home\",\"item\":\"https:\/\/dutchhealthstore.com\/de\/\"},{\"@type\":\"ListItem\",\"position\":2,\"name\":\"Shop\",\"item\":\"https:\/\/dutchhealthstore.com\/de\/shop-2\/\"},{\"@type\":\"ListItem\",\"position\":3,\"name\":\"Vetiver Essential Oil\"}]},{\"@type\":\"WebSite\",\"@id\":\"https:\/\/dutchhealthstore.com\/de\/#website\",\"url\":\"https:\/\/dutchhealthstore.com\/de\/\",\"name\":\"Dutch Health Store\",\"description\":\"Enhance Your Beauty with Organic &amp; Natural Skincare\",\"publisher\":{\"@id\":\"https:\/\/dutchhealthstore.com\/de\/#organization\"},\"potentialAction\":[{\"@type\":\"SearchAction\",\"target\":{\"@type\":\"EntryPoint\",\"urlTemplate\":\"https:\/\/dutchhealthstore.com\/de\/?s={search_term_string}\"},\"query-input\":{\"@type\":\"PropertyValueSpecification\",\"valueRequired\":true,\"valueName\":\"search_term_string\"}}],\"inLanguage\":\"de\"},{\"@type\":\"Organization\",\"@id\":\"https:\/\/dutchhealthstore.com\/de\/#organization\",\"name\":\"Dutch Health Store\",\"url\":\"https:\/\/dutchhealthstore.com\/de\/\",\"logo\":{\"@type\":\"ImageObject\",\"inLanguage\":\"de\",\"@id\":\"https:\/\/dutchhealthstore.com\/de\/#\/schema\/logo\/image\/\",\"url\":\"https:\/\/dutchhealthstore.com\/wp-content\/uploads\/2020\/08\/logo-dutchhealthstore-jpg-e1599484957574.jpg\",\"contentUrl\":\"https:\/\/dutchhealthstore.com\/wp-content\/uploads\/2020\/08\/logo-dutchhealthstore-jpg-e1599484957574.jpg\",\"width\":400,\"height\":62,\"caption\":\"Dutch Health Store\"},\"image\":{\"@id\":\"https:\/\/dutchhealthstore.com\/de\/#\/schema\/logo\/image\/\"},\"sameAs\":[\"https:\/\/www.instagram.com\/dutchhealthstore\/\",\"https:\/\/www.facebook.com\/dutchhealthstore\"]}]}<\/script>\n<meta property=\"product:brand\" content=\"Living Libations\" \/>\n<meta property=\"og:availability\" content=\"instock\" \/>\n<meta property=\"product:availability\" content=\"instock\" \/>\n<meta property=\"product:condition\" content=\"new\" \/>\n<!-- \/ Yoast SEO Premium plugin. -->","yoast_head_json":{"title":"Vetiver Essential Oil | Living Libations","description":"Die G\u00fcte dieses \u00d6ls ist erdend und beruhigend f\u00fcr Haut und Geist. Es salbt die Wurzeln jeder Hautschicht, so wie der Regen das Gras salbt.","robots":{"index":"index","follow":"follow","max-snippet":"max-snippet:-1","max-image-preview":"max-image-preview:large","max-video-preview":"max-video-preview:-1"},"canonical":"https:\/\/dutchhealthstore.com\/de\/product\/vetiver-essential-oil\/","og_locale":"de_DE","og_type":"article","og_title":"Vetiver Essential Oil - Dutch Health Store","og_description":"Die G\u00fcte dieses \u00d6ls ist erdend und beruhigend f\u00fcr Haut und Geist. Es salbt die Wurzeln jeder Hautschicht, so wie der Regen das Gras salbt.","og_url":"https:\/\/dutchhealthstore.com\/de\/product\/vetiver-essential-oil\/","og_site_name":"Dutch Health Store","article_publisher":"https:\/\/www.instagram.com\/dutchhealthstore\/","article_modified_time":"2025-07-17T07:34:51+00:00","og_image":[{"width":500,"height":500,"url":"https:\/\/dutchhealthstore.com\/wp-content\/uploads\/2018\/02\/Living-Libations-Vetiver-Essential-Oil-e1596443489970.jpg","type":"image\/jpeg"}],"twitter_card":"summary_large_image","twitter_misc":{"Verf\u00fcgbarkeit":"Auf Lager"},"schema":{"@context":"https:\/\/schema.org","@graph":[{"@type":"WebPage","@id":"https:\/\/dutchhealthstore.com\/de\/product\/vetiver-essential-oil\/","url":"https:\/\/dutchhealthstore.com\/de\/product\/vetiver-essential-oil\/","name":"Vetiver Essential Oil | Living Libations","isPartOf":{"@id":"https:\/\/dutchhealthstore.com\/de\/#website"},"primaryImageOfPage":{"@id":"https:\/\/dutchhealthstore.com\/de\/product\/vetiver-essential-oil\/#primaryimage"},"image":{"@id":"https:\/\/dutchhealthstore.com\/de\/product\/vetiver-essential-oil\/#primaryimage"},"thumbnailUrl":"https:\/\/dutchhealthstore.com\/wp-content\/uploads\/2018\/02\/Living-Libations-Vetiver-Essential-Oil-e1596443489970.jpg","datePublished":"2018-02-10T19:12:10+00:00","dateModified":"2025-07-17T07:34:51+00:00","description":"Die G\u00fcte dieses \u00d6ls ist erdend und beruhigend f\u00fcr Haut und Geist. Es salbt die Wurzeln jeder Hautschicht, so wie der Regen das Gras salbt.","breadcrumb":{"@id":"https:\/\/dutchhealthstore.com\/de\/product\/vetiver-essential-oil\/#breadcrumb"},"inLanguage":"de","potentialAction":[{"@type":"ReadAction","target":["https:\/\/dutchhealthstore.com\/de\/product\/vetiver-essential-oil\/"]}]},{"@type":"ImageObject","inLanguage":"de","@id":"https:\/\/dutchhealthstore.com\/de\/product\/vetiver-essential-oil\/#primaryimage","url":"https:\/\/dutchhealthstore.com\/wp-content\/uploads\/2018\/02\/Living-Libations-Vetiver-Essential-Oil-e1596443489970.jpg","contentUrl":"https:\/\/dutchhealthstore.com\/wp-content\/uploads\/2018\/02\/Living-Libations-Vetiver-Essential-Oil-e1596443489970.jpg","width":500,"height":500,"caption":"Living Libations Vetiver Essential Oil"},{"@type":"BreadcrumbList","@id":"https:\/\/dutchhealthstore.com\/de\/product\/vetiver-essential-oil\/#breadcrumb","itemListElement":[{"@type":"ListItem","position":1,"name":"Home","item":"https:\/\/dutchhealthstore.com\/de\/"},{"@type":"ListItem","position":2,"name":"Shop","item":"https:\/\/dutchhealthstore.com\/de\/shop-2\/"},{"@type":"ListItem","position":3,"name":"Vetiver Essential Oil"}]},{"@type":"WebSite","@id":"https:\/\/dutchhealthstore.com\/de\/#website","url":"https:\/\/dutchhealthstore.com\/de\/","name":"Dutch Health Store","description":"Enhance Your Beauty with Organic &amp; Natural Skincare","publisher":{"@id":"https:\/\/dutchhealthstore.com\/de\/#organization"},"potentialAction":[{"@type":"SearchAction","target":{"@type":"EntryPoint","urlTemplate":"https:\/\/dutchhealthstore.com\/de\/?s={search_term_string}"},"query-input":{"@type":"PropertyValueSpecification","valueRequired":true,"valueName":"search_term_string"}}],"inLanguage":"de"},{"@type":"Organization","@id":"https:\/\/dutchhealthstore.com\/de\/#organization","name":"Dutch Health Store","url":"https:\/\/dutchhealthstore.com\/de\/","logo":{"@type":"ImageObject","inLanguage":"de","@id":"https:\/\/dutchhealthstore.com\/de\/#\/schema\/logo\/image\/","url":"https:\/\/dutchhealthstore.com\/wp-content\/uploads\/2020\/08\/logo-dutchhealthstore-jpg-e1599484957574.jpg","contentUrl":"https:\/\/dutchhealthstore.com\/wp-content\/uploads\/2020\/08\/logo-dutchhealthstore-jpg-e1599484957574.jpg","width":400,"height":62,"caption":"Dutch Health Store"},"image":{"@id":"https:\/\/dutchhealthstore.com\/de\/#\/schema\/logo\/image\/"},"sameAs":["https:\/\/www.instagram.com\/dutchhealthstore\/","https:\/\/www.facebook.com\/dutchhealthstore"]}]},"product_brand":"Living Libations","og_availability":"instock","product_availability":"instock","product_condition":"new"},"_links":{"self":[{"href":"https:\/\/dutchhealthstore.com\/de\/wp-json\/wp\/v2\/product\/66693","targetHints":{"allow":["GET"]}}],"collection":[{"href":"https:\/\/dutchhealthstore.com\/de\/wp-json\/wp\/v2\/product"}],"about":[{"href":"https:\/\/dutchhealthstore.com\/de\/wp-json\/wp\/v2\/types\/product"}],"replies":[{"embeddable":true,"href":"https:\/\/dutchhealthstore.com\/de\/wp-json\/wp\/v2\/comments?post=66693"}],"wp:featuredmedia":[{"embeddable":true,"href":"https:\/\/dutchhealthstore.com\/de\/wp-json\/wp\/v2\/media\/117472"}],"wp:attachment":[{"href":"https:\/\/dutchhealthstore.com\/de\/wp-json\/wp\/v2\/media?parent=66693"}],"wp:term":[{"taxonomy":"product_brand","embeddable":true,"href":"https:\/\/dutchhealthstore.com\/de\/wp-json\/wp\/v2\/product_brand?post=66693"},{"taxonomy":"product_cat","embeddable":true,"href":"https:\/\/dutchhealthstore.com\/de\/wp-json\/wp\/v2\/product_cat?post=66693"},{"taxonomy":"product_tag","embeddable":true,"href":"https:\/\/dutchhealthstore.com\/de\/wp-json\/wp\/v2\/product_tag?post=66693"}],"curies":[{"name":"wp","href":"https:\/\/api.w.org\/{rel}","templated":true}]}}