{"id":66690,"date":"2018-05-04T08:19:56","date_gmt":"2018-05-04T06:19:56","guid":{"rendered":"https:\/\/dutchhealthstore.com\/product\/vanilla-essential-oil-living-libations\/"},"modified":"2025-07-24T20:10:33","modified_gmt":"2025-07-24T18:10:33","slug":"vanilla-essential-oil-living-libations","status":"publish","type":"product","link":"https:\/\/dutchhealthstore.com\/de\/product\/vanilla-essential-oil-living-libations\/","title":{"rendered":"Vanilla Essential Oil"},"content":{"rendered":"<p><strong><img decoding=\"async\" class=\"alignright size-full wp-image-37041\" src=\"https:\/\/dutchhealthstore.com\/wp-content\/uploads\/2018\/04\/Living_Libations-1.png\" alt=\"Organic &amp; Natural Beautyproducts - Living Libations\" width=\"175\" height=\"82\">Botanischer Name:<\/strong> Vanille planifolia<br \/>\n<strong>Botanischer Name:<\/strong> Orchidaceae<br \/>\n<strong>Extraktionsverfahren: <\/strong>\u00dcberkritische CO2-Extraktion<br \/>\n<strong>Teil der Pflanze Destilliert:<\/strong> Bohne<br \/>\n<strong>Herkunftsland: <\/strong>Uganda<br \/>\n<strong>Anbaumethode:<\/strong> Bio<br \/>\n<strong>Beschreibung des Duftes: <\/strong>Reichhaltig, s\u00fc\u00df, balsamisch und cremig.<br \/>\n<strong>Zusammensetzung:<\/strong> 100% Vanille planifolia<br \/>\n<strong>Konsistenz:<\/strong> Dickfl\u00fcssig und manchmal kristallin.<\/p>\n<a href=\"https:\/\/dutchhealthstore.com\/wp-content\/uploads\/2018\/05\/ESSENTIAL-OIL-ANALYSIS-Vanilla-Essential-Oil-Living-Libations.pdf\" class=\"button success is-success is-medium\"  >\n\t\t<span>ANALYSE DER \u00c4THERISCHEN \u00d6LE &gt;<\/span>\n\t<\/a>\n\n<h3>In Living Libations<\/h3>\n<p>Chamomile Vanilla Lover Lips, Love Wine, Night Flight to Venus, Fire Lily, Being Free is Lots of Fun, Roses Shining Everywhere, Radiant Earth of Deep Delight, Radiant Earth Poetic Pits, Radiant Love Butter, Languid Love Butter, Lucky Love Butter, Love Lotion und Garden Perfume.<\/p>\n<h3>Gut mischbar mit<\/h3>\n<p>Jasmin, Vetiver, Spikenard, Patchouli, Sandelholz, Neroli, Blutorange, Zimt, Ingwer, Kardamom, Lavendel, Majoran, Bergamotte, Zitrone, Tonkabohne, Rosen und Tuberose.<\/p>\n<h3>Verwendet<\/h3>\n<p>Kulinarische Kreationen. Seren zur Hautpflege. Sleepytime-Elixiere und Diffusormischungen. Sinnliche Liebestr\u00e4nke. \u00dcberragend in Bl\u00fctenparf\u00fcms. Diaphan in Diffusoren.<\/p>\n<h3>Kontraindikationen<\/h3>\n<p>In unverd\u00fcnnter oder konzentrierter Form wird es von manchen Menschen als sensibilisierend empfunden.<\/p>\n<h3>Profi-Tipp<\/h3>\n<p>Vanille ist dick und cremig und kristallisiert oft in der K\u00e4lte; einfach erw\u00e4rmen und sch\u00fctteln, um das kristalline \u00d6l zu vereinen, und dann, wenn Sie m\u00f6chten, mit Jojoba oder einem anderen \u00e4therischen \u00d6l mischen, um das Ausgie\u00dfen zu erleichtern.<\/p>\n<p>Vanilla Essential Oil wird \u00fcblicherweise als absolutes&#8220; oder l\u00f6sungsmittelextrahiertes Oleoresin gefunden, doch unsere unvergleichliche CO2-Destillation erzeugt ein vollkommen reines und nat\u00fcrlich wirksames Produkt. Unser l\u00f6sungsmittelfreies Vanilla Essential Oil eignet sich perfekt f\u00fcr Parfums und Liebeslotionen und ist rein genug, um in der K\u00fcche verwendet zu werden. Verd\u00fcnnen Sie es in nativem Kokosnuss\u00f6l und geben Sie einen Tropfen in Smoothies, Honig, Schokolade und Desserts. Der s\u00fc\u00dfe Duft weckt ein warmes Gef\u00fchl der Nostalgie.<\/p>\n<p>Vanille wird von einigen als der nat\u00fcrliche Duft angesehen, der der Muttermilch am n\u00e4chsten kommt. Vanilla Essential Oil tr\u00f6stet mit seiner nach Wolke sieben duftenden Liebkosung.<\/p>\n<p><strong>Gr\u00f6\u00dfe: 5 ml<\/strong><\/p>\n<h3>Bio-Zutaten<\/h3>\n<p>\u00c4therisches \u00d6l aus 100% Vanille (Vanilla planifolia).<\/p>\n<p style=\"text-align: center;\"><em>&#8222;Der Parf\u00fcmeur ist der Vanille zu gro\u00dfem Dank verpflichtet&#8230; sie verleiht nicht nur einen s\u00fc\u00dfen und angenehmen Duft, sondern ist auch ungew\u00f6hnlich langanhaltend und eignet sich daher hervorragend zur &#8222;Fixierung&#8220; eines Duftes.&#8220;<\/em><br \/>\n~ Jill Jesse, <strong>Perfume Album<\/strong><\/p>\n<p style=\"text-align: center;\"><em>&#8222;Eine Weile war er wie verhext vom Wind, der den schwachen Duft der Vanillefelder verstr\u00f6mt, und sah zu, wie sich der h\u00e4ngende Kolibri an die schaukelnde Blume klammerte, wie ein goldenes Ding.&#8220;<\/em><br \/>\n~ Frederick William Faber<\/p>\n<p><img fetchpriority=\"high\" decoding=\"async\" class=\"size-medium wp-image-68103 aligncenter\" src=\"https:\/\/dutchhealthstore.com\/wp-content\/uploads\/2018\/02\/Living-Libations-Organic-Logo-800x89.png\" alt=\"Living Libations - Organic Logo\" width=\"800\" height=\"89\" srcset=\"https:\/\/dutchhealthstore.com\/wp-content\/uploads\/2018\/02\/Living-Libations-Organic-Logo-800x89.png 800w, https:\/\/dutchhealthstore.com\/wp-content\/uploads\/2018\/02\/Living-Libations-Organic-Logo-510x57.png 510w, https:\/\/dutchhealthstore.com\/wp-content\/uploads\/2018\/02\/Living-Libations-Organic-Logo-768x85.png 768w, https:\/\/dutchhealthstore.com\/wp-content\/uploads\/2018\/02\/Living-Libations-Organic-Logo.png 1400w\" sizes=\"(max-width: 800px) 100vw, 800px\" \/><\/p>\n","protected":false},"excerpt":{"rendered":"<p>Das durchsichtige, traumhafte und k\u00f6stliche <strong>Vanilla Essential Oil<\/strong> ist ein reiner, potenter superkritischer Extrakt, der aus dem samtigen inneren Orchideen-Nektar der Uganda-Vanilleschote destilliert wird.<br \/>\nDieses \u00d6l ist mehr als 200 Mal konzentrierter als der typische Vanilleextrakt, der in der K\u00fcche verwendet wird.<br \/>\nSeine hohe Potenz segnet uns mit einem reichhaltigen, dickfl\u00fcssigen, cremigen \u00e4therischen \u00d6l, das g\u00f6ttlich duftet und immer wieder bezaubert.<\/p>\n","protected":false},"featured_media":117464,"comment_status":"open","ping_status":"closed","template":"","meta":[],"product_brand":[],"product_cat":[1508,1546,6737,1493,1210,511,6736],"product_tag":[1547],"class_list":{"0":"post-66690","1":"product","2":"type-product","3":"status-publish","4":"has-post-thumbnail","6":"product_cat-aetherische-oele-living-libations","7":"product_cat-essential-oils-living-libations-de","8":"product_cat-essential-oils-de-2","9":"product_cat-living-libations-deutschland","10":"product_cat-marken","11":"product_cat-produkte","12":"product_cat-wellness-de","13":"product_tag-essential-oil-de","14":"pa_brand-livinglibations-de","15":"pa_essential-oils-product-type-essential-oils-de","16":"pa_size-2-5-ml-de","18":"first","19":"instock","20":"taxable","21":"shipping-taxable","22":"purchasable","23":"product-type-simple"},"bundled_by":[],"bundle_stock_status":"instock","bundle_stock_quantity":3,"bundle_virtual":false,"bundle_layout":"","bundle_add_to_cart_form_location":"","bundle_editable_in_cart":false,"bundle_sold_individually_context":"","bundle_item_grouping":"","bundle_min_size":"","bundle_max_size":"","bundle_price":[],"bundled_items":[],"bundle_sell_ids":[],"atum_controlled":true,"out_stock_date":null,"out_stock_threshold":null,"inheritable":false,"stock_on_hold":0,"sold_today":0,"sales_last_days":0,"out_stock_days":0,"lost_sales":0,"update_date":"2026-04-07T13:50:19","atum_locations":[],"atum_stock_status":"instock","restock_status":false,"low_stock_amount":"","sales_update_date":"2026-04-07T13:50:19","calc_backorders":null,"group_of_quantity":0,"min_quantity":0,"max_quantity":"","exclude_order_quantity_value_rules":"no","exclude_category_quantity_rules":"no","combine_variations":"no","yoast_head":"<!-- This site is optimized with the Yoast SEO Premium plugin v26.5 (Yoast SEO v26.5) - https:\/\/yoast.com\/wordpress\/plugins\/seo\/ -->\n<title>Vanilla Essential Oil | Living Libations<\/title>\n<meta name=\"description\" content=\"Vanilla Essential Oil ist ein reiner, potenter superkritischer Extrakt, der aus dem samtigen inneren Orchideen-Nektar der Uganda-Vanilleschote destilliert wird.\" \/>\n<meta name=\"robots\" content=\"index, follow, max-snippet:-1, max-image-preview:large, max-video-preview:-1\" \/>\n<link rel=\"canonical\" href=\"https:\/\/dutchhealthstore.com\/de\/product\/vanilla-essential-oil-living-libations\/\" \/>\n<meta property=\"og:locale\" content=\"de_DE\" \/>\n<meta property=\"og:type\" content=\"article\" \/>\n<meta property=\"og:title\" content=\"Vanilla Essential Oil - Dutch Health Store\" \/>\n<meta property=\"og:description\" content=\"Vanilla Essential Oil ist ein reiner, potenter superkritischer Extrakt, der aus dem samtigen inneren Orchideen-Nektar der Uganda-Vanilleschote destilliert wird.\" \/>\n<meta property=\"og:url\" content=\"https:\/\/dutchhealthstore.com\/de\/product\/vanilla-essential-oil-living-libations\/\" \/>\n<meta property=\"og:site_name\" content=\"Dutch Health Store\" \/>\n<meta property=\"article:publisher\" content=\"https:\/\/www.instagram.com\/dutchhealthstore\/\" \/>\n<meta property=\"article:modified_time\" content=\"2025-07-24T18:10:33+00:00\" \/>\n<meta property=\"og:image\" content=\"https:\/\/dutchhealthstore.com\/wp-content\/uploads\/2018\/05\/Living-Libations-Vanilla-Essential-Oil-e1596442820250.png\" \/>\n\t<meta property=\"og:image:width\" content=\"500\" \/>\n\t<meta property=\"og:image:height\" content=\"499\" \/>\n\t<meta property=\"og:image:type\" content=\"image\/jpeg\" \/>\n<meta name=\"twitter:card\" content=\"summary_large_image\" \/>\n<meta name=\"twitter:label1\" content=\"Preis\" \/>\n\t<meta name=\"twitter:data1\" content=\"&euro;90,00\" \/>\n\t<meta name=\"twitter:label2\" content=\"Verf\u00fcgbarkeit\" \/>\n\t<meta name=\"twitter:data2\" content=\"Auf Lager\" \/>\n<script type=\"application\/ld+json\" class=\"yoast-schema-graph\">{\"@context\":\"https:\/\/schema.org\",\"@graph\":[{\"@type\":\"WebPage\",\"@id\":\"https:\/\/dutchhealthstore.com\/de\/product\/vanilla-essential-oil-living-libations\/\",\"url\":\"https:\/\/dutchhealthstore.com\/de\/product\/vanilla-essential-oil-living-libations\/\",\"name\":\"Vanilla Essential Oil | Living Libations\",\"isPartOf\":{\"@id\":\"https:\/\/dutchhealthstore.com\/de\/#website\"},\"primaryImageOfPage\":{\"@id\":\"https:\/\/dutchhealthstore.com\/de\/product\/vanilla-essential-oil-living-libations\/#primaryimage\"},\"image\":{\"@id\":\"https:\/\/dutchhealthstore.com\/de\/product\/vanilla-essential-oil-living-libations\/#primaryimage\"},\"thumbnailUrl\":\"https:\/\/dutchhealthstore.com\/wp-content\/uploads\/2018\/05\/Living-Libations-Vanilla-Essential-Oil-e1596442820250.png\",\"datePublished\":\"2018-05-04T06:19:56+00:00\",\"dateModified\":\"2025-07-24T18:10:33+00:00\",\"description\":\"Vanilla Essential Oil ist ein reiner, potenter superkritischer Extrakt, der aus dem samtigen inneren Orchideen-Nektar der Uganda-Vanilleschote destilliert wird.\",\"breadcrumb\":{\"@id\":\"https:\/\/dutchhealthstore.com\/de\/product\/vanilla-essential-oil-living-libations\/#breadcrumb\"},\"inLanguage\":\"de\",\"potentialAction\":[{\"@type\":\"ReadAction\",\"target\":[\"https:\/\/dutchhealthstore.com\/de\/product\/vanilla-essential-oil-living-libations\/\"]}]},{\"@type\":\"ImageObject\",\"inLanguage\":\"de\",\"@id\":\"https:\/\/dutchhealthstore.com\/de\/product\/vanilla-essential-oil-living-libations\/#primaryimage\",\"url\":\"https:\/\/dutchhealthstore.com\/wp-content\/uploads\/2018\/05\/Living-Libations-Vanilla-Essential-Oil-e1596442820250.png\",\"contentUrl\":\"https:\/\/dutchhealthstore.com\/wp-content\/uploads\/2018\/05\/Living-Libations-Vanilla-Essential-Oil-e1596442820250.png\",\"width\":500,\"height\":499,\"caption\":\"Vanilla Essential Oil Living Libations\"},{\"@type\":\"BreadcrumbList\",\"@id\":\"https:\/\/dutchhealthstore.com\/de\/product\/vanilla-essential-oil-living-libations\/#breadcrumb\",\"itemListElement\":[{\"@type\":\"ListItem\",\"position\":1,\"name\":\"Home\",\"item\":\"https:\/\/dutchhealthstore.com\/de\/\"},{\"@type\":\"ListItem\",\"position\":2,\"name\":\"Shop\",\"item\":\"https:\/\/dutchhealthstore.com\/de\/shop-2\/\"},{\"@type\":\"ListItem\",\"position\":3,\"name\":\"Vanilla Essential Oil\"}]},{\"@type\":\"WebSite\",\"@id\":\"https:\/\/dutchhealthstore.com\/de\/#website\",\"url\":\"https:\/\/dutchhealthstore.com\/de\/\",\"name\":\"Dutch Health Store\",\"description\":\"Enhance Your Beauty with Organic &amp; Natural Skincare\",\"publisher\":{\"@id\":\"https:\/\/dutchhealthstore.com\/de\/#organization\"},\"potentialAction\":[{\"@type\":\"SearchAction\",\"target\":{\"@type\":\"EntryPoint\",\"urlTemplate\":\"https:\/\/dutchhealthstore.com\/de\/?s={search_term_string}\"},\"query-input\":{\"@type\":\"PropertyValueSpecification\",\"valueRequired\":true,\"valueName\":\"search_term_string\"}}],\"inLanguage\":\"de\"},{\"@type\":\"Organization\",\"@id\":\"https:\/\/dutchhealthstore.com\/de\/#organization\",\"name\":\"Dutch Health Store\",\"url\":\"https:\/\/dutchhealthstore.com\/de\/\",\"logo\":{\"@type\":\"ImageObject\",\"inLanguage\":\"de\",\"@id\":\"https:\/\/dutchhealthstore.com\/de\/#\/schema\/logo\/image\/\",\"url\":\"https:\/\/dutchhealthstore.com\/wp-content\/uploads\/2020\/08\/logo-dutchhealthstore-jpg-e1599484957574.jpg\",\"contentUrl\":\"https:\/\/dutchhealthstore.com\/wp-content\/uploads\/2020\/08\/logo-dutchhealthstore-jpg-e1599484957574.jpg\",\"width\":400,\"height\":62,\"caption\":\"Dutch Health Store\"},\"image\":{\"@id\":\"https:\/\/dutchhealthstore.com\/de\/#\/schema\/logo\/image\/\"},\"sameAs\":[\"https:\/\/www.instagram.com\/dutchhealthstore\/\",\"https:\/\/www.facebook.com\/dutchhealthstore\"]}]}<\/script>\n<meta property=\"product:brand\" content=\"Living Libations\" \/>\n<meta property=\"product:price:amount\" content=\"90.00\" \/>\n<meta property=\"product:price:currency\" content=\"EUR\" \/>\n<meta property=\"og:availability\" content=\"instock\" \/>\n<meta property=\"product:availability\" content=\"instock\" \/>\n<meta property=\"product:condition\" content=\"new\" \/>\n<!-- \/ Yoast SEO Premium plugin. -->","yoast_head_json":{"title":"Vanilla Essential Oil | Living Libations","description":"Vanilla Essential Oil ist ein reiner, potenter superkritischer Extrakt, der aus dem samtigen inneren Orchideen-Nektar der Uganda-Vanilleschote destilliert wird.","robots":{"index":"index","follow":"follow","max-snippet":"max-snippet:-1","max-image-preview":"max-image-preview:large","max-video-preview":"max-video-preview:-1"},"canonical":"https:\/\/dutchhealthstore.com\/de\/product\/vanilla-essential-oil-living-libations\/","og_locale":"de_DE","og_type":"article","og_title":"Vanilla Essential Oil - Dutch Health Store","og_description":"Vanilla Essential Oil ist ein reiner, potenter superkritischer Extrakt, der aus dem samtigen inneren Orchideen-Nektar der Uganda-Vanilleschote destilliert wird.","og_url":"https:\/\/dutchhealthstore.com\/de\/product\/vanilla-essential-oil-living-libations\/","og_site_name":"Dutch Health Store","article_publisher":"https:\/\/www.instagram.com\/dutchhealthstore\/","article_modified_time":"2025-07-24T18:10:33+00:00","og_image":[{"width":500,"height":499,"url":"https:\/\/dutchhealthstore.com\/wp-content\/uploads\/2018\/05\/Living-Libations-Vanilla-Essential-Oil-e1596442820250.png","type":"image\/jpeg"}],"twitter_card":"summary_large_image","twitter_misc":{"Preis":"&euro;90,00","Verf\u00fcgbarkeit":"Auf Lager"},"schema":{"@context":"https:\/\/schema.org","@graph":[{"@type":"WebPage","@id":"https:\/\/dutchhealthstore.com\/de\/product\/vanilla-essential-oil-living-libations\/","url":"https:\/\/dutchhealthstore.com\/de\/product\/vanilla-essential-oil-living-libations\/","name":"Vanilla Essential Oil | Living Libations","isPartOf":{"@id":"https:\/\/dutchhealthstore.com\/de\/#website"},"primaryImageOfPage":{"@id":"https:\/\/dutchhealthstore.com\/de\/product\/vanilla-essential-oil-living-libations\/#primaryimage"},"image":{"@id":"https:\/\/dutchhealthstore.com\/de\/product\/vanilla-essential-oil-living-libations\/#primaryimage"},"thumbnailUrl":"https:\/\/dutchhealthstore.com\/wp-content\/uploads\/2018\/05\/Living-Libations-Vanilla-Essential-Oil-e1596442820250.png","datePublished":"2018-05-04T06:19:56+00:00","dateModified":"2025-07-24T18:10:33+00:00","description":"Vanilla Essential Oil ist ein reiner, potenter superkritischer Extrakt, der aus dem samtigen inneren Orchideen-Nektar der Uganda-Vanilleschote destilliert wird.","breadcrumb":{"@id":"https:\/\/dutchhealthstore.com\/de\/product\/vanilla-essential-oil-living-libations\/#breadcrumb"},"inLanguage":"de","potentialAction":[{"@type":"ReadAction","target":["https:\/\/dutchhealthstore.com\/de\/product\/vanilla-essential-oil-living-libations\/"]}]},{"@type":"ImageObject","inLanguage":"de","@id":"https:\/\/dutchhealthstore.com\/de\/product\/vanilla-essential-oil-living-libations\/#primaryimage","url":"https:\/\/dutchhealthstore.com\/wp-content\/uploads\/2018\/05\/Living-Libations-Vanilla-Essential-Oil-e1596442820250.png","contentUrl":"https:\/\/dutchhealthstore.com\/wp-content\/uploads\/2018\/05\/Living-Libations-Vanilla-Essential-Oil-e1596442820250.png","width":500,"height":499,"caption":"Vanilla Essential Oil Living Libations"},{"@type":"BreadcrumbList","@id":"https:\/\/dutchhealthstore.com\/de\/product\/vanilla-essential-oil-living-libations\/#breadcrumb","itemListElement":[{"@type":"ListItem","position":1,"name":"Home","item":"https:\/\/dutchhealthstore.com\/de\/"},{"@type":"ListItem","position":2,"name":"Shop","item":"https:\/\/dutchhealthstore.com\/de\/shop-2\/"},{"@type":"ListItem","position":3,"name":"Vanilla Essential Oil"}]},{"@type":"WebSite","@id":"https:\/\/dutchhealthstore.com\/de\/#website","url":"https:\/\/dutchhealthstore.com\/de\/","name":"Dutch Health Store","description":"Enhance Your Beauty with Organic &amp; Natural Skincare","publisher":{"@id":"https:\/\/dutchhealthstore.com\/de\/#organization"},"potentialAction":[{"@type":"SearchAction","target":{"@type":"EntryPoint","urlTemplate":"https:\/\/dutchhealthstore.com\/de\/?s={search_term_string}"},"query-input":{"@type":"PropertyValueSpecification","valueRequired":true,"valueName":"search_term_string"}}],"inLanguage":"de"},{"@type":"Organization","@id":"https:\/\/dutchhealthstore.com\/de\/#organization","name":"Dutch Health Store","url":"https:\/\/dutchhealthstore.com\/de\/","logo":{"@type":"ImageObject","inLanguage":"de","@id":"https:\/\/dutchhealthstore.com\/de\/#\/schema\/logo\/image\/","url":"https:\/\/dutchhealthstore.com\/wp-content\/uploads\/2020\/08\/logo-dutchhealthstore-jpg-e1599484957574.jpg","contentUrl":"https:\/\/dutchhealthstore.com\/wp-content\/uploads\/2020\/08\/logo-dutchhealthstore-jpg-e1599484957574.jpg","width":400,"height":62,"caption":"Dutch Health Store"},"image":{"@id":"https:\/\/dutchhealthstore.com\/de\/#\/schema\/logo\/image\/"},"sameAs":["https:\/\/www.instagram.com\/dutchhealthstore\/","https:\/\/www.facebook.com\/dutchhealthstore"]}]},"product_brand":"Living Libations","product_price_amount":"90.00","product_price_currency":"EUR","og_availability":"instock","product_availability":"instock","product_condition":"new"},"_links":{"self":[{"href":"https:\/\/dutchhealthstore.com\/de\/wp-json\/wp\/v2\/product\/66690","targetHints":{"allow":["GET"]}}],"collection":[{"href":"https:\/\/dutchhealthstore.com\/de\/wp-json\/wp\/v2\/product"}],"about":[{"href":"https:\/\/dutchhealthstore.com\/de\/wp-json\/wp\/v2\/types\/product"}],"replies":[{"embeddable":true,"href":"https:\/\/dutchhealthstore.com\/de\/wp-json\/wp\/v2\/comments?post=66690"}],"wp:featuredmedia":[{"embeddable":true,"href":"https:\/\/dutchhealthstore.com\/de\/wp-json\/wp\/v2\/media\/117464"}],"wp:attachment":[{"href":"https:\/\/dutchhealthstore.com\/de\/wp-json\/wp\/v2\/media?parent=66690"}],"wp:term":[{"taxonomy":"product_brand","embeddable":true,"href":"https:\/\/dutchhealthstore.com\/de\/wp-json\/wp\/v2\/product_brand?post=66690"},{"taxonomy":"product_cat","embeddable":true,"href":"https:\/\/dutchhealthstore.com\/de\/wp-json\/wp\/v2\/product_cat?post=66690"},{"taxonomy":"product_tag","embeddable":true,"href":"https:\/\/dutchhealthstore.com\/de\/wp-json\/wp\/v2\/product_tag?post=66690"}],"curies":[{"name":"wp","href":"https:\/\/api.w.org\/{rel}","templated":true}]}}