{"id":66686,"date":"2018-02-10T19:30:06","date_gmt":"2018-02-10T18:30:06","guid":{"rendered":"https:\/\/dutchhealthstore.com\/product\/thyme-essential-oil\/"},"modified":"2026-03-13T11:52:02","modified_gmt":"2026-03-13T10:52:02","slug":"thyme-essential-oil","status":"publish","type":"product","link":"https:\/\/dutchhealthstore.com\/de\/product\/thyme-essential-oil\/","title":{"rendered":"Thyme Essential Oil"},"content":{"rendered":"<p style=\"font-weight: 400;\"><img decoding=\"async\" class=\"alignright size-full wp-image-37041\" src=\"https:\/\/dutchhealthstore.com\/wp-content\/uploads\/2018\/04\/Living_Libations-1.png\" alt=\"Organic &amp; Natural Beautyproducts - Living Libations\" width=\"175\" height=\"82\"><\/p>\n<p><strong>Botanischer Name:<\/strong> Thymus vulgaris<br \/>\n<strong>Botanische Familie:<\/strong> Lamiaceae<br \/>\n<strong>Extraktionsverfahren:<\/strong> Dampfdestilliert<br \/>\n<strong>Destillierter Teil der Pflanze:<\/strong> Bl\u00e4tter und Bl\u00fcten<br \/>\n<strong>Herkunftsland:<\/strong> Frankreich<br \/>\n<strong>Anbaumethode:<\/strong> Wild geerntet<br \/>\n<strong>Zusammensetzung:<\/strong> 100% Thymus vulgaris<br \/>\n<strong>Konsistenz:<\/strong> D\u00fcnn<\/p>\n<a href=\"https:\/\/dutchhealthstore.com\/wp-content\/uploads\/2019\/02\/ESSENTIAL-OIL-ANALYSIS-Thyme-Essential-Oil-Living-Libations.pdf\" class=\"button primary is-primary is-small\"  >\n\t\t<span>ANALYSE DER \u00c4THERISCHEN \u00d6LE &gt;&gt;<\/span>\n\t<\/a>\n\n<h3>Beschreibung des Duftes<\/h3>\n<p>Frisch, warm, krautig, heuartig und streng.<\/p>\n<h3>In Living Libations<\/h3>\n<p>Weihrauch Erster Freund, Illume Classic<\/p>\n<h3>Gut mischbar mit<\/h3>\n<p>Oregano, Majoran, Vitex, Lavendel, Weihrauch, Strohblume, Bergamotte, Salbei, Zitrone, Myrrhe, Zistrose, Eisenkraut, Melisse, Ylang, Vanille, Zypresse, Wacholder, Rose Otto und Spikenard.<\/p>\n<h3>Verwendet<\/h3>\n<p>Verd\u00fcnnen und als Hautserum und Reinigungsmittel verwenden. Aufmunternd und energetisierend. Zur Desodorierung der Luft verbreiten. Unterstreicht Parfums und Eau de Cologne. Wirksam zum Inhalieren in der Salzpfeife, aber am besten in Kombination mit anderen \u00e4therischen \u00d6len wie Ravensara, Eukalyptus, Rosmarin, Lavendel, Weihrauch und Majoran. F\u00fcr eine saubere Behandlung, wenn St\u00e4rke ben\u00f6tigt wird, verd\u00fcnnen Sie es auf 5% mit Lavendel.<\/p>\n<p>Thymian wird als &#8222;Duft der Morgend\u00e4mmerung im Paradies&#8220; beschrieben und erweist sich als heroisches Kraut. Es ist selten und bezaubernd, ein \u00d6l zu finden, das so kraftvoll ist und gleichzeitig so herrlich duftet. Das lateinische Wort thymos bedeutet &#8222;parf\u00fcmieren&#8220;, und die alten Griechen benutzten das Wort thymiatechny, um die Kunst zu beschreiben, Parf\u00fcms als Therapie zu verwenden. Thymian ist ein Dauerbrenner in der Parf\u00fcmindustrie und gleichzeitig ein Magier in Hautseren.<\/p>\n<p>Lassen Sie Ihren Geist mit diesen Molek\u00fclen parf\u00fcmieren, die den Weg f\u00fcr Konzentration und Kreativit\u00e4t frei machen.<\/p>\n<h3>Organic Ingredients<\/h3>\n<p>100% \u00e4therisches Thymian\u00f6l (Thymus vulgaris).<\/p>\n<p style=\"text-align: center;\"><em>&#8222;Echter Thymus vulgaris ist nicht so leicht erh\u00e4ltlich, wie man meinen k\u00f6nnte. In seinem unverf\u00e4lschten Zustand hat er einen wesentlich angenehmeren Duft als die meisten \u00d6le mit einem nach oben korrigierten Phenolgehalt.&#8220;<\/em><br \/>\n~Kurt Schnaubelt, <strong>Fortgeschrittene Aromatherapie<\/strong><\/p>\n<p style=\"text-align: center;\"><em>In der Seele des Thymians ist Feuer&#8230;&#8220;.<\/em><br \/>\n~Valerie Ann Worwood, <strong>Aromatherapie f\u00fcr die Seele<\/strong><\/p>\n<p style=\"text-align: center;\"><em>&#8220; [thyme] ist hilfreich bei mangelnder oder fehlender innerer W\u00e4rme, bei Wasser\u00fcberschuss, K\u00e4ltetendenzen, K\u00e4lte und Schw\u00e4che des <span style=\"font-size: 14.4px;\">Vitalzentrums<\/span>&#8222;.<\/em><br \/>\n~Marcel Lavabre, <strong>Aromatherapy Workbook<\/strong><\/p>\n<p style=\"text-align: center;\"><em>&#8222;Das \u00e4therische \u00d6l mindert die M\u00fcdigkeit und hilft, nach langen Leiden Kraft zu sch\u00f6pfen.<\/em><br \/>\n<em>Thymian wird sogar nachgesagt, dass er die Intelligenz steigert und die Konzentration f\u00f6rdert.<\/em><br \/>\n~Suzanne Fischer-Rizzi, <strong>Complete Aromatherapy Handbook<\/strong><\/p>\n<p style=\"text-align: center;\"><em>&#8222;Die R\u00f6mer badeten in Thymian, um <span style=\"font-size: 14.4px;\">Kraft<\/span> und Mut zu gewinnen&#8230; Es galt auch als ein hervorragendes Tonikum gegen Melancholie&#8230; Als R\u00e4uchermittel galt er als reinigendes Kraut, und man glaubte, dass er durch seinen Duft die Geister belebt&#8220;.<\/em><br \/>\n~Julia Lawless, <strong>Aromatherapy and the Mind<\/strong><\/p>\n<p style=\"text-align: center;\"><em>&#8222;Da das altgriechische Wort &#8218;thymos&#8216; &#8218;duften&#8216; bedeutet, ist es nicht verwunderlich, dass Thymian\u00f6l in der Parf\u00fcmerie verwendet wird.<\/em><br \/>\n~ Marlene Jones, <strong>The Complete Guide to Creating Oils, Soaps, Creams, and Herbal Gels for your Mind and Body<\/strong><\/p>\n<p>&nbsp;<\/p>\n<p style=\"text-align: center;\"><img fetchpriority=\"high\" decoding=\"async\" class=\"aligncenter size-full wp-image-31577\" src=\"https:\/\/dutchhealthstore.com\/wp-content\/uploads\/2018\/03\/organic_big.png\" alt=\"Organic and Natural - Living Libations\" width=\"623\" height=\"103\" srcset=\"https:\/\/dutchhealthstore.com\/wp-content\/uploads\/2018\/03\/organic_big.png 623w, https:\/\/dutchhealthstore.com\/wp-content\/uploads\/2018\/03\/organic_big-510x84.png 510w, https:\/\/dutchhealthstore.com\/wp-content\/uploads\/2018\/03\/organic_big-600x99.png 600w, https:\/\/dutchhealthstore.com\/wp-content\/uploads\/2018\/03\/organic_big-350x58.png 350w\" sizes=\"(max-width: 623px) 100vw, 623px\" \/><\/p>\n","protected":false},"excerpt":{"rendered":"<p><strong>Thyme Essential Oil<\/strong> ist ein starkes Desodorierungs- und Reinigungsmittel. Dieser warme, leicht strenge Duft zeugt von der schieren Pflanzenkraft dieser potenten Essenz. Dieses heldenhafte Kraut hilft seit jeher Menschen, sich nach einem R\u00fcckgang des Wohlbefindens emotional zu erholen. Unser \u00e4therisches \u00d6l aus wildem Thymian ist krautig und s\u00fc\u00df und eine der praktischsten Pflanzenessenzen, die Sie je kennenlernen werden.<\/p>\n","protected":false},"featured_media":117399,"comment_status":"open","ping_status":"closed","template":"","meta":[],"product_brand":[],"product_cat":[1508,1546,6737,1493,1210,511,6736],"product_tag":[1547],"class_list":{"0":"post-66686","1":"product","2":"type-product","3":"status-publish","4":"has-post-thumbnail","6":"product_cat-aetherische-oele-living-libations","7":"product_cat-essential-oils-living-libations-de","8":"product_cat-essential-oils-de-2","9":"product_cat-living-libations-deutschland","10":"product_cat-marken","11":"product_cat-produkte","12":"product_cat-wellness-de","13":"product_tag-essential-oil-de","14":"pa_bestsellers-goed-de","15":"pa_brand-livinglibations-de","16":"pa_essential-oils-product-type-essential-oils-de","17":"pa_size-5-ml-de","18":"pa_size-15-ml-de-2","20":"first","21":"outofstock","22":"taxable","23":"shipping-taxable","24":"purchasable","25":"product-type-variable"},"bundled_by":[],"bundle_stock_status":"outofstock","bundle_stock_quantity":null,"bundle_virtual":false,"bundle_layout":"","bundle_add_to_cart_form_location":"","bundle_editable_in_cart":false,"bundle_sold_individually_context":"","bundle_item_grouping":"","bundle_min_size":"","bundle_max_size":"","bundle_price":[],"bundled_items":[],"bundle_sell_ids":[],"atum_controlled":true,"out_stock_date":null,"out_stock_threshold":null,"inheritable":true,"stock_on_hold":0,"sold_today":0,"sales_last_days":0,"out_stock_days":0,"lost_sales":0,"update_date":"2026-04-05T01:45:29","atum_locations":[],"atum_stock_status":"outofstock","restock_status":false,"low_stock_amount":"","sales_update_date":"2026-04-05T01:45:29","calc_backorders":null,"group_of_quantity":0,"min_quantity":0,"max_quantity":"","exclude_order_quantity_value_rules":"no","exclude_category_quantity_rules":"no","combine_variations":"no","yoast_head":"<!-- This site is optimized with the Yoast SEO Premium plugin v26.5 (Yoast SEO v26.5) - https:\/\/yoast.com\/wordpress\/plugins\/seo\/ -->\n<title>Thyme Essential Oil | Living Libations<\/title>\n<meta name=\"description\" content=\"Thyme Essential Oil ist ein starkes Desodorierungs- und Reinigungsmittel. Dieser warme, leicht strenge Duft zeugt von der schieren Pflanzenkraft dieser potenten Essenz.\" \/>\n<meta name=\"robots\" content=\"index, follow, max-snippet:-1, max-image-preview:large, max-video-preview:-1\" \/>\n<link rel=\"canonical\" href=\"https:\/\/dutchhealthstore.com\/de\/product\/thyme-essential-oil\/\" \/>\n<meta property=\"og:locale\" content=\"de_DE\" \/>\n<meta property=\"og:type\" content=\"article\" \/>\n<meta property=\"og:title\" content=\"Thyme Essential Oil - Dutch Health Store\" \/>\n<meta property=\"og:description\" content=\"Thyme Essential Oil ist ein starkes Desodorierungs- und Reinigungsmittel. Dieser warme, leicht strenge Duft zeugt von der schieren Pflanzenkraft dieser potenten Essenz.\" \/>\n<meta property=\"og:url\" content=\"https:\/\/dutchhealthstore.com\/de\/product\/thyme-essential-oil\/\" \/>\n<meta property=\"og:site_name\" content=\"Dutch Health Store\" \/>\n<meta property=\"article:publisher\" content=\"https:\/\/www.instagram.com\/dutchhealthstore\/\" \/>\n<meta property=\"article:modified_time\" content=\"2026-03-13T10:52:02+00:00\" \/>\n<meta property=\"og:image\" content=\"https:\/\/dutchhealthstore.com\/wp-content\/uploads\/2018\/02\/Living-Libations-Thyme-Essential-Oil-e1596437588518.jpg\" \/>\n\t<meta property=\"og:image:width\" content=\"500\" \/>\n\t<meta property=\"og:image:height\" content=\"500\" \/>\n\t<meta property=\"og:image:type\" content=\"image\/jpeg\" \/>\n<meta name=\"twitter:card\" content=\"summary_large_image\" \/>\n<meta name=\"twitter:label1\" content=\"Verf\u00fcgbarkeit\" \/>\n\t<meta name=\"twitter:data1\" content=\"ausverkauft\" \/>\n<script type=\"application\/ld+json\" class=\"yoast-schema-graph\">{\"@context\":\"https:\/\/schema.org\",\"@graph\":[{\"@type\":\"WebPage\",\"@id\":\"https:\/\/dutchhealthstore.com\/de\/product\/thyme-essential-oil\/\",\"url\":\"https:\/\/dutchhealthstore.com\/de\/product\/thyme-essential-oil\/\",\"name\":\"Thyme Essential Oil | Living Libations\",\"isPartOf\":{\"@id\":\"https:\/\/dutchhealthstore.com\/de\/#website\"},\"primaryImageOfPage\":{\"@id\":\"https:\/\/dutchhealthstore.com\/de\/product\/thyme-essential-oil\/#primaryimage\"},\"image\":{\"@id\":\"https:\/\/dutchhealthstore.com\/de\/product\/thyme-essential-oil\/#primaryimage\"},\"thumbnailUrl\":\"https:\/\/dutchhealthstore.com\/wp-content\/uploads\/2018\/02\/Living-Libations-Thyme-Essential-Oil-e1596437588518.jpg\",\"datePublished\":\"2018-02-10T18:30:06+00:00\",\"dateModified\":\"2026-03-13T10:52:02+00:00\",\"description\":\"Thyme Essential Oil ist ein starkes Desodorierungs- und Reinigungsmittel. Dieser warme, leicht strenge Duft zeugt von der schieren Pflanzenkraft dieser potenten Essenz.\",\"breadcrumb\":{\"@id\":\"https:\/\/dutchhealthstore.com\/de\/product\/thyme-essential-oil\/#breadcrumb\"},\"inLanguage\":\"de\",\"potentialAction\":[{\"@type\":\"ReadAction\",\"target\":[\"https:\/\/dutchhealthstore.com\/de\/product\/thyme-essential-oil\/\"]}]},{\"@type\":\"ImageObject\",\"inLanguage\":\"de\",\"@id\":\"https:\/\/dutchhealthstore.com\/de\/product\/thyme-essential-oil\/#primaryimage\",\"url\":\"https:\/\/dutchhealthstore.com\/wp-content\/uploads\/2018\/02\/Living-Libations-Thyme-Essential-Oil-e1596437588518.jpg\",\"contentUrl\":\"https:\/\/dutchhealthstore.com\/wp-content\/uploads\/2018\/02\/Living-Libations-Thyme-Essential-Oil-e1596437588518.jpg\",\"width\":500,\"height\":500,\"caption\":\"Living Libations Thyme Essential Oil\"},{\"@type\":\"BreadcrumbList\",\"@id\":\"https:\/\/dutchhealthstore.com\/de\/product\/thyme-essential-oil\/#breadcrumb\",\"itemListElement\":[{\"@type\":\"ListItem\",\"position\":1,\"name\":\"Home\",\"item\":\"https:\/\/dutchhealthstore.com\/de\/\"},{\"@type\":\"ListItem\",\"position\":2,\"name\":\"Shop\",\"item\":\"https:\/\/dutchhealthstore.com\/de\/shop-2\/\"},{\"@type\":\"ListItem\",\"position\":3,\"name\":\"Thyme Essential Oil\"}]},{\"@type\":\"WebSite\",\"@id\":\"https:\/\/dutchhealthstore.com\/de\/#website\",\"url\":\"https:\/\/dutchhealthstore.com\/de\/\",\"name\":\"Dutch Health Store\",\"description\":\"Enhance Your Beauty with Organic &amp; Natural Skincare\",\"publisher\":{\"@id\":\"https:\/\/dutchhealthstore.com\/de\/#organization\"},\"potentialAction\":[{\"@type\":\"SearchAction\",\"target\":{\"@type\":\"EntryPoint\",\"urlTemplate\":\"https:\/\/dutchhealthstore.com\/de\/?s={search_term_string}\"},\"query-input\":{\"@type\":\"PropertyValueSpecification\",\"valueRequired\":true,\"valueName\":\"search_term_string\"}}],\"inLanguage\":\"de\"},{\"@type\":\"Organization\",\"@id\":\"https:\/\/dutchhealthstore.com\/de\/#organization\",\"name\":\"Dutch Health Store\",\"url\":\"https:\/\/dutchhealthstore.com\/de\/\",\"logo\":{\"@type\":\"ImageObject\",\"inLanguage\":\"de\",\"@id\":\"https:\/\/dutchhealthstore.com\/de\/#\/schema\/logo\/image\/\",\"url\":\"https:\/\/dutchhealthstore.com\/wp-content\/uploads\/2020\/08\/logo-dutchhealthstore-jpg-e1599484957574.jpg\",\"contentUrl\":\"https:\/\/dutchhealthstore.com\/wp-content\/uploads\/2020\/08\/logo-dutchhealthstore-jpg-e1599484957574.jpg\",\"width\":400,\"height\":62,\"caption\":\"Dutch Health Store\"},\"image\":{\"@id\":\"https:\/\/dutchhealthstore.com\/de\/#\/schema\/logo\/image\/\"},\"sameAs\":[\"https:\/\/www.instagram.com\/dutchhealthstore\/\",\"https:\/\/www.facebook.com\/dutchhealthstore\"]}]}<\/script>\n<meta property=\"product:brand\" content=\"Living Libations\" \/>\n<meta property=\"og:availability\" content=\"out of stock\" \/>\n<meta property=\"product:availability\" content=\"out of stock\" \/>\n<meta property=\"product:condition\" content=\"new\" \/>\n<!-- \/ Yoast SEO Premium plugin. -->","yoast_head_json":{"title":"Thyme Essential Oil | Living Libations","description":"Thyme Essential Oil ist ein starkes Desodorierungs- und Reinigungsmittel. Dieser warme, leicht strenge Duft zeugt von der schieren Pflanzenkraft dieser potenten Essenz.","robots":{"index":"index","follow":"follow","max-snippet":"max-snippet:-1","max-image-preview":"max-image-preview:large","max-video-preview":"max-video-preview:-1"},"canonical":"https:\/\/dutchhealthstore.com\/de\/product\/thyme-essential-oil\/","og_locale":"de_DE","og_type":"article","og_title":"Thyme Essential Oil - Dutch Health Store","og_description":"Thyme Essential Oil ist ein starkes Desodorierungs- und Reinigungsmittel. Dieser warme, leicht strenge Duft zeugt von der schieren Pflanzenkraft dieser potenten Essenz.","og_url":"https:\/\/dutchhealthstore.com\/de\/product\/thyme-essential-oil\/","og_site_name":"Dutch Health Store","article_publisher":"https:\/\/www.instagram.com\/dutchhealthstore\/","article_modified_time":"2026-03-13T10:52:02+00:00","og_image":[{"width":500,"height":500,"url":"https:\/\/dutchhealthstore.com\/wp-content\/uploads\/2018\/02\/Living-Libations-Thyme-Essential-Oil-e1596437588518.jpg","type":"image\/jpeg"}],"twitter_card":"summary_large_image","twitter_misc":{"Verf\u00fcgbarkeit":"ausverkauft"},"schema":{"@context":"https:\/\/schema.org","@graph":[{"@type":"WebPage","@id":"https:\/\/dutchhealthstore.com\/de\/product\/thyme-essential-oil\/","url":"https:\/\/dutchhealthstore.com\/de\/product\/thyme-essential-oil\/","name":"Thyme Essential Oil | Living Libations","isPartOf":{"@id":"https:\/\/dutchhealthstore.com\/de\/#website"},"primaryImageOfPage":{"@id":"https:\/\/dutchhealthstore.com\/de\/product\/thyme-essential-oil\/#primaryimage"},"image":{"@id":"https:\/\/dutchhealthstore.com\/de\/product\/thyme-essential-oil\/#primaryimage"},"thumbnailUrl":"https:\/\/dutchhealthstore.com\/wp-content\/uploads\/2018\/02\/Living-Libations-Thyme-Essential-Oil-e1596437588518.jpg","datePublished":"2018-02-10T18:30:06+00:00","dateModified":"2026-03-13T10:52:02+00:00","description":"Thyme Essential Oil ist ein starkes Desodorierungs- und Reinigungsmittel. Dieser warme, leicht strenge Duft zeugt von der schieren Pflanzenkraft dieser potenten Essenz.","breadcrumb":{"@id":"https:\/\/dutchhealthstore.com\/de\/product\/thyme-essential-oil\/#breadcrumb"},"inLanguage":"de","potentialAction":[{"@type":"ReadAction","target":["https:\/\/dutchhealthstore.com\/de\/product\/thyme-essential-oil\/"]}]},{"@type":"ImageObject","inLanguage":"de","@id":"https:\/\/dutchhealthstore.com\/de\/product\/thyme-essential-oil\/#primaryimage","url":"https:\/\/dutchhealthstore.com\/wp-content\/uploads\/2018\/02\/Living-Libations-Thyme-Essential-Oil-e1596437588518.jpg","contentUrl":"https:\/\/dutchhealthstore.com\/wp-content\/uploads\/2018\/02\/Living-Libations-Thyme-Essential-Oil-e1596437588518.jpg","width":500,"height":500,"caption":"Living Libations Thyme Essential Oil"},{"@type":"BreadcrumbList","@id":"https:\/\/dutchhealthstore.com\/de\/product\/thyme-essential-oil\/#breadcrumb","itemListElement":[{"@type":"ListItem","position":1,"name":"Home","item":"https:\/\/dutchhealthstore.com\/de\/"},{"@type":"ListItem","position":2,"name":"Shop","item":"https:\/\/dutchhealthstore.com\/de\/shop-2\/"},{"@type":"ListItem","position":3,"name":"Thyme Essential Oil"}]},{"@type":"WebSite","@id":"https:\/\/dutchhealthstore.com\/de\/#website","url":"https:\/\/dutchhealthstore.com\/de\/","name":"Dutch Health Store","description":"Enhance Your Beauty with Organic &amp; Natural Skincare","publisher":{"@id":"https:\/\/dutchhealthstore.com\/de\/#organization"},"potentialAction":[{"@type":"SearchAction","target":{"@type":"EntryPoint","urlTemplate":"https:\/\/dutchhealthstore.com\/de\/?s={search_term_string}"},"query-input":{"@type":"PropertyValueSpecification","valueRequired":true,"valueName":"search_term_string"}}],"inLanguage":"de"},{"@type":"Organization","@id":"https:\/\/dutchhealthstore.com\/de\/#organization","name":"Dutch Health Store","url":"https:\/\/dutchhealthstore.com\/de\/","logo":{"@type":"ImageObject","inLanguage":"de","@id":"https:\/\/dutchhealthstore.com\/de\/#\/schema\/logo\/image\/","url":"https:\/\/dutchhealthstore.com\/wp-content\/uploads\/2020\/08\/logo-dutchhealthstore-jpg-e1599484957574.jpg","contentUrl":"https:\/\/dutchhealthstore.com\/wp-content\/uploads\/2020\/08\/logo-dutchhealthstore-jpg-e1599484957574.jpg","width":400,"height":62,"caption":"Dutch Health Store"},"image":{"@id":"https:\/\/dutchhealthstore.com\/de\/#\/schema\/logo\/image\/"},"sameAs":["https:\/\/www.instagram.com\/dutchhealthstore\/","https:\/\/www.facebook.com\/dutchhealthstore"]}]},"product_brand":"Living Libations","og_availability":"out of stock","product_availability":"out of stock","product_condition":"new"},"_links":{"self":[{"href":"https:\/\/dutchhealthstore.com\/de\/wp-json\/wp\/v2\/product\/66686","targetHints":{"allow":["GET"]}}],"collection":[{"href":"https:\/\/dutchhealthstore.com\/de\/wp-json\/wp\/v2\/product"}],"about":[{"href":"https:\/\/dutchhealthstore.com\/de\/wp-json\/wp\/v2\/types\/product"}],"replies":[{"embeddable":true,"href":"https:\/\/dutchhealthstore.com\/de\/wp-json\/wp\/v2\/comments?post=66686"}],"wp:featuredmedia":[{"embeddable":true,"href":"https:\/\/dutchhealthstore.com\/de\/wp-json\/wp\/v2\/media\/117399"}],"wp:attachment":[{"href":"https:\/\/dutchhealthstore.com\/de\/wp-json\/wp\/v2\/media?parent=66686"}],"wp:term":[{"taxonomy":"product_brand","embeddable":true,"href":"https:\/\/dutchhealthstore.com\/de\/wp-json\/wp\/v2\/product_brand?post=66686"},{"taxonomy":"product_cat","embeddable":true,"href":"https:\/\/dutchhealthstore.com\/de\/wp-json\/wp\/v2\/product_cat?post=66686"},{"taxonomy":"product_tag","embeddable":true,"href":"https:\/\/dutchhealthstore.com\/de\/wp-json\/wp\/v2\/product_tag?post=66686"}],"curies":[{"name":"wp","href":"https:\/\/api.w.org\/{rel}","templated":true}]}}