{"id":66670,"date":"2018-02-10T19:29:47","date_gmt":"2018-02-10T18:29:47","guid":{"rendered":"https:\/\/dutchhealthstore.com\/product\/peppermint-essential-oil\/"},"modified":"2026-02-14T15:06:12","modified_gmt":"2026-02-14T14:06:12","slug":"peppermint-essential-oil","status":"publish","type":"product","link":"https:\/\/dutchhealthstore.com\/de\/product\/peppermint-essential-oil\/","title":{"rendered":"Peppermint Essential Oil"},"content":{"rendered":"<p style=\"font-weight: 400;\"><img decoding=\"async\" class=\"alignright size-full wp-image-37041\" src=\"https:\/\/dutchhealthstore.com\/wp-content\/uploads\/2018\/04\/Living_Libations-1.png\" alt=\"Organic &amp; Natural Beautyproducts - Living Libations\" width=\"175\" height=\"82\"><\/p>\n<p><strong>Botanischer Name: <\/strong><em>Mentha piperita<\/em><br \/>\n<strong>Botanische Familie:<\/strong> <em>Lamiaceae<\/em><br \/>\n<strong>Extraktionsverfahren:<\/strong> Dampfdestilliert<br \/>\n<strong>Teil der Pflanze Destilliert:<\/strong> Bl\u00e4tter<br \/>\n<strong>Herkunftsland: <\/strong>Frankreich<br \/>\n<strong>Anbaumethode:<\/strong> Bio<br \/>\n<strong>Zusammensetzung:<\/strong> 100% <em>Mentha piperita<\/em><br \/>\n<strong>Konsistenz:<\/strong> D\u00fcnne Viskosit\u00e4t<\/p>\n<h3>Beschreibung des Duftes<\/h3>\n<p>Scharfe, frische, minzige Intensit\u00e4t.<\/p>\n<h3>In Living Libations<\/h3>\n<p>Happy Gum Drops, Ozonisiertes Happy Gum Gel, Minze + Myrrhe Zahnseren, Lucky Love Butter, Weihrauch First Friend, Tonic, Mint Condition Lip Fix, Seabuckthorn Cinnamon Hot Lover Lips, Feeling the Shoulder of the Lion, Peppermint Pal, Altogether Now Chocolate Bar, Open Sky Eye Serum, Open Sky Sheer Serum, Petal Soother Yoni Serum, Scalp Tonic, Seabuckthorn Shampoo, Seabuckthorn Styling Serum, Frankinense Fresh Sensitive Toothpaste und Peppermint Exfoliating Scrub.<\/p>\n<h3>Gut mischbar mit<\/h3>\n<p>Weihrauch, Minze, Lavendel, Majoran, Zitrone, Bergamotte, Limette, Wei\u00dftanne, Geranie, Kamille, Rainfarn, Teebaum, Thymian, Oregano, Karottensamen, Fichte und Schafgarbe.<\/p>\n<a href=\"https:\/\/dutchhealthstore.com\/wp-content\/uploads\/2018\/02\/ANALYSIS-Peppermint-Essential-Oil-Living-Libations.pdf\" class=\"button primary is-primary is-small\"  >\n\t\t<span>ANALYSE DER \u00c4THERISCHEN \u00d6LE &gt;<\/span>\n\t<\/a>\n\n<h3>Verwendet<\/h3>\n<p>Beruhigend und k\u00fchlend, einen Tropfen auf Schl\u00e4fen und Nacken auftragen. Verd\u00fcnnen und in Jojoba oder Best Skin Ever verwenden, um R\u00f6tungen zu k\u00fchlen. Inhalieren Sie in Salzpfeifen und -diffusoren, um die Konzentration zu verbessern, sch\u00f6n zu atmen und die Apathie zu lindern. Super duper in einer Salzpfeife. Kristallklar in Diffusoren. F\u00fchlt sich gut an auf Stirnen, die zu viel nachgedacht haben. Wirkt wie tragbares Pfefferminz-Eis: Einfach auf die Haut auftragen, die eine k\u00fchle Streicheleinheit braucht.<\/p>\n<h3>Organic Ingredients<\/h3>\n<p>100% reines \u00e4therisches Pfefferminz\u00f6l (mentha peperita).<\/p>\n<h3>Kontraindikation<\/h3>\n<p>Aufgrund seiner k\u00fchlenden Eigenschaften sollte es bei Kindern unter f\u00fcnf Jahren nicht unverd\u00fcnnt angewendet werden, da es die K\u00f6rpertemperatur senken kann. Es ist in Ordnung, eine kleine Menge (1-2 %) verd\u00fcnnt zu verwenden, oder die Verwendung von Minze zu erw\u00e4gen, die milder ist.<\/p>\n<p>Pleasant Peppermint Essential wird von einem unserer bevorzugten Familiendestillateure in vierter Generation destilliert. Sie kreieren eine magische Minze, die einzige Pfefferminze, die wir finden k\u00f6nnen, die aus frischen (statt getrockneten) Bl\u00e4ttern destilliert wird. Dieses antike Elixier war ein Hauptbestandteil des ber\u00fchmten \u00e4gyptischen Parf\u00fcmpr\u00e4parats Kyphi. Die fr\u00fchen Griechen verwendeten die m\u00e4chtige Minze in ihrem Badewasser und als Heilpflanze. Ende des 19. Jahrhunderts war die Pfefferminze in Europa in aller Munde und war und ist weit mehr als nur ein Atemerfrischer. Es f\u00fchlt sich angenehm wie Eis auf der Haut an.<\/p>\n<p>Der Name Minze leitet sich vom lateinischen <em>mente<\/em> ab, was so viel wie &#8222;Gedanke&#8220; bedeutet, denn unsere Vorfahren in der Antike hielten sie f\u00fcr eine St\u00e4rkung des Gehirns. Diese energetisierende Essenz kann auch die geistige Klarheit verbessern, die Konzentration steigern und ein messerscharfes Ged\u00e4chtnis kultivieren. Apathie kann der Pfefferminze nicht das Wasser reichen, denn sie wird inhaliert, um zu beleben und lebendig zu werden.<\/p>\n<p>So viele Verwendungsm\u00f6glichkeiten f\u00fcr die wunderbare Minze, sie ist hilfreich und handlich, wie das Schweizer Taschenmesser der \u00e4therischen \u00d6le! Ich gehe nie ohne sie aus dem Haus!<\/p>\n<p style=\"text-align: center;\"><em>&#8222;F\u00fcr den Anwender der Aromatherapie ist Pfefferminz\u00f6l ebenso unentbehrlich wie problematisch: unentbehrlich wegen seiner tonisierenden Eigenschaften; problematisch wegen der vielen verschiedenen Qualit\u00e4ten und Zusammensetzungen, in denen es angeboten wird. Pfefferminz\u00f6l wird in den Vereinigten Staaten und in China industriell hergestellt, haupts\u00e4chlich f\u00fcr die Produktion von Menthol. Bei den meisten in den USA hergestellten \u00d6len handelt es sich um standardisierte Mischungen unterschiedlicher Qualit\u00e4t&#8230; die in England und Frankreich hergestellten \u00d6le eignen sich am besten f\u00fcr die Verwendung in der Aromatherapie&#8230;&#8220;<br \/>\n<\/em>~ Kurt Schnaubelt, <em><strong>Advanced Aromatherapy<\/strong><\/em><\/p>\n<p style=\"text-align: center;\"><em>&#8222;Es ist das Schicksal der Minze, zerquetscht zu werden&#8220;<br \/>\n ~<\/em> Waverly Lewis Root<\/p>\n<p style=\"text-align: center;\"><em>&#8222;In der r\u00f6mischen Mythologie, als Pluto der Nymphe Mentha seine Liebe gestand, zermalmte seine Frau Persephone vor Eifersucht Mentha zu Staub auf dem Boden. Pluto, der sie nicht zur\u00fcckverwandeln konnte, verwandelte sie in eine Pfefferminzpflanze und verlieh ihr einen frischen Duft, damit sie s\u00fc\u00df duftete, wenn man sie betrat.&#8220;<br \/>\n<\/em>~ Alan Higley (quoting Roberta Wilson), <strong>Reference Guide for Essential Oils<\/strong><\/p>\n<p><img fetchpriority=\"high\" decoding=\"async\" class=\"size-medium wp-image-68103 aligncenter\" src=\"https:\/\/dutchhealthstore.com\/wp-content\/uploads\/2018\/02\/Living-Libations-Organic-Logo-800x89.png\" alt=\"Living Libations - Organic Logo\" width=\"800\" height=\"89\" srcset=\"https:\/\/dutchhealthstore.com\/wp-content\/uploads\/2018\/02\/Living-Libations-Organic-Logo-800x89.png 800w, https:\/\/dutchhealthstore.com\/wp-content\/uploads\/2018\/02\/Living-Libations-Organic-Logo-510x57.png 510w, https:\/\/dutchhealthstore.com\/wp-content\/uploads\/2018\/02\/Living-Libations-Organic-Logo-768x85.png 768w, https:\/\/dutchhealthstore.com\/wp-content\/uploads\/2018\/02\/Living-Libations-Organic-Logo.png 1400w\" sizes=\"(max-width: 800px) 100vw, 800px\" \/><\/p>\n","protected":false},"excerpt":{"rendered":"<p>Das freche und durchdringende <strong>Peppermint Essential Oil<\/strong> ist ein erfrischender Ausbruch von lebhaften, m\u00e4chtigen Minzmolek\u00fclen.<br \/>\nMentha peperita w\u00e4chst in ganz Europa, Australien und Nordamerika, doch unser franz\u00f6sischer Destillateur bietet eine der reinsten und pfeffrigsten Minzen aller L\u00e4nder.<br \/>\nPfefferminze wird h\u00e4ufig Seifen, Zahnpasta, Kaugummi und Kerzen zugesetzt und ist seit vielen Jahrhunderten ein beliebter Atemerfrischer.<br \/>\nDer helle, lebendige Duft ist ein koffeinfreier Weckruf f\u00fcr den Morgen.<\/p>\n","protected":false},"featured_media":113971,"comment_status":"open","ping_status":"closed","template":"","meta":[],"product_brand":[],"product_cat":[6737,1508,1546,1493,1210,511,6736],"product_tag":[1547],"class_list":{"0":"post-66670","1":"product","2":"type-product","3":"status-publish","4":"has-post-thumbnail","6":"product_cat-essential-oils-de-2","7":"product_cat-aetherische-oele-living-libations","8":"product_cat-essential-oils-living-libations-de","9":"product_cat-living-libations-deutschland","10":"product_cat-marken","11":"product_cat-produkte","12":"product_cat-wellness-de","13":"product_tag-essential-oil-de","14":"pa_brand-livinglibations-de","15":"pa_essential-oils-product-type-essential-oils-de","16":"pa_size-5-ml-de","17":"pa_size-15-ml-de-2","18":"pa_size-30-ml-de","20":"first","21":"instock","22":"taxable","23":"shipping-taxable","24":"purchasable","25":"product-type-variable"},"bundled_by":[],"bundle_stock_status":"instock","bundle_stock_quantity":null,"bundle_virtual":false,"bundle_layout":"","bundle_add_to_cart_form_location":"","bundle_editable_in_cart":false,"bundle_sold_individually_context":"","bundle_item_grouping":"","bundle_min_size":"","bundle_max_size":"","bundle_price":[],"bundled_items":[],"bundle_sell_ids":[],"atum_controlled":true,"out_stock_date":null,"out_stock_threshold":null,"inheritable":true,"stock_on_hold":1,"sold_today":0,"sales_last_days":0,"out_stock_days":0,"lost_sales":0,"update_date":"2026-04-11T00:01:02","atum_locations":[],"atum_stock_status":"instock","restock_status":false,"low_stock_amount":"","sales_update_date":"2026-04-11T00:01:02","calc_backorders":null,"group_of_quantity":0,"min_quantity":0,"max_quantity":"","exclude_order_quantity_value_rules":"no","exclude_category_quantity_rules":"no","combine_variations":"no","yoast_head":"<!-- This site is optimized with the Yoast SEO Premium plugin v26.5 (Yoast SEO v26.5) - https:\/\/yoast.com\/wordpress\/plugins\/seo\/ -->\n<title>Peppermint Essential Oil | Living Libations<\/title>\n<meta name=\"description\" content=\"Living Libations Peppermint Essential Oil ist ein erfrischender Ausbruch von lebendigen, m\u00e4chtigen Minzmolek\u00fclen. Mentha peperita w\u00e4chst in ganz Europa.\" \/>\n<meta name=\"robots\" content=\"index, follow, max-snippet:-1, max-image-preview:large, max-video-preview:-1\" \/>\n<link rel=\"canonical\" href=\"https:\/\/dutchhealthstore.com\/de\/product\/peppermint-essential-oil\/\" \/>\n<meta property=\"og:locale\" content=\"de_DE\" \/>\n<meta property=\"og:type\" content=\"article\" \/>\n<meta property=\"og:title\" content=\"Peppermint Essential Oil - Dutch Health Store\" \/>\n<meta property=\"og:description\" content=\"Living Libations Peppermint Essential Oil ist ein erfrischender Ausbruch von lebendigen, m\u00e4chtigen Minzmolek\u00fclen. Mentha peperita w\u00e4chst in ganz Europa.\" \/>\n<meta property=\"og:url\" content=\"https:\/\/dutchhealthstore.com\/de\/product\/peppermint-essential-oil\/\" \/>\n<meta property=\"og:site_name\" content=\"Dutch Health Store\" \/>\n<meta property=\"article:publisher\" content=\"https:\/\/www.instagram.com\/dutchhealthstore\/\" \/>\n<meta property=\"article:modified_time\" content=\"2026-02-14T14:06:12+00:00\" \/>\n<meta property=\"og:image\" content=\"https:\/\/dutchhealthstore.com\/wp-content\/uploads\/2018\/02\/Living-Libations-Peppermint-Essential-Oil-e1594888476100.jpg\" \/>\n\t<meta property=\"og:image:width\" content=\"500\" \/>\n\t<meta property=\"og:image:height\" content=\"500\" \/>\n\t<meta property=\"og:image:type\" content=\"image\/jpeg\" \/>\n<meta name=\"twitter:card\" content=\"summary_large_image\" \/>\n<meta name=\"twitter:label1\" content=\"Verf\u00fcgbarkeit\" \/>\n\t<meta name=\"twitter:data1\" content=\"Auf Lager\" \/>\n<script type=\"application\/ld+json\" class=\"yoast-schema-graph\">{\"@context\":\"https:\/\/schema.org\",\"@graph\":[{\"@type\":\"WebPage\",\"@id\":\"https:\/\/dutchhealthstore.com\/de\/product\/peppermint-essential-oil\/\",\"url\":\"https:\/\/dutchhealthstore.com\/de\/product\/peppermint-essential-oil\/\",\"name\":\"Peppermint Essential Oil | Living Libations\",\"isPartOf\":{\"@id\":\"https:\/\/dutchhealthstore.com\/de\/#website\"},\"primaryImageOfPage\":{\"@id\":\"https:\/\/dutchhealthstore.com\/de\/product\/peppermint-essential-oil\/#primaryimage\"},\"image\":{\"@id\":\"https:\/\/dutchhealthstore.com\/de\/product\/peppermint-essential-oil\/#primaryimage\"},\"thumbnailUrl\":\"https:\/\/dutchhealthstore.com\/wp-content\/uploads\/2018\/02\/Living-Libations-Peppermint-Essential-Oil-e1594888476100.jpg\",\"datePublished\":\"2018-02-10T18:29:47+00:00\",\"dateModified\":\"2026-02-14T14:06:12+00:00\",\"description\":\"Living Libations Peppermint Essential Oil ist ein erfrischender Ausbruch von lebendigen, m\u00e4chtigen Minzmolek\u00fclen. Mentha peperita w\u00e4chst in ganz Europa.\",\"breadcrumb\":{\"@id\":\"https:\/\/dutchhealthstore.com\/de\/product\/peppermint-essential-oil\/#breadcrumb\"},\"inLanguage\":\"de\",\"potentialAction\":[{\"@type\":\"ReadAction\",\"target\":[\"https:\/\/dutchhealthstore.com\/de\/product\/peppermint-essential-oil\/\"]}]},{\"@type\":\"ImageObject\",\"inLanguage\":\"de\",\"@id\":\"https:\/\/dutchhealthstore.com\/de\/product\/peppermint-essential-oil\/#primaryimage\",\"url\":\"https:\/\/dutchhealthstore.com\/wp-content\/uploads\/2018\/02\/Living-Libations-Peppermint-Essential-Oil-e1594888476100.jpg\",\"contentUrl\":\"https:\/\/dutchhealthstore.com\/wp-content\/uploads\/2018\/02\/Living-Libations-Peppermint-Essential-Oil-e1594888476100.jpg\",\"width\":500,\"height\":500,\"caption\":\"Living Libations Peppermint Essential Oil\"},{\"@type\":\"BreadcrumbList\",\"@id\":\"https:\/\/dutchhealthstore.com\/de\/product\/peppermint-essential-oil\/#breadcrumb\",\"itemListElement\":[{\"@type\":\"ListItem\",\"position\":1,\"name\":\"Home\",\"item\":\"https:\/\/dutchhealthstore.com\/de\/\"},{\"@type\":\"ListItem\",\"position\":2,\"name\":\"Shop\",\"item\":\"https:\/\/dutchhealthstore.com\/de\/shop-2\/\"},{\"@type\":\"ListItem\",\"position\":3,\"name\":\"Peppermint Essential Oil\"}]},{\"@type\":\"WebSite\",\"@id\":\"https:\/\/dutchhealthstore.com\/de\/#website\",\"url\":\"https:\/\/dutchhealthstore.com\/de\/\",\"name\":\"Dutch Health Store\",\"description\":\"Enhance Your Beauty with Organic &amp; Natural Skincare\",\"publisher\":{\"@id\":\"https:\/\/dutchhealthstore.com\/de\/#organization\"},\"potentialAction\":[{\"@type\":\"SearchAction\",\"target\":{\"@type\":\"EntryPoint\",\"urlTemplate\":\"https:\/\/dutchhealthstore.com\/de\/?s={search_term_string}\"},\"query-input\":{\"@type\":\"PropertyValueSpecification\",\"valueRequired\":true,\"valueName\":\"search_term_string\"}}],\"inLanguage\":\"de\"},{\"@type\":\"Organization\",\"@id\":\"https:\/\/dutchhealthstore.com\/de\/#organization\",\"name\":\"Dutch Health Store\",\"url\":\"https:\/\/dutchhealthstore.com\/de\/\",\"logo\":{\"@type\":\"ImageObject\",\"inLanguage\":\"de\",\"@id\":\"https:\/\/dutchhealthstore.com\/de\/#\/schema\/logo\/image\/\",\"url\":\"https:\/\/dutchhealthstore.com\/wp-content\/uploads\/2020\/08\/logo-dutchhealthstore-jpg-e1599484957574.jpg\",\"contentUrl\":\"https:\/\/dutchhealthstore.com\/wp-content\/uploads\/2020\/08\/logo-dutchhealthstore-jpg-e1599484957574.jpg\",\"width\":400,\"height\":62,\"caption\":\"Dutch Health Store\"},\"image\":{\"@id\":\"https:\/\/dutchhealthstore.com\/de\/#\/schema\/logo\/image\/\"},\"sameAs\":[\"https:\/\/www.instagram.com\/dutchhealthstore\/\",\"https:\/\/www.facebook.com\/dutchhealthstore\"]}]}<\/script>\n<meta property=\"product:brand\" content=\"Living Libations\" \/>\n<meta property=\"og:availability\" content=\"instock\" \/>\n<meta property=\"product:availability\" content=\"instock\" \/>\n<meta property=\"product:condition\" content=\"new\" \/>\n<!-- \/ Yoast SEO Premium plugin. -->","yoast_head_json":{"title":"Peppermint Essential Oil | Living Libations","description":"Living Libations Peppermint Essential Oil ist ein erfrischender Ausbruch von lebendigen, m\u00e4chtigen Minzmolek\u00fclen. Mentha peperita w\u00e4chst in ganz Europa.","robots":{"index":"index","follow":"follow","max-snippet":"max-snippet:-1","max-image-preview":"max-image-preview:large","max-video-preview":"max-video-preview:-1"},"canonical":"https:\/\/dutchhealthstore.com\/de\/product\/peppermint-essential-oil\/","og_locale":"de_DE","og_type":"article","og_title":"Peppermint Essential Oil - Dutch Health Store","og_description":"Living Libations Peppermint Essential Oil ist ein erfrischender Ausbruch von lebendigen, m\u00e4chtigen Minzmolek\u00fclen. Mentha peperita w\u00e4chst in ganz Europa.","og_url":"https:\/\/dutchhealthstore.com\/de\/product\/peppermint-essential-oil\/","og_site_name":"Dutch Health Store","article_publisher":"https:\/\/www.instagram.com\/dutchhealthstore\/","article_modified_time":"2026-02-14T14:06:12+00:00","og_image":[{"width":500,"height":500,"url":"https:\/\/dutchhealthstore.com\/wp-content\/uploads\/2018\/02\/Living-Libations-Peppermint-Essential-Oil-e1594888476100.jpg","type":"image\/jpeg"}],"twitter_card":"summary_large_image","twitter_misc":{"Verf\u00fcgbarkeit":"Auf Lager"},"schema":{"@context":"https:\/\/schema.org","@graph":[{"@type":"WebPage","@id":"https:\/\/dutchhealthstore.com\/de\/product\/peppermint-essential-oil\/","url":"https:\/\/dutchhealthstore.com\/de\/product\/peppermint-essential-oil\/","name":"Peppermint Essential Oil | Living Libations","isPartOf":{"@id":"https:\/\/dutchhealthstore.com\/de\/#website"},"primaryImageOfPage":{"@id":"https:\/\/dutchhealthstore.com\/de\/product\/peppermint-essential-oil\/#primaryimage"},"image":{"@id":"https:\/\/dutchhealthstore.com\/de\/product\/peppermint-essential-oil\/#primaryimage"},"thumbnailUrl":"https:\/\/dutchhealthstore.com\/wp-content\/uploads\/2018\/02\/Living-Libations-Peppermint-Essential-Oil-e1594888476100.jpg","datePublished":"2018-02-10T18:29:47+00:00","dateModified":"2026-02-14T14:06:12+00:00","description":"Living Libations Peppermint Essential Oil ist ein erfrischender Ausbruch von lebendigen, m\u00e4chtigen Minzmolek\u00fclen. Mentha peperita w\u00e4chst in ganz Europa.","breadcrumb":{"@id":"https:\/\/dutchhealthstore.com\/de\/product\/peppermint-essential-oil\/#breadcrumb"},"inLanguage":"de","potentialAction":[{"@type":"ReadAction","target":["https:\/\/dutchhealthstore.com\/de\/product\/peppermint-essential-oil\/"]}]},{"@type":"ImageObject","inLanguage":"de","@id":"https:\/\/dutchhealthstore.com\/de\/product\/peppermint-essential-oil\/#primaryimage","url":"https:\/\/dutchhealthstore.com\/wp-content\/uploads\/2018\/02\/Living-Libations-Peppermint-Essential-Oil-e1594888476100.jpg","contentUrl":"https:\/\/dutchhealthstore.com\/wp-content\/uploads\/2018\/02\/Living-Libations-Peppermint-Essential-Oil-e1594888476100.jpg","width":500,"height":500,"caption":"Living Libations Peppermint Essential Oil"},{"@type":"BreadcrumbList","@id":"https:\/\/dutchhealthstore.com\/de\/product\/peppermint-essential-oil\/#breadcrumb","itemListElement":[{"@type":"ListItem","position":1,"name":"Home","item":"https:\/\/dutchhealthstore.com\/de\/"},{"@type":"ListItem","position":2,"name":"Shop","item":"https:\/\/dutchhealthstore.com\/de\/shop-2\/"},{"@type":"ListItem","position":3,"name":"Peppermint Essential Oil"}]},{"@type":"WebSite","@id":"https:\/\/dutchhealthstore.com\/de\/#website","url":"https:\/\/dutchhealthstore.com\/de\/","name":"Dutch Health Store","description":"Enhance Your Beauty with Organic &amp; Natural Skincare","publisher":{"@id":"https:\/\/dutchhealthstore.com\/de\/#organization"},"potentialAction":[{"@type":"SearchAction","target":{"@type":"EntryPoint","urlTemplate":"https:\/\/dutchhealthstore.com\/de\/?s={search_term_string}"},"query-input":{"@type":"PropertyValueSpecification","valueRequired":true,"valueName":"search_term_string"}}],"inLanguage":"de"},{"@type":"Organization","@id":"https:\/\/dutchhealthstore.com\/de\/#organization","name":"Dutch Health Store","url":"https:\/\/dutchhealthstore.com\/de\/","logo":{"@type":"ImageObject","inLanguage":"de","@id":"https:\/\/dutchhealthstore.com\/de\/#\/schema\/logo\/image\/","url":"https:\/\/dutchhealthstore.com\/wp-content\/uploads\/2020\/08\/logo-dutchhealthstore-jpg-e1599484957574.jpg","contentUrl":"https:\/\/dutchhealthstore.com\/wp-content\/uploads\/2020\/08\/logo-dutchhealthstore-jpg-e1599484957574.jpg","width":400,"height":62,"caption":"Dutch Health Store"},"image":{"@id":"https:\/\/dutchhealthstore.com\/de\/#\/schema\/logo\/image\/"},"sameAs":["https:\/\/www.instagram.com\/dutchhealthstore\/","https:\/\/www.facebook.com\/dutchhealthstore"]}]},"product_brand":"Living Libations","og_availability":"instock","product_availability":"instock","product_condition":"new"},"_links":{"self":[{"href":"https:\/\/dutchhealthstore.com\/de\/wp-json\/wp\/v2\/product\/66670","targetHints":{"allow":["GET"]}}],"collection":[{"href":"https:\/\/dutchhealthstore.com\/de\/wp-json\/wp\/v2\/product"}],"about":[{"href":"https:\/\/dutchhealthstore.com\/de\/wp-json\/wp\/v2\/types\/product"}],"replies":[{"embeddable":true,"href":"https:\/\/dutchhealthstore.com\/de\/wp-json\/wp\/v2\/comments?post=66670"}],"wp:featuredmedia":[{"embeddable":true,"href":"https:\/\/dutchhealthstore.com\/de\/wp-json\/wp\/v2\/media\/113971"}],"wp:attachment":[{"href":"https:\/\/dutchhealthstore.com\/de\/wp-json\/wp\/v2\/media?parent=66670"}],"wp:term":[{"taxonomy":"product_brand","embeddable":true,"href":"https:\/\/dutchhealthstore.com\/de\/wp-json\/wp\/v2\/product_brand?post=66670"},{"taxonomy":"product_cat","embeddable":true,"href":"https:\/\/dutchhealthstore.com\/de\/wp-json\/wp\/v2\/product_cat?post=66670"},{"taxonomy":"product_tag","embeddable":true,"href":"https:\/\/dutchhealthstore.com\/de\/wp-json\/wp\/v2\/product_tag?post=66670"}],"curies":[{"name":"wp","href":"https:\/\/api.w.org\/{rel}","templated":true}]}}