{"id":66656,"date":"2018-02-10T19:30:00","date_gmt":"2018-02-10T18:30:00","guid":{"rendered":"https:\/\/dutchhealthstore.com\/product\/lavender-essential-oil\/"},"modified":"2026-01-29T14:35:16","modified_gmt":"2026-01-29T13:35:16","slug":"lavender-essential-oil","status":"publish","type":"product","link":"https:\/\/dutchhealthstore.com\/de\/product\/lavender-essential-oil\/","title":{"rendered":"Lavender Essential Oil"},"content":{"rendered":"<p><img decoding=\"async\" class=\"alignright size-full wp-image-37041\" src=\"https:\/\/dutchhealthstore.com\/wp-content\/uploads\/2018\/04\/Living_Libations-1.png\" alt=\"Organic &amp; Natural Beautyproducts - Living Libations\" width=\"175\" height=\"82\">Lavendel ist eines unserer beliebtesten \u00e4therischen \u00d6le, weil es wirkt.<br \/>\nSo wie die bl\u00fchenden Spitzen der Lavandula officinalis Ranken von Molek\u00fclen entwirren, um ihre s\u00fc\u00dfe Essenz freizusetzen, werden Sie beim Einatmen dieses grundlegenden \u00e4therischen \u00d6ls die Aufl\u00f6sung von Spannungen und Bef\u00fcrchtungen sp\u00fcren. Unser reines, biologisches \u00e4therisches Lavendel\u00f6l wird dampfdestilliert, um seine nat\u00fcrliche, beruhigende Essenz und seinen himmlischen Duft zu gewinnen. Geben Sie ein paar K\u00fcgelchen in Ihr Bad, um den Tag zu vergessen, oder tupfen Sie etwas \u00d6l auf Ihren Hals und Ihre Handgelenke, um ein beruhigendes Parf\u00fcm zu erhalten. Dieser Hautpflege-Superheld mildert und gl\u00e4ttet das Erscheinungsbild von Narben, Flecken und der Hauttextur.<\/p>\n<p>Die Verwendung von Lavendel als Massage\u00f6l geht auf das alte \u00c4gypten zur\u00fcck. K\u00f6nige wurden in mit Lavendel gef\u00fcllten Gef\u00e4\u00dfen begraben, w\u00e4hrend K\u00f6niginnen sich in den Duft dieses tr\u00e4gen Dufts h\u00fcllten. Die alten Griechen salbten ihre F\u00fc\u00dfe und Br\u00fcste mit dem wohltuenden Duft des \u00e4therischen Lavendel\u00f6ls. Die Lords und Ladys des mittelalterlichen englischen Hofes gaben einen Tropfen Lavendel in ihren Tee, um den Geist zu beruhigen, und die Franzosen vers\u00fc\u00dfen ihre Haut seit dem 16. Jahrhundert mit \u00e4therischem Lavendel\u00f6l. Die Europ\u00e4er verwenden gerne Lavendel auf der Bettw\u00e4sche, bevor sie ins Bett gehen; ein paar Tropfen Lavendel in einem dampfend hei\u00dfen Bad entf\u00fchren Sie schneller auf Wolke sieben, als Sie &#8222;Ahhhh&#8220; sagen k\u00f6nnen.<\/p>\n<p><strong>Botanischer Name:<\/strong> Lavandula angustifolia<br \/>\n<strong>Botanische Familie:<\/strong> Lamiaceae<br \/>\n<strong>Extraktionsverfahren:<\/strong> Dampfdestilliert<br \/>\n<strong>Teil der Pflanze Destilliert:<\/strong> Bl\u00fcte<br \/>\n<strong>Herkunftsland:<\/strong> Bulgarien<br \/>\n<strong>Anbaumethode:<\/strong> Bio<br \/>\n<strong>Zusammensetzung:<\/strong> 100% Lavandula angustifolia<br \/>\n<strong>Konsistenz:<\/strong> D\u00fcnn<\/p>\n<h3>Beschreibung des Duftes<\/h3>\n<p>Frisch blumig, leicht s\u00fc\u00dflich, mit einem Hauch von Himmel.<\/p>\n<h3>In Living Libations<\/h3>\n<p>Sanddorn Best Skin Ever, Lavish Abundance, Lavender Poetic Pits, Sweet Sleep Serum, Bed Time Story Blend, DewDab, RoseGlow Serum und Cr\u00e8me und RoseGlow Poetic Pits.<\/p>\n<h3>Gut mischbar mit<\/h3>\n<p>Rose Otto, Neroli, Weihrauch, Spikenard, Schwarzfichte, Grapefruit, Sanddorn, Ylang, Muskatellersalbei, Salbei, Bergamotte, Pfefferminze, Zitrone und Mastix.<\/p>\n<h3>Verwendet<\/h3>\n<p>Ein beruhigendes, wohltuendes Bade\u00f6l f\u00fcr die Schlafenszeit. Pur auf die Haut auftragen, um sie zu straffen und zu pflegen. Mildert das Erscheinungsbild von Narben und Flecken. Zum leichten Einatmen in einen Verdampfer oder Diffusor geben. Herrlich zum Einatmen und auf die W\u00e4sche gestreut. Ein liebevolles Heilmittel f\u00fcr alle Dinge.<\/p>\n<h3 class=\"yikes-custom-woo-tab-title yikes-custom-woo-tab-title-organic-ingredients\">Organic Ingredients<\/h3>\n<p>100% \u00e4therisches Lavendel\u00f6l (Lavandula angustifolia).<\/p>\n<p style=\"text-align: center;\"><em>&#8222;There&#8217;s a few things I&#8217;ve learned in life: always throw salt over your left shoulder, <\/em><br \/>\n<em>keep rosemary by your garden gate, plant lavender for good luck, and fall in love whenever you can.&#8220;<\/em><br \/>\n~Alice Hoffman, <strong>Practical Magic<\/strong><\/p>\n<p>&nbsp;<\/p>\n<p style=\"text-align: center;\"><em>&#8222;&#8230;over 1,200 components have been identified in Lavender essential oil. <\/em><br \/>\n<em>It is intuitively understandable that these layers upon layers of physiological activity of all the components <\/em><br \/>\n<em>in lavender generate an overall quality, which is distinctly that of Lavender&#8230;.&#8220;<\/em><br \/>\n~Kurt Schnaubelt, <strong>The Intelligence of Essential Oils<\/strong><\/p>\n<p>&nbsp;<\/p>\n<p><img fetchpriority=\"high\" decoding=\"async\" class=\"aligncenter size-full wp-image-31577\" src=\"https:\/\/dutchhealthstore.com\/wp-content\/uploads\/2018\/03\/organic_big.png\" alt=\"Organic and Natural - Living Libations\" width=\"623\" height=\"103\" srcset=\"https:\/\/dutchhealthstore.com\/wp-content\/uploads\/2018\/03\/organic_big.png 623w, https:\/\/dutchhealthstore.com\/wp-content\/uploads\/2018\/03\/organic_big-510x84.png 510w, https:\/\/dutchhealthstore.com\/wp-content\/uploads\/2018\/03\/organic_big-600x99.png 600w, https:\/\/dutchhealthstore.com\/wp-content\/uploads\/2018\/03\/organic_big-350x58.png 350w\" sizes=\"(max-width: 623px) 100vw, 623px\" \/><\/p>\n","protected":false},"excerpt":{"rendered":"<p>\u00c4therisches Lavendel\u00f6l wird aus den bl\u00fchenden Spitzen des Lavendels gewonnen, der auf amethystfarbenen Feldern in Frankreich w\u00e4chst. Die wohltuende, beruhigende Wirkung der Lavendelessenz wird seit Jahrhunderten als Grundnahrungsmittel in der Apotheke gesch\u00e4tzt.<br \/>\nDiese vielseitige, benutzerfreundliche Essenz ist wie das Schweizer Taschenmesser der Aromatherapie: immer griffbereit, angenehm praktisch und wunderbar f\u00fcr, nun ja, alles!<\/p>\n","protected":false},"featured_media":52092,"comment_status":"open","ping_status":"closed","template":"","meta":[],"product_brand":[],"product_cat":[6737,1508,1546,1493,1210,511,6736],"product_tag":[1547],"class_list":{"0":"post-66656","1":"product","2":"type-product","3":"status-publish","4":"has-post-thumbnail","6":"product_cat-essential-oils-de-2","7":"product_cat-aetherische-oele-living-libations","8":"product_cat-essential-oils-living-libations-de","9":"product_cat-living-libations-deutschland","10":"product_cat-marken","11":"product_cat-produkte","12":"product_cat-wellness-de","13":"product_tag-essential-oil-de","14":"pa_bestsellers-goed-de","15":"pa_brand-livinglibations-de","16":"pa_essential-oils-product-type-essential-oils-de","17":"pa_size-5-ml-de","18":"pa_size-15-ml-de-2","19":"pa_size-30-ml-de","21":"first","22":"instock","23":"taxable","24":"shipping-taxable","25":"purchasable","26":"product-type-variable"},"bundled_by":[],"bundle_stock_status":"instock","bundle_stock_quantity":null,"bundle_virtual":false,"bundle_layout":"","bundle_add_to_cart_form_location":"","bundle_editable_in_cart":false,"bundle_sold_individually_context":"","bundle_item_grouping":"","bundle_min_size":"","bundle_max_size":"","bundle_price":[],"bundled_items":[],"bundle_sell_ids":[],"atum_controlled":true,"out_stock_date":null,"out_stock_threshold":null,"inheritable":true,"stock_on_hold":1,"sold_today":0,"sales_last_days":0,"out_stock_days":0,"lost_sales":0,"update_date":"2026-04-03T01:45:15","atum_locations":[],"atum_stock_status":"instock","restock_status":false,"low_stock_amount":"","sales_update_date":"2026-04-03T01:45:15","calc_backorders":null,"group_of_quantity":0,"min_quantity":0,"max_quantity":"","exclude_order_quantity_value_rules":"no","exclude_category_quantity_rules":"no","combine_variations":"no","yoast_head":"<!-- This site is optimized with the Yoast SEO Premium plugin v26.5 (Yoast SEO v26.5) - https:\/\/yoast.com\/wordpress\/plugins\/seo\/ -->\n<title>Lavender Essential Oil | Living Libations<\/title>\n<meta name=\"description\" content=\"Diese vielseitige, benutzerfreundliche Essenz ist wie das Schweizer Taschenmesser der Aromatherapie: immer griffbereit, angenehm praktisch und wunderbar f\u00fcr, nun ja, alles!\" \/>\n<meta name=\"robots\" content=\"index, follow, max-snippet:-1, max-image-preview:large, max-video-preview:-1\" \/>\n<link rel=\"canonical\" href=\"https:\/\/dutchhealthstore.com\/de\/product\/lavender-essential-oil\/\" \/>\n<meta property=\"og:locale\" content=\"de_DE\" \/>\n<meta property=\"og:type\" content=\"article\" \/>\n<meta property=\"og:title\" content=\"Lavender Essential Oil - Dutch Health Store\" \/>\n<meta property=\"og:description\" content=\"Diese vielseitige, benutzerfreundliche Essenz ist wie das Schweizer Taschenmesser der Aromatherapie: immer griffbereit, angenehm praktisch und wunderbar f\u00fcr, nun ja, alles!\" \/>\n<meta property=\"og:url\" content=\"https:\/\/dutchhealthstore.com\/de\/product\/lavender-essential-oil\/\" \/>\n<meta property=\"og:site_name\" content=\"Dutch Health Store\" \/>\n<meta property=\"article:publisher\" content=\"https:\/\/www.instagram.com\/dutchhealthstore\/\" \/>\n<meta property=\"article:modified_time\" content=\"2026-01-29T13:35:16+00:00\" \/>\n<meta property=\"og:image\" content=\"https:\/\/dutchhealthstore.com\/wp-content\/uploads\/2018\/02\/Living-Libations-Lavender-Essential-Oil.jpg\" \/>\n\t<meta property=\"og:image:width\" content=\"1200\" \/>\n\t<meta property=\"og:image:height\" content=\"1200\" \/>\n\t<meta property=\"og:image:type\" content=\"image\/jpeg\" \/>\n<meta name=\"twitter:card\" content=\"summary_large_image\" \/>\n<meta name=\"twitter:label1\" content=\"Verf\u00fcgbarkeit\" \/>\n\t<meta name=\"twitter:data1\" content=\"Auf Lager\" \/>\n<script type=\"application\/ld+json\" class=\"yoast-schema-graph\">{\"@context\":\"https:\/\/schema.org\",\"@graph\":[{\"@type\":\"WebPage\",\"@id\":\"https:\/\/dutchhealthstore.com\/de\/product\/lavender-essential-oil\/\",\"url\":\"https:\/\/dutchhealthstore.com\/de\/product\/lavender-essential-oil\/\",\"name\":\"Lavender Essential Oil | Living Libations\",\"isPartOf\":{\"@id\":\"https:\/\/dutchhealthstore.com\/de\/#website\"},\"primaryImageOfPage\":{\"@id\":\"https:\/\/dutchhealthstore.com\/de\/product\/lavender-essential-oil\/#primaryimage\"},\"image\":{\"@id\":\"https:\/\/dutchhealthstore.com\/de\/product\/lavender-essential-oil\/#primaryimage\"},\"thumbnailUrl\":\"https:\/\/dutchhealthstore.com\/wp-content\/uploads\/2018\/02\/Living-Libations-Lavender-Essential-Oil.jpg\",\"datePublished\":\"2018-02-10T18:30:00+00:00\",\"dateModified\":\"2026-01-29T13:35:16+00:00\",\"description\":\"Diese vielseitige, benutzerfreundliche Essenz ist wie das Schweizer Taschenmesser der Aromatherapie: immer griffbereit, angenehm praktisch und wunderbar f\u00fcr, nun ja, alles!\",\"breadcrumb\":{\"@id\":\"https:\/\/dutchhealthstore.com\/de\/product\/lavender-essential-oil\/#breadcrumb\"},\"inLanguage\":\"de\",\"potentialAction\":[{\"@type\":\"ReadAction\",\"target\":[\"https:\/\/dutchhealthstore.com\/de\/product\/lavender-essential-oil\/\"]}]},{\"@type\":\"ImageObject\",\"inLanguage\":\"de\",\"@id\":\"https:\/\/dutchhealthstore.com\/de\/product\/lavender-essential-oil\/#primaryimage\",\"url\":\"https:\/\/dutchhealthstore.com\/wp-content\/uploads\/2018\/02\/Living-Libations-Lavender-Essential-Oil.jpg\",\"contentUrl\":\"https:\/\/dutchhealthstore.com\/wp-content\/uploads\/2018\/02\/Living-Libations-Lavender-Essential-Oil.jpg\",\"width\":1200,\"height\":1200,\"caption\":\"Living Libations - Lavender Essential Oil\"},{\"@type\":\"BreadcrumbList\",\"@id\":\"https:\/\/dutchhealthstore.com\/de\/product\/lavender-essential-oil\/#breadcrumb\",\"itemListElement\":[{\"@type\":\"ListItem\",\"position\":1,\"name\":\"Home\",\"item\":\"https:\/\/dutchhealthstore.com\/de\/\"},{\"@type\":\"ListItem\",\"position\":2,\"name\":\"Shop\",\"item\":\"https:\/\/dutchhealthstore.com\/de\/shop-2\/\"},{\"@type\":\"ListItem\",\"position\":3,\"name\":\"Lavender Essential Oil\"}]},{\"@type\":\"WebSite\",\"@id\":\"https:\/\/dutchhealthstore.com\/de\/#website\",\"url\":\"https:\/\/dutchhealthstore.com\/de\/\",\"name\":\"Dutch Health Store\",\"description\":\"Enhance Your Beauty with Organic &amp; Natural Skincare\",\"publisher\":{\"@id\":\"https:\/\/dutchhealthstore.com\/de\/#organization\"},\"potentialAction\":[{\"@type\":\"SearchAction\",\"target\":{\"@type\":\"EntryPoint\",\"urlTemplate\":\"https:\/\/dutchhealthstore.com\/de\/?s={search_term_string}\"},\"query-input\":{\"@type\":\"PropertyValueSpecification\",\"valueRequired\":true,\"valueName\":\"search_term_string\"}}],\"inLanguage\":\"de\"},{\"@type\":\"Organization\",\"@id\":\"https:\/\/dutchhealthstore.com\/de\/#organization\",\"name\":\"Dutch Health Store\",\"url\":\"https:\/\/dutchhealthstore.com\/de\/\",\"logo\":{\"@type\":\"ImageObject\",\"inLanguage\":\"de\",\"@id\":\"https:\/\/dutchhealthstore.com\/de\/#\/schema\/logo\/image\/\",\"url\":\"https:\/\/dutchhealthstore.com\/wp-content\/uploads\/2020\/08\/logo-dutchhealthstore-jpg-e1599484957574.jpg\",\"contentUrl\":\"https:\/\/dutchhealthstore.com\/wp-content\/uploads\/2020\/08\/logo-dutchhealthstore-jpg-e1599484957574.jpg\",\"width\":400,\"height\":62,\"caption\":\"Dutch Health Store\"},\"image\":{\"@id\":\"https:\/\/dutchhealthstore.com\/de\/#\/schema\/logo\/image\/\"},\"sameAs\":[\"https:\/\/www.instagram.com\/dutchhealthstore\/\",\"https:\/\/www.facebook.com\/dutchhealthstore\"]}]}<\/script>\n<meta property=\"product:brand\" content=\"Living Libations\" \/>\n<meta property=\"og:availability\" content=\"instock\" \/>\n<meta property=\"product:availability\" content=\"instock\" \/>\n<meta property=\"product:condition\" content=\"new\" \/>\n<!-- \/ Yoast SEO Premium plugin. -->","yoast_head_json":{"title":"Lavender Essential Oil | Living Libations","description":"Diese vielseitige, benutzerfreundliche Essenz ist wie das Schweizer Taschenmesser der Aromatherapie: immer griffbereit, angenehm praktisch und wunderbar f\u00fcr, nun ja, alles!","robots":{"index":"index","follow":"follow","max-snippet":"max-snippet:-1","max-image-preview":"max-image-preview:large","max-video-preview":"max-video-preview:-1"},"canonical":"https:\/\/dutchhealthstore.com\/de\/product\/lavender-essential-oil\/","og_locale":"de_DE","og_type":"article","og_title":"Lavender Essential Oil - Dutch Health Store","og_description":"Diese vielseitige, benutzerfreundliche Essenz ist wie das Schweizer Taschenmesser der Aromatherapie: immer griffbereit, angenehm praktisch und wunderbar f\u00fcr, nun ja, alles!","og_url":"https:\/\/dutchhealthstore.com\/de\/product\/lavender-essential-oil\/","og_site_name":"Dutch Health Store","article_publisher":"https:\/\/www.instagram.com\/dutchhealthstore\/","article_modified_time":"2026-01-29T13:35:16+00:00","og_image":[{"width":1200,"height":1200,"url":"https:\/\/dutchhealthstore.com\/wp-content\/uploads\/2018\/02\/Living-Libations-Lavender-Essential-Oil.jpg","type":"image\/jpeg"}],"twitter_card":"summary_large_image","twitter_misc":{"Verf\u00fcgbarkeit":"Auf Lager"},"schema":{"@context":"https:\/\/schema.org","@graph":[{"@type":"WebPage","@id":"https:\/\/dutchhealthstore.com\/de\/product\/lavender-essential-oil\/","url":"https:\/\/dutchhealthstore.com\/de\/product\/lavender-essential-oil\/","name":"Lavender Essential Oil | Living Libations","isPartOf":{"@id":"https:\/\/dutchhealthstore.com\/de\/#website"},"primaryImageOfPage":{"@id":"https:\/\/dutchhealthstore.com\/de\/product\/lavender-essential-oil\/#primaryimage"},"image":{"@id":"https:\/\/dutchhealthstore.com\/de\/product\/lavender-essential-oil\/#primaryimage"},"thumbnailUrl":"https:\/\/dutchhealthstore.com\/wp-content\/uploads\/2018\/02\/Living-Libations-Lavender-Essential-Oil.jpg","datePublished":"2018-02-10T18:30:00+00:00","dateModified":"2026-01-29T13:35:16+00:00","description":"Diese vielseitige, benutzerfreundliche Essenz ist wie das Schweizer Taschenmesser der Aromatherapie: immer griffbereit, angenehm praktisch und wunderbar f\u00fcr, nun ja, alles!","breadcrumb":{"@id":"https:\/\/dutchhealthstore.com\/de\/product\/lavender-essential-oil\/#breadcrumb"},"inLanguage":"de","potentialAction":[{"@type":"ReadAction","target":["https:\/\/dutchhealthstore.com\/de\/product\/lavender-essential-oil\/"]}]},{"@type":"ImageObject","inLanguage":"de","@id":"https:\/\/dutchhealthstore.com\/de\/product\/lavender-essential-oil\/#primaryimage","url":"https:\/\/dutchhealthstore.com\/wp-content\/uploads\/2018\/02\/Living-Libations-Lavender-Essential-Oil.jpg","contentUrl":"https:\/\/dutchhealthstore.com\/wp-content\/uploads\/2018\/02\/Living-Libations-Lavender-Essential-Oil.jpg","width":1200,"height":1200,"caption":"Living Libations - Lavender Essential Oil"},{"@type":"BreadcrumbList","@id":"https:\/\/dutchhealthstore.com\/de\/product\/lavender-essential-oil\/#breadcrumb","itemListElement":[{"@type":"ListItem","position":1,"name":"Home","item":"https:\/\/dutchhealthstore.com\/de\/"},{"@type":"ListItem","position":2,"name":"Shop","item":"https:\/\/dutchhealthstore.com\/de\/shop-2\/"},{"@type":"ListItem","position":3,"name":"Lavender Essential Oil"}]},{"@type":"WebSite","@id":"https:\/\/dutchhealthstore.com\/de\/#website","url":"https:\/\/dutchhealthstore.com\/de\/","name":"Dutch Health Store","description":"Enhance Your Beauty with Organic &amp; Natural Skincare","publisher":{"@id":"https:\/\/dutchhealthstore.com\/de\/#organization"},"potentialAction":[{"@type":"SearchAction","target":{"@type":"EntryPoint","urlTemplate":"https:\/\/dutchhealthstore.com\/de\/?s={search_term_string}"},"query-input":{"@type":"PropertyValueSpecification","valueRequired":true,"valueName":"search_term_string"}}],"inLanguage":"de"},{"@type":"Organization","@id":"https:\/\/dutchhealthstore.com\/de\/#organization","name":"Dutch Health Store","url":"https:\/\/dutchhealthstore.com\/de\/","logo":{"@type":"ImageObject","inLanguage":"de","@id":"https:\/\/dutchhealthstore.com\/de\/#\/schema\/logo\/image\/","url":"https:\/\/dutchhealthstore.com\/wp-content\/uploads\/2020\/08\/logo-dutchhealthstore-jpg-e1599484957574.jpg","contentUrl":"https:\/\/dutchhealthstore.com\/wp-content\/uploads\/2020\/08\/logo-dutchhealthstore-jpg-e1599484957574.jpg","width":400,"height":62,"caption":"Dutch Health Store"},"image":{"@id":"https:\/\/dutchhealthstore.com\/de\/#\/schema\/logo\/image\/"},"sameAs":["https:\/\/www.instagram.com\/dutchhealthstore\/","https:\/\/www.facebook.com\/dutchhealthstore"]}]},"product_brand":"Living Libations","og_availability":"instock","product_availability":"instock","product_condition":"new"},"_links":{"self":[{"href":"https:\/\/dutchhealthstore.com\/de\/wp-json\/wp\/v2\/product\/66656","targetHints":{"allow":["GET"]}}],"collection":[{"href":"https:\/\/dutchhealthstore.com\/de\/wp-json\/wp\/v2\/product"}],"about":[{"href":"https:\/\/dutchhealthstore.com\/de\/wp-json\/wp\/v2\/types\/product"}],"replies":[{"embeddable":true,"href":"https:\/\/dutchhealthstore.com\/de\/wp-json\/wp\/v2\/comments?post=66656"}],"wp:featuredmedia":[{"embeddable":true,"href":"https:\/\/dutchhealthstore.com\/de\/wp-json\/wp\/v2\/media\/52092"}],"wp:attachment":[{"href":"https:\/\/dutchhealthstore.com\/de\/wp-json\/wp\/v2\/media?parent=66656"}],"wp:term":[{"taxonomy":"product_brand","embeddable":true,"href":"https:\/\/dutchhealthstore.com\/de\/wp-json\/wp\/v2\/product_brand?post=66656"},{"taxonomy":"product_cat","embeddable":true,"href":"https:\/\/dutchhealthstore.com\/de\/wp-json\/wp\/v2\/product_cat?post=66656"},{"taxonomy":"product_tag","embeddable":true,"href":"https:\/\/dutchhealthstore.com\/de\/wp-json\/wp\/v2\/product_tag?post=66656"}],"curies":[{"name":"wp","href":"https:\/\/api.w.org\/{rel}","templated":true}]}}