{"id":66653,"date":"2018-10-05T05:47:30","date_gmt":"2018-10-05T03:47:30","guid":{"rendered":"https:\/\/dutchhealthstore.com\/product\/turmeric-essential-oil-2\/"},"modified":"2025-10-11T16:19:49","modified_gmt":"2025-10-11T14:19:49","slug":"turmeric-essential-oil-2","status":"publish","type":"product","link":"https:\/\/dutchhealthstore.com\/de\/product\/turmeric-essential-oil-2\/","title":{"rendered":"Turmeric Essential Oil"},"content":{"rendered":"<p><span style=\"font-family: Tahoma, Arial, Helvetica, sans-serif;\"><img decoding=\"async\" class=\"wp-image-37041 alignright\" src=\"https:\/\/dutchhealthstore.com\/wp-content\/uploads\/2018\/04\/Living_Libations-1.png\" alt=\"Organic &amp; Natural Beautyproducts - Living Libations\" width=\"173\" height=\"81\"><\/span><strong>Botanischer Name:<\/strong> Curcuma longa<br \/>\n<strong>Botanische Familie:<\/strong> Zingiberaceae<br \/>\n<strong>Extraktionsverfahren:<\/strong> CO2<br \/>\n<strong>Teil der Pflanze Destilliert:<\/strong> Rhizome<br \/>\n<strong>Herkunftsland:<\/strong> Vietnam<br \/>\n<strong>Anbaumethode:<\/strong> Bio<br \/>\n<strong>Zusammensetzung:<\/strong> 100% Kurkuma longa<br \/>\n<strong>Konsistenz:<\/strong> Mittel<\/p>\n<h3>Beschreibung des Duftes<\/h3>\n<p><span style=\"font-family: helvetica, arial, sans-serif;\">S\u00fc\u00dfes Holz mit subtilen Noten von w\u00fcrzigen Gew\u00fcrzen.<\/span><\/p>\n<h3>In Living Libations<\/h3>\n<p><span style=\"font-family: helvetica, arial, sans-serif;\">Everybody Loves the Sunshine, Cell Serum, Soothsayer Serum, Sundew Cr\u00e8me und Hot Lover Lips.<\/span><\/p>\n<h3>Passt gut zu<\/h3>\n<p><span style=\"font-family: helvetica, arial, sans-serif;\">Ingwer, Zimt, Blutorange, Grapefruit, Ylang, Vanille, Sanddorn und Kardamom.<\/span><\/p>\n<a href=\"https:\/\/dutchhealthstore.com\/wp-content\/uploads\/2018\/10\/ANALYSIS-Turmeric-Essential-Oil-Living-Libations.pdf\" class=\"button primary is-primary is-small\"  >\n\t\t<span>ANALYSE DER \u00c4THERISCHEN \u00d6LE &gt;<\/span>\n\t<\/a>\n\n<h3>Verwendet<\/h3>\n<p><span style=\"font-family: helvetica, arial, sans-serif;\">Kulinarisch. Beruhigende und lindernde Hautseren, die das Erscheinungsbild von Narben, feinen Linien und den Hautton mildern.<\/span><\/p>\n<p style=\"font-weight: 400;\"><span style=\"font-family: helvetica, arial, sans-serif;\">Unser Turmeric Essential Oil hat die Farbe eines Sonnenaufgangs und ist ein kulinarischer Genuss. Es kann tropfenweise oder in Kombination mit frischer oder getrockneter Wurzel verwendet werden, um Ihre Gerichte zu veredeln und Ihre Smoothies mit seiner w\u00fcrzig-scharfen \u00dcberraschung zu verfeinern.<\/span><br \/>\n<span style=\"font-family: helvetica, arial, sans-serif;\">In beruhigenden Hautpflegeseren und -reinigern k\u00fchlt und beruhigt es R\u00f6tungen und kann helfen, das Erscheinungsbild von feinen Linien, Narben und Hautunreinheiten zu verbessern, die mit kluger, \u00fcberbelichteter oder zu Unreinheiten neigender Haut verbunden sind. Es ist stark pigmentiert, so dass ein Tropfen ausreicht. Am besten verwenden Sie das Turmeric Essential Oil nachts, damit die gelb-orangefarbene Leuchtkraft vor dem Morgen einziehen kann.<\/span><\/p>\n<p><strong>Gr\u00f6\u00dfe: 15 ml<\/strong><\/p>\n<h3>Bio-Zutaten<\/h3>\n<p>100% Kurkuma (Curcuma longa) \u00e4therisches \u00d6l.<\/p>\n<p style=\"text-align: center;\"><i><em>&#8222;Jedes Gew\u00fcrz hat einen besonderen Tag. F\u00fcr Kurkuma ist es der Sonntag, wenn das Licht fett und butterfarben in die Beh\u00e4lter tropft, um gl\u00fchend aufgesaugt zu werden, wenn man zu den neun Planeten um Liebe und Gl\u00fcck betet.&#8220;<br \/>\n<\/em><\/i>&#8211; Chitra Banerjee Divakaruni, <strong>The Mistress of Spices<\/strong><\/p>\n<p><img fetchpriority=\"high\" decoding=\"async\" class=\"size-full wp-image-31577 aligncenter\" src=\"https:\/\/dutchhealthstore.com\/wp-content\/uploads\/2018\/03\/organic_big.png\" alt=\"Organic and Natural - Living Libations\" width=\"623\" height=\"103\" srcset=\"https:\/\/dutchhealthstore.com\/wp-content\/uploads\/2018\/03\/organic_big.png 623w, https:\/\/dutchhealthstore.com\/wp-content\/uploads\/2018\/03\/organic_big-510x84.png 510w, https:\/\/dutchhealthstore.com\/wp-content\/uploads\/2018\/03\/organic_big-600x99.png 600w, https:\/\/dutchhealthstore.com\/wp-content\/uploads\/2018\/03\/organic_big-350x58.png 350w\" sizes=\"(max-width: 623px) 100vw, 623px\" \/><\/p>\n<p style=\"font-weight: 400;\">\n","protected":false},"excerpt":{"rendered":"<p>Das himmlische, herzhafte und krautige <strong>Turmeric Essential Oil <\/strong> ist ein sattes Goldorange und bietet eine F\u00fclle von Vorteilen.<br \/>\nAlle lipophilen (\u00f6lliebenden) Verbindungen in diesem superkritischen Extrakt werden aus der Kurkumawurzel destilliert. Durch dieses spezielle Extraktionsverfahren wird ein viel gr\u00f6\u00dferer Anteil der Lipide und Pigmente erfasst als bei einem typischen pulverisierten Kraut.<\/p>\n","protected":false},"featured_media":117447,"comment_status":"open","ping_status":"closed","template":"","meta":[],"product_brand":[],"product_cat":[1508,1546,6737,1493,1210,511,6736],"product_tag":[1547],"class_list":{"0":"post-66653","1":"product","2":"type-product","3":"status-publish","4":"has-post-thumbnail","6":"product_cat-aetherische-oele-living-libations","7":"product_cat-essential-oils-living-libations-de","8":"product_cat-essential-oils-de-2","9":"product_cat-living-libations-deutschland","10":"product_cat-marken","11":"product_cat-produkte","12":"product_cat-wellness-de","13":"product_tag-essential-oil-de","14":"pa_brand-livinglibations-de","15":"pa_essential-oils-product-type-essential-oils-de","16":"pa_size-15-ml-de-2","17":"pa_size-5-ml-de","19":"first","20":"instock","21":"taxable","22":"shipping-taxable","23":"purchasable","24":"product-type-variable"},"bundled_by":[],"bundle_stock_status":"instock","bundle_stock_quantity":null,"bundle_virtual":false,"bundle_layout":"","bundle_add_to_cart_form_location":"","bundle_editable_in_cart":false,"bundle_sold_individually_context":"","bundle_item_grouping":"","bundle_min_size":"","bundle_max_size":"","bundle_price":[],"bundled_items":[],"bundle_sell_ids":[],"atum_controlled":true,"out_stock_date":null,"out_stock_threshold":null,"inheritable":true,"stock_on_hold":0,"sold_today":0,"sales_last_days":0,"out_stock_days":0,"lost_sales":0,"update_date":"2026-05-01T00:15:26","atum_locations":[],"atum_stock_status":"instock","restock_status":false,"low_stock_amount":"","sales_update_date":"2026-05-01T00:15:26","calc_backorders":null,"group_of_quantity":0,"min_quantity":0,"max_quantity":"","exclude_order_quantity_value_rules":"no","exclude_category_quantity_rules":"no","combine_variations":"no","yoast_head":"<!-- This site is optimized with the Yoast SEO Premium plugin v26.5 (Yoast SEO v26.5) - https:\/\/yoast.com\/wordpress\/plugins\/seo\/ -->\n<title>Turmeric Essential Oil | Living Libations<\/title>\n<meta name=\"description\" content=\"Das himmlische, herzhafte und krautige Turmeric Essential Oil ist ein sattes Goldorange und bietet eine F\u00fclle von Vorteilen.\" \/>\n<meta name=\"robots\" content=\"index, follow, max-snippet:-1, max-image-preview:large, max-video-preview:-1\" \/>\n<link rel=\"canonical\" href=\"https:\/\/dutchhealthstore.com\/de\/product\/turmeric-essential-oil-2\/\" \/>\n<meta property=\"og:locale\" content=\"de_DE\" \/>\n<meta property=\"og:type\" content=\"article\" \/>\n<meta property=\"og:title\" content=\"Turmeric Essential Oil - Dutch Health Store\" \/>\n<meta property=\"og:description\" content=\"Das himmlische, herzhafte und krautige Turmeric Essential Oil ist ein sattes Goldorange und bietet eine F\u00fclle von Vorteilen.\" \/>\n<meta property=\"og:url\" content=\"https:\/\/dutchhealthstore.com\/de\/product\/turmeric-essential-oil-2\/\" \/>\n<meta property=\"og:site_name\" content=\"Dutch Health Store\" \/>\n<meta property=\"article:publisher\" content=\"https:\/\/www.instagram.com\/dutchhealthstore\/\" \/>\n<meta property=\"article:modified_time\" content=\"2025-10-11T14:19:49+00:00\" \/>\n<meta property=\"og:image\" content=\"https:\/\/dutchhealthstore.com\/wp-content\/uploads\/2018\/10\/Living-Libations-Turmeric-Essential-Oil-1-e1596440903914.jpg\" \/>\n\t<meta property=\"og:image:width\" content=\"500\" \/>\n\t<meta property=\"og:image:height\" content=\"500\" \/>\n\t<meta property=\"og:image:type\" content=\"image\/jpeg\" \/>\n<meta name=\"twitter:card\" content=\"summary_large_image\" \/>\n<meta name=\"twitter:label1\" content=\"Verf\u00fcgbarkeit\" \/>\n\t<meta name=\"twitter:data1\" content=\"Auf Lager\" \/>\n<script type=\"application\/ld+json\" class=\"yoast-schema-graph\">{\"@context\":\"https:\/\/schema.org\",\"@graph\":[{\"@type\":\"WebPage\",\"@id\":\"https:\/\/dutchhealthstore.com\/de\/product\/turmeric-essential-oil-2\/\",\"url\":\"https:\/\/dutchhealthstore.com\/de\/product\/turmeric-essential-oil-2\/\",\"name\":\"Turmeric Essential Oil | Living Libations\",\"isPartOf\":{\"@id\":\"https:\/\/dutchhealthstore.com\/de\/#website\"},\"primaryImageOfPage\":{\"@id\":\"https:\/\/dutchhealthstore.com\/de\/product\/turmeric-essential-oil-2\/#primaryimage\"},\"image\":{\"@id\":\"https:\/\/dutchhealthstore.com\/de\/product\/turmeric-essential-oil-2\/#primaryimage\"},\"thumbnailUrl\":\"https:\/\/dutchhealthstore.com\/wp-content\/uploads\/2018\/10\/Living-Libations-Turmeric-Essential-Oil-1-e1596440903914.jpg\",\"datePublished\":\"2018-10-05T03:47:30+00:00\",\"dateModified\":\"2025-10-11T14:19:49+00:00\",\"description\":\"Das himmlische, herzhafte und krautige Turmeric Essential Oil ist ein sattes Goldorange und bietet eine F\u00fclle von Vorteilen.\",\"breadcrumb\":{\"@id\":\"https:\/\/dutchhealthstore.com\/de\/product\/turmeric-essential-oil-2\/#breadcrumb\"},\"inLanguage\":\"de\",\"potentialAction\":[{\"@type\":\"ReadAction\",\"target\":[\"https:\/\/dutchhealthstore.com\/de\/product\/turmeric-essential-oil-2\/\"]}]},{\"@type\":\"ImageObject\",\"inLanguage\":\"de\",\"@id\":\"https:\/\/dutchhealthstore.com\/de\/product\/turmeric-essential-oil-2\/#primaryimage\",\"url\":\"https:\/\/dutchhealthstore.com\/wp-content\/uploads\/2018\/10\/Living-Libations-Turmeric-Essential-Oil-1-e1596440903914.jpg\",\"contentUrl\":\"https:\/\/dutchhealthstore.com\/wp-content\/uploads\/2018\/10\/Living-Libations-Turmeric-Essential-Oil-1-e1596440903914.jpg\",\"width\":500,\"height\":500,\"caption\":\"Living Libations Turmeric Essential Oil\"},{\"@type\":\"BreadcrumbList\",\"@id\":\"https:\/\/dutchhealthstore.com\/de\/product\/turmeric-essential-oil-2\/#breadcrumb\",\"itemListElement\":[{\"@type\":\"ListItem\",\"position\":1,\"name\":\"Home\",\"item\":\"https:\/\/dutchhealthstore.com\/de\/\"},{\"@type\":\"ListItem\",\"position\":2,\"name\":\"Shop\",\"item\":\"https:\/\/dutchhealthstore.com\/de\/shop-2\/\"},{\"@type\":\"ListItem\",\"position\":3,\"name\":\"Turmeric Essential Oil\"}]},{\"@type\":\"WebSite\",\"@id\":\"https:\/\/dutchhealthstore.com\/de\/#website\",\"url\":\"https:\/\/dutchhealthstore.com\/de\/\",\"name\":\"Dutch Health Store\",\"description\":\"Enhance Your Beauty with Organic &amp; Natural Skincare\",\"publisher\":{\"@id\":\"https:\/\/dutchhealthstore.com\/de\/#organization\"},\"potentialAction\":[{\"@type\":\"SearchAction\",\"target\":{\"@type\":\"EntryPoint\",\"urlTemplate\":\"https:\/\/dutchhealthstore.com\/de\/?s={search_term_string}\"},\"query-input\":{\"@type\":\"PropertyValueSpecification\",\"valueRequired\":true,\"valueName\":\"search_term_string\"}}],\"inLanguage\":\"de\"},{\"@type\":\"Organization\",\"@id\":\"https:\/\/dutchhealthstore.com\/de\/#organization\",\"name\":\"Dutch Health Store\",\"url\":\"https:\/\/dutchhealthstore.com\/de\/\",\"logo\":{\"@type\":\"ImageObject\",\"inLanguage\":\"de\",\"@id\":\"https:\/\/dutchhealthstore.com\/de\/#\/schema\/logo\/image\/\",\"url\":\"https:\/\/dutchhealthstore.com\/wp-content\/uploads\/2020\/08\/logo-dutchhealthstore-jpg-e1599484957574.jpg\",\"contentUrl\":\"https:\/\/dutchhealthstore.com\/wp-content\/uploads\/2020\/08\/logo-dutchhealthstore-jpg-e1599484957574.jpg\",\"width\":400,\"height\":62,\"caption\":\"Dutch Health Store\"},\"image\":{\"@id\":\"https:\/\/dutchhealthstore.com\/de\/#\/schema\/logo\/image\/\"},\"sameAs\":[\"https:\/\/www.instagram.com\/dutchhealthstore\/\",\"https:\/\/www.facebook.com\/dutchhealthstore\"]}]}<\/script>\n<meta property=\"product:brand\" content=\"Living Libations\" \/>\n<meta property=\"og:availability\" content=\"instock\" \/>\n<meta property=\"product:availability\" content=\"instock\" \/>\n<meta property=\"product:condition\" content=\"new\" \/>\n<!-- \/ Yoast SEO Premium plugin. -->","yoast_head_json":{"title":"Turmeric Essential Oil | Living Libations","description":"Das himmlische, herzhafte und krautige Turmeric Essential Oil ist ein sattes Goldorange und bietet eine F\u00fclle von Vorteilen.","robots":{"index":"index","follow":"follow","max-snippet":"max-snippet:-1","max-image-preview":"max-image-preview:large","max-video-preview":"max-video-preview:-1"},"canonical":"https:\/\/dutchhealthstore.com\/de\/product\/turmeric-essential-oil-2\/","og_locale":"de_DE","og_type":"article","og_title":"Turmeric Essential Oil - Dutch Health Store","og_description":"Das himmlische, herzhafte und krautige Turmeric Essential Oil ist ein sattes Goldorange und bietet eine F\u00fclle von Vorteilen.","og_url":"https:\/\/dutchhealthstore.com\/de\/product\/turmeric-essential-oil-2\/","og_site_name":"Dutch Health Store","article_publisher":"https:\/\/www.instagram.com\/dutchhealthstore\/","article_modified_time":"2025-10-11T14:19:49+00:00","og_image":[{"width":500,"height":500,"url":"https:\/\/dutchhealthstore.com\/wp-content\/uploads\/2018\/10\/Living-Libations-Turmeric-Essential-Oil-1-e1596440903914.jpg","type":"image\/jpeg"}],"twitter_card":"summary_large_image","twitter_misc":{"Verf\u00fcgbarkeit":"Auf Lager"},"schema":{"@context":"https:\/\/schema.org","@graph":[{"@type":"WebPage","@id":"https:\/\/dutchhealthstore.com\/de\/product\/turmeric-essential-oil-2\/","url":"https:\/\/dutchhealthstore.com\/de\/product\/turmeric-essential-oil-2\/","name":"Turmeric Essential Oil | Living Libations","isPartOf":{"@id":"https:\/\/dutchhealthstore.com\/de\/#website"},"primaryImageOfPage":{"@id":"https:\/\/dutchhealthstore.com\/de\/product\/turmeric-essential-oil-2\/#primaryimage"},"image":{"@id":"https:\/\/dutchhealthstore.com\/de\/product\/turmeric-essential-oil-2\/#primaryimage"},"thumbnailUrl":"https:\/\/dutchhealthstore.com\/wp-content\/uploads\/2018\/10\/Living-Libations-Turmeric-Essential-Oil-1-e1596440903914.jpg","datePublished":"2018-10-05T03:47:30+00:00","dateModified":"2025-10-11T14:19:49+00:00","description":"Das himmlische, herzhafte und krautige Turmeric Essential Oil ist ein sattes Goldorange und bietet eine F\u00fclle von Vorteilen.","breadcrumb":{"@id":"https:\/\/dutchhealthstore.com\/de\/product\/turmeric-essential-oil-2\/#breadcrumb"},"inLanguage":"de","potentialAction":[{"@type":"ReadAction","target":["https:\/\/dutchhealthstore.com\/de\/product\/turmeric-essential-oil-2\/"]}]},{"@type":"ImageObject","inLanguage":"de","@id":"https:\/\/dutchhealthstore.com\/de\/product\/turmeric-essential-oil-2\/#primaryimage","url":"https:\/\/dutchhealthstore.com\/wp-content\/uploads\/2018\/10\/Living-Libations-Turmeric-Essential-Oil-1-e1596440903914.jpg","contentUrl":"https:\/\/dutchhealthstore.com\/wp-content\/uploads\/2018\/10\/Living-Libations-Turmeric-Essential-Oil-1-e1596440903914.jpg","width":500,"height":500,"caption":"Living Libations Turmeric Essential Oil"},{"@type":"BreadcrumbList","@id":"https:\/\/dutchhealthstore.com\/de\/product\/turmeric-essential-oil-2\/#breadcrumb","itemListElement":[{"@type":"ListItem","position":1,"name":"Home","item":"https:\/\/dutchhealthstore.com\/de\/"},{"@type":"ListItem","position":2,"name":"Shop","item":"https:\/\/dutchhealthstore.com\/de\/shop-2\/"},{"@type":"ListItem","position":3,"name":"Turmeric Essential Oil"}]},{"@type":"WebSite","@id":"https:\/\/dutchhealthstore.com\/de\/#website","url":"https:\/\/dutchhealthstore.com\/de\/","name":"Dutch Health Store","description":"Enhance Your Beauty with Organic &amp; Natural Skincare","publisher":{"@id":"https:\/\/dutchhealthstore.com\/de\/#organization"},"potentialAction":[{"@type":"SearchAction","target":{"@type":"EntryPoint","urlTemplate":"https:\/\/dutchhealthstore.com\/de\/?s={search_term_string}"},"query-input":{"@type":"PropertyValueSpecification","valueRequired":true,"valueName":"search_term_string"}}],"inLanguage":"de"},{"@type":"Organization","@id":"https:\/\/dutchhealthstore.com\/de\/#organization","name":"Dutch Health Store","url":"https:\/\/dutchhealthstore.com\/de\/","logo":{"@type":"ImageObject","inLanguage":"de","@id":"https:\/\/dutchhealthstore.com\/de\/#\/schema\/logo\/image\/","url":"https:\/\/dutchhealthstore.com\/wp-content\/uploads\/2020\/08\/logo-dutchhealthstore-jpg-e1599484957574.jpg","contentUrl":"https:\/\/dutchhealthstore.com\/wp-content\/uploads\/2020\/08\/logo-dutchhealthstore-jpg-e1599484957574.jpg","width":400,"height":62,"caption":"Dutch Health Store"},"image":{"@id":"https:\/\/dutchhealthstore.com\/de\/#\/schema\/logo\/image\/"},"sameAs":["https:\/\/www.instagram.com\/dutchhealthstore\/","https:\/\/www.facebook.com\/dutchhealthstore"]}]},"product_brand":"Living Libations","og_availability":"instock","product_availability":"instock","product_condition":"new"},"_links":{"self":[{"href":"https:\/\/dutchhealthstore.com\/de\/wp-json\/wp\/v2\/product\/66653","targetHints":{"allow":["GET"]}}],"collection":[{"href":"https:\/\/dutchhealthstore.com\/de\/wp-json\/wp\/v2\/product"}],"about":[{"href":"https:\/\/dutchhealthstore.com\/de\/wp-json\/wp\/v2\/types\/product"}],"replies":[{"embeddable":true,"href":"https:\/\/dutchhealthstore.com\/de\/wp-json\/wp\/v2\/comments?post=66653"}],"wp:featuredmedia":[{"embeddable":true,"href":"https:\/\/dutchhealthstore.com\/de\/wp-json\/wp\/v2\/media\/117447"}],"wp:attachment":[{"href":"https:\/\/dutchhealthstore.com\/de\/wp-json\/wp\/v2\/media?parent=66653"}],"wp:term":[{"taxonomy":"product_brand","embeddable":true,"href":"https:\/\/dutchhealthstore.com\/de\/wp-json\/wp\/v2\/product_brand?post=66653"},{"taxonomy":"product_cat","embeddable":true,"href":"https:\/\/dutchhealthstore.com\/de\/wp-json\/wp\/v2\/product_cat?post=66653"},{"taxonomy":"product_tag","embeddable":true,"href":"https:\/\/dutchhealthstore.com\/de\/wp-json\/wp\/v2\/product_tag?post=66653"}],"curies":[{"name":"wp","href":"https:\/\/api.w.org\/{rel}","templated":true}]}}