{"id":66638,"date":"2018-11-02T16:03:12","date_gmt":"2018-11-02T15:03:12","guid":{"rendered":"https:\/\/dutchhealthstore.com\/product\/grapefruit-essential-oil\/"},"modified":"2025-11-23T13:02:00","modified_gmt":"2025-11-23T12:02:00","slug":"grapefruit-essential-oil","status":"publish","type":"product","link":"https:\/\/dutchhealthstore.com\/de\/product\/grapefruit-essential-oil\/","title":{"rendered":"Grapefruit Essential Oil"},"content":{"rendered":"<p><b><strong><img decoding=\"async\" class=\"alignright size-full wp-image-37041\" src=\"https:\/\/dutchhealthstore.com\/wp-content\/uploads\/2018\/04\/Living_Libations-1.png\" alt=\"Organic &amp; Natural Beautyproducts - Living Libations\" width=\"175\" height=\"82\">Botanischer Name:<\/strong><\/b><i><em>Citrus paradisi<br \/>\n<\/em><\/i><b><strong>Botanische Familie: <\/strong><\/b><i><em>Rutaceae<br \/>\n<\/em><\/i><b><strong>Extraktionsverfahren: <\/strong><\/b>Presse<br \/>\n<b><strong>Teil der Pflanze Destilliert:<\/strong><\/b> Schale<br \/>\n<b><strong>Herkunftsland:<\/strong><\/b> Italien<br \/>\n<b><\/b><b><strong>Anbaumethode:<\/strong><\/b> Bio<\/p>\n<h3>Beschreibung des Duftes<\/h3>\n<p><b><\/b>Scharfe Zitrusfr\u00fcchte mit einem Hauch von fr\u00f6hlichem Sonnenschein.<\/p>\n<h3>In Living Libations<b><strong><br \/>\n<\/strong><\/b><\/h3>\n<p>Sanddorn Best Skin Ever, Weihrauch Best Skin Ever, Being Free is Lots of Fun Perfume, Ruby Juice Lover Lips, Feeling Good Today, Cell-U-Light Formula, Grapefruit Cellular Renewal<\/p>\n<h3>Passt gut zu<b><strong><br \/>\n<\/strong><\/b><\/h3>\n<p>Alle Zitrus\u00f6le, Weihrauch, Rose, Jasmin, Ylang, Douglasie, Balsamtanne, Vetiver, Sandelholz, Patchouli, Ysop, Kardamon, Weihrauch und Spikenard.<\/p>\n<h3>Verwendet<b><strong><br \/>\n<\/strong><\/b><\/h3>\n<p>Diffus. Zusatz zu Haut- und Kopfhautseren. Gleicht fettige Haut aus. S\u00fc\u00df in B\u00e4dern. Herrlich zum Einatmen. Bringt die Dinge in Massagemischungen in Schwung. Eine wunderbare Erg\u00e4nzung zur Reinigung und Revitalisierung der Haut und verleiht dem Haar einen besonderen Glanz.<\/p>\n<h3>Kontraindikation<b><strong><br \/>\n<\/strong><\/b><\/h3>\n<p>Lichtempfindlichkeit (alle Zitrus\u00f6le haben diese Kontraindikation).<br \/>\nNicht unverd\u00fcnnt oder in Konzentrationen von mehr als 15% verwenden und die Haut nicht der Sonne aussetzen.<\/p>\n<p>Diese k\u00f6stliche Destillation nutzt die pflanzliche Kraft der Fruchtschalen, die in den Obstg\u00e4rten Italiens biologisch geerntet werden. Das saftige Fruchtfleisch der fr\u00f6hlichen Grapefruit gilt als eine Kreuzung aus der s\u00fc\u00dfen Orange und der Shaddock-Frucht. So r\u00e4tselhaft die Kr\u00e4fte dieser Reinigung sind, so kurios sind auch die Umst\u00e4nde, unter denen die Fr\u00fcchte entstanden sind. W\u00e4hrend einige Wissenschaftler die Wurzeln der Grapefruit bis ins alte China zur\u00fcckverfolgen k\u00f6nnen, behaupten andere, dass die wei\u00dfbl\u00fchenden B\u00e4ume in Westindien geboren wurden. Wo auch immer der Pampelmusenbaum geboren wurde, seine Vorfahren aus Italien liefern weiterhin saftige, \u00fcppige Gaben zum Wohle der Erde und zur Freude der Menschen.<\/p>\n<p>Erfreuen Sie sich an einer sonnigen Zitrusfrucht, wenn Sie den fr\u00f6hlichen Duft der Living Libations Grapefruit-Essenz einatmen.<\/p>\n<h3>Organic Ingredients<\/h3>\n<p>\u00c4therische <span style=\"font-size: 14.4px;\">\u00d6le<\/span> aus 100% Grapefruit (Citrus paradisi) .<\/p>\n<p style=\"text-align: center;\"><em>&#8222;Grapefruit weckt den menschlichen Geist aus dem Schlummer&#8230; energetisierend und belebend, <\/em><br \/>\n<em>Es verbietet die Egozentrik, nur f\u00fcr den K\u00f6rper zu leben, ohne eine Verbindung zum Geist herzustellen.&#8220;<\/em><br \/>\n~ Valerie Ann Worwood, <strong>Aromatherapy for the Soul<\/strong><\/p>\n<p style=\"text-align: center;\"><em>&#8222;Kann bis zu 98 Prozent Limonen enthalten&#8230; <\/em><br \/>\n<em>Sein angenehm erfrischender Duft und der recht erschwingliche Preis machen es sehr n\u00fctzlich f\u00fcr die Verwendung in Diffusoren und zur Desinfektion der Raumluft.&#8220;<\/em><br \/>\n~ Kurt Schnaubelt, <strong>Advanced Aromatherapy<\/strong><\/p>\n<p style=\"text-align: center;\"><em>&#8222;Befl\u00fcgelt die Gef\u00fchle&#8230; <\/em><br \/>\n<em>Sie sorgt f\u00fcr neue Lebensfreude, Leichtigkeit und Wohlbefinden. Es ist ein positives Gegenmittel in Zeiten der Selbstzweifel.<\/em><br \/>\n~ Suzanne Fischer-Rizzi, <strong>Complete Aromatherapy Handbook<\/strong><\/p>\n<p>&nbsp;<\/p>\n<p><img fetchpriority=\"high\" decoding=\"async\" class=\"size-full wp-image-31577 aligncenter\" src=\"https:\/\/dutchhealthstore.com\/wp-content\/uploads\/2018\/03\/organic_big.png\" alt=\"Organic and Natural - Living Libations\" width=\"623\" height=\"103\" srcset=\"https:\/\/dutchhealthstore.com\/wp-content\/uploads\/2018\/03\/organic_big.png 623w, https:\/\/dutchhealthstore.com\/wp-content\/uploads\/2018\/03\/organic_big-510x84.png 510w, https:\/\/dutchhealthstore.com\/wp-content\/uploads\/2018\/03\/organic_big-600x99.png 600w, https:\/\/dutchhealthstore.com\/wp-content\/uploads\/2018\/03\/organic_big-350x58.png 350w\" sizes=\"(max-width: 623px) 100vw, 623px\" \/><\/p>\n","protected":false},"excerpt":{"rendered":"<p>Beleben Sie Ihre Sinne mit dem <strong>Grapefruit essential oil<\/strong> von Living Libations. Inhalieren Sie die kr\u00e4ftigen rubinroten Grapefruit-Tropfen, um eine sonnige Zitruswelt wahrzunehmen, in der Positivit\u00e4t und Harmonie gefeiert werden. Grapefruit sorgt f\u00fcr heitere Klarheit und belebt den Geist, um die Dinge in Gang zu bringen.<\/p>\n<p>Grapefruit-Essenz ist ein herrliches Gesichtswasser f\u00fcr K\u00f6rper und Gesicht, das der Haut einen belebenden Schwung verleiht und sie zum Strahlen bringt.<\/p>\n","protected":false},"featured_media":27440,"comment_status":"open","ping_status":"closed","template":"","meta":[],"product_brand":[],"product_cat":[1546,6737,1508,1032,1493,1210,511,6736],"product_tag":[1547],"class_list":{"0":"post-66638","1":"product","2":"type-product","3":"status-publish","4":"has-post-thumbnail","6":"product_cat-essential-oils-living-libations-de","7":"product_cat-essential-oils-de-2","8":"product_cat-aetherische-oele-living-libations","9":"product_cat-kategorien","10":"product_cat-living-libations-deutschland","11":"product_cat-marken","12":"product_cat-produkte","13":"product_cat-wellness-de","14":"product_tag-essential-oil-de","15":"pa_brand-livinglibations-de","16":"pa_essential-oils-product-type-essential-oils-de","17":"pa_size-15-ml-de-2","18":"pa_size-30-ml-de","19":"pa_size-5-ml-de","21":"first","22":"instock","23":"taxable","24":"shipping-taxable","25":"purchasable","26":"product-type-variable"},"bundled_by":[],"bundle_stock_status":"instock","bundle_stock_quantity":null,"bundle_virtual":false,"bundle_layout":"","bundle_add_to_cart_form_location":"","bundle_editable_in_cart":false,"bundle_sold_individually_context":"","bundle_item_grouping":"","bundle_min_size":"","bundle_max_size":"","bundle_price":[],"bundled_items":[],"bundle_sell_ids":[],"atum_controlled":true,"out_stock_date":null,"out_stock_threshold":null,"inheritable":true,"stock_on_hold":1,"sold_today":0,"sales_last_days":1,"out_stock_days":0,"lost_sales":0,"update_date":"2026-04-12T00:02:10","atum_locations":[],"atum_stock_status":"instock","restock_status":false,"low_stock_amount":"","sales_update_date":"2026-04-11T00:01:46","calc_backorders":null,"group_of_quantity":0,"min_quantity":0,"max_quantity":"","exclude_order_quantity_value_rules":"no","exclude_category_quantity_rules":"no","combine_variations":"no","yoast_head":"<!-- This site is optimized with the Yoast SEO Premium plugin v26.5 (Yoast SEO v26.5) - https:\/\/yoast.com\/wordpress\/plugins\/seo\/ -->\n<title>Grapefruit Essential Oil | Living Libations<\/title>\n<meta name=\"description\" content=\"Grapefruit-Essenz ist ein herrliches Gesichtswasser f\u00fcr K\u00f6rper und Gesicht, das der Haut einen belebenden Schwung verleiht und sie zum Strahlen bringt.\" \/>\n<meta name=\"robots\" content=\"index, follow, max-snippet:-1, max-image-preview:large, max-video-preview:-1\" \/>\n<link rel=\"canonical\" href=\"https:\/\/dutchhealthstore.com\/de\/product\/grapefruit-essential-oil\/\" \/>\n<meta property=\"og:locale\" content=\"de_DE\" \/>\n<meta property=\"og:type\" content=\"article\" \/>\n<meta property=\"og:title\" content=\"Grapefruit Essential Oil - Dutch Health Store\" \/>\n<meta property=\"og:description\" content=\"Grapefruit-Essenz ist ein herrliches Gesichtswasser f\u00fcr K\u00f6rper und Gesicht, das der Haut einen belebenden Schwung verleiht und sie zum Strahlen bringt.\" \/>\n<meta property=\"og:url\" content=\"https:\/\/dutchhealthstore.com\/de\/product\/grapefruit-essential-oil\/\" \/>\n<meta property=\"og:site_name\" content=\"Dutch Health Store\" \/>\n<meta property=\"article:publisher\" content=\"https:\/\/www.instagram.com\/dutchhealthstore\/\" \/>\n<meta property=\"article:modified_time\" content=\"2025-11-23T12:02:00+00:00\" \/>\n<meta property=\"og:image\" content=\"https:\/\/dutchhealthstore.com\/wp-content\/uploads\/2018\/02\/Living_Libations_Grapefruit_Essential_Oil.jpg\" \/>\n\t<meta property=\"og:image:width\" content=\"500\" \/>\n\t<meta property=\"og:image:height\" content=\"500\" \/>\n\t<meta property=\"og:image:type\" content=\"image\/jpeg\" \/>\n<meta name=\"twitter:card\" content=\"summary_large_image\" \/>\n<meta name=\"twitter:label1\" content=\"Verf\u00fcgbarkeit\" \/>\n\t<meta name=\"twitter:data1\" content=\"Auf Lager\" \/>\n<script type=\"application\/ld+json\" class=\"yoast-schema-graph\">{\"@context\":\"https:\/\/schema.org\",\"@graph\":[{\"@type\":\"WebPage\",\"@id\":\"https:\/\/dutchhealthstore.com\/de\/product\/grapefruit-essential-oil\/\",\"url\":\"https:\/\/dutchhealthstore.com\/de\/product\/grapefruit-essential-oil\/\",\"name\":\"Grapefruit Essential Oil | Living Libations\",\"isPartOf\":{\"@id\":\"https:\/\/dutchhealthstore.com\/de\/#website\"},\"primaryImageOfPage\":{\"@id\":\"https:\/\/dutchhealthstore.com\/de\/product\/grapefruit-essential-oil\/#primaryimage\"},\"image\":{\"@id\":\"https:\/\/dutchhealthstore.com\/de\/product\/grapefruit-essential-oil\/#primaryimage\"},\"thumbnailUrl\":\"https:\/\/dutchhealthstore.com\/wp-content\/uploads\/2018\/02\/Living_Libations_Grapefruit_Essential_Oil.jpg\",\"datePublished\":\"2018-11-02T15:03:12+00:00\",\"dateModified\":\"2025-11-23T12:02:00+00:00\",\"description\":\"Grapefruit-Essenz ist ein herrliches Gesichtswasser f\u00fcr K\u00f6rper und Gesicht, das der Haut einen belebenden Schwung verleiht und sie zum Strahlen bringt.\",\"breadcrumb\":{\"@id\":\"https:\/\/dutchhealthstore.com\/de\/product\/grapefruit-essential-oil\/#breadcrumb\"},\"inLanguage\":\"de\",\"potentialAction\":[{\"@type\":\"ReadAction\",\"target\":[\"https:\/\/dutchhealthstore.com\/de\/product\/grapefruit-essential-oil\/\"]}]},{\"@type\":\"ImageObject\",\"inLanguage\":\"de\",\"@id\":\"https:\/\/dutchhealthstore.com\/de\/product\/grapefruit-essential-oil\/#primaryimage\",\"url\":\"https:\/\/dutchhealthstore.com\/wp-content\/uploads\/2018\/02\/Living_Libations_Grapefruit_Essential_Oil.jpg\",\"contentUrl\":\"https:\/\/dutchhealthstore.com\/wp-content\/uploads\/2018\/02\/Living_Libations_Grapefruit_Essential_Oil.jpg\",\"width\":500,\"height\":500,\"caption\":\"Living Libations | Grapefruit Essential Oil\"},{\"@type\":\"BreadcrumbList\",\"@id\":\"https:\/\/dutchhealthstore.com\/de\/product\/grapefruit-essential-oil\/#breadcrumb\",\"itemListElement\":[{\"@type\":\"ListItem\",\"position\":1,\"name\":\"Home\",\"item\":\"https:\/\/dutchhealthstore.com\/de\/\"},{\"@type\":\"ListItem\",\"position\":2,\"name\":\"Shop\",\"item\":\"https:\/\/dutchhealthstore.com\/de\/shop-2\/\"},{\"@type\":\"ListItem\",\"position\":3,\"name\":\"Grapefruit Essential Oil\"}]},{\"@type\":\"WebSite\",\"@id\":\"https:\/\/dutchhealthstore.com\/de\/#website\",\"url\":\"https:\/\/dutchhealthstore.com\/de\/\",\"name\":\"Dutch Health Store\",\"description\":\"Enhance Your Beauty with Organic &amp; Natural Skincare\",\"publisher\":{\"@id\":\"https:\/\/dutchhealthstore.com\/de\/#organization\"},\"potentialAction\":[{\"@type\":\"SearchAction\",\"target\":{\"@type\":\"EntryPoint\",\"urlTemplate\":\"https:\/\/dutchhealthstore.com\/de\/?s={search_term_string}\"},\"query-input\":{\"@type\":\"PropertyValueSpecification\",\"valueRequired\":true,\"valueName\":\"search_term_string\"}}],\"inLanguage\":\"de\"},{\"@type\":\"Organization\",\"@id\":\"https:\/\/dutchhealthstore.com\/de\/#organization\",\"name\":\"Dutch Health Store\",\"url\":\"https:\/\/dutchhealthstore.com\/de\/\",\"logo\":{\"@type\":\"ImageObject\",\"inLanguage\":\"de\",\"@id\":\"https:\/\/dutchhealthstore.com\/de\/#\/schema\/logo\/image\/\",\"url\":\"https:\/\/dutchhealthstore.com\/wp-content\/uploads\/2020\/08\/logo-dutchhealthstore-jpg-e1599484957574.jpg\",\"contentUrl\":\"https:\/\/dutchhealthstore.com\/wp-content\/uploads\/2020\/08\/logo-dutchhealthstore-jpg-e1599484957574.jpg\",\"width\":400,\"height\":62,\"caption\":\"Dutch Health Store\"},\"image\":{\"@id\":\"https:\/\/dutchhealthstore.com\/de\/#\/schema\/logo\/image\/\"},\"sameAs\":[\"https:\/\/www.instagram.com\/dutchhealthstore\/\",\"https:\/\/www.facebook.com\/dutchhealthstore\"]}]}<\/script>\n<meta property=\"product:brand\" content=\"Living Libations\" \/>\n<meta property=\"og:availability\" content=\"instock\" \/>\n<meta property=\"product:availability\" content=\"instock\" \/>\n<meta property=\"product:condition\" content=\"new\" \/>\n<!-- \/ Yoast SEO Premium plugin. -->","yoast_head_json":{"title":"Grapefruit Essential Oil | Living Libations","description":"Grapefruit-Essenz ist ein herrliches Gesichtswasser f\u00fcr K\u00f6rper und Gesicht, das der Haut einen belebenden Schwung verleiht und sie zum Strahlen bringt.","robots":{"index":"index","follow":"follow","max-snippet":"max-snippet:-1","max-image-preview":"max-image-preview:large","max-video-preview":"max-video-preview:-1"},"canonical":"https:\/\/dutchhealthstore.com\/de\/product\/grapefruit-essential-oil\/","og_locale":"de_DE","og_type":"article","og_title":"Grapefruit Essential Oil - Dutch Health Store","og_description":"Grapefruit-Essenz ist ein herrliches Gesichtswasser f\u00fcr K\u00f6rper und Gesicht, das der Haut einen belebenden Schwung verleiht und sie zum Strahlen bringt.","og_url":"https:\/\/dutchhealthstore.com\/de\/product\/grapefruit-essential-oil\/","og_site_name":"Dutch Health Store","article_publisher":"https:\/\/www.instagram.com\/dutchhealthstore\/","article_modified_time":"2025-11-23T12:02:00+00:00","og_image":[{"width":500,"height":500,"url":"https:\/\/dutchhealthstore.com\/wp-content\/uploads\/2018\/02\/Living_Libations_Grapefruit_Essential_Oil.jpg","type":"image\/jpeg"}],"twitter_card":"summary_large_image","twitter_misc":{"Verf\u00fcgbarkeit":"Auf Lager"},"schema":{"@context":"https:\/\/schema.org","@graph":[{"@type":"WebPage","@id":"https:\/\/dutchhealthstore.com\/de\/product\/grapefruit-essential-oil\/","url":"https:\/\/dutchhealthstore.com\/de\/product\/grapefruit-essential-oil\/","name":"Grapefruit Essential Oil | Living Libations","isPartOf":{"@id":"https:\/\/dutchhealthstore.com\/de\/#website"},"primaryImageOfPage":{"@id":"https:\/\/dutchhealthstore.com\/de\/product\/grapefruit-essential-oil\/#primaryimage"},"image":{"@id":"https:\/\/dutchhealthstore.com\/de\/product\/grapefruit-essential-oil\/#primaryimage"},"thumbnailUrl":"https:\/\/dutchhealthstore.com\/wp-content\/uploads\/2018\/02\/Living_Libations_Grapefruit_Essential_Oil.jpg","datePublished":"2018-11-02T15:03:12+00:00","dateModified":"2025-11-23T12:02:00+00:00","description":"Grapefruit-Essenz ist ein herrliches Gesichtswasser f\u00fcr K\u00f6rper und Gesicht, das der Haut einen belebenden Schwung verleiht und sie zum Strahlen bringt.","breadcrumb":{"@id":"https:\/\/dutchhealthstore.com\/de\/product\/grapefruit-essential-oil\/#breadcrumb"},"inLanguage":"de","potentialAction":[{"@type":"ReadAction","target":["https:\/\/dutchhealthstore.com\/de\/product\/grapefruit-essential-oil\/"]}]},{"@type":"ImageObject","inLanguage":"de","@id":"https:\/\/dutchhealthstore.com\/de\/product\/grapefruit-essential-oil\/#primaryimage","url":"https:\/\/dutchhealthstore.com\/wp-content\/uploads\/2018\/02\/Living_Libations_Grapefruit_Essential_Oil.jpg","contentUrl":"https:\/\/dutchhealthstore.com\/wp-content\/uploads\/2018\/02\/Living_Libations_Grapefruit_Essential_Oil.jpg","width":500,"height":500,"caption":"Living Libations | Grapefruit Essential Oil"},{"@type":"BreadcrumbList","@id":"https:\/\/dutchhealthstore.com\/de\/product\/grapefruit-essential-oil\/#breadcrumb","itemListElement":[{"@type":"ListItem","position":1,"name":"Home","item":"https:\/\/dutchhealthstore.com\/de\/"},{"@type":"ListItem","position":2,"name":"Shop","item":"https:\/\/dutchhealthstore.com\/de\/shop-2\/"},{"@type":"ListItem","position":3,"name":"Grapefruit Essential Oil"}]},{"@type":"WebSite","@id":"https:\/\/dutchhealthstore.com\/de\/#website","url":"https:\/\/dutchhealthstore.com\/de\/","name":"Dutch Health Store","description":"Enhance Your Beauty with Organic &amp; Natural Skincare","publisher":{"@id":"https:\/\/dutchhealthstore.com\/de\/#organization"},"potentialAction":[{"@type":"SearchAction","target":{"@type":"EntryPoint","urlTemplate":"https:\/\/dutchhealthstore.com\/de\/?s={search_term_string}"},"query-input":{"@type":"PropertyValueSpecification","valueRequired":true,"valueName":"search_term_string"}}],"inLanguage":"de"},{"@type":"Organization","@id":"https:\/\/dutchhealthstore.com\/de\/#organization","name":"Dutch Health Store","url":"https:\/\/dutchhealthstore.com\/de\/","logo":{"@type":"ImageObject","inLanguage":"de","@id":"https:\/\/dutchhealthstore.com\/de\/#\/schema\/logo\/image\/","url":"https:\/\/dutchhealthstore.com\/wp-content\/uploads\/2020\/08\/logo-dutchhealthstore-jpg-e1599484957574.jpg","contentUrl":"https:\/\/dutchhealthstore.com\/wp-content\/uploads\/2020\/08\/logo-dutchhealthstore-jpg-e1599484957574.jpg","width":400,"height":62,"caption":"Dutch Health Store"},"image":{"@id":"https:\/\/dutchhealthstore.com\/de\/#\/schema\/logo\/image\/"},"sameAs":["https:\/\/www.instagram.com\/dutchhealthstore\/","https:\/\/www.facebook.com\/dutchhealthstore"]}]},"product_brand":"Living Libations","og_availability":"instock","product_availability":"instock","product_condition":"new"},"_links":{"self":[{"href":"https:\/\/dutchhealthstore.com\/de\/wp-json\/wp\/v2\/product\/66638","targetHints":{"allow":["GET"]}}],"collection":[{"href":"https:\/\/dutchhealthstore.com\/de\/wp-json\/wp\/v2\/product"}],"about":[{"href":"https:\/\/dutchhealthstore.com\/de\/wp-json\/wp\/v2\/types\/product"}],"replies":[{"embeddable":true,"href":"https:\/\/dutchhealthstore.com\/de\/wp-json\/wp\/v2\/comments?post=66638"}],"wp:featuredmedia":[{"embeddable":true,"href":"https:\/\/dutchhealthstore.com\/de\/wp-json\/wp\/v2\/media\/27440"}],"wp:attachment":[{"href":"https:\/\/dutchhealthstore.com\/de\/wp-json\/wp\/v2\/media?parent=66638"}],"wp:term":[{"taxonomy":"product_brand","embeddable":true,"href":"https:\/\/dutchhealthstore.com\/de\/wp-json\/wp\/v2\/product_brand?post=66638"},{"taxonomy":"product_cat","embeddable":true,"href":"https:\/\/dutchhealthstore.com\/de\/wp-json\/wp\/v2\/product_cat?post=66638"},{"taxonomy":"product_tag","embeddable":true,"href":"https:\/\/dutchhealthstore.com\/de\/wp-json\/wp\/v2\/product_tag?post=66638"}],"curies":[{"name":"wp","href":"https:\/\/api.w.org\/{rel}","templated":true}]}}