{"id":66613,"date":"2018-02-10T19:31:38","date_gmt":"2018-02-10T18:31:38","guid":{"rendered":"https:\/\/dutchhealthstore.com\/product\/tea-tree-essential-oil\/"},"modified":"2026-04-04T14:40:30","modified_gmt":"2026-04-04T12:40:30","slug":"tea-tree-essential-oil","status":"publish","type":"product","link":"https:\/\/dutchhealthstore.com\/de\/product\/tea-tree-essential-oil\/","title":{"rendered":"Tea Tree Essential Oil"},"content":{"rendered":"<p style=\"font-weight: 400;\"><b><strong><img decoding=\"async\" class=\"alignright size-full wp-image-37041\" src=\"https:\/\/dutchhealthstore.com\/wp-content\/uploads\/2018\/04\/Living_Libations-1.png\" alt=\"Organic &amp; Natural Beautyproducts - Living Libations\" width=\"175\" height=\"82\"><\/strong><\/b><\/p>\n<p><strong>Botanischer Name:<\/strong> Melaleuca alternifolia<br \/>\n<strong>Botanische Familie:<\/strong> Myrtaceae<br \/>\n<strong>Extraktionsverfahren:<\/strong> Dampfdestilliert<br \/>\n<strong>Teil der Pflanze Destilliert:<\/strong> Bl\u00e4tter<br \/>\n<strong>Herkunftsland:<\/strong> Australien<br \/>\n<strong>Anbaumethode:<\/strong> Bio<br \/>\n<strong>Zusammensetzung:<\/strong> 100% Melaleuca alternifolia<br \/>\n<strong>Konsistenz:<\/strong> D\u00fcnn<\/p>\n<h3>Beschreibung des Duftes<\/h3>\n<p>Kampfer, Immergr\u00fcn und Kiefer-frisch.<\/p>\n<h3>In Living Libations<\/h3>\n<p>Happy Gum Drops, Wild Child Happy Gum Drops<\/p>\n<h3>Gut mischbar mit<\/h3>\n<p>Zitrone, Rosmarin, Bergamotte, Lavendel und Grapefruit.<\/p>\n<h3>Verwendet<\/h3>\n<p>Deodorant und Atemerfrischer. Hautberuhigung und -verbesserung. Es wird als Reinigungsmittel bei Akne verwendet, um trockene Schuppen wegzuwaschen und das Hautbild zu verbessern. Unverzichtbar f\u00fcr die Reiseapotheke. Perfekt f\u00fcr die Reinigung von Arbeitsfl\u00e4chen und die Desinfektion von H\u00e4nden. Geben Sie einen Tropfen unter frisch geschrubbte N\u00e4gel f\u00fcr zus\u00e4tzliche Sauberkeit und wei\u00dfe Spitzen.<\/p>\n<p>Unser Tea Tree Essential Oil ist die uralte Antwort auf uralte Fragen der Hautpflege, die eine adstringierende Pflege erfordert. Teebaum ist ein bew\u00e4hrtes Tonikum, eine nat\u00fcrliche Alternative zu synthetischen Hautreinigern und Tonern. Dampfdestilliert im australischen Busch aus den Bl\u00e4ttern von Melaleuca alternifolia, auch bekannt als Narrow Leaf Paperbark Tree, einem einheimischen australischen Baum, der seit Jahrhunderten von den Aborigines verwendet wird.<\/p>\n<p>Im alten Australien wurden die zerkleinerten Bl\u00e4tter des Teebaums inhaliert, um den Brustkorb zu erweitern und den Atem zu segnen. Die Bundjalung-Leute tr\u00e4nkten die Bl\u00e4tter in einer scharfen Fl\u00fcssigkeit, um daraus ein Elixier f\u00fcr alles zu machen. Eine unserer beliebtesten modernen Anwendungen sind Happy Gum Drops, die Mund und Atem s\u00fc\u00df und frisch riechen lassen.<\/p>\n<p>Tea Tree Essential Oil macht alles besser. Mit seinem frischen, belebenden Duft werden Sie sich f\u00fchlen, als w\u00e4ren Sie an einem frischen, k\u00fchlen Morgen inmitten eines Waldes aufgewacht, wo die sch\u00fctzende Flora Sie stoisch in eine irdische Umarmung h\u00fcllt.<\/p>\n<h3>Organic Ingredients<\/h3>\n<p>Melaleuca alternifolia (Teebaum) \u00e4therisches \u00d6l.<\/p>\n<p style=\"font-weight: 400; text-align: center;\"><i><em><br \/>\n&#8222;Ein gutes \u00e4therisches \u00d6l f\u00fcr den Einstieg in die nat\u00fcrliche Pflege ist Teebaum\u00f6l, das ungiftig und wirksam ist.<br \/>\n<\/em><\/i>Kurt Schnaubelt, <strong>Advanced aromatherapy<\/strong><\/p>\n<p style=\"font-weight: 400; text-align: center;\"><i><em>&#8222;Teebaum! Du weiche, du n\u00fcchterne, weise und ehrw\u00fcrdige Fl\u00fcssigkeit, du l\u00e4chelndes, herz\u00f6ffnendes, winkendes Herzmittel, dem ich die gl\u00fccklichste Zeit meines Lebens verdanke, lass mich niederfallen und dich anbeten.&#8220;<br \/>\n<\/em><\/i>Colley Cibber<\/p>\n<p style=\"font-weight: 400; text-align: center;\"><i><em>&#8222;Teebaum\u00f6l wurde in Australien von den Ureinwohnern verwendet, die es 1770 durch Kapit\u00e4n Cook in die westliche Welt brachten. Es ist ein \u00d6l, das in Ihrer Hausapotheke mit Sicherheit viel Verwendung finden wird und unbedingt in die Hausapotheke geh\u00f6ren sollte.&#8220;<br \/>\n<\/em><\/i>Jeanne Rose, <strong>The Aromatherapy Book: Inhalations and Applications<\/strong><\/p>\n<p><img fetchpriority=\"high\" decoding=\"async\" class=\"size-full wp-image-31577 aligncenter\" src=\"https:\/\/dutchhealthstore.com\/wp-content\/uploads\/2018\/03\/organic_big.png\" alt=\"Organic and Natural - Living Libations\" width=\"623\" height=\"103\" srcset=\"https:\/\/dutchhealthstore.com\/wp-content\/uploads\/2018\/03\/organic_big.png 623w, https:\/\/dutchhealthstore.com\/wp-content\/uploads\/2018\/03\/organic_big-510x84.png 510w, https:\/\/dutchhealthstore.com\/wp-content\/uploads\/2018\/03\/organic_big-600x99.png 600w, https:\/\/dutchhealthstore.com\/wp-content\/uploads\/2018\/03\/organic_big-350x58.png 350w\" sizes=\"(max-width: 623px) 100vw, 623px\" \/><\/p>\n","protected":false},"excerpt":{"rendered":"<p>Authentisches australisches Tea Tree Essential Oil ist ein wahrer Allesk\u00f6nner. Das als kleines Wunder angepriesene Tea Tree Essential Oil beruhigt, erfrischt, reinigt und entschlackt. Dieses blasse, goldfarbene \u00d6l wird durch Wasserdampfdestillation gewonnen und verstr\u00f6mt einen frischen, aromatischen Kampferduft. Diese Hauptprodukt sollten Sie in Ihrer Apotheke aufbewahren, da es sehr praktisch und handlich ist und immer zur Verf\u00fcgung steht.<\/p>\n","protected":false},"featured_media":117405,"comment_status":"open","ping_status":"closed","template":"","meta":[],"product_brand":[],"product_cat":[6737,1508,1546,1498,1493,1210,511,6736],"product_tag":[1547],"class_list":{"0":"post-66613","1":"product","2":"type-product","3":"status-publish","4":"has-post-thumbnail","6":"product_cat-essential-oils-de-2","7":"product_cat-aetherische-oele-living-libations","8":"product_cat-essential-oils-living-libations-de","9":"product_cat-baby-kind-living-libations","10":"product_cat-living-libations-deutschland","11":"product_cat-marken","12":"product_cat-produkte","13":"product_cat-wellness-de","14":"product_tag-essential-oil-de","15":"pa_brand-livinglibations-de","16":"pa_essential-oils-product-type-essential-oils-de","17":"pa_size-5-ml-de","18":"pa_size-15-ml-de-2","19":"pa_size-30-ml-de","21":"first","22":"instock","23":"taxable","24":"shipping-taxable","25":"purchasable","26":"product-type-variable"},"bundled_by":[],"bundle_stock_status":"instock","bundle_stock_quantity":null,"bundle_virtual":false,"bundle_layout":"","bundle_add_to_cart_form_location":"","bundle_editable_in_cart":false,"bundle_sold_individually_context":"","bundle_item_grouping":"","bundle_min_size":"","bundle_max_size":"","bundle_price":[],"bundled_items":[],"bundle_sell_ids":[],"atum_controlled":true,"out_stock_date":null,"out_stock_threshold":null,"inheritable":true,"stock_on_hold":2,"sold_today":0,"sales_last_days":2,"out_stock_days":0,"lost_sales":0,"update_date":"2026-04-09T07:02:19","atum_locations":[],"atum_stock_status":"instock","restock_status":false,"low_stock_amount":"","sales_update_date":"2026-04-09T07:02:19","calc_backorders":null,"group_of_quantity":0,"min_quantity":0,"max_quantity":"","exclude_order_quantity_value_rules":"no","exclude_category_quantity_rules":"no","combine_variations":"no","yoast_head":"<!-- This site is optimized with the Yoast SEO Premium plugin v26.5 (Yoast SEO v26.5) - https:\/\/yoast.com\/wordpress\/plugins\/seo\/ -->\n<title>Tea Tree Essential Oil | Living Libations<\/title>\n<meta name=\"description\" content=\"Authentisches australisches Tea Tree Essential Oil ist ein wahrer Allesk\u00f6nner. Das als kleines Wunder angepriesene Tea Tree Essential Oil beruhigt, erfrischt und reinigt.\" \/>\n<meta name=\"robots\" content=\"index, follow, max-snippet:-1, max-image-preview:large, max-video-preview:-1\" \/>\n<link rel=\"canonical\" href=\"https:\/\/dutchhealthstore.com\/de\/product\/tea-tree-essential-oil\/\" \/>\n<meta property=\"og:locale\" content=\"de_DE\" \/>\n<meta property=\"og:type\" content=\"article\" \/>\n<meta property=\"og:title\" content=\"Tea Tree Essential Oil - Dutch Health Store\" \/>\n<meta property=\"og:description\" content=\"Authentisches australisches Tea Tree Essential Oil ist ein wahrer Allesk\u00f6nner. Das als kleines Wunder angepriesene Tea Tree Essential Oil beruhigt, erfrischt und reinigt.\" \/>\n<meta property=\"og:url\" content=\"https:\/\/dutchhealthstore.com\/de\/product\/tea-tree-essential-oil\/\" \/>\n<meta property=\"og:site_name\" content=\"Dutch Health Store\" \/>\n<meta property=\"article:publisher\" content=\"https:\/\/www.instagram.com\/dutchhealthstore\/\" \/>\n<meta property=\"article:modified_time\" content=\"2026-04-04T12:40:30+00:00\" \/>\n<meta property=\"og:image\" content=\"https:\/\/dutchhealthstore.com\/wp-content\/uploads\/2018\/02\/Living-Libations-Tea-Tree-Essential-Oil-e1596438040193.png\" \/>\n\t<meta property=\"og:image:width\" content=\"500\" \/>\n\t<meta property=\"og:image:height\" content=\"498\" \/>\n\t<meta property=\"og:image:type\" content=\"image\/jpeg\" \/>\n<meta name=\"twitter:card\" content=\"summary_large_image\" \/>\n<meta name=\"twitter:label1\" content=\"Verf\u00fcgbarkeit\" \/>\n\t<meta name=\"twitter:data1\" content=\"Auf Lager\" \/>\n<script type=\"application\/ld+json\" class=\"yoast-schema-graph\">{\"@context\":\"https:\/\/schema.org\",\"@graph\":[{\"@type\":\"WebPage\",\"@id\":\"https:\/\/dutchhealthstore.com\/de\/product\/tea-tree-essential-oil\/\",\"url\":\"https:\/\/dutchhealthstore.com\/de\/product\/tea-tree-essential-oil\/\",\"name\":\"Tea Tree Essential Oil | Living Libations\",\"isPartOf\":{\"@id\":\"https:\/\/dutchhealthstore.com\/de\/#website\"},\"primaryImageOfPage\":{\"@id\":\"https:\/\/dutchhealthstore.com\/de\/product\/tea-tree-essential-oil\/#primaryimage\"},\"image\":{\"@id\":\"https:\/\/dutchhealthstore.com\/de\/product\/tea-tree-essential-oil\/#primaryimage\"},\"thumbnailUrl\":\"https:\/\/dutchhealthstore.com\/wp-content\/uploads\/2018\/02\/Living-Libations-Tea-Tree-Essential-Oil-e1596438040193.png\",\"datePublished\":\"2018-02-10T18:31:38+00:00\",\"dateModified\":\"2026-04-04T12:40:30+00:00\",\"description\":\"Authentisches australisches Tea Tree Essential Oil ist ein wahrer Allesk\u00f6nner. Das als kleines Wunder angepriesene Tea Tree Essential Oil beruhigt, erfrischt und reinigt.\",\"breadcrumb\":{\"@id\":\"https:\/\/dutchhealthstore.com\/de\/product\/tea-tree-essential-oil\/#breadcrumb\"},\"inLanguage\":\"de\",\"potentialAction\":[{\"@type\":\"ReadAction\",\"target\":[\"https:\/\/dutchhealthstore.com\/de\/product\/tea-tree-essential-oil\/\"]}]},{\"@type\":\"ImageObject\",\"inLanguage\":\"de\",\"@id\":\"https:\/\/dutchhealthstore.com\/de\/product\/tea-tree-essential-oil\/#primaryimage\",\"url\":\"https:\/\/dutchhealthstore.com\/wp-content\/uploads\/2018\/02\/Living-Libations-Tea-Tree-Essential-Oil-e1596438040193.png\",\"contentUrl\":\"https:\/\/dutchhealthstore.com\/wp-content\/uploads\/2018\/02\/Living-Libations-Tea-Tree-Essential-Oil-e1596438040193.png\",\"width\":500,\"height\":498,\"caption\":\"Living Libations Tea Tree Essential Oil\"},{\"@type\":\"BreadcrumbList\",\"@id\":\"https:\/\/dutchhealthstore.com\/de\/product\/tea-tree-essential-oil\/#breadcrumb\",\"itemListElement\":[{\"@type\":\"ListItem\",\"position\":1,\"name\":\"Home\",\"item\":\"https:\/\/dutchhealthstore.com\/de\/\"},{\"@type\":\"ListItem\",\"position\":2,\"name\":\"Shop\",\"item\":\"https:\/\/dutchhealthstore.com\/de\/shop-2\/\"},{\"@type\":\"ListItem\",\"position\":3,\"name\":\"Tea Tree Essential Oil\"}]},{\"@type\":\"WebSite\",\"@id\":\"https:\/\/dutchhealthstore.com\/de\/#website\",\"url\":\"https:\/\/dutchhealthstore.com\/de\/\",\"name\":\"Dutch Health Store\",\"description\":\"Enhance Your Beauty with Organic &amp; Natural Skincare\",\"publisher\":{\"@id\":\"https:\/\/dutchhealthstore.com\/de\/#organization\"},\"potentialAction\":[{\"@type\":\"SearchAction\",\"target\":{\"@type\":\"EntryPoint\",\"urlTemplate\":\"https:\/\/dutchhealthstore.com\/de\/?s={search_term_string}\"},\"query-input\":{\"@type\":\"PropertyValueSpecification\",\"valueRequired\":true,\"valueName\":\"search_term_string\"}}],\"inLanguage\":\"de\"},{\"@type\":\"Organization\",\"@id\":\"https:\/\/dutchhealthstore.com\/de\/#organization\",\"name\":\"Dutch Health Store\",\"url\":\"https:\/\/dutchhealthstore.com\/de\/\",\"logo\":{\"@type\":\"ImageObject\",\"inLanguage\":\"de\",\"@id\":\"https:\/\/dutchhealthstore.com\/de\/#\/schema\/logo\/image\/\",\"url\":\"https:\/\/dutchhealthstore.com\/wp-content\/uploads\/2020\/08\/logo-dutchhealthstore-jpg-e1599484957574.jpg\",\"contentUrl\":\"https:\/\/dutchhealthstore.com\/wp-content\/uploads\/2020\/08\/logo-dutchhealthstore-jpg-e1599484957574.jpg\",\"width\":400,\"height\":62,\"caption\":\"Dutch Health Store\"},\"image\":{\"@id\":\"https:\/\/dutchhealthstore.com\/de\/#\/schema\/logo\/image\/\"},\"sameAs\":[\"https:\/\/www.instagram.com\/dutchhealthstore\/\",\"https:\/\/www.facebook.com\/dutchhealthstore\"]}]}<\/script>\n<meta property=\"product:brand\" content=\"Living Libations\" \/>\n<meta property=\"og:availability\" content=\"instock\" \/>\n<meta property=\"product:availability\" content=\"instock\" \/>\n<meta property=\"product:condition\" content=\"new\" \/>\n<!-- \/ Yoast SEO Premium plugin. -->","yoast_head_json":{"title":"Tea Tree Essential Oil | Living Libations","description":"Authentisches australisches Tea Tree Essential Oil ist ein wahrer Allesk\u00f6nner. Das als kleines Wunder angepriesene Tea Tree Essential Oil beruhigt, erfrischt und reinigt.","robots":{"index":"index","follow":"follow","max-snippet":"max-snippet:-1","max-image-preview":"max-image-preview:large","max-video-preview":"max-video-preview:-1"},"canonical":"https:\/\/dutchhealthstore.com\/de\/product\/tea-tree-essential-oil\/","og_locale":"de_DE","og_type":"article","og_title":"Tea Tree Essential Oil - Dutch Health Store","og_description":"Authentisches australisches Tea Tree Essential Oil ist ein wahrer Allesk\u00f6nner. Das als kleines Wunder angepriesene Tea Tree Essential Oil beruhigt, erfrischt und reinigt.","og_url":"https:\/\/dutchhealthstore.com\/de\/product\/tea-tree-essential-oil\/","og_site_name":"Dutch Health Store","article_publisher":"https:\/\/www.instagram.com\/dutchhealthstore\/","article_modified_time":"2026-04-04T12:40:30+00:00","og_image":[{"width":500,"height":498,"url":"https:\/\/dutchhealthstore.com\/wp-content\/uploads\/2018\/02\/Living-Libations-Tea-Tree-Essential-Oil-e1596438040193.png","type":"image\/jpeg"}],"twitter_card":"summary_large_image","twitter_misc":{"Verf\u00fcgbarkeit":"Auf Lager"},"schema":{"@context":"https:\/\/schema.org","@graph":[{"@type":"WebPage","@id":"https:\/\/dutchhealthstore.com\/de\/product\/tea-tree-essential-oil\/","url":"https:\/\/dutchhealthstore.com\/de\/product\/tea-tree-essential-oil\/","name":"Tea Tree Essential Oil | Living Libations","isPartOf":{"@id":"https:\/\/dutchhealthstore.com\/de\/#website"},"primaryImageOfPage":{"@id":"https:\/\/dutchhealthstore.com\/de\/product\/tea-tree-essential-oil\/#primaryimage"},"image":{"@id":"https:\/\/dutchhealthstore.com\/de\/product\/tea-tree-essential-oil\/#primaryimage"},"thumbnailUrl":"https:\/\/dutchhealthstore.com\/wp-content\/uploads\/2018\/02\/Living-Libations-Tea-Tree-Essential-Oil-e1596438040193.png","datePublished":"2018-02-10T18:31:38+00:00","dateModified":"2026-04-04T12:40:30+00:00","description":"Authentisches australisches Tea Tree Essential Oil ist ein wahrer Allesk\u00f6nner. Das als kleines Wunder angepriesene Tea Tree Essential Oil beruhigt, erfrischt und reinigt.","breadcrumb":{"@id":"https:\/\/dutchhealthstore.com\/de\/product\/tea-tree-essential-oil\/#breadcrumb"},"inLanguage":"de","potentialAction":[{"@type":"ReadAction","target":["https:\/\/dutchhealthstore.com\/de\/product\/tea-tree-essential-oil\/"]}]},{"@type":"ImageObject","inLanguage":"de","@id":"https:\/\/dutchhealthstore.com\/de\/product\/tea-tree-essential-oil\/#primaryimage","url":"https:\/\/dutchhealthstore.com\/wp-content\/uploads\/2018\/02\/Living-Libations-Tea-Tree-Essential-Oil-e1596438040193.png","contentUrl":"https:\/\/dutchhealthstore.com\/wp-content\/uploads\/2018\/02\/Living-Libations-Tea-Tree-Essential-Oil-e1596438040193.png","width":500,"height":498,"caption":"Living Libations Tea Tree Essential Oil"},{"@type":"BreadcrumbList","@id":"https:\/\/dutchhealthstore.com\/de\/product\/tea-tree-essential-oil\/#breadcrumb","itemListElement":[{"@type":"ListItem","position":1,"name":"Home","item":"https:\/\/dutchhealthstore.com\/de\/"},{"@type":"ListItem","position":2,"name":"Shop","item":"https:\/\/dutchhealthstore.com\/de\/shop-2\/"},{"@type":"ListItem","position":3,"name":"Tea Tree Essential Oil"}]},{"@type":"WebSite","@id":"https:\/\/dutchhealthstore.com\/de\/#website","url":"https:\/\/dutchhealthstore.com\/de\/","name":"Dutch Health Store","description":"Enhance Your Beauty with Organic &amp; Natural Skincare","publisher":{"@id":"https:\/\/dutchhealthstore.com\/de\/#organization"},"potentialAction":[{"@type":"SearchAction","target":{"@type":"EntryPoint","urlTemplate":"https:\/\/dutchhealthstore.com\/de\/?s={search_term_string}"},"query-input":{"@type":"PropertyValueSpecification","valueRequired":true,"valueName":"search_term_string"}}],"inLanguage":"de"},{"@type":"Organization","@id":"https:\/\/dutchhealthstore.com\/de\/#organization","name":"Dutch Health Store","url":"https:\/\/dutchhealthstore.com\/de\/","logo":{"@type":"ImageObject","inLanguage":"de","@id":"https:\/\/dutchhealthstore.com\/de\/#\/schema\/logo\/image\/","url":"https:\/\/dutchhealthstore.com\/wp-content\/uploads\/2020\/08\/logo-dutchhealthstore-jpg-e1599484957574.jpg","contentUrl":"https:\/\/dutchhealthstore.com\/wp-content\/uploads\/2020\/08\/logo-dutchhealthstore-jpg-e1599484957574.jpg","width":400,"height":62,"caption":"Dutch Health Store"},"image":{"@id":"https:\/\/dutchhealthstore.com\/de\/#\/schema\/logo\/image\/"},"sameAs":["https:\/\/www.instagram.com\/dutchhealthstore\/","https:\/\/www.facebook.com\/dutchhealthstore"]}]},"product_brand":"Living Libations","og_availability":"instock","product_availability":"instock","product_condition":"new"},"_links":{"self":[{"href":"https:\/\/dutchhealthstore.com\/de\/wp-json\/wp\/v2\/product\/66613","targetHints":{"allow":["GET"]}}],"collection":[{"href":"https:\/\/dutchhealthstore.com\/de\/wp-json\/wp\/v2\/product"}],"about":[{"href":"https:\/\/dutchhealthstore.com\/de\/wp-json\/wp\/v2\/types\/product"}],"replies":[{"embeddable":true,"href":"https:\/\/dutchhealthstore.com\/de\/wp-json\/wp\/v2\/comments?post=66613"}],"wp:featuredmedia":[{"embeddable":true,"href":"https:\/\/dutchhealthstore.com\/de\/wp-json\/wp\/v2\/media\/117405"}],"wp:attachment":[{"href":"https:\/\/dutchhealthstore.com\/de\/wp-json\/wp\/v2\/media?parent=66613"}],"wp:term":[{"taxonomy":"product_brand","embeddable":true,"href":"https:\/\/dutchhealthstore.com\/de\/wp-json\/wp\/v2\/product_brand?post=66613"},{"taxonomy":"product_cat","embeddable":true,"href":"https:\/\/dutchhealthstore.com\/de\/wp-json\/wp\/v2\/product_cat?post=66613"},{"taxonomy":"product_tag","embeddable":true,"href":"https:\/\/dutchhealthstore.com\/de\/wp-json\/wp\/v2\/product_tag?post=66613"}],"curies":[{"name":"wp","href":"https:\/\/api.w.org\/{rel}","templated":true}]}}