{"id":66612,"date":"2018-02-10T19:42:17","date_gmt":"2018-02-10T19:42:17","guid":{"rendered":"https:\/\/dutchhealthstore.com\/product\/rose-absolute\/"},"modified":"2026-04-04T14:40:25","modified_gmt":"2026-04-04T12:40:25","slug":"rose-absolute","status":"publish","type":"product","link":"https:\/\/dutchhealthstore.com\/de\/product\/rose-absolute\/","title":{"rendered":"Rose Absolute"},"content":{"rendered":"<p style=\"font-weight: 400;\"><b><strong><img decoding=\"async\" class=\"alignright size-full wp-image-37041\" src=\"https:\/\/dutchhealthstore.com\/wp-content\/uploads\/2018\/04\/Living_Libations-1.png\" alt=\"Organic &amp; Natural Beautyproducts - Living Libations\" width=\"175\" height=\"82\"><\/strong><\/b><i><\/i><\/p>\n<p><strong>Botanischer Name:<\/strong> Rosa damascena<br \/>\n<strong>Botanische Familie:<\/strong> Rosaceae<br \/>\n<strong>Extraktionsverfahren:<\/strong> Absolute<br \/>\n<strong>Teil der Pflanze Destilliert:<\/strong> Bl\u00fcte<br \/>\n<strong>Herkunftsland:<\/strong> Bulgarien<br \/>\n<strong>Anbaumethode:<\/strong> Bio<br \/>\n<strong>Zusammensetzung:<\/strong> 100% Rosa damascena<br \/>\n<strong>Konsistenz:<\/strong> Mittlere Viskosit\u00e4t<\/p>\n<h3>Beschreibung des Duftes<\/h3>\n<p>Reichhaltige, s\u00fc\u00dfe Rose mit subtilen Noten von Honig und Gew\u00fcrzen<\/p>\n<h3>In Living Libations<\/h3>\n<p>Roses Shining Everywhere Petal Perfume, Rose Glow Lover Lips, Secret Land of Is<\/p>\n<h3>Gut mischbar mit<\/h3>\n<p>Bergamotte, Vanille, Ylang, Grapefruit, Jasmin, Neroli, Sandelholz, Spikenard und Sandelholz, Patchouli<\/p>\n<a href=\"https:\/\/dutchhealthstore.com\/wp-content\/uploads\/2018\/02\/ANALYSIS-Rose-Absolute-Living-Libations.pdf\" class=\"button primary is-primary is-small\"  >\n\t\t<span> PRODUKTANALYSE &gt;<\/span>\n\t<\/a>\n\n<h3>Verwendet<\/h3>\n<p>Parf\u00fcm und topische Aromatherapie. Sch\u00f6n in den B\u00e4dern. Dekadent in Diffusoren.<\/p>\n<p>Diese exquisite Destillation von Rosen-Absolue wird im Tal der Rosen in Bulgarien biologisch geerntet. Das Absolue von Rosa damascena wird durch die absolute Abstraktion von zarten Rosenbl\u00fcten gewonnen, die eine F\u00fclle von sch\u00f6nen Vorteilen zusammen mit einem vollmundigen Rosenduft bieten. Diese K\u00f6nigin der Blumen, von der man sagt, sie sei das Blut der Venus, verstr\u00f6mt einen reichen Duft, der das Herz weitet und die Harmonie zwischen Geist, K\u00f6rper und Seele f\u00f6rdert. Rose Absolute inspiriert zu Liebe, Sinnlichkeit und einem offenen Herzen.<\/p>\n<p>Rose Absolute bietet den reinsten Rosenduft, der in der Parf\u00fcmerie erh\u00e4ltlich ist. Die Extraktionsmethode schafft ein aromatisches Abenteuer, das einem Glas voll frisch gepfl\u00fcckter Rosen so nahe kommt, wie man es sich nur vorstellen kann!<\/p>\n<p><strong>Gr\u00f6\u00dfe: 5 ml<\/strong><\/p>\n<h3>Bio-Zutaten<\/h3>\n<p>100% Rose (Rosa damascena) absolut.<\/p>\n<p style=\"text-align: center;\"><em>&#8222;In der Aromatherapie wird die Rosenessenz als gutes allgemeines Tonikum und St\u00e4rkungsmittel, insbesondere f\u00fcr das Herz, verwendet. Sie hat eine beruhigende Wirkung auf den Geist und ist gleichzeitig ein sanftes Aphrodisiakum f\u00fcr Frauen.&#8220;<\/em><br \/>\n~ Julia Lawless, <strong>Aromatherapy and the Mind<\/strong><\/p>\n<p style=\"text-align: center;\"><em>&#8222;Aber die Rose verschafft uns vor allem eines: ein Gef\u00fchl des Wohlbefindens, ja des Gl\u00fccks, und der Mensch wird unter ihrem Einfluss eine liebensw\u00fcrdige Toleranz entwickeln.&#8220;<\/em><br \/>\n~ Marguerite Maury&#8217;s, <strong>Marguerite Maury&#8217;s Guide to Aromatherapy<\/strong><\/p>\n<p style=\"text-align: center;\"><em>&#8222;What is the scent of the rose?<\/em><br \/>\n<em>The breath of reason and intelligence,<\/em><br \/>\n<em>a sweet guide on the way to the eternal kingdom.&#8220;<\/em><br \/>\n~ Rumi<\/p>\n<p style=\"text-align: center;\"><em>&#8222;Can you find another market like this?<\/em><br \/>\n<em>Where, with your one rose<\/em><br \/>\n<em>you can buy hundreds of rose gardens?&#8220;<\/em><br \/>\n~ Rumi<\/p>\n<p><img fetchpriority=\"high\" decoding=\"async\" class=\"size-full wp-image-31577 aligncenter\" src=\"https:\/\/dutchhealthstore.com\/wp-content\/uploads\/2018\/03\/organic_big.png\" alt=\"Organic and Natural - Living Libations\" width=\"623\" height=\"103\" srcset=\"https:\/\/dutchhealthstore.com\/wp-content\/uploads\/2018\/03\/organic_big.png 623w, https:\/\/dutchhealthstore.com\/wp-content\/uploads\/2018\/03\/organic_big-510x84.png 510w, https:\/\/dutchhealthstore.com\/wp-content\/uploads\/2018\/03\/organic_big-600x99.png 600w, https:\/\/dutchhealthstore.com\/wp-content\/uploads\/2018\/03\/organic_big-350x58.png 350w\" sizes=\"(max-width: 623px) 100vw, 623px\" \/><\/p>\n","protected":false},"excerpt":{"rendered":"<p>Living Libations Rose Absolute wird seit langem damit in Verbindung gebracht, dass es den Suchenden nach Liebe Vertrauen einfl\u00f6\u00dft.<br \/>\nMit diesem reinen, konzentrierten \u00d6l k\u00f6nnen Sie sicher sein, dass Sie Ihr bestes Aussehen haben und sich auch so f\u00fchlen.<br \/>\nUnd ist das nicht das gr\u00f6\u00dfte Geschenk, das man sich selbst machen kann, unabh\u00e4ngig davon, was Amor auf Lager hat?<\/p>\n","protected":false},"featured_media":114074,"comment_status":"open","ping_status":"closed","template":"","meta":[],"product_brand":[],"product_cat":[1551,6737,1508,1493,1210,511,6736],"product_tag":[8681,21667,21819],"class_list":{"0":"post-66612","1":"product","2":"type-product","3":"status-publish","4":"has-post-thumbnail","6":"product_cat-absolute-essenz-living-libations","7":"product_cat-essential-oils-de-2","8":"product_cat-aetherische-oele-living-libations","9":"product_cat-living-libations-deutschland","10":"product_cat-marken","11":"product_cat-produkte","12":"product_cat-wellness-de","13":"product_tag-absolute-de","14":"product_tag-aroma-de","15":"product_tag-parfum","16":"pa_brand-livinglibations-de","17":"pa_essential-oils-product-type-absolute-essences-de","18":"pa_essential-oils-product-type-essential-oils-de","19":"pa_size-5-ml-de","21":"first","22":"instock","23":"taxable","24":"shipping-taxable","25":"purchasable","26":"product-type-simple"},"bundled_by":[],"bundle_stock_status":"instock","bundle_stock_quantity":1,"bundle_virtual":false,"bundle_layout":"","bundle_add_to_cart_form_location":"","bundle_editable_in_cart":false,"bundle_sold_individually_context":"","bundle_item_grouping":"","bundle_min_size":"","bundle_max_size":"","bundle_price":[],"bundled_items":[],"bundle_sell_ids":[],"atum_controlled":true,"out_stock_date":null,"out_stock_threshold":null,"inheritable":false,"stock_on_hold":1,"sold_today":0,"sales_last_days":0,"out_stock_days":0,"lost_sales":0,"update_date":"2026-05-10T08:54:00","atum_locations":[],"atum_stock_status":"instock","restock_status":false,"low_stock_amount":"","sales_update_date":"2026-05-10T08:54:00","calc_backorders":null,"group_of_quantity":0,"min_quantity":0,"max_quantity":"","exclude_order_quantity_value_rules":"no","exclude_category_quantity_rules":"no","combine_variations":"no","yoast_head":"<!-- This site is optimized with the Yoast SEO Premium plugin v26.5 (Yoast SEO v26.5) - https:\/\/yoast.com\/wordpress\/plugins\/seo\/ -->\n<title>Rose Absolute | Living Libations<\/title>\n<meta name=\"description\" content=\"Mit diesem reinen, konzentrierten \u00d6l k\u00f6nnen Sie sicher sein, dass Sie Ihr bestes Aussehen haben und sich auch so f\u00fchlen.\" \/>\n<meta name=\"robots\" content=\"index, follow, max-snippet:-1, max-image-preview:large, max-video-preview:-1\" \/>\n<link rel=\"canonical\" href=\"https:\/\/dutchhealthstore.com\/de\/product\/rose-absolute\/\" \/>\n<meta property=\"og:locale\" content=\"de_DE\" \/>\n<meta property=\"og:type\" content=\"article\" \/>\n<meta property=\"og:title\" content=\"Rose Absolute - Dutch Health Store\" \/>\n<meta property=\"og:description\" content=\"Mit diesem reinen, konzentrierten \u00d6l k\u00f6nnen Sie sicher sein, dass Sie Ihr bestes Aussehen haben und sich auch so f\u00fchlen.\" \/>\n<meta property=\"og:url\" content=\"https:\/\/dutchhealthstore.com\/de\/product\/rose-absolute\/\" \/>\n<meta property=\"og:site_name\" content=\"Dutch Health Store\" \/>\n<meta property=\"article:publisher\" content=\"https:\/\/www.instagram.com\/dutchhealthstore\/\" \/>\n<meta property=\"article:modified_time\" content=\"2026-04-04T12:40:25+00:00\" \/>\n<meta property=\"og:image\" content=\"https:\/\/dutchhealthstore.com\/wp-content\/uploads\/2018\/02\/Living-Libations-Rose-Absolute-e1594895575867.jpg\" \/>\n\t<meta property=\"og:image:width\" content=\"500\" \/>\n\t<meta property=\"og:image:height\" content=\"500\" \/>\n\t<meta property=\"og:image:type\" content=\"image\/jpeg\" \/>\n<meta name=\"twitter:card\" content=\"summary_large_image\" \/>\n<meta name=\"twitter:label1\" content=\"Preis\" \/>\n\t<meta name=\"twitter:data1\" content=\"&euro;81,00\" \/>\n\t<meta name=\"twitter:label2\" content=\"Verf\u00fcgbarkeit\" \/>\n\t<meta name=\"twitter:data2\" content=\"Auf Lager\" \/>\n<script type=\"application\/ld+json\" class=\"yoast-schema-graph\">{\"@context\":\"https:\/\/schema.org\",\"@graph\":[{\"@type\":\"WebPage\",\"@id\":\"https:\/\/dutchhealthstore.com\/de\/product\/rose-absolute\/\",\"url\":\"https:\/\/dutchhealthstore.com\/de\/product\/rose-absolute\/\",\"name\":\"Rose Absolute | Living Libations\",\"isPartOf\":{\"@id\":\"https:\/\/dutchhealthstore.com\/de\/#website\"},\"primaryImageOfPage\":{\"@id\":\"https:\/\/dutchhealthstore.com\/de\/product\/rose-absolute\/#primaryimage\"},\"image\":{\"@id\":\"https:\/\/dutchhealthstore.com\/de\/product\/rose-absolute\/#primaryimage\"},\"thumbnailUrl\":\"https:\/\/dutchhealthstore.com\/wp-content\/uploads\/2018\/02\/Living-Libations-Rose-Absolute-e1594895575867.jpg\",\"datePublished\":\"2018-02-10T19:42:17+00:00\",\"dateModified\":\"2026-04-04T12:40:25+00:00\",\"description\":\"Mit diesem reinen, konzentrierten \u00d6l k\u00f6nnen Sie sicher sein, dass Sie Ihr bestes Aussehen haben und sich auch so f\u00fchlen.\",\"breadcrumb\":{\"@id\":\"https:\/\/dutchhealthstore.com\/de\/product\/rose-absolute\/#breadcrumb\"},\"inLanguage\":\"de\",\"potentialAction\":[{\"@type\":\"ReadAction\",\"target\":[\"https:\/\/dutchhealthstore.com\/de\/product\/rose-absolute\/\"]}]},{\"@type\":\"ImageObject\",\"inLanguage\":\"de\",\"@id\":\"https:\/\/dutchhealthstore.com\/de\/product\/rose-absolute\/#primaryimage\",\"url\":\"https:\/\/dutchhealthstore.com\/wp-content\/uploads\/2018\/02\/Living-Libations-Rose-Absolute-e1594895575867.jpg\",\"contentUrl\":\"https:\/\/dutchhealthstore.com\/wp-content\/uploads\/2018\/02\/Living-Libations-Rose-Absolute-e1594895575867.jpg\",\"width\":500,\"height\":500,\"caption\":\"Living Libations Rose Absolute\"},{\"@type\":\"BreadcrumbList\",\"@id\":\"https:\/\/dutchhealthstore.com\/de\/product\/rose-absolute\/#breadcrumb\",\"itemListElement\":[{\"@type\":\"ListItem\",\"position\":1,\"name\":\"Home\",\"item\":\"https:\/\/dutchhealthstore.com\/de\/\"},{\"@type\":\"ListItem\",\"position\":2,\"name\":\"Shop\",\"item\":\"https:\/\/dutchhealthstore.com\/de\/shop-2\/\"},{\"@type\":\"ListItem\",\"position\":3,\"name\":\"Rose Absolute\"}]},{\"@type\":\"WebSite\",\"@id\":\"https:\/\/dutchhealthstore.com\/de\/#website\",\"url\":\"https:\/\/dutchhealthstore.com\/de\/\",\"name\":\"Dutch Health Store\",\"description\":\"Enhance Your Beauty with Organic &amp; Natural Skincare\",\"publisher\":{\"@id\":\"https:\/\/dutchhealthstore.com\/de\/#organization\"},\"potentialAction\":[{\"@type\":\"SearchAction\",\"target\":{\"@type\":\"EntryPoint\",\"urlTemplate\":\"https:\/\/dutchhealthstore.com\/de\/?s={search_term_string}\"},\"query-input\":{\"@type\":\"PropertyValueSpecification\",\"valueRequired\":true,\"valueName\":\"search_term_string\"}}],\"inLanguage\":\"de\"},{\"@type\":\"Organization\",\"@id\":\"https:\/\/dutchhealthstore.com\/de\/#organization\",\"name\":\"Dutch Health Store\",\"url\":\"https:\/\/dutchhealthstore.com\/de\/\",\"logo\":{\"@type\":\"ImageObject\",\"inLanguage\":\"de\",\"@id\":\"https:\/\/dutchhealthstore.com\/de\/#\/schema\/logo\/image\/\",\"url\":\"https:\/\/dutchhealthstore.com\/wp-content\/uploads\/2020\/08\/logo-dutchhealthstore-jpg-e1599484957574.jpg\",\"contentUrl\":\"https:\/\/dutchhealthstore.com\/wp-content\/uploads\/2020\/08\/logo-dutchhealthstore-jpg-e1599484957574.jpg\",\"width\":400,\"height\":62,\"caption\":\"Dutch Health Store\"},\"image\":{\"@id\":\"https:\/\/dutchhealthstore.com\/de\/#\/schema\/logo\/image\/\"},\"sameAs\":[\"https:\/\/www.instagram.com\/dutchhealthstore\/\",\"https:\/\/www.facebook.com\/dutchhealthstore\"]}]}<\/script>\n<meta property=\"product:brand\" content=\"Living Libations\" \/>\n<meta property=\"product:price:amount\" content=\"81.00\" \/>\n<meta property=\"product:price:currency\" content=\"EUR\" \/>\n<meta property=\"og:availability\" content=\"instock\" \/>\n<meta property=\"product:availability\" content=\"instock\" \/>\n<meta property=\"product:condition\" content=\"new\" \/>\n<!-- \/ Yoast SEO Premium plugin. -->","yoast_head_json":{"title":"Rose Absolute | Living Libations","description":"Mit diesem reinen, konzentrierten \u00d6l k\u00f6nnen Sie sicher sein, dass Sie Ihr bestes Aussehen haben und sich auch so f\u00fchlen.","robots":{"index":"index","follow":"follow","max-snippet":"max-snippet:-1","max-image-preview":"max-image-preview:large","max-video-preview":"max-video-preview:-1"},"canonical":"https:\/\/dutchhealthstore.com\/de\/product\/rose-absolute\/","og_locale":"de_DE","og_type":"article","og_title":"Rose Absolute - Dutch Health Store","og_description":"Mit diesem reinen, konzentrierten \u00d6l k\u00f6nnen Sie sicher sein, dass Sie Ihr bestes Aussehen haben und sich auch so f\u00fchlen.","og_url":"https:\/\/dutchhealthstore.com\/de\/product\/rose-absolute\/","og_site_name":"Dutch Health Store","article_publisher":"https:\/\/www.instagram.com\/dutchhealthstore\/","article_modified_time":"2026-04-04T12:40:25+00:00","og_image":[{"width":500,"height":500,"url":"https:\/\/dutchhealthstore.com\/wp-content\/uploads\/2018\/02\/Living-Libations-Rose-Absolute-e1594895575867.jpg","type":"image\/jpeg"}],"twitter_card":"summary_large_image","twitter_misc":{"Preis":"&euro;81,00","Verf\u00fcgbarkeit":"Auf Lager"},"schema":{"@context":"https:\/\/schema.org","@graph":[{"@type":"WebPage","@id":"https:\/\/dutchhealthstore.com\/de\/product\/rose-absolute\/","url":"https:\/\/dutchhealthstore.com\/de\/product\/rose-absolute\/","name":"Rose Absolute | Living Libations","isPartOf":{"@id":"https:\/\/dutchhealthstore.com\/de\/#website"},"primaryImageOfPage":{"@id":"https:\/\/dutchhealthstore.com\/de\/product\/rose-absolute\/#primaryimage"},"image":{"@id":"https:\/\/dutchhealthstore.com\/de\/product\/rose-absolute\/#primaryimage"},"thumbnailUrl":"https:\/\/dutchhealthstore.com\/wp-content\/uploads\/2018\/02\/Living-Libations-Rose-Absolute-e1594895575867.jpg","datePublished":"2018-02-10T19:42:17+00:00","dateModified":"2026-04-04T12:40:25+00:00","description":"Mit diesem reinen, konzentrierten \u00d6l k\u00f6nnen Sie sicher sein, dass Sie Ihr bestes Aussehen haben und sich auch so f\u00fchlen.","breadcrumb":{"@id":"https:\/\/dutchhealthstore.com\/de\/product\/rose-absolute\/#breadcrumb"},"inLanguage":"de","potentialAction":[{"@type":"ReadAction","target":["https:\/\/dutchhealthstore.com\/de\/product\/rose-absolute\/"]}]},{"@type":"ImageObject","inLanguage":"de","@id":"https:\/\/dutchhealthstore.com\/de\/product\/rose-absolute\/#primaryimage","url":"https:\/\/dutchhealthstore.com\/wp-content\/uploads\/2018\/02\/Living-Libations-Rose-Absolute-e1594895575867.jpg","contentUrl":"https:\/\/dutchhealthstore.com\/wp-content\/uploads\/2018\/02\/Living-Libations-Rose-Absolute-e1594895575867.jpg","width":500,"height":500,"caption":"Living Libations Rose Absolute"},{"@type":"BreadcrumbList","@id":"https:\/\/dutchhealthstore.com\/de\/product\/rose-absolute\/#breadcrumb","itemListElement":[{"@type":"ListItem","position":1,"name":"Home","item":"https:\/\/dutchhealthstore.com\/de\/"},{"@type":"ListItem","position":2,"name":"Shop","item":"https:\/\/dutchhealthstore.com\/de\/shop-2\/"},{"@type":"ListItem","position":3,"name":"Rose Absolute"}]},{"@type":"WebSite","@id":"https:\/\/dutchhealthstore.com\/de\/#website","url":"https:\/\/dutchhealthstore.com\/de\/","name":"Dutch Health Store","description":"Enhance Your Beauty with Organic &amp; Natural Skincare","publisher":{"@id":"https:\/\/dutchhealthstore.com\/de\/#organization"},"potentialAction":[{"@type":"SearchAction","target":{"@type":"EntryPoint","urlTemplate":"https:\/\/dutchhealthstore.com\/de\/?s={search_term_string}"},"query-input":{"@type":"PropertyValueSpecification","valueRequired":true,"valueName":"search_term_string"}}],"inLanguage":"de"},{"@type":"Organization","@id":"https:\/\/dutchhealthstore.com\/de\/#organization","name":"Dutch Health Store","url":"https:\/\/dutchhealthstore.com\/de\/","logo":{"@type":"ImageObject","inLanguage":"de","@id":"https:\/\/dutchhealthstore.com\/de\/#\/schema\/logo\/image\/","url":"https:\/\/dutchhealthstore.com\/wp-content\/uploads\/2020\/08\/logo-dutchhealthstore-jpg-e1599484957574.jpg","contentUrl":"https:\/\/dutchhealthstore.com\/wp-content\/uploads\/2020\/08\/logo-dutchhealthstore-jpg-e1599484957574.jpg","width":400,"height":62,"caption":"Dutch Health Store"},"image":{"@id":"https:\/\/dutchhealthstore.com\/de\/#\/schema\/logo\/image\/"},"sameAs":["https:\/\/www.instagram.com\/dutchhealthstore\/","https:\/\/www.facebook.com\/dutchhealthstore"]}]},"product_brand":"Living Libations","product_price_amount":"81.00","product_price_currency":"EUR","og_availability":"instock","product_availability":"instock","product_condition":"new"},"_links":{"self":[{"href":"https:\/\/dutchhealthstore.com\/de\/wp-json\/wp\/v2\/product\/66612","targetHints":{"allow":["GET"]}}],"collection":[{"href":"https:\/\/dutchhealthstore.com\/de\/wp-json\/wp\/v2\/product"}],"about":[{"href":"https:\/\/dutchhealthstore.com\/de\/wp-json\/wp\/v2\/types\/product"}],"replies":[{"embeddable":true,"href":"https:\/\/dutchhealthstore.com\/de\/wp-json\/wp\/v2\/comments?post=66612"}],"wp:featuredmedia":[{"embeddable":true,"href":"https:\/\/dutchhealthstore.com\/de\/wp-json\/wp\/v2\/media\/114074"}],"wp:attachment":[{"href":"https:\/\/dutchhealthstore.com\/de\/wp-json\/wp\/v2\/media?parent=66612"}],"wp:term":[{"taxonomy":"product_brand","embeddable":true,"href":"https:\/\/dutchhealthstore.com\/de\/wp-json\/wp\/v2\/product_brand?post=66612"},{"taxonomy":"product_cat","embeddable":true,"href":"https:\/\/dutchhealthstore.com\/de\/wp-json\/wp\/v2\/product_cat?post=66612"},{"taxonomy":"product_tag","embeddable":true,"href":"https:\/\/dutchhealthstore.com\/de\/wp-json\/wp\/v2\/product_tag?post=66612"}],"curies":[{"name":"wp","href":"https:\/\/api.w.org\/{rel}","templated":true}]}}