{"id":66297,"date":"2018-02-10T20:47:27","date_gmt":"2018-02-10T19:47:27","guid":{"rendered":"https:\/\/dutchhealthstore.com\/product\/cardamom-essential-oil\/"},"modified":"2025-10-28T11:27:52","modified_gmt":"2025-10-28T10:27:52","slug":"cardamom-essential-oil","status":"publish","type":"product","link":"https:\/\/dutchhealthstore.com\/de\/product\/cardamom-essential-oil\/","title":{"rendered":"Cardamom Essential Oil"},"content":{"rendered":"<p><img decoding=\"async\" class=\"alignright size-full wp-image-37041\" src=\"https:\/\/dutchhealthstore.com\/wp-content\/uploads\/2018\/04\/Living_Libations-1.png\" alt=\"Organic &amp; Natural Beautyproducts - Living Libations\" width=\"175\" height=\"82\"><\/p>\n<p><strong>Botanischer Name:<\/strong> Elettaria cardamomum<br \/>\n<strong>Botanische Familie:<\/strong> Zingiberaceae<br \/>\n<strong>Extraktionsverfahren:<\/strong> Dampfdestilliert<br \/>\n<strong>Teil der Pflanze Destilliert:<\/strong> Frucht<br \/>\n<strong>Herkunftsland:<\/strong> Costa Rica<br \/>\n<strong>Anbaumethode:<\/strong> Bio<br \/>\n<strong>Zusammensetzung:<\/strong> 100% Elettaria cardamomum<br \/>\n<strong>Konsistenz:<\/strong> D\u00fcnn<\/p>\n<h3>Produkt-Analysen<\/h3>\n<p>Bitte klicken Sie auf den unten stehenden Link, um das Produktanalysezertifikat zu lesen.<\/p>\n<p><a href=\"https:\/\/dutchhealthstore.com\/wp-content\/uploads\/2019\/05\/ANALYSIS-Cardamom-Essential-Oil-Living-Libations.pdf\" rel=\"noopener\"><img decoding=\"async\" class=\"alignleft wp-image-56302 size-full\" src=\"https:\/\/dutchhealthstore.com\/wp-content\/uploads\/2019\/05\/logo-pdf-navi-organics.jpg\" alt=\"logo pdf navi organics\" width=\"100\" height=\"104\"><\/a><\/p>\n<h3><\/h3>\n<h3><\/h3>\n<h3><\/h3>\n<h3>Beschreibung des Duftes<\/h3>\n<p>Kl\u00e4rend, s\u00fc\u00df und w\u00fcrzig mit einem Hauch von gr\u00fcnem Eukalyptus.<\/p>\n<h3>In Living Libations<\/h3>\n<p>Liebeswein, Zest the Best, Yogi Zahnserum<\/p>\n<h3>Gut mischbar mit<\/h3>\n<p>Zimt, Gew\u00fcrznelke, Thymian, Ylang, Rose Otto, Weihrauch und Orange.<\/p>\n<h3>Verwendet<\/h3>\n<p>Ein k\u00f6stliches kulinarisches \u00d6l, nur ein oder zwei Tropfen Kardamom bringen exotisch s\u00fc\u00dfe W\u00fcrze in Ihre Lieblingsgerichte und Liebestr\u00e4nke. Die Zugabe zu einer Massagemischung wirkt entspannend, kl\u00e4rt den Geist und die Haut. Verleiht K\u00f6lnischen Getr\u00e4nken und Liebesparf\u00fcms eine exotisch-gr\u00fcne, maskuline Note. Diffundieren Sie, um Umgebungen mit einladender Klarheit zu erf\u00fcllen. Ein Spritzer in einem Bad zur Belebung.<\/p>\n<p>Die pflanzliche Energie unseres <strong>Cardamom Essential Oil<\/strong> beruht auf einer tausendj\u00e4hrigen Tradition. Auf sumerischen Tontafeln erw\u00e4hnt und von den alten Griechen und R\u00f6mern als angenehmes Parf\u00fcm gesch\u00e4tzt, besitzt Kardamom\u00f6l auch eine aufgeladene, kl\u00e4rende Energie. Die alten \u00c4gypter verwendeten Kardamom, um ihren Mund zu erfrischen, w\u00e4hrend die Wikinger das duftende Gew\u00fcrz beim Kochen und bei der Weinherstellung einsetzten.<\/p>\n<p>Unser \u00e4therisches Kardamom\u00f6l wird in Costa Rica destilliert, wo das Gew\u00fcrz in duftenden gr\u00fcnen Schoten w\u00e4chst. Kardamom ist eines der klassischsten und begehrtesten Gew\u00fcrze der Welt. In Saudi-Arabien ist Kardamomkaffee das beliebteste Getr\u00e4nk im ganzen Land, denn das Gew\u00fcrz ist die wichtigste Zutat f\u00fcr das, was wir heute als arabischen Kaffee bezeichnen.<\/p>\n<p>In den alten brahmanischen Schriften Indiens wurde Kardamom bei Unausgeglichenheit, einschlie\u00dflich Mundgeruch, eingesetzt. Viele moderne Inder kauen immer noch Kardamom, der in Betelnussbl\u00e4tter eingewickelt ist, um die Verdauung anzuregen und den Atem nach einer Mahlzeit zu erfrischen. Mit seinem belebenden und stimmungsaufhellenden Aroma l\u00e4sst er die Muskeln schmelzen, hebt die Stimmung und bringt das Gem\u00fct in Schwung.<\/p>\n<p>Die Samenschoten des Kardamoms sind wie gr\u00fcne Diamanten von unverw\u00fcstlicher Kraft, die als Duft charismatisch sind oder als Tropfen in Honig genossen werden k\u00f6nnen. Diese s\u00fc\u00dfen und w\u00fcrzigen Edelsteine inspirieren mit ihrem exotischen Aroma und senden einen Ruf der Klarheit aus, der das Handeln auf der Frequenz der Klarheit unterst\u00fctzt.<\/p>\n<h3>Organic Ingredients<\/h3>\n<p>100% \u00e4therisches Kardamom\u00f6l (Elettaria cardamomum).<\/p>\n<p style=\"text-align: center;\"><em>&#8222;Kardamom ist angenehmer im Geschmack und Geruch mit einer leichten Bitterkeit.&#8220;<\/em><br \/>\n\u223c Galen, <strong>Seventh Book of Simples, circa 15th century<\/strong><\/p>\n<p style=\"text-align: center;\"><em>&#8222;Wenn der Winter uns bes\u00e4nftigt hat, atmen wir Essig und Kardamom ein und denken an den Wert des Regens.&#8220;<\/em><br \/>\n\u223c Liz Lefroy<\/p>\n<p style=\"text-align: center;\"><em>&#8222;Damals basierte die sumerische Gesellschaft auf matriarchalischen Prinzipien&#8230;<br \/>\nDie Asu [female herbalists] verwendeten wahrscheinlich destillierte Pflanzenessenzen &#8211; wir k\u00f6nnen dies vermuten, weil<br \/>\nIn einer sumerischen Grabst\u00e4tte wurde ein Destillationsgef\u00e4\u00df aus Ton gefunden, das auf 5500 v. Chr. datiert wurde, und von dem wir ausgehen k\u00f6nnen<br \/>\nEs ist interessant zu sehen, wie Aromastoffe wie Kardamom durch die Sumerer von allen anderen Kulturen, die sie beeinflusst haben, verwendet wurden.<\/em><br \/>\n\u223c Jennifer Peace Rhind, <strong>Fragrance and Wellbeing<\/strong><\/p>\n<p><img fetchpriority=\"high\" decoding=\"async\" class=\"aligncenter size-full wp-image-31577\" src=\"https:\/\/dutchhealthstore.com\/wp-content\/uploads\/2018\/03\/organic_big.png\" alt=\"Organic and Natural - Living Libations\" width=\"623\" height=\"103\" srcset=\"https:\/\/dutchhealthstore.com\/wp-content\/uploads\/2018\/03\/organic_big.png 623w, https:\/\/dutchhealthstore.com\/wp-content\/uploads\/2018\/03\/organic_big-510x84.png 510w, https:\/\/dutchhealthstore.com\/wp-content\/uploads\/2018\/03\/organic_big-600x99.png 600w, https:\/\/dutchhealthstore.com\/wp-content\/uploads\/2018\/03\/organic_big-350x58.png 350w\" sizes=\"(max-width: 623px) 100vw, 623px\" \/><\/p>\n","protected":false},"excerpt":{"rendered":"<p>Living Libations fesselndes <strong>Cardamom Essential Oil<\/strong> tr\u00e4gt die mystischen Mythen der alten \u00c4gypter, die Weisheit der alten Griechen und die St\u00e4rke der alten Wikinger in sich! Die Kardamom-Essenz war als &#8222;Feuer der Venus&#8220; bekannt und wurde in vielen Liebestr\u00e4nken verwendet. Es hilft, den Geist zu entspannen, die Aufnahmef\u00e4higkeit zu erweitern und den Atem zu erfrischen. Genie\u00dfen Sie die w\u00fcrzige W\u00e4rme dieser belebenden Essenz, die Sie gleichzeitig beruhigt und inspiriert.<\/p>\n","protected":false},"featured_media":58699,"comment_status":"open","ping_status":"closed","template":"","meta":[],"product_brand":[],"product_cat":[6737,1508,1546,1493,1210,511,6736],"product_tag":[1547],"class_list":{"0":"post-66297","1":"product","2":"type-product","3":"status-publish","4":"has-post-thumbnail","6":"product_cat-essential-oils-de-2","7":"product_cat-aetherische-oele-living-libations","8":"product_cat-essential-oils-living-libations-de","9":"product_cat-living-libations-deutschland","10":"product_cat-marken","11":"product_cat-produkte","12":"product_cat-wellness-de","13":"product_tag-essential-oil-de","14":"pa_brand-livinglibations-de","15":"pa_essential-oils-product-type-essential-oils-de","16":"pa_size-5-ml-de","17":"pa_size-15-ml-de-2","18":"pa_size-30-ml-de","20":"first","21":"instock","22":"taxable","23":"shipping-taxable","24":"purchasable","25":"product-type-variable"},"bundled_by":[],"bundle_stock_status":"instock","bundle_stock_quantity":null,"bundle_virtual":false,"bundle_layout":"","bundle_add_to_cart_form_location":"","bundle_editable_in_cart":false,"bundle_sold_individually_context":"","bundle_item_grouping":"","bundle_min_size":"","bundle_max_size":"","bundle_price":[],"bundled_items":[],"bundle_sell_ids":[],"atum_controlled":true,"out_stock_date":null,"out_stock_threshold":null,"inheritable":true,"stock_on_hold":0,"sold_today":0,"sales_last_days":0,"out_stock_days":0,"lost_sales":0,"update_date":"2026-04-03T01:43:58","atum_locations":[],"atum_stock_status":"instock","restock_status":false,"low_stock_amount":"","sales_update_date":"2026-04-03T01:43:58","calc_backorders":null,"group_of_quantity":0,"min_quantity":0,"max_quantity":"","exclude_order_quantity_value_rules":"no","exclude_category_quantity_rules":"no","combine_variations":"no","yoast_head":"<!-- This site is optimized with the Yoast SEO Premium plugin v26.5 (Yoast SEO v26.5) - https:\/\/yoast.com\/wordpress\/plugins\/seo\/ -->\n<title>Cardamom Essential Oil | Organic &amp; Natural | Living Libations<\/title>\n<meta name=\"description\" content=\"Living Libations fesselndes \u00e4therisches Kardamom\u00f6l tr\u00e4gt die mystischen Mythen der alten \u00c4gypter, die Weisheit der alten Griechen und die St\u00e4rke der alten Wikinger in sich!\" \/>\n<meta name=\"robots\" content=\"index, follow, max-snippet:-1, max-image-preview:large, max-video-preview:-1\" \/>\n<link rel=\"canonical\" href=\"https:\/\/dutchhealthstore.com\/de\/product\/cardamom-essential-oil\/\" \/>\n<meta property=\"og:locale\" content=\"de_DE\" \/>\n<meta property=\"og:type\" content=\"article\" \/>\n<meta property=\"og:title\" content=\"Cardamom Essential Oil - Dutch Health Store\" \/>\n<meta property=\"og:description\" content=\"Living Libations fesselndes \u00e4therisches Kardamom\u00f6l tr\u00e4gt die mystischen Mythen der alten \u00c4gypter, die Weisheit der alten Griechen und die St\u00e4rke der alten Wikinger in sich!\" \/>\n<meta property=\"og:url\" content=\"https:\/\/dutchhealthstore.com\/de\/product\/cardamom-essential-oil\/\" \/>\n<meta property=\"og:site_name\" content=\"Dutch Health Store\" \/>\n<meta property=\"article:publisher\" content=\"https:\/\/www.instagram.com\/dutchhealthstore\/\" \/>\n<meta property=\"article:modified_time\" content=\"2025-10-28T10:27:52+00:00\" \/>\n<meta property=\"og:image\" content=\"https:\/\/dutchhealthstore.com\/wp-content\/uploads\/2018\/02\/Cardamom-Essential-Oil-Living-Libations.jpg\" \/>\n\t<meta property=\"og:image:width\" content=\"1200\" \/>\n\t<meta property=\"og:image:height\" content=\"1200\" \/>\n\t<meta property=\"og:image:type\" content=\"image\/jpeg\" \/>\n<meta name=\"twitter:card\" content=\"summary_large_image\" \/>\n<meta name=\"twitter:label1\" content=\"Verf\u00fcgbarkeit\" \/>\n\t<meta name=\"twitter:data1\" content=\"Auf Lager\" \/>\n<script type=\"application\/ld+json\" class=\"yoast-schema-graph\">{\"@context\":\"https:\/\/schema.org\",\"@graph\":[{\"@type\":\"WebPage\",\"@id\":\"https:\/\/dutchhealthstore.com\/de\/product\/cardamom-essential-oil\/\",\"url\":\"https:\/\/dutchhealthstore.com\/de\/product\/cardamom-essential-oil\/\",\"name\":\"Cardamom Essential Oil | Organic & Natural | Living Libations\",\"isPartOf\":{\"@id\":\"https:\/\/dutchhealthstore.com\/de\/#website\"},\"primaryImageOfPage\":{\"@id\":\"https:\/\/dutchhealthstore.com\/de\/product\/cardamom-essential-oil\/#primaryimage\"},\"image\":{\"@id\":\"https:\/\/dutchhealthstore.com\/de\/product\/cardamom-essential-oil\/#primaryimage\"},\"thumbnailUrl\":\"https:\/\/dutchhealthstore.com\/wp-content\/uploads\/2018\/02\/Cardamom-Essential-Oil-Living-Libations.jpg\",\"datePublished\":\"2018-02-10T19:47:27+00:00\",\"dateModified\":\"2025-10-28T10:27:52+00:00\",\"description\":\"Living Libations fesselndes \u00e4therisches Kardamom\u00f6l tr\u00e4gt die mystischen Mythen der alten \u00c4gypter, die Weisheit der alten Griechen und die St\u00e4rke der alten Wikinger in sich!\",\"breadcrumb\":{\"@id\":\"https:\/\/dutchhealthstore.com\/de\/product\/cardamom-essential-oil\/#breadcrumb\"},\"inLanguage\":\"de\",\"potentialAction\":[{\"@type\":\"ReadAction\",\"target\":[\"https:\/\/dutchhealthstore.com\/de\/product\/cardamom-essential-oil\/\"]}]},{\"@type\":\"ImageObject\",\"inLanguage\":\"de\",\"@id\":\"https:\/\/dutchhealthstore.com\/de\/product\/cardamom-essential-oil\/#primaryimage\",\"url\":\"https:\/\/dutchhealthstore.com\/wp-content\/uploads\/2018\/02\/Cardamom-Essential-Oil-Living-Libations.jpg\",\"contentUrl\":\"https:\/\/dutchhealthstore.com\/wp-content\/uploads\/2018\/02\/Cardamom-Essential-Oil-Living-Libations.jpg\",\"width\":1200,\"height\":1200,\"caption\":\"Cardamom Essential Oil - Living Libations\"},{\"@type\":\"BreadcrumbList\",\"@id\":\"https:\/\/dutchhealthstore.com\/de\/product\/cardamom-essential-oil\/#breadcrumb\",\"itemListElement\":[{\"@type\":\"ListItem\",\"position\":1,\"name\":\"Home\",\"item\":\"https:\/\/dutchhealthstore.com\/de\/\"},{\"@type\":\"ListItem\",\"position\":2,\"name\":\"Shop\",\"item\":\"https:\/\/dutchhealthstore.com\/de\/shop-2\/\"},{\"@type\":\"ListItem\",\"position\":3,\"name\":\"Cardamom Essential Oil\"}]},{\"@type\":\"WebSite\",\"@id\":\"https:\/\/dutchhealthstore.com\/de\/#website\",\"url\":\"https:\/\/dutchhealthstore.com\/de\/\",\"name\":\"Dutch Health Store\",\"description\":\"Enhance Your Beauty with Organic &amp; Natural Skincare\",\"publisher\":{\"@id\":\"https:\/\/dutchhealthstore.com\/de\/#organization\"},\"potentialAction\":[{\"@type\":\"SearchAction\",\"target\":{\"@type\":\"EntryPoint\",\"urlTemplate\":\"https:\/\/dutchhealthstore.com\/de\/?s={search_term_string}\"},\"query-input\":{\"@type\":\"PropertyValueSpecification\",\"valueRequired\":true,\"valueName\":\"search_term_string\"}}],\"inLanguage\":\"de\"},{\"@type\":\"Organization\",\"@id\":\"https:\/\/dutchhealthstore.com\/de\/#organization\",\"name\":\"Dutch Health Store\",\"url\":\"https:\/\/dutchhealthstore.com\/de\/\",\"logo\":{\"@type\":\"ImageObject\",\"inLanguage\":\"de\",\"@id\":\"https:\/\/dutchhealthstore.com\/de\/#\/schema\/logo\/image\/\",\"url\":\"https:\/\/dutchhealthstore.com\/wp-content\/uploads\/2020\/08\/logo-dutchhealthstore-jpg-e1599484957574.jpg\",\"contentUrl\":\"https:\/\/dutchhealthstore.com\/wp-content\/uploads\/2020\/08\/logo-dutchhealthstore-jpg-e1599484957574.jpg\",\"width\":400,\"height\":62,\"caption\":\"Dutch Health Store\"},\"image\":{\"@id\":\"https:\/\/dutchhealthstore.com\/de\/#\/schema\/logo\/image\/\"},\"sameAs\":[\"https:\/\/www.instagram.com\/dutchhealthstore\/\",\"https:\/\/www.facebook.com\/dutchhealthstore\"]}]}<\/script>\n<meta property=\"product:brand\" content=\"Living Libations\" \/>\n<meta property=\"og:availability\" content=\"instock\" \/>\n<meta property=\"product:availability\" content=\"instock\" \/>\n<meta property=\"product:condition\" content=\"new\" \/>\n<!-- \/ Yoast SEO Premium plugin. -->","yoast_head_json":{"title":"Cardamom Essential Oil | Organic & Natural | Living Libations","description":"Living Libations fesselndes \u00e4therisches Kardamom\u00f6l tr\u00e4gt die mystischen Mythen der alten \u00c4gypter, die Weisheit der alten Griechen und die St\u00e4rke der alten Wikinger in sich!","robots":{"index":"index","follow":"follow","max-snippet":"max-snippet:-1","max-image-preview":"max-image-preview:large","max-video-preview":"max-video-preview:-1"},"canonical":"https:\/\/dutchhealthstore.com\/de\/product\/cardamom-essential-oil\/","og_locale":"de_DE","og_type":"article","og_title":"Cardamom Essential Oil - Dutch Health Store","og_description":"Living Libations fesselndes \u00e4therisches Kardamom\u00f6l tr\u00e4gt die mystischen Mythen der alten \u00c4gypter, die Weisheit der alten Griechen und die St\u00e4rke der alten Wikinger in sich!","og_url":"https:\/\/dutchhealthstore.com\/de\/product\/cardamom-essential-oil\/","og_site_name":"Dutch Health Store","article_publisher":"https:\/\/www.instagram.com\/dutchhealthstore\/","article_modified_time":"2025-10-28T10:27:52+00:00","og_image":[{"width":1200,"height":1200,"url":"https:\/\/dutchhealthstore.com\/wp-content\/uploads\/2018\/02\/Cardamom-Essential-Oil-Living-Libations.jpg","type":"image\/jpeg"}],"twitter_card":"summary_large_image","twitter_misc":{"Verf\u00fcgbarkeit":"Auf Lager"},"schema":{"@context":"https:\/\/schema.org","@graph":[{"@type":"WebPage","@id":"https:\/\/dutchhealthstore.com\/de\/product\/cardamom-essential-oil\/","url":"https:\/\/dutchhealthstore.com\/de\/product\/cardamom-essential-oil\/","name":"Cardamom Essential Oil | Organic & Natural | Living Libations","isPartOf":{"@id":"https:\/\/dutchhealthstore.com\/de\/#website"},"primaryImageOfPage":{"@id":"https:\/\/dutchhealthstore.com\/de\/product\/cardamom-essential-oil\/#primaryimage"},"image":{"@id":"https:\/\/dutchhealthstore.com\/de\/product\/cardamom-essential-oil\/#primaryimage"},"thumbnailUrl":"https:\/\/dutchhealthstore.com\/wp-content\/uploads\/2018\/02\/Cardamom-Essential-Oil-Living-Libations.jpg","datePublished":"2018-02-10T19:47:27+00:00","dateModified":"2025-10-28T10:27:52+00:00","description":"Living Libations fesselndes \u00e4therisches Kardamom\u00f6l tr\u00e4gt die mystischen Mythen der alten \u00c4gypter, die Weisheit der alten Griechen und die St\u00e4rke der alten Wikinger in sich!","breadcrumb":{"@id":"https:\/\/dutchhealthstore.com\/de\/product\/cardamom-essential-oil\/#breadcrumb"},"inLanguage":"de","potentialAction":[{"@type":"ReadAction","target":["https:\/\/dutchhealthstore.com\/de\/product\/cardamom-essential-oil\/"]}]},{"@type":"ImageObject","inLanguage":"de","@id":"https:\/\/dutchhealthstore.com\/de\/product\/cardamom-essential-oil\/#primaryimage","url":"https:\/\/dutchhealthstore.com\/wp-content\/uploads\/2018\/02\/Cardamom-Essential-Oil-Living-Libations.jpg","contentUrl":"https:\/\/dutchhealthstore.com\/wp-content\/uploads\/2018\/02\/Cardamom-Essential-Oil-Living-Libations.jpg","width":1200,"height":1200,"caption":"Cardamom Essential Oil - Living Libations"},{"@type":"BreadcrumbList","@id":"https:\/\/dutchhealthstore.com\/de\/product\/cardamom-essential-oil\/#breadcrumb","itemListElement":[{"@type":"ListItem","position":1,"name":"Home","item":"https:\/\/dutchhealthstore.com\/de\/"},{"@type":"ListItem","position":2,"name":"Shop","item":"https:\/\/dutchhealthstore.com\/de\/shop-2\/"},{"@type":"ListItem","position":3,"name":"Cardamom Essential Oil"}]},{"@type":"WebSite","@id":"https:\/\/dutchhealthstore.com\/de\/#website","url":"https:\/\/dutchhealthstore.com\/de\/","name":"Dutch Health Store","description":"Enhance Your Beauty with Organic &amp; Natural Skincare","publisher":{"@id":"https:\/\/dutchhealthstore.com\/de\/#organization"},"potentialAction":[{"@type":"SearchAction","target":{"@type":"EntryPoint","urlTemplate":"https:\/\/dutchhealthstore.com\/de\/?s={search_term_string}"},"query-input":{"@type":"PropertyValueSpecification","valueRequired":true,"valueName":"search_term_string"}}],"inLanguage":"de"},{"@type":"Organization","@id":"https:\/\/dutchhealthstore.com\/de\/#organization","name":"Dutch Health Store","url":"https:\/\/dutchhealthstore.com\/de\/","logo":{"@type":"ImageObject","inLanguage":"de","@id":"https:\/\/dutchhealthstore.com\/de\/#\/schema\/logo\/image\/","url":"https:\/\/dutchhealthstore.com\/wp-content\/uploads\/2020\/08\/logo-dutchhealthstore-jpg-e1599484957574.jpg","contentUrl":"https:\/\/dutchhealthstore.com\/wp-content\/uploads\/2020\/08\/logo-dutchhealthstore-jpg-e1599484957574.jpg","width":400,"height":62,"caption":"Dutch Health Store"},"image":{"@id":"https:\/\/dutchhealthstore.com\/de\/#\/schema\/logo\/image\/"},"sameAs":["https:\/\/www.instagram.com\/dutchhealthstore\/","https:\/\/www.facebook.com\/dutchhealthstore"]}]},"product_brand":"Living Libations","og_availability":"instock","product_availability":"instock","product_condition":"new"},"_links":{"self":[{"href":"https:\/\/dutchhealthstore.com\/de\/wp-json\/wp\/v2\/product\/66297","targetHints":{"allow":["GET"]}}],"collection":[{"href":"https:\/\/dutchhealthstore.com\/de\/wp-json\/wp\/v2\/product"}],"about":[{"href":"https:\/\/dutchhealthstore.com\/de\/wp-json\/wp\/v2\/types\/product"}],"replies":[{"embeddable":true,"href":"https:\/\/dutchhealthstore.com\/de\/wp-json\/wp\/v2\/comments?post=66297"}],"wp:featuredmedia":[{"embeddable":true,"href":"https:\/\/dutchhealthstore.com\/de\/wp-json\/wp\/v2\/media\/58699"}],"wp:attachment":[{"href":"https:\/\/dutchhealthstore.com\/de\/wp-json\/wp\/v2\/media?parent=66297"}],"wp:term":[{"taxonomy":"product_brand","embeddable":true,"href":"https:\/\/dutchhealthstore.com\/de\/wp-json\/wp\/v2\/product_brand?post=66297"},{"taxonomy":"product_cat","embeddable":true,"href":"https:\/\/dutchhealthstore.com\/de\/wp-json\/wp\/v2\/product_cat?post=66297"},{"taxonomy":"product_tag","embeddable":true,"href":"https:\/\/dutchhealthstore.com\/de\/wp-json\/wp\/v2\/product_tag?post=66297"}],"curies":[{"name":"wp","href":"https:\/\/api.w.org\/{rel}","templated":true}]}}