{"id":66196,"date":"2018-02-10T19:50:41","date_gmt":"2018-02-10T18:50:41","guid":{"rendered":"https:\/\/dutchhealthstore.com\/product\/basil-essential-oil\/"},"modified":"2025-11-23T12:44:35","modified_gmt":"2025-11-23T11:44:35","slug":"basil-essential-oil","status":"publish","type":"product","link":"https:\/\/dutchhealthstore.com\/de\/product\/basil-essential-oil\/","title":{"rendered":"Basil Essential Oil"},"content":{"rendered":"<p style=\"font-weight: 400;\"><b><strong><img decoding=\"async\" class=\"alignright size-full wp-image-37044\" src=\"https:\/\/dutchhealthstore.com\/wp-content\/uploads\/2018\/04\/Living_Libations-1.png\" alt=\"Organic &amp; Natural Beautyproducts - Living Libations\" width=\"175\" height=\"82\" \/><\/strong><\/b><\/p>\n<p><strong>Botanischer Name:<\/strong> Ocimum bascilicum var. linalool<br \/>\n<strong>Botanische Familie:<\/strong> Lamiaceae<br \/>\n<strong>Extraktionsverfahren<\/strong>: \u00dcberkritischer Extrakt<br \/>\n<strong>Destillierter Teil der Pflanze<\/strong> : Bl\u00e4tter<br \/>\n<strong>Herkunftsland<\/strong>: Frankreich<br \/>\n<strong>Anbaumethode<\/strong>: biologisch<br \/>\n<strong>Zusammensetzung<\/strong>: 100% Ocimum bascilicum var. linalool<br \/>\n<strong>Konsistenz<\/strong>: D\u00fcnne Viskosit\u00e4t<\/p>\n<h3>Beschreibung des Geruchs<\/h3>\n<p>Ein frisches, gr\u00fcnes Wunder mit s\u00fc\u00dfen, w\u00fcrzigen, anisartigen, w\u00fcrzigen Noten.<\/p>\n<h3>In Living Libations<\/h3>\n<p>Feeling Good Today<\/p>\n<h3>Passt gut zu<\/h3>\n<p>Pfefferminze, Eukalyptus, Schwarzer Pfeffer, Grapefruit, Bergamotte, Kapkamille, Lavendel, Gr\u00f6nlandmoos.<br \/>\n<a href=\"https:\/\/dutchhealthstore.com\/wp-content\/uploads\/2018\/02\/ANALYSIS-Basil-Essential-Oil-Living-Libations.pdf\" class=\"button primary is-primary is-small\"  >\n\t\t<span>ESSENTIAL OIL ANALYSIS &amp;gt;<\/span>\n\t<\/a>\n\n<h3>Verwenden Sie<\/h3>\n<p>F\u00fcr Muskel- und Mondmassagen in Mischungen verd\u00fcnnen. Ein Tropfen Basilikum-\u00c4therisches \u00d6l ist in der kulinarischen Welt weit verbreitet und eignet sich hervorragend f\u00fcr Oliven\u00f6l-Tee mit Honig, Suppen, Salatdressings und andere schmackhafte Leckereien. Ein oder zwei Tropfen verleihen jedem kulinarischen Gericht einen tiefen, w\u00fcrzigen, sublimen Basilikumgeschmack. Diffus mit Zitrus\u00f6len und Fichtenholz; Verwendung in der Salzpfeife mit Grapefruit- und Eukalyptus\u00f6len.<\/p>\n<h3>Kontraindikationen<\/h3>\n<p>Dieses s\u00fc\u00dfe Basilikum der Linalool-, Low-Estragole-Variante, ist sehr weich, aber es wird empfohlen, Basilikum w\u00e4hrend der Schwangerschaft zu meiden.<br \/>\nUnsere spezielle Destillation von Basilikum ist reich an Linalool, wodurch diese Sorte weich, s\u00fc\u00df und f\u00fcr die Hautpflege geeignet ist.<br \/>\nDas Aroma hat auch eine Affinit\u00e4t f\u00fcr Klarheit, wenn es meditativ f\u00fcr die zerebralen Schwankungen der inneren Kommunikation und Intuition ge\u00f6ffnet wird.<\/p>\n<p>&nbsp;<\/p>\n<p style=\"text-align: center;\"><em>&#8222;Basilikum ist ein Beispiel f\u00fcr den Grad an Flexibilit\u00e4t und Anpassungsf\u00e4higkeit, den die weiter entwickelten Angiospermen beherrschen.<\/em><br \/>\n~ Dr. Kurt Schnaubelt, <strong>Advanced Aromatherapy<\/strong><\/p>\n<p style=\"text-align: center;\"><em>&#8222;F\u00fcr diejenigen, die sich in st\u00e4ndiger Aufopferung f\u00fcr andere verloren haben, bietet Basilikum eine \u00d6ffnung des Herzens und einen Blick auf das universelle Ganze.<\/em><br \/>\n~ Valerie Ann Worwood, <strong>Aromatherapy for the Soul<\/strong><\/p>\n<p style=\"text-align: center;\"><em>&#8222;Allein der Geruch verst\u00e4rkt&#8230; &#8222;reinigt den Kopf und gibt dem Geist Kraft und Klarheit&#8230; Es hat eine erfrischende Wirkung auf Geist und Seele&#8220;.<\/em><br \/>\n~ Julia, Gesetzlose, <strong>Aromatherapy and the Mind<\/strong><\/p>\n<p><img fetchpriority=\"high\" decoding=\"async\" class=\"size-medium wp-image-68106 aligncenter\" src=\"https:\/\/dutchhealthstore.com\/wp-content\/uploads\/2018\/02\/Living-Libations-Organic-Logo-800x89.png\" alt=\"Living Libations - Organic Logo\" width=\"800\" height=\"89\" srcset=\"https:\/\/dutchhealthstore.com\/wp-content\/uploads\/2018\/02\/Living-Libations-Organic-Logo-800x89.png 800w, https:\/\/dutchhealthstore.com\/wp-content\/uploads\/2018\/02\/Living-Libations-Organic-Logo-510x57.png 510w, https:\/\/dutchhealthstore.com\/wp-content\/uploads\/2018\/02\/Living-Libations-Organic-Logo-768x85.png 768w, https:\/\/dutchhealthstore.com\/wp-content\/uploads\/2018\/02\/Living-Libations-Organic-Logo.png 1400w\" sizes=\"(max-width: 800px) 100vw, 800px\" \/><\/p>\n","protected":false},"excerpt":{"rendered":"<p><img decoding=\"async\" class=\"\" src=\"https:\/\/dutchhealthstore.com\/wp-content\/uploads\/2019\/08\/Translate-Duits-Automatische-Vertaling.png\" width=\"200\" height=\"20\" \/><\/p>\n<p>Living Libations <strong>Basil Essential Oil<\/strong> f\u00e4ngt die Freuden dieses vielf\u00e4ltigen kulinarischen Krauts im \u00dcberfluss ein.<br \/>\nBasilikum ist das griechische Wort f\u00fcr k\u00f6niglich, da es eine beliebte Verbindung in der k\u00f6niglichen Medizin war.<br \/>\nDas sch\u00f6ne gr\u00fcne Basilikumblatt ist traditionell daf\u00fcr bekannt, den Geist zu st\u00e4rken, ihn aufzuhellen und Emotionen zu wecken.<br \/>\n\u00c4therisches Basilikum\u00f6l wird auch verwendet, um Haus und K\u00f6rper sauber zu halten, w\u00e4hrend man zwischendurch Tee trinkt.<\/p>\n","protected":false},"featured_media":106097,"comment_status":"open","ping_status":"closed","template":"","meta":[],"product_brand":[],"product_cat":[6737,1508,1546,1493,1210,511,6736],"product_tag":[1547],"class_list":{"0":"post-66196","1":"product","2":"type-product","3":"status-publish","4":"has-post-thumbnail","6":"product_cat-essential-oils-de-2","7":"product_cat-aetherische-oele-living-libations","8":"product_cat-essential-oils-living-libations-de","9":"product_cat-living-libations-deutschland","10":"product_cat-marken","11":"product_cat-produkte","12":"product_cat-wellness-de","13":"product_tag-essential-oil-de","14":"pa_brand-livinglibations-de","15":"pa_essential-oils-product-type-essential-oils-de","16":"pa_size-5-ml-de","17":"pa_size-15-ml-de-2","19":"first","20":"instock","21":"taxable","22":"shipping-taxable","23":"purchasable","24":"product-type-variable"},"bundled_by":[],"bundle_stock_status":"instock","bundle_stock_quantity":null,"bundle_virtual":false,"bundle_layout":"","bundle_add_to_cart_form_location":"","bundle_editable_in_cart":false,"bundle_sold_individually_context":"","bundle_item_grouping":"","bundle_min_size":"","bundle_max_size":"","bundle_price":[],"bundled_items":[],"bundle_sell_ids":[],"atum_controlled":true,"out_stock_date":null,"out_stock_threshold":null,"inheritable":true,"stock_on_hold":0,"sold_today":0,"sales_last_days":0,"out_stock_days":0,"lost_sales":0,"update_date":"2026-04-03T01:45:09","atum_locations":[],"atum_stock_status":"instock","restock_status":false,"low_stock_amount":"","sales_update_date":"2026-04-03T01:45:09","calc_backorders":null,"group_of_quantity":0,"min_quantity":0,"max_quantity":"","exclude_order_quantity_value_rules":"no","exclude_category_quantity_rules":"no","combine_variations":"no","yoast_head":"<!-- This site is optimized with the Yoast SEO Premium plugin v26.5 (Yoast SEO v26.5) - https:\/\/yoast.com\/wordpress\/plugins\/seo\/ -->\n<title>Basil Essential Oil | Living Libations<\/title>\n<meta name=\"description\" content=\"Living Libations Basil Essential Oil bountifully captures the joy juice of this diverse culinary herb.\" \/>\n<meta name=\"robots\" content=\"index, follow, max-snippet:-1, max-image-preview:large, max-video-preview:-1\" \/>\n<link rel=\"canonical\" href=\"https:\/\/dutchhealthstore.com\/de\/product\/basil-essential-oil\/\" \/>\n<meta property=\"og:locale\" content=\"de_DE\" \/>\n<meta property=\"og:type\" content=\"article\" \/>\n<meta property=\"og:title\" content=\"Basil Essential Oil - Dutch Health Store\" \/>\n<meta property=\"og:description\" content=\"Living Libations Basil Essential Oil bountifully captures the joy juice of this diverse culinary herb.\" \/>\n<meta property=\"og:url\" content=\"https:\/\/dutchhealthstore.com\/de\/product\/basil-essential-oil\/\" \/>\n<meta property=\"og:site_name\" content=\"Dutch Health Store\" \/>\n<meta property=\"article:publisher\" content=\"https:\/\/www.instagram.com\/dutchhealthstore\/\" \/>\n<meta property=\"article:modified_time\" content=\"2025-11-23T11:44:35+00:00\" \/>\n<meta property=\"og:image\" content=\"https:\/\/dutchhealthstore.com\/wp-content\/uploads\/2018\/02\/living-libations-basil-essential-oil-e1591877587265.jpg\" \/>\n\t<meta property=\"og:image:width\" content=\"500\" \/>\n\t<meta property=\"og:image:height\" content=\"500\" \/>\n\t<meta property=\"og:image:type\" content=\"image\/jpeg\" \/>\n<meta name=\"twitter:card\" content=\"summary_large_image\" \/>\n<meta name=\"twitter:label1\" content=\"Verf\u00fcgbarkeit\" \/>\n\t<meta name=\"twitter:data1\" content=\"Auf Lager\" \/>\n<script type=\"application\/ld+json\" class=\"yoast-schema-graph\">{\"@context\":\"https:\/\/schema.org\",\"@graph\":[{\"@type\":\"WebPage\",\"@id\":\"https:\/\/dutchhealthstore.com\/de\/product\/basil-essential-oil\/\",\"url\":\"https:\/\/dutchhealthstore.com\/de\/product\/basil-essential-oil\/\",\"name\":\"Basil Essential Oil | Living Libations\",\"isPartOf\":{\"@id\":\"https:\/\/dutchhealthstore.com\/de\/#website\"},\"primaryImageOfPage\":{\"@id\":\"https:\/\/dutchhealthstore.com\/de\/product\/basil-essential-oil\/#primaryimage\"},\"image\":{\"@id\":\"https:\/\/dutchhealthstore.com\/de\/product\/basil-essential-oil\/#primaryimage\"},\"thumbnailUrl\":\"https:\/\/dutchhealthstore.com\/wp-content\/uploads\/2018\/02\/living-libations-basil-essential-oil-e1591877587265.jpg\",\"datePublished\":\"2018-02-10T18:50:41+00:00\",\"dateModified\":\"2025-11-23T11:44:35+00:00\",\"description\":\"Living Libations Basil Essential Oil bountifully captures the joy juice of this diverse culinary herb.\",\"breadcrumb\":{\"@id\":\"https:\/\/dutchhealthstore.com\/de\/product\/basil-essential-oil\/#breadcrumb\"},\"inLanguage\":\"de\",\"potentialAction\":[{\"@type\":\"ReadAction\",\"target\":[\"https:\/\/dutchhealthstore.com\/de\/product\/basil-essential-oil\/\"]}]},{\"@type\":\"ImageObject\",\"inLanguage\":\"de\",\"@id\":\"https:\/\/dutchhealthstore.com\/de\/product\/basil-essential-oil\/#primaryimage\",\"url\":\"https:\/\/dutchhealthstore.com\/wp-content\/uploads\/2018\/02\/living-libations-basil-essential-oil-e1591877587265.jpg\",\"contentUrl\":\"https:\/\/dutchhealthstore.com\/wp-content\/uploads\/2018\/02\/living-libations-basil-essential-oil-e1591877587265.jpg\",\"width\":500,\"height\":500},{\"@type\":\"BreadcrumbList\",\"@id\":\"https:\/\/dutchhealthstore.com\/de\/product\/basil-essential-oil\/#breadcrumb\",\"itemListElement\":[{\"@type\":\"ListItem\",\"position\":1,\"name\":\"Home\",\"item\":\"https:\/\/dutchhealthstore.com\/de\/\"},{\"@type\":\"ListItem\",\"position\":2,\"name\":\"Shop\",\"item\":\"https:\/\/dutchhealthstore.com\/de\/shop-2\/\"},{\"@type\":\"ListItem\",\"position\":3,\"name\":\"Basil Essential Oil\"}]},{\"@type\":\"WebSite\",\"@id\":\"https:\/\/dutchhealthstore.com\/de\/#website\",\"url\":\"https:\/\/dutchhealthstore.com\/de\/\",\"name\":\"Dutch Health Store\",\"description\":\"Enhance Your Beauty with Organic &amp; Natural Skincare\",\"publisher\":{\"@id\":\"https:\/\/dutchhealthstore.com\/de\/#organization\"},\"potentialAction\":[{\"@type\":\"SearchAction\",\"target\":{\"@type\":\"EntryPoint\",\"urlTemplate\":\"https:\/\/dutchhealthstore.com\/de\/?s={search_term_string}\"},\"query-input\":{\"@type\":\"PropertyValueSpecification\",\"valueRequired\":true,\"valueName\":\"search_term_string\"}}],\"inLanguage\":\"de\"},{\"@type\":\"Organization\",\"@id\":\"https:\/\/dutchhealthstore.com\/de\/#organization\",\"name\":\"Dutch Health Store\",\"url\":\"https:\/\/dutchhealthstore.com\/de\/\",\"logo\":{\"@type\":\"ImageObject\",\"inLanguage\":\"de\",\"@id\":\"https:\/\/dutchhealthstore.com\/de\/#\/schema\/logo\/image\/\",\"url\":\"https:\/\/dutchhealthstore.com\/wp-content\/uploads\/2020\/08\/logo-dutchhealthstore-jpg-e1599484957574.jpg\",\"contentUrl\":\"https:\/\/dutchhealthstore.com\/wp-content\/uploads\/2020\/08\/logo-dutchhealthstore-jpg-e1599484957574.jpg\",\"width\":400,\"height\":62,\"caption\":\"Dutch Health Store\"},\"image\":{\"@id\":\"https:\/\/dutchhealthstore.com\/de\/#\/schema\/logo\/image\/\"},\"sameAs\":[\"https:\/\/www.instagram.com\/dutchhealthstore\/\",\"https:\/\/www.facebook.com\/dutchhealthstore\"]}]}<\/script>\n<meta property=\"product:brand\" content=\"Living Libations\" \/>\n<meta property=\"og:availability\" content=\"instock\" \/>\n<meta property=\"product:availability\" content=\"instock\" \/>\n<meta property=\"product:condition\" content=\"new\" \/>\n<!-- \/ Yoast SEO Premium plugin. -->","yoast_head_json":{"title":"Basil Essential Oil | Living Libations","description":"Living Libations Basil Essential Oil bountifully captures the joy juice of this diverse culinary herb.","robots":{"index":"index","follow":"follow","max-snippet":"max-snippet:-1","max-image-preview":"max-image-preview:large","max-video-preview":"max-video-preview:-1"},"canonical":"https:\/\/dutchhealthstore.com\/de\/product\/basil-essential-oil\/","og_locale":"de_DE","og_type":"article","og_title":"Basil Essential Oil - Dutch Health Store","og_description":"Living Libations Basil Essential Oil bountifully captures the joy juice of this diverse culinary herb.","og_url":"https:\/\/dutchhealthstore.com\/de\/product\/basil-essential-oil\/","og_site_name":"Dutch Health Store","article_publisher":"https:\/\/www.instagram.com\/dutchhealthstore\/","article_modified_time":"2025-11-23T11:44:35+00:00","og_image":[{"width":500,"height":500,"url":"https:\/\/dutchhealthstore.com\/wp-content\/uploads\/2018\/02\/living-libations-basil-essential-oil-e1591877587265.jpg","type":"image\/jpeg"}],"twitter_card":"summary_large_image","twitter_misc":{"Verf\u00fcgbarkeit":"Auf Lager"},"schema":{"@context":"https:\/\/schema.org","@graph":[{"@type":"WebPage","@id":"https:\/\/dutchhealthstore.com\/de\/product\/basil-essential-oil\/","url":"https:\/\/dutchhealthstore.com\/de\/product\/basil-essential-oil\/","name":"Basil Essential Oil | Living Libations","isPartOf":{"@id":"https:\/\/dutchhealthstore.com\/de\/#website"},"primaryImageOfPage":{"@id":"https:\/\/dutchhealthstore.com\/de\/product\/basil-essential-oil\/#primaryimage"},"image":{"@id":"https:\/\/dutchhealthstore.com\/de\/product\/basil-essential-oil\/#primaryimage"},"thumbnailUrl":"https:\/\/dutchhealthstore.com\/wp-content\/uploads\/2018\/02\/living-libations-basil-essential-oil-e1591877587265.jpg","datePublished":"2018-02-10T18:50:41+00:00","dateModified":"2025-11-23T11:44:35+00:00","description":"Living Libations Basil Essential Oil bountifully captures the joy juice of this diverse culinary herb.","breadcrumb":{"@id":"https:\/\/dutchhealthstore.com\/de\/product\/basil-essential-oil\/#breadcrumb"},"inLanguage":"de","potentialAction":[{"@type":"ReadAction","target":["https:\/\/dutchhealthstore.com\/de\/product\/basil-essential-oil\/"]}]},{"@type":"ImageObject","inLanguage":"de","@id":"https:\/\/dutchhealthstore.com\/de\/product\/basil-essential-oil\/#primaryimage","url":"https:\/\/dutchhealthstore.com\/wp-content\/uploads\/2018\/02\/living-libations-basil-essential-oil-e1591877587265.jpg","contentUrl":"https:\/\/dutchhealthstore.com\/wp-content\/uploads\/2018\/02\/living-libations-basil-essential-oil-e1591877587265.jpg","width":500,"height":500},{"@type":"BreadcrumbList","@id":"https:\/\/dutchhealthstore.com\/de\/product\/basil-essential-oil\/#breadcrumb","itemListElement":[{"@type":"ListItem","position":1,"name":"Home","item":"https:\/\/dutchhealthstore.com\/de\/"},{"@type":"ListItem","position":2,"name":"Shop","item":"https:\/\/dutchhealthstore.com\/de\/shop-2\/"},{"@type":"ListItem","position":3,"name":"Basil Essential Oil"}]},{"@type":"WebSite","@id":"https:\/\/dutchhealthstore.com\/de\/#website","url":"https:\/\/dutchhealthstore.com\/de\/","name":"Dutch Health Store","description":"Enhance Your Beauty with Organic &amp; Natural Skincare","publisher":{"@id":"https:\/\/dutchhealthstore.com\/de\/#organization"},"potentialAction":[{"@type":"SearchAction","target":{"@type":"EntryPoint","urlTemplate":"https:\/\/dutchhealthstore.com\/de\/?s={search_term_string}"},"query-input":{"@type":"PropertyValueSpecification","valueRequired":true,"valueName":"search_term_string"}}],"inLanguage":"de"},{"@type":"Organization","@id":"https:\/\/dutchhealthstore.com\/de\/#organization","name":"Dutch Health Store","url":"https:\/\/dutchhealthstore.com\/de\/","logo":{"@type":"ImageObject","inLanguage":"de","@id":"https:\/\/dutchhealthstore.com\/de\/#\/schema\/logo\/image\/","url":"https:\/\/dutchhealthstore.com\/wp-content\/uploads\/2020\/08\/logo-dutchhealthstore-jpg-e1599484957574.jpg","contentUrl":"https:\/\/dutchhealthstore.com\/wp-content\/uploads\/2020\/08\/logo-dutchhealthstore-jpg-e1599484957574.jpg","width":400,"height":62,"caption":"Dutch Health Store"},"image":{"@id":"https:\/\/dutchhealthstore.com\/de\/#\/schema\/logo\/image\/"},"sameAs":["https:\/\/www.instagram.com\/dutchhealthstore\/","https:\/\/www.facebook.com\/dutchhealthstore"]}]},"product_brand":"Living Libations","og_availability":"instock","product_availability":"instock","product_condition":"new"},"_links":{"self":[{"href":"https:\/\/dutchhealthstore.com\/de\/wp-json\/wp\/v2\/product\/66196","targetHints":{"allow":["GET"]}}],"collection":[{"href":"https:\/\/dutchhealthstore.com\/de\/wp-json\/wp\/v2\/product"}],"about":[{"href":"https:\/\/dutchhealthstore.com\/de\/wp-json\/wp\/v2\/types\/product"}],"replies":[{"embeddable":true,"href":"https:\/\/dutchhealthstore.com\/de\/wp-json\/wp\/v2\/comments?post=66196"}],"wp:featuredmedia":[{"embeddable":true,"href":"https:\/\/dutchhealthstore.com\/de\/wp-json\/wp\/v2\/media\/106097"}],"wp:attachment":[{"href":"https:\/\/dutchhealthstore.com\/de\/wp-json\/wp\/v2\/media?parent=66196"}],"wp:term":[{"taxonomy":"product_brand","embeddable":true,"href":"https:\/\/dutchhealthstore.com\/de\/wp-json\/wp\/v2\/product_brand?post=66196"},{"taxonomy":"product_cat","embeddable":true,"href":"https:\/\/dutchhealthstore.com\/de\/wp-json\/wp\/v2\/product_cat?post=66196"},{"taxonomy":"product_tag","embeddable":true,"href":"https:\/\/dutchhealthstore.com\/de\/wp-json\/wp\/v2\/product_tag?post=66196"}],"curies":[{"name":"wp","href":"https:\/\/api.w.org\/{rel}","templated":true}]}}