{"id":377076,"date":"2026-04-30T11:34:54","date_gmt":"2026-04-30T09:34:54","guid":{"rendered":"https:\/\/dutchhealthstore.com\/product\/whitening-mint-tooth-scrub\/"},"modified":"2026-04-30T11:34:54","modified_gmt":"2026-04-30T09:34:54","slug":"whitening-mint-tooth-scrub","status":"publish","type":"product","link":"https:\/\/dutchhealthstore.com\/de\/product\/whitening-mint-tooth-scrub\/","title":{"rendered":"Whitening Mint Tooth Scrub"},"content":{"rendered":"<p>Verwenden Sie es allein f\u00fcr eine gr\u00fcndliche, tiefere Reinigung oder mischen Sie eine kleine Menge in Ihre normale Zahnpasta, um den perfekten Poliergrad einzustellen.<br \/>\nWir verwenden unseres etwa einmal pro Woche, bei Bedarf auch ein paar Mal pro Woche als kleine Erg\u00e4nzung zu unserer abendlichen Zahnpflege. Wenn Sie das Peeling allein verwenden, empfehlen wir, anschlie\u00dfend \u00d6lziehen oder \u00d6lsp\u00fclungen durchzuf\u00fchren, um den Z\u00e4hnen ein leichtes, sch\u00fctzendes Finish zu verleihen. <\/p>\n<p><strong>Zahnpeeling oder Zahnpasta \u2013 Was brauchen Sie?<\/strong><\/p>\n<p>Das Peeling ist Ihre erste Wahl, wenn die Z\u00e4hne eine gr\u00fcndlichere, intensivere Reinigung ben\u00f6tigen.<br \/>\nUnsere normale Zahnpasta ist mit sehr geringer Abrasivit\u00e4t formuliert \u2013 ideal f\u00fcr den t\u00e4glichen Gebrauch.<br \/>\nEs geht um die Balance: effektive Reinigung, ohne es zu \u00fcbertreiben.<\/p>\n<p><strong>Wie es funktioniert<\/strong><\/p>\n<p>Das Peeling kombiniert aluminiumfreies Backpulver, Aktivkohle und gemahlenen Bimsstein als Trio sanfter Schleifmittel. Es basiert auf der gleichen Grundlage wie unsere normale Zahnpasta \u2013 mit unserem 20% nat\u00fcrlichen Korallen-Mikro-Hydroxylapatit und dem gesamten Spektrum heilender Kr\u00e4uter \u2013 aber noch einen Schritt weiterentwickelt. Kr\u00e4uter werden langsam in eine Bio-Sesam\u00f6lbasis infundiert und dann mit konzentrierten Kr\u00e4uterpulvern angereichert, f\u00fcr eine sp\u00fcrbar potentere Formel.  <\/p>\n<p><strong>Gr\u00f6\u00dfe: 2 oz Minze<\/strong><\/p>\n<p>\u2605 Kein einzelnes Produkt ist eine perfekte L\u00f6sung f\u00fcr jeden Menschen. H\u00f6ren Sie auf Ihren K\u00f6rper \u2013 und stellen Sie die Anwendung ein, wenn Sie unerw\u00fcnschte Wirkungen bemerken. <\/p>\n<h3>Wie benutzt man<\/h3>\n<ol>\n<li>Nehmen Sie eine erbsengro\u00dfe Menge auf Ihre Zahnb\u00fcrste<\/li>\n<li>Putzen Sie Ihre Z\u00e4hne sanft und gr\u00fcndlich, bis sie sich glatt und sauber anf\u00fchlen<\/li>\n<li>Wir empfehlen, zum einfachen Reinigen in einen Abfalleimer zu spucken<\/li>\n<li>Bei Bedarf 1-3 Tage pro Woche anwenden<\/li>\n<li>Innerhalb von 3 Monaten nach dem \u00d6ffnen verbrauchen<\/li>\n<\/ol>\n<h2><strong>Nat\u00fcrliche \/ biologische Inhaltsstoffe <\/strong><\/h2>\n<p>Calciumcarbonat, Mikro-Hydroxylapatit (aus fossiler Koralle), *Ozonisiertes Oliven\u00f6l, *Rizinus\u00f6l, Kokumbutter, *Sesam\u00f6l, *Bienenwachs, Perlmuttpulver, Perlenpulver, *Haferstroh, Kardenextrakt, *Kardamom, *Schachtelhalm, Eucommia-Extrakt, *Hadjod, *Triphala, *S\u00fc\u00dfholz, *Anantamul, Drynaria-Extrakt, *Brennnessel, *Arjuna, Rehmannia-Extrakt, *Ulmenrinde, *Nelken, *Rose, Miswak, *Manjistha, *Wei\u00dfe Eichenrinde, *Kurkuma, *Echinacea, *Kalmegh, Shilajit, *Neem, Theobromin-Bimsstein, Aktivkohle, Backpulver, *Pfefferminz\u00f6l, *Gr\u00fcnes Minz\u00f6l. &#8212;<br \/>\n*Bio **Wildgesammelt <\/p>\n\n\t<section class=\"section\" id=\"section_1627487531\">\n\t\t<div class=\"section-bg fill\" >\n\t\t\t<img fetchpriority=\"high\" decoding=\"async\" width=\"1536\" height=\"1024\" src=\"https:\/\/dutchhealthstore.com\/wp-content\/uploads\/2026\/02\/bliss-bg.jpg\" class=\"bg attachment- size-\" alt=\"\" \/>\t\t\t\t\t\t<div class=\"section-bg-overlay absolute fill\"><\/div>\n\t\t\t\n\n\t\t<\/div>\n\n\t\t\n\n\t\t<div class=\"section-content relative\">\n\t\t\t\n\n\t<div id=\"gap-2037030081\" class=\"gap-element clearfix\" style=\"display:block; height:auto;\">\n\t\t\n<style>\n#gap-2037030081 {\n  padding-top: 15px;\n}\n<\/style>\n\t<\/div>\n\t\n\n<div class=\"container section-title-container\" ><h3 class=\"section-title section-title-normal\"><b><\/b><span class=\"section-title-main\" >\u00dcber Bliss Energetics<\/span><b><\/b><\/h3><\/div>\n\n<div class=\"row\"  id=\"row-2053958928\">\n\n\n\t<div id=\"col-513915048\" class=\"col small-12 large-12\"  >\n\t\t\t\t<div class=\"col-inner\"  >\n\t\t\t\n\t\t\t\n\n<p>Bliss Energetics ist eine ganzheitliche Marke f\u00fcr Mundpflege, die sich der echten Remineralisierung verschrieben hat. Verwurzelt in Ayurveda, Traditioneller Chinesischer Medizin und Mineralwissenschaft ist jede Formel darauf ausgelegt, die nat\u00fcrliche F\u00e4higkeit des K\u00f6rpers zu unterst\u00fctzen, Zahnschmelz wieder aufzubauen und die Z\u00e4hne von innen heraus zu st\u00e4rken. <\/p>\n<p>Dies sind keine herk\u00f6mmlichen Dentalprodukte. Sie setzen auf bioverf\u00fcgbare Mineralstoffe, fettl\u00f6sliche Vitamine und pflanzliches Wissen, um Z\u00e4hne als lebendes Gewebe zu n\u00e4hren \u2013 und gleichzeitig Speichel, Aufnahme und strukturelles Gleichgewicht zu unterst\u00fctzen. <\/p>\n<p>Frei von synthetischen Zusatzstoffen und mit Bedacht hergestellt, verbindet Bliss Energetics hohe Mineraldichte mit energetischem Bewusstsein.<\/p>\n<p>Das ist Mundpflege f\u00fcr alle, die daran glauben, dass Heilung dann geschieht, wenn der K\u00f6rper richtig gen\u00e4hrt wird.<\/p>\n\n\n\t\t<\/div>\n\t\t\t\t\t<\/div>\n\n\t\n\n<\/div>\n\n\t\t<\/div>\n\n\t\t\n<style>\n#section_1627487531 {\n  padding-top: 30px;\n  padding-bottom: 30px;\n}\n#section_1627487531 .section-bg-overlay {\n  background-color: rgba(255, 255, 255, 0.767);\n}\n<\/style>\n\t<\/section>\n\t\n","protected":false},"excerpt":{"rendered":"<p>Dieses Peeling ist so konzipiert, dass es hervorragend allein oder zusammen mit unserer normalen Zahnpasta funktioniert \u2013 und gibt Ihnen die Freiheit, zu kombinieren und wirklich auf die Bed\u00fcrfnisse Ihrer Z\u00e4hne einzugehen.<\/p>\n","protected":false},"featured_media":377044,"comment_status":"open","ping_status":"closed","template":"","meta":[],"product_brand":[],"product_cat":[22213,1032,1210,1910,20901,20907,511,1038],"product_tag":[],"class_list":{"0":"post-377076","1":"product","2":"type-product","3":"status-publish","4":"has-post-thumbnail","6":"product_cat-bliss-energetics","7":"product_cat-kategorien","8":"product_cat-marken","9":"product_cat-neue-produkte","10":"product_cat-new-additions-healthcare-de","11":"product_cat-new-additions-skincare-de","12":"product_cat-produkte","13":"product_cat-zahnpflege","14":"pa_brand-bliss-energetics","15":"pa_dental-care-product-type-toothpaste-de","16":"pa_gtin-22429","17":"pa_size-2-oz-56-g-de-2","19":"first","20":"instock","21":"taxable","22":"shipping-taxable","23":"purchasable","24":"product-type-simple"},"bundled_by":[],"bundle_stock_status":"instock","bundle_stock_quantity":12,"bundle_virtual":false,"bundle_layout":"","bundle_add_to_cart_form_location":"","bundle_editable_in_cart":false,"bundle_sold_individually_context":"","bundle_item_grouping":"","bundle_min_size":"","bundle_max_size":"","bundle_price":[],"bundled_items":[],"bundle_sell_ids":[],"atum_controlled":true,"out_stock_date":null,"out_stock_threshold":null,"inheritable":false,"stock_on_hold":0,"sold_today":0,"sales_last_days":0,"out_stock_days":0,"lost_sales":0,"update_date":"2026-05-03T20:09:36","atum_locations":[],"atum_stock_status":"instock","restock_status":false,"low_stock_amount":"","sales_update_date":"2026-05-03T20:09:36","calc_backorders":null,"group_of_quantity":0,"min_quantity":0,"max_quantity":"","exclude_order_quantity_value_rules":"no","exclude_category_quantity_rules":"no","combine_variations":"no","yoast_head":"<!-- This site is optimized with the Yoast SEO Premium plugin v26.5 (Yoast SEO v26.5) - https:\/\/yoast.com\/wordpress\/plugins\/seo\/ -->\n<title>Whitening Mint Tooth Scrub - Bliss Energetics<\/title>\n<meta name=\"description\" content=\"Dieses Peeling ist so konzipiert, dass es hervorragend allein oder zusammen mit unserer normalen Zahnpasta funktioniert \u2013 und gibt Ihnen die Freiheit, zu kombinieren und wirklich auf die Bed\u00fcrfnisse Ihrer Z\u00e4hne einzugehen.\" \/>\n<meta name=\"robots\" content=\"index, follow, max-snippet:-1, max-image-preview:large, max-video-preview:-1\" \/>\n<link rel=\"canonical\" href=\"https:\/\/dutchhealthstore.com\/de\/product\/whitening-mint-tooth-scrub\/\" \/>\n<meta property=\"og:locale\" content=\"de_DE\" \/>\n<meta property=\"og:type\" content=\"article\" \/>\n<meta property=\"og:title\" content=\"Whitening Mint Tooth Scrub - Dutch Health Store\" \/>\n<meta property=\"og:description\" content=\"Dieses Peeling ist so konzipiert, dass es hervorragend allein oder zusammen mit unserer normalen Zahnpasta funktioniert \u2013 und gibt Ihnen die Freiheit, zu kombinieren und wirklich auf die Bed\u00fcrfnisse Ihrer Z\u00e4hne einzugehen.\" \/>\n<meta property=\"og:url\" content=\"https:\/\/dutchhealthstore.com\/de\/product\/whitening-mint-tooth-scrub\/\" \/>\n<meta property=\"og:site_name\" content=\"Dutch Health Store\" \/>\n<meta property=\"article:publisher\" content=\"https:\/\/www.instagram.com\/dutchhealthstore\/\" \/>\n<meta property=\"og:image\" content=\"https:\/\/dutchhealthstore.com\/wp-content\/uploads\/2026\/04\/Untitled-design-2026-04-30T103447.370.jpg\" \/>\n\t<meta property=\"og:image:width\" content=\"530\" \/>\n\t<meta property=\"og:image:height\" content=\"530\" \/>\n\t<meta property=\"og:image:type\" content=\"image\/jpeg\" \/>\n<meta name=\"twitter:card\" content=\"summary_large_image\" \/>\n<meta name=\"twitter:label1\" content=\"Preis\" \/>\n\t<meta name=\"twitter:data1\" content=\"&euro;28,00\" \/>\n\t<meta name=\"twitter:label2\" content=\"Verf\u00fcgbarkeit\" \/>\n\t<meta name=\"twitter:data2\" content=\"Auf Lager\" \/>\n<script type=\"application\/ld+json\" class=\"yoast-schema-graph\">{\"@context\":\"https:\/\/schema.org\",\"@graph\":[{\"@type\":\"WebPage\",\"@id\":\"https:\/\/dutchhealthstore.com\/de\/product\/whitening-mint-tooth-scrub\/\",\"url\":\"https:\/\/dutchhealthstore.com\/de\/product\/whitening-mint-tooth-scrub\/\",\"name\":\"Whitening Mint Tooth Scrub - Bliss Energetics\",\"isPartOf\":{\"@id\":\"https:\/\/dutchhealthstore.com\/de\/#website\"},\"primaryImageOfPage\":{\"@id\":\"https:\/\/dutchhealthstore.com\/de\/product\/whitening-mint-tooth-scrub\/#primaryimage\"},\"image\":{\"@id\":\"https:\/\/dutchhealthstore.com\/de\/product\/whitening-mint-tooth-scrub\/#primaryimage\"},\"thumbnailUrl\":\"https:\/\/dutchhealthstore.com\/wp-content\/uploads\/2026\/04\/Untitled-design-2026-04-30T103447.370.jpg\",\"datePublished\":\"2026-04-30T09:34:54+00:00\",\"description\":\"Dieses Peeling ist so konzipiert, dass es hervorragend allein oder zusammen mit unserer normalen Zahnpasta funktioniert \u2013 und gibt Ihnen die Freiheit, zu kombinieren und wirklich auf die Bed\u00fcrfnisse Ihrer Z\u00e4hne einzugehen.\",\"breadcrumb\":{\"@id\":\"https:\/\/dutchhealthstore.com\/de\/product\/whitening-mint-tooth-scrub\/#breadcrumb\"},\"inLanguage\":\"de\",\"potentialAction\":[{\"@type\":\"ReadAction\",\"target\":[\"https:\/\/dutchhealthstore.com\/de\/product\/whitening-mint-tooth-scrub\/\"]}]},{\"@type\":\"ImageObject\",\"inLanguage\":\"de\",\"@id\":\"https:\/\/dutchhealthstore.com\/de\/product\/whitening-mint-tooth-scrub\/#primaryimage\",\"url\":\"https:\/\/dutchhealthstore.com\/wp-content\/uploads\/2026\/04\/Untitled-design-2026-04-30T103447.370.jpg\",\"contentUrl\":\"https:\/\/dutchhealthstore.com\/wp-content\/uploads\/2026\/04\/Untitled-design-2026-04-30T103447.370.jpg\",\"width\":530,\"height\":530,\"caption\":\"bliss-tooth-scrub-mint\"},{\"@type\":\"BreadcrumbList\",\"@id\":\"https:\/\/dutchhealthstore.com\/de\/product\/whitening-mint-tooth-scrub\/#breadcrumb\",\"itemListElement\":[{\"@type\":\"ListItem\",\"position\":1,\"name\":\"Home\",\"item\":\"https:\/\/dutchhealthstore.com\/de\/\"},{\"@type\":\"ListItem\",\"position\":2,\"name\":\"Shop\",\"item\":\"https:\/\/dutchhealthstore.com\/de\/shop-2\/\"},{\"@type\":\"ListItem\",\"position\":3,\"name\":\"Whitening Mint Tooth Scrub\"}]},{\"@type\":\"WebSite\",\"@id\":\"https:\/\/dutchhealthstore.com\/de\/#website\",\"url\":\"https:\/\/dutchhealthstore.com\/de\/\",\"name\":\"Dutch Health Store\",\"description\":\"Enhance Your Beauty with Organic &amp; Natural Skincare\",\"publisher\":{\"@id\":\"https:\/\/dutchhealthstore.com\/de\/#organization\"},\"potentialAction\":[{\"@type\":\"SearchAction\",\"target\":{\"@type\":\"EntryPoint\",\"urlTemplate\":\"https:\/\/dutchhealthstore.com\/de\/?s={search_term_string}\"},\"query-input\":{\"@type\":\"PropertyValueSpecification\",\"valueRequired\":true,\"valueName\":\"search_term_string\"}}],\"inLanguage\":\"de\"},{\"@type\":\"Organization\",\"@id\":\"https:\/\/dutchhealthstore.com\/de\/#organization\",\"name\":\"Dutch Health Store\",\"url\":\"https:\/\/dutchhealthstore.com\/de\/\",\"logo\":{\"@type\":\"ImageObject\",\"inLanguage\":\"de\",\"@id\":\"https:\/\/dutchhealthstore.com\/de\/#\/schema\/logo\/image\/\",\"url\":\"https:\/\/dutchhealthstore.com\/wp-content\/uploads\/2020\/08\/logo-dutchhealthstore-jpg-e1599484957574.jpg\",\"contentUrl\":\"https:\/\/dutchhealthstore.com\/wp-content\/uploads\/2020\/08\/logo-dutchhealthstore-jpg-e1599484957574.jpg\",\"width\":400,\"height\":62,\"caption\":\"Dutch Health Store\"},\"image\":{\"@id\":\"https:\/\/dutchhealthstore.com\/de\/#\/schema\/logo\/image\/\"},\"sameAs\":[\"https:\/\/www.instagram.com\/dutchhealthstore\/\",\"https:\/\/www.facebook.com\/dutchhealthstore\"]}]}<\/script>\n<meta property=\"product:brand\" content=\"Bliss Energetics\" \/>\n<meta property=\"product:price:amount\" content=\"28.00\" \/>\n<meta property=\"product:price:currency\" content=\"EUR\" \/>\n<meta property=\"og:availability\" content=\"instock\" \/>\n<meta property=\"product:availability\" content=\"instock\" \/>\n<meta property=\"product:condition\" content=\"new\" \/>\n<!-- \/ Yoast SEO Premium plugin. -->","yoast_head_json":{"title":"Whitening Mint Tooth Scrub - Bliss Energetics","description":"Dieses Peeling ist so konzipiert, dass es hervorragend allein oder zusammen mit unserer normalen Zahnpasta funktioniert \u2013 und gibt Ihnen die Freiheit, zu kombinieren und wirklich auf die Bed\u00fcrfnisse Ihrer Z\u00e4hne einzugehen.","robots":{"index":"index","follow":"follow","max-snippet":"max-snippet:-1","max-image-preview":"max-image-preview:large","max-video-preview":"max-video-preview:-1"},"canonical":"https:\/\/dutchhealthstore.com\/de\/product\/whitening-mint-tooth-scrub\/","og_locale":"de_DE","og_type":"article","og_title":"Whitening Mint Tooth Scrub - Dutch Health Store","og_description":"Dieses Peeling ist so konzipiert, dass es hervorragend allein oder zusammen mit unserer normalen Zahnpasta funktioniert \u2013 und gibt Ihnen die Freiheit, zu kombinieren und wirklich auf die Bed\u00fcrfnisse Ihrer Z\u00e4hne einzugehen.","og_url":"https:\/\/dutchhealthstore.com\/de\/product\/whitening-mint-tooth-scrub\/","og_site_name":"Dutch Health Store","article_publisher":"https:\/\/www.instagram.com\/dutchhealthstore\/","og_image":[{"width":530,"height":530,"url":"https:\/\/dutchhealthstore.com\/wp-content\/uploads\/2026\/04\/Untitled-design-2026-04-30T103447.370.jpg","type":"image\/jpeg"}],"twitter_card":"summary_large_image","twitter_misc":{"Preis":"&euro;28,00","Verf\u00fcgbarkeit":"Auf Lager"},"schema":{"@context":"https:\/\/schema.org","@graph":[{"@type":"WebPage","@id":"https:\/\/dutchhealthstore.com\/de\/product\/whitening-mint-tooth-scrub\/","url":"https:\/\/dutchhealthstore.com\/de\/product\/whitening-mint-tooth-scrub\/","name":"Whitening Mint Tooth Scrub - Bliss Energetics","isPartOf":{"@id":"https:\/\/dutchhealthstore.com\/de\/#website"},"primaryImageOfPage":{"@id":"https:\/\/dutchhealthstore.com\/de\/product\/whitening-mint-tooth-scrub\/#primaryimage"},"image":{"@id":"https:\/\/dutchhealthstore.com\/de\/product\/whitening-mint-tooth-scrub\/#primaryimage"},"thumbnailUrl":"https:\/\/dutchhealthstore.com\/wp-content\/uploads\/2026\/04\/Untitled-design-2026-04-30T103447.370.jpg","datePublished":"2026-04-30T09:34:54+00:00","description":"Dieses Peeling ist so konzipiert, dass es hervorragend allein oder zusammen mit unserer normalen Zahnpasta funktioniert \u2013 und gibt Ihnen die Freiheit, zu kombinieren und wirklich auf die Bed\u00fcrfnisse Ihrer Z\u00e4hne einzugehen.","breadcrumb":{"@id":"https:\/\/dutchhealthstore.com\/de\/product\/whitening-mint-tooth-scrub\/#breadcrumb"},"inLanguage":"de","potentialAction":[{"@type":"ReadAction","target":["https:\/\/dutchhealthstore.com\/de\/product\/whitening-mint-tooth-scrub\/"]}]},{"@type":"ImageObject","inLanguage":"de","@id":"https:\/\/dutchhealthstore.com\/de\/product\/whitening-mint-tooth-scrub\/#primaryimage","url":"https:\/\/dutchhealthstore.com\/wp-content\/uploads\/2026\/04\/Untitled-design-2026-04-30T103447.370.jpg","contentUrl":"https:\/\/dutchhealthstore.com\/wp-content\/uploads\/2026\/04\/Untitled-design-2026-04-30T103447.370.jpg","width":530,"height":530,"caption":"bliss-tooth-scrub-mint"},{"@type":"BreadcrumbList","@id":"https:\/\/dutchhealthstore.com\/de\/product\/whitening-mint-tooth-scrub\/#breadcrumb","itemListElement":[{"@type":"ListItem","position":1,"name":"Home","item":"https:\/\/dutchhealthstore.com\/de\/"},{"@type":"ListItem","position":2,"name":"Shop","item":"https:\/\/dutchhealthstore.com\/de\/shop-2\/"},{"@type":"ListItem","position":3,"name":"Whitening Mint Tooth Scrub"}]},{"@type":"WebSite","@id":"https:\/\/dutchhealthstore.com\/de\/#website","url":"https:\/\/dutchhealthstore.com\/de\/","name":"Dutch Health Store","description":"Enhance Your Beauty with Organic &amp; Natural Skincare","publisher":{"@id":"https:\/\/dutchhealthstore.com\/de\/#organization"},"potentialAction":[{"@type":"SearchAction","target":{"@type":"EntryPoint","urlTemplate":"https:\/\/dutchhealthstore.com\/de\/?s={search_term_string}"},"query-input":{"@type":"PropertyValueSpecification","valueRequired":true,"valueName":"search_term_string"}}],"inLanguage":"de"},{"@type":"Organization","@id":"https:\/\/dutchhealthstore.com\/de\/#organization","name":"Dutch Health Store","url":"https:\/\/dutchhealthstore.com\/de\/","logo":{"@type":"ImageObject","inLanguage":"de","@id":"https:\/\/dutchhealthstore.com\/de\/#\/schema\/logo\/image\/","url":"https:\/\/dutchhealthstore.com\/wp-content\/uploads\/2020\/08\/logo-dutchhealthstore-jpg-e1599484957574.jpg","contentUrl":"https:\/\/dutchhealthstore.com\/wp-content\/uploads\/2020\/08\/logo-dutchhealthstore-jpg-e1599484957574.jpg","width":400,"height":62,"caption":"Dutch Health Store"},"image":{"@id":"https:\/\/dutchhealthstore.com\/de\/#\/schema\/logo\/image\/"},"sameAs":["https:\/\/www.instagram.com\/dutchhealthstore\/","https:\/\/www.facebook.com\/dutchhealthstore"]}]},"product_brand":"Bliss Energetics","product_price_amount":"28.00","product_price_currency":"EUR","og_availability":"instock","product_availability":"instock","product_condition":"new"},"_links":{"self":[{"href":"https:\/\/dutchhealthstore.com\/de\/wp-json\/wp\/v2\/product\/377076","targetHints":{"allow":["GET"]}}],"collection":[{"href":"https:\/\/dutchhealthstore.com\/de\/wp-json\/wp\/v2\/product"}],"about":[{"href":"https:\/\/dutchhealthstore.com\/de\/wp-json\/wp\/v2\/types\/product"}],"replies":[{"embeddable":true,"href":"https:\/\/dutchhealthstore.com\/de\/wp-json\/wp\/v2\/comments?post=377076"}],"wp:featuredmedia":[{"embeddable":true,"href":"https:\/\/dutchhealthstore.com\/de\/wp-json\/wp\/v2\/media\/377044"}],"wp:attachment":[{"href":"https:\/\/dutchhealthstore.com\/de\/wp-json\/wp\/v2\/media?parent=377076"}],"wp:term":[{"taxonomy":"product_brand","embeddable":true,"href":"https:\/\/dutchhealthstore.com\/de\/wp-json\/wp\/v2\/product_brand?post=377076"},{"taxonomy":"product_cat","embeddable":true,"href":"https:\/\/dutchhealthstore.com\/de\/wp-json\/wp\/v2\/product_cat?post=377076"},{"taxonomy":"product_tag","embeddable":true,"href":"https:\/\/dutchhealthstore.com\/de\/wp-json\/wp\/v2\/product_tag?post=377076"}],"curies":[{"name":"wp","href":"https:\/\/api.w.org\/{rel}","templated":true}]}}