{"id":374580,"date":"2026-03-24T15:11:06","date_gmt":"2026-03-24T14:11:06","guid":{"rendered":"https:\/\/dutchhealthstore.com\/product\/la-mer-profonde-eye-full-brows-deep-repair-serum\/"},"modified":"2026-03-24T15:11:06","modified_gmt":"2026-03-24T14:11:06","slug":"la-mer-profonde-eye-full-brows-deep-repair-serum","status":"publish","type":"product","link":"https:\/\/dutchhealthstore.com\/de\/product\/la-mer-profonde-eye-full-brows-deep-repair-serum\/","title":{"rendered":"La Mer Profonde Eye + Full Brows Deep Repair Serum"},"content":{"rendered":"<p>Mit lebendigen, n\u00e4hrstoffreichen kanadischen wildgeernteten Algen, Bio-Kaffee in dunkler R\u00f6stung, CoQ10-Enzym und regenerierenden Pflanzenextrakten wurde La Mer Profonde entwickelt, um die empfindliche Haut der Augenpartie zu n\u00e4hren \u2013 gl\u00e4ttet feine Linien und mildert Schwellungen, w\u00e4hrend die Haut sich geschmeidig, weich und regeneriert anf\u00fchlt. Leicht und schnell einziehend ist dieses kostbare Konzentrat zudem speziell formuliert, um Augenbrauenhaare zu st\u00e4rken, zu pflegen und zu verdichten und ein Wachstum zu f\u00f6rdern, das die nat\u00fcrliche Brauenform betont. <\/p>\n<p><strong>Philosophy of Flowers <\/strong><\/p>\n<p>Tidal Flowers \u00b7 Zuckertang \u00b7 S\u00fc\u00dfholzwurzel \u00b7 Bioregionale Kamillenbl\u00fcten \u00b7 Dunkel ger\u00f6stete Kaffeebohnen<\/p>\n<h3>Wie benutzt man<\/h3>\n<p>Vor dem Auftragen des Gesichtsserums den k\u00fchlenden Applikator \u00fcber die Augenbrauen und die Augenpartie rollen, dabei auf den Orbitalknochen konzentrieren. Sanft mit den Fingerspitzen einklopfen, bis es eingezogen ist. Morgens und abends nach Wunsch anwenden.<br \/>\nEine Massage gegen Schwellungen unter den Augen:<br \/>\nNach dem Auftragen von La Mer Profonde mit Zeige- und Mittelfinger in einem J-f\u00f6rmigen Muster um die Augenh\u00f6hlen massieren \u2013 beginnend an den Nasenfl\u00fcgeln und weiter bis knapp unter die \u00e4u\u00dferen Augenwinkel, endend dort, wo die Wangenknochen auf die \u00e4u\u00dferen Augenwinkel treffen. Mehrmals wiederholen, bis das Serum vollst\u00e4ndig eingezogen ist. Diese Technik unterst\u00fctzt den Lymphabfluss und hilft, Schwellungen unter den Augen zu minimieren.    <\/p>\n<h3>Aktive Botanicals<\/h3>\n<p><strong>Zuckertang-Alge<\/strong> \u2014 Zu den n\u00e4hrstoffreichsten hautliebenden Pflanzen der Natur geh\u00f6rend, liefert wilde Alge ein vollst\u00e4ndiges Spektrum an Protein, Beta-Carotin, Enzymen, Aminos\u00e4uren, Ballaststoffen, schleimbildenden Polysacchariden, Antioxidantien, Vitaminen A, B, B12, C und E sowie eine F\u00fclle an Spurenelementen.<br \/>\n<strong>Nat\u00fcrliches CoQ10-Enzym<\/strong> \u2014 Der CoQ10-Spiegel nimmt nat\u00fcrlicherweise mit dem Alter ab und reduziert allm\u00e4hlich die F\u00e4higkeit der Haut, Kollagen und Elastin zu produzieren. Dieses nat\u00fcrlich vorkommende Enzym liefert kraftvolle Antioxidantien tief in die Haut \u2013 eine wesentliche Komponente f\u00fcr Geschmeidigkeit und Ausstrahlung, die hilft, das Erscheinungsbild feiner Linien und F\u00e4ltchen zu minimieren.<br \/>\n<strong>Dunkel ger\u00f6steter Kaffee (Coffea arabica)<\/strong> \u2014 Eine langsame Infusion lokal ger\u00f6steter Kaffeebohnen in goldene Pflanzen\u00f6le zieht die antioxidativen und straffenden Eigenschaften der ganzen Bohne heraus. Die Polyphenole und Phytoverbindungen des Kaffees unterst\u00fctzen die Durchblutung und helfen, das Erscheinungsbild von Schwellungen und M\u00fcdigkeit um die Augen zu reduzieren. Die ger\u00f6stete Infusion verleiht eine subtile W\u00e4rme, die die Haut n\u00e4hrt und im Laufe der Zeit das Erscheinungsbild kr\u00e4ftigerer, vollerer Augenbrauen und Wimpern f\u00f6rdern kann.<br \/>\n<strong>Brennnesselblatt<\/strong> \u2014 Nat\u00fcrlich reich an Kiesels\u00e4ure, Schwefel und lebendigen Phyton\u00e4hrstoffen, die gl\u00e4nzenderes, ges\u00fcnderes Haar f\u00f6rdern. Brennnessel hilft auch, Ausd\u00fcnnung zu bek\u00e4mpfen, um F\u00fclle und Dichte zu f\u00f6rdern, w\u00e4hrend sie die Widerstandsf\u00e4higkeit der Haut gegen UV-Sch\u00e4den und Umweltstress st\u00e4rkt.<br \/>\n<strong>Eibischwurzel<\/strong> \u2014 Ein nat\u00fcrlicher Feuchthaltefaktor, der Feuchtigkeit an Haut und Haar bindet und den Hydratationsgrad verbessert. Reich an Flavonoiden mit inh\u00e4renten entz\u00fcndungshemmenden Eigenschaften hilft dieser Extrakt, UV- und freie Radikale-Sch\u00e4den abzuwehren und umzukehren.<br \/>\n<strong>Reines Macadamianuss\u00f6l<\/strong> \u2014 Au\u00dfergew\u00f6hnlich reich an wohltuenden Fetts\u00e4uren, mit einem hohen Linol- und \u00d6ls\u00e4uregehalt, der die nat\u00fcrliche Barriere der Haut wiederherstellt \u2013 verhindert Feuchtigkeitsverlust und sch\u00fctzt vor Umweltsch\u00e4den und Toxinen.<br \/>\n<strong>S\u00fc\u00dfholzwurzel<\/strong> \u2014 Mildert Hyperpigmentierung und ungleichm\u00e4\u00dfigen Teint, w\u00e4hrend sie durch ihre eigenen Enzyme nat\u00fcrlich UV-Licht blockiert. Aktive Verbindungen reduzieren Entz\u00fcndungen und Schwellungen, w\u00e4hrend sie die Haut straffen und festigen. Eine reichhaltige Quelle lebenswichtiger N\u00e4hrstoffe und Antioxidantien, die freie Radikale neutralisieren.  <\/p>\n<p><em><strong>Diese Formel ist frei von \u00e4therischen \u00d6len.<\/strong><\/em><br \/>\n<em><strong>Alle Inhaltsstoffe sind biologisch, wildgeerntet und nachhaltig, ethisch und regional bezogen.<\/strong><\/em><\/p>\n<p><strong>Gr\u00f6\u00dfe: 10 ml<\/strong><\/p>\n<h2><strong>Nat\u00fcrliche \/ biologische Inhaltsstoffe <\/strong><\/h2>\n<p>Hauseigene Ganzpflanzenextraktionen und Essenzen aus Vancouver Island Zuckertang (<em>Saccharina latissima<\/em>), Kombu-Alge (<em>Laminaria japonica<\/em>), S\u00fc\u00dfholzwurzel (<em>Glycyrrhiza glabra<\/em>), Eibischwurzel (<em>Althaea officinalis<\/em>), Wilde Pfefferminzbl\u00e4tter (<em>Mentha piperita<\/em>), Kamillenbl\u00fcten (<em>Matricaria chamomilla<\/em>), Vogelmierenblatt (<em>Stellaria media<\/em>), Vollmond-Brennnesselblatt (<em>Urtica dioica<\/em>), Macadamianuss\u00f6l (<em>Macadamia integrifolia<\/em>), Jojoba\u00f6l (<em>Simmondsia chinensis<\/em>), Langsam ger\u00f6stete biologische lokale Kaffeebohnen (<em>Coffea arabica<\/em>), Nat\u00fcrlich gewonnener CoQ10-Extrakt (<em>Ubiquinone<\/em>).<\/p>\n\n\t<section class=\"section dark\" id=\"section_95386701\">\n\t\t<div class=\"section-bg fill\" >\n\t\t\t<img fetchpriority=\"high\" decoding=\"async\" width=\"1200\" height=\"604\" src=\"https:\/\/dutchhealthstore.com\/wp-content\/uploads\/2026\/02\/bgux.jpg\" class=\"bg attachment- size-\" alt=\"\" \/>\t\t\t\t\t\t<div class=\"section-bg-overlay absolute fill\"><\/div>\n\t\t\t\n\n\t\t<\/div>\n\n\t\t\n\n\t\t<div class=\"section-content relative\">\n\t\t\t\n\n\t<div id=\"gap-1280058373\" class=\"gap-element clearfix\" style=\"display:block; height:auto;\">\n\t\t\n<style>\n#gap-1280058373 {\n  padding-top: 15px;\n}\n<\/style>\n\t<\/div>\n\t\n\n<div class=\"container section-title-container\" ><h3 class=\"section-title section-title-normal\"><b><\/b><span class=\"section-title-main\" >\u00dcber Tidelands House<\/span><b><\/b><\/h3><\/div>\n\n<div class=\"row\"  id=\"row-602178408\">\n\n\n\t<div id=\"col-626415246\" class=\"col small-12 large-12\"  >\n\t\t\t\t<div class=\"col-inner\"  >\n\t\t\t\n\t\t\t\n\n<p>Tidelands House ist ein kanadisches Atelier f\u00fcr botanische Hautpflege, das von der Kr\u00e4uterkundlerin Dominique Del Col gegr\u00fcndet wurde. Jede Rezeptur wird in Handarbeit in einem sonnendurchfluteten Destillierraum in einem restaurierten Steinhaus aus dem 19. Jahrhundert hergestellt, wo Kr\u00e4uter von Holzbalken h\u00e4ngen und Botanicals im Rhythmus der Jahreszeiten zubereitet werden.<\/p>\n<p>Wild gesammelte Pflanzen, biodynamischer Anbau und Meeresbotanicals von Kanadas Ostk\u00fcste bilden das Herzst\u00fcck jeder Zubereitung. Die Inhaltsstoffe werden zum Zeitpunkt ihrer h\u00f6chsten Vitalit\u00e4t geerntet und in Kleinstmengen verarbeitet, um Wirksamkeit, Frische und energetische Integrit\u00e4t zu bewahren. <\/p>\n<p>Keine synthetischen Zusatzstoffe. Keine unn\u00f6tigen F\u00fcllstoffe. Nur n\u00e4hrstoffreiche botanische Extrakte, fermentierte Bl\u00fctenessenzen und reine Pflanzen\u00f6le in traditionsbewusstem Milchglas.  <\/p>\n<p>Tidelands House ist langsame, bewusste Hautpflege \u2013 verwurzelt in der Natur, im Ritual und im Respekt vor Tradition sowie moderner botanischer Wissenschaft.<\/p>\n\n\n\t\t<\/div>\n\t\t\t\t\t<\/div>\n\n\t\n\n<\/div>\n\n\t\t<\/div>\n\n\t\t\n<style>\n#section_95386701 {\n  padding-top: 30px;\n  padding-bottom: 30px;\n  background-color: rgb(40, 40, 40);\n}\n#section_95386701 .section-bg-overlay {\n  background-color: rgba(0, 0, 0, 0.477);\n}\n#section_95386701 .section-bg img {\n  object-position: 51% 73%;\n}\n<\/style>\n\t<\/section>\n\t\n","protected":false},"excerpt":{"rendered":"<p>La Mer Profonde wurde entwickelt, um die empfindliche Haut der Augenpartie zu n\u00e4hren \u2013 gl\u00e4ttet feine Linien und mildert Schwellungen, w\u00e4hrend die Haut sich geschmeidig, weich und regeneriert anf\u00fchlt.<\/p>\n","protected":false},"featured_media":374496,"comment_status":"open","ping_status":"closed","template":"","meta":[],"product_brand":[],"product_cat":[5898,5929,14735,1032,1210,1910,20907,511,22207],"product_tag":[],"class_list":{"0":"post-374580","1":"product","2":"type-product","3":"status-publish","4":"has-post-thumbnail","6":"product_cat-eye-lip-care","7":"product_cat-eye-care-de-3","8":"product_cat-hautpflege","9":"product_cat-kategorien","10":"product_cat-marken","11":"product_cat-neue-produkte","12":"product_cat-new-additions-skincare-de","13":"product_cat-produkte","14":"product_cat-tidelands-house","15":"pa_brand-tidelands-house","16":"pa_gtin-22391","17":"pa_size-10-ml-de","18":"pa_skincare-type-lips-eye-care-de","20":"first","21":"outofstock","22":"taxable","23":"shipping-taxable","24":"purchasable","25":"product-type-simple"},"bundled_by":[],"bundle_stock_status":"outofstock","bundle_stock_quantity":0,"bundle_virtual":false,"bundle_layout":"","bundle_add_to_cart_form_location":"","bundle_editable_in_cart":false,"bundle_sold_individually_context":"","bundle_item_grouping":"","bundle_min_size":"","bundle_max_size":"","bundle_price":[],"bundled_items":[],"bundle_sell_ids":[372483],"atum_controlled":true,"out_stock_date":"2026-03-28 14:07:57","out_stock_threshold":null,"inheritable":false,"stock_on_hold":0,"sold_today":0,"sales_last_days":3,"out_stock_days":1,"lost_sales":19,"update_date":"2026-04-14T07:21:59","atum_locations":[],"atum_stock_status":"outofstock","restock_status":false,"low_stock_amount":"","sales_update_date":"2026-04-14T07:21:59","calc_backorders":null,"group_of_quantity":0,"min_quantity":0,"max_quantity":"","exclude_order_quantity_value_rules":"no","exclude_category_quantity_rules":"no","combine_variations":"no","yoast_head":"<!-- This site is optimized with the Yoast SEO Premium plugin v26.5 (Yoast SEO v26.5) - https:\/\/yoast.com\/wordpress\/plugins\/seo\/ -->\n<title>La Mer Profonde Eye + Full Brows Deep Repair Serum - Tidelands House<\/title>\n<meta name=\"description\" content=\"La Mer Profonde wurde entwickelt, um die empfindliche Haut der Augenpartie zu n\u00e4hren \u2013 gl\u00e4ttet feine Linien und mildert Schwellungen, w\u00e4hrend die Haut sich geschmeidig, weich und regeneriert anf\u00fchlt.\" \/>\n<meta name=\"robots\" content=\"index, follow, max-snippet:-1, max-image-preview:large, max-video-preview:-1\" \/>\n<link rel=\"canonical\" href=\"https:\/\/dutchhealthstore.com\/de\/product\/la-mer-profonde-eye-full-brows-deep-repair-serum\/\" \/>\n<meta property=\"og:locale\" content=\"de_DE\" \/>\n<meta property=\"og:type\" content=\"article\" \/>\n<meta property=\"og:title\" content=\"La Mer Profonde Eye + Full Brows Deep Repair Serum - Dutch Health Store\" \/>\n<meta property=\"og:description\" content=\"La Mer Profonde wurde entwickelt, um die empfindliche Haut der Augenpartie zu n\u00e4hren \u2013 gl\u00e4ttet feine Linien und mildert Schwellungen, w\u00e4hrend die Haut sich geschmeidig, weich und regeneriert anf\u00fchlt.\" \/>\n<meta property=\"og:url\" content=\"https:\/\/dutchhealthstore.com\/de\/product\/la-mer-profonde-eye-full-brows-deep-repair-serum\/\" \/>\n<meta property=\"og:site_name\" content=\"Dutch Health Store\" \/>\n<meta property=\"article:publisher\" content=\"https:\/\/www.instagram.com\/dutchhealthstore\/\" \/>\n<meta property=\"og:image\" content=\"https:\/\/dutchhealthstore.com\/wp-content\/uploads\/2026\/03\/Untitled-design-2026-03-24T092920.666.jpg\" \/>\n\t<meta property=\"og:image:width\" content=\"530\" \/>\n\t<meta property=\"og:image:height\" content=\"530\" \/>\n\t<meta property=\"og:image:type\" content=\"image\/jpeg\" \/>\n<meta name=\"twitter:card\" content=\"summary_large_image\" \/>\n<meta name=\"twitter:label1\" content=\"Preis\" \/>\n\t<meta name=\"twitter:data1\" content=\"&euro;45,95\" \/>\n\t<meta name=\"twitter:label2\" content=\"Verf\u00fcgbarkeit\" \/>\n\t<meta name=\"twitter:data2\" content=\"ausverkauft\" \/>\n<script type=\"application\/ld+json\" class=\"yoast-schema-graph\">{\"@context\":\"https:\/\/schema.org\",\"@graph\":[{\"@type\":\"WebPage\",\"@id\":\"https:\/\/dutchhealthstore.com\/de\/product\/la-mer-profonde-eye-full-brows-deep-repair-serum\/\",\"url\":\"https:\/\/dutchhealthstore.com\/de\/product\/la-mer-profonde-eye-full-brows-deep-repair-serum\/\",\"name\":\"La Mer Profonde Eye + Full Brows Deep Repair Serum - Tidelands House\",\"isPartOf\":{\"@id\":\"https:\/\/dutchhealthstore.com\/de\/#website\"},\"primaryImageOfPage\":{\"@id\":\"https:\/\/dutchhealthstore.com\/de\/product\/la-mer-profonde-eye-full-brows-deep-repair-serum\/#primaryimage\"},\"image\":{\"@id\":\"https:\/\/dutchhealthstore.com\/de\/product\/la-mer-profonde-eye-full-brows-deep-repair-serum\/#primaryimage\"},\"thumbnailUrl\":\"https:\/\/dutchhealthstore.com\/wp-content\/uploads\/2026\/03\/Untitled-design-2026-03-24T092920.666.jpg\",\"datePublished\":\"2026-03-24T14:11:06+00:00\",\"description\":\"La Mer Profonde wurde entwickelt, um die empfindliche Haut der Augenpartie zu n\u00e4hren \u2013 gl\u00e4ttet feine Linien und mildert Schwellungen, w\u00e4hrend die Haut sich geschmeidig, weich und regeneriert anf\u00fchlt.\",\"breadcrumb\":{\"@id\":\"https:\/\/dutchhealthstore.com\/de\/product\/la-mer-profonde-eye-full-brows-deep-repair-serum\/#breadcrumb\"},\"inLanguage\":\"de\",\"potentialAction\":[{\"@type\":\"ReadAction\",\"target\":[\"https:\/\/dutchhealthstore.com\/de\/product\/la-mer-profonde-eye-full-brows-deep-repair-serum\/\"]}]},{\"@type\":\"ImageObject\",\"inLanguage\":\"de\",\"@id\":\"https:\/\/dutchhealthstore.com\/de\/product\/la-mer-profonde-eye-full-brows-deep-repair-serum\/#primaryimage\",\"url\":\"https:\/\/dutchhealthstore.com\/wp-content\/uploads\/2026\/03\/Untitled-design-2026-03-24T092920.666.jpg\",\"contentUrl\":\"https:\/\/dutchhealthstore.com\/wp-content\/uploads\/2026\/03\/Untitled-design-2026-03-24T092920.666.jpg\",\"width\":530,\"height\":530,\"caption\":\"tidelands-house-la-mer-profonde\"},{\"@type\":\"BreadcrumbList\",\"@id\":\"https:\/\/dutchhealthstore.com\/de\/product\/la-mer-profonde-eye-full-brows-deep-repair-serum\/#breadcrumb\",\"itemListElement\":[{\"@type\":\"ListItem\",\"position\":1,\"name\":\"Home\",\"item\":\"https:\/\/dutchhealthstore.com\/de\/\"},{\"@type\":\"ListItem\",\"position\":2,\"name\":\"Shop\",\"item\":\"https:\/\/dutchhealthstore.com\/de\/shop-2\/\"},{\"@type\":\"ListItem\",\"position\":3,\"name\":\"La Mer Profonde Eye + Full Brows Deep Repair Serum\"}]},{\"@type\":\"WebSite\",\"@id\":\"https:\/\/dutchhealthstore.com\/de\/#website\",\"url\":\"https:\/\/dutchhealthstore.com\/de\/\",\"name\":\"Dutch Health Store\",\"description\":\"Enhance Your Beauty with Organic &amp; Natural Skincare\",\"publisher\":{\"@id\":\"https:\/\/dutchhealthstore.com\/de\/#organization\"},\"potentialAction\":[{\"@type\":\"SearchAction\",\"target\":{\"@type\":\"EntryPoint\",\"urlTemplate\":\"https:\/\/dutchhealthstore.com\/de\/?s={search_term_string}\"},\"query-input\":{\"@type\":\"PropertyValueSpecification\",\"valueRequired\":true,\"valueName\":\"search_term_string\"}}],\"inLanguage\":\"de\"},{\"@type\":\"Organization\",\"@id\":\"https:\/\/dutchhealthstore.com\/de\/#organization\",\"name\":\"Dutch Health Store\",\"url\":\"https:\/\/dutchhealthstore.com\/de\/\",\"logo\":{\"@type\":\"ImageObject\",\"inLanguage\":\"de\",\"@id\":\"https:\/\/dutchhealthstore.com\/de\/#\/schema\/logo\/image\/\",\"url\":\"https:\/\/dutchhealthstore.com\/wp-content\/uploads\/2020\/08\/logo-dutchhealthstore-jpg-e1599484957574.jpg\",\"contentUrl\":\"https:\/\/dutchhealthstore.com\/wp-content\/uploads\/2020\/08\/logo-dutchhealthstore-jpg-e1599484957574.jpg\",\"width\":400,\"height\":62,\"caption\":\"Dutch Health Store\"},\"image\":{\"@id\":\"https:\/\/dutchhealthstore.com\/de\/#\/schema\/logo\/image\/\"},\"sameAs\":[\"https:\/\/www.instagram.com\/dutchhealthstore\/\",\"https:\/\/www.facebook.com\/dutchhealthstore\"]}]}<\/script>\n<meta property=\"product:brand\" content=\"Tidelands House\" \/>\n<meta property=\"product:price:amount\" content=\"45.95\" \/>\n<meta property=\"product:price:currency\" content=\"EUR\" \/>\n<meta property=\"og:availability\" content=\"out of stock\" \/>\n<meta property=\"product:availability\" content=\"out of stock\" \/>\n<meta property=\"product:condition\" content=\"new\" \/>\n<!-- \/ Yoast SEO Premium plugin. -->","yoast_head_json":{"title":"La Mer Profonde Eye + Full Brows Deep Repair Serum - Tidelands House","description":"La Mer Profonde wurde entwickelt, um die empfindliche Haut der Augenpartie zu n\u00e4hren \u2013 gl\u00e4ttet feine Linien und mildert Schwellungen, w\u00e4hrend die Haut sich geschmeidig, weich und regeneriert anf\u00fchlt.","robots":{"index":"index","follow":"follow","max-snippet":"max-snippet:-1","max-image-preview":"max-image-preview:large","max-video-preview":"max-video-preview:-1"},"canonical":"https:\/\/dutchhealthstore.com\/de\/product\/la-mer-profonde-eye-full-brows-deep-repair-serum\/","og_locale":"de_DE","og_type":"article","og_title":"La Mer Profonde Eye + Full Brows Deep Repair Serum - Dutch Health Store","og_description":"La Mer Profonde wurde entwickelt, um die empfindliche Haut der Augenpartie zu n\u00e4hren \u2013 gl\u00e4ttet feine Linien und mildert Schwellungen, w\u00e4hrend die Haut sich geschmeidig, weich und regeneriert anf\u00fchlt.","og_url":"https:\/\/dutchhealthstore.com\/de\/product\/la-mer-profonde-eye-full-brows-deep-repair-serum\/","og_site_name":"Dutch Health Store","article_publisher":"https:\/\/www.instagram.com\/dutchhealthstore\/","og_image":[{"width":530,"height":530,"url":"https:\/\/dutchhealthstore.com\/wp-content\/uploads\/2026\/03\/Untitled-design-2026-03-24T092920.666.jpg","type":"image\/jpeg"}],"twitter_card":"summary_large_image","twitter_misc":{"Preis":"&euro;45,95","Verf\u00fcgbarkeit":"ausverkauft"},"schema":{"@context":"https:\/\/schema.org","@graph":[{"@type":"WebPage","@id":"https:\/\/dutchhealthstore.com\/de\/product\/la-mer-profonde-eye-full-brows-deep-repair-serum\/","url":"https:\/\/dutchhealthstore.com\/de\/product\/la-mer-profonde-eye-full-brows-deep-repair-serum\/","name":"La Mer Profonde Eye + Full Brows Deep Repair Serum - Tidelands House","isPartOf":{"@id":"https:\/\/dutchhealthstore.com\/de\/#website"},"primaryImageOfPage":{"@id":"https:\/\/dutchhealthstore.com\/de\/product\/la-mer-profonde-eye-full-brows-deep-repair-serum\/#primaryimage"},"image":{"@id":"https:\/\/dutchhealthstore.com\/de\/product\/la-mer-profonde-eye-full-brows-deep-repair-serum\/#primaryimage"},"thumbnailUrl":"https:\/\/dutchhealthstore.com\/wp-content\/uploads\/2026\/03\/Untitled-design-2026-03-24T092920.666.jpg","datePublished":"2026-03-24T14:11:06+00:00","description":"La Mer Profonde wurde entwickelt, um die empfindliche Haut der Augenpartie zu n\u00e4hren \u2013 gl\u00e4ttet feine Linien und mildert Schwellungen, w\u00e4hrend die Haut sich geschmeidig, weich und regeneriert anf\u00fchlt.","breadcrumb":{"@id":"https:\/\/dutchhealthstore.com\/de\/product\/la-mer-profonde-eye-full-brows-deep-repair-serum\/#breadcrumb"},"inLanguage":"de","potentialAction":[{"@type":"ReadAction","target":["https:\/\/dutchhealthstore.com\/de\/product\/la-mer-profonde-eye-full-brows-deep-repair-serum\/"]}]},{"@type":"ImageObject","inLanguage":"de","@id":"https:\/\/dutchhealthstore.com\/de\/product\/la-mer-profonde-eye-full-brows-deep-repair-serum\/#primaryimage","url":"https:\/\/dutchhealthstore.com\/wp-content\/uploads\/2026\/03\/Untitled-design-2026-03-24T092920.666.jpg","contentUrl":"https:\/\/dutchhealthstore.com\/wp-content\/uploads\/2026\/03\/Untitled-design-2026-03-24T092920.666.jpg","width":530,"height":530,"caption":"tidelands-house-la-mer-profonde"},{"@type":"BreadcrumbList","@id":"https:\/\/dutchhealthstore.com\/de\/product\/la-mer-profonde-eye-full-brows-deep-repair-serum\/#breadcrumb","itemListElement":[{"@type":"ListItem","position":1,"name":"Home","item":"https:\/\/dutchhealthstore.com\/de\/"},{"@type":"ListItem","position":2,"name":"Shop","item":"https:\/\/dutchhealthstore.com\/de\/shop-2\/"},{"@type":"ListItem","position":3,"name":"La Mer Profonde Eye + Full Brows Deep Repair Serum"}]},{"@type":"WebSite","@id":"https:\/\/dutchhealthstore.com\/de\/#website","url":"https:\/\/dutchhealthstore.com\/de\/","name":"Dutch Health Store","description":"Enhance Your Beauty with Organic &amp; Natural Skincare","publisher":{"@id":"https:\/\/dutchhealthstore.com\/de\/#organization"},"potentialAction":[{"@type":"SearchAction","target":{"@type":"EntryPoint","urlTemplate":"https:\/\/dutchhealthstore.com\/de\/?s={search_term_string}"},"query-input":{"@type":"PropertyValueSpecification","valueRequired":true,"valueName":"search_term_string"}}],"inLanguage":"de"},{"@type":"Organization","@id":"https:\/\/dutchhealthstore.com\/de\/#organization","name":"Dutch Health Store","url":"https:\/\/dutchhealthstore.com\/de\/","logo":{"@type":"ImageObject","inLanguage":"de","@id":"https:\/\/dutchhealthstore.com\/de\/#\/schema\/logo\/image\/","url":"https:\/\/dutchhealthstore.com\/wp-content\/uploads\/2020\/08\/logo-dutchhealthstore-jpg-e1599484957574.jpg","contentUrl":"https:\/\/dutchhealthstore.com\/wp-content\/uploads\/2020\/08\/logo-dutchhealthstore-jpg-e1599484957574.jpg","width":400,"height":62,"caption":"Dutch Health Store"},"image":{"@id":"https:\/\/dutchhealthstore.com\/de\/#\/schema\/logo\/image\/"},"sameAs":["https:\/\/www.instagram.com\/dutchhealthstore\/","https:\/\/www.facebook.com\/dutchhealthstore"]}]},"product_brand":"Tidelands House","product_price_amount":"45.95","product_price_currency":"EUR","og_availability":"out of stock","product_availability":"out of stock","product_condition":"new"},"_links":{"self":[{"href":"https:\/\/dutchhealthstore.com\/de\/wp-json\/wp\/v2\/product\/374580","targetHints":{"allow":["GET"]}}],"collection":[{"href":"https:\/\/dutchhealthstore.com\/de\/wp-json\/wp\/v2\/product"}],"about":[{"href":"https:\/\/dutchhealthstore.com\/de\/wp-json\/wp\/v2\/types\/product"}],"replies":[{"embeddable":true,"href":"https:\/\/dutchhealthstore.com\/de\/wp-json\/wp\/v2\/comments?post=374580"}],"wp:featuredmedia":[{"embeddable":true,"href":"https:\/\/dutchhealthstore.com\/de\/wp-json\/wp\/v2\/media\/374496"}],"wp:attachment":[{"href":"https:\/\/dutchhealthstore.com\/de\/wp-json\/wp\/v2\/media?parent=374580"}],"wp:term":[{"taxonomy":"product_brand","embeddable":true,"href":"https:\/\/dutchhealthstore.com\/de\/wp-json\/wp\/v2\/product_brand?post=374580"},{"taxonomy":"product_cat","embeddable":true,"href":"https:\/\/dutchhealthstore.com\/de\/wp-json\/wp\/v2\/product_cat?post=374580"},{"taxonomy":"product_tag","embeddable":true,"href":"https:\/\/dutchhealthstore.com\/de\/wp-json\/wp\/v2\/product_tag?post=374580"}],"curies":[{"name":"wp","href":"https:\/\/api.w.org\/{rel}","templated":true}]}}