{"id":374575,"date":"2026-03-24T15:13:48","date_gmt":"2026-03-24T14:13:48","guid":{"rendered":"https:\/\/dutchhealthstore.com\/product\/la-lueur-coq10-illuminating-facial-serum\/"},"modified":"2026-03-24T15:13:48","modified_gmt":"2026-03-24T14:13:48","slug":"la-lueur-coq10-illuminating-facial-serum","status":"publish","type":"product","link":"https:\/\/dutchhealthstore.com\/de\/product\/la-lueur-coq10-illuminating-facial-serum\/","title":{"rendered":"La Lueur CoQ10 Illuminating Facial Serum"},"content":{"rendered":"<p>La Lueur ist mit nat\u00fcrlichen, irisierenden Silikatmineralien angereichert, die der Haut eine subtile, leuchtende Ausstrahlung verleihen. Reich an nat\u00fcrlich vorkommenden Antioxidantien repariert dieses heilende Serum Sch\u00e4den durch freie Radikale, stimuliert die Zellerneuerung und macht die Haut tiefenwirksam weich und hydratisiert sie \u2013 f\u00fcr einen Teint, der von innen heraus erneuert wirkt.<br \/>\nEin beruhigendes, regenerierendes Serum f\u00fcr normale, trockene und reife Haut. <\/p>\n<p><strong>Philosophie der Blumen<\/strong><br \/>\nSarsaparillawurzel \u00b7 Rosenfrucht \u00b7 Rainfarnbl\u00fcte \u00b7 Melissentinktur \u00b7 Reine Kaktusfeigen-Essenz<\/p>\n<h3>Wie benutzt man<\/h3>\n<p>Nach der Reinigung das Gesicht mit einem Toner, Bl\u00fctenwasser oder Dew Drops bespr\u00fchen. 3\u20135 Tropfen Serum in Gesicht, Hals und Dekollet\u00e9 dr\u00fccken und mit Achtsamkeit in langsamen, kreisenden Bewegungen einmassieren, bis es vollst\u00e4ndig eingezogen ist.  Morgens und abends anwenden. F\u00fcr intensivere Regeneration anschlie\u00dfend einen Gesichtsbalsam oder ein Serumkonzentrat Ihrer Wahl verwenden.<\/p>\n<h3>Aktive Elemente<\/h3>\n<p><strong>Kaktusfeigen\u00f6l<\/strong> \u2014 Ein kraftvolles Antioxidans, das die Zellalterung verlangsamt, die Erneuerung f\u00f6rdert und die Haut vor Sch\u00e4den durch freie Radikale sch\u00fctzt. Mildert das Erscheinungsbild von Narben und beruhigt R\u00f6tungen.<br \/>\nSarsaparillawurzel \u2014 Reich an Flavonoiden und essenziellen N\u00e4hrstoffen wie Kupfer, Eisen, Mangan, Zink sowie den Vitaminen A und D. Ein ideales Healthy-Aging-Ingredient, besonders f\u00fcr die zarte Haut rund um die Augen.<br \/>\n<strong>Kamelien-Samen\u00f6l<\/strong> \u2014 Reich an \u00d6ls\u00e4ure, den Vitaminen A, B, D und E sowie n\u00e4hrenden Omega-3-, -6- und -9-Fetts\u00e4uren. Zieht m\u00fchelos ein und spendet schwerelose, regenerierende Feuchtigkeit.<br \/>\n\u00c4gyptisches Schwarzk\u00fcmmelsamen\u00f6l \u2014 Ein tief n\u00e4hrendes \u00d6l, gesch\u00e4tzt f\u00fcr seine versch\u00f6nernden Eigenschaften \u2013 reduziert Entz\u00fcndungen und R\u00f6tungen und kl\u00e4rt und gl\u00e4ttet den Teint.<br \/>\n<strong>Melisse<\/strong> \u2014 Sch\u00fctzt vor Umweltstressoren durch nat\u00fcrlich vorkommende Antioxidantien wie Kaffee- und Ferulas\u00e4ure. Eine reichhaltige Quelle f\u00fcr Eugenol und Tannine, die der Haut eine beruhigende, ausgleichende Wirkung verleihen.<br \/>\n<strong>Nat\u00fcrliches CoQ10-Enzym<\/strong> \u2014 Der CoQ10-Spiegel nimmt mit dem Alter auf nat\u00fcrliche Weise ab, wodurch die F\u00e4higkeit der Haut, Kollagen und Elastin zu bilden, allm\u00e4hlich sinkt. Dieses nat\u00fcrlich vorkommende Enzym bringt kraftvolle Antioxidantien tief in die Haut \u2013 ein essenzieller Baustein f\u00fcr Geschmeidigkeit und Ausstrahlung, der hilft, feine Linien und Knitterf\u00e4ltchen optisch zu minimieren.<br \/>\n<strong>Leuchtende Mineralien<\/strong> \u2014 Zarte, irisierende Goldpartikel bringen die Haut sanft zum Strahlen und mildern das Erscheinungsbild von Schatten und feinen Linien.<\/p>\n<p>Unsere Inhaltsstoffe sind biologisch, wild gesammelt und nachhaltig, ethisch sowie regional bezogen.<\/p>\n<p><strong>Pflege Ihres Elixiers<\/strong><br \/>\n<em>Dieses handgefertigte Wild-Skin-Elixier beh\u00e4lt seine h\u00f6chste Wirksamkeit, wenn es innerhalb von 6 Monaten nach dem \u00d6ffnen verwendet wird. Bei Raumtemperatur lagern, vor direkter Sonneneinstrahlung sch\u00fctzen. <\/em><\/p>\n<p><strong>Gr\u00f6\u00dfe: 30 ml<\/strong><\/p>\n<h2><strong>Nat\u00fcrliche \/ biologische Inhaltsstoffe <\/strong><\/h2>\n<p>Hauseigene Ganzpflanzen-Extraktionen und Essenzen aus Kaktusfeige (<em>Opuntia ficus-indica<\/em>), Nova-Scotia-Rosenfrucht (<em>Rosa rugosa<\/em>), Sarsaparillawurzel (<em>Smilax spp.<\/em>) , Hopfenbl\u00fcte (<em>Humulus lupulus<\/em>), Lavandinbl\u00fcte (<em>Lavandula x intermedia<\/em>), Rainfarnbl\u00fcte (<em>Tanacetum vulgare<\/em>), Melisse (<em>Melissa officinalis<\/em>), Orangenbl\u00fcte (<em>Citrus sinensis<\/em>), Schwarzk\u00fcmmelsamen\u00f6l (<em>Nigella sativa<\/em>), Aprikosenkern\u00f6l (<em>Prunus armeniaca<\/em>), Kamelien-Samen\u00f6l (<em>Camellia oleifera<\/em>), Borretschblatt\u00f6l (<em>Borago officinalis<\/em>), Tamanu\u00f6l (<em>Calophyllum inophyllum<\/em>), nat\u00fcrliche Silikatmineralien (<em>verschiedene Mineralien<\/em>), nat\u00fcrlich gewonnenes CoQ10-Extrakt (<em>Ubiquinon<\/em>).<\/p>\n\n\t<section class=\"section dark\" id=\"section_442613642\">\n\t\t<div class=\"section-bg fill\" >\n\t\t\t<img fetchpriority=\"high\" decoding=\"async\" width=\"1200\" height=\"604\" src=\"https:\/\/dutchhealthstore.com\/wp-content\/uploads\/2026\/02\/bgux.jpg\" class=\"bg attachment- size-\" alt=\"\" \/>\t\t\t\t\t\t<div class=\"section-bg-overlay absolute fill\"><\/div>\n\t\t\t\n\n\t\t<\/div>\n\n\t\t\n\n\t\t<div class=\"section-content relative\">\n\t\t\t\n\n\t<div id=\"gap-2053558060\" class=\"gap-element clearfix\" style=\"display:block; height:auto;\">\n\t\t\n<style>\n#gap-2053558060 {\n  padding-top: 15px;\n}\n<\/style>\n\t<\/div>\n\t\n\n<div class=\"container section-title-container\" ><h3 class=\"section-title section-title-normal\"><b><\/b><span class=\"section-title-main\" >\u00dcber Tidelands House<\/span><b><\/b><\/h3><\/div>\n\n<div class=\"row\"  id=\"row-298514814\">\n\n\n\t<div id=\"col-828895323\" class=\"col small-12 large-12\"  >\n\t\t\t\t<div class=\"col-inner\"  >\n\t\t\t\n\t\t\t\n\n<p>Tidelands House ist ein kanadisches Atelier f\u00fcr botanische Hautpflege, das von der Kr\u00e4uterkundlerin Dominique Del Col gegr\u00fcndet wurde. Jede Rezeptur wird in Handarbeit in einem sonnendurchfluteten Destillierraum in einem restaurierten Steinhaus aus dem 19. Jahrhundert hergestellt, wo Kr\u00e4uter von Holzbalken h\u00e4ngen und Botanicals im Rhythmus der Jahreszeiten zubereitet werden.<\/p>\n<p>Wild gesammelte Pflanzen, biodynamischer Anbau und Meeresbotanicals von Kanadas Ostk\u00fcste bilden das Herzst\u00fcck jeder Zubereitung. Die Inhaltsstoffe werden zum Zeitpunkt ihrer h\u00f6chsten Vitalit\u00e4t geerntet und in Kleinstmengen verarbeitet, um Wirksamkeit, Frische und energetische Integrit\u00e4t zu bewahren. <\/p>\n<p>Keine synthetischen Zusatzstoffe. Keine unn\u00f6tigen F\u00fcllstoffe. Nur n\u00e4hrstoffreiche botanische Extrakte, fermentierte Bl\u00fctenessenzen und reine Pflanzen\u00f6le in traditionsbewusstem Milchglas.  <\/p>\n<p>Tidelands House ist langsame, bewusste Hautpflege \u2013 verwurzelt in der Natur, im Ritual und im Respekt vor Tradition sowie moderner botanischer Wissenschaft.<\/p>\n\n\n\t\t<\/div>\n\t\t\t\t\t<\/div>\n\n\t\n\n<\/div>\n\n\t\t<\/div>\n\n\t\t\n<style>\n#section_442613642 {\n  padding-top: 30px;\n  padding-bottom: 30px;\n  background-color: rgb(40, 40, 40);\n}\n#section_442613642 .section-bg-overlay {\n  background-color: rgba(0, 0, 0, 0.477);\n}\n#section_442613642 .section-bg img {\n  object-position: 51% 73%;\n}\n<\/style>\n\t<\/section>\n\t\n","protected":false},"excerpt":{"rendered":"<p>Ein in limitierter Auflage hergestelltes, handwerkliches Serum aus reinen, rohen, wild gesammelten Botanicals und Kr\u00e4uterextrakten.<\/p>\n","protected":false},"featured_media":374445,"comment_status":"open","ping_status":"closed","template":"","meta":[],"product_brand":[],"product_cat":[1227,5704,5669,5703,14735,1032,1210,1910,20907,5702,5636,5101,511,20921,20988,5705,4758,5706,5707,5708,22207,20989,20946,5701,5634],"product_tag":[],"class_list":{"0":"post-374575","1":"product","2":"type-product","3":"status-publish","4":"has-post-thumbnail","6":"product_cat-sensitive-skin-redness-de","7":"product_cat-sensitive-skin-redness-de-4","8":"product_cat-oily-skin-clogged-pores-de","9":"product_cat-oily-skin-clogged-pores-de-6","10":"product_cat-hautpflege","11":"product_cat-kategorien","12":"product_cat-marken","13":"product_cat-neue-produkte","14":"product_cat-new-additions-skincare-de","15":"product_cat-normal-or-combination-skin-de-5","16":"product_cat-normal-or-combination-skin-de-2","17":"product_cat-by-skin-type-de-4","18":"product_cat-produkte","19":"product_cat-reife-alternde-haut","20":"product_cat-seren","21":"product_cat-serums-de","22":"product_cat-serums-de-2","23":"product_cat-serums-de-3","24":"product_cat-serums-de-4","25":"product_cat-serums-de-5","26":"product_cat-tidelands-house","27":"product_cat-trocken-de-3","28":"product_cat-trocken-de","29":"product_cat-dry-mature-ageing-skin-de-5","30":"product_cat-dry-mature-ageing-skin-de-2","31":"pa_brand-tidelands-house","32":"pa_gtin-22387","33":"pa_size-30-ml-de","34":"pa_skincare-type-face-oil-and-serums-de","36":"first","37":"instock","38":"taxable","39":"shipping-taxable","40":"purchasable","41":"product-type-simple"},"bundled_by":[],"bundle_stock_status":"instock","bundle_stock_quantity":1,"bundle_virtual":false,"bundle_layout":"","bundle_add_to_cart_form_location":"","bundle_editable_in_cart":false,"bundle_sold_individually_context":"","bundle_item_grouping":"","bundle_min_size":"","bundle_max_size":"","bundle_price":[],"bundled_items":[],"bundle_sell_ids":[372712],"atum_controlled":true,"out_stock_date":null,"out_stock_threshold":null,"inheritable":false,"stock_on_hold":0,"sold_today":0,"sales_last_days":2,"out_stock_days":0,"lost_sales":0,"update_date":"2026-04-14T07:21:59","atum_locations":[],"atum_stock_status":"instock","restock_status":false,"low_stock_amount":"","sales_update_date":"2026-04-14T07:21:59","calc_backorders":null,"group_of_quantity":0,"min_quantity":0,"max_quantity":"","exclude_order_quantity_value_rules":"no","exclude_category_quantity_rules":"no","combine_variations":"no","yoast_head":"<!-- This site is optimized with the Yoast SEO Premium plugin v26.5 (Yoast SEO v26.5) - https:\/\/yoast.com\/wordpress\/plugins\/seo\/ -->\n<title>La Lueur CoQ10 Illuminating Facial Serum - Tidelands House<\/title>\n<meta name=\"description\" content=\"Ein in limitierter Auflage hergestelltes, handwerkliches Serum aus reinen, rohen, wild gesammelten Botanicals und Kr\u00e4uterextrakten.\" \/>\n<meta name=\"robots\" content=\"index, follow, max-snippet:-1, max-image-preview:large, max-video-preview:-1\" \/>\n<link rel=\"canonical\" href=\"https:\/\/dutchhealthstore.com\/de\/product\/la-lueur-coq10-illuminating-facial-serum\/\" \/>\n<meta property=\"og:locale\" content=\"de_DE\" \/>\n<meta property=\"og:type\" content=\"article\" \/>\n<meta property=\"og:title\" content=\"La Lueur CoQ10 Illuminating Facial Serum - Dutch Health Store\" \/>\n<meta property=\"og:description\" content=\"Ein in limitierter Auflage hergestelltes, handwerkliches Serum aus reinen, rohen, wild gesammelten Botanicals und Kr\u00e4uterextrakten.\" \/>\n<meta property=\"og:url\" content=\"https:\/\/dutchhealthstore.com\/de\/product\/la-lueur-coq10-illuminating-facial-serum\/\" \/>\n<meta property=\"og:site_name\" content=\"Dutch Health Store\" \/>\n<meta property=\"article:publisher\" content=\"https:\/\/www.instagram.com\/dutchhealthstore\/\" \/>\n<meta property=\"og:image\" content=\"https:\/\/dutchhealthstore.com\/wp-content\/uploads\/2026\/03\/Untitled-design-2026-03-23T162502.820.jpg\" \/>\n\t<meta property=\"og:image:width\" content=\"530\" \/>\n\t<meta property=\"og:image:height\" content=\"530\" \/>\n\t<meta property=\"og:image:type\" content=\"image\/jpeg\" \/>\n<meta name=\"twitter:card\" content=\"summary_large_image\" \/>\n<meta name=\"twitter:label1\" content=\"Preis\" \/>\n\t<meta name=\"twitter:data1\" content=\"&euro;71,95\" \/>\n\t<meta name=\"twitter:label2\" content=\"Verf\u00fcgbarkeit\" \/>\n\t<meta name=\"twitter:data2\" content=\"Auf Lager\" \/>\n<script type=\"application\/ld+json\" class=\"yoast-schema-graph\">{\"@context\":\"https:\/\/schema.org\",\"@graph\":[{\"@type\":\"WebPage\",\"@id\":\"https:\/\/dutchhealthstore.com\/de\/product\/la-lueur-coq10-illuminating-facial-serum\/\",\"url\":\"https:\/\/dutchhealthstore.com\/de\/product\/la-lueur-coq10-illuminating-facial-serum\/\",\"name\":\"La Lueur CoQ10 Illuminating Facial Serum - Tidelands House\",\"isPartOf\":{\"@id\":\"https:\/\/dutchhealthstore.com\/de\/#website\"},\"primaryImageOfPage\":{\"@id\":\"https:\/\/dutchhealthstore.com\/de\/product\/la-lueur-coq10-illuminating-facial-serum\/#primaryimage\"},\"image\":{\"@id\":\"https:\/\/dutchhealthstore.com\/de\/product\/la-lueur-coq10-illuminating-facial-serum\/#primaryimage\"},\"thumbnailUrl\":\"https:\/\/dutchhealthstore.com\/wp-content\/uploads\/2026\/03\/Untitled-design-2026-03-23T162502.820.jpg\",\"datePublished\":\"2026-03-24T14:13:48+00:00\",\"description\":\"Ein in limitierter Auflage hergestelltes, handwerkliches Serum aus reinen, rohen, wild gesammelten Botanicals und Kr\u00e4uterextrakten.\",\"breadcrumb\":{\"@id\":\"https:\/\/dutchhealthstore.com\/de\/product\/la-lueur-coq10-illuminating-facial-serum\/#breadcrumb\"},\"inLanguage\":\"de\",\"potentialAction\":[{\"@type\":\"ReadAction\",\"target\":[\"https:\/\/dutchhealthstore.com\/de\/product\/la-lueur-coq10-illuminating-facial-serum\/\"]}]},{\"@type\":\"ImageObject\",\"inLanguage\":\"de\",\"@id\":\"https:\/\/dutchhealthstore.com\/de\/product\/la-lueur-coq10-illuminating-facial-serum\/#primaryimage\",\"url\":\"https:\/\/dutchhealthstore.com\/wp-content\/uploads\/2026\/03\/Untitled-design-2026-03-23T162502.820.jpg\",\"contentUrl\":\"https:\/\/dutchhealthstore.com\/wp-content\/uploads\/2026\/03\/Untitled-design-2026-03-23T162502.820.jpg\",\"width\":530,\"height\":530,\"caption\":\"tidelands-house-la-lueur\"},{\"@type\":\"BreadcrumbList\",\"@id\":\"https:\/\/dutchhealthstore.com\/de\/product\/la-lueur-coq10-illuminating-facial-serum\/#breadcrumb\",\"itemListElement\":[{\"@type\":\"ListItem\",\"position\":1,\"name\":\"Home\",\"item\":\"https:\/\/dutchhealthstore.com\/de\/\"},{\"@type\":\"ListItem\",\"position\":2,\"name\":\"Shop\",\"item\":\"https:\/\/dutchhealthstore.com\/de\/shop-2\/\"},{\"@type\":\"ListItem\",\"position\":3,\"name\":\"La Lueur CoQ10 Illuminating Facial Serum\"}]},{\"@type\":\"WebSite\",\"@id\":\"https:\/\/dutchhealthstore.com\/de\/#website\",\"url\":\"https:\/\/dutchhealthstore.com\/de\/\",\"name\":\"Dutch Health Store\",\"description\":\"Enhance Your Beauty with Organic &amp; Natural Skincare\",\"publisher\":{\"@id\":\"https:\/\/dutchhealthstore.com\/de\/#organization\"},\"potentialAction\":[{\"@type\":\"SearchAction\",\"target\":{\"@type\":\"EntryPoint\",\"urlTemplate\":\"https:\/\/dutchhealthstore.com\/de\/?s={search_term_string}\"},\"query-input\":{\"@type\":\"PropertyValueSpecification\",\"valueRequired\":true,\"valueName\":\"search_term_string\"}}],\"inLanguage\":\"de\"},{\"@type\":\"Organization\",\"@id\":\"https:\/\/dutchhealthstore.com\/de\/#organization\",\"name\":\"Dutch Health Store\",\"url\":\"https:\/\/dutchhealthstore.com\/de\/\",\"logo\":{\"@type\":\"ImageObject\",\"inLanguage\":\"de\",\"@id\":\"https:\/\/dutchhealthstore.com\/de\/#\/schema\/logo\/image\/\",\"url\":\"https:\/\/dutchhealthstore.com\/wp-content\/uploads\/2020\/08\/logo-dutchhealthstore-jpg-e1599484957574.jpg\",\"contentUrl\":\"https:\/\/dutchhealthstore.com\/wp-content\/uploads\/2020\/08\/logo-dutchhealthstore-jpg-e1599484957574.jpg\",\"width\":400,\"height\":62,\"caption\":\"Dutch Health Store\"},\"image\":{\"@id\":\"https:\/\/dutchhealthstore.com\/de\/#\/schema\/logo\/image\/\"},\"sameAs\":[\"https:\/\/www.instagram.com\/dutchhealthstore\/\",\"https:\/\/www.facebook.com\/dutchhealthstore\"]}]}<\/script>\n<meta property=\"product:brand\" content=\"Tidelands House\" \/>\n<meta property=\"product:price:amount\" content=\"71.95\" \/>\n<meta property=\"product:price:currency\" content=\"EUR\" \/>\n<meta property=\"og:availability\" content=\"instock\" \/>\n<meta property=\"product:availability\" content=\"instock\" \/>\n<meta property=\"product:condition\" content=\"new\" \/>\n<!-- \/ Yoast SEO Premium plugin. -->","yoast_head_json":{"title":"La Lueur CoQ10 Illuminating Facial Serum - Tidelands House","description":"Ein in limitierter Auflage hergestelltes, handwerkliches Serum aus reinen, rohen, wild gesammelten Botanicals und Kr\u00e4uterextrakten.","robots":{"index":"index","follow":"follow","max-snippet":"max-snippet:-1","max-image-preview":"max-image-preview:large","max-video-preview":"max-video-preview:-1"},"canonical":"https:\/\/dutchhealthstore.com\/de\/product\/la-lueur-coq10-illuminating-facial-serum\/","og_locale":"de_DE","og_type":"article","og_title":"La Lueur CoQ10 Illuminating Facial Serum - Dutch Health Store","og_description":"Ein in limitierter Auflage hergestelltes, handwerkliches Serum aus reinen, rohen, wild gesammelten Botanicals und Kr\u00e4uterextrakten.","og_url":"https:\/\/dutchhealthstore.com\/de\/product\/la-lueur-coq10-illuminating-facial-serum\/","og_site_name":"Dutch Health Store","article_publisher":"https:\/\/www.instagram.com\/dutchhealthstore\/","og_image":[{"width":530,"height":530,"url":"https:\/\/dutchhealthstore.com\/wp-content\/uploads\/2026\/03\/Untitled-design-2026-03-23T162502.820.jpg","type":"image\/jpeg"}],"twitter_card":"summary_large_image","twitter_misc":{"Preis":"&euro;71,95","Verf\u00fcgbarkeit":"Auf Lager"},"schema":{"@context":"https:\/\/schema.org","@graph":[{"@type":"WebPage","@id":"https:\/\/dutchhealthstore.com\/de\/product\/la-lueur-coq10-illuminating-facial-serum\/","url":"https:\/\/dutchhealthstore.com\/de\/product\/la-lueur-coq10-illuminating-facial-serum\/","name":"La Lueur CoQ10 Illuminating Facial Serum - Tidelands House","isPartOf":{"@id":"https:\/\/dutchhealthstore.com\/de\/#website"},"primaryImageOfPage":{"@id":"https:\/\/dutchhealthstore.com\/de\/product\/la-lueur-coq10-illuminating-facial-serum\/#primaryimage"},"image":{"@id":"https:\/\/dutchhealthstore.com\/de\/product\/la-lueur-coq10-illuminating-facial-serum\/#primaryimage"},"thumbnailUrl":"https:\/\/dutchhealthstore.com\/wp-content\/uploads\/2026\/03\/Untitled-design-2026-03-23T162502.820.jpg","datePublished":"2026-03-24T14:13:48+00:00","description":"Ein in limitierter Auflage hergestelltes, handwerkliches Serum aus reinen, rohen, wild gesammelten Botanicals und Kr\u00e4uterextrakten.","breadcrumb":{"@id":"https:\/\/dutchhealthstore.com\/de\/product\/la-lueur-coq10-illuminating-facial-serum\/#breadcrumb"},"inLanguage":"de","potentialAction":[{"@type":"ReadAction","target":["https:\/\/dutchhealthstore.com\/de\/product\/la-lueur-coq10-illuminating-facial-serum\/"]}]},{"@type":"ImageObject","inLanguage":"de","@id":"https:\/\/dutchhealthstore.com\/de\/product\/la-lueur-coq10-illuminating-facial-serum\/#primaryimage","url":"https:\/\/dutchhealthstore.com\/wp-content\/uploads\/2026\/03\/Untitled-design-2026-03-23T162502.820.jpg","contentUrl":"https:\/\/dutchhealthstore.com\/wp-content\/uploads\/2026\/03\/Untitled-design-2026-03-23T162502.820.jpg","width":530,"height":530,"caption":"tidelands-house-la-lueur"},{"@type":"BreadcrumbList","@id":"https:\/\/dutchhealthstore.com\/de\/product\/la-lueur-coq10-illuminating-facial-serum\/#breadcrumb","itemListElement":[{"@type":"ListItem","position":1,"name":"Home","item":"https:\/\/dutchhealthstore.com\/de\/"},{"@type":"ListItem","position":2,"name":"Shop","item":"https:\/\/dutchhealthstore.com\/de\/shop-2\/"},{"@type":"ListItem","position":3,"name":"La Lueur CoQ10 Illuminating Facial Serum"}]},{"@type":"WebSite","@id":"https:\/\/dutchhealthstore.com\/de\/#website","url":"https:\/\/dutchhealthstore.com\/de\/","name":"Dutch Health Store","description":"Enhance Your Beauty with Organic &amp; Natural Skincare","publisher":{"@id":"https:\/\/dutchhealthstore.com\/de\/#organization"},"potentialAction":[{"@type":"SearchAction","target":{"@type":"EntryPoint","urlTemplate":"https:\/\/dutchhealthstore.com\/de\/?s={search_term_string}"},"query-input":{"@type":"PropertyValueSpecification","valueRequired":true,"valueName":"search_term_string"}}],"inLanguage":"de"},{"@type":"Organization","@id":"https:\/\/dutchhealthstore.com\/de\/#organization","name":"Dutch Health Store","url":"https:\/\/dutchhealthstore.com\/de\/","logo":{"@type":"ImageObject","inLanguage":"de","@id":"https:\/\/dutchhealthstore.com\/de\/#\/schema\/logo\/image\/","url":"https:\/\/dutchhealthstore.com\/wp-content\/uploads\/2020\/08\/logo-dutchhealthstore-jpg-e1599484957574.jpg","contentUrl":"https:\/\/dutchhealthstore.com\/wp-content\/uploads\/2020\/08\/logo-dutchhealthstore-jpg-e1599484957574.jpg","width":400,"height":62,"caption":"Dutch Health Store"},"image":{"@id":"https:\/\/dutchhealthstore.com\/de\/#\/schema\/logo\/image\/"},"sameAs":["https:\/\/www.instagram.com\/dutchhealthstore\/","https:\/\/www.facebook.com\/dutchhealthstore"]}]},"product_brand":"Tidelands House","product_price_amount":"71.95","product_price_currency":"EUR","og_availability":"instock","product_availability":"instock","product_condition":"new"},"_links":{"self":[{"href":"https:\/\/dutchhealthstore.com\/de\/wp-json\/wp\/v2\/product\/374575","targetHints":{"allow":["GET"]}}],"collection":[{"href":"https:\/\/dutchhealthstore.com\/de\/wp-json\/wp\/v2\/product"}],"about":[{"href":"https:\/\/dutchhealthstore.com\/de\/wp-json\/wp\/v2\/types\/product"}],"replies":[{"embeddable":true,"href":"https:\/\/dutchhealthstore.com\/de\/wp-json\/wp\/v2\/comments?post=374575"}],"wp:featuredmedia":[{"embeddable":true,"href":"https:\/\/dutchhealthstore.com\/de\/wp-json\/wp\/v2\/media\/374445"}],"wp:attachment":[{"href":"https:\/\/dutchhealthstore.com\/de\/wp-json\/wp\/v2\/media?parent=374575"}],"wp:term":[{"taxonomy":"product_brand","embeddable":true,"href":"https:\/\/dutchhealthstore.com\/de\/wp-json\/wp\/v2\/product_brand?post=374575"},{"taxonomy":"product_cat","embeddable":true,"href":"https:\/\/dutchhealthstore.com\/de\/wp-json\/wp\/v2\/product_cat?post=374575"},{"taxonomy":"product_tag","embeddable":true,"href":"https:\/\/dutchhealthstore.com\/de\/wp-json\/wp\/v2\/product_tag?post=374575"}],"curies":[{"name":"wp","href":"https:\/\/api.w.org\/{rel}","templated":true}]}}