{"id":374570,"date":"2026-03-24T15:20:46","date_gmt":"2026-03-24T14:20:46","guid":{"rendered":"https:\/\/dutchhealthstore.com\/product\/archival-botanical-oils\/"},"modified":"2026-03-24T15:20:46","modified_gmt":"2026-03-24T14:20:46","slug":"archival-botanical-oils","status":"publish","type":"product","link":"https:\/\/dutchhealthstore.com\/de\/product\/archival-botanical-oils\/","title":{"rendered":"Archival Botanical Oils"},"content":{"rendered":"<p>Alle Mischungen basieren auf einer gemeinsamen Grundlage langsam einziehender, kaltgepresster Pflanzen\u00f6le \u2013 ausgew\u00e4hlt aufgrund ihrer Affinit\u00e4t zur Haut und ihrer F\u00e4higkeit, aromatische Destillate sanft und effektiv zu transportieren. Bioregionale Pflanzen werden in unserer historischen Manufaktur in Galt in einem traditionellen Kupfer-Alembik hausdestilliert. Alle Inhaltsstoffe sind biologisch.  <\/p>\n<h3>Wie benutzt man<\/h3>\n<p>Geben Sie ein paar Tropfen in warmes Badewasser, um die Haut zu erweichen und zu regenerieren. Nach dem Baden als leichtes K\u00f6rper\u00f6l auf die feuchte Haut tr\u00e4ufeln. F\u00fcr ein n\u00e4hrendes Einweichritual mit Epsom-, Magnesium- oder Totem Meer Salz mischen. Oder als Salb\u00f6l f\u00fcr Momente der Erdung und Erholung auf Pulspunkte, H\u00e4nde oder F\u00fc\u00dfe auftragen.   <\/p>\n<p><strong>Lavendel M\u00e9lange<\/strong><\/p>\n<p>Ein vielschichtiger Ausdruck von Lavendel in seinen vielen Formen. Sanfte blumige S\u00fc\u00dfe weicht einer krautigen Tiefe und einer subtilen kampferartigen W\u00e4rme \u2013 vertraut und doch komplex, beruhigend, ohne schl\u00e4frig zu machen.<br \/>\nD\u00e4mmerungsfelder, Leinen und stille Luft. <\/p>\n<p><strong>Mentha Veris<\/strong><\/p>\n<p>Hell, gr\u00fcn und kl\u00e4rend. K\u00fchlende Minzen steigen zuerst auf, gefolgt von klaren Kr\u00e4uternoten und dem erdenden R\u00fcckgrat von Rosmarin \u2013 frisch ohne Sch\u00e4rfe, belebend statt stimulierend.<br \/>\nK\u00fchles Wasser, offene Luft und fr\u00fches Morgenlicht. <\/p>\n<p><strong>Archiv-Chamomilla<\/strong><\/p>\n<p>Sanft, harzig und leise tr\u00f6stend. Wilde Kamille bringt eine sanfte, apfelartige W\u00e4rme, verankert durch die gr\u00fcne Bitterkeit von Petitgrain und die balsamische S\u00fc\u00dfe von Benzoeharz.<br \/>\nGed\u00e4mpft und intim. Eine Studie in Ruhe und Kontinuit\u00e4t.  <\/p>\n<p>Unsere Archiv\u00f6le sind eine exklusive, private Atelier-Edition \u2013 mit stiller Absicht verpackt. Jedes ist mit unserem gepr\u00e4gten Zinn-Emblem, einem minimalistischen Etikett und einem nachhaltigen Gummikappenverschluss versehen. F\u00fcr Rituale, aromatische Noten und Anwendungsempfehlungen laden wir Sie ein, die einzelnen Produktbeschreibungen zu erkunden.  <\/p>\n<p><strong>Gr\u00f6\u00dfe: 100 ml<\/strong><\/p>\n<h2><strong>Nat\u00fcrliche \/ biologische Inhaltsstoffe <\/strong><\/h2>\n<p><strong>Lavendel M\u00e9lange<\/strong><\/p>\n<p>Camellia Oleifera Samen\u00f6l, Prunus Armeniaca Kern\u00f6l, Cucurbita Pepo Samen\u00f6l, Simmondsia Chinensis Samen\u00f6l, Lavandula Angustifolia \u00d6l, Lavandula \u00d7 Intermedia \u00d6l, Lavandula Grosso \u00d6l<\/p>\n<p><strong>Mentha Veris<\/strong><\/p>\n<p>Camellia Oleifera Samen\u00f6l, Prunus Armeniaca Kern\u00f6l, Cucurbita Pepo Samen\u00f6l, Simmondsia Chinensis Samen\u00f6l, Mentha Spicata \u00d6l, Mentha \u00d7 Piperita \u00d6l, Rosmarinus Officinalis Blatt\u00f6l<\/p>\n<p><strong>Archiv-Chamomilla<\/strong><\/p>\n<p>Camellia Oleifera Samen\u00f6l, Prunus Armeniaca Kern\u00f6l, Cucurbita Pepo Samen\u00f6l, Simmondsia Chinensis Samen\u00f6l, Matricaria Chamomilla Bl\u00fcten\u00f6l, Citrus Aurantium Amara Blatt\u00f6l, Styrax Benzoe Harzextrakt<\/p>\n<p><em><strong>Biologisch, biodynamisch und verantwortungsvoll bezogen. Regionale Essenzen in kleinen Chargen in unserer botanischen Destillerie destilliert. <\/strong><\/em><\/p>\n\n\t<section class=\"section dark\" id=\"section_832302338\">\n\t\t<div class=\"section-bg fill\" >\n\t\t\t<img fetchpriority=\"high\" decoding=\"async\" width=\"1200\" height=\"604\" src=\"https:\/\/dutchhealthstore.com\/wp-content\/uploads\/2026\/02\/bgux.jpg\" class=\"bg attachment- size-\" alt=\"\" \/>\t\t\t\t\t\t<div class=\"section-bg-overlay absolute fill\"><\/div>\n\t\t\t\n\n\t\t<\/div>\n\n\t\t\n\n\t\t<div class=\"section-content relative\">\n\t\t\t\n\n\t<div id=\"gap-403805025\" class=\"gap-element clearfix\" style=\"display:block; height:auto;\">\n\t\t\n<style>\n#gap-403805025 {\n  padding-top: 15px;\n}\n<\/style>\n\t<\/div>\n\t\n\n<div class=\"container section-title-container\" ><h3 class=\"section-title section-title-normal\"><b><\/b><span class=\"section-title-main\" >\u00dcber Tidelands House<\/span><b><\/b><\/h3><\/div>\n\n<div class=\"row\"  id=\"row-329386129\">\n\n\n\t<div id=\"col-322778620\" class=\"col small-12 large-12\"  >\n\t\t\t\t<div class=\"col-inner\"  >\n\t\t\t\n\t\t\t\n\n<p>Tidelands House ist ein kanadisches Atelier f\u00fcr botanische Hautpflege, das von der Kr\u00e4uterkundlerin Dominique Del Col gegr\u00fcndet wurde. Jede Rezeptur wird in Handarbeit in einem sonnendurchfluteten Destillierraum in einem restaurierten Steinhaus aus dem 19. Jahrhundert hergestellt, wo Kr\u00e4uter von Holzbalken h\u00e4ngen und Botanicals im Rhythmus der Jahreszeiten zubereitet werden.<\/p>\n<p>Wild gesammelte Pflanzen, biodynamischer Anbau und Meeresbotanicals von Kanadas Ostk\u00fcste bilden das Herzst\u00fcck jeder Zubereitung. Die Inhaltsstoffe werden zum Zeitpunkt ihrer h\u00f6chsten Vitalit\u00e4t geerntet und in Kleinstmengen verarbeitet, um Wirksamkeit, Frische und energetische Integrit\u00e4t zu bewahren. <\/p>\n<p>Keine synthetischen Zusatzstoffe. Keine unn\u00f6tigen F\u00fcllstoffe. Nur n\u00e4hrstoffreiche botanische Extrakte, fermentierte Bl\u00fctenessenzen und reine Pflanzen\u00f6le in traditionsbewusstem Milchglas.  <\/p>\n<p>Tidelands House ist langsame, bewusste Hautpflege \u2013 verwurzelt in der Natur, im Ritual und im Respekt vor Tradition sowie moderner botanischer Wissenschaft.<\/p>\n\n\n\t\t<\/div>\n\t\t\t\t\t<\/div>\n\n\t\n\n<\/div>\n\n\t\t<\/div>\n\n\t\t\n<style>\n#section_832302338 {\n  padding-top: 30px;\n  padding-bottom: 30px;\n  background-color: rgb(40, 40, 40);\n}\n#section_832302338 .section-bg-overlay {\n  background-color: rgba(0, 0, 0, 0.477);\n}\n#section_832302338 .section-bg img {\n  object-position: 51% 73%;\n}\n<\/style>\n\t<\/section>\n\t\n","protected":false},"excerpt":{"rendered":"<p>Diese Archiv-Pflanzen\u00f6le sind als vielseitige, hautpflegende Rituale formuliert \u2013 jede Mischung ist so konzipiert, dass sie nahtlos f\u00fcr Bad, K\u00f6rper und Salbungspraktiken verwendet werden kann.<\/p>\n","protected":false},"featured_media":374508,"comment_status":"open","ping_status":"closed","template":"","meta":[],"product_brand":[],"product_cat":[6737,6749,8456,6700,6766,6761,1032,1092,515,1210,6762,1910,20907,6819,511,8508,6747,8957,22207],"product_tag":[],"class_list":{"0":"post-374570","1":"product","2":"type-product","3":"status-publish","4":"has-post-thumbnail","6":"product_cat-essential-oils-de-2","7":"product_cat-essential-oil-blends-de-2","8":"product_cat-balance-calm-de-2","9":"product_cat-fragrances-de","10":"product_cat-energy-vitality-de-2","11":"product_cat-remedies-de-2","12":"product_cat-kategorien","13":"product_cat-koerperoel","14":"product_cat-korperpflege-de","15":"product_cat-marken","16":"product_cat-sore-muscles-de-2","17":"product_cat-neue-produkte","18":"product_cat-new-additions-skincare-de","19":"product_cat-perfumes-de","20":"product_cat-produkte","21":"product_cat-sleep-rest-de-2","22":"product_cat-mood-de-2","23":"product_cat-stress-relief-de","24":"product_cat-tidelands-house","25":"pa_brand-tidelands-house","26":"pa_fragrances-product-type-archiv-chamomilla","27":"pa_fragrances-product-type-lavendel-melange","28":"pa_fragrances-product-type-mentha-veris","29":"pa_gtin-22385","30":"pa_size-100-ml-de","32":"first","33":"instock","34":"taxable","35":"shipping-taxable","36":"purchasable","37":"product-type-variable"},"bundled_by":[],"bundle_stock_status":"instock","bundle_stock_quantity":null,"bundle_virtual":false,"bundle_layout":"","bundle_add_to_cart_form_location":"","bundle_editable_in_cart":false,"bundle_sold_individually_context":"","bundle_item_grouping":"","bundle_min_size":"","bundle_max_size":"","bundle_price":[],"bundled_items":[],"bundle_sell_ids":[372508],"atum_controlled":true,"out_stock_date":null,"out_stock_threshold":null,"inheritable":true,"stock_on_hold":0,"sold_today":0,"sales_last_days":1,"out_stock_days":null,"lost_sales":0,"update_date":"2026-04-20T07:13:06","atum_locations":[],"atum_stock_status":"instock","restock_status":false,"low_stock_amount":"","sales_update_date":"2026-04-20T07:13:06","calc_backorders":null,"group_of_quantity":0,"min_quantity":0,"max_quantity":"","exclude_order_quantity_value_rules":"no","exclude_category_quantity_rules":"no","combine_variations":"no","yoast_head":"<!-- This site is optimized with the Yoast SEO Premium plugin v26.5 (Yoast SEO v26.5) - https:\/\/yoast.com\/wordpress\/plugins\/seo\/ -->\n<title>Archival Botanical Oils - Tidelands House<\/title>\n<meta name=\"description\" content=\"Diese Archiv-Pflanzen\u00f6le sind als vielseitige, hautpflegende Rituale formuliert \u2013 jede Mischung ist so konzipiert, dass sie nahtlos f\u00fcr Bad, K\u00f6rper und Salbungspraktiken verwendet werden kann.\" \/>\n<meta name=\"robots\" content=\"index, follow, max-snippet:-1, max-image-preview:large, max-video-preview:-1\" \/>\n<link rel=\"canonical\" href=\"https:\/\/dutchhealthstore.com\/de\/product\/archival-botanical-oils\/\" \/>\n<meta property=\"og:locale\" content=\"de_DE\" \/>\n<meta property=\"og:type\" content=\"article\" \/>\n<meta property=\"og:title\" content=\"Archival Botanical Oils - Dutch Health Store\" \/>\n<meta property=\"og:description\" content=\"Diese Archiv-Pflanzen\u00f6le sind als vielseitige, hautpflegende Rituale formuliert \u2013 jede Mischung ist so konzipiert, dass sie nahtlos f\u00fcr Bad, K\u00f6rper und Salbungspraktiken verwendet werden kann.\" \/>\n<meta property=\"og:url\" content=\"https:\/\/dutchhealthstore.com\/de\/product\/archival-botanical-oils\/\" \/>\n<meta property=\"og:site_name\" content=\"Dutch Health Store\" \/>\n<meta property=\"article:publisher\" content=\"https:\/\/www.instagram.com\/dutchhealthstore\/\" \/>\n<meta property=\"og:image\" content=\"https:\/\/dutchhealthstore.com\/wp-content\/uploads\/2026\/03\/Untitled-design-2026-03-24T100803.732.jpg\" \/>\n\t<meta property=\"og:image:width\" content=\"530\" \/>\n\t<meta property=\"og:image:height\" content=\"530\" \/>\n\t<meta property=\"og:image:type\" content=\"image\/jpeg\" \/>\n<meta name=\"twitter:card\" content=\"summary_large_image\" \/>\n<meta name=\"twitter:label1\" content=\"Verf\u00fcgbarkeit\" \/>\n\t<meta name=\"twitter:data1\" content=\"Auf Lager\" \/>\n<script type=\"application\/ld+json\" class=\"yoast-schema-graph\">{\"@context\":\"https:\/\/schema.org\",\"@graph\":[{\"@type\":\"WebPage\",\"@id\":\"https:\/\/dutchhealthstore.com\/de\/product\/archival-botanical-oils\/\",\"url\":\"https:\/\/dutchhealthstore.com\/de\/product\/archival-botanical-oils\/\",\"name\":\"Archival Botanical Oils - Tidelands House\",\"isPartOf\":{\"@id\":\"https:\/\/dutchhealthstore.com\/de\/#website\"},\"primaryImageOfPage\":{\"@id\":\"https:\/\/dutchhealthstore.com\/de\/product\/archival-botanical-oils\/#primaryimage\"},\"image\":{\"@id\":\"https:\/\/dutchhealthstore.com\/de\/product\/archival-botanical-oils\/#primaryimage\"},\"thumbnailUrl\":\"https:\/\/dutchhealthstore.com\/wp-content\/uploads\/2026\/03\/Untitled-design-2026-03-24T100803.732.jpg\",\"datePublished\":\"2026-03-24T14:20:46+00:00\",\"description\":\"Diese Archiv-Pflanzen\u00f6le sind als vielseitige, hautpflegende Rituale formuliert \u2013 jede Mischung ist so konzipiert, dass sie nahtlos f\u00fcr Bad, K\u00f6rper und Salbungspraktiken verwendet werden kann.\",\"breadcrumb\":{\"@id\":\"https:\/\/dutchhealthstore.com\/de\/product\/archival-botanical-oils\/#breadcrumb\"},\"inLanguage\":\"de\",\"potentialAction\":[{\"@type\":\"ReadAction\",\"target\":[\"https:\/\/dutchhealthstore.com\/de\/product\/archival-botanical-oils\/\"]}]},{\"@type\":\"ImageObject\",\"inLanguage\":\"de\",\"@id\":\"https:\/\/dutchhealthstore.com\/de\/product\/archival-botanical-oils\/#primaryimage\",\"url\":\"https:\/\/dutchhealthstore.com\/wp-content\/uploads\/2026\/03\/Untitled-design-2026-03-24T100803.732.jpg\",\"contentUrl\":\"https:\/\/dutchhealthstore.com\/wp-content\/uploads\/2026\/03\/Untitled-design-2026-03-24T100803.732.jpg\",\"width\":530,\"height\":530,\"caption\":\"tidelands-house-archival-botanical-oils\"},{\"@type\":\"BreadcrumbList\",\"@id\":\"https:\/\/dutchhealthstore.com\/de\/product\/archival-botanical-oils\/#breadcrumb\",\"itemListElement\":[{\"@type\":\"ListItem\",\"position\":1,\"name\":\"Home\",\"item\":\"https:\/\/dutchhealthstore.com\/de\/\"},{\"@type\":\"ListItem\",\"position\":2,\"name\":\"Shop\",\"item\":\"https:\/\/dutchhealthstore.com\/de\/shop-2\/\"},{\"@type\":\"ListItem\",\"position\":3,\"name\":\"Archival Botanical Oils\"}]},{\"@type\":\"WebSite\",\"@id\":\"https:\/\/dutchhealthstore.com\/de\/#website\",\"url\":\"https:\/\/dutchhealthstore.com\/de\/\",\"name\":\"Dutch Health Store\",\"description\":\"Enhance Your Beauty with Organic &amp; Natural Skincare\",\"publisher\":{\"@id\":\"https:\/\/dutchhealthstore.com\/de\/#organization\"},\"potentialAction\":[{\"@type\":\"SearchAction\",\"target\":{\"@type\":\"EntryPoint\",\"urlTemplate\":\"https:\/\/dutchhealthstore.com\/de\/?s={search_term_string}\"},\"query-input\":{\"@type\":\"PropertyValueSpecification\",\"valueRequired\":true,\"valueName\":\"search_term_string\"}}],\"inLanguage\":\"de\"},{\"@type\":\"Organization\",\"@id\":\"https:\/\/dutchhealthstore.com\/de\/#organization\",\"name\":\"Dutch Health Store\",\"url\":\"https:\/\/dutchhealthstore.com\/de\/\",\"logo\":{\"@type\":\"ImageObject\",\"inLanguage\":\"de\",\"@id\":\"https:\/\/dutchhealthstore.com\/de\/#\/schema\/logo\/image\/\",\"url\":\"https:\/\/dutchhealthstore.com\/wp-content\/uploads\/2020\/08\/logo-dutchhealthstore-jpg-e1599484957574.jpg\",\"contentUrl\":\"https:\/\/dutchhealthstore.com\/wp-content\/uploads\/2020\/08\/logo-dutchhealthstore-jpg-e1599484957574.jpg\",\"width\":400,\"height\":62,\"caption\":\"Dutch Health Store\"},\"image\":{\"@id\":\"https:\/\/dutchhealthstore.com\/de\/#\/schema\/logo\/image\/\"},\"sameAs\":[\"https:\/\/www.instagram.com\/dutchhealthstore\/\",\"https:\/\/www.facebook.com\/dutchhealthstore\"]}]}<\/script>\n<meta property=\"product:brand\" content=\"Tidelands House\" \/>\n<meta property=\"og:availability\" content=\"instock\" \/>\n<meta property=\"product:availability\" content=\"instock\" \/>\n<meta property=\"product:condition\" content=\"new\" \/>\n<!-- \/ Yoast SEO Premium plugin. -->","yoast_head_json":{"title":"Archival Botanical Oils - Tidelands House","description":"Diese Archiv-Pflanzen\u00f6le sind als vielseitige, hautpflegende Rituale formuliert \u2013 jede Mischung ist so konzipiert, dass sie nahtlos f\u00fcr Bad, K\u00f6rper und Salbungspraktiken verwendet werden kann.","robots":{"index":"index","follow":"follow","max-snippet":"max-snippet:-1","max-image-preview":"max-image-preview:large","max-video-preview":"max-video-preview:-1"},"canonical":"https:\/\/dutchhealthstore.com\/de\/product\/archival-botanical-oils\/","og_locale":"de_DE","og_type":"article","og_title":"Archival Botanical Oils - Dutch Health Store","og_description":"Diese Archiv-Pflanzen\u00f6le sind als vielseitige, hautpflegende Rituale formuliert \u2013 jede Mischung ist so konzipiert, dass sie nahtlos f\u00fcr Bad, K\u00f6rper und Salbungspraktiken verwendet werden kann.","og_url":"https:\/\/dutchhealthstore.com\/de\/product\/archival-botanical-oils\/","og_site_name":"Dutch Health Store","article_publisher":"https:\/\/www.instagram.com\/dutchhealthstore\/","og_image":[{"width":530,"height":530,"url":"https:\/\/dutchhealthstore.com\/wp-content\/uploads\/2026\/03\/Untitled-design-2026-03-24T100803.732.jpg","type":"image\/jpeg"}],"twitter_card":"summary_large_image","twitter_misc":{"Verf\u00fcgbarkeit":"Auf Lager"},"schema":{"@context":"https:\/\/schema.org","@graph":[{"@type":"WebPage","@id":"https:\/\/dutchhealthstore.com\/de\/product\/archival-botanical-oils\/","url":"https:\/\/dutchhealthstore.com\/de\/product\/archival-botanical-oils\/","name":"Archival Botanical Oils - Tidelands House","isPartOf":{"@id":"https:\/\/dutchhealthstore.com\/de\/#website"},"primaryImageOfPage":{"@id":"https:\/\/dutchhealthstore.com\/de\/product\/archival-botanical-oils\/#primaryimage"},"image":{"@id":"https:\/\/dutchhealthstore.com\/de\/product\/archival-botanical-oils\/#primaryimage"},"thumbnailUrl":"https:\/\/dutchhealthstore.com\/wp-content\/uploads\/2026\/03\/Untitled-design-2026-03-24T100803.732.jpg","datePublished":"2026-03-24T14:20:46+00:00","description":"Diese Archiv-Pflanzen\u00f6le sind als vielseitige, hautpflegende Rituale formuliert \u2013 jede Mischung ist so konzipiert, dass sie nahtlos f\u00fcr Bad, K\u00f6rper und Salbungspraktiken verwendet werden kann.","breadcrumb":{"@id":"https:\/\/dutchhealthstore.com\/de\/product\/archival-botanical-oils\/#breadcrumb"},"inLanguage":"de","potentialAction":[{"@type":"ReadAction","target":["https:\/\/dutchhealthstore.com\/de\/product\/archival-botanical-oils\/"]}]},{"@type":"ImageObject","inLanguage":"de","@id":"https:\/\/dutchhealthstore.com\/de\/product\/archival-botanical-oils\/#primaryimage","url":"https:\/\/dutchhealthstore.com\/wp-content\/uploads\/2026\/03\/Untitled-design-2026-03-24T100803.732.jpg","contentUrl":"https:\/\/dutchhealthstore.com\/wp-content\/uploads\/2026\/03\/Untitled-design-2026-03-24T100803.732.jpg","width":530,"height":530,"caption":"tidelands-house-archival-botanical-oils"},{"@type":"BreadcrumbList","@id":"https:\/\/dutchhealthstore.com\/de\/product\/archival-botanical-oils\/#breadcrumb","itemListElement":[{"@type":"ListItem","position":1,"name":"Home","item":"https:\/\/dutchhealthstore.com\/de\/"},{"@type":"ListItem","position":2,"name":"Shop","item":"https:\/\/dutchhealthstore.com\/de\/shop-2\/"},{"@type":"ListItem","position":3,"name":"Archival Botanical Oils"}]},{"@type":"WebSite","@id":"https:\/\/dutchhealthstore.com\/de\/#website","url":"https:\/\/dutchhealthstore.com\/de\/","name":"Dutch Health Store","description":"Enhance Your Beauty with Organic &amp; Natural Skincare","publisher":{"@id":"https:\/\/dutchhealthstore.com\/de\/#organization"},"potentialAction":[{"@type":"SearchAction","target":{"@type":"EntryPoint","urlTemplate":"https:\/\/dutchhealthstore.com\/de\/?s={search_term_string}"},"query-input":{"@type":"PropertyValueSpecification","valueRequired":true,"valueName":"search_term_string"}}],"inLanguage":"de"},{"@type":"Organization","@id":"https:\/\/dutchhealthstore.com\/de\/#organization","name":"Dutch Health Store","url":"https:\/\/dutchhealthstore.com\/de\/","logo":{"@type":"ImageObject","inLanguage":"de","@id":"https:\/\/dutchhealthstore.com\/de\/#\/schema\/logo\/image\/","url":"https:\/\/dutchhealthstore.com\/wp-content\/uploads\/2020\/08\/logo-dutchhealthstore-jpg-e1599484957574.jpg","contentUrl":"https:\/\/dutchhealthstore.com\/wp-content\/uploads\/2020\/08\/logo-dutchhealthstore-jpg-e1599484957574.jpg","width":400,"height":62,"caption":"Dutch Health Store"},"image":{"@id":"https:\/\/dutchhealthstore.com\/de\/#\/schema\/logo\/image\/"},"sameAs":["https:\/\/www.instagram.com\/dutchhealthstore\/","https:\/\/www.facebook.com\/dutchhealthstore"]}]},"product_brand":"Tidelands House","og_availability":"instock","product_availability":"instock","product_condition":"new"},"_links":{"self":[{"href":"https:\/\/dutchhealthstore.com\/de\/wp-json\/wp\/v2\/product\/374570","targetHints":{"allow":["GET"]}}],"collection":[{"href":"https:\/\/dutchhealthstore.com\/de\/wp-json\/wp\/v2\/product"}],"about":[{"href":"https:\/\/dutchhealthstore.com\/de\/wp-json\/wp\/v2\/types\/product"}],"replies":[{"embeddable":true,"href":"https:\/\/dutchhealthstore.com\/de\/wp-json\/wp\/v2\/comments?post=374570"}],"wp:featuredmedia":[{"embeddable":true,"href":"https:\/\/dutchhealthstore.com\/de\/wp-json\/wp\/v2\/media\/374508"}],"wp:attachment":[{"href":"https:\/\/dutchhealthstore.com\/de\/wp-json\/wp\/v2\/media?parent=374570"}],"wp:term":[{"taxonomy":"product_brand","embeddable":true,"href":"https:\/\/dutchhealthstore.com\/de\/wp-json\/wp\/v2\/product_brand?post=374570"},{"taxonomy":"product_cat","embeddable":true,"href":"https:\/\/dutchhealthstore.com\/de\/wp-json\/wp\/v2\/product_cat?post=374570"},{"taxonomy":"product_tag","embeddable":true,"href":"https:\/\/dutchhealthstore.com\/de\/wp-json\/wp\/v2\/product_tag?post=374570"}],"curies":[{"name":"wp","href":"https:\/\/api.w.org\/{rel}","templated":true}]}}