{"id":373172,"date":"2026-03-03T16:13:18","date_gmt":"2026-03-03T15:13:18","guid":{"rendered":"https:\/\/dutchhealthstore.com\/product\/tooth-serum\/"},"modified":"2026-03-31T10:55:14","modified_gmt":"2026-03-31T08:55:14","slug":"tooth-serum","status":"publish","type":"product","link":"https:\/\/dutchhealthstore.com\/de\/product\/tooth-serum\/","title":{"rendered":"Tooth Serum"},"content":{"rendered":"<p>Unser pflegendes Zahnserum basiert auf hochwertigem \u00d6l, das langsam mit sorgf\u00e4ltig ausgew\u00e4hlten Kr\u00e4utern und Mineralien angereichert wird, die f\u00fcr die St\u00e4rkung der Z\u00e4hne und die Gesundheit des Zahnfleisches bekannt sind. Das Hauptziel dieser Mischung ist es, den nat\u00fcrlichen Heilungsprozess der Z\u00e4hne zu n\u00e4hren und zu unterst\u00fctzen. Gleichzeitig enth\u00e4lt es Kr\u00e4uter, die das Zahnfleisch beruhigen und ein ausgewogenes Mundmilieu f\u00f6rdern.  <\/p>\n<h3>Was bewirkt es?<\/h3>\n<p>\u2713 Hilft, die Festigkeit Ihrer Z\u00e4hne zu n\u00e4hren und zu unterst\u00fctzen.<br \/>\n\u2713 Hinterl\u00e4sst nach dem Putzen eine leichte Schutzschicht auf den Z\u00e4hnen. Einfach aufb\u00fcrsten.<br \/>\n\u2713 Ideal f\u00fcr Menschen, die durch den Mund atmen oder unter Mundtrockenheit leiden.<\/p>\n<h3>Wie funktioniert es?<\/h3>\n<p>Sesam\u00f6l wird seit langem f\u00fcr seine sch\u00fctzende und stabilisierende Wirkung im Mundraum gesch\u00e4tzt. Wir haben diese traditionelle Basis veredelt, indem wir sie mit einer konzentrierten Kr\u00e4utermischung angereichert haben, die die nat\u00fcrliche Regeneration und die allgemeine Mundgesundheit unterst\u00fctzt. Wir verwenden eine gro\u00dfz\u00fcgige Menge an Kr\u00e4utern, um sicherzustellen, dass die Formel wirksam und zielgerichtet bleibt.  <\/p>\n<h3>Sie k\u00f6nnen das \u00d6l auf verschiedene Weise verwenden:<\/h3>\n<ul>\n<li>Direkt in Z\u00e4hne und Zahnfleisch einmassieren.<\/li>\n<li>Einige Tropfen auf die Zahnb\u00fcrste geben und gr\u00fcndlich putzen.<\/li>\n<li>Vor dem Putzen verwenden, um Bel\u00e4ge und Oberfl\u00e4chenverf\u00e4rbungen zu l\u00f6sen.<\/li>\n<li>Nach dem Putzen verwenden, um die Z\u00e4hne zu st\u00e4rken und zu n\u00e4hren.<\/li>\n<li>In ein Basis\u00f6l mischen, um Ihre eigene \u00d6lziehkur zu erstellen.<\/li>\n<li>Es ist auch eine praktische Option f\u00fcr Kinder, die kein \u00d6lziehen durchf\u00fchren k\u00f6nnen oder m\u00f6chten.<\/li>\n<\/ul>\n<p>&nbsp;<\/p>\n<h3>Aktualisierte Formel f\u00fcr verbesserte Wirksamkeit<\/h3>\n<p>Wir haben die Formel vor Kurzem durch die Umstellung auf ozonisiertes Oliven\u00f6l verbessert. Oliven\u00f6l dringt nat\u00fcrlich in das Zahnfleischgewebe ein und unterst\u00fctzt es. In ozonisierter Form enth\u00e4lt es stabilisierte Sauerstoffverbindungen, die helfen, ein gesundes Gleichgewicht im Mund zu bewahren und die Integrit\u00e4t des Zahnfleisches zu unterst\u00fctzen.  <\/p>\n<p>Oliven\u00f6l bindet Ozon effektiver als Kokos\u00f6l, wodurch diese n\u00fctzlichen Verbindungen l\u00e4nger aktiv bleiben. Das Ergebnis ist ein st\u00e4rkeres, unterst\u00fctzendes Umfeld f\u00fcr die langfristige Gesundheit von Zahnfleisch und Z\u00e4hnen. <\/p>\n<p>Diese Formel ist stark ozonisiert und enth\u00e4lt einen konzentrierteren Kr\u00e4uterauszug. Wenn Sie einen milderen Geschmack bevorzugen, k\u00f6nnen Sie sie vor der Anwendung verd\u00fcnnen. <\/p>\n<p>\u2605 Wichtig: Kein Produkt wirkt bei jedem perfekt. H\u00f6ren Sie immer auf Ihren K\u00f6rper und brechen Sie die Anwendung ab, falls unerw\u00fcnschte Reaktionen auftreten. <\/p>\n<p><strong>Gr\u00f6\u00dfe: 1 fl oz  <\/strong><\/p>\n<h3>Anwendung<\/h3>\n<p>Auf Z\u00e4hne und Zahnfleisch einmassieren oder etwas auf die Zahnb\u00fcrste geben und alles gr\u00fcndlich putzen. Kein Aussp\u00fclen erforderlich.<\/p>\n<h2><strong>Nat\u00fcrliche \/ biologische Inhaltsstoffe <\/strong><\/h2>\n<p>Sesam\u00f6l, ozonisiertes Oliven\u00f6l, Mikro-Hydroxyapatit, Calciumcarbonat, Koralle, Perlenpulver, Haferstroh, Karde, Kardamom, Schachtelhalm, Eucommia, Hadjod, Triphala, S\u00fc\u00dfholz, Anantamul, Drynaria, Brennnessel, Arjuna, Rehmannia, Ulmenrinde, Nelken, Rose, Miswak, Manjistha, Wei\u00dfeichenrinde, Eclipta, Kurkuma, Echinacea, Kalmegh, Shilajit, Neem, Theobromin<\/p>\n\n\t<section class=\"section\" id=\"section_2126238270\">\n\t\t<div class=\"section-bg fill\" >\n\t\t\t<img fetchpriority=\"high\" decoding=\"async\" width=\"1536\" height=\"1024\" src=\"https:\/\/dutchhealthstore.com\/wp-content\/uploads\/2026\/02\/bliss-bg.jpg\" class=\"bg attachment- size-\" alt=\"\" \/>\t\t\t\t\t\t<div class=\"section-bg-overlay absolute fill\"><\/div>\n\t\t\t\n\n\t\t<\/div>\n\n\t\t\n\n\t\t<div class=\"section-content relative\">\n\t\t\t\n\n\t<div id=\"gap-1160108986\" class=\"gap-element clearfix\" style=\"display:block; height:auto;\">\n\t\t\n<style>\n#gap-1160108986 {\n  padding-top: 15px;\n}\n<\/style>\n\t<\/div>\n\t\n\n<div class=\"container section-title-container\" ><h3 class=\"section-title section-title-normal\"><b><\/b><span class=\"section-title-main\" >\u00dcber Bliss Energetics<\/span><b><\/b><\/h3><\/div>\n\n<div class=\"row\"  id=\"row-1133252494\">\n\n\n\t<div id=\"col-835559822\" class=\"col small-12 large-12\"  >\n\t\t\t\t<div class=\"col-inner\"  >\n\t\t\t\n\t\t\t\n\n<p>Bliss Energetics ist eine ganzheitliche Marke f\u00fcr Mundpflege, die sich der echten Remineralisierung verschrieben hat. Verwurzelt in Ayurveda, Traditioneller Chinesischer Medizin und Mineralwissenschaft ist jede Formel darauf ausgelegt, die nat\u00fcrliche F\u00e4higkeit des K\u00f6rpers zu unterst\u00fctzen, Zahnschmelz wieder aufzubauen und die Z\u00e4hne von innen heraus zu st\u00e4rken. <\/p>\n<p>Dies sind keine herk\u00f6mmlichen Dentalprodukte. Sie setzen auf bioverf\u00fcgbare Mineralstoffe, fettl\u00f6sliche Vitamine und pflanzliches Wissen, um Z\u00e4hne als lebendes Gewebe zu n\u00e4hren \u2013 und gleichzeitig Speichel, Aufnahme und strukturelles Gleichgewicht zu unterst\u00fctzen. <\/p>\n<p>Frei von synthetischen Zusatzstoffen und mit Bedacht hergestellt, verbindet Bliss Energetics hohe Mineraldichte mit energetischem Bewusstsein.<\/p>\n<p>Das ist Mundpflege f\u00fcr alle, die daran glauben, dass Heilung dann geschieht, wenn der K\u00f6rper richtig gen\u00e4hrt wird.<\/p>\n\n\n\t\t<\/div>\n\t\t\t\t\t<\/div>\n\n\t\n\n<\/div>\n\n\t\t<\/div>\n\n\t\t\n<style>\n#section_2126238270 {\n  padding-top: 30px;\n  padding-bottom: 30px;\n}\n#section_2126238270 .section-bg-overlay {\n  background-color: rgba(255, 255, 255, 0.767);\n}\n<\/style>\n\t<\/section>\n\t\n","protected":false},"excerpt":{"rendered":"<p>Dieses reichhaltige, konzentrierte \u00d6l ist mit kraftvollen Kr\u00e4utern und Mineralien angereichert, um Ihre Z\u00e4hne und Ihr Zahnfleisch tiefenwirksam zu pflegen. Massieren Sie es sanft direkt auf Z\u00e4hne und Zahnfleisch ein oder geben Sie einige Tropfen auf Ihre Zahnb\u00fcrste und putzen Sie wie gewohnt. <\/p>\n","protected":false},"featured_media":372125,"comment_status":"open","ping_status":"closed","template":"","meta":[],"product_brand":[],"product_cat":[22213,1032,1210,1910,20901,20907,511,1038],"product_tag":[],"class_list":{"0":"post-373172","1":"product","2":"type-product","3":"status-publish","4":"has-post-thumbnail","6":"product_cat-bliss-energetics","7":"product_cat-kategorien","8":"product_cat-marken","9":"product_cat-neue-produkte","10":"product_cat-new-additions-healthcare-de","11":"product_cat-new-additions-skincare-de","12":"product_cat-produkte","13":"product_cat-zahnpflege","14":"pa_brand-bliss-energetics","15":"pa_dental-care-product-type-gum-care-de","16":"pa_dental-care-product-type-tooth-serum-de","17":"pa_size-1-fl-oz","19":"first","20":"outofstock","21":"taxable","22":"shipping-taxable","23":"purchasable","24":"product-type-simple"},"bundled_by":[],"bundle_stock_status":"outofstock","bundle_stock_quantity":0,"bundle_virtual":false,"bundle_layout":"","bundle_add_to_cart_form_location":"","bundle_editable_in_cart":false,"bundle_sold_individually_context":"","bundle_item_grouping":"","bundle_min_size":"","bundle_max_size":"","bundle_price":[],"bundled_items":[],"bundle_sell_ids":[104233],"atum_controlled":true,"out_stock_date":"2026-03-31 11:39:34","out_stock_threshold":null,"inheritable":false,"stock_on_hold":1,"sold_today":0,"sales_last_days":2,"out_stock_days":0,"lost_sales":0,"update_date":"2026-04-13T07:20:58","atum_locations":[],"atum_stock_status":"outofstock","restock_status":false,"low_stock_amount":"","sales_update_date":"2026-04-13T07:20:58","calc_backorders":null,"group_of_quantity":0,"min_quantity":0,"max_quantity":"","exclude_order_quantity_value_rules":"no","exclude_category_quantity_rules":"no","combine_variations":"no","yoast_head":"<!-- This site is optimized with the Yoast SEO Premium plugin v26.5 (Yoast SEO v26.5) - https:\/\/yoast.com\/wordpress\/plugins\/seo\/ -->\n<title>Tooth Serum - Bliss Energetics<\/title>\n<meta name=\"description\" content=\"Dieses reichhaltige, konzentrierte \u00d6l ist mit kraftvollen Kr\u00e4utern und Mineralien angereichert, um Ihre Z\u00e4hne und Ihr Zahnfleisch tiefenwirksam zu pflegen. Massieren Sie es sanft direkt auf Z\u00e4hne und Zahnfleisch ein oder geben Sie einige Tropfen auf Ihre Zahnb\u00fcrste und putzen Sie wie gewohnt.\" \/>\n<meta name=\"robots\" content=\"index, follow, max-snippet:-1, max-image-preview:large, max-video-preview:-1\" \/>\n<link rel=\"canonical\" href=\"https:\/\/dutchhealthstore.com\/de\/product\/tooth-serum\/\" \/>\n<meta property=\"og:locale\" content=\"de_DE\" \/>\n<meta property=\"og:type\" content=\"article\" \/>\n<meta property=\"og:title\" content=\"Tooth Serum - Dutch Health Store\" \/>\n<meta property=\"og:description\" content=\"Dieses reichhaltige, konzentrierte \u00d6l ist mit kraftvollen Kr\u00e4utern und Mineralien angereichert, um Ihre Z\u00e4hne und Ihr Zahnfleisch tiefenwirksam zu pflegen. Massieren Sie es sanft direkt auf Z\u00e4hne und Zahnfleisch ein oder geben Sie einige Tropfen auf Ihre Zahnb\u00fcrste und putzen Sie wie gewohnt.\" \/>\n<meta property=\"og:url\" content=\"https:\/\/dutchhealthstore.com\/de\/product\/tooth-serum\/\" \/>\n<meta property=\"og:site_name\" content=\"Dutch Health Store\" \/>\n<meta property=\"article:publisher\" content=\"https:\/\/www.instagram.com\/dutchhealthstore\/\" \/>\n<meta property=\"article:modified_time\" content=\"2026-03-31T08:55:14+00:00\" \/>\n<meta property=\"og:image\" content=\"https:\/\/dutchhealthstore.com\/wp-content\/uploads\/2026\/02\/Untitled-design-2026-02-20T142035.682.jpg\" \/>\n\t<meta property=\"og:image:width\" content=\"530\" \/>\n\t<meta property=\"og:image:height\" content=\"530\" \/>\n\t<meta property=\"og:image:type\" content=\"image\/jpeg\" \/>\n<meta name=\"twitter:card\" content=\"summary_large_image\" \/>\n<meta name=\"twitter:label1\" content=\"Preis\" \/>\n\t<meta name=\"twitter:data1\" content=\"&euro;29,00\" \/>\n\t<meta name=\"twitter:label2\" content=\"Verf\u00fcgbarkeit\" \/>\n\t<meta name=\"twitter:data2\" content=\"ausverkauft\" \/>\n<script type=\"application\/ld+json\" class=\"yoast-schema-graph\">{\"@context\":\"https:\/\/schema.org\",\"@graph\":[{\"@type\":\"WebPage\",\"@id\":\"https:\/\/dutchhealthstore.com\/de\/product\/tooth-serum\/\",\"url\":\"https:\/\/dutchhealthstore.com\/de\/product\/tooth-serum\/\",\"name\":\"Tooth Serum - Bliss Energetics\",\"isPartOf\":{\"@id\":\"https:\/\/dutchhealthstore.com\/de\/#website\"},\"primaryImageOfPage\":{\"@id\":\"https:\/\/dutchhealthstore.com\/de\/product\/tooth-serum\/#primaryimage\"},\"image\":{\"@id\":\"https:\/\/dutchhealthstore.com\/de\/product\/tooth-serum\/#primaryimage\"},\"thumbnailUrl\":\"https:\/\/dutchhealthstore.com\/wp-content\/uploads\/2026\/02\/Untitled-design-2026-02-20T142035.682.jpg\",\"datePublished\":\"2026-03-03T15:13:18+00:00\",\"dateModified\":\"2026-03-31T08:55:14+00:00\",\"description\":\"Dieses reichhaltige, konzentrierte \u00d6l ist mit kraftvollen Kr\u00e4utern und Mineralien angereichert, um Ihre Z\u00e4hne und Ihr Zahnfleisch tiefenwirksam zu pflegen. Massieren Sie es sanft direkt auf Z\u00e4hne und Zahnfleisch ein oder geben Sie einige Tropfen auf Ihre Zahnb\u00fcrste und putzen Sie wie gewohnt.\",\"breadcrumb\":{\"@id\":\"https:\/\/dutchhealthstore.com\/de\/product\/tooth-serum\/#breadcrumb\"},\"inLanguage\":\"de\",\"potentialAction\":[{\"@type\":\"ReadAction\",\"target\":[\"https:\/\/dutchhealthstore.com\/de\/product\/tooth-serum\/\"]}]},{\"@type\":\"ImageObject\",\"inLanguage\":\"de\",\"@id\":\"https:\/\/dutchhealthstore.com\/de\/product\/tooth-serum\/#primaryimage\",\"url\":\"https:\/\/dutchhealthstore.com\/wp-content\/uploads\/2026\/02\/Untitled-design-2026-02-20T142035.682.jpg\",\"contentUrl\":\"https:\/\/dutchhealthstore.com\/wp-content\/uploads\/2026\/02\/Untitled-design-2026-02-20T142035.682.jpg\",\"width\":530,\"height\":530,\"caption\":\"bliss-tooth-serum\"},{\"@type\":\"BreadcrumbList\",\"@id\":\"https:\/\/dutchhealthstore.com\/de\/product\/tooth-serum\/#breadcrumb\",\"itemListElement\":[{\"@type\":\"ListItem\",\"position\":1,\"name\":\"Home\",\"item\":\"https:\/\/dutchhealthstore.com\/de\/\"},{\"@type\":\"ListItem\",\"position\":2,\"name\":\"Shop\",\"item\":\"https:\/\/dutchhealthstore.com\/de\/shop-2\/\"},{\"@type\":\"ListItem\",\"position\":3,\"name\":\"Tooth Serum\"}]},{\"@type\":\"WebSite\",\"@id\":\"https:\/\/dutchhealthstore.com\/de\/#website\",\"url\":\"https:\/\/dutchhealthstore.com\/de\/\",\"name\":\"Dutch Health Store\",\"description\":\"Enhance Your Beauty with Organic &amp; Natural Skincare\",\"publisher\":{\"@id\":\"https:\/\/dutchhealthstore.com\/de\/#organization\"},\"potentialAction\":[{\"@type\":\"SearchAction\",\"target\":{\"@type\":\"EntryPoint\",\"urlTemplate\":\"https:\/\/dutchhealthstore.com\/de\/?s={search_term_string}\"},\"query-input\":{\"@type\":\"PropertyValueSpecification\",\"valueRequired\":true,\"valueName\":\"search_term_string\"}}],\"inLanguage\":\"de\"},{\"@type\":\"Organization\",\"@id\":\"https:\/\/dutchhealthstore.com\/de\/#organization\",\"name\":\"Dutch Health Store\",\"url\":\"https:\/\/dutchhealthstore.com\/de\/\",\"logo\":{\"@type\":\"ImageObject\",\"inLanguage\":\"de\",\"@id\":\"https:\/\/dutchhealthstore.com\/de\/#\/schema\/logo\/image\/\",\"url\":\"https:\/\/dutchhealthstore.com\/wp-content\/uploads\/2020\/08\/logo-dutchhealthstore-jpg-e1599484957574.jpg\",\"contentUrl\":\"https:\/\/dutchhealthstore.com\/wp-content\/uploads\/2020\/08\/logo-dutchhealthstore-jpg-e1599484957574.jpg\",\"width\":400,\"height\":62,\"caption\":\"Dutch Health Store\"},\"image\":{\"@id\":\"https:\/\/dutchhealthstore.com\/de\/#\/schema\/logo\/image\/\"},\"sameAs\":[\"https:\/\/www.instagram.com\/dutchhealthstore\/\",\"https:\/\/www.facebook.com\/dutchhealthstore\"]}]}<\/script>\n<meta property=\"product:brand\" content=\"Bliss Energetics\" \/>\n<meta property=\"product:price:amount\" content=\"29.00\" \/>\n<meta property=\"product:price:currency\" content=\"EUR\" \/>\n<meta property=\"og:availability\" content=\"out of stock\" \/>\n<meta property=\"product:availability\" content=\"out of stock\" \/>\n<meta property=\"product:condition\" content=\"new\" \/>\n<!-- \/ Yoast SEO Premium plugin. -->","yoast_head_json":{"title":"Tooth Serum - Bliss Energetics","description":"Dieses reichhaltige, konzentrierte \u00d6l ist mit kraftvollen Kr\u00e4utern und Mineralien angereichert, um Ihre Z\u00e4hne und Ihr Zahnfleisch tiefenwirksam zu pflegen. Massieren Sie es sanft direkt auf Z\u00e4hne und Zahnfleisch ein oder geben Sie einige Tropfen auf Ihre Zahnb\u00fcrste und putzen Sie wie gewohnt.","robots":{"index":"index","follow":"follow","max-snippet":"max-snippet:-1","max-image-preview":"max-image-preview:large","max-video-preview":"max-video-preview:-1"},"canonical":"https:\/\/dutchhealthstore.com\/de\/product\/tooth-serum\/","og_locale":"de_DE","og_type":"article","og_title":"Tooth Serum - Dutch Health Store","og_description":"Dieses reichhaltige, konzentrierte \u00d6l ist mit kraftvollen Kr\u00e4utern und Mineralien angereichert, um Ihre Z\u00e4hne und Ihr Zahnfleisch tiefenwirksam zu pflegen. Massieren Sie es sanft direkt auf Z\u00e4hne und Zahnfleisch ein oder geben Sie einige Tropfen auf Ihre Zahnb\u00fcrste und putzen Sie wie gewohnt.","og_url":"https:\/\/dutchhealthstore.com\/de\/product\/tooth-serum\/","og_site_name":"Dutch Health Store","article_publisher":"https:\/\/www.instagram.com\/dutchhealthstore\/","article_modified_time":"2026-03-31T08:55:14+00:00","og_image":[{"width":530,"height":530,"url":"https:\/\/dutchhealthstore.com\/wp-content\/uploads\/2026\/02\/Untitled-design-2026-02-20T142035.682.jpg","type":"image\/jpeg"}],"twitter_card":"summary_large_image","twitter_misc":{"Preis":"&euro;29,00","Verf\u00fcgbarkeit":"ausverkauft"},"schema":{"@context":"https:\/\/schema.org","@graph":[{"@type":"WebPage","@id":"https:\/\/dutchhealthstore.com\/de\/product\/tooth-serum\/","url":"https:\/\/dutchhealthstore.com\/de\/product\/tooth-serum\/","name":"Tooth Serum - Bliss Energetics","isPartOf":{"@id":"https:\/\/dutchhealthstore.com\/de\/#website"},"primaryImageOfPage":{"@id":"https:\/\/dutchhealthstore.com\/de\/product\/tooth-serum\/#primaryimage"},"image":{"@id":"https:\/\/dutchhealthstore.com\/de\/product\/tooth-serum\/#primaryimage"},"thumbnailUrl":"https:\/\/dutchhealthstore.com\/wp-content\/uploads\/2026\/02\/Untitled-design-2026-02-20T142035.682.jpg","datePublished":"2026-03-03T15:13:18+00:00","dateModified":"2026-03-31T08:55:14+00:00","description":"Dieses reichhaltige, konzentrierte \u00d6l ist mit kraftvollen Kr\u00e4utern und Mineralien angereichert, um Ihre Z\u00e4hne und Ihr Zahnfleisch tiefenwirksam zu pflegen. Massieren Sie es sanft direkt auf Z\u00e4hne und Zahnfleisch ein oder geben Sie einige Tropfen auf Ihre Zahnb\u00fcrste und putzen Sie wie gewohnt.","breadcrumb":{"@id":"https:\/\/dutchhealthstore.com\/de\/product\/tooth-serum\/#breadcrumb"},"inLanguage":"de","potentialAction":[{"@type":"ReadAction","target":["https:\/\/dutchhealthstore.com\/de\/product\/tooth-serum\/"]}]},{"@type":"ImageObject","inLanguage":"de","@id":"https:\/\/dutchhealthstore.com\/de\/product\/tooth-serum\/#primaryimage","url":"https:\/\/dutchhealthstore.com\/wp-content\/uploads\/2026\/02\/Untitled-design-2026-02-20T142035.682.jpg","contentUrl":"https:\/\/dutchhealthstore.com\/wp-content\/uploads\/2026\/02\/Untitled-design-2026-02-20T142035.682.jpg","width":530,"height":530,"caption":"bliss-tooth-serum"},{"@type":"BreadcrumbList","@id":"https:\/\/dutchhealthstore.com\/de\/product\/tooth-serum\/#breadcrumb","itemListElement":[{"@type":"ListItem","position":1,"name":"Home","item":"https:\/\/dutchhealthstore.com\/de\/"},{"@type":"ListItem","position":2,"name":"Shop","item":"https:\/\/dutchhealthstore.com\/de\/shop-2\/"},{"@type":"ListItem","position":3,"name":"Tooth Serum"}]},{"@type":"WebSite","@id":"https:\/\/dutchhealthstore.com\/de\/#website","url":"https:\/\/dutchhealthstore.com\/de\/","name":"Dutch Health Store","description":"Enhance Your Beauty with Organic &amp; Natural Skincare","publisher":{"@id":"https:\/\/dutchhealthstore.com\/de\/#organization"},"potentialAction":[{"@type":"SearchAction","target":{"@type":"EntryPoint","urlTemplate":"https:\/\/dutchhealthstore.com\/de\/?s={search_term_string}"},"query-input":{"@type":"PropertyValueSpecification","valueRequired":true,"valueName":"search_term_string"}}],"inLanguage":"de"},{"@type":"Organization","@id":"https:\/\/dutchhealthstore.com\/de\/#organization","name":"Dutch Health Store","url":"https:\/\/dutchhealthstore.com\/de\/","logo":{"@type":"ImageObject","inLanguage":"de","@id":"https:\/\/dutchhealthstore.com\/de\/#\/schema\/logo\/image\/","url":"https:\/\/dutchhealthstore.com\/wp-content\/uploads\/2020\/08\/logo-dutchhealthstore-jpg-e1599484957574.jpg","contentUrl":"https:\/\/dutchhealthstore.com\/wp-content\/uploads\/2020\/08\/logo-dutchhealthstore-jpg-e1599484957574.jpg","width":400,"height":62,"caption":"Dutch Health Store"},"image":{"@id":"https:\/\/dutchhealthstore.com\/de\/#\/schema\/logo\/image\/"},"sameAs":["https:\/\/www.instagram.com\/dutchhealthstore\/","https:\/\/www.facebook.com\/dutchhealthstore"]}]},"product_brand":"Bliss Energetics","product_price_amount":"29.00","product_price_currency":"EUR","og_availability":"out of stock","product_availability":"out of stock","product_condition":"new"},"_links":{"self":[{"href":"https:\/\/dutchhealthstore.com\/de\/wp-json\/wp\/v2\/product\/373172","targetHints":{"allow":["GET"]}}],"collection":[{"href":"https:\/\/dutchhealthstore.com\/de\/wp-json\/wp\/v2\/product"}],"about":[{"href":"https:\/\/dutchhealthstore.com\/de\/wp-json\/wp\/v2\/types\/product"}],"replies":[{"embeddable":true,"href":"https:\/\/dutchhealthstore.com\/de\/wp-json\/wp\/v2\/comments?post=373172"}],"wp:featuredmedia":[{"embeddable":true,"href":"https:\/\/dutchhealthstore.com\/de\/wp-json\/wp\/v2\/media\/372125"}],"wp:attachment":[{"href":"https:\/\/dutchhealthstore.com\/de\/wp-json\/wp\/v2\/media?parent=373172"}],"wp:term":[{"taxonomy":"product_brand","embeddable":true,"href":"https:\/\/dutchhealthstore.com\/de\/wp-json\/wp\/v2\/product_brand?post=373172"},{"taxonomy":"product_cat","embeddable":true,"href":"https:\/\/dutchhealthstore.com\/de\/wp-json\/wp\/v2\/product_cat?post=373172"},{"taxonomy":"product_tag","embeddable":true,"href":"https:\/\/dutchhealthstore.com\/de\/wp-json\/wp\/v2\/product_tag?post=373172"}],"curies":[{"name":"wp","href":"https:\/\/api.w.org\/{rel}","templated":true}]}}