{"id":373141,"date":"2026-03-03T16:29:30","date_gmt":"2026-03-03T15:29:30","guid":{"rendered":"https:\/\/dutchhealthstore.com\/product\/remineralizing-tooth-puddy\/"},"modified":"2026-05-01T14:38:46","modified_gmt":"2026-05-01T12:38:46","slug":"remineralizing-tooth-puddy","status":"publish","type":"product","link":"https:\/\/dutchhealthstore.com\/de\/product\/remineralizing-tooth-puddy\/","title":{"rendered":"Remineralizing Tooth Puddy"},"content":{"rendered":"<div class=\"flex flex-col text-sm pb-25\">\n<article class=\"text-token-text-primary w-full focus:outline-none [--shadow-height:45px] has-data-writing-block:pointer-events-none has-data-writing-block:-mt-(--shadow-height) has-data-writing-block:pt-(--shadow-height) [&amp;:has([data-writing-block])&gt;*]:pointer-events-auto scroll-mt-[calc(var(--header-height)+min(200px,max(70px,20svh)))]\" dir=\"auto\" tabindex=\"-1\" data-turn-id=\"request-69942ed3-f8f4-8393-b097-03e32a636ab4-1\" data-testid=\"conversation-turn-32\" data-scroll-anchor=\"true\" data-turn=\"assistant\">\n<div class=\"text-base my-auto mx-auto pb-10 [--thread-content-margin:--spacing(4)] @w-sm\/main:[--thread-content-margin:--spacing(6)] @w-lg\/main:[--thread-content-margin:--spacing(16)] px-(--thread-content-margin)\">\n<div class=\"[--thread-content-max-width:40rem] @w-lg\/main:[--thread-content-max-width:48rem] mx-auto max-w-(--thread-content-max-width) flex-1 group\/turn-messages focus-visible:outline-hidden relative flex w-full min-w-0 flex-col agent-turn\" tabindex=\"-1\">\n<div class=\"flex max-w-full flex-col grow\">\n<div class=\"min-h-8 text-message relative flex w-full flex-col items-end gap-2 text-start break-words whitespace-normal [.text-message+&amp;]:mt-1\" dir=\"auto\" data-message-author-role=\"assistant\" data-message-id=\"c9be2676-68bc-4883-ae4b-bcfae9dbaef9\" data-message-model-slug=\"gpt-5-2\">\n<div class=\"flex w-full flex-col gap-1 empty:hidden first:pt-[1px]\">\n<div class=\"markdown prose dark:prose-invert w-full wrap-break-word light markdown-new-styling\">\n<p data-start=\"26\" data-end=\"284\">Bliss Tooth Puddy ist eine klebrige, mineralstoffreiche Punktbehandlung zur St\u00e4rkung schwacher oder mineralstoffarmer Z\u00e4hne. Diese 100 % nat\u00fcrliche Formel wurde entwickelt, um den Zahnschmelz zu n\u00e4hren, Empfindlichkeit zu beruhigen und den nat\u00fcrlichen Remineralisierungsprozess in seinen fr\u00fchen Stadien zu unterst\u00fctzen. <\/p>\n<p data-start=\"286\" data-end=\"696\">Im Gegensatz zu Knochen k\u00f6nnen Z\u00e4hne direkt erreicht und behandelt werden. Dies erm\u00f6glicht eine gezielte Mineralstoffunterst\u00fctzung genau dort, wo sie ben\u00f6tigt wird. Die originale Remineralizing Tooth Puddy vereint Kr\u00e4uter aus der westlichen Kr\u00e4uterkunde, Ayurveda und traditioneller chinesischer Medizin, die seit langem zur Unterst\u00fctzung der Mundgesundheit, zur Beruhigung des Zahnfleisches und zur Erhaltung starker Z\u00e4hne eingesetzt werden. Ihre lange Anwendungsgeschichte spiegelt das Vertrauen in diesen traditionellen Ansatz wider.   <\/p>\n<h3 data-start=\"703\" data-end=\"724\"><strong data-start=\"707\" data-end=\"724\">F\u00fcr wen ist es geeignet<\/strong><\/h3>\n<ul>\n<li data-start=\"726\" data-end=\"810\">Vegetarier und Personen mit Ern\u00e4hrungseinschr\u00e4nkungen. Frei von Fleisch, Milch und Eiern. <\/li>\n<li data-start=\"812\" data-end=\"887\">Erwachsene und Kinder mit schwachen Stellen, Empfindlichkeit oder fr\u00fchem Zahnschmelzabbau.<\/li>\n<li data-start=\"889\" data-end=\"987\">Familien, die einen nat\u00fcrlichen, fluoridfreien Ansatz zur Mundpflege suchen, der von traditionellen Methoden inspiriert ist.<\/li>\n<\/ul>\n<h3 data-start=\"994\" data-end=\"1018\"><strong data-start=\"998\" data-end=\"1018\">Wie funktioniert es<\/strong><\/h3>\n<p data-start=\"1020\" data-end=\"1237\">Z\u00e4hne sind lebende Strukturen, die Mineralien aufnehmen k\u00f6nnen. Diese originale Formel kombiniert chinesische und ayurvedische Kr\u00e4uter mit aus Korallen gewonnenem Hydroxylapatit und Bio-Sesam\u00f6l, das in der ayurvedischen Zahnpflege traditionell gesch\u00e4tzt wird. <\/p>\n<p data-start=\"1239\" data-end=\"1357\">Nach dem Z\u00e4hneputzen sanft auftragen und die Paste auf den Z\u00e4hnen einwirken lassen, um die Mineralstoffaufnahme und Schmelzst\u00e4rke zu unterst\u00fctzen.<\/p>\n<h3 data-start=\"1364\" data-end=\"1398\"><strong data-start=\"1368\" data-end=\"1398\">Wichtige Inhaltsstoffe &amp; Vorteile<\/strong><\/h3>\n<p data-start=\"1400\" data-end=\"1582\"><strong data-start=\"1400\" data-end=\"1435\">Nat\u00fcrliches Non-Nano-Hydroxylapatit<\/strong><br data-start=\"1435\" data-end=\"1438\">Gewonnen aus fossilierter Koralle und in h\u00f6herer Konzentration als viele vergleichbare Produkte verwendet. Non-Nano-Partikel helfen, die Schmelzst\u00e4rke zu unterst\u00fctzen. <\/p>\n<p data-start=\"1584\" data-end=\"1691\"><strong data-start=\"1584\" data-end=\"1605\">Calciumcarbonat<\/strong><br data-start=\"1605\" data-end=\"1608\">Eine mineralstoffreiche Basis. Es wird eine sorgf\u00e4ltig ausgew\u00e4hlte bleiarme Form verwendet, um die Reinheit zu gew\u00e4hrleisten. <\/p>\n<p data-start=\"1693\" data-end=\"1801\"><strong data-start=\"1693\" data-end=\"1719\">Perlenpulver und Koralle<\/strong><br data-start=\"1719\" data-end=\"1722\">Zwei nat\u00fcrliche Mineralstoffquellen, die traditionell zur Unterst\u00fctzung der Zahnst\u00e4rke gesch\u00e4tzt werden.<\/p>\n<p data-start=\"1803\" data-end=\"1863\"><strong data-start=\"1803\" data-end=\"1819\">Bienenpropolis<\/strong><br data-start=\"1819\" data-end=\"1822\">Bekannt f\u00fcr die Unterst\u00fctzung der allgemeinen Mundgesundheit.<\/p>\n<p data-start=\"1865\" data-end=\"1955\"><strong data-start=\"1865\" data-end=\"1881\">Ozonisiertes \u00d6l<\/strong><br data-start=\"1881\" data-end=\"1884\">Wird h\u00e4ufig in ganzheitlichen Zahnpflegeprotokollen zur Unterst\u00fctzung von Z\u00e4hnen und Zahnfleisch eingesetzt.<\/p>\n<p data-start=\"1957\" data-end=\"2058\"><strong data-start=\"1957\" data-end=\"1972\">Theobromin<\/strong><br data-start=\"1972\" data-end=\"1975\">Eine nat\u00fcrlich vorkommende Verbindung, die auf ihr Potenzial zur St\u00e4rkung des Zahnschmelzes untersucht wird.<\/p>\n<p data-start=\"2060\" data-end=\"2207\"><strong data-start=\"2060\" data-end=\"2082\">Bio-Sesam\u00f6l<\/strong><br data-start=\"2082\" data-end=\"2085\">Langsam mit zahnunterst\u00fctzenden Kr\u00e4utern infundiert und traditionell im Ayurveda wegen seiner sch\u00fctzenden und stabilisierenden Eigenschaften verwendet.<\/p>\n<h3 data-start=\"2214\" data-end=\"2236\"><strong data-start=\"2218\" data-end=\"2236\">Unser Engagement<\/strong><\/h3>\n<p data-start=\"2238\" data-end=\"2430\">Wir konzentrieren uns darauf, Produkte zu entwickeln, die sicher, rein und wirksam sind. Als Familienunternehmen verfeinern wir unsere Formeln kontinuierlich, um die Standards zu erf\u00fcllen, denen wir f\u00fcr unsere eigenen Kinder und Angeh\u00f6rigen vertrauen. <\/p>\n<p data-start=\"0\" data-end=\"24\"><strong data-start=\"0\" data-end=\"22\">Gebrauchsanweisung<\/strong><\/p>\n<p data-start=\"26\" data-end=\"69\">Tragen Sie eine kleine Menge auf saubere, trockene Z\u00e4hne auf.<\/p>\n<p data-start=\"71\" data-end=\"200\">Verwenden Sie es so oft wie gew\u00fcnscht, wobei die Anwendung vor dem Schlafengehen empfohlen wird. Es kann auch unter einer Aufbissschiene oder Invisalign-Schiene getragen werden. <\/p>\n<p data-start=\"202\" data-end=\"311\">Ein leichtes Pulsieren kann anfangs auftreten. Dies ist normal und l\u00e4sst normalerweise nach den ersten Anwendungen nach. <\/p>\n<p data-start=\"313\" data-end=\"679\"><strong data-start=\"313\" data-end=\"321\">Tipp:<\/strong> Weichen Sie die Paste zwischen Ihren Fingern auf, bis sie eine klebrige, kleberartige Textur erreicht. Stellen Sie sicher, dass der Zahn vollst\u00e4ndig trocken ist, bevor Sie sie auftragen, um die Haftung zu verbessern. Reiben Sie die Paste sanft hin und her \u00fcber die betroffene Stelle, um Haftung zu erzeugen und ihr beim Anhaften zu helfen. Lassen Sie sie so lange wie gew\u00fcnscht an Ort und Stelle. Die Anwendung \u00fcber Nacht wird empfohlen. Entfernen Sie sie beim Z\u00e4hneputzen.     <\/p>\n<p data-start=\"681\" data-end=\"807\" data-is-last-node=\"\" data-is-only-node=\"\">Bei Beschwerden die Anwendung abbrechen. Dieses Produkt soll helfen, Zahnempfindlichkeit zu reduzieren. <\/p>\n<\/div>\n<\/div>\n<\/div>\n<\/div>\n<\/div>\n<\/div>\n<\/article>\n<\/div>\n<p><strong>Gr\u00f6\u00dfe: 1 oz und 2 oz <\/strong><\/p>\n<h2><strong>Nat\u00fcrliche \/ biologische Inhaltsstoffe <\/strong><\/h2>\n<p>Calciumcarbonat, Korallen-Hydroxylapatit, Theobromin, *ozonisiertes Kokos\u00f6l, *Sesam\u00f6l, **Koralle, *Haferstroh, Kardenwurzel, **Perle, *Kardamom, *Schachtelhalm, Eucommia, Hadjod, *Triphala, *S\u00fc\u00dfholz, *Anantamul, Drynaria, *Brennnessel, *Arjuna, Rehmannia, *Rotulme, *Nelke, *Rose, Miswak, *Manjistha, *Wei\u00dfeichenrinde, *Bhringaraj, *Kurkuma, *Echinacea, *Kalmegh, **Shilajit, *Neem, *Kokumbutter, *Bienenwachs, *Rizinus\u00f6l<\/p>\n<p><strong>Dieses Produkt ist nicht f\u00fcr Personen mit Bienenallergie geeignet!!<\/strong><\/p>\n\n\t<section class=\"section\" id=\"section_2084768781\">\n\t\t<div class=\"section-bg fill\" >\n\t\t\t<img fetchpriority=\"high\" decoding=\"async\" width=\"1536\" height=\"1024\" src=\"https:\/\/dutchhealthstore.com\/wp-content\/uploads\/2026\/02\/bliss-bg.jpg\" class=\"bg attachment- size-\" alt=\"\" \/>\t\t\t\t\t\t<div class=\"section-bg-overlay absolute fill\"><\/div>\n\t\t\t\n\n\t\t<\/div>\n\n\t\t\n\n\t\t<div class=\"section-content relative\">\n\t\t\t\n\n\t<div id=\"gap-449825367\" class=\"gap-element clearfix\" style=\"display:block; height:auto;\">\n\t\t\n<style>\n#gap-449825367 {\n  padding-top: 15px;\n}\n<\/style>\n\t<\/div>\n\t\n\n<div class=\"container section-title-container\" ><h3 class=\"section-title section-title-normal\"><b><\/b><span class=\"section-title-main\" >\u00dcber Bliss Energetics<\/span><b><\/b><\/h3><\/div>\n\n<div class=\"row\"  id=\"row-1897530852\">\n\n\n\t<div id=\"col-871185917\" class=\"col small-12 large-12\"  >\n\t\t\t\t<div class=\"col-inner\"  >\n\t\t\t\n\t\t\t\n\n<p>Bliss Energetics ist eine ganzheitliche Marke f\u00fcr Mundpflege, die sich der echten Remineralisierung verschrieben hat. Verwurzelt in Ayurveda, Traditioneller Chinesischer Medizin und Mineralwissenschaft ist jede Formel darauf ausgelegt, die nat\u00fcrliche F\u00e4higkeit des K\u00f6rpers zu unterst\u00fctzen, Zahnschmelz wieder aufzubauen und die Z\u00e4hne von innen heraus zu st\u00e4rken. <\/p>\n<p>Dies sind keine herk\u00f6mmlichen Dentalprodukte. Sie setzen auf bioverf\u00fcgbare Mineralstoffe, fettl\u00f6sliche Vitamine und pflanzliches Wissen, um Z\u00e4hne als lebendes Gewebe zu n\u00e4hren \u2013 und gleichzeitig Speichel, Aufnahme und strukturelles Gleichgewicht zu unterst\u00fctzen. <\/p>\n<p>Frei von synthetischen Zusatzstoffen und mit Bedacht hergestellt, verbindet Bliss Energetics hohe Mineraldichte mit energetischem Bewusstsein.<\/p>\n<p>Das ist Mundpflege f\u00fcr alle, die daran glauben, dass Heilung dann geschieht, wenn der K\u00f6rper richtig gen\u00e4hrt wird.<\/p>\n\n\n\t\t<\/div>\n\t\t\t\t\t<\/div>\n\n\t\n\n<\/div>\n\n\t\t<\/div>\n\n\t\t\n<style>\n#section_2084768781 {\n  padding-top: 30px;\n  padding-bottom: 30px;\n}\n#section_2084768781 .section-bg-overlay {\n  background-color: rgba(255, 255, 255, 0.767);\n}\n<\/style>\n\t<\/section>\n\t\n","protected":false},"excerpt":{"rendered":"<p>Eine mineralstoffreiche remineralisierende Zahnpaste zur St\u00e4rkung des Zahnschmelzes und Reduzierung von Empfindlichkeit. Hergestellt mit Hydroxylapatit, Kr\u00e4uterextrakten und nat\u00fcrlichen \u00d6len f\u00fcr die t\u00e4gliche Mundpflege. <\/p>\n","protected":false},"featured_media":372063,"comment_status":"open","ping_status":"closed","template":"","meta":[],"product_brand":[],"product_cat":[22213,1032,1210,1910,20901,20907,511,1038],"product_tag":[],"class_list":{"0":"post-373141","1":"product","2":"type-product","3":"status-publish","4":"has-post-thumbnail","6":"product_cat-bliss-energetics","7":"product_cat-kategorien","8":"product_cat-marken","9":"product_cat-neue-produkte","10":"product_cat-new-additions-healthcare-de","11":"product_cat-new-additions-skincare-de","12":"product_cat-produkte","13":"product_cat-zahnpflege","14":"pa_brand-bliss-energetics","15":"pa_dental-care-product-type-toothpaste-de","16":"pa_dental-care-product-type-tooth-serum-de","17":"pa_size-1-oz-56-g","18":"pa_size-2-oz-109-g","20":"first","21":"outofstock","22":"taxable","23":"shipping-taxable","24":"purchasable","25":"product-type-variable"},"bundled_by":[],"bundle_stock_status":"outofstock","bundle_stock_quantity":null,"bundle_virtual":false,"bundle_layout":"","bundle_add_to_cart_form_location":"","bundle_editable_in_cart":false,"bundle_sold_individually_context":"","bundle_item_grouping":"","bundle_min_size":"","bundle_max_size":"","bundle_price":[],"bundled_items":[],"bundle_sell_ids":[],"atum_controlled":true,"out_stock_date":null,"out_stock_threshold":null,"inheritable":true,"stock_on_hold":2,"sold_today":1,"sales_last_days":7,"out_stock_days":0,"lost_sales":0,"update_date":"2026-05-11T08:33:51","atum_locations":[],"atum_stock_status":"instock","restock_status":false,"low_stock_amount":"","sales_update_date":"2026-05-11T07:05:56","calc_backorders":null,"group_of_quantity":0,"min_quantity":0,"max_quantity":"","exclude_order_quantity_value_rules":"no","exclude_category_quantity_rules":"no","combine_variations":"no","yoast_head":"<!-- This site is optimized with the Yoast SEO Premium plugin v26.5 (Yoast SEO v26.5) - https:\/\/yoast.com\/wordpress\/plugins\/seo\/ -->\n<title>Remineralizing Tooth Puddy - Bliss Energetics<\/title>\n<meta name=\"description\" content=\"Nat\u00fcrliche remineralisierende Zahnpaste mit Hydroxylapatit und Kr\u00e4uterextrakten. Unterst\u00fctzt die Schmelzst\u00e4rke und hilft, Zahnempfindlichkeit zu reduzieren\" \/>\n<meta name=\"robots\" content=\"index, follow, max-snippet:-1, max-image-preview:large, max-video-preview:-1\" \/>\n<link rel=\"canonical\" href=\"https:\/\/dutchhealthstore.com\/de\/product\/remineralizing-tooth-puddy\/\" \/>\n<meta property=\"og:locale\" content=\"de_DE\" \/>\n<meta property=\"og:type\" content=\"article\" \/>\n<meta property=\"og:title\" content=\"Remineralizing Tooth Puddy - Dutch Health Store\" \/>\n<meta property=\"og:description\" content=\"Nat\u00fcrliche remineralisierende Zahnpaste mit Hydroxylapatit und Kr\u00e4uterextrakten. Unterst\u00fctzt die Schmelzst\u00e4rke und hilft, Zahnempfindlichkeit zu reduzieren\" \/>\n<meta property=\"og:url\" content=\"https:\/\/dutchhealthstore.com\/de\/product\/remineralizing-tooth-puddy\/\" \/>\n<meta property=\"og:site_name\" content=\"Dutch Health Store\" \/>\n<meta property=\"article:publisher\" content=\"https:\/\/www.instagram.com\/dutchhealthstore\/\" \/>\n<meta property=\"article:modified_time\" content=\"2026-05-01T12:38:46+00:00\" \/>\n<meta property=\"og:image\" content=\"https:\/\/dutchhealthstore.com\/wp-content\/uploads\/2026\/02\/remineralizing-tooth-puddy.jpg\" \/>\n\t<meta property=\"og:image:width\" content=\"530\" \/>\n\t<meta property=\"og:image:height\" content=\"530\" \/>\n\t<meta property=\"og:image:type\" content=\"image\/jpeg\" \/>\n<meta name=\"twitter:card\" content=\"summary_large_image\" \/>\n<meta name=\"twitter:label1\" content=\"Verf\u00fcgbarkeit\" \/>\n\t<meta name=\"twitter:data1\" content=\"ausverkauft\" \/>\n<script type=\"application\/ld+json\" class=\"yoast-schema-graph\">{\"@context\":\"https:\/\/schema.org\",\"@graph\":[{\"@type\":\"WebPage\",\"@id\":\"https:\/\/dutchhealthstore.com\/de\/product\/remineralizing-tooth-puddy\/\",\"url\":\"https:\/\/dutchhealthstore.com\/de\/product\/remineralizing-tooth-puddy\/\",\"name\":\"Remineralizing Tooth Puddy - Bliss Energetics\",\"isPartOf\":{\"@id\":\"https:\/\/dutchhealthstore.com\/de\/#website\"},\"primaryImageOfPage\":{\"@id\":\"https:\/\/dutchhealthstore.com\/de\/product\/remineralizing-tooth-puddy\/#primaryimage\"},\"image\":{\"@id\":\"https:\/\/dutchhealthstore.com\/de\/product\/remineralizing-tooth-puddy\/#primaryimage\"},\"thumbnailUrl\":\"https:\/\/dutchhealthstore.com\/wp-content\/uploads\/2026\/02\/remineralizing-tooth-puddy.jpg\",\"datePublished\":\"2026-03-03T15:29:30+00:00\",\"dateModified\":\"2026-05-01T12:38:46+00:00\",\"description\":\"Nat\u00fcrliche remineralisierende Zahnpaste mit Hydroxylapatit und Kr\u00e4uterextrakten. Unterst\u00fctzt die Schmelzst\u00e4rke und hilft, Zahnempfindlichkeit zu reduzieren\",\"breadcrumb\":{\"@id\":\"https:\/\/dutchhealthstore.com\/de\/product\/remineralizing-tooth-puddy\/#breadcrumb\"},\"inLanguage\":\"de\",\"potentialAction\":[{\"@type\":\"ReadAction\",\"target\":[\"https:\/\/dutchhealthstore.com\/de\/product\/remineralizing-tooth-puddy\/\"]}]},{\"@type\":\"ImageObject\",\"inLanguage\":\"de\",\"@id\":\"https:\/\/dutchhealthstore.com\/de\/product\/remineralizing-tooth-puddy\/#primaryimage\",\"url\":\"https:\/\/dutchhealthstore.com\/wp-content\/uploads\/2026\/02\/remineralizing-tooth-puddy.jpg\",\"contentUrl\":\"https:\/\/dutchhealthstore.com\/wp-content\/uploads\/2026\/02\/remineralizing-tooth-puddy.jpg\",\"width\":530,\"height\":530,\"caption\":\"remineralizing-tooth-puddy\"},{\"@type\":\"BreadcrumbList\",\"@id\":\"https:\/\/dutchhealthstore.com\/de\/product\/remineralizing-tooth-puddy\/#breadcrumb\",\"itemListElement\":[{\"@type\":\"ListItem\",\"position\":1,\"name\":\"Home\",\"item\":\"https:\/\/dutchhealthstore.com\/de\/\"},{\"@type\":\"ListItem\",\"position\":2,\"name\":\"Shop\",\"item\":\"https:\/\/dutchhealthstore.com\/de\/shop-2\/\"},{\"@type\":\"ListItem\",\"position\":3,\"name\":\"Remineralizing Tooth Puddy\"}]},{\"@type\":\"WebSite\",\"@id\":\"https:\/\/dutchhealthstore.com\/de\/#website\",\"url\":\"https:\/\/dutchhealthstore.com\/de\/\",\"name\":\"Dutch Health Store\",\"description\":\"Enhance Your Beauty with Organic &amp; Natural Skincare\",\"publisher\":{\"@id\":\"https:\/\/dutchhealthstore.com\/de\/#organization\"},\"potentialAction\":[{\"@type\":\"SearchAction\",\"target\":{\"@type\":\"EntryPoint\",\"urlTemplate\":\"https:\/\/dutchhealthstore.com\/de\/?s={search_term_string}\"},\"query-input\":{\"@type\":\"PropertyValueSpecification\",\"valueRequired\":true,\"valueName\":\"search_term_string\"}}],\"inLanguage\":\"de\"},{\"@type\":\"Organization\",\"@id\":\"https:\/\/dutchhealthstore.com\/de\/#organization\",\"name\":\"Dutch Health Store\",\"url\":\"https:\/\/dutchhealthstore.com\/de\/\",\"logo\":{\"@type\":\"ImageObject\",\"inLanguage\":\"de\",\"@id\":\"https:\/\/dutchhealthstore.com\/de\/#\/schema\/logo\/image\/\",\"url\":\"https:\/\/dutchhealthstore.com\/wp-content\/uploads\/2020\/08\/logo-dutchhealthstore-jpg-e1599484957574.jpg\",\"contentUrl\":\"https:\/\/dutchhealthstore.com\/wp-content\/uploads\/2020\/08\/logo-dutchhealthstore-jpg-e1599484957574.jpg\",\"width\":400,\"height\":62,\"caption\":\"Dutch Health Store\"},\"image\":{\"@id\":\"https:\/\/dutchhealthstore.com\/de\/#\/schema\/logo\/image\/\"},\"sameAs\":[\"https:\/\/www.instagram.com\/dutchhealthstore\/\",\"https:\/\/www.facebook.com\/dutchhealthstore\"]}]}<\/script>\n<meta property=\"product:brand\" content=\"Bliss Energetics\" \/>\n<meta property=\"og:availability\" content=\"out of stock\" \/>\n<meta property=\"product:availability\" content=\"out of stock\" \/>\n<meta property=\"product:condition\" content=\"new\" \/>\n<!-- \/ Yoast SEO Premium plugin. -->","yoast_head_json":{"title":"Remineralizing Tooth Puddy - Bliss Energetics","description":"Nat\u00fcrliche remineralisierende Zahnpaste mit Hydroxylapatit und Kr\u00e4uterextrakten. Unterst\u00fctzt die Schmelzst\u00e4rke und hilft, Zahnempfindlichkeit zu reduzieren","robots":{"index":"index","follow":"follow","max-snippet":"max-snippet:-1","max-image-preview":"max-image-preview:large","max-video-preview":"max-video-preview:-1"},"canonical":"https:\/\/dutchhealthstore.com\/de\/product\/remineralizing-tooth-puddy\/","og_locale":"de_DE","og_type":"article","og_title":"Remineralizing Tooth Puddy - Dutch Health Store","og_description":"Nat\u00fcrliche remineralisierende Zahnpaste mit Hydroxylapatit und Kr\u00e4uterextrakten. Unterst\u00fctzt die Schmelzst\u00e4rke und hilft, Zahnempfindlichkeit zu reduzieren","og_url":"https:\/\/dutchhealthstore.com\/de\/product\/remineralizing-tooth-puddy\/","og_site_name":"Dutch Health Store","article_publisher":"https:\/\/www.instagram.com\/dutchhealthstore\/","article_modified_time":"2026-05-01T12:38:46+00:00","og_image":[{"width":530,"height":530,"url":"https:\/\/dutchhealthstore.com\/wp-content\/uploads\/2026\/02\/remineralizing-tooth-puddy.jpg","type":"image\/jpeg"}],"twitter_card":"summary_large_image","twitter_misc":{"Verf\u00fcgbarkeit":"ausverkauft"},"schema":{"@context":"https:\/\/schema.org","@graph":[{"@type":"WebPage","@id":"https:\/\/dutchhealthstore.com\/de\/product\/remineralizing-tooth-puddy\/","url":"https:\/\/dutchhealthstore.com\/de\/product\/remineralizing-tooth-puddy\/","name":"Remineralizing Tooth Puddy - Bliss Energetics","isPartOf":{"@id":"https:\/\/dutchhealthstore.com\/de\/#website"},"primaryImageOfPage":{"@id":"https:\/\/dutchhealthstore.com\/de\/product\/remineralizing-tooth-puddy\/#primaryimage"},"image":{"@id":"https:\/\/dutchhealthstore.com\/de\/product\/remineralizing-tooth-puddy\/#primaryimage"},"thumbnailUrl":"https:\/\/dutchhealthstore.com\/wp-content\/uploads\/2026\/02\/remineralizing-tooth-puddy.jpg","datePublished":"2026-03-03T15:29:30+00:00","dateModified":"2026-05-01T12:38:46+00:00","description":"Nat\u00fcrliche remineralisierende Zahnpaste mit Hydroxylapatit und Kr\u00e4uterextrakten. Unterst\u00fctzt die Schmelzst\u00e4rke und hilft, Zahnempfindlichkeit zu reduzieren","breadcrumb":{"@id":"https:\/\/dutchhealthstore.com\/de\/product\/remineralizing-tooth-puddy\/#breadcrumb"},"inLanguage":"de","potentialAction":[{"@type":"ReadAction","target":["https:\/\/dutchhealthstore.com\/de\/product\/remineralizing-tooth-puddy\/"]}]},{"@type":"ImageObject","inLanguage":"de","@id":"https:\/\/dutchhealthstore.com\/de\/product\/remineralizing-tooth-puddy\/#primaryimage","url":"https:\/\/dutchhealthstore.com\/wp-content\/uploads\/2026\/02\/remineralizing-tooth-puddy.jpg","contentUrl":"https:\/\/dutchhealthstore.com\/wp-content\/uploads\/2026\/02\/remineralizing-tooth-puddy.jpg","width":530,"height":530,"caption":"remineralizing-tooth-puddy"},{"@type":"BreadcrumbList","@id":"https:\/\/dutchhealthstore.com\/de\/product\/remineralizing-tooth-puddy\/#breadcrumb","itemListElement":[{"@type":"ListItem","position":1,"name":"Home","item":"https:\/\/dutchhealthstore.com\/de\/"},{"@type":"ListItem","position":2,"name":"Shop","item":"https:\/\/dutchhealthstore.com\/de\/shop-2\/"},{"@type":"ListItem","position":3,"name":"Remineralizing Tooth Puddy"}]},{"@type":"WebSite","@id":"https:\/\/dutchhealthstore.com\/de\/#website","url":"https:\/\/dutchhealthstore.com\/de\/","name":"Dutch Health Store","description":"Enhance Your Beauty with Organic &amp; Natural Skincare","publisher":{"@id":"https:\/\/dutchhealthstore.com\/de\/#organization"},"potentialAction":[{"@type":"SearchAction","target":{"@type":"EntryPoint","urlTemplate":"https:\/\/dutchhealthstore.com\/de\/?s={search_term_string}"},"query-input":{"@type":"PropertyValueSpecification","valueRequired":true,"valueName":"search_term_string"}}],"inLanguage":"de"},{"@type":"Organization","@id":"https:\/\/dutchhealthstore.com\/de\/#organization","name":"Dutch Health Store","url":"https:\/\/dutchhealthstore.com\/de\/","logo":{"@type":"ImageObject","inLanguage":"de","@id":"https:\/\/dutchhealthstore.com\/de\/#\/schema\/logo\/image\/","url":"https:\/\/dutchhealthstore.com\/wp-content\/uploads\/2020\/08\/logo-dutchhealthstore-jpg-e1599484957574.jpg","contentUrl":"https:\/\/dutchhealthstore.com\/wp-content\/uploads\/2020\/08\/logo-dutchhealthstore-jpg-e1599484957574.jpg","width":400,"height":62,"caption":"Dutch Health Store"},"image":{"@id":"https:\/\/dutchhealthstore.com\/de\/#\/schema\/logo\/image\/"},"sameAs":["https:\/\/www.instagram.com\/dutchhealthstore\/","https:\/\/www.facebook.com\/dutchhealthstore"]}]},"product_brand":"Bliss Energetics","og_availability":"out of stock","product_availability":"out of stock","product_condition":"new"},"_links":{"self":[{"href":"https:\/\/dutchhealthstore.com\/de\/wp-json\/wp\/v2\/product\/373141","targetHints":{"allow":["GET"]}}],"collection":[{"href":"https:\/\/dutchhealthstore.com\/de\/wp-json\/wp\/v2\/product"}],"about":[{"href":"https:\/\/dutchhealthstore.com\/de\/wp-json\/wp\/v2\/types\/product"}],"replies":[{"embeddable":true,"href":"https:\/\/dutchhealthstore.com\/de\/wp-json\/wp\/v2\/comments?post=373141"}],"wp:featuredmedia":[{"embeddable":true,"href":"https:\/\/dutchhealthstore.com\/de\/wp-json\/wp\/v2\/media\/372063"}],"wp:attachment":[{"href":"https:\/\/dutchhealthstore.com\/de\/wp-json\/wp\/v2\/media?parent=373141"}],"wp:term":[{"taxonomy":"product_brand","embeddable":true,"href":"https:\/\/dutchhealthstore.com\/de\/wp-json\/wp\/v2\/product_brand?post=373141"},{"taxonomy":"product_cat","embeddable":true,"href":"https:\/\/dutchhealthstore.com\/de\/wp-json\/wp\/v2\/product_cat?post=373141"},{"taxonomy":"product_tag","embeddable":true,"href":"https:\/\/dutchhealthstore.com\/de\/wp-json\/wp\/v2\/product_tag?post=373141"}],"curies":[{"name":"wp","href":"https:\/\/api.w.org\/{rel}","templated":true}]}}