{"id":372721,"date":"2026-02-23T11:34:29","date_gmt":"2026-02-23T10:34:29","guid":{"rendered":"https:\/\/dutchhealthstore.com\/product\/le-paillis-de-jardin-garden-mulch-vitamin-c-emulsion-facial-mask\/"},"modified":"2026-03-23T14:29:34","modified_gmt":"2026-03-23T13:29:34","slug":"le-paillis-de-jardin-garden-mulch-vitamin-c-emulsion-facial-mask","status":"publish","type":"product","link":"https:\/\/dutchhealthstore.com\/de\/product\/le-paillis-de-jardin-garden-mulch-vitamin-c-emulsion-facial-mask\/","title":{"rendered":"Le Paillis de Jardin \u2018Garden Mulch\u2019 Vitamin C Emulsion Facial Mask"},"content":{"rendered":"<p>Mit hausdestillierten Essenzen und langsamen Fermentationen hergestellt, wird jeder Inhaltsstoff sorgf\u00e4ltig nach seiner regenerierenden Kraft und sichtbaren Wirkung ausgew\u00e4hlt. Der satte blaugr\u00fcne Ton, gesprenkelt mit leuchtenden Ringelblumenbl\u00fcten, spiegelt die Potenz der Pflanzen im Inneren wider. Diese Maske l\u00e4dt Sie in ein erdendes Ritual ein und n\u00e4hrt sowie revitalisiert Ihren Teint tiefenwirksam \u2013 passend zur Saison.  <\/p>\n<p>Die Textur ist dick und sirupartig, weich und leicht klebrig und bietet eine sanfte Exfoliation mit einem glatten, taufrischen Finish. Die Formel macht die Haut geschmeidig, verfeinert sie und unterst\u00fctzt die Erneuerung.  F\u00fcr alle Hauttypen geeignet.<\/p>\n<h3>Das Ritual<\/h3>\n<p>Diese auf Propolis-Honig basierende Maske kann beim Abk\u00fchlen auf nat\u00fcrliche Weise fester werden \u2013 eine sch\u00f6ne Eigenschaft der Arbeit mit rohen, unverarbeiteten Zutaten.<\/p>\n<p>Zur Aktivierung eine kleine Menge in die Handfl\u00e4che geben und ein paar Tropfen Wasser oder Fallen Fruit Luminous Nectar Drops hinzuf\u00fcgen. Sanft zwischen den Fingerspitzen erw\u00e4rmen, bis sie seidig und streichf\u00e4hig wird. Auf feuchte oder frisch bespr\u00fchte Haut auftragen.  <\/p>\n<p>Sie k\u00f6nnen Ihr Ritual w\u00e4hlen:<\/p>\n<p>\u2022 Sanft in kreisenden Bewegungen einmassieren \u2013 f\u00fcr leichte Exfoliation und Stimulation.<br \/>\n\u2022 Oder die Maske ruhig einwirken lassen, damit die Botanicals Unreinheiten herausziehen und zugleich neue Strahlkraft schenken.<\/p>\n<p>Folgen Sie jedes Mal dem, was Ihre Haut braucht. Die Augenpartie aussparen und anschlie\u00dfend gr\u00fcndlich mit warmem Wasser absp\u00fclen. <\/p>\n<p><em>Innerhalb von 6 Monaten nach dem \u00d6ffnen verwenden. K\u00fchl, trocken und dunkel lagern.<\/em><\/p>\n<h3>Aktive Botanicals<\/h3>\n<p><em>Purple Corn (Heirloom)<\/em><\/p>\n<p>Von Natur aus reich an Vitamin C und Antioxidantien hilft Purple Corn, fahle Haut aufzuhellen und das Erscheinungsbild dunkler Flecken zu mindern. Sie unterst\u00fctzt die Kollagenbildung, verbessert Festigkeit und Elastizit\u00e4t und sch\u00fctzt vor Umweltstress. <\/p>\n<p><em>Acerola-Kirsche<\/em><\/p>\n<p>Als kraftvolle Quelle nat\u00fcrlichen Vitamin C unterst\u00fctzt Acerola die Kollagensynthese und hilft, die Hautfestigkeit zu bewahren. Ihr antioxidatives Profil sch\u00fctzt vor UV- und Umweltstress und f\u00f6rdert einen strahlenderen, ebenm\u00e4\u00dfigeren Teint. <\/p>\n<p><em>Fermentierte Ringelblumenbl\u00fcten<\/em><\/p>\n<p>Ringelblume liefert nat\u00fcrliches Vitamin C und antioxidative Unterst\u00fctzung. Sie hilft, Irritationen zu beruhigen, R\u00f6tungen zu mildern und einen ungleichm\u00e4\u00dfigen Hautton aufzuhellen \u2013 ideal f\u00fcr empfindliche oder gestresste Haut. <\/p>\n<p><em>Blaue Spirulina<\/em><\/p>\n<p>Enth\u00e4lt nat\u00fcrliches Vitamin C und Antioxidantien, die helfen, Mattheit zu reduzieren und einen leuchtenden Glow zu f\u00f6rdern. Unterst\u00fctzt die Kollagenproduktion und hilft, das Erscheinungsbild feiner Linien zu gl\u00e4tten. <\/p>\n<p><em>Brennnessel-Ferment<\/em><\/p>\n<p>Reich an Vitamin C und sch\u00fctzenden Antioxidantien hilft Brennnessel, einen ungleichm\u00e4\u00dfigen Hautton zu verbessern und vor oxidativem Stress zu sch\u00fctzen. Sie unterst\u00fctzt eine festere, widerstandsf\u00e4higere Haut. <\/p>\n<p><em>Neuschottische Rosenfrucht<\/em><\/p>\n<p>Vollgepackt mit Vitamin C gl\u00e4ttet Hagebutte die Haut sanft und liefert zugleich essenzielle N\u00e4hrstoffe. Sie unterst\u00fctzt die Kollagenproduktion, beruhigt Entz\u00fcndungen und steigert Strahlkraft und Vitalit\u00e4t. <\/p>\n<p><em>Rotes Himbeerblatt<\/em><\/p>\n<p>Frisch gepresst und n\u00e4hrstoffreich enth\u00e4lt rotes Himbeerblatt essenzielle Fetts\u00e4uren, Carotinoide und Flavonoide, die die Widerstandskraft der Haut st\u00e4rken \u2013 besonders nach Sonneneinwirkung.<\/p>\n<p><em>Gereifter regionaler Honig<\/em><\/p>\n<p>Rohhonig liefert nat\u00fcrliche Enzyme, die sanft exfolieren und eine gesunde Zellerneuerung f\u00f6rdern. Seine antimikrobiellen Eigenschaften unterst\u00fctzen ein ausgeglichenes Hautmikrobiom, w\u00e4hrend seine feuchtigkeitsbindenden Eigenschaften tiefenwirksam hydratisieren \u2013 f\u00fcr weiche, strahlende Haut. <\/p>\n<p>Wir arbeiten mit lokalen Imker:innen zusammen, die das Wohl der Bienen und \u00f6kologische Nachhaltigkeit priorisieren \u2013 f\u00fcr eine ethische und bewusste Honigbeschaffung.<\/p>\n<p><strong>Diese Formel ist vollst\u00e4ndig frei von \u00e4therischen \u00d6len.<\/strong><\/p>\n<p><strong>Alle Inhaltsstoffe sind biologisch, wildgesammelt und nachhaltig, ethisch und regional bezogen.<\/strong><\/p>\n<p><strong>Gr\u00f6\u00dfe: 30 ml<\/strong><\/p>\n<h3><strong>Nat\u00fcrliche \/ biologische Inhaltsstoffe <\/strong><\/h3>\n<p>Bioregionale Eibischwurzel ( <em>Althaea officinalis<\/em>), fermentierter Purple Corn (Heirloom) ( <em>Zea mays<\/em>), Sanddorn aus Nova Scotia ( <em>Hippophae rhamnoides<\/em>), Acerola ( <em>Malpighia emarginata<\/em>), blaue Spirulina-Alge ( <em>Phycocyanin<\/em>), bioregionale Brennnessel ( <em>Urtica dioica<\/em>), S\u00fc\u00dfholz ( <em>Glycyrrhiza glabra<\/em>), biodynamisches Rotes-Himbeersamen\u00f6l ( <em>Rubus idaeus<\/em>), Tamanu ( <em>Calophyllum inophyllum<\/em>), K\u00fcrbiskern ( <em>Cucurbita pepo<\/em>), Hagebuttensamen\u00f6l (<em>Rosa canina<\/em>), Jojoba (<em>Simmondsia chinensis<\/em>), Ringelblumenbl\u00fcten (<em>Calendula officinalis<\/em>), fermentierter und gereifter Rohhonig, Gletscherschluff-Tonerde (<em>Montmorillonite<\/em>).<\/p>\n\n\t<section class=\"section dark\" id=\"section_725210170\">\n\t\t<div class=\"section-bg fill\" >\n\t\t\t<img fetchpriority=\"high\" decoding=\"async\" width=\"1200\" height=\"604\" src=\"https:\/\/dutchhealthstore.com\/wp-content\/uploads\/2026\/02\/bgux.jpg\" class=\"bg attachment- size-\" alt=\"\" \/>\t\t\t\t\t\t<div class=\"section-bg-overlay absolute fill\"><\/div>\n\t\t\t\n\n\t\t<\/div>\n\n\t\t\n\n\t\t<div class=\"section-content relative\">\n\t\t\t\n\n\t<div id=\"gap-256193456\" class=\"gap-element clearfix\" style=\"display:block; height:auto;\">\n\t\t\n<style>\n#gap-256193456 {\n  padding-top: 15px;\n}\n<\/style>\n\t<\/div>\n\t\n\n<div class=\"container section-title-container\" ><h3 class=\"section-title section-title-normal\"><b><\/b><span class=\"section-title-main\" >\u00dcber Tidelands House<\/span><b><\/b><\/h3><\/div>\n\n<div class=\"row\"  id=\"row-295392139\">\n\n\n\t<div id=\"col-25483\" class=\"col small-12 large-12\"  >\n\t\t\t\t<div class=\"col-inner\"  >\n\t\t\t\n\t\t\t\n\n<p>Tidelands House ist ein kanadisches Atelier f\u00fcr botanische Hautpflege, das von der Kr\u00e4uterkundlerin Dominique Del Col gegr\u00fcndet wurde. Jede Rezeptur wird in Handarbeit in einem sonnendurchfluteten Destillierraum in einem restaurierten Steinhaus aus dem 19. Jahrhundert hergestellt, wo Kr\u00e4uter von Holzbalken h\u00e4ngen und Botanicals im Rhythmus der Jahreszeiten zubereitet werden.<\/p>\n<p>Wild gesammelte Pflanzen, biodynamischer Anbau und Meeresbotanicals von Kanadas Ostk\u00fcste bilden das Herzst\u00fcck jeder Zubereitung. Die Inhaltsstoffe werden zum Zeitpunkt ihrer h\u00f6chsten Vitalit\u00e4t geerntet und in Kleinstmengen verarbeitet, um Wirksamkeit, Frische und energetische Integrit\u00e4t zu bewahren. <\/p>\n<p>Keine synthetischen Zusatzstoffe. Keine unn\u00f6tigen F\u00fcllstoffe. Nur n\u00e4hrstoffreiche botanische Extrakte, fermentierte Bl\u00fctenessenzen und reine Pflanzen\u00f6le in traditionsbewusstem Milchglas.  <\/p>\n<p>Tidelands House ist langsame, bewusste Hautpflege \u2013 verwurzelt in der Natur, im Ritual und im Respekt vor Tradition sowie moderner botanischer Wissenschaft.<\/p>\n\n\n\t\t<\/div>\n\t\t\t\t\t<\/div>\n\n\t\n\n<\/div>\n\n\t\t<\/div>\n\n\t\t\n<style>\n#section_725210170 {\n  padding-top: 30px;\n  padding-bottom: 30px;\n  background-color: rgb(40, 40, 40);\n}\n#section_725210170 .section-bg-overlay {\n  background-color: rgba(0, 0, 0, 0.477);\n}\n#section_725210170 .section-bg img {\n  object-position: 51% 73%;\n}\n<\/style>\n\t<\/section>\n\t\n","protected":false},"excerpt":{"rendered":"<p>Le Paillis de Jardin ist eine lebendige, polierende Emulsionsmaske \u2013 inspiriert von unserer fortlaufenden Erforschung nat\u00fcrlich gewonnenen Vitamin C und kraftvoller bioregionaler Botanicals.<\/p>\n","protected":false},"featured_media":371656,"comment_status":"open","ping_status":"closed","template":"","meta":[],"product_brand":[],"product_cat":[14735,21011,20921,20946,1227,5633,5669,5678,1032,1210,5635,1119,5679,5637,5638,1910,20907,5636,5632,5101,511,22207,5631,5634],"product_tag":[],"class_list":{"0":"post-372721","1":"product","2":"type-product","3":"status-publish","4":"has-post-thumbnail","6":"product_cat-hautpflege","7":"product_cat-peelings-peelingsalben","8":"product_cat-reife-alternde-haut","9":"product_cat-trocken-de","10":"product_cat-sensitive-skin-redness-de","11":"product_cat-sensitive-skin-redness-de-2","12":"product_cat-oily-skin-clogged-pores-de","13":"product_cat-oily-skin-clogged-pores-de-2","14":"product_cat-kategorien","15":"product_cat-marken","16":"product_cat-masks-scrubs-exfoliators-de-6","17":"product_cat-masks-scrubs-exfoliators-de-5","18":"product_cat-masks-scrubs-exfoliators-de-2","19":"product_cat-masks-scrubs-exfoliators-de","20":"product_cat-masks-scrubs-exfoliators-de-4","21":"product_cat-neue-produkte","22":"product_cat-new-additions-skincare-de","23":"product_cat-normal-or-combination-skin-de-2","24":"product_cat-normal-or-combination-skin-de","25":"product_cat-by-skin-type-de-4","26":"product_cat-produkte","27":"product_cat-tidelands-house","28":"product_cat-dry-mature-ageing-skin-de","29":"product_cat-dry-mature-ageing-skin-de-2","30":"pa_brand-tidelands-house","31":"pa_gtin-22314","32":"pa_size-30-ml-3-de","33":"pa_skincare-type-masks-scrubs-exfoliators-de","35":"first","36":"instock","37":"taxable","38":"shipping-taxable","39":"purchasable","40":"product-type-simple"},"bundled_by":[],"bundle_stock_status":"instock","bundle_stock_quantity":2,"bundle_virtual":false,"bundle_layout":"","bundle_add_to_cart_form_location":"","bundle_editable_in_cart":false,"bundle_sold_individually_context":"","bundle_item_grouping":"","bundle_min_size":"","bundle_max_size":"","bundle_price":[],"bundled_items":[],"bundle_sell_ids":[372493,372496,372686,372467],"atum_controlled":true,"out_stock_date":null,"out_stock_threshold":null,"inheritable":false,"stock_on_hold":1,"sold_today":0,"sales_last_days":1,"out_stock_days":0,"lost_sales":0,"update_date":"2026-04-07T06:56:24","atum_locations":[],"atum_stock_status":"instock","restock_status":false,"low_stock_amount":"","sales_update_date":"2026-04-07T06:56:24","calc_backorders":null,"group_of_quantity":0,"min_quantity":0,"max_quantity":"","exclude_order_quantity_value_rules":"no","exclude_category_quantity_rules":"no","combine_variations":"no","yoast_head":"<!-- This site is optimized with the Yoast SEO Premium plugin v26.5 (Yoast SEO v26.5) - https:\/\/yoast.com\/wordpress\/plugins\/seo\/ -->\n<title>Le Paillis de Jardin \u2018Garden Mulch\u2019 Vitamin C Emulsion Facial Mask - Tidelands House<\/title>\n<meta name=\"description\" content=\"Le Paillis de Jardin ist eine lebendige, polierende Emulsionsmaske \u2013 inspiriert von unserer fortlaufenden Erforschung nat\u00fcrlich gewonnenen Vitamin C und kraftvoller bioregionaler Botanicals.\" \/>\n<meta name=\"robots\" content=\"index, follow, max-snippet:-1, max-image-preview:large, max-video-preview:-1\" \/>\n<link rel=\"canonical\" href=\"https:\/\/dutchhealthstore.com\/de\/product\/le-paillis-de-jardin-garden-mulch-vitamin-c-emulsion-facial-mask\/\" \/>\n<meta property=\"og:locale\" content=\"de_DE\" \/>\n<meta property=\"og:type\" content=\"article\" \/>\n<meta property=\"og:title\" content=\"Le Paillis de Jardin \u2018Garden Mulch\u2019 Vitamin C Emulsion Facial Mask - Dutch Health Store\" \/>\n<meta property=\"og:description\" content=\"Le Paillis de Jardin ist eine lebendige, polierende Emulsionsmaske \u2013 inspiriert von unserer fortlaufenden Erforschung nat\u00fcrlich gewonnenen Vitamin C und kraftvoller bioregionaler Botanicals.\" \/>\n<meta property=\"og:url\" content=\"https:\/\/dutchhealthstore.com\/de\/product\/le-paillis-de-jardin-garden-mulch-vitamin-c-emulsion-facial-mask\/\" \/>\n<meta property=\"og:site_name\" content=\"Dutch Health Store\" \/>\n<meta property=\"article:publisher\" content=\"https:\/\/www.instagram.com\/dutchhealthstore\/\" \/>\n<meta property=\"article:modified_time\" content=\"2026-03-23T13:29:34+00:00\" \/>\n<meta property=\"og:image\" content=\"https:\/\/dutchhealthstore.com\/wp-content\/uploads\/2026\/02\/Untitled-design-2026-02-16T161937.865.jpg\" \/>\n\t<meta property=\"og:image:width\" content=\"530\" \/>\n\t<meta property=\"og:image:height\" content=\"530\" \/>\n\t<meta property=\"og:image:type\" content=\"image\/jpeg\" \/>\n<meta name=\"twitter:card\" content=\"summary_large_image\" \/>\n<meta name=\"twitter:label1\" content=\"Preis\" \/>\n\t<meta name=\"twitter:data1\" content=\"&euro;43,00\" \/>\n\t<meta name=\"twitter:label2\" content=\"Verf\u00fcgbarkeit\" \/>\n\t<meta name=\"twitter:data2\" content=\"Auf Lager\" \/>\n<script type=\"application\/ld+json\" class=\"yoast-schema-graph\">{\"@context\":\"https:\/\/schema.org\",\"@graph\":[{\"@type\":\"WebPage\",\"@id\":\"https:\/\/dutchhealthstore.com\/de\/product\/le-paillis-de-jardin-garden-mulch-vitamin-c-emulsion-facial-mask\/\",\"url\":\"https:\/\/dutchhealthstore.com\/de\/product\/le-paillis-de-jardin-garden-mulch-vitamin-c-emulsion-facial-mask\/\",\"name\":\"Le Paillis de Jardin \u2018Garden Mulch\u2019 Vitamin C Emulsion Facial Mask - Tidelands House\",\"isPartOf\":{\"@id\":\"https:\/\/dutchhealthstore.com\/de\/#website\"},\"primaryImageOfPage\":{\"@id\":\"https:\/\/dutchhealthstore.com\/de\/product\/le-paillis-de-jardin-garden-mulch-vitamin-c-emulsion-facial-mask\/#primaryimage\"},\"image\":{\"@id\":\"https:\/\/dutchhealthstore.com\/de\/product\/le-paillis-de-jardin-garden-mulch-vitamin-c-emulsion-facial-mask\/#primaryimage\"},\"thumbnailUrl\":\"https:\/\/dutchhealthstore.com\/wp-content\/uploads\/2026\/02\/Untitled-design-2026-02-16T161937.865.jpg\",\"datePublished\":\"2026-02-23T10:34:29+00:00\",\"dateModified\":\"2026-03-23T13:29:34+00:00\",\"description\":\"Le Paillis de Jardin ist eine lebendige, polierende Emulsionsmaske \u2013 inspiriert von unserer fortlaufenden Erforschung nat\u00fcrlich gewonnenen Vitamin C und kraftvoller bioregionaler Botanicals.\",\"breadcrumb\":{\"@id\":\"https:\/\/dutchhealthstore.com\/de\/product\/le-paillis-de-jardin-garden-mulch-vitamin-c-emulsion-facial-mask\/#breadcrumb\"},\"inLanguage\":\"de\",\"potentialAction\":[{\"@type\":\"ReadAction\",\"target\":[\"https:\/\/dutchhealthstore.com\/de\/product\/le-paillis-de-jardin-garden-mulch-vitamin-c-emulsion-facial-mask\/\"]}]},{\"@type\":\"ImageObject\",\"inLanguage\":\"de\",\"@id\":\"https:\/\/dutchhealthstore.com\/de\/product\/le-paillis-de-jardin-garden-mulch-vitamin-c-emulsion-facial-mask\/#primaryimage\",\"url\":\"https:\/\/dutchhealthstore.com\/wp-content\/uploads\/2026\/02\/Untitled-design-2026-02-16T161937.865.jpg\",\"contentUrl\":\"https:\/\/dutchhealthstore.com\/wp-content\/uploads\/2026\/02\/Untitled-design-2026-02-16T161937.865.jpg\",\"width\":530,\"height\":530,\"caption\":\"tidelands-house-le-pailles-de-jardin\"},{\"@type\":\"BreadcrumbList\",\"@id\":\"https:\/\/dutchhealthstore.com\/de\/product\/le-paillis-de-jardin-garden-mulch-vitamin-c-emulsion-facial-mask\/#breadcrumb\",\"itemListElement\":[{\"@type\":\"ListItem\",\"position\":1,\"name\":\"Home\",\"item\":\"https:\/\/dutchhealthstore.com\/de\/\"},{\"@type\":\"ListItem\",\"position\":2,\"name\":\"Shop\",\"item\":\"https:\/\/dutchhealthstore.com\/de\/shop-2\/\"},{\"@type\":\"ListItem\",\"position\":3,\"name\":\"Le Paillis de Jardin \u2018Garden Mulch\u2019 Vitamin C Emulsion Facial Mask\"}]},{\"@type\":\"WebSite\",\"@id\":\"https:\/\/dutchhealthstore.com\/de\/#website\",\"url\":\"https:\/\/dutchhealthstore.com\/de\/\",\"name\":\"Dutch Health Store\",\"description\":\"Enhance Your Beauty with Organic &amp; Natural Skincare\",\"publisher\":{\"@id\":\"https:\/\/dutchhealthstore.com\/de\/#organization\"},\"potentialAction\":[{\"@type\":\"SearchAction\",\"target\":{\"@type\":\"EntryPoint\",\"urlTemplate\":\"https:\/\/dutchhealthstore.com\/de\/?s={search_term_string}\"},\"query-input\":{\"@type\":\"PropertyValueSpecification\",\"valueRequired\":true,\"valueName\":\"search_term_string\"}}],\"inLanguage\":\"de\"},{\"@type\":\"Organization\",\"@id\":\"https:\/\/dutchhealthstore.com\/de\/#organization\",\"name\":\"Dutch Health Store\",\"url\":\"https:\/\/dutchhealthstore.com\/de\/\",\"logo\":{\"@type\":\"ImageObject\",\"inLanguage\":\"de\",\"@id\":\"https:\/\/dutchhealthstore.com\/de\/#\/schema\/logo\/image\/\",\"url\":\"https:\/\/dutchhealthstore.com\/wp-content\/uploads\/2020\/08\/logo-dutchhealthstore-jpg-e1599484957574.jpg\",\"contentUrl\":\"https:\/\/dutchhealthstore.com\/wp-content\/uploads\/2020\/08\/logo-dutchhealthstore-jpg-e1599484957574.jpg\",\"width\":400,\"height\":62,\"caption\":\"Dutch Health Store\"},\"image\":{\"@id\":\"https:\/\/dutchhealthstore.com\/de\/#\/schema\/logo\/image\/\"},\"sameAs\":[\"https:\/\/www.instagram.com\/dutchhealthstore\/\",\"https:\/\/www.facebook.com\/dutchhealthstore\"]}]}<\/script>\n<meta property=\"product:brand\" content=\"Tidelands House\" \/>\n<meta property=\"product:price:amount\" content=\"43.00\" \/>\n<meta property=\"product:price:currency\" content=\"EUR\" \/>\n<meta property=\"og:availability\" content=\"instock\" \/>\n<meta property=\"product:availability\" content=\"instock\" \/>\n<meta property=\"product:condition\" content=\"new\" \/>\n<!-- \/ Yoast SEO Premium plugin. -->","yoast_head_json":{"title":"Le Paillis de Jardin \u2018Garden Mulch\u2019 Vitamin C Emulsion Facial Mask - Tidelands House","description":"Le Paillis de Jardin ist eine lebendige, polierende Emulsionsmaske \u2013 inspiriert von unserer fortlaufenden Erforschung nat\u00fcrlich gewonnenen Vitamin C und kraftvoller bioregionaler Botanicals.","robots":{"index":"index","follow":"follow","max-snippet":"max-snippet:-1","max-image-preview":"max-image-preview:large","max-video-preview":"max-video-preview:-1"},"canonical":"https:\/\/dutchhealthstore.com\/de\/product\/le-paillis-de-jardin-garden-mulch-vitamin-c-emulsion-facial-mask\/","og_locale":"de_DE","og_type":"article","og_title":"Le Paillis de Jardin \u2018Garden Mulch\u2019 Vitamin C Emulsion Facial Mask - Dutch Health Store","og_description":"Le Paillis de Jardin ist eine lebendige, polierende Emulsionsmaske \u2013 inspiriert von unserer fortlaufenden Erforschung nat\u00fcrlich gewonnenen Vitamin C und kraftvoller bioregionaler Botanicals.","og_url":"https:\/\/dutchhealthstore.com\/de\/product\/le-paillis-de-jardin-garden-mulch-vitamin-c-emulsion-facial-mask\/","og_site_name":"Dutch Health Store","article_publisher":"https:\/\/www.instagram.com\/dutchhealthstore\/","article_modified_time":"2026-03-23T13:29:34+00:00","og_image":[{"width":530,"height":530,"url":"https:\/\/dutchhealthstore.com\/wp-content\/uploads\/2026\/02\/Untitled-design-2026-02-16T161937.865.jpg","type":"image\/jpeg"}],"twitter_card":"summary_large_image","twitter_misc":{"Preis":"&euro;43,00","Verf\u00fcgbarkeit":"Auf Lager"},"schema":{"@context":"https:\/\/schema.org","@graph":[{"@type":"WebPage","@id":"https:\/\/dutchhealthstore.com\/de\/product\/le-paillis-de-jardin-garden-mulch-vitamin-c-emulsion-facial-mask\/","url":"https:\/\/dutchhealthstore.com\/de\/product\/le-paillis-de-jardin-garden-mulch-vitamin-c-emulsion-facial-mask\/","name":"Le Paillis de Jardin \u2018Garden Mulch\u2019 Vitamin C Emulsion Facial Mask - Tidelands House","isPartOf":{"@id":"https:\/\/dutchhealthstore.com\/de\/#website"},"primaryImageOfPage":{"@id":"https:\/\/dutchhealthstore.com\/de\/product\/le-paillis-de-jardin-garden-mulch-vitamin-c-emulsion-facial-mask\/#primaryimage"},"image":{"@id":"https:\/\/dutchhealthstore.com\/de\/product\/le-paillis-de-jardin-garden-mulch-vitamin-c-emulsion-facial-mask\/#primaryimage"},"thumbnailUrl":"https:\/\/dutchhealthstore.com\/wp-content\/uploads\/2026\/02\/Untitled-design-2026-02-16T161937.865.jpg","datePublished":"2026-02-23T10:34:29+00:00","dateModified":"2026-03-23T13:29:34+00:00","description":"Le Paillis de Jardin ist eine lebendige, polierende Emulsionsmaske \u2013 inspiriert von unserer fortlaufenden Erforschung nat\u00fcrlich gewonnenen Vitamin C und kraftvoller bioregionaler Botanicals.","breadcrumb":{"@id":"https:\/\/dutchhealthstore.com\/de\/product\/le-paillis-de-jardin-garden-mulch-vitamin-c-emulsion-facial-mask\/#breadcrumb"},"inLanguage":"de","potentialAction":[{"@type":"ReadAction","target":["https:\/\/dutchhealthstore.com\/de\/product\/le-paillis-de-jardin-garden-mulch-vitamin-c-emulsion-facial-mask\/"]}]},{"@type":"ImageObject","inLanguage":"de","@id":"https:\/\/dutchhealthstore.com\/de\/product\/le-paillis-de-jardin-garden-mulch-vitamin-c-emulsion-facial-mask\/#primaryimage","url":"https:\/\/dutchhealthstore.com\/wp-content\/uploads\/2026\/02\/Untitled-design-2026-02-16T161937.865.jpg","contentUrl":"https:\/\/dutchhealthstore.com\/wp-content\/uploads\/2026\/02\/Untitled-design-2026-02-16T161937.865.jpg","width":530,"height":530,"caption":"tidelands-house-le-pailles-de-jardin"},{"@type":"BreadcrumbList","@id":"https:\/\/dutchhealthstore.com\/de\/product\/le-paillis-de-jardin-garden-mulch-vitamin-c-emulsion-facial-mask\/#breadcrumb","itemListElement":[{"@type":"ListItem","position":1,"name":"Home","item":"https:\/\/dutchhealthstore.com\/de\/"},{"@type":"ListItem","position":2,"name":"Shop","item":"https:\/\/dutchhealthstore.com\/de\/shop-2\/"},{"@type":"ListItem","position":3,"name":"Le Paillis de Jardin \u2018Garden Mulch\u2019 Vitamin C Emulsion Facial Mask"}]},{"@type":"WebSite","@id":"https:\/\/dutchhealthstore.com\/de\/#website","url":"https:\/\/dutchhealthstore.com\/de\/","name":"Dutch Health Store","description":"Enhance Your Beauty with Organic &amp; Natural Skincare","publisher":{"@id":"https:\/\/dutchhealthstore.com\/de\/#organization"},"potentialAction":[{"@type":"SearchAction","target":{"@type":"EntryPoint","urlTemplate":"https:\/\/dutchhealthstore.com\/de\/?s={search_term_string}"},"query-input":{"@type":"PropertyValueSpecification","valueRequired":true,"valueName":"search_term_string"}}],"inLanguage":"de"},{"@type":"Organization","@id":"https:\/\/dutchhealthstore.com\/de\/#organization","name":"Dutch Health Store","url":"https:\/\/dutchhealthstore.com\/de\/","logo":{"@type":"ImageObject","inLanguage":"de","@id":"https:\/\/dutchhealthstore.com\/de\/#\/schema\/logo\/image\/","url":"https:\/\/dutchhealthstore.com\/wp-content\/uploads\/2020\/08\/logo-dutchhealthstore-jpg-e1599484957574.jpg","contentUrl":"https:\/\/dutchhealthstore.com\/wp-content\/uploads\/2020\/08\/logo-dutchhealthstore-jpg-e1599484957574.jpg","width":400,"height":62,"caption":"Dutch Health Store"},"image":{"@id":"https:\/\/dutchhealthstore.com\/de\/#\/schema\/logo\/image\/"},"sameAs":["https:\/\/www.instagram.com\/dutchhealthstore\/","https:\/\/www.facebook.com\/dutchhealthstore"]}]},"product_brand":"Tidelands House","product_price_amount":"43.00","product_price_currency":"EUR","og_availability":"instock","product_availability":"instock","product_condition":"new"},"_links":{"self":[{"href":"https:\/\/dutchhealthstore.com\/de\/wp-json\/wp\/v2\/product\/372721","targetHints":{"allow":["GET"]}}],"collection":[{"href":"https:\/\/dutchhealthstore.com\/de\/wp-json\/wp\/v2\/product"}],"about":[{"href":"https:\/\/dutchhealthstore.com\/de\/wp-json\/wp\/v2\/types\/product"}],"replies":[{"embeddable":true,"href":"https:\/\/dutchhealthstore.com\/de\/wp-json\/wp\/v2\/comments?post=372721"}],"wp:featuredmedia":[{"embeddable":true,"href":"https:\/\/dutchhealthstore.com\/de\/wp-json\/wp\/v2\/media\/371656"}],"wp:attachment":[{"href":"https:\/\/dutchhealthstore.com\/de\/wp-json\/wp\/v2\/media?parent=372721"}],"wp:term":[{"taxonomy":"product_brand","embeddable":true,"href":"https:\/\/dutchhealthstore.com\/de\/wp-json\/wp\/v2\/product_brand?post=372721"},{"taxonomy":"product_cat","embeddable":true,"href":"https:\/\/dutchhealthstore.com\/de\/wp-json\/wp\/v2\/product_cat?post=372721"},{"taxonomy":"product_tag","embeddable":true,"href":"https:\/\/dutchhealthstore.com\/de\/wp-json\/wp\/v2\/product_tag?post=372721"}],"curies":[{"name":"wp","href":"https:\/\/api.w.org\/{rel}","templated":true}]}}