{"id":372715,"date":"2026-02-23T11:35:15","date_gmt":"2026-02-23T10:35:15","guid":{"rendered":"https:\/\/dutchhealthstore.com\/product\/the-sauvage-fermented-spring-greens-facial-serum\/"},"modified":"2026-03-19T15:35:22","modified_gmt":"2026-03-19T14:35:22","slug":"the-sauvage-fermented-spring-greens-facial-serum","status":"publish","type":"product","link":"https:\/\/dutchhealthstore.com\/de\/product\/the-sauvage-fermented-spring-greens-facial-serum\/","title":{"rendered":"Th\u00e9 Sauvage Fermented Spring Greens Facial Serum"},"content":{"rendered":"<p>Die Pflanzenstoffe werden von Hand in einem Steinm\u00f6rser zersto\u00dfen und schonend fermentiert, um ihr vollst\u00e4ndiges N\u00e4hrstoffprofil zu bewahren. Das Ergebnis ist ein tiefgr\u00fcnes Serum, das seinen Reichtum an Pflanzenkraft und aktiven Verbindungen widerspiegelt. <\/p>\n<p>Diese einzigartige Mischung vereint regional bezogene Wildpflanzen, reich an Phyton\u00e4hrstoffen, essenziellen Vitaminen und hautunterst\u00fctzenden Mineralstoffen. Zusammen f\u00f6rdern sie geschmeidige, gesund aussehende, klare und strahlende Haut. <\/p>\n<p>Die Formel wirkt beruhigend, weichmachend und regenerierend und ist f\u00fcr alle Hauttypen geeignet.<\/p>\n<p><strong>Philosophy of Flowers<\/strong><\/p>\n<p>Tinkturiertes Petersilienblatt, rote Himbeere, junge Brennnesseln, frische Minze und fermentierter Darjeeling-Tee bilden das Herz dieses leuchtend gr\u00fcnen Serums.<\/p>\n<h3>Das Ritual<\/h3>\n<p>Nach der Reinigung das Gesicht mit Toner, Bl\u00fctenwasser oder Dew Drops bespr\u00fchen. Solange die Haut noch leicht feucht ist, 3\u20135 Tropfen Serum in Gesicht, Hals und Dekollet\u00e9 eindr\u00fccken. <\/p>\n<p>Sanft in kreisenden Bewegungen einmassieren, bis alles eingezogen ist. T\u00e4glich morgens und abends anwenden. F\u00fcr intensivere Pflege und Regeneration anschlie\u00dfend Ihren bevorzugten Gesichtsbalsam oder ein Serumkonzentrat verwenden.  <\/p>\n<p><strong>Aktive Botanicals<\/strong><\/p>\n<p><em>Petersilienblatt<\/em><\/p>\n<p>Reich an Vitamin C unterst\u00fctzt Petersilie die Kollagenbildung, h\u00e4lt die Haut geschmeidig und glatt und mindert das Erscheinungsbild feiner Linien. Vitamin K unterst\u00fctzt die empfindliche Augenpartie und hilft, das Erscheinungsbild von Augenringen und Schwellungen zu reduzieren. <\/p>\n<p><em>Astragalus-Wurzel<\/em><\/p>\n<p>Eine kraftvolle Pflanze, bekannt f\u00fcr ihre nat\u00fcrlichen entz\u00fcndungshemmenden Eigenschaften. Astragalus unterst\u00fctzt die Festigkeit des Bindegewebes und die allgemeine Hautgesundheit. Au\u00dferdem kann es helfen, den durch UV-Exposition verursachten Kollagenabbau zu reduzieren.  <\/p>\n<p><em>Brennnesselblatt<\/em><\/p>\n<p>Von Natur aus reich an Silizium, Schwefel und lebendigen Phyton\u00e4hrstoffen hilft Brennnessel, die Haut zu st\u00e4rken und die Widerstandskraft gegen Umweltstress und UV-Sch\u00e4den zu verbessern.<\/p>\n<p><em>Darjeeling-Tee-Ferment<\/em><\/p>\n<p>Reich an Antioxidantien und Magnesium hilft dieser fermentierte Tee, freie Radikale abzuwehren, w\u00e4hrend er Unreinheiten beruhigt und den Teint gl\u00e4ttet.<\/p>\n<p><em>Eibischwurzel<\/em><\/p>\n<p>Ein nat\u00fcrlicher Feuchtigkeitsspender, der Feuchtigkeit in die Haut zieht und die Hydration verbessert. Seine Flavonoide wirken beruhigend und entz\u00fcndungshemmend und helfen, vor UV- und Freiradikalstress zu sch\u00fctzen. <\/p>\n<p><em>Beinwellblatt<\/em><\/p>\n<p>Enth\u00e4lt Allantoin, das hilft, die Haut zu erweichen und zu gl\u00e4tten. Seine Tannine helfen, vor Bakterien und Umwelttoxinen zu sch\u00fctzen und unterst\u00fctzen die Hautregeneration. Rosmarins\u00e4ure bietet antioxidativen Schutz vor UV-bedingten Sch\u00e4den.  <\/p>\n<p><em>Rotes Himbeerblatt<\/em><\/p>\n<p>Frisch gepresst und unraffiniert ist rotes Himbeerblatt reich an essenziellen Fetts\u00e4uren, Carotinoiden und Flavonoiden. Es hilft, die Widerstandskraft der Haut und ihre Erholung nach Sonneneinwirkung zu verbessern. <\/p>\n<p><em>Spirulina-Alge<\/em><\/p>\n<p>Spirulina z\u00e4hlt zu den n\u00e4hrstoffreichsten gr\u00fcnen Superfoods f\u00fcr die Haut. Sie enth\u00e4lt Proteine, Beta-Carotin, Enzyme, Aminos\u00e4uren, Ballaststoffe, Antioxidantien, die Vitamine A, B, C, E und B12 sowie wichtige Spurenelemente. Diese N\u00e4hrstoffe helfen, einen gesunden Teint zu n\u00e4hren und zu unterst\u00fctzen.  <\/p>\n<p><em>Wilde Ashwagandha<\/em><\/p>\n<p>Ashwagandha ist daf\u00fcr bekannt, die Kollagenproduktion zu unterst\u00fctzen, und hilft, Tonus und Textur zu verbessern. Ihre nat\u00fcrlichen Antioxidantien tragen dazu bei, das Erscheinungsbild feiner Linien und ungleichm\u00e4\u00dfiger Pigmentierung zu reduzieren. <\/p>\n<p><em>Moringablatt<\/em><\/p>\n<p>Mit au\u00dfergew\u00f6hnlich hohem Vitamin-C-Gehalt unterst\u00fctzt Moringa die nat\u00fcrliche Kollagenbildung und einen gesunden Zellumsatz. Au\u00dferdem enth\u00e4lt es die Vitamine A und B, die helfen, freie Radikale zu neutralisieren und den Reparaturprozess der Haut zu unterst\u00fctzen. <\/p>\n<p><strong>Alle Inhaltsstoffe sind biologisch, wildgesammelt und nachhaltig, ethisch und regional bezogen.<\/strong><\/p>\n<p><strong>Gr\u00f6\u00dfe: 30 ml<\/strong><\/p>\n<h2><strong>Nat\u00fcrliche \/ biologische Inhaltsstoffe <\/strong><\/h2>\n<p>Hauseigene Ganzpflanzen-Extraktionen und Essenzen aus Beinwellblatt (Symphytum officinale), Eibischwurzel (Althaea officinalis), Brennnesselblatt (Urtica dioica), Schafgarbenbl\u00fcte (Achillea millefolium), Vogelmiere (Stellaria media), Himbeerblatt (Rubus idaeus), Schachtelhalm (Equisetum arvense), Petersilienblatt (Petroselinum crispum), Darjeeling-Tee-Ferment (Camellia sinensis), frischem Spitzwegerich (Plantago major), Hopfenbl\u00fcte (Humulus lupulus), wilder Minze (Mentha arvensis), Moringablatt (Moringa oleifera), L\u00f6wenzahnwurzel (Taraxacum officinale), Ashwagandhawurzel (Withania somnifera), Spirulina-Alge (Arthrospira platensis), Jojoba\u00f6l (Simmondsia chinensis), Tamanu\u00f6l (Calophyllum inophyllum), rotem Himbeersamen\u00f6l (Rubus idaeus), Chiasamen\u00f6l (Salvia hispanica), propriet\u00e4re Mischung kupferdestillierter botanischer Essenzen.<\/p>\n\n\t<section class=\"section dark\" id=\"section_698152281\">\n\t\t<div class=\"section-bg fill\" >\n\t\t\t<img fetchpriority=\"high\" decoding=\"async\" width=\"1200\" height=\"604\" src=\"https:\/\/dutchhealthstore.com\/wp-content\/uploads\/2026\/02\/bgux.jpg\" class=\"bg attachment- size-\" alt=\"\" \/>\t\t\t\t\t\t<div class=\"section-bg-overlay absolute fill\"><\/div>\n\t\t\t\n\n\t\t<\/div>\n\n\t\t\n\n\t\t<div class=\"section-content relative\">\n\t\t\t\n\n\t<div id=\"gap-1388717485\" class=\"gap-element clearfix\" style=\"display:block; height:auto;\">\n\t\t\n<style>\n#gap-1388717485 {\n  padding-top: 15px;\n}\n<\/style>\n\t<\/div>\n\t\n\n<div class=\"container section-title-container\" ><h3 class=\"section-title section-title-normal\"><b><\/b><span class=\"section-title-main\" >\u00dcber Tidelands House<\/span><b><\/b><\/h3><\/div>\n\n<div class=\"row\"  id=\"row-1933672737\">\n\n\n\t<div id=\"col-1094002740\" class=\"col small-12 large-12\"  >\n\t\t\t\t<div class=\"col-inner\"  >\n\t\t\t\n\t\t\t\n\n<p>Tidelands House ist ein kanadisches Atelier f\u00fcr botanische Hautpflege, das von der Kr\u00e4uterkundlerin Dominique Del Col gegr\u00fcndet wurde. Jede Rezeptur wird in Handarbeit in einem sonnendurchfluteten Destillierraum in einem restaurierten Steinhaus aus dem 19. Jahrhundert hergestellt, wo Kr\u00e4uter von Holzbalken h\u00e4ngen und Botanicals im Rhythmus der Jahreszeiten zubereitet werden.<\/p>\n<p>Wild gesammelte Pflanzen, biodynamischer Anbau und Meeresbotanicals von Kanadas Ostk\u00fcste bilden das Herzst\u00fcck jeder Zubereitung. Die Inhaltsstoffe werden zum Zeitpunkt ihrer h\u00f6chsten Vitalit\u00e4t geerntet und in Kleinstmengen verarbeitet, um Wirksamkeit, Frische und energetische Integrit\u00e4t zu bewahren. <\/p>\n<p>Keine synthetischen Zusatzstoffe. Keine unn\u00f6tigen F\u00fcllstoffe. Nur n\u00e4hrstoffreiche botanische Extrakte, fermentierte Bl\u00fctenessenzen und reine Pflanzen\u00f6le in traditionsbewusstem Milchglas.  <\/p>\n<p>Tidelands House ist langsame, bewusste Hautpflege \u2013 verwurzelt in der Natur, im Ritual und im Respekt vor Tradition sowie moderner botanischer Wissenschaft.<\/p>\n\n\n\t\t<\/div>\n\t\t\t\t\t<\/div>\n\n\t\n\n<\/div>\n\n\t\t<\/div>\n\n\t\t\n<style>\n#section_698152281 {\n  padding-top: 30px;\n  padding-bottom: 30px;\n  background-color: rgb(40, 40, 40);\n}\n#section_698152281 .section-bg-overlay {\n  background-color: rgba(0, 0, 0, 0.477);\n}\n#section_698152281 .section-bg img {\n  object-position: 51% 73%;\n}\n<\/style>\n\t<\/section>\n\t\n","protected":false},"excerpt":{"rendered":"<p>Th\u00e9 Sauvage ist ein hochkonzentriertes Gesichtsserum aus \u00fcber zwanzig wild gesammelten Kr\u00e4utern und frischem Fr\u00fchlingsgr\u00fcn. Jede Pflanze wird sorgf\u00e4ltig auf dem H\u00f6hepunkt ihrer saisonalen Vitalit\u00e4t ausgew\u00e4hlt. <\/p>\n","protected":false},"featured_media":371562,"comment_status":"open","ping_status":"closed","template":"","meta":[],"product_brand":[],"product_cat":[5704,1227,5669,5703,14735,1032,1210,1910,20907,5636,5702,5101,511,20921,5705,4758,5706,20988,5707,5708,13175,22207,20946,20989,5701,5634],"product_tag":[],"class_list":{"0":"post-372715","1":"product","2":"type-product","3":"status-publish","4":"has-post-thumbnail","6":"product_cat-sensitive-skin-redness-de-4","7":"product_cat-sensitive-skin-redness-de","8":"product_cat-oily-skin-clogged-pores-de","9":"product_cat-oily-skin-clogged-pores-de-6","10":"product_cat-hautpflege","11":"product_cat-kategorien","12":"product_cat-marken","13":"product_cat-neue-produkte","14":"product_cat-new-additions-skincare-de","15":"product_cat-normal-or-combination-skin-de-2","16":"product_cat-normal-or-combination-skin-de-5","17":"product_cat-by-skin-type-de-4","18":"product_cat-produkte","19":"product_cat-reife-alternde-haut","20":"product_cat-serums-de","21":"product_cat-serums-de-2","22":"product_cat-serums-de-3","23":"product_cat-seren","24":"product_cat-serums-de-4","25":"product_cat-serums-de-5","26":"product_cat-skincare-de-2","27":"product_cat-tidelands-house","28":"product_cat-trocken-de","29":"product_cat-trocken-de-3","30":"product_cat-dry-mature-ageing-skin-de-5","31":"product_cat-dry-mature-ageing-skin-de-2","32":"pa_brand-tidelands-house","33":"pa_gtin-22308","34":"pa_size-30-ml-3-de","35":"pa_skincare-type-face-oil-and-serums-de","37":"first","38":"outofstock","39":"taxable","40":"shipping-taxable","41":"purchasable","42":"product-type-simple"},"bundled_by":[],"bundle_stock_status":"outofstock","bundle_stock_quantity":0,"bundle_virtual":false,"bundle_layout":"","bundle_add_to_cart_form_location":"","bundle_editable_in_cart":false,"bundle_sold_individually_context":"","bundle_item_grouping":"","bundle_min_size":"","bundle_max_size":"","bundle_price":[],"bundled_items":[],"bundle_sell_ids":[372483,372604,372696,372690],"atum_controlled":true,"out_stock_date":"2026-03-28 13:53:45","out_stock_threshold":null,"inheritable":false,"stock_on_hold":1,"sold_today":0,"sales_last_days":1,"out_stock_days":1,"lost_sales":8,"update_date":"2026-04-30T12:02:45","atum_locations":[],"atum_stock_status":"outofstock","restock_status":false,"low_stock_amount":"","sales_update_date":"2026-04-30T12:02:45","calc_backorders":null,"group_of_quantity":0,"min_quantity":0,"max_quantity":"","exclude_order_quantity_value_rules":"no","exclude_category_quantity_rules":"no","combine_variations":"no","yoast_head":"<!-- This site is optimized with the Yoast SEO Premium plugin v26.5 (Yoast SEO v26.5) - https:\/\/yoast.com\/wordpress\/plugins\/seo\/ -->\n<title>Th\u00e9 Sauvage Fermented Spring Greens Facial Serum - Tidelands House<\/title>\n<meta name=\"description\" content=\"Th\u00e9 Sauvage ist ein hochkonzentriertes Gesichtsserum aus \u00fcber zwanzig wild gesammelten Kr\u00e4utern und frischem Fr\u00fchlingsgr\u00fcn.\" \/>\n<meta name=\"robots\" content=\"index, follow, max-snippet:-1, max-image-preview:large, max-video-preview:-1\" \/>\n<link rel=\"canonical\" href=\"https:\/\/dutchhealthstore.com\/de\/product\/the-sauvage-fermented-spring-greens-facial-serum\/\" \/>\n<meta property=\"og:locale\" content=\"de_DE\" \/>\n<meta property=\"og:type\" content=\"article\" \/>\n<meta property=\"og:title\" content=\"Th\u00e9 Sauvage Fermented Spring Greens Facial Serum - Dutch Health Store\" \/>\n<meta property=\"og:description\" content=\"Th\u00e9 Sauvage ist ein hochkonzentriertes Gesichtsserum aus \u00fcber zwanzig wild gesammelten Kr\u00e4utern und frischem Fr\u00fchlingsgr\u00fcn.\" \/>\n<meta property=\"og:url\" content=\"https:\/\/dutchhealthstore.com\/de\/product\/the-sauvage-fermented-spring-greens-facial-serum\/\" \/>\n<meta property=\"og:site_name\" content=\"Dutch Health Store\" \/>\n<meta property=\"article:publisher\" content=\"https:\/\/www.instagram.com\/dutchhealthstore\/\" \/>\n<meta property=\"article:modified_time\" content=\"2026-03-19T14:35:22+00:00\" \/>\n<meta property=\"og:image\" content=\"https:\/\/dutchhealthstore.com\/wp-content\/uploads\/2026\/02\/Untitled-design-2026-02-16T144137.577.jpg\" \/>\n\t<meta property=\"og:image:width\" content=\"530\" \/>\n\t<meta property=\"og:image:height\" content=\"530\" \/>\n\t<meta property=\"og:image:type\" content=\"image\/jpeg\" \/>\n<meta name=\"twitter:card\" content=\"summary_large_image\" \/>\n<meta name=\"twitter:label1\" content=\"Preis\" \/>\n\t<meta name=\"twitter:data1\" content=\"&euro;60,00\" \/>\n\t<meta name=\"twitter:label2\" content=\"Verf\u00fcgbarkeit\" \/>\n\t<meta name=\"twitter:data2\" content=\"ausverkauft\" \/>\n<script type=\"application\/ld+json\" class=\"yoast-schema-graph\">{\"@context\":\"https:\/\/schema.org\",\"@graph\":[{\"@type\":\"WebPage\",\"@id\":\"https:\/\/dutchhealthstore.com\/de\/product\/the-sauvage-fermented-spring-greens-facial-serum\/\",\"url\":\"https:\/\/dutchhealthstore.com\/de\/product\/the-sauvage-fermented-spring-greens-facial-serum\/\",\"name\":\"Th\u00e9 Sauvage Fermented Spring Greens Facial Serum - Tidelands House\",\"isPartOf\":{\"@id\":\"https:\/\/dutchhealthstore.com\/de\/#website\"},\"primaryImageOfPage\":{\"@id\":\"https:\/\/dutchhealthstore.com\/de\/product\/the-sauvage-fermented-spring-greens-facial-serum\/#primaryimage\"},\"image\":{\"@id\":\"https:\/\/dutchhealthstore.com\/de\/product\/the-sauvage-fermented-spring-greens-facial-serum\/#primaryimage\"},\"thumbnailUrl\":\"https:\/\/dutchhealthstore.com\/wp-content\/uploads\/2026\/02\/Untitled-design-2026-02-16T144137.577.jpg\",\"datePublished\":\"2026-02-23T10:35:15+00:00\",\"dateModified\":\"2026-03-19T14:35:22+00:00\",\"description\":\"Th\u00e9 Sauvage ist ein hochkonzentriertes Gesichtsserum aus \u00fcber zwanzig wild gesammelten Kr\u00e4utern und frischem Fr\u00fchlingsgr\u00fcn.\",\"breadcrumb\":{\"@id\":\"https:\/\/dutchhealthstore.com\/de\/product\/the-sauvage-fermented-spring-greens-facial-serum\/#breadcrumb\"},\"inLanguage\":\"de\",\"potentialAction\":[{\"@type\":\"ReadAction\",\"target\":[\"https:\/\/dutchhealthstore.com\/de\/product\/the-sauvage-fermented-spring-greens-facial-serum\/\"]}]},{\"@type\":\"ImageObject\",\"inLanguage\":\"de\",\"@id\":\"https:\/\/dutchhealthstore.com\/de\/product\/the-sauvage-fermented-spring-greens-facial-serum\/#primaryimage\",\"url\":\"https:\/\/dutchhealthstore.com\/wp-content\/uploads\/2026\/02\/Untitled-design-2026-02-16T144137.577.jpg\",\"contentUrl\":\"https:\/\/dutchhealthstore.com\/wp-content\/uploads\/2026\/02\/Untitled-design-2026-02-16T144137.577.jpg\",\"width\":530,\"height\":530,\"caption\":\"tidelands-house-the-sauvage\"},{\"@type\":\"BreadcrumbList\",\"@id\":\"https:\/\/dutchhealthstore.com\/de\/product\/the-sauvage-fermented-spring-greens-facial-serum\/#breadcrumb\",\"itemListElement\":[{\"@type\":\"ListItem\",\"position\":1,\"name\":\"Home\",\"item\":\"https:\/\/dutchhealthstore.com\/de\/\"},{\"@type\":\"ListItem\",\"position\":2,\"name\":\"Shop\",\"item\":\"https:\/\/dutchhealthstore.com\/de\/shop-2\/\"},{\"@type\":\"ListItem\",\"position\":3,\"name\":\"Th\u00e9 Sauvage Fermented Spring Greens Facial Serum\"}]},{\"@type\":\"WebSite\",\"@id\":\"https:\/\/dutchhealthstore.com\/de\/#website\",\"url\":\"https:\/\/dutchhealthstore.com\/de\/\",\"name\":\"Dutch Health Store\",\"description\":\"Enhance Your Beauty with Organic &amp; Natural Skincare\",\"publisher\":{\"@id\":\"https:\/\/dutchhealthstore.com\/de\/#organization\"},\"potentialAction\":[{\"@type\":\"SearchAction\",\"target\":{\"@type\":\"EntryPoint\",\"urlTemplate\":\"https:\/\/dutchhealthstore.com\/de\/?s={search_term_string}\"},\"query-input\":{\"@type\":\"PropertyValueSpecification\",\"valueRequired\":true,\"valueName\":\"search_term_string\"}}],\"inLanguage\":\"de\"},{\"@type\":\"Organization\",\"@id\":\"https:\/\/dutchhealthstore.com\/de\/#organization\",\"name\":\"Dutch Health Store\",\"url\":\"https:\/\/dutchhealthstore.com\/de\/\",\"logo\":{\"@type\":\"ImageObject\",\"inLanguage\":\"de\",\"@id\":\"https:\/\/dutchhealthstore.com\/de\/#\/schema\/logo\/image\/\",\"url\":\"https:\/\/dutchhealthstore.com\/wp-content\/uploads\/2020\/08\/logo-dutchhealthstore-jpg-e1599484957574.jpg\",\"contentUrl\":\"https:\/\/dutchhealthstore.com\/wp-content\/uploads\/2020\/08\/logo-dutchhealthstore-jpg-e1599484957574.jpg\",\"width\":400,\"height\":62,\"caption\":\"Dutch Health Store\"},\"image\":{\"@id\":\"https:\/\/dutchhealthstore.com\/de\/#\/schema\/logo\/image\/\"},\"sameAs\":[\"https:\/\/www.instagram.com\/dutchhealthstore\/\",\"https:\/\/www.facebook.com\/dutchhealthstore\"]}]}<\/script>\n<meta property=\"product:brand\" content=\"Tidelands House\" \/>\n<meta property=\"product:price:amount\" content=\"60.00\" \/>\n<meta property=\"product:price:currency\" content=\"EUR\" \/>\n<meta property=\"og:availability\" content=\"out of stock\" \/>\n<meta property=\"product:availability\" content=\"out of stock\" \/>\n<meta property=\"product:condition\" content=\"new\" \/>\n<!-- \/ Yoast SEO Premium plugin. -->","yoast_head_json":{"title":"Th\u00e9 Sauvage Fermented Spring Greens Facial Serum - Tidelands House","description":"Th\u00e9 Sauvage ist ein hochkonzentriertes Gesichtsserum aus \u00fcber zwanzig wild gesammelten Kr\u00e4utern und frischem Fr\u00fchlingsgr\u00fcn.","robots":{"index":"index","follow":"follow","max-snippet":"max-snippet:-1","max-image-preview":"max-image-preview:large","max-video-preview":"max-video-preview:-1"},"canonical":"https:\/\/dutchhealthstore.com\/de\/product\/the-sauvage-fermented-spring-greens-facial-serum\/","og_locale":"de_DE","og_type":"article","og_title":"Th\u00e9 Sauvage Fermented Spring Greens Facial Serum - Dutch Health Store","og_description":"Th\u00e9 Sauvage ist ein hochkonzentriertes Gesichtsserum aus \u00fcber zwanzig wild gesammelten Kr\u00e4utern und frischem Fr\u00fchlingsgr\u00fcn.","og_url":"https:\/\/dutchhealthstore.com\/de\/product\/the-sauvage-fermented-spring-greens-facial-serum\/","og_site_name":"Dutch Health Store","article_publisher":"https:\/\/www.instagram.com\/dutchhealthstore\/","article_modified_time":"2026-03-19T14:35:22+00:00","og_image":[{"width":530,"height":530,"url":"https:\/\/dutchhealthstore.com\/wp-content\/uploads\/2026\/02\/Untitled-design-2026-02-16T144137.577.jpg","type":"image\/jpeg"}],"twitter_card":"summary_large_image","twitter_misc":{"Preis":"&euro;60,00","Verf\u00fcgbarkeit":"ausverkauft"},"schema":{"@context":"https:\/\/schema.org","@graph":[{"@type":"WebPage","@id":"https:\/\/dutchhealthstore.com\/de\/product\/the-sauvage-fermented-spring-greens-facial-serum\/","url":"https:\/\/dutchhealthstore.com\/de\/product\/the-sauvage-fermented-spring-greens-facial-serum\/","name":"Th\u00e9 Sauvage Fermented Spring Greens Facial Serum - Tidelands House","isPartOf":{"@id":"https:\/\/dutchhealthstore.com\/de\/#website"},"primaryImageOfPage":{"@id":"https:\/\/dutchhealthstore.com\/de\/product\/the-sauvage-fermented-spring-greens-facial-serum\/#primaryimage"},"image":{"@id":"https:\/\/dutchhealthstore.com\/de\/product\/the-sauvage-fermented-spring-greens-facial-serum\/#primaryimage"},"thumbnailUrl":"https:\/\/dutchhealthstore.com\/wp-content\/uploads\/2026\/02\/Untitled-design-2026-02-16T144137.577.jpg","datePublished":"2026-02-23T10:35:15+00:00","dateModified":"2026-03-19T14:35:22+00:00","description":"Th\u00e9 Sauvage ist ein hochkonzentriertes Gesichtsserum aus \u00fcber zwanzig wild gesammelten Kr\u00e4utern und frischem Fr\u00fchlingsgr\u00fcn.","breadcrumb":{"@id":"https:\/\/dutchhealthstore.com\/de\/product\/the-sauvage-fermented-spring-greens-facial-serum\/#breadcrumb"},"inLanguage":"de","potentialAction":[{"@type":"ReadAction","target":["https:\/\/dutchhealthstore.com\/de\/product\/the-sauvage-fermented-spring-greens-facial-serum\/"]}]},{"@type":"ImageObject","inLanguage":"de","@id":"https:\/\/dutchhealthstore.com\/de\/product\/the-sauvage-fermented-spring-greens-facial-serum\/#primaryimage","url":"https:\/\/dutchhealthstore.com\/wp-content\/uploads\/2026\/02\/Untitled-design-2026-02-16T144137.577.jpg","contentUrl":"https:\/\/dutchhealthstore.com\/wp-content\/uploads\/2026\/02\/Untitled-design-2026-02-16T144137.577.jpg","width":530,"height":530,"caption":"tidelands-house-the-sauvage"},{"@type":"BreadcrumbList","@id":"https:\/\/dutchhealthstore.com\/de\/product\/the-sauvage-fermented-spring-greens-facial-serum\/#breadcrumb","itemListElement":[{"@type":"ListItem","position":1,"name":"Home","item":"https:\/\/dutchhealthstore.com\/de\/"},{"@type":"ListItem","position":2,"name":"Shop","item":"https:\/\/dutchhealthstore.com\/de\/shop-2\/"},{"@type":"ListItem","position":3,"name":"Th\u00e9 Sauvage Fermented Spring Greens Facial Serum"}]},{"@type":"WebSite","@id":"https:\/\/dutchhealthstore.com\/de\/#website","url":"https:\/\/dutchhealthstore.com\/de\/","name":"Dutch Health Store","description":"Enhance Your Beauty with Organic &amp; Natural Skincare","publisher":{"@id":"https:\/\/dutchhealthstore.com\/de\/#organization"},"potentialAction":[{"@type":"SearchAction","target":{"@type":"EntryPoint","urlTemplate":"https:\/\/dutchhealthstore.com\/de\/?s={search_term_string}"},"query-input":{"@type":"PropertyValueSpecification","valueRequired":true,"valueName":"search_term_string"}}],"inLanguage":"de"},{"@type":"Organization","@id":"https:\/\/dutchhealthstore.com\/de\/#organization","name":"Dutch Health Store","url":"https:\/\/dutchhealthstore.com\/de\/","logo":{"@type":"ImageObject","inLanguage":"de","@id":"https:\/\/dutchhealthstore.com\/de\/#\/schema\/logo\/image\/","url":"https:\/\/dutchhealthstore.com\/wp-content\/uploads\/2020\/08\/logo-dutchhealthstore-jpg-e1599484957574.jpg","contentUrl":"https:\/\/dutchhealthstore.com\/wp-content\/uploads\/2020\/08\/logo-dutchhealthstore-jpg-e1599484957574.jpg","width":400,"height":62,"caption":"Dutch Health Store"},"image":{"@id":"https:\/\/dutchhealthstore.com\/de\/#\/schema\/logo\/image\/"},"sameAs":["https:\/\/www.instagram.com\/dutchhealthstore\/","https:\/\/www.facebook.com\/dutchhealthstore"]}]},"product_brand":"Tidelands House","product_price_amount":"60.00","product_price_currency":"EUR","og_availability":"out of stock","product_availability":"out of stock","product_condition":"new"},"_links":{"self":[{"href":"https:\/\/dutchhealthstore.com\/de\/wp-json\/wp\/v2\/product\/372715","targetHints":{"allow":["GET"]}}],"collection":[{"href":"https:\/\/dutchhealthstore.com\/de\/wp-json\/wp\/v2\/product"}],"about":[{"href":"https:\/\/dutchhealthstore.com\/de\/wp-json\/wp\/v2\/types\/product"}],"replies":[{"embeddable":true,"href":"https:\/\/dutchhealthstore.com\/de\/wp-json\/wp\/v2\/comments?post=372715"}],"wp:featuredmedia":[{"embeddable":true,"href":"https:\/\/dutchhealthstore.com\/de\/wp-json\/wp\/v2\/media\/371562"}],"wp:attachment":[{"href":"https:\/\/dutchhealthstore.com\/de\/wp-json\/wp\/v2\/media?parent=372715"}],"wp:term":[{"taxonomy":"product_brand","embeddable":true,"href":"https:\/\/dutchhealthstore.com\/de\/wp-json\/wp\/v2\/product_brand?post=372715"},{"taxonomy":"product_cat","embeddable":true,"href":"https:\/\/dutchhealthstore.com\/de\/wp-json\/wp\/v2\/product_cat?post=372715"},{"taxonomy":"product_tag","embeddable":true,"href":"https:\/\/dutchhealthstore.com\/de\/wp-json\/wp\/v2\/product_tag?post=372715"}],"curies":[{"name":"wp","href":"https:\/\/api.w.org\/{rel}","templated":true}]}}