{"id":372712,"date":"2026-02-23T11:35:34","date_gmt":"2026-02-23T10:35:34","guid":{"rendered":"https:\/\/dutchhealthstore.com\/product\/sweet-brine-facial-cleansing-fluid-makeup-remover\/"},"modified":"2026-03-23T14:29:18","modified_gmt":"2026-03-23T13:29:18","slug":"sweet-brine-facial-cleansing-fluid-makeup-remover","status":"publish","type":"product","link":"https:\/\/dutchhealthstore.com\/de\/product\/sweet-brine-facial-cleansing-fluid-makeup-remover\/","title":{"rendered":"Sweet Brine Facial Cleansing Fluid + Makeup Remover"},"content":{"rendered":"<p>Die Formel vereint wild wachsende K\u00fcstenalgen mit n\u00e4hrstoffreichen Botanicals und hauseigenen Destillaten.<\/p>\n<p>Gemeinsam helfen diese Inhaltsstoffe, Ihren Teint zu kl\u00e4ren, zu n\u00e4hren, zu hydratisieren und zu regenerieren. W\u00e4hrend es Schmutz und Make-up l\u00f6st, unterst\u00fctzt es zugleich das nat\u00fcrliche Gleichgewicht der Haut \u2013 f\u00fcr ein weiches, frisches und gepflegtes Hautgef\u00fchl. <\/p>\n<p>Philosophy of Flowers<\/p>\n<p>K\u00fcsten-Zuckertang, ger\u00f6stete Kombu-Alge, Hopfenbl\u00fcten, Beinwellblatt und Eibischwurzel vereinen sich in dieser sorgf\u00e4ltig komponierten Mischung. Jede Pflanze wird aufgrund ihrer F\u00e4higkeit ausgew\u00e4hlt, die Haut zu beruhigen, zu st\u00e4rken und ein gesundes Hautbild zu unterst\u00fctzen. <\/p>\n<h3>Das Ritual<\/h3>\n<p>Geben Sie einen kleinen Spritzer des Reinigungsfluids auf die trockene Haut. Massieren Sie 1\u20133 Minuten sanft ein, mit Fokus auf Augen-Make-up, Foundation und Bereiche mit Unreinheiten. <\/p>\n<p>Tr\u00e4nken Sie ein Gesichtstuch mit warmem Wasser und legen Sie es auf Ihr Gesicht. Dr\u00fccken Sie sanft, bis das Tuch abk\u00fchlt. Wiederholen Sie diesen Schritt 1\u20133 Mal auf Gesicht, Hals und Dekollet\u00e9, bis der Reiniger vollst\u00e4ndig entfernt ist.  <\/p>\n<p>Schlie\u00dfen Sie Ihre Routine mit einem Gesichtsspray, Serum und Balm ab, um die Feuchtigkeit einzuschlie\u00dfen.<\/p>\n<p>F\u00fcr beste Ergebnisse kombinieren Sie es mit dem <a href=\"https:\/\/dutchhealthstore.com\/product\/organic-h-face-cloth\/\">Organic Cotton Face Cloth<\/a>. Zusammen helfen sie, die Haut m\u00fchelos zu reinigen, zu bedampfen, zu entgiften und zu n\u00e4hren. <\/p>\n<p><strong>Aktive Botanicals<\/strong><br \/>\n<em>Zuckertang- &amp; Kombu-Algen<\/em><\/p>\n<p>Wild wachsende Algen geh\u00f6ren zu den n\u00e4hrstoffreichsten Pflanzen der Natur. Sie enthalten Protein, Beta-Carotin, Enzyme, Aminos\u00e4uren, Ballaststoffe, Schleimpolysaccharide, Antioxidantien sowie die Vitamine A, B, C, E und B12. Au\u00dferdem sind sie reich an Spurenelementen, die eine gesunde, strahlende Haut unterst\u00fctzen.  <\/p>\n<p><em>Irisches Moos<\/em><\/p>\n<p>Entlang der sandigen K\u00fcsten von Prince Edward Island von Hand geerntet, ist Irish Moss reich an Calcium, Schwefel, Magnesium, Kalium, Vitamin A und Vitamin K. Diese N\u00e4hrstoffe helfen, feine Linien zu mildern, die Haut zu hydratisieren und vor Umweltstress zu sch\u00fctzen. Von Natur aus reich an Schleimstoffen, spendet es trockener und sensibler Haut tiefenwirksam Feuchtigkeit, ohne die Poren zu verstopfen. <\/p>\n<p><em>Eibischwurzel<\/em><\/p>\n<p>Als nat\u00fcrlicher Feuchtigkeitsspender zieht Eibischwurzel Feuchtigkeit in die Haut und verbessert so die Hydration. Sie ist reich an Flavonoiden und besitzt nat\u00fcrliche entz\u00fcndungshemmende Eigenschaften. Das hilft, die Haut zu beruhigen und sie vor UV- und freien-Radikalen-Sch\u00e4den zu sch\u00fctzen.  <\/p>\n<p><em>Beinwellblatt<\/em><\/p>\n<p>Beinwellblatt enth\u00e4lt Allantoin, einen wirksamen Inhaltsstoff, der die Haut weich macht und gl\u00e4ttet. Seine Tannine helfen, vor Bakterien und Umwelttoxinen zu sch\u00fctzen, w\u00e4hrend sie Unreinheiten herausziehen. Rosmarins\u00e4ure liefert antioxidative Unterst\u00fctzung und hilft, die Haut vor UV-Stress zu sch\u00fctzen.  <\/p>\n<p><em>Immortellenbl\u00fcte<\/em><\/p>\n<p>Dieses ausgleichende Botanical hilft, das Erscheinungsbild von Altersflecken und ungleichm\u00e4\u00dfigem Hautton zu reduzieren. Es beruhigt Entz\u00fcndungen und unterst\u00fctzt einen strahlenden, leuchtenden Teint. <\/p>\n<p><em>Schafgarben-Essenz<\/em><\/p>\n<p>Schafgarbe wirkt beruhigend und intensiv bes\u00e4nftigend \u2013 ideal f\u00fcr empfindliche oder zu Irritationen neigende Haut. Sie unterst\u00fctzt die Hautregeneration und f\u00f6rdert ein gesundes Erscheinungsbild. <\/p>\n<p><em>Gesammelte Ringelblume<\/em><\/p>\n<p>Ringelblume hilft, die Hautfestigkeit zu verbessern und sch\u00fctzt zugleich vor t\u00e4glichen Umwelteinfl\u00fcssen. Sie erh\u00f6ht den Feuchtigkeitsgehalt \u2013 ein wichtiger Faktor, um sichtbaren Zeichen der Hautalterung vorzubeugen. Reich an Antioxidantien und mit nat\u00fcrlichen antiseptischen Eigenschaften ist sie besonders vorteilhaft f\u00fcr zu Akne oder R\u00f6tungen neigende Haut.  <\/p>\n<p>Alle Inhaltsstoffe sind biologisch, wild gesammelt und nachhaltig sowie ethisch von regionalen Erzeugern bezogen.<\/p>\n<p><strong>Gr\u00f6\u00dfe: 50 ml<\/strong><\/p>\n<h2><strong>Nat\u00fcrliche \/ biologische Inhaltsstoffe <\/strong><\/h2>\n<p>Hauseigene Ganzpflanzen-Extraktionen und Essenzen aus Vancouver-Island-Zuckertang (<em>Saccharina latissima<\/em>), K\u00fcsten-Riesentang (<em>Nereocystis luetkeana<\/em>), Prince-Edward-Island-Irish-Moss (<em>Chondrus crispus<\/em>), Eibischwurzel (<em>Althaea officinalis<\/em>), Schafgarbenbl\u00fcte und -wurzel (<em>Achillea millefolium<\/em>), Vogelmiereblatt (<em>Stellaria media<\/em>), Ringelblumenbl\u00fcte (<em>Calendula officinalis<\/em>), Hopfenbl\u00fcte (<em>Humulus lupulus<\/em>), Lavendelbl\u00fcte (<em>Lavandula angustifolia<\/em>), Gotu Kola (<em>Centella asiatica<\/em>), Beinwellblatt (<em>Symphytum officinale<\/em>), Schachtelhalmblatt (<em>Equisetum arvense<\/em>), Immortellenbl\u00fcte (<em>Helichrysum italicum<\/em>), Lavandinbl\u00fcten-Tinktur (<em>Lavandula x intermedia<\/em>), Sonnenblumenkern\u00f6l (<em>Helianthus annuus<\/em>), K\u00fcrbiskern (<em>Cucurbita pepo<\/em>), Rizinusbohne (<em>Ricinus communis<\/em>), Jojoba\u00f6l (<em>Simmondsia chinensis<\/em>).<\/p>\n\n\t<section class=\"section dark\" id=\"section_1926304298\">\n\t\t<div class=\"section-bg fill\" >\n\t\t\t<img fetchpriority=\"high\" decoding=\"async\" width=\"1200\" height=\"604\" src=\"https:\/\/dutchhealthstore.com\/wp-content\/uploads\/2026\/02\/bgux.jpg\" class=\"bg attachment- size-\" alt=\"\" \/>\t\t\t\t\t\t<div class=\"section-bg-overlay absolute fill\"><\/div>\n\t\t\t\n\n\t\t<\/div>\n\n\t\t\n\n\t\t<div class=\"section-content relative\">\n\t\t\t\n\n\t<div id=\"gap-1367050914\" class=\"gap-element clearfix\" style=\"display:block; height:auto;\">\n\t\t\n<style>\n#gap-1367050914 {\n  padding-top: 15px;\n}\n<\/style>\n\t<\/div>\n\t\n\n<div class=\"container section-title-container\" ><h3 class=\"section-title section-title-normal\"><b><\/b><span class=\"section-title-main\" >\u00dcber Tidelands House<\/span><b><\/b><\/h3><\/div>\n\n<div class=\"row\"  id=\"row-29686036\">\n\n\n\t<div id=\"col-735653237\" class=\"col small-12 large-12\"  >\n\t\t\t\t<div class=\"col-inner\"  >\n\t\t\t\n\t\t\t\n\n<p>Tidelands House ist ein kanadisches Atelier f\u00fcr botanische Hautpflege, das von der Kr\u00e4uterkundlerin Dominique Del Col gegr\u00fcndet wurde. Jede Rezeptur wird in Handarbeit in einem sonnendurchfluteten Destillierraum in einem restaurierten Steinhaus aus dem 19. Jahrhundert hergestellt, wo Kr\u00e4uter von Holzbalken h\u00e4ngen und Botanicals im Rhythmus der Jahreszeiten zubereitet werden.<\/p>\n<p>Wild gesammelte Pflanzen, biodynamischer Anbau und Meeresbotanicals von Kanadas Ostk\u00fcste bilden das Herzst\u00fcck jeder Zubereitung. Die Inhaltsstoffe werden zum Zeitpunkt ihrer h\u00f6chsten Vitalit\u00e4t geerntet und in Kleinstmengen verarbeitet, um Wirksamkeit, Frische und energetische Integrit\u00e4t zu bewahren. <\/p>\n<p>Keine synthetischen Zusatzstoffe. Keine unn\u00f6tigen F\u00fcllstoffe. Nur n\u00e4hrstoffreiche botanische Extrakte, fermentierte Bl\u00fctenessenzen und reine Pflanzen\u00f6le in traditionsbewusstem Milchglas.  <\/p>\n<p>Tidelands House ist langsame, bewusste Hautpflege \u2013 verwurzelt in der Natur, im Ritual und im Respekt vor Tradition sowie moderner botanischer Wissenschaft.<\/p>\n\n\n\t\t<\/div>\n\t\t\t\t\t<\/div>\n\n\t\n\n<\/div>\n\n\t\t<\/div>\n\n\t\t\n<style>\n#section_1926304298 {\n  padding-top: 30px;\n  padding-bottom: 30px;\n  background-color: rgb(40, 40, 40);\n}\n#section_1926304298 .section-bg-overlay {\n  background-color: rgba(0, 0, 0, 0.477);\n}\n#section_1926304298 .section-bg img {\n  object-position: 51% 73%;\n}\n<\/style>\n\t<\/section>\n\t\n","protected":false},"excerpt":{"rendered":"<p>Dieses sanfte und zugleich leistungsstarke Gesichtsreinigungsfluid entfernt Make-up und reinigt die Haut in einem einfachen Schritt porentief.<\/p>\n","protected":false},"featured_media":371532,"comment_status":"open","ping_status":"closed","template":"","meta":[],"product_brand":[],"product_cat":[20921,9628,1227,1032,1041,6321,1210,1910,20907,1048,511,4983,5688,22207],"product_tag":[],"class_list":{"0":"post-372712","1":"product","2":"type-product","3":"status-publish","4":"has-post-thumbnail","6":"product_cat-reife-alternde-haut","7":"product_cat-cleansers-de-12","8":"product_cat-sensitive-skin-redness-de","9":"product_cat-kategorien","10":"product_cat-make-up-de","11":"product_cat-make-up-remover-de","12":"product_cat-marken","13":"product_cat-neue-produkte","14":"product_cat-new-additions-skincare-de","15":"product_cat-kollektion","16":"product_cat-produkte","17":"product_cat-cleansers-de-de-3","18":"product_cat-cleansers-de-7","19":"product_cat-tidelands-house","20":"pa_brand-tidelands-house","21":"pa_gtin-22305","22":"pa_size-50-ml-de","23":"pa_skincare-type-cleansers-de","25":"first","26":"instock","27":"taxable","28":"shipping-taxable","29":"purchasable","30":"product-type-simple"},"bundled_by":[],"bundle_stock_status":"instock","bundle_stock_quantity":1,"bundle_virtual":false,"bundle_layout":"","bundle_add_to_cart_form_location":"","bundle_editable_in_cart":false,"bundle_sold_individually_context":"","bundle_item_grouping":"","bundle_min_size":"","bundle_max_size":"","bundle_price":[],"bundled_items":[],"bundle_sell_ids":[372467,372718,372493,372500],"atum_controlled":true,"out_stock_date":null,"out_stock_threshold":null,"inheritable":false,"stock_on_hold":1,"sold_today":0,"sales_last_days":1,"out_stock_days":0,"lost_sales":0,"update_date":"2026-04-07T12:41:19","atum_locations":[],"atum_stock_status":"instock","restock_status":true,"low_stock_amount":"","sales_update_date":"2026-04-07T12:41:19","calc_backorders":null,"group_of_quantity":0,"min_quantity":0,"max_quantity":"","exclude_order_quantity_value_rules":"no","exclude_category_quantity_rules":"no","combine_variations":"no","yoast_head":"<!-- This site is optimized with the Yoast SEO Premium plugin v26.5 (Yoast SEO v26.5) - https:\/\/yoast.com\/wordpress\/plugins\/seo\/ -->\n<title>Sweet Brine Facial Cleansing Fluid + Makeup Remover Tidelands House<\/title>\n<meta name=\"description\" content=\"Dieses sanfte und zugleich leistungsstarke Gesichtsreinigungsfluid entfernt Make-up und reinigt die Haut in einem einfachen Schritt porentief.\" \/>\n<meta name=\"robots\" content=\"index, follow, max-snippet:-1, max-image-preview:large, max-video-preview:-1\" \/>\n<link rel=\"canonical\" href=\"https:\/\/dutchhealthstore.com\/de\/product\/sweet-brine-facial-cleansing-fluid-makeup-remover\/\" \/>\n<meta property=\"og:locale\" content=\"de_DE\" \/>\n<meta property=\"og:type\" content=\"article\" \/>\n<meta property=\"og:title\" content=\"Sweet Brine Facial Cleansing Fluid + Makeup Remover - Dutch Health Store\" \/>\n<meta property=\"og:description\" content=\"Dieses sanfte und zugleich leistungsstarke Gesichtsreinigungsfluid entfernt Make-up und reinigt die Haut in einem einfachen Schritt porentief.\" \/>\n<meta property=\"og:url\" content=\"https:\/\/dutchhealthstore.com\/de\/product\/sweet-brine-facial-cleansing-fluid-makeup-remover\/\" \/>\n<meta property=\"og:site_name\" content=\"Dutch Health Store\" \/>\n<meta property=\"article:publisher\" content=\"https:\/\/www.instagram.com\/dutchhealthstore\/\" \/>\n<meta property=\"article:modified_time\" content=\"2026-03-23T13:29:18+00:00\" \/>\n<meta property=\"og:image\" content=\"https:\/\/dutchhealthstore.com\/wp-content\/uploads\/2026\/02\/Untitled-design-2026-02-16T140639.624.jpg\" \/>\n\t<meta property=\"og:image:width\" content=\"530\" \/>\n\t<meta property=\"og:image:height\" content=\"530\" \/>\n\t<meta property=\"og:image:type\" content=\"image\/jpeg\" \/>\n<meta name=\"twitter:card\" content=\"summary_large_image\" \/>\n<meta name=\"twitter:label1\" content=\"Preis\" \/>\n\t<meta name=\"twitter:data1\" content=\"&euro;43,00\" \/>\n\t<meta name=\"twitter:label2\" content=\"Verf\u00fcgbarkeit\" \/>\n\t<meta name=\"twitter:data2\" content=\"Auf Lager\" \/>\n<script type=\"application\/ld+json\" class=\"yoast-schema-graph\">{\"@context\":\"https:\/\/schema.org\",\"@graph\":[{\"@type\":\"WebPage\",\"@id\":\"https:\/\/dutchhealthstore.com\/de\/product\/sweet-brine-facial-cleansing-fluid-makeup-remover\/\",\"url\":\"https:\/\/dutchhealthstore.com\/de\/product\/sweet-brine-facial-cleansing-fluid-makeup-remover\/\",\"name\":\"Sweet Brine Facial Cleansing Fluid + Makeup Remover Tidelands House\",\"isPartOf\":{\"@id\":\"https:\/\/dutchhealthstore.com\/de\/#website\"},\"primaryImageOfPage\":{\"@id\":\"https:\/\/dutchhealthstore.com\/de\/product\/sweet-brine-facial-cleansing-fluid-makeup-remover\/#primaryimage\"},\"image\":{\"@id\":\"https:\/\/dutchhealthstore.com\/de\/product\/sweet-brine-facial-cleansing-fluid-makeup-remover\/#primaryimage\"},\"thumbnailUrl\":\"https:\/\/dutchhealthstore.com\/wp-content\/uploads\/2026\/02\/Untitled-design-2026-02-16T140639.624.jpg\",\"datePublished\":\"2026-02-23T10:35:34+00:00\",\"dateModified\":\"2026-03-23T13:29:18+00:00\",\"description\":\"Dieses sanfte und zugleich leistungsstarke Gesichtsreinigungsfluid entfernt Make-up und reinigt die Haut in einem einfachen Schritt porentief.\",\"breadcrumb\":{\"@id\":\"https:\/\/dutchhealthstore.com\/de\/product\/sweet-brine-facial-cleansing-fluid-makeup-remover\/#breadcrumb\"},\"inLanguage\":\"de\",\"potentialAction\":[{\"@type\":\"ReadAction\",\"target\":[\"https:\/\/dutchhealthstore.com\/de\/product\/sweet-brine-facial-cleansing-fluid-makeup-remover\/\"]}]},{\"@type\":\"ImageObject\",\"inLanguage\":\"de\",\"@id\":\"https:\/\/dutchhealthstore.com\/de\/product\/sweet-brine-facial-cleansing-fluid-makeup-remover\/#primaryimage\",\"url\":\"https:\/\/dutchhealthstore.com\/wp-content\/uploads\/2026\/02\/Untitled-design-2026-02-16T140639.624.jpg\",\"contentUrl\":\"https:\/\/dutchhealthstore.com\/wp-content\/uploads\/2026\/02\/Untitled-design-2026-02-16T140639.624.jpg\",\"width\":530,\"height\":530,\"caption\":\"tidelands-house-sweet-brine\"},{\"@type\":\"BreadcrumbList\",\"@id\":\"https:\/\/dutchhealthstore.com\/de\/product\/sweet-brine-facial-cleansing-fluid-makeup-remover\/#breadcrumb\",\"itemListElement\":[{\"@type\":\"ListItem\",\"position\":1,\"name\":\"Home\",\"item\":\"https:\/\/dutchhealthstore.com\/de\/\"},{\"@type\":\"ListItem\",\"position\":2,\"name\":\"Shop\",\"item\":\"https:\/\/dutchhealthstore.com\/de\/shop-2\/\"},{\"@type\":\"ListItem\",\"position\":3,\"name\":\"Sweet Brine Facial Cleansing Fluid + Makeup Remover\"}]},{\"@type\":\"WebSite\",\"@id\":\"https:\/\/dutchhealthstore.com\/de\/#website\",\"url\":\"https:\/\/dutchhealthstore.com\/de\/\",\"name\":\"Dutch Health Store\",\"description\":\"Enhance Your Beauty with Organic &amp; Natural Skincare\",\"publisher\":{\"@id\":\"https:\/\/dutchhealthstore.com\/de\/#organization\"},\"potentialAction\":[{\"@type\":\"SearchAction\",\"target\":{\"@type\":\"EntryPoint\",\"urlTemplate\":\"https:\/\/dutchhealthstore.com\/de\/?s={search_term_string}\"},\"query-input\":{\"@type\":\"PropertyValueSpecification\",\"valueRequired\":true,\"valueName\":\"search_term_string\"}}],\"inLanguage\":\"de\"},{\"@type\":\"Organization\",\"@id\":\"https:\/\/dutchhealthstore.com\/de\/#organization\",\"name\":\"Dutch Health Store\",\"url\":\"https:\/\/dutchhealthstore.com\/de\/\",\"logo\":{\"@type\":\"ImageObject\",\"inLanguage\":\"de\",\"@id\":\"https:\/\/dutchhealthstore.com\/de\/#\/schema\/logo\/image\/\",\"url\":\"https:\/\/dutchhealthstore.com\/wp-content\/uploads\/2020\/08\/logo-dutchhealthstore-jpg-e1599484957574.jpg\",\"contentUrl\":\"https:\/\/dutchhealthstore.com\/wp-content\/uploads\/2020\/08\/logo-dutchhealthstore-jpg-e1599484957574.jpg\",\"width\":400,\"height\":62,\"caption\":\"Dutch Health Store\"},\"image\":{\"@id\":\"https:\/\/dutchhealthstore.com\/de\/#\/schema\/logo\/image\/\"},\"sameAs\":[\"https:\/\/www.instagram.com\/dutchhealthstore\/\",\"https:\/\/www.facebook.com\/dutchhealthstore\"]}]}<\/script>\n<meta property=\"product:brand\" content=\"Tidelands House\" \/>\n<meta property=\"product:price:amount\" content=\"43.00\" \/>\n<meta property=\"product:price:currency\" content=\"EUR\" \/>\n<meta property=\"og:availability\" content=\"instock\" \/>\n<meta property=\"product:availability\" content=\"instock\" \/>\n<meta property=\"product:condition\" content=\"new\" \/>\n<!-- \/ Yoast SEO Premium plugin. -->","yoast_head_json":{"title":"Sweet Brine Facial Cleansing Fluid + Makeup Remover Tidelands House","description":"Dieses sanfte und zugleich leistungsstarke Gesichtsreinigungsfluid entfernt Make-up und reinigt die Haut in einem einfachen Schritt porentief.","robots":{"index":"index","follow":"follow","max-snippet":"max-snippet:-1","max-image-preview":"max-image-preview:large","max-video-preview":"max-video-preview:-1"},"canonical":"https:\/\/dutchhealthstore.com\/de\/product\/sweet-brine-facial-cleansing-fluid-makeup-remover\/","og_locale":"de_DE","og_type":"article","og_title":"Sweet Brine Facial Cleansing Fluid + Makeup Remover - Dutch Health Store","og_description":"Dieses sanfte und zugleich leistungsstarke Gesichtsreinigungsfluid entfernt Make-up und reinigt die Haut in einem einfachen Schritt porentief.","og_url":"https:\/\/dutchhealthstore.com\/de\/product\/sweet-brine-facial-cleansing-fluid-makeup-remover\/","og_site_name":"Dutch Health Store","article_publisher":"https:\/\/www.instagram.com\/dutchhealthstore\/","article_modified_time":"2026-03-23T13:29:18+00:00","og_image":[{"width":530,"height":530,"url":"https:\/\/dutchhealthstore.com\/wp-content\/uploads\/2026\/02\/Untitled-design-2026-02-16T140639.624.jpg","type":"image\/jpeg"}],"twitter_card":"summary_large_image","twitter_misc":{"Preis":"&euro;43,00","Verf\u00fcgbarkeit":"Auf Lager"},"schema":{"@context":"https:\/\/schema.org","@graph":[{"@type":"WebPage","@id":"https:\/\/dutchhealthstore.com\/de\/product\/sweet-brine-facial-cleansing-fluid-makeup-remover\/","url":"https:\/\/dutchhealthstore.com\/de\/product\/sweet-brine-facial-cleansing-fluid-makeup-remover\/","name":"Sweet Brine Facial Cleansing Fluid + Makeup Remover Tidelands House","isPartOf":{"@id":"https:\/\/dutchhealthstore.com\/de\/#website"},"primaryImageOfPage":{"@id":"https:\/\/dutchhealthstore.com\/de\/product\/sweet-brine-facial-cleansing-fluid-makeup-remover\/#primaryimage"},"image":{"@id":"https:\/\/dutchhealthstore.com\/de\/product\/sweet-brine-facial-cleansing-fluid-makeup-remover\/#primaryimage"},"thumbnailUrl":"https:\/\/dutchhealthstore.com\/wp-content\/uploads\/2026\/02\/Untitled-design-2026-02-16T140639.624.jpg","datePublished":"2026-02-23T10:35:34+00:00","dateModified":"2026-03-23T13:29:18+00:00","description":"Dieses sanfte und zugleich leistungsstarke Gesichtsreinigungsfluid entfernt Make-up und reinigt die Haut in einem einfachen Schritt porentief.","breadcrumb":{"@id":"https:\/\/dutchhealthstore.com\/de\/product\/sweet-brine-facial-cleansing-fluid-makeup-remover\/#breadcrumb"},"inLanguage":"de","potentialAction":[{"@type":"ReadAction","target":["https:\/\/dutchhealthstore.com\/de\/product\/sweet-brine-facial-cleansing-fluid-makeup-remover\/"]}]},{"@type":"ImageObject","inLanguage":"de","@id":"https:\/\/dutchhealthstore.com\/de\/product\/sweet-brine-facial-cleansing-fluid-makeup-remover\/#primaryimage","url":"https:\/\/dutchhealthstore.com\/wp-content\/uploads\/2026\/02\/Untitled-design-2026-02-16T140639.624.jpg","contentUrl":"https:\/\/dutchhealthstore.com\/wp-content\/uploads\/2026\/02\/Untitled-design-2026-02-16T140639.624.jpg","width":530,"height":530,"caption":"tidelands-house-sweet-brine"},{"@type":"BreadcrumbList","@id":"https:\/\/dutchhealthstore.com\/de\/product\/sweet-brine-facial-cleansing-fluid-makeup-remover\/#breadcrumb","itemListElement":[{"@type":"ListItem","position":1,"name":"Home","item":"https:\/\/dutchhealthstore.com\/de\/"},{"@type":"ListItem","position":2,"name":"Shop","item":"https:\/\/dutchhealthstore.com\/de\/shop-2\/"},{"@type":"ListItem","position":3,"name":"Sweet Brine Facial Cleansing Fluid + Makeup Remover"}]},{"@type":"WebSite","@id":"https:\/\/dutchhealthstore.com\/de\/#website","url":"https:\/\/dutchhealthstore.com\/de\/","name":"Dutch Health Store","description":"Enhance Your Beauty with Organic &amp; Natural Skincare","publisher":{"@id":"https:\/\/dutchhealthstore.com\/de\/#organization"},"potentialAction":[{"@type":"SearchAction","target":{"@type":"EntryPoint","urlTemplate":"https:\/\/dutchhealthstore.com\/de\/?s={search_term_string}"},"query-input":{"@type":"PropertyValueSpecification","valueRequired":true,"valueName":"search_term_string"}}],"inLanguage":"de"},{"@type":"Organization","@id":"https:\/\/dutchhealthstore.com\/de\/#organization","name":"Dutch Health Store","url":"https:\/\/dutchhealthstore.com\/de\/","logo":{"@type":"ImageObject","inLanguage":"de","@id":"https:\/\/dutchhealthstore.com\/de\/#\/schema\/logo\/image\/","url":"https:\/\/dutchhealthstore.com\/wp-content\/uploads\/2020\/08\/logo-dutchhealthstore-jpg-e1599484957574.jpg","contentUrl":"https:\/\/dutchhealthstore.com\/wp-content\/uploads\/2020\/08\/logo-dutchhealthstore-jpg-e1599484957574.jpg","width":400,"height":62,"caption":"Dutch Health Store"},"image":{"@id":"https:\/\/dutchhealthstore.com\/de\/#\/schema\/logo\/image\/"},"sameAs":["https:\/\/www.instagram.com\/dutchhealthstore\/","https:\/\/www.facebook.com\/dutchhealthstore"]}]},"product_brand":"Tidelands House","product_price_amount":"43.00","product_price_currency":"EUR","og_availability":"instock","product_availability":"instock","product_condition":"new"},"_links":{"self":[{"href":"https:\/\/dutchhealthstore.com\/de\/wp-json\/wp\/v2\/product\/372712","targetHints":{"allow":["GET"]}}],"collection":[{"href":"https:\/\/dutchhealthstore.com\/de\/wp-json\/wp\/v2\/product"}],"about":[{"href":"https:\/\/dutchhealthstore.com\/de\/wp-json\/wp\/v2\/types\/product"}],"replies":[{"embeddable":true,"href":"https:\/\/dutchhealthstore.com\/de\/wp-json\/wp\/v2\/comments?post=372712"}],"wp:featuredmedia":[{"embeddable":true,"href":"https:\/\/dutchhealthstore.com\/de\/wp-json\/wp\/v2\/media\/371532"}],"wp:attachment":[{"href":"https:\/\/dutchhealthstore.com\/de\/wp-json\/wp\/v2\/media?parent=372712"}],"wp:term":[{"taxonomy":"product_brand","embeddable":true,"href":"https:\/\/dutchhealthstore.com\/de\/wp-json\/wp\/v2\/product_brand?post=372712"},{"taxonomy":"product_cat","embeddable":true,"href":"https:\/\/dutchhealthstore.com\/de\/wp-json\/wp\/v2\/product_cat?post=372712"},{"taxonomy":"product_tag","embeddable":true,"href":"https:\/\/dutchhealthstore.com\/de\/wp-json\/wp\/v2\/product_tag?post=372712"}],"curies":[{"name":"wp","href":"https:\/\/api.w.org\/{rel}","templated":true}]}}