{"id":372690,"date":"2026-02-23T11:41:57","date_gmt":"2026-02-23T10:41:57","guid":{"rendered":"https:\/\/dutchhealthstore.com\/product\/reishi-boreale-forest-mineral-renewal-facial-serum\/"},"modified":"2026-02-23T11:41:57","modified_gmt":"2026-02-23T10:41:57","slug":"reishi-boreale-forest-mineral-renewal-facial-serum","status":"publish","type":"product","link":"https:\/\/dutchhealthstore.com\/de\/product\/reishi-boreale-forest-mineral-renewal-facial-serum\/","title":{"rendered":"Reishi Bor\u00e9ale Forest Mineral Renewal Facial Serum"},"content":{"rendered":"<h4 data-start=\"585\" data-end=\"605\"><strong data-start=\"590\" data-end=\"605\">Die Formel<\/strong><\/h4>\n<p data-start=\"606\" data-end=\"847\">Dieses lebendige, n\u00e4hrstoffreiche Gesichtsserum basiert auf wirkungsvollen Pflanzenextrakten, die reich an Vitaminen und Phyton\u00e4hrstoffen sind. Es hilft, die Haut vor UV-bedingtem Stress zu sch\u00fctzen, w\u00e4hrend es die Regeneration und Erneuerung vor und nach dem Aufenthalt in der Sonne unterst\u00fctzt. <\/p>\n<p data-start=\"849\" data-end=\"1067\">Die leichte Textur zieht schnell ein, spendet Feuchtigkeit, f\u00f6rdert die Ausstrahlung und hilft, das Erscheinungsbild von Verf\u00e4rbungen zu reduzieren. Das Ergebnis ist ein glatterer, ebenm\u00e4\u00dfigerer Teint mit ausgewogener Leuchtkraft. <\/p>\n<p data-start=\"1069\" data-end=\"1159\">Dieses Serum ist f\u00fcr alle Hauttypen geeignet und f\u00f6rdert Widerstandskraft, Geschmeidigkeit und sichtbare Regeneration.<\/p>\n<h3>Philosophy of Flowers<\/h3>\n<p>Eibischwurzel, Sanddornbeere, gereifte S\u00fc\u00dfholzwurzel, Mondnesseln, bioregionale Kamillenbl\u00fcte und Astragaluswurzel.<\/p>\n<h3>Aktive Botanicals<\/h3>\n<p data-start=\"1773\" data-end=\"1995\"><strong data-start=\"1773\" data-end=\"1792\">Reishi-Pilz<\/strong><br data-start=\"1792\" data-end=\"1795\">Handgeerntet aus borealen W\u00e4ldern, enth\u00e4lt Reishi regenerierende Polysaccharide und Beta-Glucane. Er hilft, die Haut zu beruhigen, den Lymphfluss zu unterst\u00fctzen und Schwellungen sowie Mattheit zu reduzieren. <\/p>\n<p data-start=\"1997\" data-end=\"2211\"><strong data-start=\"1997\" data-end=\"2016\">Astragaluswurzel<\/strong><br data-start=\"2016\" data-end=\"2019\">Ein kraftvoller, entz\u00fcndungshemmender Pflanzenextrakt, der das Bindegewebe st\u00e4rkt und die Kollagenintegrit\u00e4t unterst\u00fctzt. Er hilft, die Haut vor umweltbedingtem Abbau durch UV-Exposition zu sch\u00fctzen. <\/p>\n<p data-start=\"2213\" data-end=\"2337\"><strong data-start=\"2213\" data-end=\"2226\">Gotu Kola<\/strong><br data-start=\"2226\" data-end=\"2229\">F\u00f6rdert die Kollagenproduktion und pflegt empfindliches Bindegewebe, was Festigkeit und Elastizit\u00e4t unterst\u00fctzt.<\/p>\n<p data-start=\"2339\" data-end=\"2497\"><strong data-start=\"2339\" data-end=\"2354\">Brennnesselblatt<\/strong><br data-start=\"2354\" data-end=\"2357\">Reich an Kiesels\u00e4ure, Schwefel und Phyton\u00e4hrstoffen, die helfen, die Haut zu st\u00e4rken und die Widerstandsf\u00e4higkeit gegen Umweltstress und UV-Sch\u00e4den zu verbessern.<\/p>\n<p data-start=\"2499\" data-end=\"2660\"><strong data-start=\"2499\" data-end=\"2521\">Kombu-Alge<\/strong><br data-start=\"2521\" data-end=\"2524\">Ethisch gesammelt und mineralstoffreich, versorgt diese Meerespflanze die Haut mit essenziellen Vitaminen und N\u00e4hrstoffen, um einen gesunden Glow zu f\u00f6rdern.<\/p>\n<p data-start=\"2662\" data-end=\"2802\"><strong data-start=\"2662\" data-end=\"2682\">Eibischwurzel<\/strong><br data-start=\"2682\" data-end=\"2685\">Ein nat\u00fcrlicher feuchtigkeitsbindender Humectant, der den Feuchtigkeitsgehalt erh\u00f6ht und gleichzeitig beruhigende sowie antioxidative Vorteile bietet.<\/p>\n<p data-start=\"2804\" data-end=\"2959\"><strong data-start=\"2804\" data-end=\"2821\">S\u00fc\u00dfholzwurzel<\/strong><br data-start=\"2821\" data-end=\"2824\">Hilft, das Erscheinungsbild von Hyperpigmentierung und ungleichm\u00e4\u00dfigem Hautton zu mildern. Nat\u00fcrlich beruhigend und reich an Antioxidantien, die die Hautklarheit unterst\u00fctzen. <\/p>\n<p data-start=\"2961\" data-end=\"3102\"><strong data-start=\"2961\" data-end=\"2977\">Beinwellblatt<\/strong><br data-start=\"2977\" data-end=\"2980\">Enth\u00e4lt Allantoin, um die Haut zu erweichen und die Erneuerung zu unterst\u00fctzen. Sein antioxidatives Profil hilft, vor Umweltstress zu sch\u00fctzen. <\/p>\n<p data-start=\"3104\" data-end=\"3280\"><strong data-start=\"3104\" data-end=\"3132\">Wild gesammelte Ringelblume<\/strong><br data-start=\"3132\" data-end=\"3135\">Unterst\u00fctzt Feuchtigkeit und Festigkeit, w\u00e4hrend sie zu R\u00f6tungen oder Akne neigende Haut beruhigt. Nat\u00fcrlich reich an Antioxidantien mit sanften Schutzeigenschaften. <\/p>\n<p data-start=\"3282\" data-end=\"3456\"><strong data-start=\"3282\" data-end=\"3308\">Himbeersamen\u00f6l<\/strong><br data-start=\"3308\" data-end=\"3311\">Kaltgepresst und n\u00e4hrstoffreich, enth\u00e4lt es essenzielle Fetts\u00e4uren, Carotinoide und Flavonoide, die helfen, die Widerstandsf\u00e4higkeit der Haut in der Sonne zu verbessern.<\/p>\n<p data-start=\"3458\" data-end=\"3680\"><strong data-start=\"3458\" data-end=\"3481\">Sanddornbeere<\/strong><br data-start=\"3481\" data-end=\"3484\">Ein leuchtendes Superfruit-\u00d6l, reich an essenziellen Fetts\u00e4uren und Carotinoiden. Es n\u00e4hrt, st\u00e4rkt das Bindegewebe und verbessert den nat\u00fcrlichen Glow sowie die Anpassungsf\u00e4higkeit der Haut an saisonale Ver\u00e4nderungen. <\/p>\n<p data-start=\"3682\" data-end=\"3838\"><strong data-start=\"3682\" data-end=\"3708\">Wilde Kamillenbl\u00fcte<\/strong><br data-start=\"3708\" data-end=\"3711\">Bekannt f\u00fcr ihre beruhigenden und lindernden Eigenschaften. Hydratisiert sanft und unterst\u00fctzt empfindliche Haut mit ihrem weichen, tr\u00f6stlichen Aroma. <\/p>\n<p><em><strong>Alle Inhaltsstoffe sind biologisch, wildgesammelt und nachhaltig, ethisch und regional bezogen. <\/strong><\/em><\/p>\n<p><strong>Gr\u00f6\u00dfe: 30 ml<\/strong><\/p>\n<h3 data-start=\"3845\" data-end=\"3872\"><strong data-start=\"3849\" data-end=\"3872\">Philosophie der Sonnenpflege<\/strong><\/h3>\n<p data-start=\"3874\" data-end=\"4162\" data-is-last-node=\"\" data-is-only-node=\"\">Dieses Pflegeserum wurde entwickelt, um eine achtsame Sonnenpflege zu erg\u00e4nzen. Genie\u00dfen Sie m\u00e4\u00dfige Sonnenexposition und kombinieren Sie das Serum mit einem mineralischen oder zinkbasierten Sonnenschutz f\u00fcr zus\u00e4tzlichen Schutz. Die Wahl eines physikalischen Sonnenschutzes gegen\u00fcber chemischen Formeln unterst\u00fctzt sowohl die Hautgesundheit als auch das \u00f6kologische Wohlbefinden.  <\/p>\n<h2><strong>Nat\u00fcrliche \/ biologische Inhaltsstoffe <\/strong><\/h2>\n<p>Hauseigene Ganzpflanzenextrakte und Essenzen aus wildem borealen Wald-Reishi-Pilz (<em>Ganoderma lucidum<\/em>), S\u00fc\u00dfholzwurzel (<em>Glycyrrhiza glabra<\/em>), Ringelblumenbl\u00fcte (<em>Calendula officinalis<\/em>), Gotu Kola (<em>Centella asiatica<\/em>), Eibischwurzel (<em>Althaea officinalis<\/em>), neuschottischen Hagebutten (<em>Rosa canina<\/em>), Rotklee-Bl\u00fcte (<em>Trifolium pratense<\/em>), Mondnesselblatt (<em>Urtica dioica<\/em>), Holunderbl\u00fcte (<em>Sambucus nigra<\/em>), Astragaluswurzel (<em>Astragalus membranaceus<\/em>), Schachtelhalmblatt (<em>Equisetum arvense<\/em>), Beinwellblatt (<em>Symphytum officinale<\/em>), Fenchelsamen (<em>Foeniculum vulgare<\/em>), Vancouver Island Kombu-Alge (<em>Laminaria digitata<\/em>), Kamillenbl\u00fcte (<em>Matricaria chamomilla<\/em>), Himbeersamen\u00f6l (<em>Rubus idaeus<\/em>), Cranberrysamen\u00f6l (<em>Vaccinium macrocarpon<\/em>), Sanddornbeeren\u00f6l (<em>Hippophae rhamnoides<\/em>), Jojoba\u00f6l (<em>Simmondsia chinensis<\/em>), Tamanu\u00f6l (<em>Calophyllum inophyllum<\/em>), K\u00fcrbiskern\u00f6l (<em>Cucurbita pepo<\/em>), Karottensamen\u00f6l (<em>Daucus carota<\/em>).<\/p>\n\n\t<section class=\"section dark\" id=\"section_83467019\">\n\t\t<div class=\"section-bg fill\" >\n\t\t\t<img fetchpriority=\"high\" decoding=\"async\" width=\"1200\" height=\"604\" src=\"https:\/\/dutchhealthstore.com\/wp-content\/uploads\/2026\/02\/bgux.jpg\" class=\"bg attachment- size-\" alt=\"\" \/>\t\t\t\t\t\t<div class=\"section-bg-overlay absolute fill\"><\/div>\n\t\t\t\n\n\t\t<\/div>\n\n\t\t\n\n\t\t<div class=\"section-content relative\">\n\t\t\t\n\n\t<div id=\"gap-1781741738\" class=\"gap-element clearfix\" style=\"display:block; height:auto;\">\n\t\t\n<style>\n#gap-1781741738 {\n  padding-top: 15px;\n}\n<\/style>\n\t<\/div>\n\t\n\n<div class=\"container section-title-container\" ><h3 class=\"section-title section-title-normal\"><b><\/b><span class=\"section-title-main\" >\u00dcber Tidelands House<\/span><b><\/b><\/h3><\/div>\n\n<div class=\"row\"  id=\"row-1463917428\">\n\n\n\t<div id=\"col-172679521\" class=\"col small-12 large-12\"  >\n\t\t\t\t<div class=\"col-inner\"  >\n\t\t\t\n\t\t\t\n\n<p>Tidelands House ist ein kanadisches Atelier f\u00fcr botanische Hautpflege, das von der Kr\u00e4uterkundlerin Dominique Del Col gegr\u00fcndet wurde. Jede Rezeptur wird in Handarbeit in einem sonnendurchfluteten Destillierraum in einem restaurierten Steinhaus aus dem 19. Jahrhundert hergestellt, wo Kr\u00e4uter von Holzbalken h\u00e4ngen und Botanicals im Rhythmus der Jahreszeiten zubereitet werden.<\/p>\n<p>Wild gesammelte Pflanzen, biodynamischer Anbau und Meeresbotanicals von Kanadas Ostk\u00fcste bilden das Herzst\u00fcck jeder Zubereitung. Die Inhaltsstoffe werden zum Zeitpunkt ihrer h\u00f6chsten Vitalit\u00e4t geerntet und in Kleinstmengen verarbeitet, um Wirksamkeit, Frische und energetische Integrit\u00e4t zu bewahren. <\/p>\n<p>Keine synthetischen Zusatzstoffe. Keine unn\u00f6tigen F\u00fcllstoffe. Nur n\u00e4hrstoffreiche botanische Extrakte, fermentierte Bl\u00fctenessenzen und reine Pflanzen\u00f6le in traditionsbewusstem Milchglas.  <\/p>\n<p>Tidelands House ist langsame, bewusste Hautpflege \u2013 verwurzelt in der Natur, im Ritual und im Respekt vor Tradition sowie moderner botanischer Wissenschaft.<\/p>\n\n\n\t\t<\/div>\n\t\t\t\t\t<\/div>\n\n\t\n\n<\/div>\n\n\t\t<\/div>\n\n\t\t\n<style>\n#section_83467019 {\n  padding-top: 30px;\n  padding-bottom: 30px;\n  background-color: rgb(40, 40, 40);\n}\n#section_83467019 .section-bg-overlay {\n  background-color: rgba(0, 0, 0, 0.477);\n}\n#section_83467019 .section-bg img {\n  object-position: 51% 73%;\n}\n<\/style>\n\t<\/section>\n\t\n","protected":false},"excerpt":{"rendered":"<p>Ein konzentriertes botanisches Gesichtsserum, das entwickelt wurde, um die Haut vor und nach der Sonnenexposition zu sch\u00fctzen, zu regenerieren und aufzuhellen. Reich an Phyton\u00e4hrstoffen und essenziellen Vitaminen, unterst\u00fctzt diese ausgleichende Formel Feuchtigkeit, Widerstandskraft und einen glatten, strahlenden Teint f\u00fcr alle Hauttypen. <\/p>\n","protected":false},"featured_media":371834,"comment_status":"open","ping_status":"closed","template":"","meta":[],"product_brand":[],"product_cat":[14735,20921,20988,20946,20989,8509,1227,5704,6645,5703,5669,1032,1210,1910,20907,5702,5636,5101,1048,511,5706,5707,5708,5705,4758,5864,22207,5701,5634],"product_tag":[],"class_list":{"0":"post-372690","1":"product","2":"type-product","3":"status-publish","4":"has-post-thumbnail","6":"product_cat-hautpflege","7":"product_cat-reife-alternde-haut","8":"product_cat-seren","9":"product_cat-trocken-de","10":"product_cat-trocken-de-3","11":"product_cat-every-day-solutions-de","12":"product_cat-sensitive-skin-redness-de","13":"product_cat-sensitive-skin-redness-de-4","14":"product_cat-family-de","15":"product_cat-oily-skin-clogged-pores-de-6","16":"product_cat-oily-skin-clogged-pores-de","17":"product_cat-kategorien","18":"product_cat-marken","19":"product_cat-neue-produkte","20":"product_cat-new-additions-skincare-de","21":"product_cat-normal-or-combination-skin-de-5","22":"product_cat-normal-or-combination-skin-de-2","23":"product_cat-by-skin-type-de-4","24":"product_cat-kollektion","25":"product_cat-produkte","26":"product_cat-serums-de-3","27":"product_cat-serums-de-4","28":"product_cat-serums-de-5","29":"product_cat-serums-de","30":"product_cat-serums-de-2","31":"product_cat-sun-outdoor-care-de-2","32":"product_cat-tidelands-house","33":"product_cat-dry-mature-ageing-skin-de-5","34":"product_cat-dry-mature-ageing-skin-de-2","35":"pa_brand-tidelands-house","36":"pa_gtin-22287","37":"pa_size-30-ml-de","38":"pa_skincare-type-face-oil-and-serums-de","40":"first","41":"outofstock","42":"taxable","43":"shipping-taxable","44":"purchasable","45":"product-type-simple"},"bundled_by":[],"bundle_stock_status":"outofstock","bundle_stock_quantity":0,"bundle_virtual":false,"bundle_layout":"","bundle_add_to_cart_form_location":"","bundle_editable_in_cart":false,"bundle_sold_individually_context":"","bundle_item_grouping":"","bundle_min_size":"","bundle_max_size":"","bundle_price":[],"bundled_items":[],"bundle_sell_ids":[372718],"atum_controlled":true,"out_stock_date":"2026-03-06 23:58:18","out_stock_threshold":null,"inheritable":false,"stock_on_hold":1,"sold_today":0,"sales_last_days":3,"out_stock_days":2,"lost_sales":51,"update_date":"2026-04-07T06:56:24","atum_locations":[],"atum_stock_status":"outofstock","restock_status":false,"low_stock_amount":"","sales_update_date":"2026-04-07T06:56:24","calc_backorders":null,"group_of_quantity":0,"min_quantity":0,"max_quantity":"","exclude_order_quantity_value_rules":"no","exclude_category_quantity_rules":"no","combine_variations":"no","yoast_head":"<!-- This site is optimized with the Yoast SEO Premium plugin v26.5 (Yoast SEO v26.5) - https:\/\/yoast.com\/wordpress\/plugins\/seo\/ -->\n<title>Reishi Bor\u00e9ale Forest Mineral Renewal Facial Serum - Tidelands House<\/title>\n<meta name=\"description\" content=\"Botanisches Sun-Repair-Gesichtsserum mit n\u00e4hrstoffreichen Pflanzenextrakten. Hydratisiert, hellt auf und unterst\u00fctzt die Haut vor und nach dem Sonnenbad.\" \/>\n<meta name=\"robots\" content=\"index, follow, max-snippet:-1, max-image-preview:large, max-video-preview:-1\" \/>\n<link rel=\"canonical\" href=\"https:\/\/dutchhealthstore.com\/de\/product\/reishi-boreale-forest-mineral-renewal-facial-serum\/\" \/>\n<meta property=\"og:locale\" content=\"de_DE\" \/>\n<meta property=\"og:type\" content=\"article\" \/>\n<meta property=\"og:title\" content=\"Reishi Bor\u00e9ale Forest Mineral Renewal Facial Serum - Dutch Health Store\" \/>\n<meta property=\"og:description\" content=\"Botanisches Sun-Repair-Gesichtsserum mit n\u00e4hrstoffreichen Pflanzenextrakten. Hydratisiert, hellt auf und unterst\u00fctzt die Haut vor und nach dem Sonnenbad.\" \/>\n<meta property=\"og:url\" content=\"https:\/\/dutchhealthstore.com\/de\/product\/reishi-boreale-forest-mineral-renewal-facial-serum\/\" \/>\n<meta property=\"og:site_name\" content=\"Dutch Health Store\" \/>\n<meta property=\"article:publisher\" content=\"https:\/\/www.instagram.com\/dutchhealthstore\/\" \/>\n<meta property=\"og:image\" content=\"https:\/\/dutchhealthstore.com\/wp-content\/uploads\/2026\/02\/Reishi-Boreale-Forest-Mineral-Renewal-Facial-Serum.jpg\" \/>\n\t<meta property=\"og:image:width\" content=\"530\" \/>\n\t<meta property=\"og:image:height\" content=\"530\" \/>\n\t<meta property=\"og:image:type\" content=\"image\/jpeg\" \/>\n<meta name=\"twitter:card\" content=\"summary_large_image\" \/>\n<meta name=\"twitter:label1\" content=\"Preis\" \/>\n\t<meta name=\"twitter:data1\" content=\"&euro;60,00\" \/>\n\t<meta name=\"twitter:label2\" content=\"Verf\u00fcgbarkeit\" \/>\n\t<meta name=\"twitter:data2\" content=\"ausverkauft\" \/>\n<script type=\"application\/ld+json\" class=\"yoast-schema-graph\">{\"@context\":\"https:\/\/schema.org\",\"@graph\":[{\"@type\":\"WebPage\",\"@id\":\"https:\/\/dutchhealthstore.com\/de\/product\/reishi-boreale-forest-mineral-renewal-facial-serum\/\",\"url\":\"https:\/\/dutchhealthstore.com\/de\/product\/reishi-boreale-forest-mineral-renewal-facial-serum\/\",\"name\":\"Reishi Bor\u00e9ale Forest Mineral Renewal Facial Serum - Tidelands House\",\"isPartOf\":{\"@id\":\"https:\/\/dutchhealthstore.com\/de\/#website\"},\"primaryImageOfPage\":{\"@id\":\"https:\/\/dutchhealthstore.com\/de\/product\/reishi-boreale-forest-mineral-renewal-facial-serum\/#primaryimage\"},\"image\":{\"@id\":\"https:\/\/dutchhealthstore.com\/de\/product\/reishi-boreale-forest-mineral-renewal-facial-serum\/#primaryimage\"},\"thumbnailUrl\":\"https:\/\/dutchhealthstore.com\/wp-content\/uploads\/2026\/02\/Reishi-Boreale-Forest-Mineral-Renewal-Facial-Serum.jpg\",\"datePublished\":\"2026-02-23T10:41:57+00:00\",\"description\":\"Botanisches Sun-Repair-Gesichtsserum mit n\u00e4hrstoffreichen Pflanzenextrakten. Hydratisiert, hellt auf und unterst\u00fctzt die Haut vor und nach dem Sonnenbad.\",\"breadcrumb\":{\"@id\":\"https:\/\/dutchhealthstore.com\/de\/product\/reishi-boreale-forest-mineral-renewal-facial-serum\/#breadcrumb\"},\"inLanguage\":\"de\",\"potentialAction\":[{\"@type\":\"ReadAction\",\"target\":[\"https:\/\/dutchhealthstore.com\/de\/product\/reishi-boreale-forest-mineral-renewal-facial-serum\/\"]}]},{\"@type\":\"ImageObject\",\"inLanguage\":\"de\",\"@id\":\"https:\/\/dutchhealthstore.com\/de\/product\/reishi-boreale-forest-mineral-renewal-facial-serum\/#primaryimage\",\"url\":\"https:\/\/dutchhealthstore.com\/wp-content\/uploads\/2026\/02\/Reishi-Boreale-Forest-Mineral-Renewal-Facial-Serum.jpg\",\"contentUrl\":\"https:\/\/dutchhealthstore.com\/wp-content\/uploads\/2026\/02\/Reishi-Boreale-Forest-Mineral-Renewal-Facial-Serum.jpg\",\"width\":530,\"height\":530,\"caption\":\"reishi-boreale-forest-mineral-renewal-facial-serum\"},{\"@type\":\"BreadcrumbList\",\"@id\":\"https:\/\/dutchhealthstore.com\/de\/product\/reishi-boreale-forest-mineral-renewal-facial-serum\/#breadcrumb\",\"itemListElement\":[{\"@type\":\"ListItem\",\"position\":1,\"name\":\"Home\",\"item\":\"https:\/\/dutchhealthstore.com\/de\/\"},{\"@type\":\"ListItem\",\"position\":2,\"name\":\"Shop\",\"item\":\"https:\/\/dutchhealthstore.com\/de\/shop-2\/\"},{\"@type\":\"ListItem\",\"position\":3,\"name\":\"Reishi Bor\u00e9ale Forest Mineral Renewal Facial Serum\"}]},{\"@type\":\"WebSite\",\"@id\":\"https:\/\/dutchhealthstore.com\/de\/#website\",\"url\":\"https:\/\/dutchhealthstore.com\/de\/\",\"name\":\"Dutch Health Store\",\"description\":\"Enhance Your Beauty with Organic &amp; Natural Skincare\",\"publisher\":{\"@id\":\"https:\/\/dutchhealthstore.com\/de\/#organization\"},\"potentialAction\":[{\"@type\":\"SearchAction\",\"target\":{\"@type\":\"EntryPoint\",\"urlTemplate\":\"https:\/\/dutchhealthstore.com\/de\/?s={search_term_string}\"},\"query-input\":{\"@type\":\"PropertyValueSpecification\",\"valueRequired\":true,\"valueName\":\"search_term_string\"}}],\"inLanguage\":\"de\"},{\"@type\":\"Organization\",\"@id\":\"https:\/\/dutchhealthstore.com\/de\/#organization\",\"name\":\"Dutch Health Store\",\"url\":\"https:\/\/dutchhealthstore.com\/de\/\",\"logo\":{\"@type\":\"ImageObject\",\"inLanguage\":\"de\",\"@id\":\"https:\/\/dutchhealthstore.com\/de\/#\/schema\/logo\/image\/\",\"url\":\"https:\/\/dutchhealthstore.com\/wp-content\/uploads\/2020\/08\/logo-dutchhealthstore-jpg-e1599484957574.jpg\",\"contentUrl\":\"https:\/\/dutchhealthstore.com\/wp-content\/uploads\/2020\/08\/logo-dutchhealthstore-jpg-e1599484957574.jpg\",\"width\":400,\"height\":62,\"caption\":\"Dutch Health Store\"},\"image\":{\"@id\":\"https:\/\/dutchhealthstore.com\/de\/#\/schema\/logo\/image\/\"},\"sameAs\":[\"https:\/\/www.instagram.com\/dutchhealthstore\/\",\"https:\/\/www.facebook.com\/dutchhealthstore\"]}]}<\/script>\n<meta property=\"product:brand\" content=\"Tidelands House\" \/>\n<meta property=\"product:price:amount\" content=\"60.00\" \/>\n<meta property=\"product:price:currency\" content=\"EUR\" \/>\n<meta property=\"og:availability\" content=\"out of stock\" \/>\n<meta property=\"product:availability\" content=\"out of stock\" \/>\n<meta property=\"product:condition\" content=\"new\" \/>\n<!-- \/ Yoast SEO Premium plugin. -->","yoast_head_json":{"title":"Reishi Bor\u00e9ale Forest Mineral Renewal Facial Serum - Tidelands House","description":"Botanisches Sun-Repair-Gesichtsserum mit n\u00e4hrstoffreichen Pflanzenextrakten. Hydratisiert, hellt auf und unterst\u00fctzt die Haut vor und nach dem Sonnenbad.","robots":{"index":"index","follow":"follow","max-snippet":"max-snippet:-1","max-image-preview":"max-image-preview:large","max-video-preview":"max-video-preview:-1"},"canonical":"https:\/\/dutchhealthstore.com\/de\/product\/reishi-boreale-forest-mineral-renewal-facial-serum\/","og_locale":"de_DE","og_type":"article","og_title":"Reishi Bor\u00e9ale Forest Mineral Renewal Facial Serum - Dutch Health Store","og_description":"Botanisches Sun-Repair-Gesichtsserum mit n\u00e4hrstoffreichen Pflanzenextrakten. Hydratisiert, hellt auf und unterst\u00fctzt die Haut vor und nach dem Sonnenbad.","og_url":"https:\/\/dutchhealthstore.com\/de\/product\/reishi-boreale-forest-mineral-renewal-facial-serum\/","og_site_name":"Dutch Health Store","article_publisher":"https:\/\/www.instagram.com\/dutchhealthstore\/","og_image":[{"width":530,"height":530,"url":"https:\/\/dutchhealthstore.com\/wp-content\/uploads\/2026\/02\/Reishi-Boreale-Forest-Mineral-Renewal-Facial-Serum.jpg","type":"image\/jpeg"}],"twitter_card":"summary_large_image","twitter_misc":{"Preis":"&euro;60,00","Verf\u00fcgbarkeit":"ausverkauft"},"schema":{"@context":"https:\/\/schema.org","@graph":[{"@type":"WebPage","@id":"https:\/\/dutchhealthstore.com\/de\/product\/reishi-boreale-forest-mineral-renewal-facial-serum\/","url":"https:\/\/dutchhealthstore.com\/de\/product\/reishi-boreale-forest-mineral-renewal-facial-serum\/","name":"Reishi Bor\u00e9ale Forest Mineral Renewal Facial Serum - Tidelands House","isPartOf":{"@id":"https:\/\/dutchhealthstore.com\/de\/#website"},"primaryImageOfPage":{"@id":"https:\/\/dutchhealthstore.com\/de\/product\/reishi-boreale-forest-mineral-renewal-facial-serum\/#primaryimage"},"image":{"@id":"https:\/\/dutchhealthstore.com\/de\/product\/reishi-boreale-forest-mineral-renewal-facial-serum\/#primaryimage"},"thumbnailUrl":"https:\/\/dutchhealthstore.com\/wp-content\/uploads\/2026\/02\/Reishi-Boreale-Forest-Mineral-Renewal-Facial-Serum.jpg","datePublished":"2026-02-23T10:41:57+00:00","description":"Botanisches Sun-Repair-Gesichtsserum mit n\u00e4hrstoffreichen Pflanzenextrakten. Hydratisiert, hellt auf und unterst\u00fctzt die Haut vor und nach dem Sonnenbad.","breadcrumb":{"@id":"https:\/\/dutchhealthstore.com\/de\/product\/reishi-boreale-forest-mineral-renewal-facial-serum\/#breadcrumb"},"inLanguage":"de","potentialAction":[{"@type":"ReadAction","target":["https:\/\/dutchhealthstore.com\/de\/product\/reishi-boreale-forest-mineral-renewal-facial-serum\/"]}]},{"@type":"ImageObject","inLanguage":"de","@id":"https:\/\/dutchhealthstore.com\/de\/product\/reishi-boreale-forest-mineral-renewal-facial-serum\/#primaryimage","url":"https:\/\/dutchhealthstore.com\/wp-content\/uploads\/2026\/02\/Reishi-Boreale-Forest-Mineral-Renewal-Facial-Serum.jpg","contentUrl":"https:\/\/dutchhealthstore.com\/wp-content\/uploads\/2026\/02\/Reishi-Boreale-Forest-Mineral-Renewal-Facial-Serum.jpg","width":530,"height":530,"caption":"reishi-boreale-forest-mineral-renewal-facial-serum"},{"@type":"BreadcrumbList","@id":"https:\/\/dutchhealthstore.com\/de\/product\/reishi-boreale-forest-mineral-renewal-facial-serum\/#breadcrumb","itemListElement":[{"@type":"ListItem","position":1,"name":"Home","item":"https:\/\/dutchhealthstore.com\/de\/"},{"@type":"ListItem","position":2,"name":"Shop","item":"https:\/\/dutchhealthstore.com\/de\/shop-2\/"},{"@type":"ListItem","position":3,"name":"Reishi Bor\u00e9ale Forest Mineral Renewal Facial Serum"}]},{"@type":"WebSite","@id":"https:\/\/dutchhealthstore.com\/de\/#website","url":"https:\/\/dutchhealthstore.com\/de\/","name":"Dutch Health Store","description":"Enhance Your Beauty with Organic &amp; Natural Skincare","publisher":{"@id":"https:\/\/dutchhealthstore.com\/de\/#organization"},"potentialAction":[{"@type":"SearchAction","target":{"@type":"EntryPoint","urlTemplate":"https:\/\/dutchhealthstore.com\/de\/?s={search_term_string}"},"query-input":{"@type":"PropertyValueSpecification","valueRequired":true,"valueName":"search_term_string"}}],"inLanguage":"de"},{"@type":"Organization","@id":"https:\/\/dutchhealthstore.com\/de\/#organization","name":"Dutch Health Store","url":"https:\/\/dutchhealthstore.com\/de\/","logo":{"@type":"ImageObject","inLanguage":"de","@id":"https:\/\/dutchhealthstore.com\/de\/#\/schema\/logo\/image\/","url":"https:\/\/dutchhealthstore.com\/wp-content\/uploads\/2020\/08\/logo-dutchhealthstore-jpg-e1599484957574.jpg","contentUrl":"https:\/\/dutchhealthstore.com\/wp-content\/uploads\/2020\/08\/logo-dutchhealthstore-jpg-e1599484957574.jpg","width":400,"height":62,"caption":"Dutch Health Store"},"image":{"@id":"https:\/\/dutchhealthstore.com\/de\/#\/schema\/logo\/image\/"},"sameAs":["https:\/\/www.instagram.com\/dutchhealthstore\/","https:\/\/www.facebook.com\/dutchhealthstore"]}]},"product_brand":"Tidelands House","product_price_amount":"60.00","product_price_currency":"EUR","og_availability":"out of stock","product_availability":"out of stock","product_condition":"new"},"_links":{"self":[{"href":"https:\/\/dutchhealthstore.com\/de\/wp-json\/wp\/v2\/product\/372690","targetHints":{"allow":["GET"]}}],"collection":[{"href":"https:\/\/dutchhealthstore.com\/de\/wp-json\/wp\/v2\/product"}],"about":[{"href":"https:\/\/dutchhealthstore.com\/de\/wp-json\/wp\/v2\/types\/product"}],"replies":[{"embeddable":true,"href":"https:\/\/dutchhealthstore.com\/de\/wp-json\/wp\/v2\/comments?post=372690"}],"wp:featuredmedia":[{"embeddable":true,"href":"https:\/\/dutchhealthstore.com\/de\/wp-json\/wp\/v2\/media\/371834"}],"wp:attachment":[{"href":"https:\/\/dutchhealthstore.com\/de\/wp-json\/wp\/v2\/media?parent=372690"}],"wp:term":[{"taxonomy":"product_brand","embeddable":true,"href":"https:\/\/dutchhealthstore.com\/de\/wp-json\/wp\/v2\/product_brand?post=372690"},{"taxonomy":"product_cat","embeddable":true,"href":"https:\/\/dutchhealthstore.com\/de\/wp-json\/wp\/v2\/product_cat?post=372690"},{"taxonomy":"product_tag","embeddable":true,"href":"https:\/\/dutchhealthstore.com\/de\/wp-json\/wp\/v2\/product_tag?post=372690"}],"curies":[{"name":"wp","href":"https:\/\/api.w.org\/{rel}","templated":true}]}}