{"id":372686,"date":"2026-02-23T11:45:03","date_gmt":"2026-02-23T10:45:03","guid":{"rendered":"https:\/\/dutchhealthstore.com\/product\/lumiere-florale-garden-glycolic\/"},"modified":"2026-02-23T11:45:03","modified_gmt":"2026-02-23T10:45:03","slug":"lumiere-florale-garden-glycolic","status":"publish","type":"product","link":"https:\/\/dutchhealthstore.com\/de\/product\/lumiere-florale-garden-glycolic\/","title":{"rendered":"Lumiere Florale Garden Glycolic"},"content":{"rendered":"<h4 data-start=\"585\" data-end=\"605\"><strong data-start=\"590\" data-end=\"605\">Die Formel<\/strong><\/h4>\n<p data-start=\"581\" data-end=\"880\">Lumi\u00e8re Florale ist eine zweimal w\u00f6chentlich anzuwendende Resurfacing-Behandlung, die darauf ausgelegt ist, die Haut mit Sorgfalt und Pr\u00e4zision zu erneuern. Sie verbindet die aufhellende Wirkung von S\u00e4uren aus Fr\u00fcchten mit der erdenden N\u00e4hrkraft ganzer Bl\u00fcten und Wurzeln. Das Ergebnis ist eine glattere Textur, ein verbesserter Hautton und ein nat\u00fcrlich strahlender Glow.  <\/p>\n<p data-start=\"882\" data-end=\"1281\">Das Herzst\u00fcck ist eine sorgf\u00e4ltig dosierte Glykols\u00e4ure, die aus Zuckerrohr und unreifen Trauben gewonnen wird. Aufgrund ihrer geringen Molek\u00fclgr\u00f6\u00dfe wirkt sie direkt unter der Hautoberfl\u00e4che, um eine sanfte Erneuerung anzuregen. Sie mildert das Erscheinungsbild feiner Linien, verfeinert unebene Texturen, hellt Verf\u00e4rbungen auf und unterst\u00fctzt die Produktion von Kollagen und Glykosaminoglykanen \u2013 jenen feuchtigkeitsbindenden Elementen, die die Haut prall und geschmeidig halten.  <\/p>\n<p data-start=\"1283\" data-end=\"1524\">In dieser mikrodosierten Formel wirkt Glykol eher als Signal denn als Stressfaktor. Es f\u00f6rdert eine gesunde Zellerneuerung, ohne die Feuchtigkeitsbarriere oder das Mikrobiom zu st\u00f6ren. Dies macht es ideal f\u00fcr empfindliche, heilende oder auf Erhaltung ausgerichtete Hautzyklen.  <\/p>\n<p data-start=\"1526\" data-end=\"1826\">Was Lumi\u00e8re Florale so einzigartig macht, ist sein botanisches Puffersystem. Eine saisonale Infusion aus Rosenfrucht-Ferment, Ringelblumenbl\u00fcten, Edel-Kakao, steingemahlener Eibischwurzel und Passionsblume umh\u00fcllt die Glykols\u00e4ure mit beruhigenden Pflanzenstoffen, mineralischer Nahrung und feuchtigkeitsspendenden Polysacchariden. <\/p>\n<p data-start=\"1828\" data-end=\"2105\">Eibisch und Passionsblume spenden beruhigende Feuchtigkeit. Fermentierte Hagebutten und Hibiskus verst\u00e4rken die Leuchtkraft durch nat\u00fcrlich vorkommende Fruchts\u00e4uren. S\u00fc\u00dfholzwurzel hilft, das Erscheinungsbild eines unebenen Hauttons zu reduzieren, w\u00e4hrend Holunderbl\u00fcte und Brennnessel mit mineralstoffreicher Unterst\u00fctzung st\u00e4rken und sch\u00fctzen.  <\/p>\n<p data-start=\"2107\" data-end=\"2257\">Dies ist kein aggressives Peeling, sondern ein botanischer Schleier der Erneuerung \u2013 ein rhythmisches Ritual, das die Haut bei regelm\u00e4\u00dfiger Anwendung klarer, weicher und leuchtender macht.<\/p>\n<h3>Philosophy of Flowers<\/h3>\n<p data-start=\"2295\" data-end=\"2423\">Passionsblumen-Tinktur, steingemahlene Eibischwurzel, Edel-Kakaofrucht, Rosenfrucht-Ferment und Heritage-Ringelblumenbl\u00fcte.<\/p>\n<h4 data-start=\"2430\" data-end=\"2448\"><strong data-start=\"2434\" data-end=\"2448\">Das Ritual<\/strong><\/h4>\n<p data-start=\"2450\" data-end=\"2593\">Ein- bis zweimal w\u00f6chentlich abends anwenden. 1\u20132 Pumpst\u00f6\u00dfe auf die gereinigte, trockene Haut auftragen. Ein leichtes Kribbeln ist normal und signalisiert die aktive Erneuerung.  <\/p>\n<p data-start=\"2595\" data-end=\"2657\">Nach einer Minute mit einer feuchtigkeitsspendenden Essence und einem Serum fortfahren.<\/p>\n<p data-start=\"2659\" data-end=\"2758\">Bei empfindlicher Haut als zweimin\u00fctige Maske auftragen und gr\u00fcndlich absp\u00fclen, bevor Sie mit Ihrer Routine fortfahren.<\/p>\n<h3>Aktive Botanicals<\/h3>\n<p data-start=\"2791\" data-end=\"2953\"><strong data-start=\"2791\" data-end=\"2831\">Passionsblume (Passiflora incarnata)<\/strong><br data-start=\"2831\" data-end=\"2834\">Reich an beruhigenden Flavonoiden und lindernden Verbindungen. Hilft, sichtbare R\u00f6tungen zu reduzieren und die Reaktivit\u00e4t w\u00e4hrend des Peelings zu mildern. <\/p>\n<p data-start=\"2955\" data-end=\"3166\"><strong data-start=\"2955\" data-end=\"2997\">Eibischwurzel (Althaea officinalis)<\/strong><br data-start=\"2997\" data-end=\"3000\">Steingemahlen, um den Schleimstoffgehalt zu bewahren. Dieser botanische Inhaltsstoff bindet Feuchtigkeit an die Haut und bildet eine atmungsaktive Schutzschicht, die Hydratation und Ruhe f\u00f6rdert.<\/p>\n<p data-start=\"3168\" data-end=\"3367\"><strong data-start=\"3168\" data-end=\"3210\">K\u00fcsten-Rosenfrucht-Ferment (Rosa spp.)<\/strong><br data-start=\"3210\" data-end=\"3213\">Von Natur aus reich an sanften Fruchts\u00e4uren und Vitaminverbindungen. Unterst\u00fctzt den Zellumsatz und verbessert die Strahlkraft, mit optimierter Aufnahme durch Fermentation. <\/p>\n<p data-start=\"3369\" data-end=\"3552\"><strong data-start=\"3369\" data-end=\"3411\">Edel-Kakaofrucht (Theobroma cacao)<\/strong><br data-start=\"3411\" data-end=\"3414\">Vollgepackt mit Antioxidantien und Spurenelementen wie Magnesium und Kalium. Unterst\u00fctzt die Festigkeit und hilft, vor oxidativem Stress zu sch\u00fctzen. <\/p>\n<p data-start=\"3554\" data-end=\"3737\"><strong data-start=\"3554\" data-end=\"3599\">Ringelblumenbl\u00fcte (Calendula officinalis)<\/strong><br data-start=\"3599\" data-end=\"3602\">Beruhigt und regeneriert Haut, die durch Umweltstress beansprucht ist. Reich an Carotinoiden und Flavonoiden, die Irritationen lindern und die Klarheit f\u00f6rdern. <\/p>\n<p data-start=\"3739\" data-end=\"3914\"><strong data-start=\"3739\" data-end=\"3777\">Darjeeling-Tee (Camellia sinensis)<\/strong><br data-start=\"3777\" data-end=\"3780\">Eine edle Antioxidantien-Infusion. Hilft, freie Radikale zu neutralisieren und sichtbare Entz\u00fcndungen zu reduzieren, was die Haut w\u00e4hrend der Erneuerungsphasen unterst\u00fctzt. <\/p>\n<p data-start=\"3916\" data-end=\"4033\"><strong data-start=\"3916\" data-end=\"3954\">S\u00fc\u00dfholzwurzel (Glycyrrhiza glabra)<\/strong><br data-start=\"3954\" data-end=\"3957\">Hilft, Verf\u00e4rbungen verblassen zu lassen und einen unebenen Hautton auszugleichen, w\u00e4hrend Entz\u00fcndungen beruhigt werden.<\/p>\n<p data-start=\"4035\" data-end=\"4191\"><strong data-start=\"4035\" data-end=\"4076\">Hibiskusbl\u00fcte (Hibiscus sabdariffa)<\/strong><br data-start=\"4076\" data-end=\"4079\">Enth\u00e4lt nat\u00fcrlich vorkommende peelende S\u00e4uren und antioxidative Anthocyane. Unterst\u00fctzt Elastizit\u00e4t und Gl\u00e4tte. <\/p>\n<p data-start=\"4193\" data-end=\"4369\"><strong data-start=\"4193\" data-end=\"4250\">Holunderbl\u00fcte &amp; Brennnessel (Sambucus nigra &amp; Urtica dioica)<\/strong><br data-start=\"4250\" data-end=\"4253\">Mineralstoffreiche Botanicals, die Kiesels\u00e4ure, Eisen und sch\u00fctzende Flavonoide liefern, um den Teint zu st\u00e4rken und zu kl\u00e4ren.<\/p>\n<h4 data-start=\"4376\" data-end=\"4392\"><strong data-start=\"4380\" data-end=\"4392\">Ideal f\u00fcr<\/strong><\/h4>\n<ul data-start=\"4394\" data-end=\"4750\" data-is-last-node=\"\" data-is-only-node=\"\">\n<li data-start=\"4394\" data-end=\"4424\">\n<p data-start=\"4396\" data-end=\"4424\">Normale bis Mischhaut<\/p>\n<\/li>\n<li data-start=\"4425\" data-end=\"4473\">\n<p data-start=\"4427\" data-end=\"4473\">Trockene oder fahle Haut, die sich Gl\u00e4tte und Glow w\u00fcnscht<\/p>\n<\/li>\n<li data-start=\"4474\" data-end=\"4535\">\n<p data-start=\"4476\" data-end=\"4535\">Empfindliche Haut, die mit herk\u00f6mmlichen Peelings Probleme hat<\/p>\n<\/li>\n<li data-start=\"4536\" data-end=\"4578\">\n<p data-start=\"4538\" data-end=\"4578\">Haut mit gesch\u00e4digter Barriere oder in der Regenerationsphase<\/p>\n<\/li>\n<li data-start=\"4579\" data-end=\"4626\">\n<p data-start=\"4581\" data-end=\"4626\">Reife Haut mit feinen Linien oder Spannkraftverlust<\/p>\n<\/li>\n<li data-start=\"4627\" data-end=\"4690\">\n<p data-start=\"4629\" data-end=\"4690\">Zu Akne neigende, aber trockene oder sensibilisierte Haut (keine offenen Stellen)<\/p>\n<\/li>\n<li data-start=\"4691\" data-end=\"4750\" data-is-last-node=\"\">\n<p data-start=\"4693\" data-end=\"4750\" data-is-last-node=\"\">Haut, die zu unebenem Ton, Sonneneinstrahlung oder Verf\u00e4rbungen neigt<\/p>\n<\/li>\n<\/ul>\n<p><em><strong>Alle Inhaltsstoffe sind biologisch, wildgesammelt und nachhaltig, ethisch und regional bezogen. <\/strong><\/em><\/p>\n<p><strong>Gr\u00f6\u00dfe: 30 ml<\/strong><\/p>\n<p><strong data-start=\"0\" data-end=\"17\" data-is-only-node=\"\">Pflege der Formel:<\/strong><br data-start=\"17\" data-end=\"20\">Innerhalb von sechs Monaten nach dem \u00d6ffnen verbrauchen. K\u00fchl, trocken und dunkel lagern, um Frische und Wirksamkeit zu bewahren. <\/p>\n<h2><strong>Nat\u00fcrliche \/ biologische Inhaltsstoffe <\/strong><\/h2>\n<p>Konservierte Eibischwurzel (Althaea officinalis), Passionsblume (Passiflora incarnata), Rosenfrucht-Ferment (Rosa spp.), Edel-Ringelblumenbl\u00fcte (Calendula officinalis), S\u00fc\u00dfholzwurzel (Glycyrrhiza glabra), Teerosen-Bl\u00fctenbl\u00e4tter (Rosa \u00d7 odorata), Hibiskusbl\u00fcte (Hibiscus sabdariffa), Brennnessel (Urtica dioica), Holunderbl\u00fcte (Sambucus nigra), Darjeeling-Tee (Camellia sinensis), Edel-Kakaofrucht (Theobroma cacao), kupferextrahierte Lavendel-Essenz (Lavandula angustifolia), steingemahlenes Pfeilwurzelmehl (Maranta arundinacea), Xanthan, biodynamisches Lein-Glycerin (Linum usitatissimum), Glykol-Extrakt (Zuckerrohr und Traube), Rettichwurzel-Ferment (Raphanus sativus).<\/p>\n\n\t<section class=\"section dark\" id=\"section_738047486\">\n\t\t<div class=\"section-bg fill\" >\n\t\t\t<img fetchpriority=\"high\" decoding=\"async\" width=\"1200\" height=\"604\" src=\"https:\/\/dutchhealthstore.com\/wp-content\/uploads\/2026\/02\/bgux.jpg\" class=\"bg attachment- size-\" alt=\"\" \/>\t\t\t\t\t\t<div class=\"section-bg-overlay absolute fill\"><\/div>\n\t\t\t\n\n\t\t<\/div>\n\n\t\t\n\n\t\t<div class=\"section-content relative\">\n\t\t\t\n\n\t<div id=\"gap-1634959379\" class=\"gap-element clearfix\" style=\"display:block; height:auto;\">\n\t\t\n<style>\n#gap-1634959379 {\n  padding-top: 15px;\n}\n<\/style>\n\t<\/div>\n\t\n\n<div class=\"container section-title-container\" ><h3 class=\"section-title section-title-normal\"><b><\/b><span class=\"section-title-main\" >\u00dcber Tidelands House<\/span><b><\/b><\/h3><\/div>\n\n<div class=\"row\"  id=\"row-489315699\">\n\n\n\t<div id=\"col-1692982675\" class=\"col small-12 large-12\"  >\n\t\t\t\t<div class=\"col-inner\"  >\n\t\t\t\n\t\t\t\n\n<p>Tidelands House ist ein kanadisches Atelier f\u00fcr botanische Hautpflege, das von der Kr\u00e4uterkundlerin Dominique Del Col gegr\u00fcndet wurde. Jede Rezeptur wird in Handarbeit in einem sonnendurchfluteten Destillierraum in einem restaurierten Steinhaus aus dem 19. Jahrhundert hergestellt, wo Kr\u00e4uter von Holzbalken h\u00e4ngen und Botanicals im Rhythmus der Jahreszeiten zubereitet werden.<\/p>\n<p>Wild gesammelte Pflanzen, biodynamischer Anbau und Meeresbotanicals von Kanadas Ostk\u00fcste bilden das Herzst\u00fcck jeder Zubereitung. Die Inhaltsstoffe werden zum Zeitpunkt ihrer h\u00f6chsten Vitalit\u00e4t geerntet und in Kleinstmengen verarbeitet, um Wirksamkeit, Frische und energetische Integrit\u00e4t zu bewahren. <\/p>\n<p>Keine synthetischen Zusatzstoffe. Keine unn\u00f6tigen F\u00fcllstoffe. Nur n\u00e4hrstoffreiche botanische Extrakte, fermentierte Bl\u00fctenessenzen und reine Pflanzen\u00f6le in traditionsbewusstem Milchglas.  <\/p>\n<p>Tidelands House ist langsame, bewusste Hautpflege \u2013 verwurzelt in der Natur, im Ritual und im Respekt vor Tradition sowie moderner botanischer Wissenschaft.<\/p>\n\n\n\t\t<\/div>\n\t\t\t\t\t<\/div>\n\n\t\n\n<\/div>\n\n\t\t<\/div>\n\n\t\t\n<style>\n#section_738047486 {\n  padding-top: 30px;\n  padding-bottom: 30px;\n  background-color: rgb(40, 40, 40);\n}\n#section_738047486 .section-bg-overlay {\n  background-color: rgba(0, 0, 0, 0.477);\n}\n#section_738047486 .section-bg img {\n  object-position: 51% 73%;\n}\n<\/style>\n\t<\/section>\n\t\n","protected":false},"excerpt":{"rendered":"<p>Ein sanfter Resurfacing-Nektar, basierend auf mikrodosiertem nat\u00fcrlichem Glykol und Ganzbl\u00fcten-Infusionen. Verfeinert das Hautbild, hellt den Teint auf und stellt die Leuchtkraft wieder her \u2013 w\u00e4hrend die Hautbarriere unterst\u00fctzt und die Haut beruhigt und hydratisiert bleibt. <\/p>\n","protected":false},"featured_media":371850,"comment_status":"open","ping_status":"closed","template":"","meta":[],"product_brand":[],"product_cat":[5704,5633,1227,5678,5669,5703,14735,1032,1210,5635,5679,1119,5637,5638,1910,20907,5636,5632,5702,21011,5101,511,20921,4758,22207,20946,20989,5631,5701,5634],"product_tag":[],"class_list":{"0":"post-372686","1":"product","2":"type-product","3":"status-publish","4":"has-post-thumbnail","6":"product_cat-sensitive-skin-redness-de-4","7":"product_cat-sensitive-skin-redness-de-2","8":"product_cat-sensitive-skin-redness-de","9":"product_cat-oily-skin-clogged-pores-de-2","10":"product_cat-oily-skin-clogged-pores-de","11":"product_cat-oily-skin-clogged-pores-de-6","12":"product_cat-hautpflege","13":"product_cat-kategorien","14":"product_cat-marken","15":"product_cat-masks-scrubs-exfoliators-de-6","16":"product_cat-masks-scrubs-exfoliators-de-2","17":"product_cat-masks-scrubs-exfoliators-de-5","18":"product_cat-masks-scrubs-exfoliators-de","19":"product_cat-masks-scrubs-exfoliators-de-4","20":"product_cat-neue-produkte","21":"product_cat-new-additions-skincare-de","22":"product_cat-normal-or-combination-skin-de-2","23":"product_cat-normal-or-combination-skin-de","24":"product_cat-normal-or-combination-skin-de-5","25":"product_cat-peelings-peelingsalben","26":"product_cat-by-skin-type-de-4","27":"product_cat-produkte","28":"product_cat-reife-alternde-haut","29":"product_cat-serums-de-2","30":"product_cat-tidelands-house","31":"product_cat-trocken-de","32":"product_cat-trocken-de-3","33":"product_cat-dry-mature-ageing-skin-de","34":"product_cat-dry-mature-ageing-skin-de-5","35":"product_cat-dry-mature-ageing-skin-de-2","36":"pa_brand-tidelands-house","37":"pa_gtin-22284","38":"pa_size-30-ml-de","39":"pa_skincare-type-face-oil-and-serums-de","41":"first","42":"instock","43":"taxable","44":"shipping-taxable","45":"purchasable","46":"product-type-simple"},"bundled_by":[],"bundle_stock_status":"instock","bundle_stock_quantity":2,"bundle_virtual":false,"bundle_layout":"","bundle_add_to_cart_form_location":"","bundle_editable_in_cart":false,"bundle_sold_individually_context":"","bundle_item_grouping":"","bundle_min_size":"","bundle_max_size":"","bundle_price":[],"bundled_items":[],"bundle_sell_ids":[372684],"atum_controlled":true,"out_stock_date":null,"out_stock_threshold":null,"inheritable":false,"stock_on_hold":0,"sold_today":0,"sales_last_days":0,"out_stock_days":0,"lost_sales":0,"update_date":"2026-04-24T13:03:42","atum_locations":[],"atum_stock_status":"instock","restock_status":false,"low_stock_amount":"","sales_update_date":"2026-04-24T13:03:42","calc_backorders":null,"group_of_quantity":0,"min_quantity":0,"max_quantity":"","exclude_order_quantity_value_rules":"no","exclude_category_quantity_rules":"no","combine_variations":"no","yoast_head":"<!-- This site is optimized with the Yoast SEO Premium plugin v26.5 (Yoast SEO v26.5) - https:\/\/yoast.com\/wordpress\/plugins\/seo\/ -->\n<title>Lumiere Florale Garden Glycolic - Tidelands House<\/title>\n<meta name=\"description\" content=\"Sanftes botanisches Glykol-Resurfacing-Serum mit Fruchts\u00e4uren und Ganzbl\u00fcten-Infusionen. Verfeinert das Hautbild, hellt den Teint auf und unterst\u00fctzt empfindliche Haut.\" \/>\n<meta name=\"robots\" content=\"index, follow, max-snippet:-1, max-image-preview:large, max-video-preview:-1\" \/>\n<link rel=\"canonical\" href=\"https:\/\/dutchhealthstore.com\/de\/product\/lumiere-florale-garden-glycolic\/\" \/>\n<meta property=\"og:locale\" content=\"de_DE\" \/>\n<meta property=\"og:type\" content=\"article\" \/>\n<meta property=\"og:title\" content=\"Lumiere Florale Garden Glycolic - Dutch Health Store\" \/>\n<meta property=\"og:description\" content=\"Sanftes botanisches Glykol-Resurfacing-Serum mit Fruchts\u00e4uren und Ganzbl\u00fcten-Infusionen. Verfeinert das Hautbild, hellt den Teint auf und unterst\u00fctzt empfindliche Haut.\" \/>\n<meta property=\"og:url\" content=\"https:\/\/dutchhealthstore.com\/de\/product\/lumiere-florale-garden-glycolic\/\" \/>\n<meta property=\"og:site_name\" content=\"Dutch Health Store\" \/>\n<meta property=\"article:publisher\" content=\"https:\/\/www.instagram.com\/dutchhealthstore\/\" \/>\n<meta property=\"og:image\" content=\"https:\/\/dutchhealthstore.com\/wp-content\/uploads\/2026\/02\/Lumiere-Florale-Garden-Glycolic.jpg\" \/>\n\t<meta property=\"og:image:width\" content=\"530\" \/>\n\t<meta property=\"og:image:height\" content=\"530\" \/>\n\t<meta property=\"og:image:type\" content=\"image\/jpeg\" \/>\n<meta name=\"twitter:card\" content=\"summary_large_image\" \/>\n<meta name=\"twitter:label1\" content=\"Preis\" \/>\n\t<meta name=\"twitter:data1\" content=\"&euro;60,00\" \/>\n\t<meta name=\"twitter:label2\" content=\"Verf\u00fcgbarkeit\" \/>\n\t<meta name=\"twitter:data2\" content=\"Auf Lager\" \/>\n<script type=\"application\/ld+json\" class=\"yoast-schema-graph\">{\"@context\":\"https:\/\/schema.org\",\"@graph\":[{\"@type\":\"WebPage\",\"@id\":\"https:\/\/dutchhealthstore.com\/de\/product\/lumiere-florale-garden-glycolic\/\",\"url\":\"https:\/\/dutchhealthstore.com\/de\/product\/lumiere-florale-garden-glycolic\/\",\"name\":\"Lumiere Florale Garden Glycolic - Tidelands House\",\"isPartOf\":{\"@id\":\"https:\/\/dutchhealthstore.com\/de\/#website\"},\"primaryImageOfPage\":{\"@id\":\"https:\/\/dutchhealthstore.com\/de\/product\/lumiere-florale-garden-glycolic\/#primaryimage\"},\"image\":{\"@id\":\"https:\/\/dutchhealthstore.com\/de\/product\/lumiere-florale-garden-glycolic\/#primaryimage\"},\"thumbnailUrl\":\"https:\/\/dutchhealthstore.com\/wp-content\/uploads\/2026\/02\/Lumiere-Florale-Garden-Glycolic.jpg\",\"datePublished\":\"2026-02-23T10:45:03+00:00\",\"description\":\"Sanftes botanisches Glykol-Resurfacing-Serum mit Fruchts\u00e4uren und Ganzbl\u00fcten-Infusionen. Verfeinert das Hautbild, hellt den Teint auf und unterst\u00fctzt empfindliche Haut.\",\"breadcrumb\":{\"@id\":\"https:\/\/dutchhealthstore.com\/de\/product\/lumiere-florale-garden-glycolic\/#breadcrumb\"},\"inLanguage\":\"de\",\"potentialAction\":[{\"@type\":\"ReadAction\",\"target\":[\"https:\/\/dutchhealthstore.com\/de\/product\/lumiere-florale-garden-glycolic\/\"]}]},{\"@type\":\"ImageObject\",\"inLanguage\":\"de\",\"@id\":\"https:\/\/dutchhealthstore.com\/de\/product\/lumiere-florale-garden-glycolic\/#primaryimage\",\"url\":\"https:\/\/dutchhealthstore.com\/wp-content\/uploads\/2026\/02\/Lumiere-Florale-Garden-Glycolic.jpg\",\"contentUrl\":\"https:\/\/dutchhealthstore.com\/wp-content\/uploads\/2026\/02\/Lumiere-Florale-Garden-Glycolic.jpg\",\"width\":530,\"height\":530,\"caption\":\"lumiere-florale-garden-glycolic\"},{\"@type\":\"BreadcrumbList\",\"@id\":\"https:\/\/dutchhealthstore.com\/de\/product\/lumiere-florale-garden-glycolic\/#breadcrumb\",\"itemListElement\":[{\"@type\":\"ListItem\",\"position\":1,\"name\":\"Home\",\"item\":\"https:\/\/dutchhealthstore.com\/de\/\"},{\"@type\":\"ListItem\",\"position\":2,\"name\":\"Shop\",\"item\":\"https:\/\/dutchhealthstore.com\/de\/shop-2\/\"},{\"@type\":\"ListItem\",\"position\":3,\"name\":\"Lumiere Florale Garden Glycolic\"}]},{\"@type\":\"WebSite\",\"@id\":\"https:\/\/dutchhealthstore.com\/de\/#website\",\"url\":\"https:\/\/dutchhealthstore.com\/de\/\",\"name\":\"Dutch Health Store\",\"description\":\"Enhance Your Beauty with Organic &amp; Natural Skincare\",\"publisher\":{\"@id\":\"https:\/\/dutchhealthstore.com\/de\/#organization\"},\"potentialAction\":[{\"@type\":\"SearchAction\",\"target\":{\"@type\":\"EntryPoint\",\"urlTemplate\":\"https:\/\/dutchhealthstore.com\/de\/?s={search_term_string}\"},\"query-input\":{\"@type\":\"PropertyValueSpecification\",\"valueRequired\":true,\"valueName\":\"search_term_string\"}}],\"inLanguage\":\"de\"},{\"@type\":\"Organization\",\"@id\":\"https:\/\/dutchhealthstore.com\/de\/#organization\",\"name\":\"Dutch Health Store\",\"url\":\"https:\/\/dutchhealthstore.com\/de\/\",\"logo\":{\"@type\":\"ImageObject\",\"inLanguage\":\"de\",\"@id\":\"https:\/\/dutchhealthstore.com\/de\/#\/schema\/logo\/image\/\",\"url\":\"https:\/\/dutchhealthstore.com\/wp-content\/uploads\/2020\/08\/logo-dutchhealthstore-jpg-e1599484957574.jpg\",\"contentUrl\":\"https:\/\/dutchhealthstore.com\/wp-content\/uploads\/2020\/08\/logo-dutchhealthstore-jpg-e1599484957574.jpg\",\"width\":400,\"height\":62,\"caption\":\"Dutch Health Store\"},\"image\":{\"@id\":\"https:\/\/dutchhealthstore.com\/de\/#\/schema\/logo\/image\/\"},\"sameAs\":[\"https:\/\/www.instagram.com\/dutchhealthstore\/\",\"https:\/\/www.facebook.com\/dutchhealthstore\"]}]}<\/script>\n<meta property=\"product:brand\" content=\"Tidelands House\" \/>\n<meta property=\"product:price:amount\" content=\"60.00\" \/>\n<meta property=\"product:price:currency\" content=\"EUR\" \/>\n<meta property=\"og:availability\" content=\"instock\" \/>\n<meta property=\"product:availability\" content=\"instock\" \/>\n<meta property=\"product:condition\" content=\"new\" \/>\n<!-- \/ Yoast SEO Premium plugin. -->","yoast_head_json":{"title":"Lumiere Florale Garden Glycolic - Tidelands House","description":"Sanftes botanisches Glykol-Resurfacing-Serum mit Fruchts\u00e4uren und Ganzbl\u00fcten-Infusionen. Verfeinert das Hautbild, hellt den Teint auf und unterst\u00fctzt empfindliche Haut.","robots":{"index":"index","follow":"follow","max-snippet":"max-snippet:-1","max-image-preview":"max-image-preview:large","max-video-preview":"max-video-preview:-1"},"canonical":"https:\/\/dutchhealthstore.com\/de\/product\/lumiere-florale-garden-glycolic\/","og_locale":"de_DE","og_type":"article","og_title":"Lumiere Florale Garden Glycolic - Dutch Health Store","og_description":"Sanftes botanisches Glykol-Resurfacing-Serum mit Fruchts\u00e4uren und Ganzbl\u00fcten-Infusionen. Verfeinert das Hautbild, hellt den Teint auf und unterst\u00fctzt empfindliche Haut.","og_url":"https:\/\/dutchhealthstore.com\/de\/product\/lumiere-florale-garden-glycolic\/","og_site_name":"Dutch Health Store","article_publisher":"https:\/\/www.instagram.com\/dutchhealthstore\/","og_image":[{"width":530,"height":530,"url":"https:\/\/dutchhealthstore.com\/wp-content\/uploads\/2026\/02\/Lumiere-Florale-Garden-Glycolic.jpg","type":"image\/jpeg"}],"twitter_card":"summary_large_image","twitter_misc":{"Preis":"&euro;60,00","Verf\u00fcgbarkeit":"Auf Lager"},"schema":{"@context":"https:\/\/schema.org","@graph":[{"@type":"WebPage","@id":"https:\/\/dutchhealthstore.com\/de\/product\/lumiere-florale-garden-glycolic\/","url":"https:\/\/dutchhealthstore.com\/de\/product\/lumiere-florale-garden-glycolic\/","name":"Lumiere Florale Garden Glycolic - Tidelands House","isPartOf":{"@id":"https:\/\/dutchhealthstore.com\/de\/#website"},"primaryImageOfPage":{"@id":"https:\/\/dutchhealthstore.com\/de\/product\/lumiere-florale-garden-glycolic\/#primaryimage"},"image":{"@id":"https:\/\/dutchhealthstore.com\/de\/product\/lumiere-florale-garden-glycolic\/#primaryimage"},"thumbnailUrl":"https:\/\/dutchhealthstore.com\/wp-content\/uploads\/2026\/02\/Lumiere-Florale-Garden-Glycolic.jpg","datePublished":"2026-02-23T10:45:03+00:00","description":"Sanftes botanisches Glykol-Resurfacing-Serum mit Fruchts\u00e4uren und Ganzbl\u00fcten-Infusionen. Verfeinert das Hautbild, hellt den Teint auf und unterst\u00fctzt empfindliche Haut.","breadcrumb":{"@id":"https:\/\/dutchhealthstore.com\/de\/product\/lumiere-florale-garden-glycolic\/#breadcrumb"},"inLanguage":"de","potentialAction":[{"@type":"ReadAction","target":["https:\/\/dutchhealthstore.com\/de\/product\/lumiere-florale-garden-glycolic\/"]}]},{"@type":"ImageObject","inLanguage":"de","@id":"https:\/\/dutchhealthstore.com\/de\/product\/lumiere-florale-garden-glycolic\/#primaryimage","url":"https:\/\/dutchhealthstore.com\/wp-content\/uploads\/2026\/02\/Lumiere-Florale-Garden-Glycolic.jpg","contentUrl":"https:\/\/dutchhealthstore.com\/wp-content\/uploads\/2026\/02\/Lumiere-Florale-Garden-Glycolic.jpg","width":530,"height":530,"caption":"lumiere-florale-garden-glycolic"},{"@type":"BreadcrumbList","@id":"https:\/\/dutchhealthstore.com\/de\/product\/lumiere-florale-garden-glycolic\/#breadcrumb","itemListElement":[{"@type":"ListItem","position":1,"name":"Home","item":"https:\/\/dutchhealthstore.com\/de\/"},{"@type":"ListItem","position":2,"name":"Shop","item":"https:\/\/dutchhealthstore.com\/de\/shop-2\/"},{"@type":"ListItem","position":3,"name":"Lumiere Florale Garden Glycolic"}]},{"@type":"WebSite","@id":"https:\/\/dutchhealthstore.com\/de\/#website","url":"https:\/\/dutchhealthstore.com\/de\/","name":"Dutch Health Store","description":"Enhance Your Beauty with Organic &amp; Natural Skincare","publisher":{"@id":"https:\/\/dutchhealthstore.com\/de\/#organization"},"potentialAction":[{"@type":"SearchAction","target":{"@type":"EntryPoint","urlTemplate":"https:\/\/dutchhealthstore.com\/de\/?s={search_term_string}"},"query-input":{"@type":"PropertyValueSpecification","valueRequired":true,"valueName":"search_term_string"}}],"inLanguage":"de"},{"@type":"Organization","@id":"https:\/\/dutchhealthstore.com\/de\/#organization","name":"Dutch Health Store","url":"https:\/\/dutchhealthstore.com\/de\/","logo":{"@type":"ImageObject","inLanguage":"de","@id":"https:\/\/dutchhealthstore.com\/de\/#\/schema\/logo\/image\/","url":"https:\/\/dutchhealthstore.com\/wp-content\/uploads\/2020\/08\/logo-dutchhealthstore-jpg-e1599484957574.jpg","contentUrl":"https:\/\/dutchhealthstore.com\/wp-content\/uploads\/2020\/08\/logo-dutchhealthstore-jpg-e1599484957574.jpg","width":400,"height":62,"caption":"Dutch Health Store"},"image":{"@id":"https:\/\/dutchhealthstore.com\/de\/#\/schema\/logo\/image\/"},"sameAs":["https:\/\/www.instagram.com\/dutchhealthstore\/","https:\/\/www.facebook.com\/dutchhealthstore"]}]},"product_brand":"Tidelands House","product_price_amount":"60.00","product_price_currency":"EUR","og_availability":"instock","product_availability":"instock","product_condition":"new"},"_links":{"self":[{"href":"https:\/\/dutchhealthstore.com\/de\/wp-json\/wp\/v2\/product\/372686","targetHints":{"allow":["GET"]}}],"collection":[{"href":"https:\/\/dutchhealthstore.com\/de\/wp-json\/wp\/v2\/product"}],"about":[{"href":"https:\/\/dutchhealthstore.com\/de\/wp-json\/wp\/v2\/types\/product"}],"replies":[{"embeddable":true,"href":"https:\/\/dutchhealthstore.com\/de\/wp-json\/wp\/v2\/comments?post=372686"}],"wp:featuredmedia":[{"embeddable":true,"href":"https:\/\/dutchhealthstore.com\/de\/wp-json\/wp\/v2\/media\/371850"}],"wp:attachment":[{"href":"https:\/\/dutchhealthstore.com\/de\/wp-json\/wp\/v2\/media?parent=372686"}],"wp:term":[{"taxonomy":"product_brand","embeddable":true,"href":"https:\/\/dutchhealthstore.com\/de\/wp-json\/wp\/v2\/product_brand?post=372686"},{"taxonomy":"product_cat","embeddable":true,"href":"https:\/\/dutchhealthstore.com\/de\/wp-json\/wp\/v2\/product_cat?post=372686"},{"taxonomy":"product_tag","embeddable":true,"href":"https:\/\/dutchhealthstore.com\/de\/wp-json\/wp\/v2\/product_tag?post=372686"}],"curies":[{"name":"wp","href":"https:\/\/api.w.org\/{rel}","templated":true}]}}