{"id":372684,"date":"2026-02-26T10:23:12","date_gmt":"2026-02-26T09:23:12","guid":{"rendered":"https:\/\/dutchhealthstore.com\/product\/mer-celtique-marine-floral-balance-facial-serum\/"},"modified":"2026-03-23T14:29:50","modified_gmt":"2026-03-23T13:29:50","slug":"mer-celtique-marine-floral-balance-facial-serum","status":"publish","type":"product","link":"https:\/\/dutchhealthstore.com\/de\/product\/mer-celtique-marine-floral-balance-facial-serum\/","title":{"rendered":"Mer Celtique Marine Floral Balance Facial Serum"},"content":{"rendered":"<p>Im Herzen dieser Formel befindet sich Wildes Irisches Meeresmoos, handgesammelt an den K\u00fcsten von Prince Edward Island. Es wird gemischt mit Roh-Bullenkelp, Dulse-Meeresalgenbl\u00fcte, Ger\u00f6stetem Honigbusch, Wilder Schafgarbe, Hibiskusbl\u00fcte, Holunderbl\u00fcte, Myrte-Essenz und Rosengeranien-Tinktur. <\/p>\n<p>Dieses schnell einziehende Serum hilft, verstopfte und zu Unreinheiten neigende Haut zu unterst\u00fctzen. Reich an Tanninen, Enzymen, Mineralien und Antioxidantien, verfeinert es das Erscheinungsbild der Poren, gleicht \u00fcbersch\u00fcssigen Talg aus und beruhigt sichtbare Irritationen. Das Ergebnis ist eine glattere, klarer aussehende Haut mit einem gesunden Glanz.  <\/p>\n<p><strong>Geeignet f\u00fcr:<\/strong><\/p>\n<p>Normale Haut, Mischhaut und zu Akne neigende Haut<\/p>\n<h3>Philosophy of Flowers<\/h3>\n<p>Irisches Meeresmoos, Roher Bullenkelp, Wilde Eibischwurzel, Sumpfmyrte und Dulse-Meeresbl\u00fcte vereinen sich in einer maritim-floralen Mischung, die der Haut Gleichgewicht und Harmonie zur\u00fcckgibt.<\/p>\n<h3>Anwendung \u2013 Das Ritual<\/h3>\n<p>Nach der Reinigung spr\u00fchen Sie Ihr Gesicht mit Toner oder Bl\u00fctenwasser ein. W\u00e4hrend die Haut noch leicht feucht ist, dr\u00fccken Sie 3\u20135 Tropfen Serum in Gesicht, Hals und Dekollet\u00e9. Massieren Sie es sanft in kreisenden Bewegungen ein, bis es vollst\u00e4ndig eingezogen ist.  <\/p>\n<p>T\u00e4glich morgens und abends anwenden. F\u00fcr zus\u00e4tzliche Pflege oder Reparatur tragen Sie anschlie\u00dfend Ihren bevorzugten Gesichtsbalm oder Ihr Serumkonzentrat auf. <\/p>\n<h3>Aktive Botanicals<\/h3>\n<p><strong>Irisches Moos<\/strong><\/p>\n<p>Nachhaltig handgeerntet von den rosafarbenen Sandstr\u00e4nden von Prince Edward Island und der K\u00fcste von Nova Scotia. M\u00f6glicherweise bemerken Sie leichte braune Sedimente in der Flasche \u2013 dies ist der nat\u00fcrliche Meeresmoosextrakt. Seine seidige Textur liefert eine reichhaltige Quelle an Kalzium, Schwefel, Magnesium, Kalium, Vitamin A und Vitamin K. Irisches Moos hilft, das Erscheinungsbild feiner Linien zu mildern, die Haut tiefgehend mit Feuchtigkeit zu versorgen und vor Umweltstress zu sch\u00fctzen. Es ist nicht komedogen und von Natur aus reich an Schleimstoffen, wodurch es ideal f\u00fcr trockene und irritierte Haut ist.   <\/p>\n<p><strong>Dulse &amp; Bullenkelp<\/strong><\/p>\n<p>Diese n\u00e4hrstoffreichen Algen sind vollgepackt mit Vitaminen und Mineralien. Ethisch handgesammelt, versorgen sie die Haut mit essenziellen Phyton\u00e4hrstoffen, die einen frischen und strahlenden Teint unterst\u00fctzen. <\/p>\n<p><strong>Hibiskusbl\u00fcte<\/strong><\/p>\n<p>Bekannt f\u00fcr ihre nat\u00fcrlichen straffenden und tonisierenden Eigenschaften. Hibiskus enth\u00e4lt Alpha-Hydroxys\u00e4uren (AHAs), die ein sanftes Peeling und die Zellerneuerung f\u00f6rdern. Er hilft, die Elastizit\u00e4t zu verbessern und unterst\u00fctzt eine klarer aussehende Haut.  <\/p>\n<p><strong>Eibischwurzel<\/strong><\/p>\n<p>Ein nat\u00fcrliches Feuchthaltemittel, das Feuchtigkeit in der Haut anzieht und speichert. Reich an Flavonoiden und beruhigenden Pflanzenstoffen, unterst\u00fctzt Eibischwurzel die Hydratation und hilft gleichzeitig, die Haut zu beruhigen und vor Umweltstress zu sch\u00fctzen. <\/p>\n<p>Alle Inhaltsstoffe sind biologisch, wild gesammelt, nachhaltig geerntet, ethisch bezogen und regional ausgew\u00e4hlt, um h\u00f6chste Qualit\u00e4t zu gew\u00e4hrleisten.<\/p>\n<p><strong>Gr\u00f6\u00dfe: 30 ml <\/strong><\/p>\n<h2><strong>Nat\u00fcrliche \/ biologische Inhaltsstoffe <\/strong><\/h2>\n<p>Hausgemachte Ganzpflanzenextrakte und Essenzen von Prince Edward Island Irischem Moos (<em>Chondrus crispus<\/em>), Bullenkelp (<em>Nereocystis luetkeana<\/em>), Meeres-Dulse-Bl\u00fcte (<em>Palmaria palmata<\/em>), Honigbuschbl\u00fcte (<em>Cyclopia spp.<\/em>), Eibischwurzel (<em>Althaea officinalis<\/em>), Holunderbl\u00fcte (<em>Sambucus nigra<\/em>), Schafgarbenbl\u00fcte (<em>Achillea millefolium<\/em>), Hibiskusbl\u00fcte (<em>Hibiscus sabdariffa<\/em>), Wilde Sumpfmyrte (<em>Myrica gale<\/em>), Rosengeranienbl\u00fcte (<em>Pelargonium graveolens<\/em>), Sonnenblumenkern\u00f6l (<em>Helianthus annuus<\/em>), Jojoba\u00f6l (<em>Simmondsia chinensis<\/em>), Kameliensamen\u00f6l (<em>Camellia oleifera<\/em>).<\/p>\n\n\t<section class=\"section dark\" id=\"section_1391455666\">\n\t\t<div class=\"section-bg fill\" >\n\t\t\t<img fetchpriority=\"high\" decoding=\"async\" width=\"1200\" height=\"604\" src=\"https:\/\/dutchhealthstore.com\/wp-content\/uploads\/2026\/02\/bgux.jpg\" class=\"bg attachment- size-\" alt=\"\" \/>\t\t\t\t\t\t<div class=\"section-bg-overlay absolute fill\"><\/div>\n\t\t\t\n\n\t\t<\/div>\n\n\t\t\n\n\t\t<div class=\"section-content relative\">\n\t\t\t\n\n\t<div id=\"gap-456006308\" class=\"gap-element clearfix\" style=\"display:block; height:auto;\">\n\t\t\n<style>\n#gap-456006308 {\n  padding-top: 15px;\n}\n<\/style>\n\t<\/div>\n\t\n\n<div class=\"container section-title-container\" ><h3 class=\"section-title section-title-normal\"><b><\/b><span class=\"section-title-main\" >\u00dcber Tidelands House<\/span><b><\/b><\/h3><\/div>\n\n<div class=\"row\"  id=\"row-1667604454\">\n\n\n\t<div id=\"col-2041821292\" class=\"col small-12 large-12\"  >\n\t\t\t\t<div class=\"col-inner\"  >\n\t\t\t\n\t\t\t\n\n<p>Tidelands House ist ein kanadisches Atelier f\u00fcr botanische Hautpflege, das von der Kr\u00e4uterkundlerin Dominique Del Col gegr\u00fcndet wurde. Jede Rezeptur wird in Handarbeit in einem sonnendurchfluteten Destillierraum in einem restaurierten Steinhaus aus dem 19. Jahrhundert hergestellt, wo Kr\u00e4uter von Holzbalken h\u00e4ngen und Botanicals im Rhythmus der Jahreszeiten zubereitet werden.<\/p>\n<p>Wild gesammelte Pflanzen, biodynamischer Anbau und Meeresbotanicals von Kanadas Ostk\u00fcste bilden das Herzst\u00fcck jeder Zubereitung. Die Inhaltsstoffe werden zum Zeitpunkt ihrer h\u00f6chsten Vitalit\u00e4t geerntet und in Kleinstmengen verarbeitet, um Wirksamkeit, Frische und energetische Integrit\u00e4t zu bewahren. <\/p>\n<p>Keine synthetischen Zusatzstoffe. Keine unn\u00f6tigen F\u00fcllstoffe. Nur n\u00e4hrstoffreiche botanische Extrakte, fermentierte Bl\u00fctenessenzen und reine Pflanzen\u00f6le in traditionsbewusstem Milchglas.  <\/p>\n<p>Tidelands House ist langsame, bewusste Hautpflege \u2013 verwurzelt in der Natur, im Ritual und im Respekt vor Tradition sowie moderner botanischer Wissenschaft.<\/p>\n\n\n\t\t<\/div>\n\t\t\t\t\t<\/div>\n\n\t\n\n<\/div>\n\n\t\t<\/div>\n\n\t\t\n<style>\n#section_1391455666 {\n  padding-top: 30px;\n  padding-bottom: 30px;\n  background-color: rgb(40, 40, 40);\n}\n#section_1391455666 .section-bg-overlay {\n  background-color: rgba(0, 0, 0, 0.477);\n}\n#section_1391455666 .section-bg img {\n  object-position: 51% 73%;\n}\n<\/style>\n\t<\/section>\n\t\n","protected":false},"excerpt":{"rendered":"<p>Mer Celtique ist ein leichtes, botanisches Gesichtsserum, hergestellt mit kaltgepressten \u00d6len und wirkungsvollen Meeresextrakten.<\/p>\n","protected":false},"featured_media":372583,"comment_status":"open","ping_status":"closed","template":"","meta":[],"product_brand":[],"product_cat":[14735,20921,20988,20946,20989,1227,5704,6645,5669,5703,1032,1210,1910,20907,5636,5702,5101,511,5708,5705,4758,5706,5707,22207,5701,5634],"product_tag":[],"class_list":{"0":"post-372684","1":"product","2":"type-product","3":"status-publish","4":"has-post-thumbnail","6":"product_cat-hautpflege","7":"product_cat-reife-alternde-haut","8":"product_cat-seren","9":"product_cat-trocken-de","10":"product_cat-trocken-de-3","11":"product_cat-sensitive-skin-redness-de","12":"product_cat-sensitive-skin-redness-de-4","13":"product_cat-family-de","14":"product_cat-oily-skin-clogged-pores-de","15":"product_cat-oily-skin-clogged-pores-de-6","16":"product_cat-kategorien","17":"product_cat-marken","18":"product_cat-neue-produkte","19":"product_cat-new-additions-skincare-de","20":"product_cat-normal-or-combination-skin-de-2","21":"product_cat-normal-or-combination-skin-de-5","22":"product_cat-by-skin-type-de-4","23":"product_cat-produkte","24":"product_cat-serums-de-5","25":"product_cat-serums-de","26":"product_cat-serums-de-2","27":"product_cat-serums-de-3","28":"product_cat-serums-de-4","29":"product_cat-tidelands-house","30":"product_cat-dry-mature-ageing-skin-de-5","31":"product_cat-dry-mature-ageing-skin-de-2","32":"pa_brand-tidelands-house","33":"pa_gtin-22282","34":"pa_size-30-ml-de","35":"pa_skincare-type-face-oil-and-serums-de","36":"pa_skintype-normal-combination-skin-de","37":"pa_skintype-sensitive-skin-redness-de","39":"first","40":"instock","41":"taxable","42":"shipping-taxable","43":"purchasable","44":"product-type-simple"},"bundled_by":[],"bundle_stock_status":"instock","bundle_stock_quantity":3,"bundle_virtual":false,"bundle_layout":"","bundle_add_to_cart_form_location":"","bundle_editable_in_cart":false,"bundle_sold_individually_context":"","bundle_item_grouping":"","bundle_min_size":"","bundle_max_size":"","bundle_price":[],"bundled_items":[],"bundle_sell_ids":[372715],"atum_controlled":true,"out_stock_date":null,"out_stock_threshold":null,"inheritable":false,"stock_on_hold":1,"sold_today":0,"sales_last_days":1,"out_stock_days":1,"lost_sales":8,"update_date":"2026-04-09T05:06:33","atum_locations":[],"atum_stock_status":"instock","restock_status":false,"low_stock_amount":"","sales_update_date":"2026-04-09T05:06:33","calc_backorders":null,"group_of_quantity":0,"min_quantity":0,"max_quantity":"","exclude_order_quantity_value_rules":"no","exclude_category_quantity_rules":"no","combine_variations":"no","yoast_head":"<!-- This site is optimized with the Yoast SEO Premium plugin v26.5 (Yoast SEO v26.5) - https:\/\/yoast.com\/wordpress\/plugins\/seo\/ -->\n<title>Mer Celtique Marine Floral Balance Facial Serum - Tidelands House<\/title>\n<meta name=\"description\" content=\"Mer Celtique ist ein leichtes, botanisches Gesichtsserum, hergestellt mit kaltgepressten \u00d6len und wirkungsvollen Meeresextrakten.\" \/>\n<meta name=\"robots\" content=\"index, follow, max-snippet:-1, max-image-preview:large, max-video-preview:-1\" \/>\n<link rel=\"canonical\" href=\"https:\/\/dutchhealthstore.com\/de\/product\/mer-celtique-marine-floral-balance-facial-serum\/\" \/>\n<meta property=\"og:locale\" content=\"de_DE\" \/>\n<meta property=\"og:type\" content=\"article\" \/>\n<meta property=\"og:title\" content=\"Mer Celtique Marine Floral Balance Facial Serum - Dutch Health Store\" \/>\n<meta property=\"og:description\" content=\"Mer Celtique ist ein leichtes, botanisches Gesichtsserum, hergestellt mit kaltgepressten \u00d6len und wirkungsvollen Meeresextrakten.\" \/>\n<meta property=\"og:url\" content=\"https:\/\/dutchhealthstore.com\/de\/product\/mer-celtique-marine-floral-balance-facial-serum\/\" \/>\n<meta property=\"og:site_name\" content=\"Dutch Health Store\" \/>\n<meta property=\"article:publisher\" content=\"https:\/\/www.instagram.com\/dutchhealthstore\/\" \/>\n<meta property=\"article:modified_time\" content=\"2026-03-23T13:29:50+00:00\" \/>\n<meta property=\"og:image\" content=\"https:\/\/dutchhealthstore.com\/wp-content\/uploads\/2026\/02\/Untitled-design-2026-02-26T085313.825.jpg\" \/>\n\t<meta property=\"og:image:width\" content=\"530\" \/>\n\t<meta property=\"og:image:height\" content=\"530\" \/>\n\t<meta property=\"og:image:type\" content=\"image\/jpeg\" \/>\n<meta name=\"twitter:card\" content=\"summary_large_image\" \/>\n<meta name=\"twitter:label1\" content=\"Preis\" \/>\n\t<meta name=\"twitter:data1\" content=\"&euro;60,00\" \/>\n\t<meta name=\"twitter:label2\" content=\"Verf\u00fcgbarkeit\" \/>\n\t<meta name=\"twitter:data2\" content=\"Auf Lager\" \/>\n<script type=\"application\/ld+json\" class=\"yoast-schema-graph\">{\"@context\":\"https:\/\/schema.org\",\"@graph\":[{\"@type\":\"WebPage\",\"@id\":\"https:\/\/dutchhealthstore.com\/de\/product\/mer-celtique-marine-floral-balance-facial-serum\/\",\"url\":\"https:\/\/dutchhealthstore.com\/de\/product\/mer-celtique-marine-floral-balance-facial-serum\/\",\"name\":\"Mer Celtique Marine Floral Balance Facial Serum - Tidelands House\",\"isPartOf\":{\"@id\":\"https:\/\/dutchhealthstore.com\/de\/#website\"},\"primaryImageOfPage\":{\"@id\":\"https:\/\/dutchhealthstore.com\/de\/product\/mer-celtique-marine-floral-balance-facial-serum\/#primaryimage\"},\"image\":{\"@id\":\"https:\/\/dutchhealthstore.com\/de\/product\/mer-celtique-marine-floral-balance-facial-serum\/#primaryimage\"},\"thumbnailUrl\":\"https:\/\/dutchhealthstore.com\/wp-content\/uploads\/2026\/02\/Untitled-design-2026-02-26T085313.825.jpg\",\"datePublished\":\"2026-02-26T09:23:12+00:00\",\"dateModified\":\"2026-03-23T13:29:50+00:00\",\"description\":\"Mer Celtique ist ein leichtes, botanisches Gesichtsserum, hergestellt mit kaltgepressten \u00d6len und wirkungsvollen Meeresextrakten.\",\"breadcrumb\":{\"@id\":\"https:\/\/dutchhealthstore.com\/de\/product\/mer-celtique-marine-floral-balance-facial-serum\/#breadcrumb\"},\"inLanguage\":\"de\",\"potentialAction\":[{\"@type\":\"ReadAction\",\"target\":[\"https:\/\/dutchhealthstore.com\/de\/product\/mer-celtique-marine-floral-balance-facial-serum\/\"]}]},{\"@type\":\"ImageObject\",\"inLanguage\":\"de\",\"@id\":\"https:\/\/dutchhealthstore.com\/de\/product\/mer-celtique-marine-floral-balance-facial-serum\/#primaryimage\",\"url\":\"https:\/\/dutchhealthstore.com\/wp-content\/uploads\/2026\/02\/Untitled-design-2026-02-26T085313.825.jpg\",\"contentUrl\":\"https:\/\/dutchhealthstore.com\/wp-content\/uploads\/2026\/02\/Untitled-design-2026-02-26T085313.825.jpg\",\"width\":530,\"height\":530,\"caption\":\"tidelands-house-mer-celtique\"},{\"@type\":\"BreadcrumbList\",\"@id\":\"https:\/\/dutchhealthstore.com\/de\/product\/mer-celtique-marine-floral-balance-facial-serum\/#breadcrumb\",\"itemListElement\":[{\"@type\":\"ListItem\",\"position\":1,\"name\":\"Home\",\"item\":\"https:\/\/dutchhealthstore.com\/de\/\"},{\"@type\":\"ListItem\",\"position\":2,\"name\":\"Shop\",\"item\":\"https:\/\/dutchhealthstore.com\/de\/shop-2\/\"},{\"@type\":\"ListItem\",\"position\":3,\"name\":\"Mer Celtique Marine Floral Balance Facial Serum\"}]},{\"@type\":\"WebSite\",\"@id\":\"https:\/\/dutchhealthstore.com\/de\/#website\",\"url\":\"https:\/\/dutchhealthstore.com\/de\/\",\"name\":\"Dutch Health Store\",\"description\":\"Enhance Your Beauty with Organic &amp; Natural Skincare\",\"publisher\":{\"@id\":\"https:\/\/dutchhealthstore.com\/de\/#organization\"},\"potentialAction\":[{\"@type\":\"SearchAction\",\"target\":{\"@type\":\"EntryPoint\",\"urlTemplate\":\"https:\/\/dutchhealthstore.com\/de\/?s={search_term_string}\"},\"query-input\":{\"@type\":\"PropertyValueSpecification\",\"valueRequired\":true,\"valueName\":\"search_term_string\"}}],\"inLanguage\":\"de\"},{\"@type\":\"Organization\",\"@id\":\"https:\/\/dutchhealthstore.com\/de\/#organization\",\"name\":\"Dutch Health Store\",\"url\":\"https:\/\/dutchhealthstore.com\/de\/\",\"logo\":{\"@type\":\"ImageObject\",\"inLanguage\":\"de\",\"@id\":\"https:\/\/dutchhealthstore.com\/de\/#\/schema\/logo\/image\/\",\"url\":\"https:\/\/dutchhealthstore.com\/wp-content\/uploads\/2020\/08\/logo-dutchhealthstore-jpg-e1599484957574.jpg\",\"contentUrl\":\"https:\/\/dutchhealthstore.com\/wp-content\/uploads\/2020\/08\/logo-dutchhealthstore-jpg-e1599484957574.jpg\",\"width\":400,\"height\":62,\"caption\":\"Dutch Health Store\"},\"image\":{\"@id\":\"https:\/\/dutchhealthstore.com\/de\/#\/schema\/logo\/image\/\"},\"sameAs\":[\"https:\/\/www.instagram.com\/dutchhealthstore\/\",\"https:\/\/www.facebook.com\/dutchhealthstore\"]}]}<\/script>\n<meta property=\"product:brand\" content=\"Tidelands House\" \/>\n<meta property=\"product:price:amount\" content=\"60.00\" \/>\n<meta property=\"product:price:currency\" content=\"EUR\" \/>\n<meta property=\"og:availability\" content=\"instock\" \/>\n<meta property=\"product:availability\" content=\"instock\" \/>\n<meta property=\"product:condition\" content=\"new\" \/>\n<!-- \/ Yoast SEO Premium plugin. -->","yoast_head_json":{"title":"Mer Celtique Marine Floral Balance Facial Serum - Tidelands House","description":"Mer Celtique ist ein leichtes, botanisches Gesichtsserum, hergestellt mit kaltgepressten \u00d6len und wirkungsvollen Meeresextrakten.","robots":{"index":"index","follow":"follow","max-snippet":"max-snippet:-1","max-image-preview":"max-image-preview:large","max-video-preview":"max-video-preview:-1"},"canonical":"https:\/\/dutchhealthstore.com\/de\/product\/mer-celtique-marine-floral-balance-facial-serum\/","og_locale":"de_DE","og_type":"article","og_title":"Mer Celtique Marine Floral Balance Facial Serum - Dutch Health Store","og_description":"Mer Celtique ist ein leichtes, botanisches Gesichtsserum, hergestellt mit kaltgepressten \u00d6len und wirkungsvollen Meeresextrakten.","og_url":"https:\/\/dutchhealthstore.com\/de\/product\/mer-celtique-marine-floral-balance-facial-serum\/","og_site_name":"Dutch Health Store","article_publisher":"https:\/\/www.instagram.com\/dutchhealthstore\/","article_modified_time":"2026-03-23T13:29:50+00:00","og_image":[{"width":530,"height":530,"url":"https:\/\/dutchhealthstore.com\/wp-content\/uploads\/2026\/02\/Untitled-design-2026-02-26T085313.825.jpg","type":"image\/jpeg"}],"twitter_card":"summary_large_image","twitter_misc":{"Preis":"&euro;60,00","Verf\u00fcgbarkeit":"Auf Lager"},"schema":{"@context":"https:\/\/schema.org","@graph":[{"@type":"WebPage","@id":"https:\/\/dutchhealthstore.com\/de\/product\/mer-celtique-marine-floral-balance-facial-serum\/","url":"https:\/\/dutchhealthstore.com\/de\/product\/mer-celtique-marine-floral-balance-facial-serum\/","name":"Mer Celtique Marine Floral Balance Facial Serum - Tidelands House","isPartOf":{"@id":"https:\/\/dutchhealthstore.com\/de\/#website"},"primaryImageOfPage":{"@id":"https:\/\/dutchhealthstore.com\/de\/product\/mer-celtique-marine-floral-balance-facial-serum\/#primaryimage"},"image":{"@id":"https:\/\/dutchhealthstore.com\/de\/product\/mer-celtique-marine-floral-balance-facial-serum\/#primaryimage"},"thumbnailUrl":"https:\/\/dutchhealthstore.com\/wp-content\/uploads\/2026\/02\/Untitled-design-2026-02-26T085313.825.jpg","datePublished":"2026-02-26T09:23:12+00:00","dateModified":"2026-03-23T13:29:50+00:00","description":"Mer Celtique ist ein leichtes, botanisches Gesichtsserum, hergestellt mit kaltgepressten \u00d6len und wirkungsvollen Meeresextrakten.","breadcrumb":{"@id":"https:\/\/dutchhealthstore.com\/de\/product\/mer-celtique-marine-floral-balance-facial-serum\/#breadcrumb"},"inLanguage":"de","potentialAction":[{"@type":"ReadAction","target":["https:\/\/dutchhealthstore.com\/de\/product\/mer-celtique-marine-floral-balance-facial-serum\/"]}]},{"@type":"ImageObject","inLanguage":"de","@id":"https:\/\/dutchhealthstore.com\/de\/product\/mer-celtique-marine-floral-balance-facial-serum\/#primaryimage","url":"https:\/\/dutchhealthstore.com\/wp-content\/uploads\/2026\/02\/Untitled-design-2026-02-26T085313.825.jpg","contentUrl":"https:\/\/dutchhealthstore.com\/wp-content\/uploads\/2026\/02\/Untitled-design-2026-02-26T085313.825.jpg","width":530,"height":530,"caption":"tidelands-house-mer-celtique"},{"@type":"BreadcrumbList","@id":"https:\/\/dutchhealthstore.com\/de\/product\/mer-celtique-marine-floral-balance-facial-serum\/#breadcrumb","itemListElement":[{"@type":"ListItem","position":1,"name":"Home","item":"https:\/\/dutchhealthstore.com\/de\/"},{"@type":"ListItem","position":2,"name":"Shop","item":"https:\/\/dutchhealthstore.com\/de\/shop-2\/"},{"@type":"ListItem","position":3,"name":"Mer Celtique Marine Floral Balance Facial Serum"}]},{"@type":"WebSite","@id":"https:\/\/dutchhealthstore.com\/de\/#website","url":"https:\/\/dutchhealthstore.com\/de\/","name":"Dutch Health Store","description":"Enhance Your Beauty with Organic &amp; Natural Skincare","publisher":{"@id":"https:\/\/dutchhealthstore.com\/de\/#organization"},"potentialAction":[{"@type":"SearchAction","target":{"@type":"EntryPoint","urlTemplate":"https:\/\/dutchhealthstore.com\/de\/?s={search_term_string}"},"query-input":{"@type":"PropertyValueSpecification","valueRequired":true,"valueName":"search_term_string"}}],"inLanguage":"de"},{"@type":"Organization","@id":"https:\/\/dutchhealthstore.com\/de\/#organization","name":"Dutch Health Store","url":"https:\/\/dutchhealthstore.com\/de\/","logo":{"@type":"ImageObject","inLanguage":"de","@id":"https:\/\/dutchhealthstore.com\/de\/#\/schema\/logo\/image\/","url":"https:\/\/dutchhealthstore.com\/wp-content\/uploads\/2020\/08\/logo-dutchhealthstore-jpg-e1599484957574.jpg","contentUrl":"https:\/\/dutchhealthstore.com\/wp-content\/uploads\/2020\/08\/logo-dutchhealthstore-jpg-e1599484957574.jpg","width":400,"height":62,"caption":"Dutch Health Store"},"image":{"@id":"https:\/\/dutchhealthstore.com\/de\/#\/schema\/logo\/image\/"},"sameAs":["https:\/\/www.instagram.com\/dutchhealthstore\/","https:\/\/www.facebook.com\/dutchhealthstore"]}]},"product_brand":"Tidelands House","product_price_amount":"60.00","product_price_currency":"EUR","og_availability":"instock","product_availability":"instock","product_condition":"new"},"_links":{"self":[{"href":"https:\/\/dutchhealthstore.com\/de\/wp-json\/wp\/v2\/product\/372684","targetHints":{"allow":["GET"]}}],"collection":[{"href":"https:\/\/dutchhealthstore.com\/de\/wp-json\/wp\/v2\/product"}],"about":[{"href":"https:\/\/dutchhealthstore.com\/de\/wp-json\/wp\/v2\/types\/product"}],"replies":[{"embeddable":true,"href":"https:\/\/dutchhealthstore.com\/de\/wp-json\/wp\/v2\/comments?post=372684"}],"wp:featuredmedia":[{"embeddable":true,"href":"https:\/\/dutchhealthstore.com\/de\/wp-json\/wp\/v2\/media\/372583"}],"wp:attachment":[{"href":"https:\/\/dutchhealthstore.com\/de\/wp-json\/wp\/v2\/media?parent=372684"}],"wp:term":[{"taxonomy":"product_brand","embeddable":true,"href":"https:\/\/dutchhealthstore.com\/de\/wp-json\/wp\/v2\/product_brand?post=372684"},{"taxonomy":"product_cat","embeddable":true,"href":"https:\/\/dutchhealthstore.com\/de\/wp-json\/wp\/v2\/product_cat?post=372684"},{"taxonomy":"product_tag","embeddable":true,"href":"https:\/\/dutchhealthstore.com\/de\/wp-json\/wp\/v2\/product_tag?post=372684"}],"curies":[{"name":"wp","href":"https:\/\/api.w.org\/{rel}","templated":true}]}}