{"id":372609,"date":"2026-02-23T11:48:00","date_gmt":"2026-02-23T10:48:00","guid":{"rendered":"https:\/\/dutchhealthstore.com\/product\/perle-ancienne-luminescence-glow-balm\/"},"modified":"2026-02-23T11:48:00","modified_gmt":"2026-02-23T10:48:00","slug":"perle-ancienne-luminescence-glow-balm","status":"publish","type":"product","link":"https:\/\/dutchhealthstore.com\/de\/product\/perle-ancienne-luminescence-glow-balm\/","title":{"rendered":"Perle Ancienne Luminescence Glow Balm"},"content":{"rendered":"<h4 data-start=\"600\" data-end=\"620\"><strong data-start=\"605\" data-end=\"620\">Die Formel<\/strong><\/h4>\n<p data-start=\"622\" data-end=\"836\">Dieser strahlende Mehrzweck-Balsam hinterl\u00e4sst einen sanften goldenen Schimmer, der jedem Hautton schmeichelt. Botanische Bl\u00fcten- und Wurzelextrakte pflegen die Haut, w\u00e4hrend nat\u00fcrlich gewonnene Mineralien ein dezentes, lichtreflektierendes Strahlen erzeugen. <\/p>\n<p data-start=\"838\" data-end=\"987\">Der Duft ist warm und krautig mit einer cremigen S\u00fc\u00dfe, die an frische Buttercreme und sonnendurchflutete G\u00e4rten voller gr\u00fcner Bl\u00e4tter und bl\u00fchender Blumen erinnert.<\/p>\n<h3>Philosophy of Flowers<\/h3>\n<p>Sarsaparilla-Wurzel, Zitronenmelisse, wildes Lorbeerblatt, Snowbell-Absolue, Eibischwurzel und sanft ger\u00f6stetes Gotu Kola.<\/p>\n<p data-start=\"0\" data-end=\"17\"><strong data-start=\"0\" data-end=\"15\">Das Ritual:<\/strong><\/p>\n<p data-start=\"19\" data-end=\"287\">F\u00fcr ein sanftes, sonnengek\u00fcsstes Strahlen und zus\u00e4tzliche Feuchtigkeit erw\u00e4rmen Sie eine kleine Menge des Balsams zwischen Ihren Fingerspitzen und dr\u00fccken ihn auf die hohen Partien des Gesichts. Streichen Sie \u00fcber Wangenknochen, Brauenb\u00f6gen und Dekollet\u00e9 oder verteilen Sie ihn auf Schultern, Armen und Beinen f\u00fcr Leuchtkraft am ganzen K\u00f6rper. <\/p>\n<p data-start=\"289\" data-end=\"391\" data-is-last-node=\"\" data-is-only-node=\"\">Tragen Sie ihn pur f\u00fcr einen nat\u00fcrlichen Glanz auf oder \u00fcber Ihrer t\u00e4glichen Hautpflege f\u00fcr eine verst\u00e4rkte Leuchtkraft.<\/p>\n<h3>Aktive Botanicals<\/h3>\n<p data-start=\"1539\" data-end=\"1737\"><strong data-start=\"1539\" data-end=\"1552\">Gotu Kola<\/strong><br data-start=\"1552\" data-end=\"1555\">Bekannt f\u00fcr die kraftvolle Unterst\u00fctzung der Kollagenproduktion, st\u00e4rkt und n\u00e4hrt Gotu Kola das empfindliche Bindegewebe. Es spielt eine wesentliche Rolle bei der Erhaltung einer festen, widerstandsf\u00e4higen Haut. <\/p>\n<p data-start=\"1739\" data-end=\"1931\"><strong data-start=\"1739\" data-end=\"1759\">Eibischwurzel<\/strong><br data-start=\"1759\" data-end=\"1762\">Ein nat\u00fcrliches Feuchthaltemittel, das hilft, Feuchtigkeit anzuziehen und zu speichern. Reich an beruhigenden Pflanzenstoffen, unterst\u00fctzt es die Hydratation und hilft, die Haut vor Umweltstress zu sch\u00fctzen. <\/p>\n<p data-start=\"1933\" data-end=\"2183\"><strong data-start=\"1933\" data-end=\"1951\">Wiesen-Bienenwachs<\/strong><br data-start=\"1951\" data-end=\"1954\">Dieses rohe Bio-Bienenwachs aus verantwortungsvoller Imkerei hilft, Feuchtigkeit einzuschlie\u00dfen und die Haut vor Trockenheit zu sch\u00fctzen. Sorgf\u00e4ltig auf Reinheit gefiltert, bildet es eine atmungsaktive Barriere, die die Haut weich und gesch\u00fctzt h\u00e4lt. <\/p>\n<p data-start=\"2185\" data-end=\"2366\"><strong data-start=\"2185\" data-end=\"2208\">Zitronenmelissen-Tinktur<\/strong><br data-start=\"2208\" data-end=\"2211\">Nat\u00fcrlich reich an Antioxidantien wie Kaffee- und Ferulas\u00e4ure. Sie hilft bei der Abwehr von Umweltstress und bietet der Haut beruhigende Vorteile. <\/p>\n<p data-start=\"2368\" data-end=\"2551\"><strong data-start=\"2368\" data-end=\"2404\">Ethisch gewonnene, leuchtende Mineralien<\/strong><br data-start=\"2404\" data-end=\"2407\">Feine, lichtfangende Mineralpartikel hellen den Teint auf und mildern das Erscheinungsbild von Schatten und feinen Linien f\u00fcr ein glattes und gesundes Strahlen.<\/p>\n<p data-start=\"2553\" data-end=\"2765\" data-is-last-node=\"\" data-is-only-node=\"\"><strong data-start=\"2553\" data-end=\"2585\">Kamelien-Samen- und Bl\u00fcten\u00f6l<\/strong><br data-start=\"2585\" data-end=\"2588\">Reich an \u00d6ls\u00e4ure, Vitaminen A, B, D und E sowie n\u00e4hrenden Omega-Fetts\u00e4uren. Dieses leichte \u00d6l zieht schnell ein und spendet tiefe, regenerierende Feuchtigkeit ohne Schwere. <\/p>\n<p><em><strong>Alle Inhaltsstoffe sind biologisch, wildgesammelt und nachhaltig, ethisch und regional bezogen. <\/strong><\/em><\/p>\n<p><strong>Gr\u00f6\u00dfe: 30 ml<\/strong><\/p>\n<h2><strong>Nat\u00fcrliche \/ biologische Inhaltsstoffe <\/strong><\/h2>\n<p>Hauseigene Ganzpflanzen-Extrakte und Essenzen aus Sarsaparilla-Wurzel (<em>Smilax ornata<\/em>), Zitronenmelissen-Tinktur (<em>Melissa officinalis<\/em>), Lorbeerblatt-Essenz (<em>Laurus nobilis<\/em>), Snowbell-Harz (<em>Styrax officinalis<\/em>), Gotu-Kola-Blatt (<em>Centella asiatica<\/em>), Eibischwurzel (<em>Althaea officinalis<\/em>), Distel\u00f6l (<em>Carthamus tinctorius<\/em>), rohem und ungefiltertem bioregionalem Wiesen-Bienenwachs (<em>Cera alba<\/em>), rohem nativem Kokos\u00f6l (<em>Cocos nucifera<\/em>), Lavendelbl\u00fcten-Essenz (<em>Lavandula angustifolia<\/em>), wildem Minzblatt (<em>Mentha spicata<\/em>), Sonnenblumenkernen (<em>Helianthus annuus<\/em>), ethisch gewonnenen nat\u00fcrlichen Silikatmineralien (<em>Montmorillonite<\/em>), Kamelien-Samen- und Bl\u00fcten\u00f6l (<em>Camellia oleifera<\/em>).<\/p>\n\n\t<section class=\"section dark\" id=\"section_1703264480\">\n\t\t<div class=\"section-bg fill\" >\n\t\t\t<img fetchpriority=\"high\" decoding=\"async\" width=\"1200\" height=\"604\" src=\"https:\/\/dutchhealthstore.com\/wp-content\/uploads\/2026\/02\/bgux.jpg\" class=\"bg attachment- size-\" alt=\"\" \/>\t\t\t\t\t\t<div class=\"section-bg-overlay absolute fill\"><\/div>\n\t\t\t\n\n\t\t<\/div>\n\n\t\t\n\n\t\t<div class=\"section-content relative\">\n\t\t\t\n\n\t<div id=\"gap-985682852\" class=\"gap-element clearfix\" style=\"display:block; height:auto;\">\n\t\t\n<style>\n#gap-985682852 {\n  padding-top: 15px;\n}\n<\/style>\n\t<\/div>\n\t\n\n<div class=\"container section-title-container\" ><h3 class=\"section-title section-title-normal\"><b><\/b><span class=\"section-title-main\" >\u00dcber Tidelands House<\/span><b><\/b><\/h3><\/div>\n\n<div class=\"row\"  id=\"row-1375603175\">\n\n\n\t<div id=\"col-1891217323\" class=\"col small-12 large-12\"  >\n\t\t\t\t<div class=\"col-inner\"  >\n\t\t\t\n\t\t\t\n\n<p>Tidelands House ist ein kanadisches Atelier f\u00fcr botanische Hautpflege, das von der Kr\u00e4uterkundlerin Dominique Del Col gegr\u00fcndet wurde. Jede Rezeptur wird in Handarbeit in einem sonnendurchfluteten Destillierraum in einem restaurierten Steinhaus aus dem 19. Jahrhundert hergestellt, wo Kr\u00e4uter von Holzbalken h\u00e4ngen und Botanicals im Rhythmus der Jahreszeiten zubereitet werden.<\/p>\n<p>Wild gesammelte Pflanzen, biodynamischer Anbau und Meeresbotanicals von Kanadas Ostk\u00fcste bilden das Herzst\u00fcck jeder Zubereitung. Die Inhaltsstoffe werden zum Zeitpunkt ihrer h\u00f6chsten Vitalit\u00e4t geerntet und in Kleinstmengen verarbeitet, um Wirksamkeit, Frische und energetische Integrit\u00e4t zu bewahren. <\/p>\n<p>Keine synthetischen Zusatzstoffe. Keine unn\u00f6tigen F\u00fcllstoffe. Nur n\u00e4hrstoffreiche botanische Extrakte, fermentierte Bl\u00fctenessenzen und reine Pflanzen\u00f6le in traditionsbewusstem Milchglas.  <\/p>\n<p>Tidelands House ist langsame, bewusste Hautpflege \u2013 verwurzelt in der Natur, im Ritual und im Respekt vor Tradition sowie moderner botanischer Wissenschaft.<\/p>\n\n\n\t\t<\/div>\n\t\t\t\t\t<\/div>\n\n\t\n\n<\/div>\n\n\t\t<\/div>\n\n\t\t\n<style>\n#section_1703264480 {\n  padding-top: 30px;\n  padding-bottom: 30px;\n  background-color: rgb(40, 40, 40);\n}\n#section_1703264480 .section-bg-overlay {\n  background-color: rgba(0, 0, 0, 0.477);\n}\n#section_1703264480 .section-bg img {\n  object-position: 51% 73%;\n}\n<\/style>\n\t<\/section>\n\t\n","protected":false},"excerpt":{"rendered":"<p>Ein leuchtender Allzweck-Balsam, der Gesicht und K\u00f6rper einen zarten goldenen Glanz verleiht. Diese seidige Formel verschmilzt mit der Haut, schenkt sanfte Ausstrahlung und pflegt mit botanischen Extrakten, Bienenwachs und mineralischen Highlights f\u00fcr ein glattes, sonnengek\u00fcsstes Finish. <\/p>\n","protected":false},"featured_media":371764,"comment_status":"open","ping_status":"closed","template":"","meta":[],"product_brand":[],"product_cat":[20923,14735,20921,20922,20946,1227,5650,5669,5719,5651,5720,5647,5652,5653,1032,1210,1910,20907,5636,5649,5101,511,13175,22207,5648,5634],"product_tag":[],"class_list":{"0":"post-372609","1":"product","2":"type-product","3":"status-publish","4":"has-post-thumbnail","6":"product_cat-feuchtigkeitscremes","7":"product_cat-hautpflege","8":"product_cat-reife-alternde-haut","9":"product_cat-trocken","10":"product_cat-trocken-de","11":"product_cat-sensitive-skin-redness-de","12":"product_cat-sensitive-skin-redness-de-3","13":"product_cat-oily-skin-clogged-pores-de","14":"product_cat-oily-skin-clogged-pores-de-4","15":"product_cat-moisturizers-de-de-2","16":"product_cat-moisturizers-de-de-3","17":"product_cat-moisturizers-de-de","18":"product_cat-moisturizers-dde","19":"product_cat-moisturizers-de-de-4","20":"product_cat-kategorien","21":"product_cat-marken","22":"product_cat-neue-produkte","23":"product_cat-new-additions-skincare-de","24":"product_cat-normal-or-combination-skin-de-2","25":"product_cat-normal-or-combination-skin-de-3","26":"product_cat-by-skin-type-de-4","27":"product_cat-produkte","28":"product_cat-skincare-de-2","29":"product_cat-tidelands-house","30":"product_cat-dry-mature-ageing-skin-de-3","31":"product_cat-dry-mature-ageing-skin-de-2","32":"pa_brand-tidelands-house","33":"pa_gtin-22278","34":"pa_size-30-ml-de","35":"pa_skincare-type-moisturizers-de","37":"first","38":"instock","39":"taxable","40":"shipping-taxable","41":"purchasable","42":"product-type-simple"},"bundled_by":[],"bundle_stock_status":"instock","bundle_stock_quantity":1,"bundle_virtual":false,"bundle_layout":"","bundle_add_to_cart_form_location":"","bundle_editable_in_cart":false,"bundle_sold_individually_context":"","bundle_item_grouping":"","bundle_min_size":"","bundle_max_size":"","bundle_price":[],"bundled_items":[],"bundle_sell_ids":[372715],"atum_controlled":true,"out_stock_date":null,"out_stock_threshold":null,"inheritable":false,"stock_on_hold":0,"sold_today":0,"sales_last_days":0,"out_stock_days":0,"lost_sales":0,"update_date":"2026-04-07T06:56:24","atum_locations":[],"atum_stock_status":"instock","restock_status":false,"low_stock_amount":"","sales_update_date":"2026-04-07T06:56:24","calc_backorders":null,"group_of_quantity":0,"min_quantity":0,"max_quantity":"","exclude_order_quantity_value_rules":"no","exclude_category_quantity_rules":"no","combine_variations":"no","yoast_head":"<!-- This site is optimized with the Yoast SEO Premium plugin v26.5 (Yoast SEO v26.5) - https:\/\/yoast.com\/wordpress\/plugins\/seo\/ -->\n<title>Perle Ancienne Luminescence Glow Balm - Tidelands House<\/title>\n<meta name=\"description\" content=\"Goldener, taufrischer Balsam f\u00fcr Gesicht und K\u00f6rper mit botanischen Extrakten und leuchtenden Mineralien. Verleiht zarten Glanz, w\u00e4hrend er die Haut tiefenwirksam n\u00e4hrt und mit Feuchtigkeit versorgt.\" \/>\n<meta name=\"robots\" content=\"index, follow, max-snippet:-1, max-image-preview:large, max-video-preview:-1\" \/>\n<link rel=\"canonical\" href=\"https:\/\/dutchhealthstore.com\/de\/product\/perle-ancienne-luminescence-glow-balm\/\" \/>\n<meta property=\"og:locale\" content=\"de_DE\" \/>\n<meta property=\"og:type\" content=\"article\" \/>\n<meta property=\"og:title\" content=\"Perle Ancienne Luminescence Glow Balm - Dutch Health Store\" \/>\n<meta property=\"og:description\" content=\"Goldener, taufrischer Balsam f\u00fcr Gesicht und K\u00f6rper mit botanischen Extrakten und leuchtenden Mineralien. Verleiht zarten Glanz, w\u00e4hrend er die Haut tiefenwirksam n\u00e4hrt und mit Feuchtigkeit versorgt.\" \/>\n<meta property=\"og:url\" content=\"https:\/\/dutchhealthstore.com\/de\/product\/perle-ancienne-luminescence-glow-balm\/\" \/>\n<meta property=\"og:site_name\" content=\"Dutch Health Store\" \/>\n<meta property=\"article:publisher\" content=\"https:\/\/www.instagram.com\/dutchhealthstore\/\" \/>\n<meta property=\"og:image\" content=\"https:\/\/dutchhealthstore.com\/wp-content\/uploads\/2026\/02\/Perle-Ancienne-Luminescense-Glow-Balm.jpg\" \/>\n\t<meta property=\"og:image:width\" content=\"530\" \/>\n\t<meta property=\"og:image:height\" content=\"530\" \/>\n\t<meta property=\"og:image:type\" content=\"image\/jpeg\" \/>\n<meta name=\"twitter:card\" content=\"summary_large_image\" \/>\n<meta name=\"twitter:label1\" content=\"Preis\" \/>\n\t<meta name=\"twitter:data1\" content=\"&euro;46,00\" \/>\n\t<meta name=\"twitter:label2\" content=\"Verf\u00fcgbarkeit\" \/>\n\t<meta name=\"twitter:data2\" content=\"Auf Lager\" \/>\n<script type=\"application\/ld+json\" class=\"yoast-schema-graph\">{\"@context\":\"https:\/\/schema.org\",\"@graph\":[{\"@type\":\"WebPage\",\"@id\":\"https:\/\/dutchhealthstore.com\/de\/product\/perle-ancienne-luminescence-glow-balm\/\",\"url\":\"https:\/\/dutchhealthstore.com\/de\/product\/perle-ancienne-luminescence-glow-balm\/\",\"name\":\"Perle Ancienne Luminescence Glow Balm - Tidelands House\",\"isPartOf\":{\"@id\":\"https:\/\/dutchhealthstore.com\/de\/#website\"},\"primaryImageOfPage\":{\"@id\":\"https:\/\/dutchhealthstore.com\/de\/product\/perle-ancienne-luminescence-glow-balm\/#primaryimage\"},\"image\":{\"@id\":\"https:\/\/dutchhealthstore.com\/de\/product\/perle-ancienne-luminescence-glow-balm\/#primaryimage\"},\"thumbnailUrl\":\"https:\/\/dutchhealthstore.com\/wp-content\/uploads\/2026\/02\/Perle-Ancienne-Luminescense-Glow-Balm.jpg\",\"datePublished\":\"2026-02-23T10:48:00+00:00\",\"description\":\"Goldener, taufrischer Balsam f\u00fcr Gesicht und K\u00f6rper mit botanischen Extrakten und leuchtenden Mineralien. Verleiht zarten Glanz, w\u00e4hrend er die Haut tiefenwirksam n\u00e4hrt und mit Feuchtigkeit versorgt.\",\"breadcrumb\":{\"@id\":\"https:\/\/dutchhealthstore.com\/de\/product\/perle-ancienne-luminescence-glow-balm\/#breadcrumb\"},\"inLanguage\":\"de\",\"potentialAction\":[{\"@type\":\"ReadAction\",\"target\":[\"https:\/\/dutchhealthstore.com\/de\/product\/perle-ancienne-luminescence-glow-balm\/\"]}]},{\"@type\":\"ImageObject\",\"inLanguage\":\"de\",\"@id\":\"https:\/\/dutchhealthstore.com\/de\/product\/perle-ancienne-luminescence-glow-balm\/#primaryimage\",\"url\":\"https:\/\/dutchhealthstore.com\/wp-content\/uploads\/2026\/02\/Perle-Ancienne-Luminescense-Glow-Balm.jpg\",\"contentUrl\":\"https:\/\/dutchhealthstore.com\/wp-content\/uploads\/2026\/02\/Perle-Ancienne-Luminescense-Glow-Balm.jpg\",\"width\":530,\"height\":530,\"caption\":\"perle-ancienne-luminescense-glow-balm\"},{\"@type\":\"BreadcrumbList\",\"@id\":\"https:\/\/dutchhealthstore.com\/de\/product\/perle-ancienne-luminescence-glow-balm\/#breadcrumb\",\"itemListElement\":[{\"@type\":\"ListItem\",\"position\":1,\"name\":\"Home\",\"item\":\"https:\/\/dutchhealthstore.com\/de\/\"},{\"@type\":\"ListItem\",\"position\":2,\"name\":\"Shop\",\"item\":\"https:\/\/dutchhealthstore.com\/de\/shop-2\/\"},{\"@type\":\"ListItem\",\"position\":3,\"name\":\"Perle Ancienne Luminescence Glow Balm\"}]},{\"@type\":\"WebSite\",\"@id\":\"https:\/\/dutchhealthstore.com\/de\/#website\",\"url\":\"https:\/\/dutchhealthstore.com\/de\/\",\"name\":\"Dutch Health Store\",\"description\":\"Enhance Your Beauty with Organic &amp; Natural Skincare\",\"publisher\":{\"@id\":\"https:\/\/dutchhealthstore.com\/de\/#organization\"},\"potentialAction\":[{\"@type\":\"SearchAction\",\"target\":{\"@type\":\"EntryPoint\",\"urlTemplate\":\"https:\/\/dutchhealthstore.com\/de\/?s={search_term_string}\"},\"query-input\":{\"@type\":\"PropertyValueSpecification\",\"valueRequired\":true,\"valueName\":\"search_term_string\"}}],\"inLanguage\":\"de\"},{\"@type\":\"Organization\",\"@id\":\"https:\/\/dutchhealthstore.com\/de\/#organization\",\"name\":\"Dutch Health Store\",\"url\":\"https:\/\/dutchhealthstore.com\/de\/\",\"logo\":{\"@type\":\"ImageObject\",\"inLanguage\":\"de\",\"@id\":\"https:\/\/dutchhealthstore.com\/de\/#\/schema\/logo\/image\/\",\"url\":\"https:\/\/dutchhealthstore.com\/wp-content\/uploads\/2020\/08\/logo-dutchhealthstore-jpg-e1599484957574.jpg\",\"contentUrl\":\"https:\/\/dutchhealthstore.com\/wp-content\/uploads\/2020\/08\/logo-dutchhealthstore-jpg-e1599484957574.jpg\",\"width\":400,\"height\":62,\"caption\":\"Dutch Health Store\"},\"image\":{\"@id\":\"https:\/\/dutchhealthstore.com\/de\/#\/schema\/logo\/image\/\"},\"sameAs\":[\"https:\/\/www.instagram.com\/dutchhealthstore\/\",\"https:\/\/www.facebook.com\/dutchhealthstore\"]}]}<\/script>\n<meta property=\"product:brand\" content=\"Tidelands House\" \/>\n<meta property=\"product:price:amount\" content=\"46.00\" \/>\n<meta property=\"product:price:currency\" content=\"EUR\" \/>\n<meta property=\"og:availability\" content=\"instock\" \/>\n<meta property=\"product:availability\" content=\"instock\" \/>\n<meta property=\"product:condition\" content=\"new\" \/>\n<!-- \/ Yoast SEO Premium plugin. -->","yoast_head_json":{"title":"Perle Ancienne Luminescence Glow Balm - Tidelands House","description":"Goldener, taufrischer Balsam f\u00fcr Gesicht und K\u00f6rper mit botanischen Extrakten und leuchtenden Mineralien. Verleiht zarten Glanz, w\u00e4hrend er die Haut tiefenwirksam n\u00e4hrt und mit Feuchtigkeit versorgt.","robots":{"index":"index","follow":"follow","max-snippet":"max-snippet:-1","max-image-preview":"max-image-preview:large","max-video-preview":"max-video-preview:-1"},"canonical":"https:\/\/dutchhealthstore.com\/de\/product\/perle-ancienne-luminescence-glow-balm\/","og_locale":"de_DE","og_type":"article","og_title":"Perle Ancienne Luminescence Glow Balm - Dutch Health Store","og_description":"Goldener, taufrischer Balsam f\u00fcr Gesicht und K\u00f6rper mit botanischen Extrakten und leuchtenden Mineralien. Verleiht zarten Glanz, w\u00e4hrend er die Haut tiefenwirksam n\u00e4hrt und mit Feuchtigkeit versorgt.","og_url":"https:\/\/dutchhealthstore.com\/de\/product\/perle-ancienne-luminescence-glow-balm\/","og_site_name":"Dutch Health Store","article_publisher":"https:\/\/www.instagram.com\/dutchhealthstore\/","og_image":[{"width":530,"height":530,"url":"https:\/\/dutchhealthstore.com\/wp-content\/uploads\/2026\/02\/Perle-Ancienne-Luminescense-Glow-Balm.jpg","type":"image\/jpeg"}],"twitter_card":"summary_large_image","twitter_misc":{"Preis":"&euro;46,00","Verf\u00fcgbarkeit":"Auf Lager"},"schema":{"@context":"https:\/\/schema.org","@graph":[{"@type":"WebPage","@id":"https:\/\/dutchhealthstore.com\/de\/product\/perle-ancienne-luminescence-glow-balm\/","url":"https:\/\/dutchhealthstore.com\/de\/product\/perle-ancienne-luminescence-glow-balm\/","name":"Perle Ancienne Luminescence Glow Balm - Tidelands House","isPartOf":{"@id":"https:\/\/dutchhealthstore.com\/de\/#website"},"primaryImageOfPage":{"@id":"https:\/\/dutchhealthstore.com\/de\/product\/perle-ancienne-luminescence-glow-balm\/#primaryimage"},"image":{"@id":"https:\/\/dutchhealthstore.com\/de\/product\/perle-ancienne-luminescence-glow-balm\/#primaryimage"},"thumbnailUrl":"https:\/\/dutchhealthstore.com\/wp-content\/uploads\/2026\/02\/Perle-Ancienne-Luminescense-Glow-Balm.jpg","datePublished":"2026-02-23T10:48:00+00:00","description":"Goldener, taufrischer Balsam f\u00fcr Gesicht und K\u00f6rper mit botanischen Extrakten und leuchtenden Mineralien. Verleiht zarten Glanz, w\u00e4hrend er die Haut tiefenwirksam n\u00e4hrt und mit Feuchtigkeit versorgt.","breadcrumb":{"@id":"https:\/\/dutchhealthstore.com\/de\/product\/perle-ancienne-luminescence-glow-balm\/#breadcrumb"},"inLanguage":"de","potentialAction":[{"@type":"ReadAction","target":["https:\/\/dutchhealthstore.com\/de\/product\/perle-ancienne-luminescence-glow-balm\/"]}]},{"@type":"ImageObject","inLanguage":"de","@id":"https:\/\/dutchhealthstore.com\/de\/product\/perle-ancienne-luminescence-glow-balm\/#primaryimage","url":"https:\/\/dutchhealthstore.com\/wp-content\/uploads\/2026\/02\/Perle-Ancienne-Luminescense-Glow-Balm.jpg","contentUrl":"https:\/\/dutchhealthstore.com\/wp-content\/uploads\/2026\/02\/Perle-Ancienne-Luminescense-Glow-Balm.jpg","width":530,"height":530,"caption":"perle-ancienne-luminescense-glow-balm"},{"@type":"BreadcrumbList","@id":"https:\/\/dutchhealthstore.com\/de\/product\/perle-ancienne-luminescence-glow-balm\/#breadcrumb","itemListElement":[{"@type":"ListItem","position":1,"name":"Home","item":"https:\/\/dutchhealthstore.com\/de\/"},{"@type":"ListItem","position":2,"name":"Shop","item":"https:\/\/dutchhealthstore.com\/de\/shop-2\/"},{"@type":"ListItem","position":3,"name":"Perle Ancienne Luminescence Glow Balm"}]},{"@type":"WebSite","@id":"https:\/\/dutchhealthstore.com\/de\/#website","url":"https:\/\/dutchhealthstore.com\/de\/","name":"Dutch Health Store","description":"Enhance Your Beauty with Organic &amp; Natural Skincare","publisher":{"@id":"https:\/\/dutchhealthstore.com\/de\/#organization"},"potentialAction":[{"@type":"SearchAction","target":{"@type":"EntryPoint","urlTemplate":"https:\/\/dutchhealthstore.com\/de\/?s={search_term_string}"},"query-input":{"@type":"PropertyValueSpecification","valueRequired":true,"valueName":"search_term_string"}}],"inLanguage":"de"},{"@type":"Organization","@id":"https:\/\/dutchhealthstore.com\/de\/#organization","name":"Dutch Health Store","url":"https:\/\/dutchhealthstore.com\/de\/","logo":{"@type":"ImageObject","inLanguage":"de","@id":"https:\/\/dutchhealthstore.com\/de\/#\/schema\/logo\/image\/","url":"https:\/\/dutchhealthstore.com\/wp-content\/uploads\/2020\/08\/logo-dutchhealthstore-jpg-e1599484957574.jpg","contentUrl":"https:\/\/dutchhealthstore.com\/wp-content\/uploads\/2020\/08\/logo-dutchhealthstore-jpg-e1599484957574.jpg","width":400,"height":62,"caption":"Dutch Health Store"},"image":{"@id":"https:\/\/dutchhealthstore.com\/de\/#\/schema\/logo\/image\/"},"sameAs":["https:\/\/www.instagram.com\/dutchhealthstore\/","https:\/\/www.facebook.com\/dutchhealthstore"]}]},"product_brand":"Tidelands House","product_price_amount":"46.00","product_price_currency":"EUR","og_availability":"instock","product_availability":"instock","product_condition":"new"},"_links":{"self":[{"href":"https:\/\/dutchhealthstore.com\/de\/wp-json\/wp\/v2\/product\/372609","targetHints":{"allow":["GET"]}}],"collection":[{"href":"https:\/\/dutchhealthstore.com\/de\/wp-json\/wp\/v2\/product"}],"about":[{"href":"https:\/\/dutchhealthstore.com\/de\/wp-json\/wp\/v2\/types\/product"}],"replies":[{"embeddable":true,"href":"https:\/\/dutchhealthstore.com\/de\/wp-json\/wp\/v2\/comments?post=372609"}],"wp:featuredmedia":[{"embeddable":true,"href":"https:\/\/dutchhealthstore.com\/de\/wp-json\/wp\/v2\/media\/371764"}],"wp:attachment":[{"href":"https:\/\/dutchhealthstore.com\/de\/wp-json\/wp\/v2\/media?parent=372609"}],"wp:term":[{"taxonomy":"product_brand","embeddable":true,"href":"https:\/\/dutchhealthstore.com\/de\/wp-json\/wp\/v2\/product_brand?post=372609"},{"taxonomy":"product_cat","embeddable":true,"href":"https:\/\/dutchhealthstore.com\/de\/wp-json\/wp\/v2\/product_cat?post=372609"},{"taxonomy":"product_tag","embeddable":true,"href":"https:\/\/dutchhealthstore.com\/de\/wp-json\/wp\/v2\/product_tag?post=372609"}],"curies":[{"name":"wp","href":"https:\/\/api.w.org\/{rel}","templated":true}]}}