{"id":372604,"date":"2026-02-23T11:50:14","date_gmt":"2026-02-23T10:50:14","guid":{"rendered":"https:\/\/dutchhealthstore.com\/product\/garden-spell-tinted-lip-cheek-creme\/"},"modified":"2026-03-23T14:29:45","modified_gmt":"2026-03-23T13:29:45","slug":"garden-spell-tinted-lip-cheek-creme","status":"publish","type":"product","link":"https:\/\/dutchhealthstore.com\/de\/product\/garden-spell-tinted-lip-cheek-creme\/","title":{"rendered":"Garden Spell Tinted Lip &amp; Cheek Cr\u00e8me"},"content":{"rendered":"<p data-start=\"0\" data-end=\"16\"><strong data-start=\"0\" data-end=\"14\">Der Farbton:<\/strong><\/p>\n<p data-start=\"18\" data-end=\"93\">Ein sanfter, rosiger Pfingstrosenton mit zart verwitterten Bl\u00fctenbl\u00e4ttern und nat\u00fcrlichem Rouge.<\/p>\n<h3>Philosophy of Flowers<\/h3>\n<p>Immortellenbl\u00fcte, erfrischende Wasserminze, fermentierte Eibischwurzel und beruhigendes Spitzwegerichblatt.<\/p>\n<h3>Aktive Botanicals<\/h3>\n<p data-start=\"247\" data-end=\"602\">Im Herzen dieser besonderen Farbe liegt eine schmeichelnde Balance aus W\u00e4rme und Sanftheit, die zu jedem Hautton passt. Sie schenkt den Lippen einen frischen, modernen Hauch Farbe und betont Ihre nat\u00fcrliche Nuance dezent, w\u00e4hrend sie sie vertieft. Auf den Wangen sorgt ein zarter Schimmer in Antikrosa f\u00fcr einen lichtfangenden Glow mit taufrischem Finish, der den Teint sanft hervorhebt.  <\/p>\n<p data-start=\"604\" data-end=\"917\">Die Textur ist cremig, seidig und l\u00e4sst sich m\u00fchelos verblenden. Sie l\u00e4sst sich spielend leicht von einem transparenten Hauch bis zu einer intensiveren T\u00f6nung aufbauen und bleibt dabei leicht und angenehm auf der Haut. Angereichert mit floralen Essenzen pflegt die Formel empfindliche Partien und hinterl\u00e4sst strahlende Leuchtkraft sowie lebendige Farbe aus reinen Erdmineralien.  <\/p>\n<p data-start=\"919\" data-end=\"982\">Dieser vielseitige Farbton ist wie gemacht, um zum t\u00e4glichen Favoriten zu werden.<\/p>\n<p><em><strong>Alle Inhaltsstoffe sind biologisch, wildgesammelt und nachhaltig, ethisch und regional bezogen. <\/strong><\/em><\/p>\n<p><strong>Gr\u00f6\u00dfe: 15 ml<\/strong><\/p>\n<p data-start=\"989\" data-end=\"1008\"><strong data-start=\"989\" data-end=\"1006\">Anwendung:<\/strong><\/p>\n<p data-start=\"1010\" data-end=\"1131\" data-is-last-node=\"\" data-is-only-node=\"\">Mit den Fingerspitzen sanft auf Lippen und Wangen auftupfen. F\u00fcr mehr Intensit\u00e4t schichten und nach Wunsch im Laufe des Tages auffrischen. <\/p>\n<h2><strong>Nat\u00fcrliche \/ biologische Inhaltsstoffe <\/strong><\/h2>\n<p>Eibischwurzel ( <em>Althaea officinalis<\/em>), Zitronenmelisse ( <em>Melissa officinalis<\/em>), Holunderbl\u00fcte ( <em>Sambucus nigra<\/em>), Kamillentinktur ( <em>Matricaria chamomilla<\/em>), bioregionale Sonnenblume ( <em>Helianthus annuus<\/em>), rohe Mandel ( <em>Prunus dulcis<\/em>), Schwarzk\u00fcmmel-Rizinussamen ( <em>Ricinus communis<\/em>), Jojoba\u00f6l ( <em>Simmondsia chinensis<\/em>), rohes, unraffiniertes lokales Wiesenbienenwachs ( <em>Cera alba<\/em>), rohe Sheabutter ( <em>Vitellaria paradoxa<\/em>), Lavendelbl\u00fcte ( <em>Lavandula angustifolia<\/em>), Ringelblumenbl\u00fcte ( <em>Calendula officinalis<\/em>), Immortellenbl\u00fcte (<em>Helichrysum italicum<\/em>), Wasserminztinktur (<em>Mentha aquatica<\/em>), alte Rote Bete (<em>Beta vulgaris<\/em>), Spitzwegerich (<em>Plantago major<\/em>), nat\u00fcrliche Silikatmineralien (<em>Montmorillonite<\/em>).<\/p>\n\n\t<section class=\"section dark\" id=\"section_222047212\">\n\t\t<div class=\"section-bg fill\" >\n\t\t\t<img fetchpriority=\"high\" decoding=\"async\" width=\"1200\" height=\"604\" src=\"https:\/\/dutchhealthstore.com\/wp-content\/uploads\/2026\/02\/bgux.jpg\" class=\"bg attachment- size-\" alt=\"\" \/>\t\t\t\t\t\t<div class=\"section-bg-overlay absolute fill\"><\/div>\n\t\t\t\n\n\t\t<\/div>\n\n\t\t\n\n\t\t<div class=\"section-content relative\">\n\t\t\t\n\n\t<div id=\"gap-1598047232\" class=\"gap-element clearfix\" style=\"display:block; height:auto;\">\n\t\t\n<style>\n#gap-1598047232 {\n  padding-top: 15px;\n}\n<\/style>\n\t<\/div>\n\t\n\n<div class=\"container section-title-container\" ><h3 class=\"section-title section-title-normal\"><b><\/b><span class=\"section-title-main\" >\u00dcber Tidelands House<\/span><b><\/b><\/h3><\/div>\n\n<div class=\"row\"  id=\"row-179665995\">\n\n\n\t<div id=\"col-266543221\" class=\"col small-12 large-12\"  >\n\t\t\t\t<div class=\"col-inner\"  >\n\t\t\t\n\t\t\t\n\n<p>Tidelands House ist ein kanadisches Atelier f\u00fcr botanische Hautpflege, das von der Kr\u00e4uterkundlerin Dominique Del Col gegr\u00fcndet wurde. Jede Rezeptur wird in Handarbeit in einem sonnendurchfluteten Destillierraum in einem restaurierten Steinhaus aus dem 19. Jahrhundert hergestellt, wo Kr\u00e4uter von Holzbalken h\u00e4ngen und Botanicals im Rhythmus der Jahreszeiten zubereitet werden.<\/p>\n<p>Wild gesammelte Pflanzen, biodynamischer Anbau und Meeresbotanicals von Kanadas Ostk\u00fcste bilden das Herzst\u00fcck jeder Zubereitung. Die Inhaltsstoffe werden zum Zeitpunkt ihrer h\u00f6chsten Vitalit\u00e4t geerntet und in Kleinstmengen verarbeitet, um Wirksamkeit, Frische und energetische Integrit\u00e4t zu bewahren. <\/p>\n<p>Keine synthetischen Zusatzstoffe. Keine unn\u00f6tigen F\u00fcllstoffe. Nur n\u00e4hrstoffreiche botanische Extrakte, fermentierte Bl\u00fctenessenzen und reine Pflanzen\u00f6le in traditionsbewusstem Milchglas.  <\/p>\n<p>Tidelands House ist langsame, bewusste Hautpflege \u2013 verwurzelt in der Natur, im Ritual und im Respekt vor Tradition sowie moderner botanischer Wissenschaft.<\/p>\n\n\n\t\t<\/div>\n\t\t\t\t\t<\/div>\n\n\t\n\n<\/div>\n\n\t\t<\/div>\n\n\t\t\n<style>\n#section_222047212 {\n  padding-top: 30px;\n  padding-bottom: 30px;\n  background-color: rgb(40, 40, 40);\n}\n#section_222047212 .section-bg-overlay {\n  background-color: rgba(0, 0, 0, 0.477);\n}\n#section_222047212 .section-bg img {\n  object-position: 51% 73%;\n}\n<\/style>\n\t<\/section>\n\t\n","protected":false},"excerpt":{"rendered":"<p>Ein sanfter Pfingstrosenrosa-Tint, der Ihren nat\u00fcrlichen Glow betont. Diese cremige, aufbaubare Formel l\u00e4sst sich m\u00fchelos auf Lippen und Wangen verblenden und schenkt einen frischen Farbhauch mit dezent taufrischem Finish. Angereichert mit Bl\u00fctenessenzen und Mineralpigmenten pflegt sie empfindliche Haut und verleiht eine leuchtende, gesunde Ausstrahlung.  <\/p>\n","protected":false},"featured_media":371740,"comment_status":"open","ping_status":"closed","template":"","meta":[],"product_brand":[],"product_cat":[5898,1032,5980,5901,1041,1210,1910,20907,511,22207,6141],"product_tag":[],"class_list":{"0":"post-372604","1":"product","2":"type-product","3":"status-publish","4":"has-post-thumbnail","6":"product_cat-eye-lip-care","7":"product_cat-kategorien","8":"product_cat-lips-de-3","9":"product_cat-lip-care-de-3","10":"product_cat-make-up-de","11":"product_cat-marken","12":"product_cat-neue-produkte","13":"product_cat-new-additions-skincare-de","14":"product_cat-produkte","15":"product_cat-tidelands-house","16":"product_cat-cheeks-de-2","17":"pa_brand-tidelands-house","18":"pa_gtin-22275","19":"pa_size-15-ml-de-2","20":"pa_skincare-type-lips-eye-care-de","22":"first","23":"instock","24":"taxable","25":"shipping-taxable","26":"purchasable","27":"product-type-simple"},"bundled_by":[],"bundle_stock_status":"instock","bundle_stock_quantity":6,"bundle_virtual":false,"bundle_layout":"","bundle_add_to_cart_form_location":"","bundle_editable_in_cart":false,"bundle_sold_individually_context":"","bundle_item_grouping":"","bundle_min_size":"","bundle_max_size":"","bundle_price":[],"bundled_items":[],"bundle_sell_ids":[372505],"atum_controlled":true,"out_stock_date":null,"out_stock_threshold":null,"inheritable":false,"stock_on_hold":0,"sold_today":0,"sales_last_days":0,"out_stock_days":0,"lost_sales":0,"update_date":"2026-04-07T06:56:24","atum_locations":[],"atum_stock_status":"instock","restock_status":false,"low_stock_amount":"","sales_update_date":"2026-04-07T06:56:24","calc_backorders":null,"group_of_quantity":0,"min_quantity":0,"max_quantity":"","exclude_order_quantity_value_rules":"no","exclude_category_quantity_rules":"no","combine_variations":"no","yoast_head":"<!-- This site is optimized with the Yoast SEO Premium plugin v26.5 (Yoast SEO v26.5) - https:\/\/yoast.com\/wordpress\/plugins\/seo\/ -->\n<title>Garden Spell Tinted Lip &amp; Cheek Cr\u00e8me - Tidelands House<\/title>\n<meta name=\"description\" content=\"Sanfter Lippen- und Wangen-Tint in Pfingstrosenrosa mit cremiger, aufbaubarer Formel. Verleiht einen nat\u00fcrlichen Hauch Farbe und einen taufrischen Glow und pflegt die Haut mit floralen Essenzen.\" \/>\n<meta name=\"robots\" content=\"index, follow, max-snippet:-1, max-image-preview:large, max-video-preview:-1\" \/>\n<link rel=\"canonical\" href=\"https:\/\/dutchhealthstore.com\/de\/product\/garden-spell-tinted-lip-cheek-creme\/\" \/>\n<meta property=\"og:locale\" content=\"de_DE\" \/>\n<meta property=\"og:type\" content=\"article\" \/>\n<meta property=\"og:title\" content=\"Garden Spell Tinted Lip &amp; Cheek Cr\u00e8me - Dutch Health Store\" \/>\n<meta property=\"og:description\" content=\"Sanfter Lippen- und Wangen-Tint in Pfingstrosenrosa mit cremiger, aufbaubarer Formel. Verleiht einen nat\u00fcrlichen Hauch Farbe und einen taufrischen Glow und pflegt die Haut mit floralen Essenzen.\" \/>\n<meta property=\"og:url\" content=\"https:\/\/dutchhealthstore.com\/de\/product\/garden-spell-tinted-lip-cheek-creme\/\" \/>\n<meta property=\"og:site_name\" content=\"Dutch Health Store\" \/>\n<meta property=\"article:publisher\" content=\"https:\/\/www.instagram.com\/dutchhealthstore\/\" \/>\n<meta property=\"article:modified_time\" content=\"2026-03-23T13:29:45+00:00\" \/>\n<meta property=\"og:image\" content=\"https:\/\/dutchhealthstore.com\/wp-content\/uploads\/2026\/02\/Untitled-design.jpg\" \/>\n\t<meta property=\"og:image:width\" content=\"530\" \/>\n\t<meta property=\"og:image:height\" content=\"530\" \/>\n\t<meta property=\"og:image:type\" content=\"image\/jpeg\" \/>\n<meta name=\"twitter:card\" content=\"summary_large_image\" \/>\n<meta name=\"twitter:label1\" content=\"Preis\" \/>\n\t<meta name=\"twitter:data1\" content=\"&euro;22,00\" \/>\n\t<meta name=\"twitter:label2\" content=\"Verf\u00fcgbarkeit\" \/>\n\t<meta name=\"twitter:data2\" content=\"Auf Lager\" \/>\n<script type=\"application\/ld+json\" class=\"yoast-schema-graph\">{\"@context\":\"https:\/\/schema.org\",\"@graph\":[{\"@type\":\"WebPage\",\"@id\":\"https:\/\/dutchhealthstore.com\/de\/product\/garden-spell-tinted-lip-cheek-creme\/\",\"url\":\"https:\/\/dutchhealthstore.com\/de\/product\/garden-spell-tinted-lip-cheek-creme\/\",\"name\":\"Garden Spell Tinted Lip &amp; Cheek Cr\u00e8me - Tidelands House\",\"isPartOf\":{\"@id\":\"https:\/\/dutchhealthstore.com\/de\/#website\"},\"primaryImageOfPage\":{\"@id\":\"https:\/\/dutchhealthstore.com\/de\/product\/garden-spell-tinted-lip-cheek-creme\/#primaryimage\"},\"image\":{\"@id\":\"https:\/\/dutchhealthstore.com\/de\/product\/garden-spell-tinted-lip-cheek-creme\/#primaryimage\"},\"thumbnailUrl\":\"https:\/\/dutchhealthstore.com\/wp-content\/uploads\/2026\/02\/Untitled-design.jpg\",\"datePublished\":\"2026-02-23T10:50:14+00:00\",\"dateModified\":\"2026-03-23T13:29:45+00:00\",\"description\":\"Sanfter Lippen- und Wangen-Tint in Pfingstrosenrosa mit cremiger, aufbaubarer Formel. Verleiht einen nat\u00fcrlichen Hauch Farbe und einen taufrischen Glow und pflegt die Haut mit floralen Essenzen.\",\"breadcrumb\":{\"@id\":\"https:\/\/dutchhealthstore.com\/de\/product\/garden-spell-tinted-lip-cheek-creme\/#breadcrumb\"},\"inLanguage\":\"de\",\"potentialAction\":[{\"@type\":\"ReadAction\",\"target\":[\"https:\/\/dutchhealthstore.com\/de\/product\/garden-spell-tinted-lip-cheek-creme\/\"]}]},{\"@type\":\"ImageObject\",\"inLanguage\":\"de\",\"@id\":\"https:\/\/dutchhealthstore.com\/de\/product\/garden-spell-tinted-lip-cheek-creme\/#primaryimage\",\"url\":\"https:\/\/dutchhealthstore.com\/wp-content\/uploads\/2026\/02\/Untitled-design.jpg\",\"contentUrl\":\"https:\/\/dutchhealthstore.com\/wp-content\/uploads\/2026\/02\/Untitled-design.jpg\",\"width\":530,\"height\":530,\"caption\":\"tidelands-house-garden-spell-tined-lip-and-cheek-creme\"},{\"@type\":\"BreadcrumbList\",\"@id\":\"https:\/\/dutchhealthstore.com\/de\/product\/garden-spell-tinted-lip-cheek-creme\/#breadcrumb\",\"itemListElement\":[{\"@type\":\"ListItem\",\"position\":1,\"name\":\"Home\",\"item\":\"https:\/\/dutchhealthstore.com\/de\/\"},{\"@type\":\"ListItem\",\"position\":2,\"name\":\"Shop\",\"item\":\"https:\/\/dutchhealthstore.com\/de\/shop-2\/\"},{\"@type\":\"ListItem\",\"position\":3,\"name\":\"Garden Spell Tinted Lip &amp; Cheek Cr\u00e8me\"}]},{\"@type\":\"WebSite\",\"@id\":\"https:\/\/dutchhealthstore.com\/de\/#website\",\"url\":\"https:\/\/dutchhealthstore.com\/de\/\",\"name\":\"Dutch Health Store\",\"description\":\"Enhance Your Beauty with Organic &amp; Natural Skincare\",\"publisher\":{\"@id\":\"https:\/\/dutchhealthstore.com\/de\/#organization\"},\"potentialAction\":[{\"@type\":\"SearchAction\",\"target\":{\"@type\":\"EntryPoint\",\"urlTemplate\":\"https:\/\/dutchhealthstore.com\/de\/?s={search_term_string}\"},\"query-input\":{\"@type\":\"PropertyValueSpecification\",\"valueRequired\":true,\"valueName\":\"search_term_string\"}}],\"inLanguage\":\"de\"},{\"@type\":\"Organization\",\"@id\":\"https:\/\/dutchhealthstore.com\/de\/#organization\",\"name\":\"Dutch Health Store\",\"url\":\"https:\/\/dutchhealthstore.com\/de\/\",\"logo\":{\"@type\":\"ImageObject\",\"inLanguage\":\"de\",\"@id\":\"https:\/\/dutchhealthstore.com\/de\/#\/schema\/logo\/image\/\",\"url\":\"https:\/\/dutchhealthstore.com\/wp-content\/uploads\/2020\/08\/logo-dutchhealthstore-jpg-e1599484957574.jpg\",\"contentUrl\":\"https:\/\/dutchhealthstore.com\/wp-content\/uploads\/2020\/08\/logo-dutchhealthstore-jpg-e1599484957574.jpg\",\"width\":400,\"height\":62,\"caption\":\"Dutch Health Store\"},\"image\":{\"@id\":\"https:\/\/dutchhealthstore.com\/de\/#\/schema\/logo\/image\/\"},\"sameAs\":[\"https:\/\/www.instagram.com\/dutchhealthstore\/\",\"https:\/\/www.facebook.com\/dutchhealthstore\"]}]}<\/script>\n<meta property=\"product:brand\" content=\"Tidelands House\" \/>\n<meta property=\"product:price:amount\" content=\"22.00\" \/>\n<meta property=\"product:price:currency\" content=\"EUR\" \/>\n<meta property=\"og:availability\" content=\"instock\" \/>\n<meta property=\"product:availability\" content=\"instock\" \/>\n<meta property=\"product:condition\" content=\"new\" \/>\n<!-- \/ Yoast SEO Premium plugin. -->","yoast_head_json":{"title":"Garden Spell Tinted Lip &amp; Cheek Cr\u00e8me - Tidelands House","description":"Sanfter Lippen- und Wangen-Tint in Pfingstrosenrosa mit cremiger, aufbaubarer Formel. Verleiht einen nat\u00fcrlichen Hauch Farbe und einen taufrischen Glow und pflegt die Haut mit floralen Essenzen.","robots":{"index":"index","follow":"follow","max-snippet":"max-snippet:-1","max-image-preview":"max-image-preview:large","max-video-preview":"max-video-preview:-1"},"canonical":"https:\/\/dutchhealthstore.com\/de\/product\/garden-spell-tinted-lip-cheek-creme\/","og_locale":"de_DE","og_type":"article","og_title":"Garden Spell Tinted Lip &amp; Cheek Cr\u00e8me - Dutch Health Store","og_description":"Sanfter Lippen- und Wangen-Tint in Pfingstrosenrosa mit cremiger, aufbaubarer Formel. Verleiht einen nat\u00fcrlichen Hauch Farbe und einen taufrischen Glow und pflegt die Haut mit floralen Essenzen.","og_url":"https:\/\/dutchhealthstore.com\/de\/product\/garden-spell-tinted-lip-cheek-creme\/","og_site_name":"Dutch Health Store","article_publisher":"https:\/\/www.instagram.com\/dutchhealthstore\/","article_modified_time":"2026-03-23T13:29:45+00:00","og_image":[{"width":530,"height":530,"url":"https:\/\/dutchhealthstore.com\/wp-content\/uploads\/2026\/02\/Untitled-design.jpg","type":"image\/jpeg"}],"twitter_card":"summary_large_image","twitter_misc":{"Preis":"&euro;22,00","Verf\u00fcgbarkeit":"Auf Lager"},"schema":{"@context":"https:\/\/schema.org","@graph":[{"@type":"WebPage","@id":"https:\/\/dutchhealthstore.com\/de\/product\/garden-spell-tinted-lip-cheek-creme\/","url":"https:\/\/dutchhealthstore.com\/de\/product\/garden-spell-tinted-lip-cheek-creme\/","name":"Garden Spell Tinted Lip &amp; Cheek Cr\u00e8me - Tidelands House","isPartOf":{"@id":"https:\/\/dutchhealthstore.com\/de\/#website"},"primaryImageOfPage":{"@id":"https:\/\/dutchhealthstore.com\/de\/product\/garden-spell-tinted-lip-cheek-creme\/#primaryimage"},"image":{"@id":"https:\/\/dutchhealthstore.com\/de\/product\/garden-spell-tinted-lip-cheek-creme\/#primaryimage"},"thumbnailUrl":"https:\/\/dutchhealthstore.com\/wp-content\/uploads\/2026\/02\/Untitled-design.jpg","datePublished":"2026-02-23T10:50:14+00:00","dateModified":"2026-03-23T13:29:45+00:00","description":"Sanfter Lippen- und Wangen-Tint in Pfingstrosenrosa mit cremiger, aufbaubarer Formel. Verleiht einen nat\u00fcrlichen Hauch Farbe und einen taufrischen Glow und pflegt die Haut mit floralen Essenzen.","breadcrumb":{"@id":"https:\/\/dutchhealthstore.com\/de\/product\/garden-spell-tinted-lip-cheek-creme\/#breadcrumb"},"inLanguage":"de","potentialAction":[{"@type":"ReadAction","target":["https:\/\/dutchhealthstore.com\/de\/product\/garden-spell-tinted-lip-cheek-creme\/"]}]},{"@type":"ImageObject","inLanguage":"de","@id":"https:\/\/dutchhealthstore.com\/de\/product\/garden-spell-tinted-lip-cheek-creme\/#primaryimage","url":"https:\/\/dutchhealthstore.com\/wp-content\/uploads\/2026\/02\/Untitled-design.jpg","contentUrl":"https:\/\/dutchhealthstore.com\/wp-content\/uploads\/2026\/02\/Untitled-design.jpg","width":530,"height":530,"caption":"tidelands-house-garden-spell-tined-lip-and-cheek-creme"},{"@type":"BreadcrumbList","@id":"https:\/\/dutchhealthstore.com\/de\/product\/garden-spell-tinted-lip-cheek-creme\/#breadcrumb","itemListElement":[{"@type":"ListItem","position":1,"name":"Home","item":"https:\/\/dutchhealthstore.com\/de\/"},{"@type":"ListItem","position":2,"name":"Shop","item":"https:\/\/dutchhealthstore.com\/de\/shop-2\/"},{"@type":"ListItem","position":3,"name":"Garden Spell Tinted Lip &amp; Cheek Cr\u00e8me"}]},{"@type":"WebSite","@id":"https:\/\/dutchhealthstore.com\/de\/#website","url":"https:\/\/dutchhealthstore.com\/de\/","name":"Dutch Health Store","description":"Enhance Your Beauty with Organic &amp; Natural Skincare","publisher":{"@id":"https:\/\/dutchhealthstore.com\/de\/#organization"},"potentialAction":[{"@type":"SearchAction","target":{"@type":"EntryPoint","urlTemplate":"https:\/\/dutchhealthstore.com\/de\/?s={search_term_string}"},"query-input":{"@type":"PropertyValueSpecification","valueRequired":true,"valueName":"search_term_string"}}],"inLanguage":"de"},{"@type":"Organization","@id":"https:\/\/dutchhealthstore.com\/de\/#organization","name":"Dutch Health Store","url":"https:\/\/dutchhealthstore.com\/de\/","logo":{"@type":"ImageObject","inLanguage":"de","@id":"https:\/\/dutchhealthstore.com\/de\/#\/schema\/logo\/image\/","url":"https:\/\/dutchhealthstore.com\/wp-content\/uploads\/2020\/08\/logo-dutchhealthstore-jpg-e1599484957574.jpg","contentUrl":"https:\/\/dutchhealthstore.com\/wp-content\/uploads\/2020\/08\/logo-dutchhealthstore-jpg-e1599484957574.jpg","width":400,"height":62,"caption":"Dutch Health Store"},"image":{"@id":"https:\/\/dutchhealthstore.com\/de\/#\/schema\/logo\/image\/"},"sameAs":["https:\/\/www.instagram.com\/dutchhealthstore\/","https:\/\/www.facebook.com\/dutchhealthstore"]}]},"product_brand":"Tidelands House","product_price_amount":"22.00","product_price_currency":"EUR","og_availability":"instock","product_availability":"instock","product_condition":"new"},"_links":{"self":[{"href":"https:\/\/dutchhealthstore.com\/de\/wp-json\/wp\/v2\/product\/372604","targetHints":{"allow":["GET"]}}],"collection":[{"href":"https:\/\/dutchhealthstore.com\/de\/wp-json\/wp\/v2\/product"}],"about":[{"href":"https:\/\/dutchhealthstore.com\/de\/wp-json\/wp\/v2\/types\/product"}],"replies":[{"embeddable":true,"href":"https:\/\/dutchhealthstore.com\/de\/wp-json\/wp\/v2\/comments?post=372604"}],"wp:featuredmedia":[{"embeddable":true,"href":"https:\/\/dutchhealthstore.com\/de\/wp-json\/wp\/v2\/media\/371740"}],"wp:attachment":[{"href":"https:\/\/dutchhealthstore.com\/de\/wp-json\/wp\/v2\/media?parent=372604"}],"wp:term":[{"taxonomy":"product_brand","embeddable":true,"href":"https:\/\/dutchhealthstore.com\/de\/wp-json\/wp\/v2\/product_brand?post=372604"},{"taxonomy":"product_cat","embeddable":true,"href":"https:\/\/dutchhealthstore.com\/de\/wp-json\/wp\/v2\/product_cat?post=372604"},{"taxonomy":"product_tag","embeddable":true,"href":"https:\/\/dutchhealthstore.com\/de\/wp-json\/wp\/v2\/product_tag?post=372604"}],"curies":[{"name":"wp","href":"https:\/\/api.w.org\/{rel}","templated":true}]}}