{"id":372505,"date":"2026-02-23T11:53:30","date_gmt":"2026-02-23T10:53:30","guid":{"rendered":"https:\/\/dutchhealthstore.com\/product\/rose-de-sang-lip-cheek-creme\/"},"modified":"2026-03-23T14:29:42","modified_gmt":"2026-03-23T13:29:42","slug":"rose-de-sang-lip-cheek-creme","status":"publish","type":"product","link":"https:\/\/dutchhealthstore.com\/de\/product\/rose-de-sang-lip-cheek-creme\/","title":{"rendered":"Rose de Sang Lip &amp; Cheek Cr\u00e8me"},"content":{"rendered":"<p><strong>Der Farbton:<\/strong><\/p>\n<p><em>Eine wahrhaft err\u00f6tende Blutrose, ber\u00fchrt von schwindendem Licht. <\/em><\/p>\n<h3>Philosophy of Flowers<\/h3>\n<p>Geranienferment, Bitterorange und eine Enfleurage aus ger\u00f6stetem Kardamom bilden das aromatische Herz dieser botanischen T\u00f6nung.<\/p>\n<h3>Die Formel<\/h3>\n<p>Rose de Sang, was \u201eBlutrose\u201c bedeutet, f\u00e4ngt das nat\u00fcrliche Err\u00f6ten ein, das bei W\u00e4rme, kalter Luft oder sanfter Ber\u00fchrung auf der Haut entsteht. Sie spiegelt den zarten Karmesinton von wintergek\u00fcssten Wangen und leicht gebissenen Lippen wider \u2013 eine Farbe, inspiriert vom zeitlosen Ritual, die Haut zu kneifen, um ein strahlendes Aufbl\u00fchen zu wecken. <\/p>\n<p>Dieser erdige Rotton wurde entwickelt, um allen Hautt\u00f6nen zu schmeicheln. Er bietet subtile Tiefe und W\u00e4rme, betont sanft die nat\u00fcrliche Lippenfarbe und verleiht eine frische, m\u00fchelose R\u00f6te. Auf den Wangen erzeugt das zarte Ros\u00e9-Perlmutt-Finish einen feinen Glow mit einem Hauch von taufrischer Leuchtkraft.  <\/p>\n<p>Die Textur ist cremig, geschmeidig und leicht. Sie ist aufbaubar und erm\u00f6glicht sowohl eine zarte T\u00f6nung als auch eine intensivere R\u00f6te. Angereichert mit pflegenden Bl\u00fctenessenzen, unterst\u00fctzt die Formel empfindliche Haut und verleiht ein leuchtendes Finish. Die nat\u00fcrlichen Mineralpigmente sorgen f\u00fcr eine strahlende, gesund aussehende Farbe, die sich zeitlos und zugleich modern anf\u00fchlt.   <\/p>\n<p>Dieser vielseitige Farbton ist daf\u00fcr geschaffen, ein t\u00e4glicher Begleiter zu werden.<\/p>\n<h3>Das Ritual<\/h3>\n<p>Nach Belieben mit den Fingerspitzen auf Lippen und Wangen auftragen. \u00dcber den Tag verteilt erneut auftragen, um den Glow aufzufrischen. <\/p>\n<p><em><strong>Alle Inhaltsstoffe sind biologisch, wildgesammelt und nachhaltig, ethisch und regional bezogen. <\/strong><\/em><\/p>\n<p><strong>Gr\u00f6\u00dfe: 15 ml<\/strong><\/p>\n<h2><strong>Nat\u00fcrliche \/ biologische Inhaltsstoffe <\/strong><\/h2>\n<p>Eibischwurzel (<em>Althaea officinalis<\/em>), Zitronenmelisse (<em>Melissa officinalis<\/em>), Holunderbl\u00fcte (<em>Sambucus nigra<\/em>), Kamillentinktur (<em>Matricaria chamomilla<\/em>), bioregionale Sonnenblume (<em>Helianthus annuus<\/em>), Aprikose (<em>Prunus armeniaca<\/em>), schwarzer Rizinus (<em>Ricinus communis<\/em>), Jojoba\u00f6l (<em>Simmondsia chinensis<\/em>), rohes, unraffiniertes lokales Wiesenbienenwachs (<em>Cera alba<\/em>), rohe Sheabutter (<em>Vitellaria paradoxa<\/em>), Lavendelbl\u00fcte (<em>Lavandula angustifolia<\/em>), Ringelblumenbl\u00fcte (<em>Calendula officinalis<\/em>), Geranienferment (<em>Pelargonium spp.<\/em>), Bitterorangentinktur (<em>Citrus aurantium<\/em>), Kardamom-Extrakt (<em>Elettaria cardamomum<\/em>), gereifter Weihrauch (<em>Boswellia sacra<\/em>), Fairtrade-Mineralien (<em>Montmorillonite<\/em>).<\/p>\n\n\t<section class=\"section dark\" id=\"section_455851159\">\n\t\t<div class=\"section-bg fill\" >\n\t\t\t<img fetchpriority=\"high\" decoding=\"async\" width=\"1200\" height=\"604\" src=\"https:\/\/dutchhealthstore.com\/wp-content\/uploads\/2026\/02\/bgux.jpg\" class=\"bg attachment- size-\" alt=\"\" \/>\t\t\t\t\t\t<div class=\"section-bg-overlay absolute fill\"><\/div>\n\t\t\t\n\n\t\t<\/div>\n\n\t\t\n\n\t\t<div class=\"section-content relative\">\n\t\t\t\n\n\t<div id=\"gap-208288054\" class=\"gap-element clearfix\" style=\"display:block; height:auto;\">\n\t\t\n<style>\n#gap-208288054 {\n  padding-top: 15px;\n}\n<\/style>\n\t<\/div>\n\t\n\n<div class=\"container section-title-container\" ><h3 class=\"section-title section-title-normal\"><b><\/b><span class=\"section-title-main\" >\u00dcber Tidelands House<\/span><b><\/b><\/h3><\/div>\n\n<div class=\"row\"  id=\"row-238908309\">\n\n\n\t<div id=\"col-65504681\" class=\"col small-12 large-12\"  >\n\t\t\t\t<div class=\"col-inner\"  >\n\t\t\t\n\t\t\t\n\n<p>Tidelands House ist ein kanadisches Atelier f\u00fcr botanische Hautpflege, das von der Kr\u00e4uterkundlerin Dominique Del Col gegr\u00fcndet wurde. Jede Rezeptur wird in Handarbeit in einem sonnendurchfluteten Destillierraum in einem restaurierten Steinhaus aus dem 19. Jahrhundert hergestellt, wo Kr\u00e4uter von Holzbalken h\u00e4ngen und Botanicals im Rhythmus der Jahreszeiten zubereitet werden.<\/p>\n<p>Wild gesammelte Pflanzen, biodynamischer Anbau und Meeresbotanicals von Kanadas Ostk\u00fcste bilden das Herzst\u00fcck jeder Zubereitung. Die Inhaltsstoffe werden zum Zeitpunkt ihrer h\u00f6chsten Vitalit\u00e4t geerntet und in Kleinstmengen verarbeitet, um Wirksamkeit, Frische und energetische Integrit\u00e4t zu bewahren. <\/p>\n<p>Keine synthetischen Zusatzstoffe. Keine unn\u00f6tigen F\u00fcllstoffe. Nur n\u00e4hrstoffreiche botanische Extrakte, fermentierte Bl\u00fctenessenzen und reine Pflanzen\u00f6le in traditionsbewusstem Milchglas.  <\/p>\n<p>Tidelands House ist langsame, bewusste Hautpflege \u2013 verwurzelt in der Natur, im Ritual und im Respekt vor Tradition sowie moderner botanischer Wissenschaft.<\/p>\n\n\n\t\t<\/div>\n\t\t\t\t\t<\/div>\n\n\t\n\n<\/div>\n\n\t\t<\/div>\n\n\t\t\n<style>\n#section_455851159 {\n  padding-top: 30px;\n  padding-bottom: 30px;\n  background-color: rgb(40, 40, 40);\n}\n#section_455851159 .section-bg-overlay {\n  background-color: rgba(0, 0, 0, 0.477);\n}\n#section_455851159 .section-bg img {\n  object-position: 51% 73%;\n}\n<\/style>\n\t<\/section>\n\t\n","protected":false},"excerpt":{"rendered":"<p>Rose de Sang, was \u201eBlutrose\u201c bedeutet, f\u00e4ngt das nat\u00fcrliche Err\u00f6ten ein, das bei W\u00e4rme, kalter Luft oder sanfter Ber\u00fchrung auf der Haut entsteht.<\/p>\n","protected":false},"featured_media":371725,"comment_status":"open","ping_status":"closed","template":"","meta":[],"product_brand":[],"product_cat":[1154,5898,5929,1032,5980,5901,1041,1210,1910,20907,511,22207,6141],"product_tag":[],"class_list":{"0":"post-372505","1":"product","2":"type-product","3":"status-publish","4":"has-post-thumbnail","6":"product_cat-eyes-de-2","7":"product_cat-eye-lip-care","8":"product_cat-eye-care-de-3","9":"product_cat-kategorien","10":"product_cat-lips-de-3","11":"product_cat-lip-care-de-3","12":"product_cat-make-up-de","13":"product_cat-marken","14":"product_cat-neue-produkte","15":"product_cat-new-additions-skincare-de","16":"product_cat-produkte","17":"product_cat-tidelands-house","18":"product_cat-cheeks-de-2","19":"pa_brand-tidelands-house","20":"pa_gtin-22268","21":"pa_make-up-productype-lips-de","22":"pa_make-up-productype-cheeks-de","23":"pa_size-15-ml-de-2","24":"pa_skincare-type-lips-eye-care-de","26":"first","27":"instock","28":"taxable","29":"shipping-taxable","30":"purchasable","31":"product-type-simple"},"bundled_by":[],"bundle_stock_status":"instock","bundle_stock_quantity":3,"bundle_virtual":false,"bundle_layout":"","bundle_add_to_cart_form_location":"","bundle_editable_in_cart":false,"bundle_sold_individually_context":"","bundle_item_grouping":"","bundle_min_size":"","bundle_max_size":"","bundle_price":[],"bundled_items":[],"bundle_sell_ids":[372604],"atum_controlled":true,"out_stock_date":null,"out_stock_threshold":null,"inheritable":false,"stock_on_hold":0,"sold_today":1,"sales_last_days":2,"out_stock_days":0,"lost_sales":0,"update_date":"2026-04-07T06:56:24","atum_locations":[],"atum_stock_status":"instock","restock_status":true,"low_stock_amount":"","sales_update_date":"2026-04-07T06:56:24","calc_backorders":null,"group_of_quantity":0,"min_quantity":0,"max_quantity":"","exclude_order_quantity_value_rules":"no","exclude_category_quantity_rules":"no","combine_variations":"no","yoast_head":"<!-- This site is optimized with the Yoast SEO Premium plugin v26.5 (Yoast SEO v26.5) - https:\/\/yoast.com\/wordpress\/plugins\/seo\/ -->\n<title>Rose de Sang Lip &amp; Cheek Cr\u00e8me - Tidelands House<\/title>\n<meta name=\"description\" content=\"Rose de Sang, was \u201eBlutrose\u201c bedeutet, f\u00e4ngt das nat\u00fcrliche Err\u00f6ten ein, das bei W\u00e4rme, kalter Luft oder sanfter Ber\u00fchrung auf der Haut entsteht.\" \/>\n<meta name=\"robots\" content=\"index, follow, max-snippet:-1, max-image-preview:large, max-video-preview:-1\" \/>\n<link rel=\"canonical\" href=\"https:\/\/dutchhealthstore.com\/de\/product\/rose-de-sang-lip-cheek-creme\/\" \/>\n<meta property=\"og:locale\" content=\"de_DE\" \/>\n<meta property=\"og:type\" content=\"article\" \/>\n<meta property=\"og:title\" content=\"Rose de Sang Lip &amp; Cheek Cr\u00e8me - Dutch Health Store\" \/>\n<meta property=\"og:description\" content=\"Rose de Sang, was \u201eBlutrose\u201c bedeutet, f\u00e4ngt das nat\u00fcrliche Err\u00f6ten ein, das bei W\u00e4rme, kalter Luft oder sanfter Ber\u00fchrung auf der Haut entsteht.\" \/>\n<meta property=\"og:url\" content=\"https:\/\/dutchhealthstore.com\/de\/product\/rose-de-sang-lip-cheek-creme\/\" \/>\n<meta property=\"og:site_name\" content=\"Dutch Health Store\" \/>\n<meta property=\"article:publisher\" content=\"https:\/\/www.instagram.com\/dutchhealthstore\/\" \/>\n<meta property=\"article:modified_time\" content=\"2026-03-23T13:29:42+00:00\" \/>\n<meta property=\"og:image\" content=\"https:\/\/dutchhealthstore.com\/wp-content\/uploads\/2026\/02\/Untitled-design-2026-02-17T100316.188.jpg\" \/>\n\t<meta property=\"og:image:width\" content=\"530\" \/>\n\t<meta property=\"og:image:height\" content=\"530\" \/>\n\t<meta property=\"og:image:type\" content=\"image\/jpeg\" \/>\n<meta name=\"twitter:card\" content=\"summary_large_image\" \/>\n<meta name=\"twitter:label1\" content=\"Preis\" \/>\n\t<meta name=\"twitter:data1\" content=\"&euro;22,00\" \/>\n\t<meta name=\"twitter:label2\" content=\"Verf\u00fcgbarkeit\" \/>\n\t<meta name=\"twitter:data2\" content=\"Auf Lager\" \/>\n<script type=\"application\/ld+json\" class=\"yoast-schema-graph\">{\"@context\":\"https:\/\/schema.org\",\"@graph\":[{\"@type\":\"WebPage\",\"@id\":\"https:\/\/dutchhealthstore.com\/de\/product\/rose-de-sang-lip-cheek-creme\/\",\"url\":\"https:\/\/dutchhealthstore.com\/de\/product\/rose-de-sang-lip-cheek-creme\/\",\"name\":\"Rose de Sang Lip &amp; Cheek Cr\u00e8me - Tidelands House\",\"isPartOf\":{\"@id\":\"https:\/\/dutchhealthstore.com\/de\/#website\"},\"primaryImageOfPage\":{\"@id\":\"https:\/\/dutchhealthstore.com\/de\/product\/rose-de-sang-lip-cheek-creme\/#primaryimage\"},\"image\":{\"@id\":\"https:\/\/dutchhealthstore.com\/de\/product\/rose-de-sang-lip-cheek-creme\/#primaryimage\"},\"thumbnailUrl\":\"https:\/\/dutchhealthstore.com\/wp-content\/uploads\/2026\/02\/Untitled-design-2026-02-17T100316.188.jpg\",\"datePublished\":\"2026-02-23T10:53:30+00:00\",\"dateModified\":\"2026-03-23T13:29:42+00:00\",\"description\":\"Rose de Sang, was \u201eBlutrose\u201c bedeutet, f\u00e4ngt das nat\u00fcrliche Err\u00f6ten ein, das bei W\u00e4rme, kalter Luft oder sanfter Ber\u00fchrung auf der Haut entsteht.\",\"breadcrumb\":{\"@id\":\"https:\/\/dutchhealthstore.com\/de\/product\/rose-de-sang-lip-cheek-creme\/#breadcrumb\"},\"inLanguage\":\"de\",\"potentialAction\":[{\"@type\":\"ReadAction\",\"target\":[\"https:\/\/dutchhealthstore.com\/de\/product\/rose-de-sang-lip-cheek-creme\/\"]}]},{\"@type\":\"ImageObject\",\"inLanguage\":\"de\",\"@id\":\"https:\/\/dutchhealthstore.com\/de\/product\/rose-de-sang-lip-cheek-creme\/#primaryimage\",\"url\":\"https:\/\/dutchhealthstore.com\/wp-content\/uploads\/2026\/02\/Untitled-design-2026-02-17T100316.188.jpg\",\"contentUrl\":\"https:\/\/dutchhealthstore.com\/wp-content\/uploads\/2026\/02\/Untitled-design-2026-02-17T100316.188.jpg\",\"width\":530,\"height\":530,\"caption\":\"tidelands-house-rose-de-sang-lip-creme\"},{\"@type\":\"BreadcrumbList\",\"@id\":\"https:\/\/dutchhealthstore.com\/de\/product\/rose-de-sang-lip-cheek-creme\/#breadcrumb\",\"itemListElement\":[{\"@type\":\"ListItem\",\"position\":1,\"name\":\"Home\",\"item\":\"https:\/\/dutchhealthstore.com\/de\/\"},{\"@type\":\"ListItem\",\"position\":2,\"name\":\"Shop\",\"item\":\"https:\/\/dutchhealthstore.com\/de\/shop-2\/\"},{\"@type\":\"ListItem\",\"position\":3,\"name\":\"Rose de Sang Lip &amp; Cheek Cr\u00e8me\"}]},{\"@type\":\"WebSite\",\"@id\":\"https:\/\/dutchhealthstore.com\/de\/#website\",\"url\":\"https:\/\/dutchhealthstore.com\/de\/\",\"name\":\"Dutch Health Store\",\"description\":\"Enhance Your Beauty with Organic &amp; Natural Skincare\",\"publisher\":{\"@id\":\"https:\/\/dutchhealthstore.com\/de\/#organization\"},\"potentialAction\":[{\"@type\":\"SearchAction\",\"target\":{\"@type\":\"EntryPoint\",\"urlTemplate\":\"https:\/\/dutchhealthstore.com\/de\/?s={search_term_string}\"},\"query-input\":{\"@type\":\"PropertyValueSpecification\",\"valueRequired\":true,\"valueName\":\"search_term_string\"}}],\"inLanguage\":\"de\"},{\"@type\":\"Organization\",\"@id\":\"https:\/\/dutchhealthstore.com\/de\/#organization\",\"name\":\"Dutch Health Store\",\"url\":\"https:\/\/dutchhealthstore.com\/de\/\",\"logo\":{\"@type\":\"ImageObject\",\"inLanguage\":\"de\",\"@id\":\"https:\/\/dutchhealthstore.com\/de\/#\/schema\/logo\/image\/\",\"url\":\"https:\/\/dutchhealthstore.com\/wp-content\/uploads\/2020\/08\/logo-dutchhealthstore-jpg-e1599484957574.jpg\",\"contentUrl\":\"https:\/\/dutchhealthstore.com\/wp-content\/uploads\/2020\/08\/logo-dutchhealthstore-jpg-e1599484957574.jpg\",\"width\":400,\"height\":62,\"caption\":\"Dutch Health Store\"},\"image\":{\"@id\":\"https:\/\/dutchhealthstore.com\/de\/#\/schema\/logo\/image\/\"},\"sameAs\":[\"https:\/\/www.instagram.com\/dutchhealthstore\/\",\"https:\/\/www.facebook.com\/dutchhealthstore\"]}]}<\/script>\n<meta property=\"product:brand\" content=\"Tidelands House\" \/>\n<meta property=\"product:price:amount\" content=\"22.00\" \/>\n<meta property=\"product:price:currency\" content=\"EUR\" \/>\n<meta property=\"og:availability\" content=\"instock\" \/>\n<meta property=\"product:availability\" content=\"instock\" \/>\n<meta property=\"product:condition\" content=\"new\" \/>\n<!-- \/ Yoast SEO Premium plugin. -->","yoast_head_json":{"title":"Rose de Sang Lip &amp; Cheek Cr\u00e8me - Tidelands House","description":"Rose de Sang, was \u201eBlutrose\u201c bedeutet, f\u00e4ngt das nat\u00fcrliche Err\u00f6ten ein, das bei W\u00e4rme, kalter Luft oder sanfter Ber\u00fchrung auf der Haut entsteht.","robots":{"index":"index","follow":"follow","max-snippet":"max-snippet:-1","max-image-preview":"max-image-preview:large","max-video-preview":"max-video-preview:-1"},"canonical":"https:\/\/dutchhealthstore.com\/de\/product\/rose-de-sang-lip-cheek-creme\/","og_locale":"de_DE","og_type":"article","og_title":"Rose de Sang Lip &amp; Cheek Cr\u00e8me - Dutch Health Store","og_description":"Rose de Sang, was \u201eBlutrose\u201c bedeutet, f\u00e4ngt das nat\u00fcrliche Err\u00f6ten ein, das bei W\u00e4rme, kalter Luft oder sanfter Ber\u00fchrung auf der Haut entsteht.","og_url":"https:\/\/dutchhealthstore.com\/de\/product\/rose-de-sang-lip-cheek-creme\/","og_site_name":"Dutch Health Store","article_publisher":"https:\/\/www.instagram.com\/dutchhealthstore\/","article_modified_time":"2026-03-23T13:29:42+00:00","og_image":[{"width":530,"height":530,"url":"https:\/\/dutchhealthstore.com\/wp-content\/uploads\/2026\/02\/Untitled-design-2026-02-17T100316.188.jpg","type":"image\/jpeg"}],"twitter_card":"summary_large_image","twitter_misc":{"Preis":"&euro;22,00","Verf\u00fcgbarkeit":"Auf Lager"},"schema":{"@context":"https:\/\/schema.org","@graph":[{"@type":"WebPage","@id":"https:\/\/dutchhealthstore.com\/de\/product\/rose-de-sang-lip-cheek-creme\/","url":"https:\/\/dutchhealthstore.com\/de\/product\/rose-de-sang-lip-cheek-creme\/","name":"Rose de Sang Lip &amp; Cheek Cr\u00e8me - Tidelands House","isPartOf":{"@id":"https:\/\/dutchhealthstore.com\/de\/#website"},"primaryImageOfPage":{"@id":"https:\/\/dutchhealthstore.com\/de\/product\/rose-de-sang-lip-cheek-creme\/#primaryimage"},"image":{"@id":"https:\/\/dutchhealthstore.com\/de\/product\/rose-de-sang-lip-cheek-creme\/#primaryimage"},"thumbnailUrl":"https:\/\/dutchhealthstore.com\/wp-content\/uploads\/2026\/02\/Untitled-design-2026-02-17T100316.188.jpg","datePublished":"2026-02-23T10:53:30+00:00","dateModified":"2026-03-23T13:29:42+00:00","description":"Rose de Sang, was \u201eBlutrose\u201c bedeutet, f\u00e4ngt das nat\u00fcrliche Err\u00f6ten ein, das bei W\u00e4rme, kalter Luft oder sanfter Ber\u00fchrung auf der Haut entsteht.","breadcrumb":{"@id":"https:\/\/dutchhealthstore.com\/de\/product\/rose-de-sang-lip-cheek-creme\/#breadcrumb"},"inLanguage":"de","potentialAction":[{"@type":"ReadAction","target":["https:\/\/dutchhealthstore.com\/de\/product\/rose-de-sang-lip-cheek-creme\/"]}]},{"@type":"ImageObject","inLanguage":"de","@id":"https:\/\/dutchhealthstore.com\/de\/product\/rose-de-sang-lip-cheek-creme\/#primaryimage","url":"https:\/\/dutchhealthstore.com\/wp-content\/uploads\/2026\/02\/Untitled-design-2026-02-17T100316.188.jpg","contentUrl":"https:\/\/dutchhealthstore.com\/wp-content\/uploads\/2026\/02\/Untitled-design-2026-02-17T100316.188.jpg","width":530,"height":530,"caption":"tidelands-house-rose-de-sang-lip-creme"},{"@type":"BreadcrumbList","@id":"https:\/\/dutchhealthstore.com\/de\/product\/rose-de-sang-lip-cheek-creme\/#breadcrumb","itemListElement":[{"@type":"ListItem","position":1,"name":"Home","item":"https:\/\/dutchhealthstore.com\/de\/"},{"@type":"ListItem","position":2,"name":"Shop","item":"https:\/\/dutchhealthstore.com\/de\/shop-2\/"},{"@type":"ListItem","position":3,"name":"Rose de Sang Lip &amp; Cheek Cr\u00e8me"}]},{"@type":"WebSite","@id":"https:\/\/dutchhealthstore.com\/de\/#website","url":"https:\/\/dutchhealthstore.com\/de\/","name":"Dutch Health Store","description":"Enhance Your Beauty with Organic &amp; Natural Skincare","publisher":{"@id":"https:\/\/dutchhealthstore.com\/de\/#organization"},"potentialAction":[{"@type":"SearchAction","target":{"@type":"EntryPoint","urlTemplate":"https:\/\/dutchhealthstore.com\/de\/?s={search_term_string}"},"query-input":{"@type":"PropertyValueSpecification","valueRequired":true,"valueName":"search_term_string"}}],"inLanguage":"de"},{"@type":"Organization","@id":"https:\/\/dutchhealthstore.com\/de\/#organization","name":"Dutch Health Store","url":"https:\/\/dutchhealthstore.com\/de\/","logo":{"@type":"ImageObject","inLanguage":"de","@id":"https:\/\/dutchhealthstore.com\/de\/#\/schema\/logo\/image\/","url":"https:\/\/dutchhealthstore.com\/wp-content\/uploads\/2020\/08\/logo-dutchhealthstore-jpg-e1599484957574.jpg","contentUrl":"https:\/\/dutchhealthstore.com\/wp-content\/uploads\/2020\/08\/logo-dutchhealthstore-jpg-e1599484957574.jpg","width":400,"height":62,"caption":"Dutch Health Store"},"image":{"@id":"https:\/\/dutchhealthstore.com\/de\/#\/schema\/logo\/image\/"},"sameAs":["https:\/\/www.instagram.com\/dutchhealthstore\/","https:\/\/www.facebook.com\/dutchhealthstore"]}]},"product_brand":"Tidelands House","product_price_amount":"22.00","product_price_currency":"EUR","og_availability":"instock","product_availability":"instock","product_condition":"new"},"_links":{"self":[{"href":"https:\/\/dutchhealthstore.com\/de\/wp-json\/wp\/v2\/product\/372505","targetHints":{"allow":["GET"]}}],"collection":[{"href":"https:\/\/dutchhealthstore.com\/de\/wp-json\/wp\/v2\/product"}],"about":[{"href":"https:\/\/dutchhealthstore.com\/de\/wp-json\/wp\/v2\/types\/product"}],"replies":[{"embeddable":true,"href":"https:\/\/dutchhealthstore.com\/de\/wp-json\/wp\/v2\/comments?post=372505"}],"wp:featuredmedia":[{"embeddable":true,"href":"https:\/\/dutchhealthstore.com\/de\/wp-json\/wp\/v2\/media\/371725"}],"wp:attachment":[{"href":"https:\/\/dutchhealthstore.com\/de\/wp-json\/wp\/v2\/media?parent=372505"}],"wp:term":[{"taxonomy":"product_brand","embeddable":true,"href":"https:\/\/dutchhealthstore.com\/de\/wp-json\/wp\/v2\/product_brand?post=372505"},{"taxonomy":"product_cat","embeddable":true,"href":"https:\/\/dutchhealthstore.com\/de\/wp-json\/wp\/v2\/product_cat?post=372505"},{"taxonomy":"product_tag","embeddable":true,"href":"https:\/\/dutchhealthstore.com\/de\/wp-json\/wp\/v2\/product_tag?post=372505"}],"curies":[{"name":"wp","href":"https:\/\/api.w.org\/{rel}","templated":true}]}}