{"id":372500,"date":"2026-02-23T11:55:32","date_gmt":"2026-02-23T10:55:32","guid":{"rendered":"https:\/\/dutchhealthstore.com\/product\/tea-rose-wild-mint-lip-creme\/"},"modified":"2026-03-23T14:29:40","modified_gmt":"2026-03-23T13:29:40","slug":"tea-rose-wild-mint-lip-creme","status":"publish","type":"product","link":"https:\/\/dutchhealthstore.com\/de\/product\/tea-rose-wild-mint-lip-creme\/","title":{"rendered":"Tea Rose &amp; Wild Mint Lip Cr\u00e8me"},"content":{"rendered":"<p>Die Formel ist reichhaltig und intensiv r\u00fcckfettend, dabei glatt und transparent auf den Lippen. Sie schenkt wohltuende Pflege f\u00fcr jede Jahreszeit, hilft Trockenheit zu beruhigen und sch\u00fctzt empfindliche Haut. Tragen Sie sie auf die Lippen oder auf rissige Stellen auf, wann immer zus\u00e4tzliche Pflege ben\u00f6tigt wird.  <\/p>\n<h3>Philosophy of Flowers<\/h3>\n<p>Historische Rose, wilder Holunderbl\u00fcten, frische Minze und Eibischwurzel bilden das botanische Herz dieser n\u00e4hrenden Lippencr\u00e8me.<\/p>\n<h3>Aktive Botanicals<\/h3>\n<p><em>Wilde Teerose<\/em><\/p>\n<p>Rose ist f\u00fcr ihre antioxidativen Eigenschaften bekannt, die helfen, Hautzellen zu st\u00e4rken und die nat\u00fcrliche Regeneration zu unterst\u00fctzen. Sie tonisiert, n\u00e4hrt und bietet einen sanften antibakteriellen Schutz, w\u00e4hrend sie die Lippen weich und geschmeidig h\u00e4lt. <\/p>\n<p><em>Eibischwurzel<\/em><\/p>\n<p>Ein nat\u00fcrlicher Feuchtigkeitsspender, der Feuchtigkeit in die Haut zieht und so die Hydration verbessert. Reich an Flavonoiden mit beruhigenden, entz\u00fcndungshemmenden Vorteilen hilft es, vor UV-Strahlung und Stress durch freie Radikale zu sch\u00fctzen. <\/p>\n<p><em>Fermentierte Holunderbl\u00fcte<\/em><\/p>\n<p>Holunderbl\u00fcte ist reich an Antioxidantien, die helfen, vor Sonnen- und Umweltsch\u00e4den zu sch\u00fctzen. Sie unterst\u00fctzt eine gesunde Durchblutung und versorgt die Haut mit den Vitaminen A, B, C und E. Sanfte Fermentation intensiviert ihr Aroma und bietet wertvolle probiotische Unterst\u00fctzung.  <\/p>\n<p><em>Cremige rohe Mandel<\/em><\/p>\n<p>Ein r\u00fcckfettendes \u00d6l, ideal f\u00fcr trockene oder reife Haut. Reich an den Vitaminen E und K unterst\u00fctzt es die Zellerneuerung, verbessert die Elastizit\u00e4t und bietet leichten Schutz vor Umweltstress. <\/p>\n<p><em>Frische Gartenminze<\/em><\/p>\n<p>Vollgepackt mit N\u00e4hrstoffen wie Kalium, Magnesium, Calcium, Eisen sowie den Vitaminen A und C. Nat\u00fcrlich beruhigend und erfrischend hilft Minze, die empfindliche Lippenhaut zu bes\u00e4nftigen und zu revitalisieren.<\/p>\n<p><em><strong>Alle Inhaltsstoffe sind biologisch, wildgesammelt und nachhaltig, ethisch und regional bezogen. <\/strong><\/em><\/p>\n<p><strong>Gr\u00f6\u00dfe: 15 ml<\/strong><\/p>\n<h2><strong>Nat\u00fcrliche \/ biologische Inhaltsstoffe <\/strong><\/h2>\n<p>Hauseigene Ganzpflanzen-Extraktionen und Essenzen aus historischer Teerose (<em>Rosa x odorata<\/em>), Zimttinktur (<em>Cinnamomum verum<\/em>), frischer wilder Minze (<em>Mentha spp.<\/em>), Rosen-Absolue (<em>Rosa damascena<\/em>), bioregionaler Sonnenblume (<em>Helianthus annuus<\/em>), roher Mandel (<em>Prunus dulcis<\/em>), schwarzem Rizinussamen (<em>Ricinus communis<\/em>), Jojoba\u00f6l (<em>Simmondsia chinensis<\/em>), rohem, unraffiniertem lokalem Wiesenbienenwachs (<em>Apis mellifera<\/em>), roher Sheabutter (<em>Vitellaria paradoxa<\/em>), Lavendelbl\u00fcte (<em>Lavandula angustifolia<\/em>), Ringelblumenbl\u00fcte (<em>Calendula officinalis<\/em>), Spitzwegerichblatt (<em>Plantago major<\/em>), Eibischwurzel (<em>Althaea officinalis<\/em>), Zitronenmelisse (<em>Melissa officinalis<\/em>), Holunderbl\u00fcte (<em>Sambucus nigra<\/em>).<\/p>\n\n\t<section class=\"section dark\" id=\"section_1487637634\">\n\t\t<div class=\"section-bg fill\" >\n\t\t\t<img fetchpriority=\"high\" decoding=\"async\" width=\"1200\" height=\"604\" src=\"https:\/\/dutchhealthstore.com\/wp-content\/uploads\/2026\/02\/bgux.jpg\" class=\"bg attachment- size-\" alt=\"\" \/>\t\t\t\t\t\t<div class=\"section-bg-overlay absolute fill\"><\/div>\n\t\t\t\n\n\t\t<\/div>\n\n\t\t\n\n\t\t<div class=\"section-content relative\">\n\t\t\t\n\n\t<div id=\"gap-1076134178\" class=\"gap-element clearfix\" style=\"display:block; height:auto;\">\n\t\t\n<style>\n#gap-1076134178 {\n  padding-top: 15px;\n}\n<\/style>\n\t<\/div>\n\t\n\n<div class=\"container section-title-container\" ><h3 class=\"section-title section-title-normal\"><b><\/b><span class=\"section-title-main\" >\u00dcber Tidelands House<\/span><b><\/b><\/h3><\/div>\n\n<div class=\"row\"  id=\"row-985761763\">\n\n\n\t<div id=\"col-1523825147\" class=\"col small-12 large-12\"  >\n\t\t\t\t<div class=\"col-inner\"  >\n\t\t\t\n\t\t\t\n\n<p>Tidelands House ist ein kanadisches Atelier f\u00fcr botanische Hautpflege, das von der Kr\u00e4uterkundlerin Dominique Del Col gegr\u00fcndet wurde. Jede Rezeptur wird in Handarbeit in einem sonnendurchfluteten Destillierraum in einem restaurierten Steinhaus aus dem 19. Jahrhundert hergestellt, wo Kr\u00e4uter von Holzbalken h\u00e4ngen und Botanicals im Rhythmus der Jahreszeiten zubereitet werden.<\/p>\n<p>Wild gesammelte Pflanzen, biodynamischer Anbau und Meeresbotanicals von Kanadas Ostk\u00fcste bilden das Herzst\u00fcck jeder Zubereitung. Die Inhaltsstoffe werden zum Zeitpunkt ihrer h\u00f6chsten Vitalit\u00e4t geerntet und in Kleinstmengen verarbeitet, um Wirksamkeit, Frische und energetische Integrit\u00e4t zu bewahren. <\/p>\n<p>Keine synthetischen Zusatzstoffe. Keine unn\u00f6tigen F\u00fcllstoffe. Nur n\u00e4hrstoffreiche botanische Extrakte, fermentierte Bl\u00fctenessenzen und reine Pflanzen\u00f6le in traditionsbewusstem Milchglas.  <\/p>\n<p>Tidelands House ist langsame, bewusste Hautpflege \u2013 verwurzelt in der Natur, im Ritual und im Respekt vor Tradition sowie moderner botanischer Wissenschaft.<\/p>\n\n\n\t\t<\/div>\n\t\t\t\t\t<\/div>\n\n\t\n\n<\/div>\n\n\t\t<\/div>\n\n\t\t\n<style>\n#section_1487637634 {\n  padding-top: 30px;\n  padding-bottom: 30px;\n  background-color: rgb(40, 40, 40);\n}\n#section_1487637634 .section-bg-overlay {\n  background-color: rgba(0, 0, 0, 0.477);\n}\n#section_1487637634 .section-bg img {\n  object-position: 51% 73%;\n}\n<\/style>\n\t<\/section>\n\t\n","protected":false},"excerpt":{"rendered":"<p>Teerose &amp; Wilde Minze Lippencr\u00e8me ist eine zarte, cremige Lippenpflege, angereichert mit historischen Rosensorten und sorgf\u00e4ltig gesammelten Wildkr\u00e4utern.<\/p>\n","protected":false},"featured_media":371714,"comment_status":"open","ping_status":"closed","template":"","meta":[],"product_brand":[],"product_cat":[5898,1032,5980,5901,1041,1210,1910,20907,511,22207],"product_tag":[],"class_list":{"0":"post-372500","1":"product","2":"type-product","3":"status-publish","4":"has-post-thumbnail","6":"product_cat-eye-lip-care","7":"product_cat-kategorien","8":"product_cat-lips-de-3","9":"product_cat-lip-care-de-3","10":"product_cat-make-up-de","11":"product_cat-marken","12":"product_cat-neue-produkte","13":"product_cat-new-additions-skincare-de","14":"product_cat-produkte","15":"product_cat-tidelands-house","16":"pa_brand-tidelands-house","17":"pa_gtin-22265","18":"pa_size-15-ml-de-2","19":"pa_skincare-type-lips-eye-care-de","21":"first","22":"instock","23":"taxable","24":"shipping-taxable","25":"purchasable","26":"product-type-simple"},"bundled_by":[],"bundle_stock_status":"instock","bundle_stock_quantity":5,"bundle_virtual":false,"bundle_layout":"","bundle_add_to_cart_form_location":"","bundle_editable_in_cart":false,"bundle_sold_individually_context":"","bundle_item_grouping":"","bundle_min_size":"","bundle_max_size":"","bundle_price":[],"bundled_items":[],"bundle_sell_ids":[372604],"atum_controlled":true,"out_stock_date":null,"out_stock_threshold":null,"inheritable":false,"stock_on_hold":1,"sold_today":0,"sales_last_days":3,"out_stock_days":1,"lost_sales":8,"update_date":"2026-04-07T06:56:24","atum_locations":[],"atum_stock_status":"instock","restock_status":false,"low_stock_amount":"","sales_update_date":"2026-04-07T06:56:24","calc_backorders":null,"group_of_quantity":0,"min_quantity":0,"max_quantity":"","exclude_order_quantity_value_rules":"no","exclude_category_quantity_rules":"no","combine_variations":"no","yoast_head":"<!-- This site is optimized with the Yoast SEO Premium plugin v26.5 (Yoast SEO v26.5) - https:\/\/yoast.com\/wordpress\/plugins\/seo\/ -->\n<title>Tea Rose &amp; Wild Mint Lip Cr\u00e8me - Tidelands House<\/title>\n<meta name=\"description\" content=\"Teerose &amp; Wilde Minze Lippencr\u00e8me ist eine zarte, cremige Lippenpflege, angereichert mit historischen Rosensorten und sorgf\u00e4ltig gesammelten Wildkr\u00e4utern.\" \/>\n<meta name=\"robots\" content=\"index, follow, max-snippet:-1, max-image-preview:large, max-video-preview:-1\" \/>\n<link rel=\"canonical\" href=\"https:\/\/dutchhealthstore.com\/de\/product\/tea-rose-wild-mint-lip-creme\/\" \/>\n<meta property=\"og:locale\" content=\"de_DE\" \/>\n<meta property=\"og:type\" content=\"article\" \/>\n<meta property=\"og:title\" content=\"Tea Rose &amp; Wild Mint Lip Cr\u00e8me - Dutch Health Store\" \/>\n<meta property=\"og:description\" content=\"Teerose &amp; Wilde Minze Lippencr\u00e8me ist eine zarte, cremige Lippenpflege, angereichert mit historischen Rosensorten und sorgf\u00e4ltig gesammelten Wildkr\u00e4utern.\" \/>\n<meta property=\"og:url\" content=\"https:\/\/dutchhealthstore.com\/de\/product\/tea-rose-wild-mint-lip-creme\/\" \/>\n<meta property=\"og:site_name\" content=\"Dutch Health Store\" \/>\n<meta property=\"article:publisher\" content=\"https:\/\/www.instagram.com\/dutchhealthstore\/\" \/>\n<meta property=\"article:modified_time\" content=\"2026-03-23T13:29:40+00:00\" \/>\n<meta property=\"og:image\" content=\"https:\/\/dutchhealthstore.com\/wp-content\/uploads\/2026\/02\/Untitled-design-2026-02-17T093347.730.jpg\" \/>\n\t<meta property=\"og:image:width\" content=\"530\" \/>\n\t<meta property=\"og:image:height\" content=\"530\" \/>\n\t<meta property=\"og:image:type\" content=\"image\/jpeg\" \/>\n<meta name=\"twitter:card\" content=\"summary_large_image\" \/>\n<meta name=\"twitter:label1\" content=\"Preis\" \/>\n\t<meta name=\"twitter:data1\" content=\"&euro;20,00\" \/>\n\t<meta name=\"twitter:label2\" content=\"Verf\u00fcgbarkeit\" \/>\n\t<meta name=\"twitter:data2\" content=\"Auf Lager\" \/>\n<script type=\"application\/ld+json\" class=\"yoast-schema-graph\">{\"@context\":\"https:\/\/schema.org\",\"@graph\":[{\"@type\":\"WebPage\",\"@id\":\"https:\/\/dutchhealthstore.com\/de\/product\/tea-rose-wild-mint-lip-creme\/\",\"url\":\"https:\/\/dutchhealthstore.com\/de\/product\/tea-rose-wild-mint-lip-creme\/\",\"name\":\"Tea Rose &amp; Wild Mint Lip Cr\u00e8me - Tidelands House\",\"isPartOf\":{\"@id\":\"https:\/\/dutchhealthstore.com\/de\/#website\"},\"primaryImageOfPage\":{\"@id\":\"https:\/\/dutchhealthstore.com\/de\/product\/tea-rose-wild-mint-lip-creme\/#primaryimage\"},\"image\":{\"@id\":\"https:\/\/dutchhealthstore.com\/de\/product\/tea-rose-wild-mint-lip-creme\/#primaryimage\"},\"thumbnailUrl\":\"https:\/\/dutchhealthstore.com\/wp-content\/uploads\/2026\/02\/Untitled-design-2026-02-17T093347.730.jpg\",\"datePublished\":\"2026-02-23T10:55:32+00:00\",\"dateModified\":\"2026-03-23T13:29:40+00:00\",\"description\":\"Teerose & Wilde Minze Lippencr\u00e8me ist eine zarte, cremige Lippenpflege, angereichert mit historischen Rosensorten und sorgf\u00e4ltig gesammelten Wildkr\u00e4utern.\",\"breadcrumb\":{\"@id\":\"https:\/\/dutchhealthstore.com\/de\/product\/tea-rose-wild-mint-lip-creme\/#breadcrumb\"},\"inLanguage\":\"de\",\"potentialAction\":[{\"@type\":\"ReadAction\",\"target\":[\"https:\/\/dutchhealthstore.com\/de\/product\/tea-rose-wild-mint-lip-creme\/\"]}]},{\"@type\":\"ImageObject\",\"inLanguage\":\"de\",\"@id\":\"https:\/\/dutchhealthstore.com\/de\/product\/tea-rose-wild-mint-lip-creme\/#primaryimage\",\"url\":\"https:\/\/dutchhealthstore.com\/wp-content\/uploads\/2026\/02\/Untitled-design-2026-02-17T093347.730.jpg\",\"contentUrl\":\"https:\/\/dutchhealthstore.com\/wp-content\/uploads\/2026\/02\/Untitled-design-2026-02-17T093347.730.jpg\",\"width\":530,\"height\":530,\"caption\":\"tidelands-house-tea-rose-lip-creme\"},{\"@type\":\"BreadcrumbList\",\"@id\":\"https:\/\/dutchhealthstore.com\/de\/product\/tea-rose-wild-mint-lip-creme\/#breadcrumb\",\"itemListElement\":[{\"@type\":\"ListItem\",\"position\":1,\"name\":\"Home\",\"item\":\"https:\/\/dutchhealthstore.com\/de\/\"},{\"@type\":\"ListItem\",\"position\":2,\"name\":\"Shop\",\"item\":\"https:\/\/dutchhealthstore.com\/de\/shop-2\/\"},{\"@type\":\"ListItem\",\"position\":3,\"name\":\"Tea Rose &amp; Wild Mint Lip Cr\u00e8me\"}]},{\"@type\":\"WebSite\",\"@id\":\"https:\/\/dutchhealthstore.com\/de\/#website\",\"url\":\"https:\/\/dutchhealthstore.com\/de\/\",\"name\":\"Dutch Health Store\",\"description\":\"Enhance Your Beauty with Organic &amp; Natural Skincare\",\"publisher\":{\"@id\":\"https:\/\/dutchhealthstore.com\/de\/#organization\"},\"potentialAction\":[{\"@type\":\"SearchAction\",\"target\":{\"@type\":\"EntryPoint\",\"urlTemplate\":\"https:\/\/dutchhealthstore.com\/de\/?s={search_term_string}\"},\"query-input\":{\"@type\":\"PropertyValueSpecification\",\"valueRequired\":true,\"valueName\":\"search_term_string\"}}],\"inLanguage\":\"de\"},{\"@type\":\"Organization\",\"@id\":\"https:\/\/dutchhealthstore.com\/de\/#organization\",\"name\":\"Dutch Health Store\",\"url\":\"https:\/\/dutchhealthstore.com\/de\/\",\"logo\":{\"@type\":\"ImageObject\",\"inLanguage\":\"de\",\"@id\":\"https:\/\/dutchhealthstore.com\/de\/#\/schema\/logo\/image\/\",\"url\":\"https:\/\/dutchhealthstore.com\/wp-content\/uploads\/2020\/08\/logo-dutchhealthstore-jpg-e1599484957574.jpg\",\"contentUrl\":\"https:\/\/dutchhealthstore.com\/wp-content\/uploads\/2020\/08\/logo-dutchhealthstore-jpg-e1599484957574.jpg\",\"width\":400,\"height\":62,\"caption\":\"Dutch Health Store\"},\"image\":{\"@id\":\"https:\/\/dutchhealthstore.com\/de\/#\/schema\/logo\/image\/\"},\"sameAs\":[\"https:\/\/www.instagram.com\/dutchhealthstore\/\",\"https:\/\/www.facebook.com\/dutchhealthstore\"]}]}<\/script>\n<meta property=\"product:brand\" content=\"Tidelands House\" \/>\n<meta property=\"product:price:amount\" content=\"20.00\" \/>\n<meta property=\"product:price:currency\" content=\"EUR\" \/>\n<meta property=\"og:availability\" content=\"instock\" \/>\n<meta property=\"product:availability\" content=\"instock\" \/>\n<meta property=\"product:condition\" content=\"new\" \/>\n<!-- \/ Yoast SEO Premium plugin. -->","yoast_head_json":{"title":"Tea Rose &amp; Wild Mint Lip Cr\u00e8me - Tidelands House","description":"Teerose & Wilde Minze Lippencr\u00e8me ist eine zarte, cremige Lippenpflege, angereichert mit historischen Rosensorten und sorgf\u00e4ltig gesammelten Wildkr\u00e4utern.","robots":{"index":"index","follow":"follow","max-snippet":"max-snippet:-1","max-image-preview":"max-image-preview:large","max-video-preview":"max-video-preview:-1"},"canonical":"https:\/\/dutchhealthstore.com\/de\/product\/tea-rose-wild-mint-lip-creme\/","og_locale":"de_DE","og_type":"article","og_title":"Tea Rose &amp; Wild Mint Lip Cr\u00e8me - Dutch Health Store","og_description":"Teerose & Wilde Minze Lippencr\u00e8me ist eine zarte, cremige Lippenpflege, angereichert mit historischen Rosensorten und sorgf\u00e4ltig gesammelten Wildkr\u00e4utern.","og_url":"https:\/\/dutchhealthstore.com\/de\/product\/tea-rose-wild-mint-lip-creme\/","og_site_name":"Dutch Health Store","article_publisher":"https:\/\/www.instagram.com\/dutchhealthstore\/","article_modified_time":"2026-03-23T13:29:40+00:00","og_image":[{"width":530,"height":530,"url":"https:\/\/dutchhealthstore.com\/wp-content\/uploads\/2026\/02\/Untitled-design-2026-02-17T093347.730.jpg","type":"image\/jpeg"}],"twitter_card":"summary_large_image","twitter_misc":{"Preis":"&euro;20,00","Verf\u00fcgbarkeit":"Auf Lager"},"schema":{"@context":"https:\/\/schema.org","@graph":[{"@type":"WebPage","@id":"https:\/\/dutchhealthstore.com\/de\/product\/tea-rose-wild-mint-lip-creme\/","url":"https:\/\/dutchhealthstore.com\/de\/product\/tea-rose-wild-mint-lip-creme\/","name":"Tea Rose &amp; Wild Mint Lip Cr\u00e8me - Tidelands House","isPartOf":{"@id":"https:\/\/dutchhealthstore.com\/de\/#website"},"primaryImageOfPage":{"@id":"https:\/\/dutchhealthstore.com\/de\/product\/tea-rose-wild-mint-lip-creme\/#primaryimage"},"image":{"@id":"https:\/\/dutchhealthstore.com\/de\/product\/tea-rose-wild-mint-lip-creme\/#primaryimage"},"thumbnailUrl":"https:\/\/dutchhealthstore.com\/wp-content\/uploads\/2026\/02\/Untitled-design-2026-02-17T093347.730.jpg","datePublished":"2026-02-23T10:55:32+00:00","dateModified":"2026-03-23T13:29:40+00:00","description":"Teerose & Wilde Minze Lippencr\u00e8me ist eine zarte, cremige Lippenpflege, angereichert mit historischen Rosensorten und sorgf\u00e4ltig gesammelten Wildkr\u00e4utern.","breadcrumb":{"@id":"https:\/\/dutchhealthstore.com\/de\/product\/tea-rose-wild-mint-lip-creme\/#breadcrumb"},"inLanguage":"de","potentialAction":[{"@type":"ReadAction","target":["https:\/\/dutchhealthstore.com\/de\/product\/tea-rose-wild-mint-lip-creme\/"]}]},{"@type":"ImageObject","inLanguage":"de","@id":"https:\/\/dutchhealthstore.com\/de\/product\/tea-rose-wild-mint-lip-creme\/#primaryimage","url":"https:\/\/dutchhealthstore.com\/wp-content\/uploads\/2026\/02\/Untitled-design-2026-02-17T093347.730.jpg","contentUrl":"https:\/\/dutchhealthstore.com\/wp-content\/uploads\/2026\/02\/Untitled-design-2026-02-17T093347.730.jpg","width":530,"height":530,"caption":"tidelands-house-tea-rose-lip-creme"},{"@type":"BreadcrumbList","@id":"https:\/\/dutchhealthstore.com\/de\/product\/tea-rose-wild-mint-lip-creme\/#breadcrumb","itemListElement":[{"@type":"ListItem","position":1,"name":"Home","item":"https:\/\/dutchhealthstore.com\/de\/"},{"@type":"ListItem","position":2,"name":"Shop","item":"https:\/\/dutchhealthstore.com\/de\/shop-2\/"},{"@type":"ListItem","position":3,"name":"Tea Rose &amp; Wild Mint Lip Cr\u00e8me"}]},{"@type":"WebSite","@id":"https:\/\/dutchhealthstore.com\/de\/#website","url":"https:\/\/dutchhealthstore.com\/de\/","name":"Dutch Health Store","description":"Enhance Your Beauty with Organic &amp; Natural Skincare","publisher":{"@id":"https:\/\/dutchhealthstore.com\/de\/#organization"},"potentialAction":[{"@type":"SearchAction","target":{"@type":"EntryPoint","urlTemplate":"https:\/\/dutchhealthstore.com\/de\/?s={search_term_string}"},"query-input":{"@type":"PropertyValueSpecification","valueRequired":true,"valueName":"search_term_string"}}],"inLanguage":"de"},{"@type":"Organization","@id":"https:\/\/dutchhealthstore.com\/de\/#organization","name":"Dutch Health Store","url":"https:\/\/dutchhealthstore.com\/de\/","logo":{"@type":"ImageObject","inLanguage":"de","@id":"https:\/\/dutchhealthstore.com\/de\/#\/schema\/logo\/image\/","url":"https:\/\/dutchhealthstore.com\/wp-content\/uploads\/2020\/08\/logo-dutchhealthstore-jpg-e1599484957574.jpg","contentUrl":"https:\/\/dutchhealthstore.com\/wp-content\/uploads\/2020\/08\/logo-dutchhealthstore-jpg-e1599484957574.jpg","width":400,"height":62,"caption":"Dutch Health Store"},"image":{"@id":"https:\/\/dutchhealthstore.com\/de\/#\/schema\/logo\/image\/"},"sameAs":["https:\/\/www.instagram.com\/dutchhealthstore\/","https:\/\/www.facebook.com\/dutchhealthstore"]}]},"product_brand":"Tidelands House","product_price_amount":"20.00","product_price_currency":"EUR","og_availability":"instock","product_availability":"instock","product_condition":"new"},"_links":{"self":[{"href":"https:\/\/dutchhealthstore.com\/de\/wp-json\/wp\/v2\/product\/372500","targetHints":{"allow":["GET"]}}],"collection":[{"href":"https:\/\/dutchhealthstore.com\/de\/wp-json\/wp\/v2\/product"}],"about":[{"href":"https:\/\/dutchhealthstore.com\/de\/wp-json\/wp\/v2\/types\/product"}],"replies":[{"embeddable":true,"href":"https:\/\/dutchhealthstore.com\/de\/wp-json\/wp\/v2\/comments?post=372500"}],"wp:featuredmedia":[{"embeddable":true,"href":"https:\/\/dutchhealthstore.com\/de\/wp-json\/wp\/v2\/media\/371714"}],"wp:attachment":[{"href":"https:\/\/dutchhealthstore.com\/de\/wp-json\/wp\/v2\/media?parent=372500"}],"wp:term":[{"taxonomy":"product_brand","embeddable":true,"href":"https:\/\/dutchhealthstore.com\/de\/wp-json\/wp\/v2\/product_brand?post=372500"},{"taxonomy":"product_cat","embeddable":true,"href":"https:\/\/dutchhealthstore.com\/de\/wp-json\/wp\/v2\/product_cat?post=372500"},{"taxonomy":"product_tag","embeddable":true,"href":"https:\/\/dutchhealthstore.com\/de\/wp-json\/wp\/v2\/product_tag?post=372500"}],"curies":[{"name":"wp","href":"https:\/\/api.w.org\/{rel}","templated":true}]}}