{"id":372496,"date":"2026-02-23T12:15:45","date_gmt":"2026-02-23T11:15:45","guid":{"rendered":"https:\/\/dutchhealthstore.com\/product\/pot-de-fleurs-mineral-and-mallow-mud-mask\/"},"modified":"2026-03-23T14:29:37","modified_gmt":"2026-03-23T13:29:37","slug":"pot-de-fleurs-mineral-and-mallow-mud-mask","status":"publish","type":"product","link":"https:\/\/dutchhealthstore.com\/de\/product\/pot-de-fleurs-mineral-and-mallow-mud-mask\/","title":{"rendered":"Pot de Fleurs Mineral and Mallow Mud Mask"},"content":{"rendered":"<p>Diese weiche, n\u00e4hrende Gesichtsmaske ist reich an phyton\u00e4hrstoffreichen Antioxidantien und nat\u00fcrlichen Enzymen. Sie hilft, Feuchtigkeit aufzuf\u00fcllen, die Haut aufzupolstern und ein ausgeglichenes Mikrobiom des Teints zu unterst\u00fctzen \u2013 f\u00fcr einen gesunden, strahlenden Glow. <\/p>\n<p>Beim Absp\u00fclen sorgen die wilden Mineralien f\u00fcr ein sehr sanftes Peeling, das die Haut gl\u00e4ttet und verfeinert \u2013 ohne Irritationen.<\/p>\n<h3>Philosophy of Flowers<\/h3>\n<p>Erbst\u00fcck-Kakao, ger\u00f6stete Kamillenbl\u00fcte, Gletscherschluff, Eibischwurzel, Rosenfrucht und Igelstachelbart-Pilz bilden das botanische Herz dieser erdenden Maske.<\/p>\n<h3>Das Ritual<\/h3>\n<p>Befeuchten Sie Gesicht und H\u00e4nde. Nehmen Sie eine kleine Menge der Maske und massieren Sie sie auf die feuchte, frisch gereinigte Haut ein. <\/p>\n<p>10\u201320 Minuten einwirken lassen. Langsam mit warmem Wasser absp\u00fclen und dabei in sanften, kreisenden Bewegungen massieren, um die Haut behutsam zu polieren und zu gl\u00e4tten. <\/p>\n<p>Zum Abschluss ein Gesichtsspray und Ihre bevorzugte Feuchtigkeitspflege auftragen.<\/p>\n<p>F\u00fcr beste Ergebnisse und maximale Frische innerhalb von vier bis sechs Monaten nach dem \u00d6ffnen verwenden. K\u00fchl, trocken und dunkel lagern. <\/p>\n<h3>Aktive Botanicals<\/h3>\n<p><em>Eibischwurzel<\/em><\/p>\n<p>Ein nat\u00fcrlicher Feuchtigkeitsspender, der Feuchtigkeit in die Haut zieht und die Hydration verbessert. Reich an Flavonoiden mit entz\u00fcndungshemmenden Eigenschaften hilft er, Irritationen zu beruhigen und vor UV- sowie Freie-Radikale-Stress zu sch\u00fctzen. <\/p>\n<p><em>Roher Wiesenhonig<\/em><\/p>\n<p>Unpasteurisierter, roher und biologischer Honig aus der Region mit nat\u00fcrlichen antibakteriellen und entz\u00fcndungshemmenden Vorteilen. Er hydratisiert und beruhigt die Haut, w\u00e4hrend seine nat\u00fcrlichen Enzyme sanft exfolieren und Trockenheit reduzieren. <\/p>\n<p><em>Gletscherschluff<\/em><\/p>\n<p>Vollgepackt mit nat\u00fcrlichen Mineralien, die den Teint n\u00e4hren und st\u00e4rken. Er hilft, Unreinheiten herauszuziehen, und unterst\u00fctzt zugleich Widerstandskraft und Klarheit der Haut. <\/p>\n<p><em>Waldpilz-Mischung<\/em><\/p>\n<p>Reich an regenerierenden Polysacchariden wie Beta-Glucanen. Diese Pilze helfen, Schwellungen zu reduzieren, den Lymphfluss zu unterst\u00fctzen, die antioxidative Aktivit\u00e4t zu steigern und die Kollagenproduktion anzuregen \u2013 f\u00fcr festere, strahlendere Haut. <\/p>\n<p><em>Neuschottische Rosenfrucht<\/em><\/p>\n<p>Mit viel Vitamin C sorgt Rosenfrucht f\u00fcr ein sanftes enzymatisches Resurfacing und liefert zugleich essenzielle N\u00e4hrstoffe. Sie unterst\u00fctzt die Kollagenproduktion, beruhigt Entz\u00fcndungen und verst\u00e4rkt die Ausstrahlung. <\/p>\n<p><em>Roher Erbst\u00fcck-Kakao<\/em><\/p>\n<p>Von Natur aus reich an Antioxidantien hilft Kakao, vor Umwelteinfl\u00fcssen und vorzeitiger Hautalterung zu sch\u00fctzen. Reich an Omega-6-Fetts\u00e4uren beruhigt er R\u00f6tungen, unterst\u00fctzt die Hautregeneration und f\u00f6rdert einen gesunden Glow. <\/p>\n<p><em>Taigawurzel<\/em><\/p>\n<p>Eine entz\u00fcndungshemmende, adaptogene Wurzel, reich an Mineralien und Antioxidantien. Sie unterst\u00fctzt die Kollagenproduktion, verbessert die Hauterneuerung und hilft, ein festeres, strafferes Erscheinungsbild zu f\u00f6rdern. <\/p>\n<p><em><strong>Alle Inhaltsstoffe sind biologisch, wildgesammelt und nachhaltig, ethisch und regional bezogen. <\/strong><\/em><\/p>\n<h2><strong>Nat\u00fcrliche \/ biologische Inhaltsstoffe <\/strong><\/h2>\n<p>Hausgemachte Ganzpflanzen-Extraktionen und Essenzen aus Eibischwurzel ( <em>Althaea officinalis<\/em>), Gletscherschluff, rohem Erbst\u00fcck-Kakao ( <em>Theobroma cacao<\/em>), Mischung bioregionaler Waldpilze ( <em>verschiedene Arten<\/em>), Eleuthero-Wurzel ( <em>Eleutherococcus senticosus<\/em>), Rosenfrucht ( <em>Rosa rugosa<\/em>), K\u00fcsten-Kelp ( <em>Laminaria digitata<\/em>), Spirulina-Alge ( <em>Arthrospira platensis<\/em>), Schisandra-Beere ( <em>Schisandra chinensis<\/em>), Rosmarin-Ferment ( <em>Rosmarinus officinalis<\/em>), Kamillenbl\u00fcte ( <em>Matricaria chamomilla<\/em>), Erbst\u00fcck-Karottensamen-Tinktur ( <em>Daucus carota<\/em>), Immortelle-Essenz ( <em>Helichrysum italicum<\/em>), Avocado\u00f6l ( <em>Persea americana<\/em>), Aprikosenkern (<em>Prunus armeniaca<\/em>), Totes-Meer-Schlamm (<em>Dead Sea minerals<\/em>), biodynamisches Lein-Glycerin (<em>Linum usitatissimum<\/em>), roher bioregionaler Wiesenhonig (<em>Mel<\/em>).<\/p>\n\n\t<section class=\"section dark\" id=\"section_850683523\">\n\t\t<div class=\"section-bg fill\" >\n\t\t\t<img fetchpriority=\"high\" decoding=\"async\" width=\"1200\" height=\"604\" src=\"https:\/\/dutchhealthstore.com\/wp-content\/uploads\/2026\/02\/bgux.jpg\" class=\"bg attachment- size-\" alt=\"\" \/>\t\t\t\t\t\t<div class=\"section-bg-overlay absolute fill\"><\/div>\n\t\t\t\n\n\t\t<\/div>\n\n\t\t\n\n\t\t<div class=\"section-content relative\">\n\t\t\t\n\n\t<div id=\"gap-153358491\" class=\"gap-element clearfix\" style=\"display:block; height:auto;\">\n\t\t\n<style>\n#gap-153358491 {\n  padding-top: 15px;\n}\n<\/style>\n\t<\/div>\n\t\n\n<div class=\"container section-title-container\" ><h3 class=\"section-title section-title-normal\"><b><\/b><span class=\"section-title-main\" >\u00dcber Tidelands House<\/span><b><\/b><\/h3><\/div>\n\n<div class=\"row\"  id=\"row-1814731582\">\n\n\n\t<div id=\"col-1355650598\" class=\"col small-12 large-12\"  >\n\t\t\t\t<div class=\"col-inner\"  >\n\t\t\t\n\t\t\t\n\n<p>Tidelands House ist ein kanadisches Atelier f\u00fcr botanische Hautpflege, das von der Kr\u00e4uterkundlerin Dominique Del Col gegr\u00fcndet wurde. Jede Rezeptur wird in Handarbeit in einem sonnendurchfluteten Destillierraum in einem restaurierten Steinhaus aus dem 19. Jahrhundert hergestellt, wo Kr\u00e4uter von Holzbalken h\u00e4ngen und Botanicals im Rhythmus der Jahreszeiten zubereitet werden.<\/p>\n<p>Wild gesammelte Pflanzen, biodynamischer Anbau und Meeresbotanicals von Kanadas Ostk\u00fcste bilden das Herzst\u00fcck jeder Zubereitung. Die Inhaltsstoffe werden zum Zeitpunkt ihrer h\u00f6chsten Vitalit\u00e4t geerntet und in Kleinstmengen verarbeitet, um Wirksamkeit, Frische und energetische Integrit\u00e4t zu bewahren. <\/p>\n<p>Keine synthetischen Zusatzstoffe. Keine unn\u00f6tigen F\u00fcllstoffe. Nur n\u00e4hrstoffreiche botanische Extrakte, fermentierte Bl\u00fctenessenzen und reine Pflanzen\u00f6le in traditionsbewusstem Milchglas.  <\/p>\n<p>Tidelands House ist langsame, bewusste Hautpflege \u2013 verwurzelt in der Natur, im Ritual und im Respekt vor Tradition sowie moderner botanischer Wissenschaft.<\/p>\n\n\n\t\t<\/div>\n\t\t\t\t\t<\/div>\n\n\t\n\n<\/div>\n\n\t\t<\/div>\n\n\t\t\n<style>\n#section_850683523 {\n  padding-top: 30px;\n  padding-bottom: 30px;\n  background-color: rgb(40, 40, 40);\n}\n#section_850683523 .section-bg-overlay {\n  background-color: rgba(0, 0, 0, 0.477);\n}\n#section_850683523 .section-bg img {\n  object-position: 51% 73%;\n}\n<\/style>\n\t<\/section>\n\t\n","protected":false},"excerpt":{"rendered":"<p>Pot de Fleurs, was \u201eBlumentopf\u201c bedeutet, f\u00e4ngt das Gef\u00fchl von H\u00e4nden in n\u00e4hrstoffreicher Erde ein, von Wasser, das in Terrakotta einsickert, und von frischen Wurzeln, die zu wachsen beginnen.<\/p>\n","protected":false},"featured_media":371705,"comment_status":"open","ping_status":"closed","template":"","meta":[],"product_brand":[],"product_cat":[14735,21012,20921,20946,5633,1227,5669,5678,1032,1210,5638,5635,1119,5637,1910,20907,5636,5632,5101,511,13175,22207,5634,5631],"product_tag":[],"class_list":{"0":"post-372496","1":"product","2":"type-product","3":"status-publish","4":"has-post-thumbnail","6":"product_cat-hautpflege","7":"product_cat-masken-de","8":"product_cat-reife-alternde-haut","9":"product_cat-trocken-de","10":"product_cat-sensitive-skin-redness-de-2","11":"product_cat-sensitive-skin-redness-de","12":"product_cat-oily-skin-clogged-pores-de","13":"product_cat-oily-skin-clogged-pores-de-2","14":"product_cat-kategorien","15":"product_cat-marken","16":"product_cat-masks-scrubs-exfoliators-de-4","17":"product_cat-masks-scrubs-exfoliators-de-6","18":"product_cat-masks-scrubs-exfoliators-de-5","19":"product_cat-masks-scrubs-exfoliators-de","20":"product_cat-neue-produkte","21":"product_cat-new-additions-skincare-de","22":"product_cat-normal-or-combination-skin-de-2","23":"product_cat-normal-or-combination-skin-de","24":"product_cat-by-skin-type-de-4","25":"product_cat-produkte","26":"product_cat-skincare-de-2","27":"product_cat-tidelands-house","28":"product_cat-dry-mature-ageing-skin-de-2","29":"product_cat-dry-mature-ageing-skin-de","30":"pa_brand-tidelands-house","31":"pa_gtin-22262","32":"pa_size-50-ml-de","33":"pa_skincare-type-masks-scrubs-exfoliators-de","35":"first","36":"instock","37":"taxable","38":"shipping-taxable","39":"purchasable","40":"product-type-simple"},"bundled_by":[],"bundle_stock_status":"instock","bundle_stock_quantity":3,"bundle_virtual":false,"bundle_layout":"","bundle_add_to_cart_form_location":"","bundle_editable_in_cart":false,"bundle_sold_individually_context":"","bundle_item_grouping":"","bundle_min_size":"","bundle_max_size":"","bundle_price":[],"bundled_items":[],"bundle_sell_ids":[107698],"atum_controlled":true,"out_stock_date":null,"out_stock_threshold":null,"inheritable":false,"stock_on_hold":0,"sold_today":0,"sales_last_days":0,"out_stock_days":0,"lost_sales":0,"update_date":"2026-04-07T06:56:24","atum_locations":[],"atum_stock_status":"instock","restock_status":false,"low_stock_amount":"","sales_update_date":"2026-04-07T06:56:24","calc_backorders":null,"group_of_quantity":0,"min_quantity":0,"max_quantity":"","exclude_order_quantity_value_rules":"no","exclude_category_quantity_rules":"no","combine_variations":"no","yoast_head":"<!-- This site is optimized with the Yoast SEO Premium plugin v26.5 (Yoast SEO v26.5) - https:\/\/yoast.com\/wordpress\/plugins\/seo\/ -->\n<title>Pot de Fleurs Mineral and Mallow Mud Mask - Tidelands House<\/title>\n<meta name=\"description\" content=\"Pot de Fleurs, was \u201eBlumentopf\u201c bedeutet, f\u00e4ngt das Gef\u00fchl von H\u00e4nden in n\u00e4hrstoffreicher Erde ein, von Wasser, das in Terrakotta einsickert, und von frischen Wurzeln, die zu wachsen beginnen.\" \/>\n<meta name=\"robots\" content=\"index, follow, max-snippet:-1, max-image-preview:large, max-video-preview:-1\" \/>\n<link rel=\"canonical\" href=\"https:\/\/dutchhealthstore.com\/de\/product\/pot-de-fleurs-mineral-and-mallow-mud-mask\/\" \/>\n<meta property=\"og:locale\" content=\"de_DE\" \/>\n<meta property=\"og:type\" content=\"article\" \/>\n<meta property=\"og:title\" content=\"Pot de Fleurs Mineral and Mallow Mud Mask - Dutch Health Store\" \/>\n<meta property=\"og:description\" content=\"Pot de Fleurs, was \u201eBlumentopf\u201c bedeutet, f\u00e4ngt das Gef\u00fchl von H\u00e4nden in n\u00e4hrstoffreicher Erde ein, von Wasser, das in Terrakotta einsickert, und von frischen Wurzeln, die zu wachsen beginnen.\" \/>\n<meta property=\"og:url\" content=\"https:\/\/dutchhealthstore.com\/de\/product\/pot-de-fleurs-mineral-and-mallow-mud-mask\/\" \/>\n<meta property=\"og:site_name\" content=\"Dutch Health Store\" \/>\n<meta property=\"article:publisher\" content=\"https:\/\/www.instagram.com\/dutchhealthstore\/\" \/>\n<meta property=\"article:modified_time\" content=\"2026-03-23T13:29:37+00:00\" \/>\n<meta property=\"og:image\" content=\"https:\/\/dutchhealthstore.com\/wp-content\/uploads\/2026\/02\/Untitled-design-2026-02-17T092032.048.jpg\" \/>\n\t<meta property=\"og:image:width\" content=\"530\" \/>\n\t<meta property=\"og:image:height\" content=\"530\" \/>\n\t<meta property=\"og:image:type\" content=\"image\/jpeg\" \/>\n<meta name=\"twitter:card\" content=\"summary_large_image\" \/>\n<meta name=\"twitter:label1\" content=\"Preis\" \/>\n\t<meta name=\"twitter:data1\" content=\"&euro;44,00\" \/>\n\t<meta name=\"twitter:label2\" content=\"Verf\u00fcgbarkeit\" \/>\n\t<meta name=\"twitter:data2\" content=\"Auf Lager\" \/>\n<script type=\"application\/ld+json\" class=\"yoast-schema-graph\">{\"@context\":\"https:\/\/schema.org\",\"@graph\":[{\"@type\":\"WebPage\",\"@id\":\"https:\/\/dutchhealthstore.com\/de\/product\/pot-de-fleurs-mineral-and-mallow-mud-mask\/\",\"url\":\"https:\/\/dutchhealthstore.com\/de\/product\/pot-de-fleurs-mineral-and-mallow-mud-mask\/\",\"name\":\"Pot de Fleurs Mineral and Mallow Mud Mask - Tidelands House\",\"isPartOf\":{\"@id\":\"https:\/\/dutchhealthstore.com\/de\/#website\"},\"primaryImageOfPage\":{\"@id\":\"https:\/\/dutchhealthstore.com\/de\/product\/pot-de-fleurs-mineral-and-mallow-mud-mask\/#primaryimage\"},\"image\":{\"@id\":\"https:\/\/dutchhealthstore.com\/de\/product\/pot-de-fleurs-mineral-and-mallow-mud-mask\/#primaryimage\"},\"thumbnailUrl\":\"https:\/\/dutchhealthstore.com\/wp-content\/uploads\/2026\/02\/Untitled-design-2026-02-17T092032.048.jpg\",\"datePublished\":\"2026-02-23T11:15:45+00:00\",\"dateModified\":\"2026-03-23T13:29:37+00:00\",\"description\":\"Pot de Fleurs, was \u201eBlumentopf\u201c bedeutet, f\u00e4ngt das Gef\u00fchl von H\u00e4nden in n\u00e4hrstoffreicher Erde ein, von Wasser, das in Terrakotta einsickert, und von frischen Wurzeln, die zu wachsen beginnen.\",\"breadcrumb\":{\"@id\":\"https:\/\/dutchhealthstore.com\/de\/product\/pot-de-fleurs-mineral-and-mallow-mud-mask\/#breadcrumb\"},\"inLanguage\":\"de\",\"potentialAction\":[{\"@type\":\"ReadAction\",\"target\":[\"https:\/\/dutchhealthstore.com\/de\/product\/pot-de-fleurs-mineral-and-mallow-mud-mask\/\"]}]},{\"@type\":\"ImageObject\",\"inLanguage\":\"de\",\"@id\":\"https:\/\/dutchhealthstore.com\/de\/product\/pot-de-fleurs-mineral-and-mallow-mud-mask\/#primaryimage\",\"url\":\"https:\/\/dutchhealthstore.com\/wp-content\/uploads\/2026\/02\/Untitled-design-2026-02-17T092032.048.jpg\",\"contentUrl\":\"https:\/\/dutchhealthstore.com\/wp-content\/uploads\/2026\/02\/Untitled-design-2026-02-17T092032.048.jpg\",\"width\":530,\"height\":530,\"caption\":\"tidelands-house-pot-de-fleurs-mud-mask-1\"},{\"@type\":\"BreadcrumbList\",\"@id\":\"https:\/\/dutchhealthstore.com\/de\/product\/pot-de-fleurs-mineral-and-mallow-mud-mask\/#breadcrumb\",\"itemListElement\":[{\"@type\":\"ListItem\",\"position\":1,\"name\":\"Home\",\"item\":\"https:\/\/dutchhealthstore.com\/de\/\"},{\"@type\":\"ListItem\",\"position\":2,\"name\":\"Shop\",\"item\":\"https:\/\/dutchhealthstore.com\/de\/shop-2\/\"},{\"@type\":\"ListItem\",\"position\":3,\"name\":\"Pot de Fleurs Mineral and Mallow Mud Mask\"}]},{\"@type\":\"WebSite\",\"@id\":\"https:\/\/dutchhealthstore.com\/de\/#website\",\"url\":\"https:\/\/dutchhealthstore.com\/de\/\",\"name\":\"Dutch Health Store\",\"description\":\"Enhance Your Beauty with Organic &amp; Natural Skincare\",\"publisher\":{\"@id\":\"https:\/\/dutchhealthstore.com\/de\/#organization\"},\"potentialAction\":[{\"@type\":\"SearchAction\",\"target\":{\"@type\":\"EntryPoint\",\"urlTemplate\":\"https:\/\/dutchhealthstore.com\/de\/?s={search_term_string}\"},\"query-input\":{\"@type\":\"PropertyValueSpecification\",\"valueRequired\":true,\"valueName\":\"search_term_string\"}}],\"inLanguage\":\"de\"},{\"@type\":\"Organization\",\"@id\":\"https:\/\/dutchhealthstore.com\/de\/#organization\",\"name\":\"Dutch Health Store\",\"url\":\"https:\/\/dutchhealthstore.com\/de\/\",\"logo\":{\"@type\":\"ImageObject\",\"inLanguage\":\"de\",\"@id\":\"https:\/\/dutchhealthstore.com\/de\/#\/schema\/logo\/image\/\",\"url\":\"https:\/\/dutchhealthstore.com\/wp-content\/uploads\/2020\/08\/logo-dutchhealthstore-jpg-e1599484957574.jpg\",\"contentUrl\":\"https:\/\/dutchhealthstore.com\/wp-content\/uploads\/2020\/08\/logo-dutchhealthstore-jpg-e1599484957574.jpg\",\"width\":400,\"height\":62,\"caption\":\"Dutch Health Store\"},\"image\":{\"@id\":\"https:\/\/dutchhealthstore.com\/de\/#\/schema\/logo\/image\/\"},\"sameAs\":[\"https:\/\/www.instagram.com\/dutchhealthstore\/\",\"https:\/\/www.facebook.com\/dutchhealthstore\"]}]}<\/script>\n<meta property=\"product:brand\" content=\"Tidelands House\" \/>\n<meta property=\"product:price:amount\" content=\"44.00\" \/>\n<meta property=\"product:price:currency\" content=\"EUR\" \/>\n<meta property=\"og:availability\" content=\"instock\" \/>\n<meta property=\"product:availability\" content=\"instock\" \/>\n<meta property=\"product:condition\" content=\"new\" \/>\n<!-- \/ Yoast SEO Premium plugin. -->","yoast_head_json":{"title":"Pot de Fleurs Mineral and Mallow Mud Mask - Tidelands House","description":"Pot de Fleurs, was \u201eBlumentopf\u201c bedeutet, f\u00e4ngt das Gef\u00fchl von H\u00e4nden in n\u00e4hrstoffreicher Erde ein, von Wasser, das in Terrakotta einsickert, und von frischen Wurzeln, die zu wachsen beginnen.","robots":{"index":"index","follow":"follow","max-snippet":"max-snippet:-1","max-image-preview":"max-image-preview:large","max-video-preview":"max-video-preview:-1"},"canonical":"https:\/\/dutchhealthstore.com\/de\/product\/pot-de-fleurs-mineral-and-mallow-mud-mask\/","og_locale":"de_DE","og_type":"article","og_title":"Pot de Fleurs Mineral and Mallow Mud Mask - Dutch Health Store","og_description":"Pot de Fleurs, was \u201eBlumentopf\u201c bedeutet, f\u00e4ngt das Gef\u00fchl von H\u00e4nden in n\u00e4hrstoffreicher Erde ein, von Wasser, das in Terrakotta einsickert, und von frischen Wurzeln, die zu wachsen beginnen.","og_url":"https:\/\/dutchhealthstore.com\/de\/product\/pot-de-fleurs-mineral-and-mallow-mud-mask\/","og_site_name":"Dutch Health Store","article_publisher":"https:\/\/www.instagram.com\/dutchhealthstore\/","article_modified_time":"2026-03-23T13:29:37+00:00","og_image":[{"width":530,"height":530,"url":"https:\/\/dutchhealthstore.com\/wp-content\/uploads\/2026\/02\/Untitled-design-2026-02-17T092032.048.jpg","type":"image\/jpeg"}],"twitter_card":"summary_large_image","twitter_misc":{"Preis":"&euro;44,00","Verf\u00fcgbarkeit":"Auf Lager"},"schema":{"@context":"https:\/\/schema.org","@graph":[{"@type":"WebPage","@id":"https:\/\/dutchhealthstore.com\/de\/product\/pot-de-fleurs-mineral-and-mallow-mud-mask\/","url":"https:\/\/dutchhealthstore.com\/de\/product\/pot-de-fleurs-mineral-and-mallow-mud-mask\/","name":"Pot de Fleurs Mineral and Mallow Mud Mask - Tidelands House","isPartOf":{"@id":"https:\/\/dutchhealthstore.com\/de\/#website"},"primaryImageOfPage":{"@id":"https:\/\/dutchhealthstore.com\/de\/product\/pot-de-fleurs-mineral-and-mallow-mud-mask\/#primaryimage"},"image":{"@id":"https:\/\/dutchhealthstore.com\/de\/product\/pot-de-fleurs-mineral-and-mallow-mud-mask\/#primaryimage"},"thumbnailUrl":"https:\/\/dutchhealthstore.com\/wp-content\/uploads\/2026\/02\/Untitled-design-2026-02-17T092032.048.jpg","datePublished":"2026-02-23T11:15:45+00:00","dateModified":"2026-03-23T13:29:37+00:00","description":"Pot de Fleurs, was \u201eBlumentopf\u201c bedeutet, f\u00e4ngt das Gef\u00fchl von H\u00e4nden in n\u00e4hrstoffreicher Erde ein, von Wasser, das in Terrakotta einsickert, und von frischen Wurzeln, die zu wachsen beginnen.","breadcrumb":{"@id":"https:\/\/dutchhealthstore.com\/de\/product\/pot-de-fleurs-mineral-and-mallow-mud-mask\/#breadcrumb"},"inLanguage":"de","potentialAction":[{"@type":"ReadAction","target":["https:\/\/dutchhealthstore.com\/de\/product\/pot-de-fleurs-mineral-and-mallow-mud-mask\/"]}]},{"@type":"ImageObject","inLanguage":"de","@id":"https:\/\/dutchhealthstore.com\/de\/product\/pot-de-fleurs-mineral-and-mallow-mud-mask\/#primaryimage","url":"https:\/\/dutchhealthstore.com\/wp-content\/uploads\/2026\/02\/Untitled-design-2026-02-17T092032.048.jpg","contentUrl":"https:\/\/dutchhealthstore.com\/wp-content\/uploads\/2026\/02\/Untitled-design-2026-02-17T092032.048.jpg","width":530,"height":530,"caption":"tidelands-house-pot-de-fleurs-mud-mask-1"},{"@type":"BreadcrumbList","@id":"https:\/\/dutchhealthstore.com\/de\/product\/pot-de-fleurs-mineral-and-mallow-mud-mask\/#breadcrumb","itemListElement":[{"@type":"ListItem","position":1,"name":"Home","item":"https:\/\/dutchhealthstore.com\/de\/"},{"@type":"ListItem","position":2,"name":"Shop","item":"https:\/\/dutchhealthstore.com\/de\/shop-2\/"},{"@type":"ListItem","position":3,"name":"Pot de Fleurs Mineral and Mallow Mud Mask"}]},{"@type":"WebSite","@id":"https:\/\/dutchhealthstore.com\/de\/#website","url":"https:\/\/dutchhealthstore.com\/de\/","name":"Dutch Health Store","description":"Enhance Your Beauty with Organic &amp; Natural Skincare","publisher":{"@id":"https:\/\/dutchhealthstore.com\/de\/#organization"},"potentialAction":[{"@type":"SearchAction","target":{"@type":"EntryPoint","urlTemplate":"https:\/\/dutchhealthstore.com\/de\/?s={search_term_string}"},"query-input":{"@type":"PropertyValueSpecification","valueRequired":true,"valueName":"search_term_string"}}],"inLanguage":"de"},{"@type":"Organization","@id":"https:\/\/dutchhealthstore.com\/de\/#organization","name":"Dutch Health Store","url":"https:\/\/dutchhealthstore.com\/de\/","logo":{"@type":"ImageObject","inLanguage":"de","@id":"https:\/\/dutchhealthstore.com\/de\/#\/schema\/logo\/image\/","url":"https:\/\/dutchhealthstore.com\/wp-content\/uploads\/2020\/08\/logo-dutchhealthstore-jpg-e1599484957574.jpg","contentUrl":"https:\/\/dutchhealthstore.com\/wp-content\/uploads\/2020\/08\/logo-dutchhealthstore-jpg-e1599484957574.jpg","width":400,"height":62,"caption":"Dutch Health Store"},"image":{"@id":"https:\/\/dutchhealthstore.com\/de\/#\/schema\/logo\/image\/"},"sameAs":["https:\/\/www.instagram.com\/dutchhealthstore\/","https:\/\/www.facebook.com\/dutchhealthstore"]}]},"product_brand":"Tidelands House","product_price_amount":"44.00","product_price_currency":"EUR","og_availability":"instock","product_availability":"instock","product_condition":"new"},"_links":{"self":[{"href":"https:\/\/dutchhealthstore.com\/de\/wp-json\/wp\/v2\/product\/372496","targetHints":{"allow":["GET"]}}],"collection":[{"href":"https:\/\/dutchhealthstore.com\/de\/wp-json\/wp\/v2\/product"}],"about":[{"href":"https:\/\/dutchhealthstore.com\/de\/wp-json\/wp\/v2\/types\/product"}],"replies":[{"embeddable":true,"href":"https:\/\/dutchhealthstore.com\/de\/wp-json\/wp\/v2\/comments?post=372496"}],"wp:featuredmedia":[{"embeddable":true,"href":"https:\/\/dutchhealthstore.com\/de\/wp-json\/wp\/v2\/media\/371705"}],"wp:attachment":[{"href":"https:\/\/dutchhealthstore.com\/de\/wp-json\/wp\/v2\/media?parent=372496"}],"wp:term":[{"taxonomy":"product_brand","embeddable":true,"href":"https:\/\/dutchhealthstore.com\/de\/wp-json\/wp\/v2\/product_brand?post=372496"},{"taxonomy":"product_cat","embeddable":true,"href":"https:\/\/dutchhealthstore.com\/de\/wp-json\/wp\/v2\/product_cat?post=372496"},{"taxonomy":"product_tag","embeddable":true,"href":"https:\/\/dutchhealthstore.com\/de\/wp-json\/wp\/v2\/product_tag?post=372496"}],"curies":[{"name":"wp","href":"https:\/\/api.w.org\/{rel}","templated":true}]}}