{"id":372488,"date":"2026-02-23T12:21:27","date_gmt":"2026-02-23T11:21:27","guid":{"rendered":"https:\/\/dutchhealthstore.com\/product\/fleurs-de-mer-sea-plant-vitamin-essence\/"},"modified":"2026-02-23T12:21:27","modified_gmt":"2026-02-23T11:21:27","slug":"fleurs-de-mer-sea-plant-vitamin-essence","status":"publish","type":"product","link":"https:\/\/dutchhealthstore.com\/de\/product\/fleurs-de-mer-sea-plant-vitamin-essence\/","title":{"rendered":"Fleurs De Mer Sea Plant Vitamin Essence"},"content":{"rendered":"<p>Geeignet f\u00fcr alle Hauttypen, ist dieses erfrischende Tonikum mit wilden Meerespflanzen hergestellt, darunter frischer Riesentang und irisches Meeresdulse.<\/p>\n<p>Diese mineralstoffreichen Meerespflanzen werden \u00fcber zwei volle Mondzyklen langsam mit milchiger Haferstrohessenz, Schafgarbenbl\u00fcte, Sommerlavendel, blauem Eisenkraut, wilden Hagebutten, Eibischwurzel, Ringelblumenbl\u00fcte, Zitronenmelisse und Wasserminzextrakt infundiert.<\/p>\n<p>Nat\u00fcrlich reich an Jod, Magnesium, Vitamin B6 und anderen Spurenelementen hilft diese Essenz, die Haut zu beruhigen, zu hydratisieren, zu n\u00e4hren und die Hauterneuerung zu unterst\u00fctzen. Sie wirkt als t\u00e4gliche Nahrung f\u00fcr den Teint und hinterl\u00e4sst ihn ruhig, ausgeglichen und revitalisiert. <\/p>\n<p>Das Aroma ist frisch und subtil, mit Noten von leicht gesalzenem Meeresgr\u00fcn, wilden Kr\u00e4utern und sanften Fr\u00fchlingsbl\u00fcten. Die Formel ist vollst\u00e4ndig frei von \u00e4therischen \u00d6len. <\/p>\n<p><strong>Philosophy of Flowers<\/strong><\/p>\n<p>Frischer Riesentang, irisches Meeresdulse, Wasserminze, Ringelblumenbl\u00fcte und milchiges Haferstroh bilden die botanische Grundlage dieser mineralstoffreichen Essenz.<\/p>\n<h3>Das Ritual<\/h3>\n<p>Vor Gebrauch gut sch\u00fctteln, um die biodynamischen Pflanzenextrakte gleichm\u00e4\u00dfig zu verteilen.<\/p>\n<p>Gro\u00dfz\u00fcgig auf das frisch gereinigte Gesicht, den Hals und das Dekollet\u00e9 spr\u00fchen. Mit Ihrem bevorzugten Gesichtsserum fortfahren. F\u00fcr tiefere Hydratation und Schutz schlie\u00dfen Sie Ihre Routine mit einem Gesichtsbalsam ab.  <\/p>\n<h3>Aktive Botanicals<\/h3>\n<p><em>Dulse- &amp; Riesentang-Algen<\/em><\/p>\n<p>Handgesammelte Algen, reich an Phyton\u00e4hrstoffen, Vitaminen und essenziellen Mineralien. Diese marinen Superfoods versorgen die Haut mit N\u00e4hrstoffen und helfen, einen strahlenden und gesund aussehenden Teint zu unterst\u00fctzen. <\/p>\n<p><em>Milchiges Haferstroh<\/em><\/p>\n<p>Gewonnen aus der unreifen Avena sativa-Pflanze, ist milchiges Haferstroh bekannt f\u00fcr seine beruhigenden und bes\u00e4nftigenden Eigenschaften, besonders f\u00fcr empfindliche Haut. Es ist reich an Kalzium, Kalium, Eisen, Vitaminen A und C sowie Antioxidantien, die helfen, die Hautbarriere zu st\u00e4rken und zu beruhigen. <\/p>\n<p><em>Gesammelte Ringelblume<\/em><\/p>\n<p>Ringelblume unterst\u00fctzt die Hautfestigkeit und Hydratation und hilft, vor t\u00e4glichem Umweltstress zu sch\u00fctzen. Nat\u00fcrlich reich an Antioxidantien und beruhigenden Wirkstoffen, ist sie besonders vorteilhaft f\u00fcr zu Akne neigende und zu R\u00f6tungen neigende Haut. <\/p>\n<p><em>Eibischwurzel<\/em><\/p>\n<p>Ein nat\u00fcrlicher Feuchthaltefaktor, der Feuchtigkeit in die Haut zieht und die Hydratation verbessert. Seine Flavonoide bieten sanfte entz\u00fcndungshemmende Unterst\u00fctzung und helfen, vor UV- und freien Radikalen zu sch\u00fctzen. <\/p>\n<p><em>Neuschottische Rosenfrucht<\/em><\/p>\n<p>Reich an Vitamin C bietet Hagebuttenfrucht sanftes enzymatisches Resurfacing und liefert gleichzeitig essenzielle N\u00e4hrstoffe. Sie unterst\u00fctzt die Kollagenproduktion, beruhigt Entz\u00fcndungen und f\u00f6rdert einen helleren, revitalisierten Teint. <\/p>\n<p><em><strong>Alle Inhaltsstoffe sind biologisch, wildgesammelt und nachhaltig, ethisch und regional bezogen.<\/strong><\/em><\/p>\n<p><strong>Gr\u00f6\u00dfe: 50 ml<\/strong><\/p>\n<h2><strong>Nat\u00fcrliche \/ biologische Inhaltsstoffe <\/strong><\/h2>\n<p>Hauseigene Vollpflanzenextraktionen und Essenzen von Prince Edward Island irischem Meeresdulse (<em>Palmaria palmata<\/em>), milchigem Haferstroh (<em>Avena sativa<\/em>), Riesentang (<em>Nereocystis luetkeana<\/em>), blauem Eisenkraut (<em>Verbena hastata<\/em>), Schafgarbenbl\u00fcte (<em>Achillea millefolium<\/em>), Zitronenmelisse (<em>Melissa officinalis<\/em>), Ringelblumenbl\u00fcte (<em>Calendula officinalis<\/em>), wilder Pfefferminze (<em>Mentha piperita<\/em>), Eibischwurzel (<em>Althaea officinalis<\/em>), Lavendelbl\u00fcte (<em>Lavandula angustifolia<\/em>), Zauberhasselwurzel (<em>Hamamelis virginiana<\/em>), Kupferdestillate von Lavendel- und Schafgarbenbl\u00fcte (<em>Lavandula angustifolia<\/em> und <em>Achillea millefolium<\/em>), neuschottischen Hagebutten (<em>Rosa canina<\/em>), fermentiertem Rettichwurzelkonzentrat (<em>Raphanus sativus<\/em>).<\/p>\n\n\t<section class=\"section dark\" id=\"section_2093470391\">\n\t\t<div class=\"section-bg fill\" >\n\t\t\t<img fetchpriority=\"high\" decoding=\"async\" width=\"1200\" height=\"604\" src=\"https:\/\/dutchhealthstore.com\/wp-content\/uploads\/2026\/02\/bgux.jpg\" class=\"bg attachment- size-\" alt=\"\" \/>\t\t\t\t\t\t<div class=\"section-bg-overlay absolute fill\"><\/div>\n\t\t\t\n\n\t\t<\/div>\n\n\t\t\n\n\t\t<div class=\"section-content relative\">\n\t\t\t\n\n\t<div id=\"gap-1356840362\" class=\"gap-element clearfix\" style=\"display:block; height:auto;\">\n\t\t\n<style>\n#gap-1356840362 {\n  padding-top: 15px;\n}\n<\/style>\n\t<\/div>\n\t\n\n<div class=\"container section-title-container\" ><h3 class=\"section-title section-title-normal\"><b><\/b><span class=\"section-title-main\" >\u00dcber Tidelands House<\/span><b><\/b><\/h3><\/div>\n\n<div class=\"row\"  id=\"row-377920177\">\n\n\n\t<div id=\"col-1419494502\" class=\"col small-12 large-12\"  >\n\t\t\t\t<div class=\"col-inner\"  >\n\t\t\t\n\t\t\t\n\n<p>Tidelands House ist ein kanadisches Atelier f\u00fcr botanische Hautpflege, das von der Kr\u00e4uterkundlerin Dominique Del Col gegr\u00fcndet wurde. Jede Rezeptur wird in Handarbeit in einem sonnendurchfluteten Destillierraum in einem restaurierten Steinhaus aus dem 19. Jahrhundert hergestellt, wo Kr\u00e4uter von Holzbalken h\u00e4ngen und Botanicals im Rhythmus der Jahreszeiten zubereitet werden.<\/p>\n<p>Wild gesammelte Pflanzen, biodynamischer Anbau und Meeresbotanicals von Kanadas Ostk\u00fcste bilden das Herzst\u00fcck jeder Zubereitung. Die Inhaltsstoffe werden zum Zeitpunkt ihrer h\u00f6chsten Vitalit\u00e4t geerntet und in Kleinstmengen verarbeitet, um Wirksamkeit, Frische und energetische Integrit\u00e4t zu bewahren. <\/p>\n<p>Keine synthetischen Zusatzstoffe. Keine unn\u00f6tigen F\u00fcllstoffe. Nur n\u00e4hrstoffreiche botanische Extrakte, fermentierte Bl\u00fctenessenzen und reine Pflanzen\u00f6le in traditionsbewusstem Milchglas.  <\/p>\n<p>Tidelands House ist langsame, bewusste Hautpflege \u2013 verwurzelt in der Natur, im Ritual und im Respekt vor Tradition sowie moderner botanischer Wissenschaft.<\/p>\n\n\n\t\t<\/div>\n\t\t\t\t\t<\/div>\n\n\t\n\n<\/div>\n\n\t\t<\/div>\n\n\t\t\n<style>\n#section_2093470391 {\n  padding-top: 30px;\n  padding-bottom: 30px;\n  background-color: rgb(40, 40, 40);\n}\n#section_2093470391 .section-bg-overlay {\n  background-color: rgba(0, 0, 0, 0.477);\n}\n#section_2093470391 .section-bg img {\n  object-position: 51% 73%;\n}\n<\/style>\n\t<\/section>\n\t\n","protected":false},"excerpt":{"rendered":"<p>Fleurs De Mer ist eine vitale Gesichtsessenz, die entwickelt wurde, um essenzielle Vitamine, Mineralien und Phyton\u00e4hrstoffe tief in die Haut zu transportieren.<\/p>\n","protected":false},"featured_media":371618,"comment_status":"open","ping_status":"closed","template":"","meta":[],"product_brand":[],"product_cat":[14735,20921,20951,20946,20952,1227,5064,5669,5061,1032,1210,1910,20907,5062,5636,5101,511,22207,5670,5671,5667,5668,4663,5634,5063],"product_tag":[],"class_list":{"0":"post-372488","1":"product","2":"type-product","3":"status-publish","4":"has-post-thumbnail","6":"product_cat-hautpflege","7":"product_cat-reife-alternde-haut","8":"product_cat-toner","9":"product_cat-trocken-de","10":"product_cat-trocken-de-2","11":"product_cat-sensitive-skin-redness-de","12":"product_cat-sensitive-skin-redness-de-5","13":"product_cat-oily-skin-clogged-pores-de","14":"product_cat-oily-skin-clogged-pores-de-5","15":"product_cat-kategorien","16":"product_cat-marken","17":"product_cat-neue-produkte","18":"product_cat-new-additions-skincare-de","19":"product_cat-normal-or-combination-skin-de-6","20":"product_cat-normal-or-combination-skin-de-2","21":"product_cat-by-skin-type-de-4","22":"product_cat-produkte","23":"product_cat-tidelands-house","24":"product_cat-toners-de-6","25":"product_cat-toners-de-2","26":"product_cat-toners-de-4","27":"product_cat-toners-de-5","28":"product_cat-toners-de-3","29":"product_cat-dry-mature-ageing-skin-de-2","30":"product_cat-dry-mature-ageing-skin-de-6","31":"pa_brand-tidelands-house","32":"pa_gtin-22256","33":"pa_size-50-ml-de","34":"pa_skincare-type-face-oil-and-serums-de","35":"pa_skincare-type-moisturizers-de","37":"first","38":"outofstock","39":"taxable","40":"shipping-taxable","41":"purchasable","42":"product-type-simple"},"bundled_by":[],"bundle_stock_status":"outofstock","bundle_stock_quantity":0,"bundle_virtual":false,"bundle_layout":"","bundle_add_to_cart_form_location":"","bundle_editable_in_cart":false,"bundle_sold_individually_context":"","bundle_item_grouping":"","bundle_min_size":"","bundle_max_size":"","bundle_price":[],"bundled_items":[],"bundle_sell_ids":[372718],"atum_controlled":true,"out_stock_date":"2026-03-07 17:17:13","out_stock_threshold":null,"inheritable":false,"stock_on_hold":0,"sold_today":0,"sales_last_days":3,"out_stock_days":1,"lost_sales":18,"update_date":"2026-04-10T07:36:21","atum_locations":[],"atum_stock_status":"outofstock","restock_status":false,"low_stock_amount":"","sales_update_date":"2026-04-10T07:36:21","calc_backorders":null,"group_of_quantity":0,"min_quantity":0,"max_quantity":"","exclude_order_quantity_value_rules":"no","exclude_category_quantity_rules":"no","combine_variations":"no","yoast_head":"<!-- This site is optimized with the Yoast SEO Premium plugin v26.5 (Yoast SEO v26.5) - https:\/\/yoast.com\/wordpress\/plugins\/seo\/ -->\n<title>Fleurs De Mer Sea Plant Vitamin Essence - Tidelands House<\/title>\n<meta name=\"description\" content=\"Fleurs De Mer ist eine vitale Gesichtsessenz, die entwickelt wurde, um essenzielle Vitamine, Mineralien und Phyton\u00e4hrstoffe tief in die Haut zu transportieren.\" \/>\n<meta name=\"robots\" content=\"index, follow, max-snippet:-1, max-image-preview:large, max-video-preview:-1\" \/>\n<link rel=\"canonical\" href=\"https:\/\/dutchhealthstore.com\/de\/product\/fleurs-de-mer-sea-plant-vitamin-essence\/\" \/>\n<meta property=\"og:locale\" content=\"de_DE\" \/>\n<meta property=\"og:type\" content=\"article\" \/>\n<meta property=\"og:title\" content=\"Fleurs De Mer Sea Plant Vitamin Essence - Dutch Health Store\" \/>\n<meta property=\"og:description\" content=\"Fleurs De Mer ist eine vitale Gesichtsessenz, die entwickelt wurde, um essenzielle Vitamine, Mineralien und Phyton\u00e4hrstoffe tief in die Haut zu transportieren.\" \/>\n<meta property=\"og:url\" content=\"https:\/\/dutchhealthstore.com\/de\/product\/fleurs-de-mer-sea-plant-vitamin-essence\/\" \/>\n<meta property=\"og:site_name\" content=\"Dutch Health Store\" \/>\n<meta property=\"article:publisher\" content=\"https:\/\/www.instagram.com\/dutchhealthstore\/\" \/>\n<meta property=\"og:image\" content=\"https:\/\/dutchhealthstore.com\/wp-content\/uploads\/2026\/02\/Untitled-design-2026-02-16T154222.939.jpg\" \/>\n\t<meta property=\"og:image:width\" content=\"530\" \/>\n\t<meta property=\"og:image:height\" content=\"530\" \/>\n\t<meta property=\"og:image:type\" content=\"image\/jpeg\" \/>\n<meta name=\"twitter:card\" content=\"summary_large_image\" \/>\n<meta name=\"twitter:label1\" content=\"Preis\" \/>\n\t<meta name=\"twitter:data1\" content=\"&euro;44,00\" \/>\n\t<meta name=\"twitter:label2\" content=\"Verf\u00fcgbarkeit\" \/>\n\t<meta name=\"twitter:data2\" content=\"ausverkauft\" \/>\n<script type=\"application\/ld+json\" class=\"yoast-schema-graph\">{\"@context\":\"https:\/\/schema.org\",\"@graph\":[{\"@type\":\"WebPage\",\"@id\":\"https:\/\/dutchhealthstore.com\/de\/product\/fleurs-de-mer-sea-plant-vitamin-essence\/\",\"url\":\"https:\/\/dutchhealthstore.com\/de\/product\/fleurs-de-mer-sea-plant-vitamin-essence\/\",\"name\":\"Fleurs De Mer Sea Plant Vitamin Essence - Tidelands House\",\"isPartOf\":{\"@id\":\"https:\/\/dutchhealthstore.com\/de\/#website\"},\"primaryImageOfPage\":{\"@id\":\"https:\/\/dutchhealthstore.com\/de\/product\/fleurs-de-mer-sea-plant-vitamin-essence\/#primaryimage\"},\"image\":{\"@id\":\"https:\/\/dutchhealthstore.com\/de\/product\/fleurs-de-mer-sea-plant-vitamin-essence\/#primaryimage\"},\"thumbnailUrl\":\"https:\/\/dutchhealthstore.com\/wp-content\/uploads\/2026\/02\/Untitled-design-2026-02-16T154222.939.jpg\",\"datePublished\":\"2026-02-23T11:21:27+00:00\",\"description\":\"Fleurs De Mer ist eine vitale Gesichtsessenz, die entwickelt wurde, um essenzielle Vitamine, Mineralien und Phyton\u00e4hrstoffe tief in die Haut zu transportieren.\",\"breadcrumb\":{\"@id\":\"https:\/\/dutchhealthstore.com\/de\/product\/fleurs-de-mer-sea-plant-vitamin-essence\/#breadcrumb\"},\"inLanguage\":\"de\",\"potentialAction\":[{\"@type\":\"ReadAction\",\"target\":[\"https:\/\/dutchhealthstore.com\/de\/product\/fleurs-de-mer-sea-plant-vitamin-essence\/\"]}]},{\"@type\":\"ImageObject\",\"inLanguage\":\"de\",\"@id\":\"https:\/\/dutchhealthstore.com\/de\/product\/fleurs-de-mer-sea-plant-vitamin-essence\/#primaryimage\",\"url\":\"https:\/\/dutchhealthstore.com\/wp-content\/uploads\/2026\/02\/Untitled-design-2026-02-16T154222.939.jpg\",\"contentUrl\":\"https:\/\/dutchhealthstore.com\/wp-content\/uploads\/2026\/02\/Untitled-design-2026-02-16T154222.939.jpg\",\"width\":530,\"height\":530,\"caption\":\"tidelands-house-fleurs-de-mer\"},{\"@type\":\"BreadcrumbList\",\"@id\":\"https:\/\/dutchhealthstore.com\/de\/product\/fleurs-de-mer-sea-plant-vitamin-essence\/#breadcrumb\",\"itemListElement\":[{\"@type\":\"ListItem\",\"position\":1,\"name\":\"Home\",\"item\":\"https:\/\/dutchhealthstore.com\/de\/\"},{\"@type\":\"ListItem\",\"position\":2,\"name\":\"Shop\",\"item\":\"https:\/\/dutchhealthstore.com\/de\/shop-2\/\"},{\"@type\":\"ListItem\",\"position\":3,\"name\":\"Fleurs De Mer Sea Plant Vitamin Essence\"}]},{\"@type\":\"WebSite\",\"@id\":\"https:\/\/dutchhealthstore.com\/de\/#website\",\"url\":\"https:\/\/dutchhealthstore.com\/de\/\",\"name\":\"Dutch Health Store\",\"description\":\"Enhance Your Beauty with Organic &amp; Natural Skincare\",\"publisher\":{\"@id\":\"https:\/\/dutchhealthstore.com\/de\/#organization\"},\"potentialAction\":[{\"@type\":\"SearchAction\",\"target\":{\"@type\":\"EntryPoint\",\"urlTemplate\":\"https:\/\/dutchhealthstore.com\/de\/?s={search_term_string}\"},\"query-input\":{\"@type\":\"PropertyValueSpecification\",\"valueRequired\":true,\"valueName\":\"search_term_string\"}}],\"inLanguage\":\"de\"},{\"@type\":\"Organization\",\"@id\":\"https:\/\/dutchhealthstore.com\/de\/#organization\",\"name\":\"Dutch Health Store\",\"url\":\"https:\/\/dutchhealthstore.com\/de\/\",\"logo\":{\"@type\":\"ImageObject\",\"inLanguage\":\"de\",\"@id\":\"https:\/\/dutchhealthstore.com\/de\/#\/schema\/logo\/image\/\",\"url\":\"https:\/\/dutchhealthstore.com\/wp-content\/uploads\/2020\/08\/logo-dutchhealthstore-jpg-e1599484957574.jpg\",\"contentUrl\":\"https:\/\/dutchhealthstore.com\/wp-content\/uploads\/2020\/08\/logo-dutchhealthstore-jpg-e1599484957574.jpg\",\"width\":400,\"height\":62,\"caption\":\"Dutch Health Store\"},\"image\":{\"@id\":\"https:\/\/dutchhealthstore.com\/de\/#\/schema\/logo\/image\/\"},\"sameAs\":[\"https:\/\/www.instagram.com\/dutchhealthstore\/\",\"https:\/\/www.facebook.com\/dutchhealthstore\"]}]}<\/script>\n<meta property=\"product:brand\" content=\"Tidelands House\" \/>\n<meta property=\"product:price:amount\" content=\"44.00\" \/>\n<meta property=\"product:price:currency\" content=\"EUR\" \/>\n<meta property=\"og:availability\" content=\"out of stock\" \/>\n<meta property=\"product:availability\" content=\"out of stock\" \/>\n<meta property=\"product:condition\" content=\"new\" \/>\n<!-- \/ Yoast SEO Premium plugin. -->","yoast_head_json":{"title":"Fleurs De Mer Sea Plant Vitamin Essence - Tidelands House","description":"Fleurs De Mer ist eine vitale Gesichtsessenz, die entwickelt wurde, um essenzielle Vitamine, Mineralien und Phyton\u00e4hrstoffe tief in die Haut zu transportieren.","robots":{"index":"index","follow":"follow","max-snippet":"max-snippet:-1","max-image-preview":"max-image-preview:large","max-video-preview":"max-video-preview:-1"},"canonical":"https:\/\/dutchhealthstore.com\/de\/product\/fleurs-de-mer-sea-plant-vitamin-essence\/","og_locale":"de_DE","og_type":"article","og_title":"Fleurs De Mer Sea Plant Vitamin Essence - Dutch Health Store","og_description":"Fleurs De Mer ist eine vitale Gesichtsessenz, die entwickelt wurde, um essenzielle Vitamine, Mineralien und Phyton\u00e4hrstoffe tief in die Haut zu transportieren.","og_url":"https:\/\/dutchhealthstore.com\/de\/product\/fleurs-de-mer-sea-plant-vitamin-essence\/","og_site_name":"Dutch Health Store","article_publisher":"https:\/\/www.instagram.com\/dutchhealthstore\/","og_image":[{"width":530,"height":530,"url":"https:\/\/dutchhealthstore.com\/wp-content\/uploads\/2026\/02\/Untitled-design-2026-02-16T154222.939.jpg","type":"image\/jpeg"}],"twitter_card":"summary_large_image","twitter_misc":{"Preis":"&euro;44,00","Verf\u00fcgbarkeit":"ausverkauft"},"schema":{"@context":"https:\/\/schema.org","@graph":[{"@type":"WebPage","@id":"https:\/\/dutchhealthstore.com\/de\/product\/fleurs-de-mer-sea-plant-vitamin-essence\/","url":"https:\/\/dutchhealthstore.com\/de\/product\/fleurs-de-mer-sea-plant-vitamin-essence\/","name":"Fleurs De Mer Sea Plant Vitamin Essence - Tidelands House","isPartOf":{"@id":"https:\/\/dutchhealthstore.com\/de\/#website"},"primaryImageOfPage":{"@id":"https:\/\/dutchhealthstore.com\/de\/product\/fleurs-de-mer-sea-plant-vitamin-essence\/#primaryimage"},"image":{"@id":"https:\/\/dutchhealthstore.com\/de\/product\/fleurs-de-mer-sea-plant-vitamin-essence\/#primaryimage"},"thumbnailUrl":"https:\/\/dutchhealthstore.com\/wp-content\/uploads\/2026\/02\/Untitled-design-2026-02-16T154222.939.jpg","datePublished":"2026-02-23T11:21:27+00:00","description":"Fleurs De Mer ist eine vitale Gesichtsessenz, die entwickelt wurde, um essenzielle Vitamine, Mineralien und Phyton\u00e4hrstoffe tief in die Haut zu transportieren.","breadcrumb":{"@id":"https:\/\/dutchhealthstore.com\/de\/product\/fleurs-de-mer-sea-plant-vitamin-essence\/#breadcrumb"},"inLanguage":"de","potentialAction":[{"@type":"ReadAction","target":["https:\/\/dutchhealthstore.com\/de\/product\/fleurs-de-mer-sea-plant-vitamin-essence\/"]}]},{"@type":"ImageObject","inLanguage":"de","@id":"https:\/\/dutchhealthstore.com\/de\/product\/fleurs-de-mer-sea-plant-vitamin-essence\/#primaryimage","url":"https:\/\/dutchhealthstore.com\/wp-content\/uploads\/2026\/02\/Untitled-design-2026-02-16T154222.939.jpg","contentUrl":"https:\/\/dutchhealthstore.com\/wp-content\/uploads\/2026\/02\/Untitled-design-2026-02-16T154222.939.jpg","width":530,"height":530,"caption":"tidelands-house-fleurs-de-mer"},{"@type":"BreadcrumbList","@id":"https:\/\/dutchhealthstore.com\/de\/product\/fleurs-de-mer-sea-plant-vitamin-essence\/#breadcrumb","itemListElement":[{"@type":"ListItem","position":1,"name":"Home","item":"https:\/\/dutchhealthstore.com\/de\/"},{"@type":"ListItem","position":2,"name":"Shop","item":"https:\/\/dutchhealthstore.com\/de\/shop-2\/"},{"@type":"ListItem","position":3,"name":"Fleurs De Mer Sea Plant Vitamin Essence"}]},{"@type":"WebSite","@id":"https:\/\/dutchhealthstore.com\/de\/#website","url":"https:\/\/dutchhealthstore.com\/de\/","name":"Dutch Health Store","description":"Enhance Your Beauty with Organic &amp; Natural Skincare","publisher":{"@id":"https:\/\/dutchhealthstore.com\/de\/#organization"},"potentialAction":[{"@type":"SearchAction","target":{"@type":"EntryPoint","urlTemplate":"https:\/\/dutchhealthstore.com\/de\/?s={search_term_string}"},"query-input":{"@type":"PropertyValueSpecification","valueRequired":true,"valueName":"search_term_string"}}],"inLanguage":"de"},{"@type":"Organization","@id":"https:\/\/dutchhealthstore.com\/de\/#organization","name":"Dutch Health Store","url":"https:\/\/dutchhealthstore.com\/de\/","logo":{"@type":"ImageObject","inLanguage":"de","@id":"https:\/\/dutchhealthstore.com\/de\/#\/schema\/logo\/image\/","url":"https:\/\/dutchhealthstore.com\/wp-content\/uploads\/2020\/08\/logo-dutchhealthstore-jpg-e1599484957574.jpg","contentUrl":"https:\/\/dutchhealthstore.com\/wp-content\/uploads\/2020\/08\/logo-dutchhealthstore-jpg-e1599484957574.jpg","width":400,"height":62,"caption":"Dutch Health Store"},"image":{"@id":"https:\/\/dutchhealthstore.com\/de\/#\/schema\/logo\/image\/"},"sameAs":["https:\/\/www.instagram.com\/dutchhealthstore\/","https:\/\/www.facebook.com\/dutchhealthstore"]}]},"product_brand":"Tidelands House","product_price_amount":"44.00","product_price_currency":"EUR","og_availability":"out of stock","product_availability":"out of stock","product_condition":"new"},"_links":{"self":[{"href":"https:\/\/dutchhealthstore.com\/de\/wp-json\/wp\/v2\/product\/372488","targetHints":{"allow":["GET"]}}],"collection":[{"href":"https:\/\/dutchhealthstore.com\/de\/wp-json\/wp\/v2\/product"}],"about":[{"href":"https:\/\/dutchhealthstore.com\/de\/wp-json\/wp\/v2\/types\/product"}],"replies":[{"embeddable":true,"href":"https:\/\/dutchhealthstore.com\/de\/wp-json\/wp\/v2\/comments?post=372488"}],"wp:featuredmedia":[{"embeddable":true,"href":"https:\/\/dutchhealthstore.com\/de\/wp-json\/wp\/v2\/media\/371618"}],"wp:attachment":[{"href":"https:\/\/dutchhealthstore.com\/de\/wp-json\/wp\/v2\/media?parent=372488"}],"wp:term":[{"taxonomy":"product_brand","embeddable":true,"href":"https:\/\/dutchhealthstore.com\/de\/wp-json\/wp\/v2\/product_brand?post=372488"},{"taxonomy":"product_cat","embeddable":true,"href":"https:\/\/dutchhealthstore.com\/de\/wp-json\/wp\/v2\/product_cat?post=372488"},{"taxonomy":"product_tag","embeddable":true,"href":"https:\/\/dutchhealthstore.com\/de\/wp-json\/wp\/v2\/product_tag?post=372488"}],"curies":[{"name":"wp","href":"https:\/\/api.w.org\/{rel}","templated":true}]}}