{"id":372483,"date":"2026-02-23T12:23:45","date_gmt":"2026-02-23T11:23:45","guid":{"rendered":"https:\/\/dutchhealthstore.com\/product\/fallen-fruit-luminous-nectar-drops\/"},"modified":"2026-03-23T14:29:29","modified_gmt":"2026-03-23T13:29:29","slug":"fallen-fruit-luminous-nectar-drops","status":"publish","type":"product","link":"https:\/\/dutchhealthstore.com\/de\/product\/fallen-fruit-luminous-nectar-drops\/","title":{"rendered":"Fallen Fruit Luminous Nectar Drops"},"content":{"rendered":"<p>Diese n\u00e4hrstoffreichen Pflanzenstoffe werden langsam mazeriert, um ihre volle Vitalit\u00e4t freizusetzen.<\/p>\n<p>Das Ergebnis ist ein taufrischer Nektar, der die Haut in langanhaltende Feuchtigkeit h\u00fcllt. Er verleiht dem Teint ein pralles, glattes und straffes Gef\u00fchl und bereitet ihn perfekt auf Ihr Gesichtsserum und Ihren Balsam vor. <\/p>\n<p><strong>Philosophy of Flowers<\/strong><\/p>\n<p>Rosenfr\u00fcchte-Ferment, reifer Sumach, bl\u00fchender Hibiskus, konservierte Schafgarben-Essenz und steinvermahlene Taigawurzel bilden das lebendige Herzst\u00fcck dieser strahlenden Formel.<\/p>\n<h3>Das Ritual<\/h3>\n<p>Vor Gebrauch gut sch\u00fctteln, um die biodynamischen Pflanzenessenzen gleichm\u00e4\u00dfig zu verteilen.<\/p>\n<p>Tragen Sie 5\u201310 Tropfen mit den Fingerspitzen auf die frisch gereinigte Haut auf. Lassen Sie den Nektar etwa 30 Sekunden einziehen, bevor Sie Ihr Gesichtsserum auftragen. <\/p>\n<p>F\u00fcr tiefere Hydratation folgen Sie mit einem konzentrierten Gesichtsbalsam. Sie k\u00f6nnen den Nektar und das Serum auch in Ihrer Handfl\u00e4che mischen, bevor Sie sie auf die Haut auftragen. <\/p>\n<h3>Aktive Botanicals<\/h3>\n<p><em>Irisches Moos<\/em><\/p>\n<p>Handgeerntet an den K\u00fcsten von Prince Edward Island, ist Irisches Moos reich an Kalzium, Schwefel, Magnesium, Kalium, Vitamin A und Vitamin K. Sein nat\u00fcrlicher Schleim spendet der Haut tiefe Feuchtigkeit, hilft feine Linien zu mildern und sch\u00fctzt vor Umweltstress, ohne die Poren zu verstopfen.<\/p>\n<p><em>Hibiskusbl\u00fcten<\/em><\/p>\n<p>Hibiskus ist bekannt f\u00fcr seine kraftvollen hautunterst\u00fctzenden Eigenschaften. Nat\u00fcrlich reich an Alpha-Hydroxys\u00e4uren, f\u00f6rdert er sanfte Exfoliation und Zellerneuerung. Er hilft zudem zu straffen, zu tonisieren und die Elastizit\u00e4t zu verbessern, w\u00e4hrend er Entz\u00fcndungen beruhigt.  <\/p>\n<p><em>Sumachbeere<\/em><\/p>\n<p>Eine antioxidantienreiche Beere mit einem der h\u00f6chsten bekannten Antioxidantienwerte unter Lebensmitteln und Gew\u00fcrzen. Sumach hilft, die Haut vor oxidativem Stress zu sch\u00fctzen und unterst\u00fctzt die Gesundheit von Kollagen und Elastin. <\/p>\n<p><em>Taigawurzel<\/em><\/p>\n<p>Eine adaptogene Wurzel, reich an Mineralien, Antioxidantien und Vitaminen. Sie hilft, Entz\u00fcndungen zu beruhigen und unterst\u00fctzt die Kollagenproduktion, wodurch eine verbesserte Zellerneuerung und ein strafferes Erscheinungsbild gef\u00f6rdert werden. <\/p>\n<p><em>Eibischwurzel<\/em><\/p>\n<p>Ein nat\u00fcrlicher Feuchthaltefaktor, der Feuchtigkeit in die Haut zieht und den Hydratationsgrad erh\u00f6ht. Seine Flavonoide bieten beruhigende, entz\u00fcndungshemmende Unterst\u00fctzung und helfen, vor UV- und freien Radikalen zu sch\u00fctzen. <\/p>\n<p><em>Neuschottische Rosenfrucht<\/em><\/p>\n<p>Reich an Vitamin C, erneuert die Rosenfrucht sanft die \u00e4u\u00dfere Hautschicht und n\u00e4hrt sie tiefenwirksam. Sie unterst\u00fctzt die Kollagenproduktion, beruhigt Entz\u00fcndungen und steigert Ausstrahlung und Vitalit\u00e4t. <\/p>\n<p><em>Astragalus-Wurzel<\/em><\/p>\n<p>Ein kraftvoller entz\u00fcndungshemmender Pflanzenstoff, der die Festigkeit des Bindegewebes unterst\u00fctzt. Er kann helfen, den durch UV-Strahlung und Umweltstress verursachten Kollagenabbau zu reduzieren. <\/p>\n<p><em>Gotu Kola<\/em><\/p>\n<p>Bekannt f\u00fcr die F\u00f6rderung der Kollagenproduktion, n\u00e4hrt Gotu Kola das Bindegewebe und unterst\u00fctzt eine feste, widerstandsf\u00e4hige und gesund aussehende Haut.<\/p>\n<p><strong><em>Alle Inhaltsstoffe sind biologisch, wildgesammelt und nachhaltig, ethisch und regional bezogen.<\/em><\/strong><\/p>\n<p><strong>Gr\u00f6\u00dfe: 50 ml<\/strong><\/p>\n<h2><strong>Nat\u00fcrliche \/ biologische Inhaltsstoffe <\/strong><\/h2>\n<p>Hauseigene Vollpflanzen-Extraktionen und Essenzen aus neuschottischer Rosenfrucht (<em>Rosa rugosa<\/em>), Schisandra-Beeren-Ferment (<em>Schisandra chinensis<\/em>), reifer Sumachfrucht (<em>Rhus typhina<\/em>), Hibiskusbl\u00fcte (<em>Hibiscus sabdariffa<\/em>), Eibischwurzel (<em>Althaea officinalis<\/em>), Gotu Kola (<em>Centella asiatica<\/em>), PEI Irischem Moos (<em>Chondrus crispus<\/em>), Tragant-Wurzel (<em>Astragalus membranaceus<\/em>), Wegerichblatt (<em>Plantago major<\/em>), Jasmin-Gr\u00fcntee (<em>Camellia sinensis<\/em>), Holunderbl\u00fcte (<em>Sambucus nigra<\/em>), Zitronenmelisse (<em>Melissa officinalis<\/em>), Taigawurzel (<em>Eleutherococcus senticosus<\/em>), Hamamelis-Tinktur (<em>Hamamelis virginiana<\/em>), biodynamischem Flachs-Glycerin (<em>Linum usitatissimum<\/em>), Aloe-Blatt-Tinktur (<em>Aloe barbadensis<\/em>), fermentierter Rettich-Wurzel (<em>Raphanus sativus<\/em>), Kamillenbl\u00fcte (<em>Matricaria recutita<\/em>), wilder Schafgarbe (<em>Achillea millefolium<\/em>).<\/p>\n\n\t<section class=\"section dark\" id=\"section_1579251407\">\n\t\t<div class=\"section-bg fill\" >\n\t\t\t<img fetchpriority=\"high\" decoding=\"async\" width=\"1200\" height=\"604\" src=\"https:\/\/dutchhealthstore.com\/wp-content\/uploads\/2026\/02\/bgux.jpg\" class=\"bg attachment- size-\" alt=\"\" \/>\t\t\t\t\t\t<div class=\"section-bg-overlay absolute fill\"><\/div>\n\t\t\t\n\n\t\t<\/div>\n\n\t\t\n\n\t\t<div class=\"section-content relative\">\n\t\t\t\n\n\t<div id=\"gap-1499087346\" class=\"gap-element clearfix\" style=\"display:block; height:auto;\">\n\t\t\n<style>\n#gap-1499087346 {\n  padding-top: 15px;\n}\n<\/style>\n\t<\/div>\n\t\n\n<div class=\"container section-title-container\" ><h3 class=\"section-title section-title-normal\"><b><\/b><span class=\"section-title-main\" >\u00dcber Tidelands House<\/span><b><\/b><\/h3><\/div>\n\n<div class=\"row\"  id=\"row-138705384\">\n\n\n\t<div id=\"col-36844101\" class=\"col small-12 large-12\"  >\n\t\t\t\t<div class=\"col-inner\"  >\n\t\t\t\n\t\t\t\n\n<p>Tidelands House ist ein kanadisches Atelier f\u00fcr botanische Hautpflege, das von der Kr\u00e4uterkundlerin Dominique Del Col gegr\u00fcndet wurde. Jede Rezeptur wird in Handarbeit in einem sonnendurchfluteten Destillierraum in einem restaurierten Steinhaus aus dem 19. Jahrhundert hergestellt, wo Kr\u00e4uter von Holzbalken h\u00e4ngen und Botanicals im Rhythmus der Jahreszeiten zubereitet werden.<\/p>\n<p>Wild gesammelte Pflanzen, biodynamischer Anbau und Meeresbotanicals von Kanadas Ostk\u00fcste bilden das Herzst\u00fcck jeder Zubereitung. Die Inhaltsstoffe werden zum Zeitpunkt ihrer h\u00f6chsten Vitalit\u00e4t geerntet und in Kleinstmengen verarbeitet, um Wirksamkeit, Frische und energetische Integrit\u00e4t zu bewahren. <\/p>\n<p>Keine synthetischen Zusatzstoffe. Keine unn\u00f6tigen F\u00fcllstoffe. Nur n\u00e4hrstoffreiche botanische Extrakte, fermentierte Bl\u00fctenessenzen und reine Pflanzen\u00f6le in traditionsbewusstem Milchglas.  <\/p>\n<p>Tidelands House ist langsame, bewusste Hautpflege \u2013 verwurzelt in der Natur, im Ritual und im Respekt vor Tradition sowie moderner botanischer Wissenschaft.<\/p>\n\n\n\t\t<\/div>\n\t\t\t\t\t<\/div>\n\n\t\n\n<\/div>\n\n\t\t<\/div>\n\n\t\t\n<style>\n#section_1579251407 {\n  padding-top: 30px;\n  padding-bottom: 30px;\n  background-color: rgb(40, 40, 40);\n}\n#section_1579251407 .section-bg-overlay {\n  background-color: rgba(0, 0, 0, 0.477);\n}\n#section_1579251407 .section-bg img {\n  object-position: 51% 73%;\n}\n<\/style>\n\t<\/section>\n\t\n","protected":false},"excerpt":{"rendered":"<p>Fallen Fruit Luminous Nectar Drops ist eine leichte, feuchtigkeitsspendende Essenz aus baumgereiften regionalen Fr\u00fcchten, kombiniert mit frischen Bl\u00fcten, wilden Wurzeln und Meeresalgen.<\/p>\n","protected":false},"featured_media":371605,"comment_status":"open","ping_status":"closed","template":"","meta":[],"product_brand":[],"product_cat":[14735,20921,20951,20946,20952,5064,1227,5669,5061,1032,1210,1910,20907,5062,5636,5101,511,13175,22207,5667,5668,4663,5670,5671,5634,5063],"product_tag":[],"class_list":{"0":"post-372483","1":"product","2":"type-product","3":"status-publish","4":"has-post-thumbnail","6":"product_cat-hautpflege","7":"product_cat-reife-alternde-haut","8":"product_cat-toner","9":"product_cat-trocken-de","10":"product_cat-trocken-de-2","11":"product_cat-sensitive-skin-redness-de-5","12":"product_cat-sensitive-skin-redness-de","13":"product_cat-oily-skin-clogged-pores-de","14":"product_cat-oily-skin-clogged-pores-de-5","15":"product_cat-kategorien","16":"product_cat-marken","17":"product_cat-neue-produkte","18":"product_cat-new-additions-skincare-de","19":"product_cat-normal-or-combination-skin-de-6","20":"product_cat-normal-or-combination-skin-de-2","21":"product_cat-by-skin-type-de-4","22":"product_cat-produkte","23":"product_cat-skincare-de-2","24":"product_cat-tidelands-house","25":"product_cat-toners-de-4","26":"product_cat-toners-de-5","27":"product_cat-toners-de-3","28":"product_cat-toners-de-6","29":"product_cat-toners-de-2","30":"product_cat-dry-mature-ageing-skin-de-2","31":"product_cat-dry-mature-ageing-skin-de-6","32":"pa_brand-tidelands-house","33":"pa_gtin-22253","34":"pa_size-50-ml-de","35":"pa_skincare-type-face-oil-and-serums-de","37":"first","38":"instock","39":"taxable","40":"shipping-taxable","41":"purchasable","42":"product-type-simple"},"bundled_by":[],"bundle_stock_status":"instock","bundle_stock_quantity":5,"bundle_virtual":false,"bundle_layout":"","bundle_add_to_cart_form_location":"","bundle_editable_in_cart":false,"bundle_sold_individually_context":"","bundle_item_grouping":"","bundle_min_size":"","bundle_max_size":"","bundle_price":[],"bundled_items":[],"bundle_sell_ids":[372690],"atum_controlled":true,"out_stock_date":null,"out_stock_threshold":null,"inheritable":false,"stock_on_hold":0,"sold_today":0,"sales_last_days":0,"out_stock_days":0,"lost_sales":0,"update_date":"2026-04-09T05:06:33","atum_locations":[],"atum_stock_status":"instock","restock_status":false,"low_stock_amount":"","sales_update_date":"2026-04-09T05:06:33","calc_backorders":null,"group_of_quantity":0,"min_quantity":0,"max_quantity":"","exclude_order_quantity_value_rules":"no","exclude_category_quantity_rules":"no","combine_variations":"no","yoast_head":"<!-- This site is optimized with the Yoast SEO Premium plugin v26.5 (Yoast SEO v26.5) - https:\/\/yoast.com\/wordpress\/plugins\/seo\/ -->\n<title>Fallen Fruit Luminous Nectar Drops - Tidelands House<\/title>\n<meta name=\"description\" content=\"Fallen Fruit Luminous Nectar Drops ist eine leichte, feuchtigkeitsspendende Essenz aus baumgereiften regionalen Fr\u00fcchten, kombiniert mit frischen Bl\u00fcten, wilden Wurzeln und Meeresalgen.\" \/>\n<meta name=\"robots\" content=\"index, follow, max-snippet:-1, max-image-preview:large, max-video-preview:-1\" \/>\n<link rel=\"canonical\" href=\"https:\/\/dutchhealthstore.com\/de\/product\/fallen-fruit-luminous-nectar-drops\/\" \/>\n<meta property=\"og:locale\" content=\"de_DE\" \/>\n<meta property=\"og:type\" content=\"article\" \/>\n<meta property=\"og:title\" content=\"Fallen Fruit Luminous Nectar Drops - Dutch Health Store\" \/>\n<meta property=\"og:description\" content=\"Fallen Fruit Luminous Nectar Drops ist eine leichte, feuchtigkeitsspendende Essenz aus baumgereiften regionalen Fr\u00fcchten, kombiniert mit frischen Bl\u00fcten, wilden Wurzeln und Meeresalgen.\" \/>\n<meta property=\"og:url\" content=\"https:\/\/dutchhealthstore.com\/de\/product\/fallen-fruit-luminous-nectar-drops\/\" \/>\n<meta property=\"og:site_name\" content=\"Dutch Health Store\" \/>\n<meta property=\"article:publisher\" content=\"https:\/\/www.instagram.com\/dutchhealthstore\/\" \/>\n<meta property=\"article:modified_time\" content=\"2026-03-23T13:29:29+00:00\" \/>\n<meta property=\"og:image\" content=\"https:\/\/dutchhealthstore.com\/wp-content\/uploads\/2026\/02\/Untitled-design-2026-02-16T153045.926.jpg\" \/>\n\t<meta property=\"og:image:width\" content=\"530\" \/>\n\t<meta property=\"og:image:height\" content=\"530\" \/>\n\t<meta property=\"og:image:type\" content=\"image\/jpeg\" \/>\n<meta name=\"twitter:card\" content=\"summary_large_image\" \/>\n<meta name=\"twitter:label1\" content=\"Preis\" \/>\n\t<meta name=\"twitter:data1\" content=\"&euro;44,00\" \/>\n\t<meta name=\"twitter:label2\" content=\"Verf\u00fcgbarkeit\" \/>\n\t<meta name=\"twitter:data2\" content=\"Auf Lager\" \/>\n<script type=\"application\/ld+json\" class=\"yoast-schema-graph\">{\"@context\":\"https:\/\/schema.org\",\"@graph\":[{\"@type\":\"WebPage\",\"@id\":\"https:\/\/dutchhealthstore.com\/de\/product\/fallen-fruit-luminous-nectar-drops\/\",\"url\":\"https:\/\/dutchhealthstore.com\/de\/product\/fallen-fruit-luminous-nectar-drops\/\",\"name\":\"Fallen Fruit Luminous Nectar Drops - Tidelands House\",\"isPartOf\":{\"@id\":\"https:\/\/dutchhealthstore.com\/de\/#website\"},\"primaryImageOfPage\":{\"@id\":\"https:\/\/dutchhealthstore.com\/de\/product\/fallen-fruit-luminous-nectar-drops\/#primaryimage\"},\"image\":{\"@id\":\"https:\/\/dutchhealthstore.com\/de\/product\/fallen-fruit-luminous-nectar-drops\/#primaryimage\"},\"thumbnailUrl\":\"https:\/\/dutchhealthstore.com\/wp-content\/uploads\/2026\/02\/Untitled-design-2026-02-16T153045.926.jpg\",\"datePublished\":\"2026-02-23T11:23:45+00:00\",\"dateModified\":\"2026-03-23T13:29:29+00:00\",\"description\":\"Fallen Fruit Luminous Nectar Drops ist eine leichte, feuchtigkeitsspendende Essenz aus baumgereiften regionalen Fr\u00fcchten, kombiniert mit frischen Bl\u00fcten, wilden Wurzeln und Meeresalgen.\",\"breadcrumb\":{\"@id\":\"https:\/\/dutchhealthstore.com\/de\/product\/fallen-fruit-luminous-nectar-drops\/#breadcrumb\"},\"inLanguage\":\"de\",\"potentialAction\":[{\"@type\":\"ReadAction\",\"target\":[\"https:\/\/dutchhealthstore.com\/de\/product\/fallen-fruit-luminous-nectar-drops\/\"]}]},{\"@type\":\"ImageObject\",\"inLanguage\":\"de\",\"@id\":\"https:\/\/dutchhealthstore.com\/de\/product\/fallen-fruit-luminous-nectar-drops\/#primaryimage\",\"url\":\"https:\/\/dutchhealthstore.com\/wp-content\/uploads\/2026\/02\/Untitled-design-2026-02-16T153045.926.jpg\",\"contentUrl\":\"https:\/\/dutchhealthstore.com\/wp-content\/uploads\/2026\/02\/Untitled-design-2026-02-16T153045.926.jpg\",\"width\":530,\"height\":530,\"caption\":\"tidelands-house-fallen-fruit-drops\"},{\"@type\":\"BreadcrumbList\",\"@id\":\"https:\/\/dutchhealthstore.com\/de\/product\/fallen-fruit-luminous-nectar-drops\/#breadcrumb\",\"itemListElement\":[{\"@type\":\"ListItem\",\"position\":1,\"name\":\"Home\",\"item\":\"https:\/\/dutchhealthstore.com\/de\/\"},{\"@type\":\"ListItem\",\"position\":2,\"name\":\"Shop\",\"item\":\"https:\/\/dutchhealthstore.com\/de\/shop-2\/\"},{\"@type\":\"ListItem\",\"position\":3,\"name\":\"Fallen Fruit Luminous Nectar Drops\"}]},{\"@type\":\"WebSite\",\"@id\":\"https:\/\/dutchhealthstore.com\/de\/#website\",\"url\":\"https:\/\/dutchhealthstore.com\/de\/\",\"name\":\"Dutch Health Store\",\"description\":\"Enhance Your Beauty with Organic &amp; Natural Skincare\",\"publisher\":{\"@id\":\"https:\/\/dutchhealthstore.com\/de\/#organization\"},\"potentialAction\":[{\"@type\":\"SearchAction\",\"target\":{\"@type\":\"EntryPoint\",\"urlTemplate\":\"https:\/\/dutchhealthstore.com\/de\/?s={search_term_string}\"},\"query-input\":{\"@type\":\"PropertyValueSpecification\",\"valueRequired\":true,\"valueName\":\"search_term_string\"}}],\"inLanguage\":\"de\"},{\"@type\":\"Organization\",\"@id\":\"https:\/\/dutchhealthstore.com\/de\/#organization\",\"name\":\"Dutch Health Store\",\"url\":\"https:\/\/dutchhealthstore.com\/de\/\",\"logo\":{\"@type\":\"ImageObject\",\"inLanguage\":\"de\",\"@id\":\"https:\/\/dutchhealthstore.com\/de\/#\/schema\/logo\/image\/\",\"url\":\"https:\/\/dutchhealthstore.com\/wp-content\/uploads\/2020\/08\/logo-dutchhealthstore-jpg-e1599484957574.jpg\",\"contentUrl\":\"https:\/\/dutchhealthstore.com\/wp-content\/uploads\/2020\/08\/logo-dutchhealthstore-jpg-e1599484957574.jpg\",\"width\":400,\"height\":62,\"caption\":\"Dutch Health Store\"},\"image\":{\"@id\":\"https:\/\/dutchhealthstore.com\/de\/#\/schema\/logo\/image\/\"},\"sameAs\":[\"https:\/\/www.instagram.com\/dutchhealthstore\/\",\"https:\/\/www.facebook.com\/dutchhealthstore\"]}]}<\/script>\n<meta property=\"product:brand\" content=\"Tidelands House\" \/>\n<meta property=\"product:price:amount\" content=\"44.00\" \/>\n<meta property=\"product:price:currency\" content=\"EUR\" \/>\n<meta property=\"og:availability\" content=\"instock\" \/>\n<meta property=\"product:availability\" content=\"instock\" \/>\n<meta property=\"product:condition\" content=\"new\" \/>\n<!-- \/ Yoast SEO Premium plugin. -->","yoast_head_json":{"title":"Fallen Fruit Luminous Nectar Drops - Tidelands House","description":"Fallen Fruit Luminous Nectar Drops ist eine leichte, feuchtigkeitsspendende Essenz aus baumgereiften regionalen Fr\u00fcchten, kombiniert mit frischen Bl\u00fcten, wilden Wurzeln und Meeresalgen.","robots":{"index":"index","follow":"follow","max-snippet":"max-snippet:-1","max-image-preview":"max-image-preview:large","max-video-preview":"max-video-preview:-1"},"canonical":"https:\/\/dutchhealthstore.com\/de\/product\/fallen-fruit-luminous-nectar-drops\/","og_locale":"de_DE","og_type":"article","og_title":"Fallen Fruit Luminous Nectar Drops - Dutch Health Store","og_description":"Fallen Fruit Luminous Nectar Drops ist eine leichte, feuchtigkeitsspendende Essenz aus baumgereiften regionalen Fr\u00fcchten, kombiniert mit frischen Bl\u00fcten, wilden Wurzeln und Meeresalgen.","og_url":"https:\/\/dutchhealthstore.com\/de\/product\/fallen-fruit-luminous-nectar-drops\/","og_site_name":"Dutch Health Store","article_publisher":"https:\/\/www.instagram.com\/dutchhealthstore\/","article_modified_time":"2026-03-23T13:29:29+00:00","og_image":[{"width":530,"height":530,"url":"https:\/\/dutchhealthstore.com\/wp-content\/uploads\/2026\/02\/Untitled-design-2026-02-16T153045.926.jpg","type":"image\/jpeg"}],"twitter_card":"summary_large_image","twitter_misc":{"Preis":"&euro;44,00","Verf\u00fcgbarkeit":"Auf Lager"},"schema":{"@context":"https:\/\/schema.org","@graph":[{"@type":"WebPage","@id":"https:\/\/dutchhealthstore.com\/de\/product\/fallen-fruit-luminous-nectar-drops\/","url":"https:\/\/dutchhealthstore.com\/de\/product\/fallen-fruit-luminous-nectar-drops\/","name":"Fallen Fruit Luminous Nectar Drops - Tidelands House","isPartOf":{"@id":"https:\/\/dutchhealthstore.com\/de\/#website"},"primaryImageOfPage":{"@id":"https:\/\/dutchhealthstore.com\/de\/product\/fallen-fruit-luminous-nectar-drops\/#primaryimage"},"image":{"@id":"https:\/\/dutchhealthstore.com\/de\/product\/fallen-fruit-luminous-nectar-drops\/#primaryimage"},"thumbnailUrl":"https:\/\/dutchhealthstore.com\/wp-content\/uploads\/2026\/02\/Untitled-design-2026-02-16T153045.926.jpg","datePublished":"2026-02-23T11:23:45+00:00","dateModified":"2026-03-23T13:29:29+00:00","description":"Fallen Fruit Luminous Nectar Drops ist eine leichte, feuchtigkeitsspendende Essenz aus baumgereiften regionalen Fr\u00fcchten, kombiniert mit frischen Bl\u00fcten, wilden Wurzeln und Meeresalgen.","breadcrumb":{"@id":"https:\/\/dutchhealthstore.com\/de\/product\/fallen-fruit-luminous-nectar-drops\/#breadcrumb"},"inLanguage":"de","potentialAction":[{"@type":"ReadAction","target":["https:\/\/dutchhealthstore.com\/de\/product\/fallen-fruit-luminous-nectar-drops\/"]}]},{"@type":"ImageObject","inLanguage":"de","@id":"https:\/\/dutchhealthstore.com\/de\/product\/fallen-fruit-luminous-nectar-drops\/#primaryimage","url":"https:\/\/dutchhealthstore.com\/wp-content\/uploads\/2026\/02\/Untitled-design-2026-02-16T153045.926.jpg","contentUrl":"https:\/\/dutchhealthstore.com\/wp-content\/uploads\/2026\/02\/Untitled-design-2026-02-16T153045.926.jpg","width":530,"height":530,"caption":"tidelands-house-fallen-fruit-drops"},{"@type":"BreadcrumbList","@id":"https:\/\/dutchhealthstore.com\/de\/product\/fallen-fruit-luminous-nectar-drops\/#breadcrumb","itemListElement":[{"@type":"ListItem","position":1,"name":"Home","item":"https:\/\/dutchhealthstore.com\/de\/"},{"@type":"ListItem","position":2,"name":"Shop","item":"https:\/\/dutchhealthstore.com\/de\/shop-2\/"},{"@type":"ListItem","position":3,"name":"Fallen Fruit Luminous Nectar Drops"}]},{"@type":"WebSite","@id":"https:\/\/dutchhealthstore.com\/de\/#website","url":"https:\/\/dutchhealthstore.com\/de\/","name":"Dutch Health Store","description":"Enhance Your Beauty with Organic &amp; Natural Skincare","publisher":{"@id":"https:\/\/dutchhealthstore.com\/de\/#organization"},"potentialAction":[{"@type":"SearchAction","target":{"@type":"EntryPoint","urlTemplate":"https:\/\/dutchhealthstore.com\/de\/?s={search_term_string}"},"query-input":{"@type":"PropertyValueSpecification","valueRequired":true,"valueName":"search_term_string"}}],"inLanguage":"de"},{"@type":"Organization","@id":"https:\/\/dutchhealthstore.com\/de\/#organization","name":"Dutch Health Store","url":"https:\/\/dutchhealthstore.com\/de\/","logo":{"@type":"ImageObject","inLanguage":"de","@id":"https:\/\/dutchhealthstore.com\/de\/#\/schema\/logo\/image\/","url":"https:\/\/dutchhealthstore.com\/wp-content\/uploads\/2020\/08\/logo-dutchhealthstore-jpg-e1599484957574.jpg","contentUrl":"https:\/\/dutchhealthstore.com\/wp-content\/uploads\/2020\/08\/logo-dutchhealthstore-jpg-e1599484957574.jpg","width":400,"height":62,"caption":"Dutch Health Store"},"image":{"@id":"https:\/\/dutchhealthstore.com\/de\/#\/schema\/logo\/image\/"},"sameAs":["https:\/\/www.instagram.com\/dutchhealthstore\/","https:\/\/www.facebook.com\/dutchhealthstore"]}]},"product_brand":"Tidelands House","product_price_amount":"44.00","product_price_currency":"EUR","og_availability":"instock","product_availability":"instock","product_condition":"new"},"_links":{"self":[{"href":"https:\/\/dutchhealthstore.com\/de\/wp-json\/wp\/v2\/product\/372483","targetHints":{"allow":["GET"]}}],"collection":[{"href":"https:\/\/dutchhealthstore.com\/de\/wp-json\/wp\/v2\/product"}],"about":[{"href":"https:\/\/dutchhealthstore.com\/de\/wp-json\/wp\/v2\/types\/product"}],"replies":[{"embeddable":true,"href":"https:\/\/dutchhealthstore.com\/de\/wp-json\/wp\/v2\/comments?post=372483"}],"wp:featuredmedia":[{"embeddable":true,"href":"https:\/\/dutchhealthstore.com\/de\/wp-json\/wp\/v2\/media\/371605"}],"wp:attachment":[{"href":"https:\/\/dutchhealthstore.com\/de\/wp-json\/wp\/v2\/media?parent=372483"}],"wp:term":[{"taxonomy":"product_brand","embeddable":true,"href":"https:\/\/dutchhealthstore.com\/de\/wp-json\/wp\/v2\/product_brand?post=372483"},{"taxonomy":"product_cat","embeddable":true,"href":"https:\/\/dutchhealthstore.com\/de\/wp-json\/wp\/v2\/product_cat?post=372483"},{"taxonomy":"product_tag","embeddable":true,"href":"https:\/\/dutchhealthstore.com\/de\/wp-json\/wp\/v2\/product_tag?post=372483"}],"curies":[{"name":"wp","href":"https:\/\/api.w.org\/{rel}","templated":true}]}}