{"id":361010,"date":"2025-10-30T19:46:34","date_gmt":"2025-10-30T18:46:34","guid":{"rendered":"https:\/\/dutchhealthstore.com\/product\/nourish-shine-hair-oil\/"},"modified":"2026-03-04T11:58:21","modified_gmt":"2026-03-04T10:58:21","slug":"nourish-shine-hair-oil","status":"publish","type":"product","link":"https:\/\/dutchhealthstore.com\/de\/product\/nourish-shine-hair-oil\/","title":{"rendered":"Nourish &amp; Shine Hair Oil"},"content":{"rendered":"<p>Diese ultraleichte botanische Mischung wurde speziell f\u00fcr schwaches oder d\u00fcnner werdendes Haar entwickelt und unterst\u00fctzt eine gesunde Kopfhaut, stellt die Vitalit\u00e4t wieder her und verbessert den nat\u00fcrlichen Glanz, ohne das Haar zu beschweren. Angereichert mit feuchtigkeitsspendenden Pflanzen\u00f6len hilft es, Frizz zu gl\u00e4tten und die langfristige St\u00e4rke und Ausstrahlung des Haares zu f\u00f6rdern. <\/p>\n<h3>Wie zu verwenden<\/h3>\n<p><strong>Unser Camel Glow Haar\u00f6l kann auf zwei einfache Arten verwendet werden:<\/strong><\/p>\n<ul>\n<li>F\u00fcr Glanz und Frizz-Kontrolle \u2013 Nach dem Styling gut sch\u00fctteln und ein paar Tropfen auf die Haarspitzen auftragen, um abstehende H\u00e4rchen zu gl\u00e4tten und strahlenden Glanz zu verleihen.<\/li>\n<li>Als Kopfhautbehandlung \u2013 Vor dem Shampoonieren gut sch\u00fctteln und das \u00d6l gleichm\u00e4\u00dfig in die Kopfhaut und das Haar einmassieren. 20\u201330 Minuten einwirken lassen, dann aussp\u00fclen und mit Ihrem normalen Shampoo oder Ihrer Routine fortfahren. F\u00fcr beste Ergebnisse 1\u20133 Mal pro Woche wiederholen.  <\/li>\n<\/ul>\n<p>\u2728 Ergebnisse der Kopfhautbehandlung: sichtbare Verbesserungen in nur 90 Tagen, mit Spitzenergebnissen um die 120 Tage. Um die Ergebnisse aufrechtzuerhalten, weiterhin w\u00f6chentlich anwenden. <\/p>\n<p>Besondere Merkmale:<br \/>\n\u2714 100 % vegan<br \/>\n\u2714 unraffinierte, kaltgepresste \u00d6le<br \/>\n\u2714 tierversuchsfrei<br \/>\n\u2714 frei von sch\u00e4dlichen Chemikalien<br \/>\n\u2714 100 % pflanzlich<\/p>\n<p><strong>Gr\u00f6\u00dfe: 47 ml<\/strong><\/p>\n<div style=\"width: 606px;\" class=\"wp-video\"><!--[if lt IE 9]><script>document.createElement('video');<\/script><![endif]-->\n<video class=\"wp-video-shortcode\" id=\"video-361010-1\" width=\"606\" height=\"1080\" preload=\"metadata\" controls=\"controls\"><source type=\"video\/mp4\" src=\"https:\/\/dutchhealthstore.com\/wp-content\/uploads\/2025\/10\/77c84b784eaa40bda9d05c21efdbe75c.HD-1080p-2.5Mbps-12369029.mp4?_=1\" \/><a href=\"https:\/\/dutchhealthstore.com\/wp-content\/uploads\/2025\/10\/77c84b784eaa40bda9d05c21efdbe75c.HD-1080p-2.5Mbps-12369029.mp4\">https:\/\/dutchhealthstore.com\/wp-content\/uploads\/2025\/10\/77c84b784eaa40bda9d05c21efdbe75c.HD-1080p-2.5Mbps-12369029.mp4<\/a><\/video><\/div>\n<h2><\/h2>\n<h2><strong>Nat\u00fcrliche \/ biologische Inhaltsstoffe <\/strong><\/h2>\n<p>Inhaltsstoffe: Vitis Vinifera (Trauben)-Kern\u00f6l, Rosa Canina-Frucht\u00f6l, Glycine Soja (Soja)-\u00d6l (und) Aloe Barbadensis-Blattextrakt, Calendula Officinalis-Bl\u00fcten\u00f6l, Argania Spinosa (Argan)-Nuss\u00f6l, Oenocarpus Bataua (Ungurahui)-\u00d6l, Pentaclethra Macroloba (Pracaxi)-Samen\u00f6l, Sclerocarya Birrea (Marula)-Kern\u00f6l, Tocopherol, Helianthus Annuus-Samen\u00f6l, Rosmarinus Officinalis-Blattextrakt, Ocimum Basilicum (Basilikum)-\u00d6l, Eucalyptus Globulus-Blatt\u00f6l<\/p>\n\n\t<section class=\"section\" id=\"section_1003000687\">\n\t\t<div class=\"section-bg fill\" >\n\t\t\t\t\t\t\t\t\t\n\t\t\t\n\n\t\t<\/div>\n\n\t\t\n\n\t\t<div class=\"section-content relative\">\n\t\t\t\n\n<div class=\"row\"  id=\"row-420175954\">\n\n\n\t<div id=\"col-1279532139\" class=\"col small-12 large-12\"  >\n\t\t\t\t<div class=\"col-inner\"  >\n\t\t\t\n\t\t\t\n\n<div class=\"container section-title-container\" ><h3 class=\"section-title section-title-normal\"><b><\/b><span class=\"section-title-main\" >Die Geschichte des Camel Glow<\/span><b><\/b><\/h3><\/div>\n\n<p data-start=\"387\" data-end=\"627\"><img decoding=\"async\" class=\"alignright size-full wp-image-360249\" src=\"https:\/\/dutchhealthstore.com\/wp-content\/uploads\/2025\/10\/Logo_240x_png.png\" alt=\"\" width=\"240\" height=\"88\" srcset=\"https:\/\/dutchhealthstore.com\/wp-content\/uploads\/2025\/10\/Logo_240x_png.png 240w, https:\/\/dutchhealthstore.com\/wp-content\/uploads\/2025\/10\/Logo_240x_png-136x50.png 136w, https:\/\/dutchhealthstore.com\/wp-content\/uploads\/2025\/10\/Logo_240x_png-64x23.png 64w\" sizes=\"(max-width: 240px) 100vw, 240px\" \/>Die Sch\u00f6nheitsrituale des Nahen Ostens sind von zeitloser Eleganz. Reichhaltige \u00d6le, W\u00fcstenpflanzen und jahrhundertealtes Wissen \u00fcber Haare vereinen sich in tief n\u00e4hrenden Praktiken, die das Haar seit Generationen lang, kr\u00e4ftig und strahlend erhalten. <\/p>\n<p data-start=\"629\" data-end=\"759\">Camel Glow entstand aus der Liebe zu diesen Traditionen \u2013 und dem Traum einer Mutter und Tochter, sie in die Welt zu tragen.<\/p>\n\n\t\t<\/div>\n\t\t\t\t\t<\/div>\n\n\t\n\n<\/div>\n\n\t\t<\/div>\n\n\t\t\n<style>\n#section_1003000687 {\n  padding-top: 30px;\n  padding-bottom: 30px;\n}\n<\/style>\n\t<\/section>\n\t\n","protected":false},"excerpt":{"rendered":"<p>Ein leichtes, revitalisierendes Haar\u00f6l, das vom Ansatz bis zur Spitze st\u00e4rkt und das Haar voller, gl\u00e4nzender und tief gen\u00e4hrt macht.<\/p>\n","protected":false},"featured_media":360059,"comment_status":"open","ping_status":"closed","template":"","meta":[],"product_brand":[],"product_cat":[21848,10089,8580,1032,1210,1910,20899,511],"product_tag":[],"class_list":{"0":"post-361010","1":"product","2":"type-product","3":"status-publish","4":"has-post-thumbnail","6":"product_cat-camel-glow-de","7":"product_cat-hair-oil-de-2","8":"product_cat-hair-de","9":"product_cat-kategorien","10":"product_cat-marken","11":"product_cat-neue-produkte","12":"product_cat-new-additions-haircare-de","13":"product_cat-produkte","14":"pa_brand-camel-glow-de","15":"pa_gtin-6096410752787-de","16":"pa_haircare-productype-hair-oil-de","17":"pa_haircare-productype-scalp-de","18":"pa_size-50-ml-1-6-oz-de","20":"first","21":"instock","22":"taxable","23":"shipping-taxable","24":"purchasable","25":"product-type-simple"},"bundled_by":[],"bundle_stock_status":"instock","bundle_stock_quantity":28,"bundle_virtual":false,"bundle_layout":"","bundle_add_to_cart_form_location":"","bundle_editable_in_cart":false,"bundle_sold_individually_context":"","bundle_item_grouping":"","bundle_min_size":"","bundle_max_size":"","bundle_price":[],"bundled_items":[],"bundle_sell_ids":[361015],"atum_controlled":true,"out_stock_date":null,"out_stock_threshold":null,"inheritable":false,"stock_on_hold":1,"sold_today":0,"sales_last_days":0,"out_stock_days":0,"lost_sales":0,"update_date":"2026-04-15T18:10:22","atum_locations":[],"atum_stock_status":"instock","restock_status":false,"low_stock_amount":"","sales_update_date":"2026-04-15T18:10:22","calc_backorders":null,"group_of_quantity":0,"min_quantity":0,"max_quantity":"","exclude_order_quantity_value_rules":"no","exclude_category_quantity_rules":"no","combine_variations":"no","yoast_head":"<!-- This site is optimized with the Yoast SEO Premium plugin v26.5 (Yoast SEO v26.5) - https:\/\/yoast.com\/wordpress\/plugins\/seo\/ -->\n<title>Nourish &amp; Shine Hair Oil - Camel Glow<\/title>\n<meta name=\"description\" content=\"Ein leichtes, revitalisierendes Haar\u00f6l, das vom Ansatz bis zur Spitze st\u00e4rkt und das Haar voller, gl\u00e4nzender und tief gen\u00e4hrt macht.\" \/>\n<meta name=\"robots\" content=\"index, follow, max-snippet:-1, max-image-preview:large, max-video-preview:-1\" \/>\n<link rel=\"canonical\" href=\"https:\/\/dutchhealthstore.com\/de\/product\/nourish-shine-hair-oil\/\" \/>\n<meta property=\"og:locale\" content=\"de_DE\" \/>\n<meta property=\"og:type\" content=\"article\" \/>\n<meta property=\"og:title\" content=\"Nourish &amp; Shine Hair Oil - Dutch Health Store\" \/>\n<meta property=\"og:description\" content=\"Ein leichtes, revitalisierendes Haar\u00f6l, das vom Ansatz bis zur Spitze st\u00e4rkt und das Haar voller, gl\u00e4nzender und tief gen\u00e4hrt macht.\" \/>\n<meta property=\"og:url\" content=\"https:\/\/dutchhealthstore.com\/de\/product\/nourish-shine-hair-oil\/\" \/>\n<meta property=\"og:site_name\" content=\"Dutch Health Store\" \/>\n<meta property=\"article:publisher\" content=\"https:\/\/www.instagram.com\/dutchhealthstore\/\" \/>\n<meta property=\"article:modified_time\" content=\"2026-03-04T10:58:21+00:00\" \/>\n<meta property=\"og:image\" content=\"https:\/\/dutchhealthstore.com\/wp-content\/uploads\/2025\/10\/camel-glow-hair-oil.jpg\" \/>\n\t<meta property=\"og:image:width\" content=\"530\" \/>\n\t<meta property=\"og:image:height\" content=\"530\" \/>\n\t<meta property=\"og:image:type\" content=\"image\/jpeg\" \/>\n<meta name=\"twitter:card\" content=\"summary_large_image\" \/>\n<meta name=\"twitter:label1\" content=\"Preis\" \/>\n\t<meta name=\"twitter:data1\" content=\"&euro;38,95\" \/>\n\t<meta name=\"twitter:label2\" content=\"Verf\u00fcgbarkeit\" \/>\n\t<meta name=\"twitter:data2\" content=\"Auf Lager\" \/>\n<script type=\"application\/ld+json\" class=\"yoast-schema-graph\">{\"@context\":\"https:\/\/schema.org\",\"@graph\":[{\"@type\":\"WebPage\",\"@id\":\"https:\/\/dutchhealthstore.com\/de\/product\/nourish-shine-hair-oil\/\",\"url\":\"https:\/\/dutchhealthstore.com\/de\/product\/nourish-shine-hair-oil\/\",\"name\":\"Nourish &amp; Shine Hair Oil - Camel Glow\",\"isPartOf\":{\"@id\":\"https:\/\/dutchhealthstore.com\/de\/#website\"},\"primaryImageOfPage\":{\"@id\":\"https:\/\/dutchhealthstore.com\/de\/product\/nourish-shine-hair-oil\/#primaryimage\"},\"image\":{\"@id\":\"https:\/\/dutchhealthstore.com\/de\/product\/nourish-shine-hair-oil\/#primaryimage\"},\"thumbnailUrl\":\"https:\/\/dutchhealthstore.com\/wp-content\/uploads\/2025\/10\/camel-glow-hair-oil.jpg\",\"datePublished\":\"2025-10-30T18:46:34+00:00\",\"dateModified\":\"2026-03-04T10:58:21+00:00\",\"description\":\"Ein leichtes, revitalisierendes Haar\u00f6l, das vom Ansatz bis zur Spitze st\u00e4rkt und das Haar voller, gl\u00e4nzender und tief gen\u00e4hrt macht.\",\"breadcrumb\":{\"@id\":\"https:\/\/dutchhealthstore.com\/de\/product\/nourish-shine-hair-oil\/#breadcrumb\"},\"inLanguage\":\"de\",\"potentialAction\":[{\"@type\":\"ReadAction\",\"target\":[\"https:\/\/dutchhealthstore.com\/de\/product\/nourish-shine-hair-oil\/\"]}]},{\"@type\":\"ImageObject\",\"inLanguage\":\"de\",\"@id\":\"https:\/\/dutchhealthstore.com\/de\/product\/nourish-shine-hair-oil\/#primaryimage\",\"url\":\"https:\/\/dutchhealthstore.com\/wp-content\/uploads\/2025\/10\/camel-glow-hair-oil.jpg\",\"contentUrl\":\"https:\/\/dutchhealthstore.com\/wp-content\/uploads\/2025\/10\/camel-glow-hair-oil.jpg\",\"width\":530,\"height\":530,\"caption\":\"camel-glow-hair-oil\"},{\"@type\":\"BreadcrumbList\",\"@id\":\"https:\/\/dutchhealthstore.com\/de\/product\/nourish-shine-hair-oil\/#breadcrumb\",\"itemListElement\":[{\"@type\":\"ListItem\",\"position\":1,\"name\":\"Home\",\"item\":\"https:\/\/dutchhealthstore.com\/de\/\"},{\"@type\":\"ListItem\",\"position\":2,\"name\":\"Shop\",\"item\":\"https:\/\/dutchhealthstore.com\/de\/shop-2\/\"},{\"@type\":\"ListItem\",\"position\":3,\"name\":\"Nourish &amp; Shine Hair Oil\"}]},{\"@type\":\"WebSite\",\"@id\":\"https:\/\/dutchhealthstore.com\/de\/#website\",\"url\":\"https:\/\/dutchhealthstore.com\/de\/\",\"name\":\"Dutch Health Store\",\"description\":\"Enhance Your Beauty with Organic &amp; Natural Skincare\",\"publisher\":{\"@id\":\"https:\/\/dutchhealthstore.com\/de\/#organization\"},\"potentialAction\":[{\"@type\":\"SearchAction\",\"target\":{\"@type\":\"EntryPoint\",\"urlTemplate\":\"https:\/\/dutchhealthstore.com\/de\/?s={search_term_string}\"},\"query-input\":{\"@type\":\"PropertyValueSpecification\",\"valueRequired\":true,\"valueName\":\"search_term_string\"}}],\"inLanguage\":\"de\"},{\"@type\":\"Organization\",\"@id\":\"https:\/\/dutchhealthstore.com\/de\/#organization\",\"name\":\"Dutch Health Store\",\"url\":\"https:\/\/dutchhealthstore.com\/de\/\",\"logo\":{\"@type\":\"ImageObject\",\"inLanguage\":\"de\",\"@id\":\"https:\/\/dutchhealthstore.com\/de\/#\/schema\/logo\/image\/\",\"url\":\"https:\/\/dutchhealthstore.com\/wp-content\/uploads\/2020\/08\/logo-dutchhealthstore-jpg-e1599484957574.jpg\",\"contentUrl\":\"https:\/\/dutchhealthstore.com\/wp-content\/uploads\/2020\/08\/logo-dutchhealthstore-jpg-e1599484957574.jpg\",\"width\":400,\"height\":62,\"caption\":\"Dutch Health Store\"},\"image\":{\"@id\":\"https:\/\/dutchhealthstore.com\/de\/#\/schema\/logo\/image\/\"},\"sameAs\":[\"https:\/\/www.instagram.com\/dutchhealthstore\/\",\"https:\/\/www.facebook.com\/dutchhealthstore\"]}]}<\/script>\n<meta property=\"product:brand\" content=\"Camel Glow\" \/>\n<meta property=\"product:price:amount\" content=\"38.95\" \/>\n<meta property=\"product:price:currency\" content=\"EUR\" \/>\n<meta property=\"og:availability\" content=\"instock\" \/>\n<meta property=\"product:availability\" content=\"instock\" \/>\n<meta property=\"product:condition\" content=\"new\" \/>\n<!-- \/ Yoast SEO Premium plugin. -->","yoast_head_json":{"title":"Nourish &amp; Shine Hair Oil - Camel Glow","description":"Ein leichtes, revitalisierendes Haar\u00f6l, das vom Ansatz bis zur Spitze st\u00e4rkt und das Haar voller, gl\u00e4nzender und tief gen\u00e4hrt macht.","robots":{"index":"index","follow":"follow","max-snippet":"max-snippet:-1","max-image-preview":"max-image-preview:large","max-video-preview":"max-video-preview:-1"},"canonical":"https:\/\/dutchhealthstore.com\/de\/product\/nourish-shine-hair-oil\/","og_locale":"de_DE","og_type":"article","og_title":"Nourish &amp; Shine Hair Oil - Dutch Health Store","og_description":"Ein leichtes, revitalisierendes Haar\u00f6l, das vom Ansatz bis zur Spitze st\u00e4rkt und das Haar voller, gl\u00e4nzender und tief gen\u00e4hrt macht.","og_url":"https:\/\/dutchhealthstore.com\/de\/product\/nourish-shine-hair-oil\/","og_site_name":"Dutch Health Store","article_publisher":"https:\/\/www.instagram.com\/dutchhealthstore\/","article_modified_time":"2026-03-04T10:58:21+00:00","og_image":[{"width":530,"height":530,"url":"https:\/\/dutchhealthstore.com\/wp-content\/uploads\/2025\/10\/camel-glow-hair-oil.jpg","type":"image\/jpeg"}],"twitter_card":"summary_large_image","twitter_misc":{"Preis":"&euro;38,95","Verf\u00fcgbarkeit":"Auf Lager"},"schema":{"@context":"https:\/\/schema.org","@graph":[{"@type":"WebPage","@id":"https:\/\/dutchhealthstore.com\/de\/product\/nourish-shine-hair-oil\/","url":"https:\/\/dutchhealthstore.com\/de\/product\/nourish-shine-hair-oil\/","name":"Nourish &amp; Shine Hair Oil - Camel Glow","isPartOf":{"@id":"https:\/\/dutchhealthstore.com\/de\/#website"},"primaryImageOfPage":{"@id":"https:\/\/dutchhealthstore.com\/de\/product\/nourish-shine-hair-oil\/#primaryimage"},"image":{"@id":"https:\/\/dutchhealthstore.com\/de\/product\/nourish-shine-hair-oil\/#primaryimage"},"thumbnailUrl":"https:\/\/dutchhealthstore.com\/wp-content\/uploads\/2025\/10\/camel-glow-hair-oil.jpg","datePublished":"2025-10-30T18:46:34+00:00","dateModified":"2026-03-04T10:58:21+00:00","description":"Ein leichtes, revitalisierendes Haar\u00f6l, das vom Ansatz bis zur Spitze st\u00e4rkt und das Haar voller, gl\u00e4nzender und tief gen\u00e4hrt macht.","breadcrumb":{"@id":"https:\/\/dutchhealthstore.com\/de\/product\/nourish-shine-hair-oil\/#breadcrumb"},"inLanguage":"de","potentialAction":[{"@type":"ReadAction","target":["https:\/\/dutchhealthstore.com\/de\/product\/nourish-shine-hair-oil\/"]}]},{"@type":"ImageObject","inLanguage":"de","@id":"https:\/\/dutchhealthstore.com\/de\/product\/nourish-shine-hair-oil\/#primaryimage","url":"https:\/\/dutchhealthstore.com\/wp-content\/uploads\/2025\/10\/camel-glow-hair-oil.jpg","contentUrl":"https:\/\/dutchhealthstore.com\/wp-content\/uploads\/2025\/10\/camel-glow-hair-oil.jpg","width":530,"height":530,"caption":"camel-glow-hair-oil"},{"@type":"BreadcrumbList","@id":"https:\/\/dutchhealthstore.com\/de\/product\/nourish-shine-hair-oil\/#breadcrumb","itemListElement":[{"@type":"ListItem","position":1,"name":"Home","item":"https:\/\/dutchhealthstore.com\/de\/"},{"@type":"ListItem","position":2,"name":"Shop","item":"https:\/\/dutchhealthstore.com\/de\/shop-2\/"},{"@type":"ListItem","position":3,"name":"Nourish &amp; Shine Hair Oil"}]},{"@type":"WebSite","@id":"https:\/\/dutchhealthstore.com\/de\/#website","url":"https:\/\/dutchhealthstore.com\/de\/","name":"Dutch Health Store","description":"Enhance Your Beauty with Organic &amp; Natural Skincare","publisher":{"@id":"https:\/\/dutchhealthstore.com\/de\/#organization"},"potentialAction":[{"@type":"SearchAction","target":{"@type":"EntryPoint","urlTemplate":"https:\/\/dutchhealthstore.com\/de\/?s={search_term_string}"},"query-input":{"@type":"PropertyValueSpecification","valueRequired":true,"valueName":"search_term_string"}}],"inLanguage":"de"},{"@type":"Organization","@id":"https:\/\/dutchhealthstore.com\/de\/#organization","name":"Dutch Health Store","url":"https:\/\/dutchhealthstore.com\/de\/","logo":{"@type":"ImageObject","inLanguage":"de","@id":"https:\/\/dutchhealthstore.com\/de\/#\/schema\/logo\/image\/","url":"https:\/\/dutchhealthstore.com\/wp-content\/uploads\/2020\/08\/logo-dutchhealthstore-jpg-e1599484957574.jpg","contentUrl":"https:\/\/dutchhealthstore.com\/wp-content\/uploads\/2020\/08\/logo-dutchhealthstore-jpg-e1599484957574.jpg","width":400,"height":62,"caption":"Dutch Health Store"},"image":{"@id":"https:\/\/dutchhealthstore.com\/de\/#\/schema\/logo\/image\/"},"sameAs":["https:\/\/www.instagram.com\/dutchhealthstore\/","https:\/\/www.facebook.com\/dutchhealthstore"]}]},"product_brand":"Camel Glow","product_price_amount":"38.95","product_price_currency":"EUR","og_availability":"instock","product_availability":"instock","product_condition":"new"},"_links":{"self":[{"href":"https:\/\/dutchhealthstore.com\/de\/wp-json\/wp\/v2\/product\/361010","targetHints":{"allow":["GET"]}}],"collection":[{"href":"https:\/\/dutchhealthstore.com\/de\/wp-json\/wp\/v2\/product"}],"about":[{"href":"https:\/\/dutchhealthstore.com\/de\/wp-json\/wp\/v2\/types\/product"}],"replies":[{"embeddable":true,"href":"https:\/\/dutchhealthstore.com\/de\/wp-json\/wp\/v2\/comments?post=361010"}],"wp:featuredmedia":[{"embeddable":true,"href":"https:\/\/dutchhealthstore.com\/de\/wp-json\/wp\/v2\/media\/360059"}],"wp:attachment":[{"href":"https:\/\/dutchhealthstore.com\/de\/wp-json\/wp\/v2\/media?parent=361010"}],"wp:term":[{"taxonomy":"product_brand","embeddable":true,"href":"https:\/\/dutchhealthstore.com\/de\/wp-json\/wp\/v2\/product_brand?post=361010"},{"taxonomy":"product_cat","embeddable":true,"href":"https:\/\/dutchhealthstore.com\/de\/wp-json\/wp\/v2\/product_cat?post=361010"},{"taxonomy":"product_tag","embeddable":true,"href":"https:\/\/dutchhealthstore.com\/de\/wp-json\/wp\/v2\/product_tag?post=361010"}],"curies":[{"name":"wp","href":"https:\/\/api.w.org\/{rel}","templated":true}]}}