{"id":360997,"date":"2025-10-30T19:49:00","date_gmt":"2025-10-30T18:49:00","guid":{"rendered":"https:\/\/dutchhealthstore.com\/product\/naehrendes-glaenzendes-shampoo\/"},"modified":"2025-11-05T14:26:38","modified_gmt":"2025-11-05T13:26:38","slug":"naehrendes-glaenzendes-shampoo","status":"publish","type":"product","link":"https:\/\/dutchhealthstore.com\/de\/product\/naehrendes-glaenzendes-shampoo\/","title":{"rendered":"N\u00e4hrendes &amp; gl\u00e4nzendes Shampoo"},"content":{"rendered":"<p>Diese n\u00e4hrstoffreiche Formel hilft, geschw\u00e4chtes, d\u00fcnner werdendes Haar zu revitalisieren und gleichzeitig eine ausgeglichene, gesunde Kopfhaut zu unterst\u00fctzen. Angereichert mit antioxidativen und st\u00e4rkenden Pflanzenstoffen, bietet es Schutz und Glanz und macht das Haar weich, frisch und voller Leben. Seine pH-ausgewogene Zusammensetzung macht es sicher f\u00fcr den t\u00e4glichen Gebrauch und f\u00fcr alle Haartypen geeignet.  <\/p>\n<p>\u2714 100 % vegan \u2714 pflanzlich \u2714 tierversuchsfrei \u2714 frei von sch\u00e4dlichen Chemikalien \u2714 farbsicher \u2714 frei von Silikonen &amp; Parabenen \u2714 Keine k\u00fcnstlichen Farbstoffe<\/p>\n<h3>Wie zu verwenden<\/h3>\n<p>F\u00fcr beste Ergebnisse nach der Kopfhautbehandlung mit Camel Glow Nourish &amp; Shine Hair Oil anwenden. Tragen Sie das Shampoo auf das nasse Haar auf und massieren Sie es sanft mit den Fingerspitzen in die Kopfhaut ein. Gr\u00fcndlich aussp\u00fclen und anschlie\u00dfend den Camel Glow Growth &amp; Shine Conditioner f\u00fcr optimale Feuchtigkeit und Glanz verwenden.  <\/p>\n<p><strong>Gr\u00f6\u00dfe: 250 ml<\/strong><\/p>\n<h3><strong>Wesentliche Bestandteile <\/strong><\/h3>\n<p><a href=\"https:\/\/dutchhealthstore.com\/wp-content\/uploads\/2025\/10\/camel-glow-vitamin-c.jpg\"><img decoding=\"async\" class=\"alignnone size-full wp-image-360939\" src=\"https:\/\/dutchhealthstore.com\/wp-content\/uploads\/2025\/10\/camel-glow-vitamin-c.jpg\" alt=\"camel-glow-vitamin-c\" width=\"250\" height=\"120\" srcset=\"https:\/\/dutchhealthstore.com\/wp-content\/uploads\/2025\/10\/camel-glow-vitamin-c.jpg 250w, https:\/\/dutchhealthstore.com\/wp-content\/uploads\/2025\/10\/camel-glow-vitamin-c-104x50.jpg 104w, https:\/\/dutchhealthstore.com\/wp-content\/uploads\/2025\/10\/camel-glow-vitamin-c-247x120.jpg 247w, https:\/\/dutchhealthstore.com\/wp-content\/uploads\/2025\/10\/camel-glow-vitamin-c-64x31.jpg 64w\" sizes=\"(max-width: 250px) 100vw, 250px\" \/><\/a><\/p>\n<p><strong>Vitamin C<\/strong> hat in Forschungsstudien nachweislich die Bildung von DHT unterdr\u00fcckt, was zu reduziertem Haarausfall f\u00fchrt und das Haarwachstum f\u00f6rdert. Vitamin C ist auch ein bekannter Kollagen-Booster, der ein wichtiger Bestandteil f\u00fcr starkes und gesundes Haarwachstum ist und f\u00fcr Menschen mit stumpfem, bruchanf\u00e4lligem Haar unerl\u00e4sslich ist <\/p>\n<p><a href=\"https:\/\/dutchhealthstore.com\/wp-content\/uploads\/2025\/10\/camel-glow-coconut-cleansers.jpg\"><img decoding=\"async\" class=\"alignnone size-full wp-image-360943\" src=\"https:\/\/dutchhealthstore.com\/wp-content\/uploads\/2025\/10\/camel-glow-coconut-cleansers.jpg\" alt=\"camel-glow-coconut-cleansers\" width=\"250\" height=\"120\" srcset=\"https:\/\/dutchhealthstore.com\/wp-content\/uploads\/2025\/10\/camel-glow-coconut-cleansers.jpg 250w, https:\/\/dutchhealthstore.com\/wp-content\/uploads\/2025\/10\/camel-glow-coconut-cleansers-104x50.jpg 104w, https:\/\/dutchhealthstore.com\/wp-content\/uploads\/2025\/10\/camel-glow-coconut-cleansers-247x120.jpg 247w, https:\/\/dutchhealthstore.com\/wp-content\/uploads\/2025\/10\/camel-glow-coconut-cleansers-64x31.jpg 64w\" sizes=\"(max-width: 250px) 100vw, 250px\" \/><\/a><\/p>\n<p><strong>Kokosnuss-Reiniger<\/strong><br \/>\nWir haben die Superkr\u00e4fte von Wissenschaft und Natur kombiniert, um ein perfektes Gleichgewicht von Reinigungsmitteln zu schaffen, die auf Kokosnussbasis basieren, was sie sanft, aber effektiv bei der Reinigung der Kopfhaut macht. Genie\u00dfen Sie das Gef\u00fchl von Sauberkeit, ohne Ihr Haar jemals auszutrocknen. <\/p>\n<p><a href=\"https:\/\/dutchhealthstore.com\/wp-content\/uploads\/2025\/10\/camel-glow-exoticberries.jpg\"><img decoding=\"async\" class=\"alignnone size-full wp-image-360947\" src=\"https:\/\/dutchhealthstore.com\/wp-content\/uploads\/2025\/10\/camel-glow-exoticberries.jpg\" alt=\"camel-glow-exotic-berries\" width=\"250\" height=\"120\" srcset=\"https:\/\/dutchhealthstore.com\/wp-content\/uploads\/2025\/10\/camel-glow-exoticberries.jpg 250w, https:\/\/dutchhealthstore.com\/wp-content\/uploads\/2025\/10\/camel-glow-exoticberries-104x50.jpg 104w, https:\/\/dutchhealthstore.com\/wp-content\/uploads\/2025\/10\/camel-glow-exoticberries-247x120.jpg 247w, https:\/\/dutchhealthstore.com\/wp-content\/uploads\/2025\/10\/camel-glow-exoticberries-64x31.jpg 64w\" sizes=\"(max-width: 250px) 100vw, 250px\" \/><\/a><\/p>\n<p><strong>Exotische Beeren<\/strong><br \/>\nBeeren enthalten einige der st\u00e4rksten Antioxidantien f\u00fcr die Kopfhaut. Durch die Neutralisierung von Sch\u00e4den durch freie Radikale schaffen diese Antioxidantien die optimale Umgebung f\u00fcr eine gesunde, gl\u00fcckliche Kopfhaut und sind absolut essentiell f\u00fcr das Wachstum von gesundem Haar. Und das T\u00fcpfelchen auf dem i: Diese Antioxidantien f\u00f6rdern gl\u00e4nzendes und kr\u00e4ftiges Haar.  <\/p>\n<p>&nbsp;<\/p>\n<h2><strong>Nat\u00fcrliche \/ biologische Inhaltsstoffe <\/strong><\/h2>\n<p>Inhaltsstoffe: Aqua, Sodium Laureth Sulfate (auf Kokosnussbasis), Cocamidopropyl Betaine, Cocamide Mipa, Decyl Glucoside, Polisorbate 20, Sodium Chloride, PPG-3 Benzyl Ether Myristate, Myrciaria Dubia Fruit Extract, Guar Hydroxypropyltrimonium Chloride, Disodium Edta, PEG-7 Glyceryl Cocoate, (Parfum Myrciaria Dubai Fruit Extract) EthylhexylGlycerin, Phenoxyethanol, Polyquaternium-7, Cetrimonium Chloride, Citric Acid.<\/p>\n<p>&nbsp;<\/p>\n\n\t<section class=\"section\" id=\"section_2080924957\">\n\t\t<div class=\"section-bg fill\" >\n\t\t\t\t\t\t\t\t\t\n\t\t\t\n\n\t\t<\/div>\n\n\t\t\n\n\t\t<div class=\"section-content relative\">\n\t\t\t\n\n<div class=\"row\"  id=\"row-1288080768\">\n\n\n\t<div id=\"col-769859865\" class=\"col small-12 large-12\"  >\n\t\t\t\t<div class=\"col-inner\"  >\n\t\t\t\n\t\t\t\n\n<div class=\"container section-title-container\" ><h3 class=\"section-title section-title-normal\"><b><\/b><span class=\"section-title-main\" >Die Geschichte des Camel Glow<\/span><b><\/b><\/h3><\/div>\n\n<p data-start=\"387\" data-end=\"627\"><img loading=\"lazy\" decoding=\"async\" class=\"alignright size-full wp-image-360249\" src=\"https:\/\/dutchhealthstore.com\/wp-content\/uploads\/2025\/10\/Logo_240x_png.png\" alt=\"\" width=\"240\" height=\"88\" srcset=\"https:\/\/dutchhealthstore.com\/wp-content\/uploads\/2025\/10\/Logo_240x_png.png 240w, https:\/\/dutchhealthstore.com\/wp-content\/uploads\/2025\/10\/Logo_240x_png-136x50.png 136w, https:\/\/dutchhealthstore.com\/wp-content\/uploads\/2025\/10\/Logo_240x_png-64x23.png 64w\" sizes=\"(max-width: 240px) 100vw, 240px\" \/>Die Sch\u00f6nheitsrituale des Nahen Ostens sind von zeitloser Eleganz. Reichhaltige \u00d6le, W\u00fcstenpflanzen und jahrhundertealtes Wissen \u00fcber Haare vereinen sich in tief n\u00e4hrenden Praktiken, die das Haar seit Generationen lang, kr\u00e4ftig und strahlend erhalten. <\/p>\n<p data-start=\"629\" data-end=\"759\">Camel Glow entstand aus der Liebe zu diesen Traditionen \u2013 und dem Traum einer Mutter und Tochter, sie in die Welt zu tragen.<\/p>\n\n\t\t<\/div>\n\t\t\t\t\t<\/div>\n\n\t\n\n<\/div>\n\n\t\t<\/div>\n\n\t\t\n<style>\n#section_2080924957 {\n  padding-top: 30px;\n  padding-bottom: 30px;\n}\n<\/style>\n\t<\/section>\n\t\n","protected":false},"excerpt":{"rendered":"<p>Ein sanftes, pflanzliches Shampoo, das die Kopfhaut gr\u00fcndlich reinigt, ohne ihr die nat\u00fcrliche Feuchtigkeit zu entziehen.<\/p>\n","protected":false},"featured_media":360064,"comment_status":"open","ping_status":"closed","template":"","meta":[],"product_brand":[],"product_cat":[21848,8580,1032,1210,1910,20899,511,8581],"product_tag":[],"class_list":{"0":"post-360997","1":"product","2":"type-product","3":"status-publish","4":"has-post-thumbnail","6":"product_cat-camel-glow-de","7":"product_cat-hair-de","8":"product_cat-kategorien","9":"product_cat-marken","10":"product_cat-neue-produkte","11":"product_cat-new-additions-haircare-de","12":"product_cat-produkte","13":"product_cat-shampoo-de-2","14":"pa_brand-camel-glow-de","15":"pa_gtin-7752999013372-de","16":"pa_haircare-productype-shampoo-de","17":"pa_size-250-ml-de-2","19":"first","20":"instock","21":"taxable","22":"shipping-taxable","23":"purchasable","24":"product-type-simple"},"bundled_by":[],"bundle_stock_status":"instock","bundle_stock_quantity":14,"bundle_virtual":false,"bundle_layout":"","bundle_add_to_cart_form_location":"","bundle_editable_in_cart":false,"bundle_sold_individually_context":"","bundle_item_grouping":"","bundle_min_size":"","bundle_max_size":"","bundle_price":[],"bundled_items":[],"bundle_sell_ids":[361006],"atum_controlled":true,"out_stock_date":null,"out_stock_threshold":null,"inheritable":false,"stock_on_hold":0,"sold_today":0,"sales_last_days":0,"out_stock_days":0,"lost_sales":0,"update_date":"2026-04-06T01:46:17","atum_locations":[],"atum_stock_status":"instock","restock_status":false,"low_stock_amount":"","sales_update_date":"2026-04-06T01:46:17","calc_backorders":null,"group_of_quantity":0,"min_quantity":0,"max_quantity":"","exclude_order_quantity_value_rules":"no","exclude_category_quantity_rules":"no","combine_variations":"no","yoast_head":"<!-- This site is optimized with the Yoast SEO Premium plugin v26.5 (Yoast SEO v26.5) - https:\/\/yoast.com\/wordpress\/plugins\/seo\/ -->\n<title>N\u00e4hrendes &amp; gl\u00e4nzendes Shampoo - Camel Glow<\/title>\n<meta name=\"description\" content=\"Ein sanftes, pflanzliches Shampoo, das die Kopfhaut gr\u00fcndlich reinigt, ohne ihr die nat\u00fcrliche Feuchtigkeit zu entziehen.\" \/>\n<meta name=\"robots\" content=\"index, follow, max-snippet:-1, max-image-preview:large, max-video-preview:-1\" \/>\n<link rel=\"canonical\" href=\"https:\/\/dutchhealthstore.com\/de\/product\/naehrendes-glaenzendes-shampoo\/\" \/>\n<meta property=\"og:locale\" content=\"de_DE\" \/>\n<meta property=\"og:type\" content=\"article\" \/>\n<meta property=\"og:title\" content=\"N\u00e4hrendes &amp; gl\u00e4nzendes Shampoo - Dutch Health Store\" \/>\n<meta property=\"og:description\" content=\"Ein sanftes, pflanzliches Shampoo, das die Kopfhaut gr\u00fcndlich reinigt, ohne ihr die nat\u00fcrliche Feuchtigkeit zu entziehen.\" \/>\n<meta property=\"og:url\" content=\"https:\/\/dutchhealthstore.com\/de\/product\/naehrendes-glaenzendes-shampoo\/\" \/>\n<meta property=\"og:site_name\" content=\"Dutch Health Store\" \/>\n<meta property=\"article:publisher\" content=\"https:\/\/www.instagram.com\/dutchhealthstore\/\" \/>\n<meta property=\"article:modified_time\" content=\"2025-11-05T13:26:38+00:00\" \/>\n<meta property=\"og:image\" content=\"https:\/\/dutchhealthstore.com\/wp-content\/uploads\/2025\/10\/camel-glow-shampoo.jpg\" \/>\n\t<meta property=\"og:image:width\" content=\"530\" \/>\n\t<meta property=\"og:image:height\" content=\"530\" \/>\n\t<meta property=\"og:image:type\" content=\"image\/jpeg\" \/>\n<meta name=\"twitter:card\" content=\"summary_large_image\" \/>\n<meta name=\"twitter:label1\" content=\"Preis\" \/>\n\t<meta name=\"twitter:data1\" content=\"&euro;29,95\" \/>\n\t<meta name=\"twitter:label2\" content=\"Verf\u00fcgbarkeit\" \/>\n\t<meta name=\"twitter:data2\" content=\"Auf Lager\" \/>\n<script type=\"application\/ld+json\" class=\"yoast-schema-graph\">{\"@context\":\"https:\/\/schema.org\",\"@graph\":[{\"@type\":\"WebPage\",\"@id\":\"https:\/\/dutchhealthstore.com\/de\/product\/naehrendes-glaenzendes-shampoo\/\",\"url\":\"https:\/\/dutchhealthstore.com\/de\/product\/naehrendes-glaenzendes-shampoo\/\",\"name\":\"N\u00e4hrendes &amp; gl\u00e4nzendes Shampoo - Camel Glow\",\"isPartOf\":{\"@id\":\"https:\/\/dutchhealthstore.com\/de\/#website\"},\"primaryImageOfPage\":{\"@id\":\"https:\/\/dutchhealthstore.com\/de\/product\/naehrendes-glaenzendes-shampoo\/#primaryimage\"},\"image\":{\"@id\":\"https:\/\/dutchhealthstore.com\/de\/product\/naehrendes-glaenzendes-shampoo\/#primaryimage\"},\"thumbnailUrl\":\"https:\/\/dutchhealthstore.com\/wp-content\/uploads\/2025\/10\/camel-glow-shampoo.jpg\",\"datePublished\":\"2025-10-30T18:49:00+00:00\",\"dateModified\":\"2025-11-05T13:26:38+00:00\",\"description\":\"Ein sanftes, pflanzliches Shampoo, das die Kopfhaut gr\u00fcndlich reinigt, ohne ihr die nat\u00fcrliche Feuchtigkeit zu entziehen.\",\"breadcrumb\":{\"@id\":\"https:\/\/dutchhealthstore.com\/de\/product\/naehrendes-glaenzendes-shampoo\/#breadcrumb\"},\"inLanguage\":\"de\",\"potentialAction\":[{\"@type\":\"ReadAction\",\"target\":[\"https:\/\/dutchhealthstore.com\/de\/product\/naehrendes-glaenzendes-shampoo\/\"]}]},{\"@type\":\"ImageObject\",\"inLanguage\":\"de\",\"@id\":\"https:\/\/dutchhealthstore.com\/de\/product\/naehrendes-glaenzendes-shampoo\/#primaryimage\",\"url\":\"https:\/\/dutchhealthstore.com\/wp-content\/uploads\/2025\/10\/camel-glow-shampoo.jpg\",\"contentUrl\":\"https:\/\/dutchhealthstore.com\/wp-content\/uploads\/2025\/10\/camel-glow-shampoo.jpg\",\"width\":530,\"height\":530,\"caption\":\"camel-glow-shampoo\"},{\"@type\":\"BreadcrumbList\",\"@id\":\"https:\/\/dutchhealthstore.com\/de\/product\/naehrendes-glaenzendes-shampoo\/#breadcrumb\",\"itemListElement\":[{\"@type\":\"ListItem\",\"position\":1,\"name\":\"Home\",\"item\":\"https:\/\/dutchhealthstore.com\/de\/\"},{\"@type\":\"ListItem\",\"position\":2,\"name\":\"Shop\",\"item\":\"https:\/\/dutchhealthstore.com\/de\/shop-2\/\"},{\"@type\":\"ListItem\",\"position\":3,\"name\":\"N\u00e4hrendes &amp; gl\u00e4nzendes Shampoo\"}]},{\"@type\":\"WebSite\",\"@id\":\"https:\/\/dutchhealthstore.com\/de\/#website\",\"url\":\"https:\/\/dutchhealthstore.com\/de\/\",\"name\":\"Dutch Health Store\",\"description\":\"Enhance Your Beauty with Organic &amp; Natural Skincare\",\"publisher\":{\"@id\":\"https:\/\/dutchhealthstore.com\/de\/#organization\"},\"potentialAction\":[{\"@type\":\"SearchAction\",\"target\":{\"@type\":\"EntryPoint\",\"urlTemplate\":\"https:\/\/dutchhealthstore.com\/de\/?s={search_term_string}\"},\"query-input\":{\"@type\":\"PropertyValueSpecification\",\"valueRequired\":true,\"valueName\":\"search_term_string\"}}],\"inLanguage\":\"de\"},{\"@type\":\"Organization\",\"@id\":\"https:\/\/dutchhealthstore.com\/de\/#organization\",\"name\":\"Dutch Health Store\",\"url\":\"https:\/\/dutchhealthstore.com\/de\/\",\"logo\":{\"@type\":\"ImageObject\",\"inLanguage\":\"de\",\"@id\":\"https:\/\/dutchhealthstore.com\/de\/#\/schema\/logo\/image\/\",\"url\":\"https:\/\/dutchhealthstore.com\/wp-content\/uploads\/2020\/08\/logo-dutchhealthstore-jpg-e1599484957574.jpg\",\"contentUrl\":\"https:\/\/dutchhealthstore.com\/wp-content\/uploads\/2020\/08\/logo-dutchhealthstore-jpg-e1599484957574.jpg\",\"width\":400,\"height\":62,\"caption\":\"Dutch Health Store\"},\"image\":{\"@id\":\"https:\/\/dutchhealthstore.com\/de\/#\/schema\/logo\/image\/\"},\"sameAs\":[\"https:\/\/www.instagram.com\/dutchhealthstore\/\",\"https:\/\/www.facebook.com\/dutchhealthstore\"]}]}<\/script>\n<meta property=\"product:brand\" content=\"Camel Glow\" \/>\n<meta property=\"product:price:amount\" content=\"29.95\" \/>\n<meta property=\"product:price:currency\" content=\"EUR\" \/>\n<meta property=\"og:availability\" content=\"instock\" \/>\n<meta property=\"product:availability\" content=\"instock\" \/>\n<meta property=\"product:condition\" content=\"new\" \/>\n<!-- \/ Yoast SEO Premium plugin. -->","yoast_head_json":{"title":"N\u00e4hrendes &amp; gl\u00e4nzendes Shampoo - Camel Glow","description":"Ein sanftes, pflanzliches Shampoo, das die Kopfhaut gr\u00fcndlich reinigt, ohne ihr die nat\u00fcrliche Feuchtigkeit zu entziehen.","robots":{"index":"index","follow":"follow","max-snippet":"max-snippet:-1","max-image-preview":"max-image-preview:large","max-video-preview":"max-video-preview:-1"},"canonical":"https:\/\/dutchhealthstore.com\/de\/product\/naehrendes-glaenzendes-shampoo\/","og_locale":"de_DE","og_type":"article","og_title":"N\u00e4hrendes &amp; gl\u00e4nzendes Shampoo - Dutch Health Store","og_description":"Ein sanftes, pflanzliches Shampoo, das die Kopfhaut gr\u00fcndlich reinigt, ohne ihr die nat\u00fcrliche Feuchtigkeit zu entziehen.","og_url":"https:\/\/dutchhealthstore.com\/de\/product\/naehrendes-glaenzendes-shampoo\/","og_site_name":"Dutch Health Store","article_publisher":"https:\/\/www.instagram.com\/dutchhealthstore\/","article_modified_time":"2025-11-05T13:26:38+00:00","og_image":[{"width":530,"height":530,"url":"https:\/\/dutchhealthstore.com\/wp-content\/uploads\/2025\/10\/camel-glow-shampoo.jpg","type":"image\/jpeg"}],"twitter_card":"summary_large_image","twitter_misc":{"Preis":"&euro;29,95","Verf\u00fcgbarkeit":"Auf Lager"},"schema":{"@context":"https:\/\/schema.org","@graph":[{"@type":"WebPage","@id":"https:\/\/dutchhealthstore.com\/de\/product\/naehrendes-glaenzendes-shampoo\/","url":"https:\/\/dutchhealthstore.com\/de\/product\/naehrendes-glaenzendes-shampoo\/","name":"N\u00e4hrendes &amp; gl\u00e4nzendes Shampoo - Camel Glow","isPartOf":{"@id":"https:\/\/dutchhealthstore.com\/de\/#website"},"primaryImageOfPage":{"@id":"https:\/\/dutchhealthstore.com\/de\/product\/naehrendes-glaenzendes-shampoo\/#primaryimage"},"image":{"@id":"https:\/\/dutchhealthstore.com\/de\/product\/naehrendes-glaenzendes-shampoo\/#primaryimage"},"thumbnailUrl":"https:\/\/dutchhealthstore.com\/wp-content\/uploads\/2025\/10\/camel-glow-shampoo.jpg","datePublished":"2025-10-30T18:49:00+00:00","dateModified":"2025-11-05T13:26:38+00:00","description":"Ein sanftes, pflanzliches Shampoo, das die Kopfhaut gr\u00fcndlich reinigt, ohne ihr die nat\u00fcrliche Feuchtigkeit zu entziehen.","breadcrumb":{"@id":"https:\/\/dutchhealthstore.com\/de\/product\/naehrendes-glaenzendes-shampoo\/#breadcrumb"},"inLanguage":"de","potentialAction":[{"@type":"ReadAction","target":["https:\/\/dutchhealthstore.com\/de\/product\/naehrendes-glaenzendes-shampoo\/"]}]},{"@type":"ImageObject","inLanguage":"de","@id":"https:\/\/dutchhealthstore.com\/de\/product\/naehrendes-glaenzendes-shampoo\/#primaryimage","url":"https:\/\/dutchhealthstore.com\/wp-content\/uploads\/2025\/10\/camel-glow-shampoo.jpg","contentUrl":"https:\/\/dutchhealthstore.com\/wp-content\/uploads\/2025\/10\/camel-glow-shampoo.jpg","width":530,"height":530,"caption":"camel-glow-shampoo"},{"@type":"BreadcrumbList","@id":"https:\/\/dutchhealthstore.com\/de\/product\/naehrendes-glaenzendes-shampoo\/#breadcrumb","itemListElement":[{"@type":"ListItem","position":1,"name":"Home","item":"https:\/\/dutchhealthstore.com\/de\/"},{"@type":"ListItem","position":2,"name":"Shop","item":"https:\/\/dutchhealthstore.com\/de\/shop-2\/"},{"@type":"ListItem","position":3,"name":"N\u00e4hrendes &amp; gl\u00e4nzendes Shampoo"}]},{"@type":"WebSite","@id":"https:\/\/dutchhealthstore.com\/de\/#website","url":"https:\/\/dutchhealthstore.com\/de\/","name":"Dutch Health Store","description":"Enhance Your Beauty with Organic &amp; Natural Skincare","publisher":{"@id":"https:\/\/dutchhealthstore.com\/de\/#organization"},"potentialAction":[{"@type":"SearchAction","target":{"@type":"EntryPoint","urlTemplate":"https:\/\/dutchhealthstore.com\/de\/?s={search_term_string}"},"query-input":{"@type":"PropertyValueSpecification","valueRequired":true,"valueName":"search_term_string"}}],"inLanguage":"de"},{"@type":"Organization","@id":"https:\/\/dutchhealthstore.com\/de\/#organization","name":"Dutch Health Store","url":"https:\/\/dutchhealthstore.com\/de\/","logo":{"@type":"ImageObject","inLanguage":"de","@id":"https:\/\/dutchhealthstore.com\/de\/#\/schema\/logo\/image\/","url":"https:\/\/dutchhealthstore.com\/wp-content\/uploads\/2020\/08\/logo-dutchhealthstore-jpg-e1599484957574.jpg","contentUrl":"https:\/\/dutchhealthstore.com\/wp-content\/uploads\/2020\/08\/logo-dutchhealthstore-jpg-e1599484957574.jpg","width":400,"height":62,"caption":"Dutch Health Store"},"image":{"@id":"https:\/\/dutchhealthstore.com\/de\/#\/schema\/logo\/image\/"},"sameAs":["https:\/\/www.instagram.com\/dutchhealthstore\/","https:\/\/www.facebook.com\/dutchhealthstore"]}]},"product_brand":"Camel Glow","product_price_amount":"29.95","product_price_currency":"EUR","og_availability":"instock","product_availability":"instock","product_condition":"new"},"_links":{"self":[{"href":"https:\/\/dutchhealthstore.com\/de\/wp-json\/wp\/v2\/product\/360997","targetHints":{"allow":["GET"]}}],"collection":[{"href":"https:\/\/dutchhealthstore.com\/de\/wp-json\/wp\/v2\/product"}],"about":[{"href":"https:\/\/dutchhealthstore.com\/de\/wp-json\/wp\/v2\/types\/product"}],"replies":[{"embeddable":true,"href":"https:\/\/dutchhealthstore.com\/de\/wp-json\/wp\/v2\/comments?post=360997"}],"wp:featuredmedia":[{"embeddable":true,"href":"https:\/\/dutchhealthstore.com\/de\/wp-json\/wp\/v2\/media\/360064"}],"wp:attachment":[{"href":"https:\/\/dutchhealthstore.com\/de\/wp-json\/wp\/v2\/media?parent=360997"}],"wp:term":[{"taxonomy":"product_brand","embeddable":true,"href":"https:\/\/dutchhealthstore.com\/de\/wp-json\/wp\/v2\/product_brand?post=360997"},{"taxonomy":"product_cat","embeddable":true,"href":"https:\/\/dutchhealthstore.com\/de\/wp-json\/wp\/v2\/product_cat?post=360997"},{"taxonomy":"product_tag","embeddable":true,"href":"https:\/\/dutchhealthstore.com\/de\/wp-json\/wp\/v2\/product_tag?post=360997"}],"curies":[{"name":"wp","href":"https:\/\/api.w.org\/{rel}","templated":true}]}}